{"id":6308,"date":"2025-05-26T09:38:20","date_gmt":"2025-05-26T09:38:20","guid":{"rendered":"https:\/\/sinoextrud.com\/product\/aluminum-oval-tubing-with-competitive-price\/"},"modified":"2025-06-24T06:10:40","modified_gmt":"2025-06-24T06:10:40","slug":"hlinikove-ovalne-trubky-s-konkurencni-cenou","status":"publish","type":"product","link":"https:\/\/sinoextrud.com\/cs\/product\/aluminum-oval-tubing-with-competitive-price\/","title":{"rendered":"Hlin\u00edkov\u00e9 ov\u00e1ln\u00e9 trubky s konkuren\u010dn\u00ed cenou"},"content":{"rendered":"<h2>Podrobnosti o produktech<\/h2>\n<table class=\"custom-table\">\n<tr>\n<td class=\"label\">Polo\u017eka<\/td>\n<td>Hlin\u00edkov\u00e9 ov\u00e1ln\u00e9 trubky s konkuren\u010dn\u00ed cenou<\/td>\n<\/tr>\n<tr>\n<td class=\"label\">Materi\u00e1l<\/td>\n<td>Slitina 6063 T5<\/td>\n<\/tr>\n<tr>\n<td class=\"label\">Aplikace<\/td>\n<td>Hlin\u00edkov\u00e9 ov\u00e1ln\u00e9 trubky pro konstrukci<\/td>\n<\/tr>\n<tr>\n<td class=\"label\">Certifik\u00e1t<\/td>\n<td>ISO9001, ISO14001<\/td>\n<\/tr>\n<tr>\n<td class=\"label\">Schopnosti<\/td>\n<td>Ro\u010dn\u00ed produkce v\u00edce ne\u017e 60 000 tun<\/td>\n<\/tr>\n<tr>\n<td class=\"label\">Barva<\/td>\n<td>K dispozici na m\u00edru<\/td>\n<\/tr>\n<tr>\n<td class=\"label\">D\u00e9lka<\/td>\n<td>1-9 metr\u016f nebo na m\u00edru<\/td>\n<\/tr>\n<tr>\n<td class=\"label\">Tlou\u0161\u0165ka<\/td>\n<td>P\u0159izp\u016fsoben\u00e9<\/td>\n<\/tr>\n<tr>\n<td class=\"label\">Povrchov\u00e1 \u00faprava<\/td>\n<td>povrchov\u00e1 \u00faprava ml\u00fdnem, eloxov\u00e1n\u00ed, pr\u00e1\u0161kov\u00e9 lakov\u00e1n\u00ed, p\u0159enos d\u0159ev\u011bn\u00fdch zrn, povlakov\u00e1n\u00ed atd.<\/td>\n<\/tr>\n<tr>\n<td class=\"label\">Aplikace<\/td>\n<td>okenn\u00ed a dve\u0159n\u00ed \u010d\u00e1st, z\u00e1bradl\u00ed, z\u00e1v\u011bsov\u00e1 st\u011bna<br \/>Na\u010d\u00edt\u00e1n\u00ed , p\u0159\u00edstav Foshan<\/td>\n<\/tr>\n<tr>\n<td class=\"label\">Platba<\/td>\n<td>T\/T, 30% z\u00e1lohov\u00e1 platba, zat\u00edmco z\u016fstatek bude splacen p\u0159ed dod\u00e1n\u00edm<\/td>\n<\/tr>\n<tr>\n<td class=\"label\">Bal\u00ed\u010dek<\/td>\n<td>1.Inside: baleno s plastovou ochrannou f\u00f3li\u00ed pro ochranu ka\u017ed\u00e9ho profilu<br \/>2.Outside: baleno s vod\u011bodoln\u00fdm \u0159emesln\u00fdm pap\u00edrem<\/td>\n<\/tr>\n<tr>\n<td class=\"label\">Dod\u00e1vka<\/td>\n<td>25-30 dn\u00ed po zaplacen\u00ed z\u00e1lohy<\/td>\n<\/tr>\n<tr>\n<td class=\"label\">Po\u0159ad\u00ed objedn\u00e1vek<\/td>\n<td>1. Potvr\u010fte v\u00fdkresy, povrchovou \u00fapravu a cenu;<br \/>2. Zapla\u0165te poplatek za formu a my za\u010dneme vyr\u00e1b\u011bt formy;<br \/>3. Pro potvrzen\u00ed v\u00e1m za\u0161leme vzorky;<br \/>4. Prove\u010fte platbu z\u00e1lohy 30% a zahajte v\u00fdrobu;<\/td>\n<\/tr>\n<\/table>\n<h2>Na\u0161e v\u00fdrobn\u00ed z\u00e1kladna<\/h2>\n<h3>Panorama tov\u00e1rny<\/h3>\n<p><img decoding=\"async\" src=\"\/wp-content\/uploads\/factory-01.webp\"\/><\/p>\n<h3>D\u00edlna na v\u00fdrobu hlin\u00edkov\u00fdch ty\u010d\u00ed<\/h3>\n<p><img decoding=\"async\" src=\"\/wp-content\/uploads\/factory-02.webp\"\/><\/p>\n<p><img decoding=\"async\" src=\"\/wp-content\/uploads\/factory-03.webp\"\/><\/p>\n<h3>Sklad pl\u00edsn\u00ed<\/h3>\n<p><img decoding=\"async\" src=\"\/wp-content\/uploads\/factory-04.webp\"\/><\/p>\n<h3>43 linek na vytla\u010dov\u00e1n\u00ed hlin\u00edku (500 - 5500 tun)<\/h3>\n<p><img decoding=\"async\" src=\"\/wp-content\/uploads\/factory-05.webp\"\/><\/p>\n<p><img decoding=\"async\" src=\"\/wp-content\/uploads\/factory-06.webp\"\/><\/p>\n<p><img decoding=\"async\" src=\"\/wp-content\/uploads\/factory-07.webp\"\/><\/p>\n<h3>D\u00edlna pr\u00e1\u0161kov\u00e9ho lakov\u00e1n\u00ed<\/h3>\n<p><img decoding=\"async\" src=\"\/wp-content\/uploads\/factory-09.webp\"\/><\/p>\n<h3>D\u00edlna eloxov\u00e1n\u00ed<\/h3>\n<p><img decoding=\"async\" src=\"\/wp-content\/uploads\/factory-10.webp\"\/><\/p>\n<h3>Workshop o hloubkov\u00e9m zpracov\u00e1n\u00ed<\/h3>\n<p><img decoding=\"async\" src=\"\/wp-content\/uploads\/factory-11.webp\"\/><\/p>\n<h3>D\u00edlna CNC p\u0159esn\u00e9ho obr\u00e1b\u011bn\u00ed<\/h3>\n<p><img decoding=\"async\" src=\"\/wp-content\/uploads\/factory-11.5.webp\"\/><\/p>\n<h3>Sklad hotov\u00fdch v\u00fdrobk\u016f a exportn\u00ed sklad<\/h3>\n<p><img decoding=\"async\" src=\"\/wp-content\/uploads\/factory-12.webp\"\/><\/p>\n<p><img decoding=\"async\" src=\"\/wp-content\/uploads\/factory-13.webp\"\/><\/p>\n<p><img decoding=\"async\" src=\"\/wp-content\/uploads\/factory-14.webp\"\/><\/p>\n<h2>\u010cASTO KLADEN\u00c9 DOTAZY<\/h2>\n<p><p><b>1.K \u010demu se pou\u017e\u00edvaj\u00ed hlin\u00edkov\u00e9 ov\u00e1ln\u00e9 trubky?<\/b><\/p>\n<p>Hlin\u00edkov\u00e9 ov\u00e1ln\u00e9 trubky se b\u011b\u017en\u011b pou\u017e\u00edvaj\u00ed v n\u00e1bytk\u00e1\u0159stv\u00ed, automobilov\u00e9m pr\u016fmyslu, n\u00e1mo\u0159nictv\u00ed a architektu\u0159e pro sv\u016fj jedine\u010dn\u00fd tvar, pevnost a n\u00edzkou hmotnost.<br \/>\n<\/p><br \/>\n<br \/>\n<p><b>2.Jak\u00e9 jsou hlavn\u00ed v\u00fdhody hlin\u00edkov\u00fdch ov\u00e1ln\u00fdch trubek s konkurenceschopnou cenou?<\/b><\/p>\n<p>Hlin\u00edkov\u00e9 ov\u00e1ln\u00e9 trubky nab\u00edzej\u00ed vynikaj\u00edc\u00ed rovnov\u00e1hu mezi pevnost\u00ed, odolnost\u00ed proti korozi a cenovou v\u00fdhodnost\u00ed, tak\u017ee jsou ide\u00e1ln\u00ed pro funk\u010dn\u00ed i dekorativn\u00ed pou\u017eit\u00ed.<br \/>\n<\/p><br \/>\n<br \/>\n<p><b>3.Pro\u010d si vybrat ov\u00e1ln\u00e9 hlin\u00edkov\u00e9 trubky m\u00edsto kulat\u00fdch nebo \u010dtvercov\u00fdch?<\/b><\/p>\n<p>Hlin\u00edkov\u00e9 ov\u00e1ln\u00e9 trubky poskytuj\u00ed uhlazen\u00fd, estetick\u00fd vzhled a lep\u0161\u00ed aerodynamiku, tak\u017ee jsou vhodn\u00e9 pro modern\u00ed design a projekty zam\u011b\u0159en\u00e9 na v\u00fdkon.<br \/>\n<\/p><br \/>\n<br \/>\n<p><b>4.Jsou hlin\u00edkov\u00e9 ov\u00e1ln\u00e9 trubky k dispozici za konkurenceschopnou cenu?<\/b><\/p>\n<p>Ano, mnoho dodavatel\u016f nab\u00edz\u00ed hlin\u00edkov\u00e9 ov\u00e1ln\u00e9 trubky za konkurenceschopn\u00e9 ceny p\u0159i zachov\u00e1n\u00ed vysoce kvalitn\u00edch standard\u016f a mo\u017enost\u00ed p\u0159izp\u016fsoben\u00ed.<br \/>\n<\/p><br \/>\n<br \/>\n<p><b>5.Lze hlin\u00edkov\u00e9 ov\u00e1ln\u00e9 trubky p\u0159izp\u016fsobit pro konkr\u00e9tn\u00ed aplikace?<\/b><\/p>\n<p>Ano, hlin\u00edkov\u00e9 ov\u00e1ln\u00e9 trubky lze p\u0159izp\u016fsobit z hlediska velikosti, tlou\u0161\u0165ky st\u011bny, slitiny a povrchov\u00e9 \u00fapravy tak, aby spl\u0148ovaly specifick\u00e9 technick\u00e9 nebo konstruk\u010dn\u00ed po\u017eadavky.<br \/>\n<\/p><br \/>\n<br \/>\n<p><b>6.Jak\u00e9 povrchov\u00e9 \u00fapravy jsou k dispozici pro hlin\u00edkov\u00e9 ov\u00e1ln\u00e9 trubky?<\/b><\/p>\n<p>Mezi b\u011b\u017en\u00e9 povrchov\u00e9 \u00fapravy pat\u0159\u00ed eloxov\u00e1n\u00ed, pr\u00e1\u0161kov\u00e9 lakov\u00e1n\u00ed a fr\u00e9zov\u00e1n\u00ed, kter\u00e9 zvy\u0161uj\u00ed odolnost proti korozi, trvanlivost a vzhled.<br \/>\n<\/p><br \/>\n<br \/>\n<p><b>7.Jsou hlin\u00edkov\u00e9 ov\u00e1ln\u00e9 trubky vhodn\u00e9 do venkovn\u00edho nebo mo\u0159sk\u00e9ho prost\u0159ed\u00ed?<\/b><\/p>\n<p>Ano, hlin\u00edkov\u00e9 ov\u00e1ln\u00e9 trubky jsou vysoce odoln\u00e9 proti korozi a pov\u011btrnostn\u00edm vliv\u016fm, tak\u017ee jsou ide\u00e1ln\u00ed pro venkovn\u00ed a n\u00e1mo\u0159n\u00ed pou\u017eit\u00ed s dlouhou \u017eivotnost\u00ed.<br \/>\n<\/p><br \/><\/p>","protected":false},"featured_media":6307,"template":"","categories":[60],"class_list":["post-6308","product","type-product","status-publish","has-post-thumbnail","hentry","category-general-tubes-and-bars"],"meta_box":{"hilight_text_group":{"product_hilight_text":"<li>Unique oval shape ideal for decorative and structural applications<\/li>\r\r\n<li>Lightweight with good strength and corrosion resistance<\/li>\r\r\n<li>Offered at competitive prices for cost-effective solutions<\/li>\r\r\n<li>Available in various sizes, finishes, and wall thicknesses<\/li>\r\r\n<li>Supports OEM customization and bulk supply<\/li>","product_chanpin_chanpin":"<li><a href=\"https:\/\/sinoextrud.com\/product\/aluminum-irrigation-pipe-for-sale\/\" target=\"_blank\">Aluminum Irrigation Pipe For Sale<\/a><\/li>\r\n<li><a href=\"https:\/\/sinoextrud.com\/product\/professional-aluminium-tubing\/\" target=\"_blank\">Professional Aluminium Tubing<\/a><\/li>\r\n<li><a href=\"https:\/\/sinoextrud.com\/product\/extruded-aluminum-pipe\/\" target=\"_blank\">Extruded Aluminum Pipe<\/a><\/li>\r\n<li><a href=\"https:\/\/sinoextrud.com\/product\/large-diameter-aluminum-pipe-for-sale\/\" target=\"_blank\">Large Diameter Aluminum Pipe For Sale<\/a><\/li>\r\n<li><a href=\"https:\/\/sinoextrud.com\/product\/aluminum-oval-tubing-with-competitive-price\/\" target=\"_blank\">Aluminum Oval Tubing With Competitive Price<\/a><\/li>\r\n<li><a href=\"https:\/\/sinoextrud.com\/product\/anodized-aluminum-alloy-pipe-supplier\/\" target=\"_blank\">Anodized Aluminum Alloy Pipe Supplier<\/a><\/li>\r\n<li><a href=\"https:\/\/sinoextrud.com\/product\/aluminium-extrusion-channel-profiles\/\" target=\"_blank\">Aluminium Extrusion Channel Profiles<\/a><\/li>\r\n<li><a href=\"https:\/\/sinoextrud.com\/product\/round-aluminum-extrusion-profiles\/\" target=\"_blank\">Round Aluminum Extrusion Profiles<\/a><\/li>\r\n<li><a href=\"https:\/\/sinoextrud.com\/product\/extruded-aluminum-stock-shapes\/\" target=\"_blank\">Extruded Aluminum Stock Shapes<\/a><\/li>\r\n<li><a href=\"https:\/\/sinoextrud.com\/product\/thick-wall-large-diameter-aluminium-pipe\/\" target=\"_blank\">Thick Wall Large Diameter Aluminium Pipe<\/a><\/li>\r\n<li><a href=\"https:\/\/sinoextrud.com\/product\/aluminum-profile-t-slot-led-frame\/\" target=\"_blank\">Aluminum Profile T Slot Led Frame<\/a><\/li>"},"feature_list":[]},"_links":{"self":[{"href":"https:\/\/sinoextrud.com\/cs\/wp-json\/wp\/v2\/product\/6308","targetHints":{"allow":["GET"]}}],"collection":[{"href":"https:\/\/sinoextrud.com\/cs\/wp-json\/wp\/v2\/product"}],"about":[{"href":"https:\/\/sinoextrud.com\/cs\/wp-json\/wp\/v2\/types\/product"}],"wp:featuredmedia":[{"embeddable":true,"href":"https:\/\/sinoextrud.com\/cs\/wp-json\/wp\/v2\/media\/6307"}],"wp:attachment":[{"href":"https:\/\/sinoextrud.com\/cs\/wp-json\/wp\/v2\/media?parent=6308"}],"wp:term":[{"taxonomy":"category","embeddable":true,"href":"https:\/\/sinoextrud.com\/cs\/wp-json\/wp\/v2\/categories?post=6308"}],"curies":[{"name":"wp","href":"https:\/\/api.w.org\/{rel}","templated":true}]}}