{"id":6302,"date":"2025-05-26T09:22:52","date_gmt":"2025-05-26T09:22:52","guid":{"rendered":"https:\/\/sinoextrud.com\/product\/professional-aluminium-tubing\/"},"modified":"2025-06-24T06:10:40","modified_gmt":"2025-06-24T06:10:40","slug":"profesionalni-hlinikove-trubky","status":"publish","type":"product","link":"https:\/\/sinoextrud.com\/cs\/product\/professional-aluminium-tubing\/","title":{"rendered":"Profesion\u00e1ln\u00ed hlin\u00edkov\u00e9 trubky"},"content":{"rendered":"<h2>Podrobnosti o produktech<\/h2>\n<table class=\"custom-table\">\n<tr>\n<td class=\"label\">Zna\u010dka<\/td>\n<td>\u010c\u00edna Sinoextrud<\/td>\n<\/tr>\n<tr>\n<td class=\"label\">Typ v\u00fdrobku<\/td>\n<td>profesion\u00e1ln\u00ed hlin\u00edkov\u00e9 trubky, profesion\u00e1ln\u00ed hlin\u00edkov\u00e9 trubky<\/td>\n<\/tr>\n<tr>\n<td class=\"label\">Aplikace<\/td>\n<td>V\u0161echna odv\u011btv\u00ed<\/td>\n<\/tr>\n<tr>\n<td class=\"label\">Pl\u00edse\u0148<\/td>\n<td>V\u00edce ne\u017e 30 000 forem na hlin\u00edkov\u00e9 profily skladem<\/td>\n<\/tr>\n<tr>\n<td class=\"label\">T\u0159\u00edda<\/td>\n<td>Slitina hlin\u00edku \u0159ady 6000<\/td>\n<\/tr>\n<tr>\n<td class=\"label\">Temperament<\/td>\n<td>T3-T8<\/td>\n<\/tr>\n<tr>\n<td class=\"label\">Slu\u017eby<\/td>\n<td>velkoobchod\/OEM\/ODM. CNC vysoce p\u0159esn\u00e1 zak\u00e1zkov\u00e1 v\u00fdroba<\/td>\n<\/tr>\n<tr>\n<td class=\"label\">Tvary<\/td>\n<td>kulat\u00e9, p\u016flkulat\u00e9, \u010dtvrtkulat\u00e9, ov\u00e1ln\u00e9, \u010dtvercov\u00e9, obd\u00e9ln\u00edkov\u00e9, troj\u00faheln\u00edkov\u00e9 atd. M\u016f\u017eete si p\u0159izp\u016fsobit r\u016fzn\u00e9 tvary.<\/td>\n<\/tr>\n<tr>\n<td class=\"label\">Rozm\u011bry<\/td>\n<td>podle na\u0161ich po\u017eadavk\u016f<\/td>\n<\/tr>\n<tr>\n<td class=\"label\">Tolerance<\/td>\n<td>b\u011b\u017en\u00fd hlin\u00edkov\u00fd profil: \u00b10,1 mm<br \/>vysoce p\u0159esn\u00fd hlin\u00edkov\u00fd profil: \u00b10,03 mm<br \/>M\u016f\u017eete si po\u0159\u00eddit vzorek a zkontrolovat jeho p\u0159esnost.<\/td>\n<\/tr>\n<tr>\n<td class=\"label\">Povrchov\u00e1 \u00faprava<\/td>\n<td>eloxov\u00e1n\u00ed, pr\u00e1\u0161kov\u00e9 lakov\u00e1n\u00ed, le\u0161t\u011bn\u00ed, kart\u00e1\u010dov\u00e1n\u00ed, p\u00edskov\u00e1n\u00ed, d\u0159ev\u011bn\u00e9 zrno, PVDF povlak, fluorokarbonov\u00fd povlak, elektrofor\u00e9za atd.<\/td>\n<\/tr>\n<tr>\n<td class=\"label\">Ofici\u00e1ln\u00ed certifikace<\/td>\n<td>ISO 9001, ISO 14001, CE , TUV , SGS, ROHS; certifikace materi\u00e1lu BV; spln\u011bn\u00ed n\u00e1rodn\u00ed normy GB5237-2017<\/td>\n<\/tr>\n<tr>\n<td class=\"label\">Profesion\u00e1ln\u00ed vybaven\u00ed<\/td>\n<td>(1) jedna tov\u00e1rna o rozloze v\u00edce ne\u017e 100 000 metr\u016f \u010dtvere\u010dn\u00edch<br \/>(2) dvacet p\u011bt modern\u00edch za\u0159\u00edzen\u00ed na vytla\u010dov\u00e1n\u00ed hlin\u00edku (600 tun a\u017e 2500 tun)<br \/>(3) dv\u011b p\u00edskovac\u00ed za\u0159\u00edzen\u00ed<br \/>(4) dv\u011b v\u00fdrobn\u00ed linky na eloxov\u00e1n\u00ed (Japonsko)<br \/>(5) dv\u011b v\u00fdrobn\u00ed linky na elektroforetick\u00e9 potahov\u00e1n\u00ed (Korea)<br \/>(6) dv\u011b v\u00fdrobn\u00ed linky na pr\u00e1\u0161kov\u00e9 lakov\u00e1n\u00ed (N\u011bmecko)<br \/>(7) jedna linka na v\u00fdrobu d\u0159ev\u011bn\u00fdch zrn (Korea)<br \/>(8) \u0161est profesion\u00e1ln\u00edch CNC obr\u00e1b\u011bc\u00edch za\u0159\u00edzen\u00ed<br \/>(9) osm v\u00fdrobn\u00edch linek pro \u00fasporu energie a tepelnou izolaci (\u0160v\u00fdcarsko)<br \/>(10) dv\u011b d\u00edlny na taven\u00ed a odl\u00e9v\u00e1n\u00ed hlin\u00edkov\u00fdch ty\u010d\u00ed s v\u00fdkonem 80 000 tun<\/td>\n<\/tr>\n<tr>\n<td class=\"label\">V\u00fdhody produktu<\/td>\n<td>schopn\u00e9 vyr\u00e1b\u011bt super velk\u00e9 hlin\u00edkov\u00e9 profily o pr\u016fm\u011bru nad 300 mm.<\/td>\n<\/tr>\n<\/table>\n<h2>Na\u0161e v\u00fdrobn\u00ed z\u00e1kladna<\/h2>\n<h3>Panorama tov\u00e1rny<\/h3>\n<p><img decoding=\"async\" src=\"\/wp-content\/uploads\/factory-01.webp\"\/><\/p>\n<h3>D\u00edlna na v\u00fdrobu hlin\u00edkov\u00fdch ty\u010d\u00ed<\/h3>\n<p><img decoding=\"async\" src=\"\/wp-content\/uploads\/factory-02.webp\"\/><\/p>\n<p><img decoding=\"async\" src=\"\/wp-content\/uploads\/factory-03.webp\"\/><\/p>\n<h3>Sklad pl\u00edsn\u00ed<\/h3>\n<p><img decoding=\"async\" src=\"\/wp-content\/uploads\/factory-04.webp\"\/><\/p>\n<h3>43 linek na vytla\u010dov\u00e1n\u00ed hlin\u00edku (500-5500 tun)<\/h3>\n<p><img decoding=\"async\" src=\"\/wp-content\/uploads\/factory-05.webp\"\/><\/p>\n<p><img decoding=\"async\" src=\"\/wp-content\/uploads\/factory-06.webp\"\/><\/p>\n<p><img decoding=\"async\" src=\"\/wp-content\/uploads\/factory-07.webp\"\/><\/p>\n<h3>D\u00edlna pr\u00e1\u0161kov\u00e9ho lakov\u00e1n\u00ed<\/h3>\n<p><img decoding=\"async\" src=\"\/wp-content\/uploads\/factory-09.webp\"\/><\/p>\n<h3>D\u00edlna eloxov\u00e1n\u00ed<\/h3>\n<p><img decoding=\"async\" src=\"\/wp-content\/uploads\/factory-10.webp\"\/><\/p>\n<h3>Workshop o hloubkov\u00e9m zpracov\u00e1n\u00ed<\/h3>\n<p><img decoding=\"async\" src=\"\/wp-content\/uploads\/factory-11.webp\"\/><\/p>\n<h3>D\u00edlna CNC p\u0159esn\u00e9ho obr\u00e1b\u011bn\u00ed<\/h3>\n<p><img decoding=\"async\" src=\"\/wp-content\/uploads\/factory-11.5.webp\"\/><\/p>\n<h3>Sklad hotov\u00fdch v\u00fdrobk\u016f a exportn\u00ed sklad<\/h3>\n<p><img decoding=\"async\" src=\"\/wp-content\/uploads\/factory-12.webp\"\/><\/p>\n<p><img decoding=\"async\" src=\"\/wp-content\/uploads\/factory-13.webp\"\/><\/p>\n<p><img decoding=\"async\" src=\"\/wp-content\/uploads\/factory-14.webp\"\/><\/p>\n<h2>\u010cASTO KLADEN\u00c9 DOTAZY<\/h2>\n<p><p><b>1.K \u010demu se pou\u017e\u00edvaj\u00ed profesion\u00e1ln\u00ed hlin\u00edkov\u00e9 trubky?<\/b><\/p>\n<p>Profesion\u00e1ln\u00ed hlin\u00edkov\u00e9 trubky se d\u00edky sv\u00e9 pevnosti, n\u00edzk\u00e9 hmotnosti a univerz\u00e1lnosti hojn\u011b pou\u017e\u00edvaj\u00ed v pr\u016fmyslov\u00fdch odv\u011btv\u00edch, jako je stavebnictv\u00ed, automobilov\u00fd pr\u016fmysl, letectv\u00ed a vzduchotechnika.<br \/>\n<\/p><br \/>\n<br \/>\n<p><b>2.Jak\u00e9 jsou hlavn\u00ed v\u00fdhody profesion\u00e1ln\u00edch hlin\u00edkov\u00fdch trubek?<\/b><\/p>\n<p>Profesion\u00e1ln\u00ed hlin\u00edkov\u00e9 trubky se vyzna\u010duj\u00ed vysok\u00fdm pom\u011brem pevnosti a hmotnosti, odolnost\u00ed proti korozi, tepelnou vodivost\u00ed a snadnou v\u00fdrobou.<br \/>\n<\/p><br \/>\n<br \/>\n<p><b>3.Pro\u010d si vybrat profesion\u00e1ln\u00ed hlin\u00edkov\u00e9 trubky m\u00edsto standardn\u00edch?<\/b><\/p>\n<p>Profesion\u00e1ln\u00ed hlin\u00edkov\u00e9 trubky zaji\u0161\u0165uj\u00ed vy\u0161\u0161\u00ed kvalitu, p\u0159\u00edsn\u011bj\u0161\u00ed tolerance a konzistentn\u00ed v\u00fdkon pro n\u00e1ro\u010dn\u00e9 pr\u016fmyslov\u00e9 a komer\u010dn\u00ed aplikace.<br \/>\n<\/p><br \/>\n<br \/>\n<p><b>4.Can profesion\u00e1ln\u00ed hlin\u00edkov\u00e9 trubky b\u00fdt p\u0159izp\u016fsobeny?<\/b><\/p>\n<p>Ano, hlin\u00edkov\u00e9 trubky lze p\u0159izp\u016fsobit z hlediska pr\u016fm\u011bru, tlou\u0161\u0165ky st\u011bny, d\u00e9lky a povrchov\u00e9 \u00fapravy tak, aby spl\u0148ovaly specifick\u00e9 po\u017eadavky projektu.<br \/>\n<\/p><br \/>\n<br \/>\n<p><b>5.Jak\u00e9 povrchov\u00e9 \u00fapravy jsou k dispozici pro profesion\u00e1ln\u00ed hlin\u00edkov\u00e9 trubky?<\/b><\/p>\n<p>Mezi b\u011b\u017en\u00e9 povrchov\u00e9 \u00fapravy pat\u0159\u00ed eloxov\u00e1n\u00ed, pr\u00e1\u0161kov\u00e9 lakov\u00e1n\u00ed a fr\u00e9zov\u00e1n\u00ed, kter\u00e9 zvy\u0161uj\u00ed trvanlivost, odolnost proti korozi a estetick\u00fd vzhled.<br \/>\n<\/p><br \/>\n<br \/>\n<p><b>6.Jsou profesion\u00e1ln\u00ed hlin\u00edkov\u00e9 trubky vhodn\u00e9 pro venkovn\u00ed pou\u017eit\u00ed?<\/b><\/p>\n<p>Ano, hlin\u00edkov\u00e9 trubky jsou p\u0159irozen\u011b odoln\u00e9 proti korozi a odol\u00e1vaj\u00ed n\u00e1ro\u010dn\u00fdm pov\u011btrnostn\u00edm podm\u00ednk\u00e1m, tak\u017ee jsou ide\u00e1ln\u00ed pro venkovn\u00ed a n\u00e1mo\u0159n\u00ed prost\u0159ed\u00ed.<br \/>\n<\/p><br \/>\n<br \/>\n<p><b>7.Jak profesion\u00e1ln\u00ed hlin\u00edkov\u00e9 trubky podporuj\u00ed udr\u017eiteln\u00e9 in\u017een\u00fdrstv\u00ed?<\/b><\/p>\n<p>Hlin\u00edk je recyklovateln\u00fd a jeho v\u00fdroba je energeticky \u00fasporn\u00e1, tak\u017ee profesion\u00e1ln\u00ed hlin\u00edkov\u00e9 trubky jsou ekologick\u00fdm \u0159e\u0161en\u00edm pro modern\u00ed technick\u00e9 pot\u0159eby.<br \/>\n<\/p><br \/><\/p>","protected":false},"featured_media":6301,"template":"","categories":[60],"class_list":["post-6302","product","type-product","status-publish","has-post-thumbnail","hentry","category-general-tubes-and-bars"],"meta_box":{"hilight_text_group":{"product_hilight_text":"<li>Engineered for high performance in industrial and commercial applications<\/li>\r\r\n<li>Precision manufacturing ensures tight tolerances and smooth finishes<\/li>\r\r\n<li>Excellent strength-to-weight ratio for structural efficiency<\/li>\r\r\n<li>Corrosion-resistant and suitable for harsh environments<\/li>\r\r\n<li>Custom lengths, diameters, and alloys available to meet project needs<\/li>","product_chanpin_chanpin":"<li><a href=\"https:\/\/sinoextrud.com\/product\/extruded-aluminium-profile-for-triangle-and-rectangle-pipe-with-6063-alloy-anodized-mill-finish-surface\/\" target=\"_blank\">Extruded Aluminium Profile For Triangle And Rectangle Pipe With 6063 Alloy Anodized Mill Finish Surface<\/a><\/li>\r\n<li><a href=\"https:\/\/sinoextrud.com\/product\/aluminium-hollow-tube\/\" target=\"_blank\">Aluminium Hollow Tube<\/a><\/li>\r\n<li><a href=\"https:\/\/sinoextrud.com\/product\/customized-6063-extruded-aluminum-flat-bar\/\" target=\"_blank\">Customized 6063 Extruded Aluminum Flat Bar<\/a><\/li>\r\n<li><a href=\"https:\/\/sinoextrud.com\/product\/aluminum-irrigation-pipe-for-sale\/\" target=\"_blank\">Aluminum Irrigation Pipe For Sale<\/a><\/li>\r\n<li><a href=\"https:\/\/sinoextrud.com\/product\/professional-aluminium-tubing\/\" target=\"_blank\">Professional Aluminium Tubing<\/a><\/li>\r\n<li><a href=\"https:\/\/sinoextrud.com\/product\/extruded-aluminum-pipe\/\" target=\"_blank\">Extruded Aluminum Pipe<\/a><\/li>\r\n<li><a href=\"https:\/\/sinoextrud.com\/product\/large-diameter-aluminum-pipe-for-sale\/\" target=\"_blank\">Large Diameter Aluminum Pipe For Sale<\/a><\/li>\r\n<li><a href=\"https:\/\/sinoextrud.com\/product\/aluminum-oval-tubing-with-competitive-price\/\" target=\"_blank\">Aluminum Oval Tubing With Competitive Price<\/a><\/li>\r\n<li><a href=\"https:\/\/sinoextrud.com\/product\/anodized-aluminum-alloy-pipe-supplier\/\" target=\"_blank\">Anodized Aluminum Alloy Pipe Supplier<\/a><\/li>\r\n<li><a href=\"https:\/\/sinoextrud.com\/product\/anodizing-aluminum-picture-photo-frame-brushed-aluminium-frame-for-home-decoration\/\" target=\"_blank\">Anodizing Aluminum Picture Photo Frame Brushed Aluminium Frame For Home Decoration<\/a><\/li>\r\n<li><a href=\"https:\/\/sinoextrud.com\/product\/machined-aluminium-profiles-for-windows-and-doors\/\" target=\"_blank\">Machined Aluminium Profiles For Windows And Doors<\/a><\/li>"},"feature_list":[]},"_links":{"self":[{"href":"https:\/\/sinoextrud.com\/cs\/wp-json\/wp\/v2\/product\/6302","targetHints":{"allow":["GET"]}}],"collection":[{"href":"https:\/\/sinoextrud.com\/cs\/wp-json\/wp\/v2\/product"}],"about":[{"href":"https:\/\/sinoextrud.com\/cs\/wp-json\/wp\/v2\/types\/product"}],"wp:featuredmedia":[{"embeddable":true,"href":"https:\/\/sinoextrud.com\/cs\/wp-json\/wp\/v2\/media\/6301"}],"wp:attachment":[{"href":"https:\/\/sinoextrud.com\/cs\/wp-json\/wp\/v2\/media?parent=6302"}],"wp:term":[{"taxonomy":"category","embeddable":true,"href":"https:\/\/sinoextrud.com\/cs\/wp-json\/wp\/v2\/categories?post=6302"}],"curies":[{"name":"wp","href":"https:\/\/api.w.org\/{rel}","templated":true}]}}