{"id":6298,"date":"2025-05-26T09:16:03","date_gmt":"2025-05-26T09:16:03","guid":{"rendered":"https:\/\/sinoextrud.com\/product\/customized-6063-extruded-aluminum-flat-bar\/"},"modified":"2025-06-24T06:10:37","modified_gmt":"2025-06-24T06:10:37","slug":"prizpusobene-6063-extrudovane-hlinikove-ploche-tyce","status":"publish","type":"product","link":"https:\/\/sinoextrud.com\/cs\/product\/customized-6063-extruded-aluminum-flat-bar\/","title":{"rendered":"P\u0159izp\u016fsoben\u00e9 6063 Extrudovan\u00e9 hlin\u00edkov\u00e9 ploch\u00e9 ty\u010de"},"content":{"rendered":"<h2>Podrobnosti o produktech<\/h2>\n<table class=\"custom-table\">\n<tr>\n<td class=\"label\">Polo\u017eka<\/td>\n<td>P\u0159izp\u016fsoben\u00e9 6063 Extrudovan\u00e9 hlin\u00edkov\u00e9 ploch\u00e9 ty\u010de<\/td>\n<\/tr>\n<tr>\n<td class=\"label\">Materi\u00e1l<\/td>\n<td>Slitina 6063, 6061 nebo podle v\u00fdb\u011bru z\u00e1kazn\u00edka<\/td>\n<\/tr>\n<tr>\n<td class=\"label\">Temperament<\/td>\n<td>T3, T4, T5, T6<\/td>\n<\/tr>\n<tr>\n<td class=\"label\">Povrch<\/td>\n<td>Eloxov\u00e1n\u00ed (\u010dir\u00e9, sat\u00e9nov\u00e9, bronzov\u00e9, \u010dern\u00e9, zlat\u00e9, st\u0159\u00edbrn\u00e9, jin\u00e9 v\u00edcebarevn\u00e9) , elektrofor\u00e9za, pr\u00e1\u0161kov\u00e9 lakov\u00e1n\u00ed, PVDF lakov\u00e1n\u00ed, lakov\u00e1n\u00ed d\u0159eva atd.<\/td>\n<\/tr>\n<tr>\n<td class=\"label\">MOQ<\/td>\n<td>200 kg. Obvykle 12 tun pro 20 stop dlouh\u00fd kontejner; 24 tun pro 40 stop dlouh\u00fd kontejner.<\/td>\n<\/tr>\n<tr>\n<td class=\"label\">Typ profilu<\/td>\n<td>Pr\u016fmysl Hlin\u00edkov\u00fd profil pou\u017e\u00edvan\u00fd v automobilech, vlac\u00edch, stroj\u00edch, p\u0159\u00edv\u011bsech, elektronice, zdravotnictv\u00ed a dal\u0161\u00edch pr\u016fmyslov\u00fdch odv\u011btv\u00edch.<\/td>\n<\/tr>\n<tr>\n<td class=\"label\">Obr\u00e1b\u011bn\u00ed<\/td>\n<td>1. fr\u00e9zov\u00e1n\u00ed; 2. vrt\u00e1n\u00ed; 3. oh\u00fdb\u00e1n\u00ed; 4. \u0159ez\u00e1n\u00ed ...<\/td>\n<\/tr>\n<tr>\n<td class=\"label\">Tvarov\u00e1n\u00ed<\/td>\n<td>1. Pou\u017eit\u00ed na\u0161ich forem, zdarma; 2. Pou\u017eit\u00ed v\u00fdkresu z\u00e1kazn\u00edka, je t\u0159eba zaplatit poplatek za otev\u0159en\u00ed formy.<\/td>\n<\/tr>\n<tr>\n<td class=\"label\">Certifik\u00e1t<\/td>\n<td>ISO14001:2004, ISO9001:2000<\/td>\n<\/tr>\n<\/table>\n<h2>Na\u0161e v\u00fdrobn\u00ed z\u00e1kladna<\/h2>\n<h3>Panorama tov\u00e1rny<\/h3>\n<p><img decoding=\"async\" src=\"\/wp-content\/uploads\/factory-01.webp\"\/><\/p>\n<h3>D\u00edlna na v\u00fdrobu hlin\u00edkov\u00fdch ty\u010d\u00ed<\/h3>\n<p><img decoding=\"async\" src=\"\/wp-content\/uploads\/factory-02.webp\"\/><\/p>\n<\/p>\n<p><img decoding=\"async\" src=\"\/wp-content\/uploads\/factory-03.webp\"\/><\/p>\n<h3>Sklad pl\u00edsn\u00ed<\/h3>\n<p><img decoding=\"async\" src=\"\/wp-content\/uploads\/factory-04.webp\"\/><\/p>\n<h3>43 linek na vytla\u010dov\u00e1n\u00ed hlin\u00edku (500-5500 tun)<\/h3>\n<p><img decoding=\"async\" src=\"\/wp-content\/uploads\/factory-05.webp\"\/><\/p>\n<p><img decoding=\"async\" src=\"\/wp-content\/uploads\/factory-06.webp\"\/><\/p>\n<p><img decoding=\"async\" src=\"\/wp-content\/uploads\/factory-07.webp\"\/><\/p>\n<h3>D\u00edlna pr\u00e1\u0161kov\u00e9ho lakov\u00e1n\u00ed<\/h3>\n<p><img decoding=\"async\" src=\"\/wp-content\/uploads\/factory-09.webp\"\/><\/p>\n<h3>D\u00edlna eloxov\u00e1n\u00ed<\/h3>\n<p><img decoding=\"async\" src=\"\/wp-content\/uploads\/factory-10.webp\"\/><\/p>\n<h3>Workshop o hloubkov\u00e9m zpracov\u00e1n\u00ed<\/h3>\n<p><img decoding=\"async\" src=\"\/wp-content\/uploads\/factory-11.webp\"\/><\/p>\n<h3>D\u00edlna CNC p\u0159esn\u00e9ho obr\u00e1b\u011bn\u00ed<\/h3>\n<p><img decoding=\"async\" src=\"\/wp-content\/uploads\/factory-11.5.webp\"\/><\/p>\n<h3>Sklad hotov\u00fdch v\u00fdrobk\u016f a exportn\u00ed sklad<\/h3>\n<p><img decoding=\"async\" src=\"\/wp-content\/uploads\/factory-12.webp\"\/><\/p>\n<p><img decoding=\"async\" src=\"\/wp-content\/uploads\/factory-13.webp\"\/><\/p>\n<p><img decoding=\"async\" src=\"\/wp-content\/uploads\/factory-14.webp\"\/><\/p>\n<h2>\u010cASTO KLADEN\u00c9 DOTAZY<\/h2>\n<p><b>1.K \u010demu se pou\u017e\u00edv\u00e1 p\u0159izp\u016fsoben\u00e1 ploch\u00e1 ty\u010d z extrudovan\u00e9ho hlin\u00edku 6063?<\/b><\/p>\n<p>P\u0159izp\u016fsoben\u00e9 extrudovan\u00e9 ploch\u00e9 hlin\u00edkov\u00e9 ty\u010de 6063 se d\u00edky sv\u00e9 pevnosti, tvarovatelnosti a elegantn\u00edmu vzhledu pou\u017e\u00edvaj\u00ed ve stavebnictv\u00ed, r\u00e1mov\u00e1n\u00ed, stroj\u00edrenstv\u00ed a dekorativn\u00edch aplikac\u00edch.\n<\/p>\n<p><\/p>\n<p><b>2.Jak\u00e9 jsou v\u00fdhody pou\u017eit\u00ed slitiny 6063 v ploch\u00fdch ty\u010d\u00edch z hlin\u00edku?<\/b><\/p>\n<p>Slitina hlin\u00edku 6063 m\u00e1 vynikaj\u00edc\u00ed odolnost proti korozi, dobrou povrchovou \u00fapravu a vysokou zpracovatelnost, tak\u017ee je ide\u00e1ln\u00ed pro architektonick\u00e9 a konstruk\u010dn\u00ed aplikace.\n<\/p>\n<p><\/p>\n<p><b>3.Pro\u010d si vybrat plochou hlin\u00edkovou ty\u010d na m\u00edru?<\/b><\/p>\n<p>Ploch\u00e9 hlin\u00edkov\u00e9 ty\u010de na m\u00edru umo\u017e\u0148uj\u00ed p\u0159esnou kontrolu rozm\u011br\u016f, toleranc\u00ed a povrchov\u00fdch \u00faprav, co\u017e zaji\u0161\u0165uje kompatibilitu se specifick\u00fdmi po\u017eadavky projektu.\n<\/p>\n<p><\/p>\n<p><b>4.Jak\u00e9 povrchov\u00e9 \u00fapravy jsou k dispozici pro ploch\u00e9 ty\u010de z extrudovan\u00e9ho hlin\u00edku 6063?<\/b><\/p>\n<p>Mezi obl\u00edben\u00e9 povrchov\u00e9 \u00fapravy pat\u0159\u00ed eloxov\u00e1n\u00ed, fr\u00e9zov\u00e1n\u00ed a pr\u00e1\u0161kov\u00e9 lakov\u00e1n\u00ed, kter\u00e9 zvy\u0161uj\u00ed odolnost, ochranu proti korozi a vizu\u00e1ln\u00ed p\u0159ita\u017elivost.\n<\/p>\n<p><\/p>\n<p><b>5.Jsou ploch\u00e9 ty\u010de z extrudovan\u00e9ho hlin\u00edku 6063 vhodn\u00e9 pro venkovn\u00ed pou\u017eit\u00ed?<\/b><\/p>\n<p>Ano, p\u0159i spr\u00e1vn\u00e9 povrchov\u00e9 \u00faprav\u011b jsou ploch\u00e9 ty\u010de z extrudovan\u00e9ho hlin\u00edku 6063 vysoce odoln\u00e9 v\u016f\u010di pov\u011btrnostn\u00edm vliv\u016fm, tak\u017ee jsou ide\u00e1ln\u00ed pro pou\u017eit\u00ed v exteri\u00e9ru.\n<\/p>\n<p><\/p>\n<p><b>6.Jak vytla\u010dov\u00e1n\u00ed zlep\u0161uje vlastnosti hlin\u00edkov\u00fdch ploch\u00fdch ty\u010d\u00ed?<\/b><\/p>\n<p>Vytla\u010dov\u00e1n\u00ed zaji\u0161\u0165uje rovnom\u011brn\u00fd pr\u016f\u0159ez, hladk\u00fd povrch a struktur\u00e1ln\u00ed pevnost, co\u017e zlep\u0161uje v\u00fdkonnost ploch\u00e9 ty\u010de a usnad\u0148uje jej\u00ed v\u00fdrobu.\n<\/p>\n<p><\/p>\n<p><b>7.Is 6063 extrudovan\u00e9 hlin\u00edkov\u00e9 ploch\u00e9 ty\u010de \u0161etrn\u00e9 k \u017eivotn\u00edmu prost\u0159ed\u00ed?<\/b><\/p>\n<p>Ano, hlin\u00edk je pln\u011b recyklovateln\u00fd a energeticky \u00fa\u010dinn\u00fd, tak\u017ee extrudovan\u00e9 ploch\u00e9 ty\u010de 6063 jsou udr\u017eitelnou volbou pro ekologick\u00e9 projekty.\n<\/p>\n<p><\/p>","protected":false},"featured_media":6297,"template":"","categories":[60],"class_list":["post-6298","product","type-product","status-publish","has-post-thumbnail","hentry","category-general-tubes-and-bars"],"meta_box":{"hilight_text_group":{"product_hilight_text":"<li>Manufactured with 6063 alloy for excellent corrosion resistance and formability<\/li>\r\r\n<li>Custom sizes and lengths available to meet specific project requirements<\/li>\r\r\n<li>Ideal for framing, support structures, and decorative applications<\/li>\r\r\n<li>Smooth surface finish suitable for anodizing and powder coating<\/li>\r\r\n<li>High dimensional accuracy ensures easy machining and assembly<\/li>","product_chanpin_chanpin":"<li><a href=\"https:\/\/sinoextrud.com\/product\/round-aluminium-profile\/\" target=\"_blank\">Round Aluminium Profile<\/a><\/li>\r\n<li><a href=\"https:\/\/sinoextrud.com\/product\/aluminium-tube\/\" target=\"_blank\">Aluminium Tube<\/a><\/li>\r\n<li><a href=\"https:\/\/sinoextrud.com\/product\/extruded-aluminium-profile-for-triangle-and-rectangle-pipe-with-6063-alloy-anodized-mill-finish-surface\/\" target=\"_blank\">Extruded Aluminium Profile For Triangle And Rectangle Pipe With 6063 Alloy Anodized Mill Finish Surface<\/a><\/li>\r\n<li><a href=\"https:\/\/sinoextrud.com\/product\/aluminium-hollow-tube\/\" target=\"_blank\">Aluminium Hollow Tube<\/a><\/li>\r\n<li><a href=\"https:\/\/sinoextrud.com\/product\/customized-6063-extruded-aluminum-flat-bar\/\" target=\"_blank\">Customized 6063 Extruded Aluminum Flat Bar<\/a><\/li>\r\n<li><a href=\"https:\/\/sinoextrud.com\/product\/aluminum-irrigation-pipe-for-sale\/\" target=\"_blank\">Aluminum Irrigation Pipe For Sale<\/a><\/li>\r\n<li><a href=\"https:\/\/sinoextrud.com\/product\/professional-aluminium-tubing\/\" target=\"_blank\">Professional Aluminium Tubing<\/a><\/li>\r\n<li><a href=\"https:\/\/sinoextrud.com\/product\/extruded-aluminum-pipe\/\" target=\"_blank\">Extruded Aluminum Pipe<\/a><\/li>\r\n<li><a href=\"https:\/\/sinoextrud.com\/product\/large-diameter-aluminum-pipe-for-sale\/\" target=\"_blank\">Large Diameter Aluminum Pipe For Sale<\/a><\/li>\r\n<li><a href=\"https:\/\/sinoextrud.com\/product\/extruded-aluminium-window-frames\/\" target=\"_blank\">Extruded Aluminium Window Frames<\/a><\/li>\r\n<li><a href=\"https:\/\/sinoextrud.com\/product\/triangular-aluminium-extrusion\/\" target=\"_blank\">Triangular Aluminium Extrusion<\/a><\/li>"},"feature_list":[]},"_links":{"self":[{"href":"https:\/\/sinoextrud.com\/cs\/wp-json\/wp\/v2\/product\/6298","targetHints":{"allow":["GET"]}}],"collection":[{"href":"https:\/\/sinoextrud.com\/cs\/wp-json\/wp\/v2\/product"}],"about":[{"href":"https:\/\/sinoextrud.com\/cs\/wp-json\/wp\/v2\/types\/product"}],"wp:featuredmedia":[{"embeddable":true,"href":"https:\/\/sinoextrud.com\/cs\/wp-json\/wp\/v2\/media\/6297"}],"wp:attachment":[{"href":"https:\/\/sinoextrud.com\/cs\/wp-json\/wp\/v2\/media?parent=6298"}],"wp:term":[{"taxonomy":"category","embeddable":true,"href":"https:\/\/sinoextrud.com\/cs\/wp-json\/wp\/v2\/categories?post=6298"}],"curies":[{"name":"wp","href":"https:\/\/api.w.org\/{rel}","templated":true}]}}