{"id":6294,"date":"2025-05-26T09:07:59","date_gmt":"2025-05-26T09:07:59","guid":{"rendered":"https:\/\/sinoextrud.com\/product\/extruded-aluminium-profile-for-triangle-and-rectangle-pipe-with-6063-alloy-anodized-mill-finish-surface\/"},"modified":"2025-06-24T06:10:37","modified_gmt":"2025-06-24T06:10:37","slug":"vytlacovany-hlinikovy-profil-pro-trojuhelnikove-a-obdelnikove-trubky-s-eloxovanym-povrchem-ze-slitiny-6063","status":"publish","type":"product","link":"https:\/\/sinoextrud.com\/cs\/product\/extruded-aluminium-profile-for-triangle-and-rectangle-pipe-with-6063-alloy-anodized-mill-finish-surface\/","title":{"rendered":"Extrudovan\u00fd hlin\u00edkov\u00fd profil pro troj\u00faheln\u00edk a obd\u00e9ln\u00edk potrub\u00ed s 6063 slitiny eloxovan\u00e9 ml\u00fdnsk\u00e9 povrchov\u00e9 \u00fapravy"},"content":{"rendered":"<h2>Podrobnosti o produktech<\/h2>\n<table class=\"custom-table\">\n<tr>\n<td class=\"label\">Materi\u00e1l<\/td>\n<td>Slitina 6063-T5, 6063-T6, 6061-T5, 6061-T6<\/td>\n<\/tr>\n<tr>\n<td class=\"label\">Aplikace<\/td>\n<td>Hlin\u00edkov\u00e9 profilov\u00e9 troj\u00faheln\u00edkov\u00e9 a obd\u00e9ln\u00edkov\u00e9 trubky<\/td>\n<\/tr>\n<tr>\n<td class=\"label\">Certifik\u00e1t<\/td>\n<td>ISO9001, ISO14001<\/td>\n<\/tr>\n<tr>\n<td class=\"label\">Schopnosti<\/td>\n<td>Ro\u010dn\u00ed produkce v\u00edce ne\u017e 60 000 tun<\/td>\n<\/tr>\n<tr>\n<td class=\"label\">Barva<\/td>\n<td>K dispozici na m\u00edru<\/td>\n<\/tr>\n<tr>\n<td class=\"label\">D\u00e9lka<\/td>\n<td>1-9 metr\u016f nebo na m\u00edru<\/td>\n<\/tr>\n<tr>\n<td class=\"label\">Tlou\u0161\u0165ka<\/td>\n<td>P\u0159izp\u016fsoben\u00e9<\/td>\n<\/tr>\n<tr>\n<td class=\"label\">Povrchov\u00e1 \u00faprava<\/td>\n<td>povrchov\u00e1 \u00faprava ml\u00fdnem, eloxov\u00e1n\u00ed, pr\u00e1\u0161kov\u00e9 lakov\u00e1n\u00ed, p\u0159enos d\u0159ev\u011bn\u00fdch zrn, povlakov\u00e1n\u00ed atd.<\/td>\n<\/tr>\n<tr>\n<td class=\"label\">Aplikace<\/td>\n<td>okenn\u00ed a dve\u0159n\u00ed \u010d\u00e1st, z\u00e1bradl\u00ed, z\u00e1v\u011bsov\u00e1 st\u011bna<br \/>Na\u010d\u00edt\u00e1n\u00ed , p\u0159\u00edstav Foshan<\/td>\n<\/tr>\n<tr>\n<td class=\"label\">Platba<\/td>\n<td>T\/T, 30% z\u00e1lohov\u00e1 platba, zat\u00edmco z\u016fstatek bude splacen p\u0159ed dod\u00e1n\u00edm<\/td>\n<\/tr>\n<tr>\n<td class=\"label\">Bal\u00ed\u010dek<\/td>\n<td>1.Inside: baleno s plastovou ochrannou f\u00f3li\u00ed pro ochranu ka\u017ed\u00e9ho profilu<br \/>2.Outside: baleno s vod\u011bodoln\u00fdm \u0159emesln\u00fdm pap\u00edrem<\/td>\n<\/tr>\n<tr>\n<td class=\"label\">Dod\u00e1vka<\/td>\n<td>25-30 dn\u00ed po zaplacen\u00ed z\u00e1lohy<\/td>\n<\/tr>\n<tr>\n<td class=\"label\">Po\u0159ad\u00ed objedn\u00e1vek<\/td>\n<td>1. Potvr\u010fte v\u00fdkresy, povrchovou \u00fapravu a cenu;<br \/>2. Zapla\u0165te poplatek za formu a my za\u010dneme vyr\u00e1b\u011bt formy;<br \/>3. Pro potvrzen\u00ed v\u00e1m za\u0161leme vzorky;<br \/>4. Prove\u010fte platbu z\u00e1lohy 30% a zahajte v\u00fdrobu;<\/td>\n<\/tr>\n<\/table>\n<h2>Na\u0161e v\u00fdrobn\u00ed z\u00e1kladna<\/h2>\n<h3>Panorama tov\u00e1rny<\/h3>\n<p><img decoding=\"async\" src=\"\/wp-content\/uploads\/factory-01.webp\"\/><\/p>\n<h3>D\u00edlna na v\u00fdrobu hlin\u00edkov\u00fdch ty\u010d\u00ed<\/h3>\n<p><img decoding=\"async\" src=\"\/wp-content\/uploads\/factory-02.webp\"\/><\/p>\n<p><img decoding=\"async\" src=\"\/wp-content\/uploads\/factory-03.webp\"\/><\/p>\n<h3>Sklad pl\u00edsn\u00ed<\/h3>\n<p><img decoding=\"async\" src=\"\/wp-content\/uploads\/factory-04.webp\"\/><\/p>\n<h3>43 linek na vytla\u010dov\u00e1n\u00ed hlin\u00edku (500 - 5500 tun)<\/h3>\n<p><img decoding=\"async\" src=\"\/wp-content\/uploads\/factory-05.webp\"\/><\/p>\n<p><img decoding=\"async\" src=\"\/wp-content\/uploads\/factory-06.webp\"\/><\/p>\n<p><img decoding=\"async\" src=\"\/wp-content\/uploads\/factory-07.webp\"\/><\/p>\n<h3>D\u00edlna pr\u00e1\u0161kov\u00e9ho lakov\u00e1n\u00ed<\/h3>\n<p><img decoding=\"async\" src=\"\/wp-content\/uploads\/factory-09.webp\"\/><\/p>\n<h3>D\u00edlna eloxov\u00e1n\u00ed<\/h3>\n<p><img decoding=\"async\" src=\"\/wp-content\/uploads\/factory-10.webp\"\/><\/p>\n<h3>Workshop o hloubkov\u00e9m zpracov\u00e1n\u00ed<\/h3>\n<p><img decoding=\"async\" src=\"\/wp-content\/uploads\/factory-11.webp\"\/><\/p>\n<h3>D\u00edlna CNC p\u0159esn\u00e9ho obr\u00e1b\u011bn\u00ed<\/h3>\n<p><img decoding=\"async\" src=\"\/wp-content\/uploads\/factory-11.5.webp\"\/><\/p>\n<h3>Sklad hotov\u00fdch v\u00fdrobk\u016f a exportn\u00ed sklad<\/h3>\n<p><img decoding=\"async\" src=\"\/wp-content\/uploads\/factory-12.webp\"\/><\/p>\n<p><img decoding=\"async\" src=\"\/wp-content\/uploads\/factory-13.webp\"\/><\/p>\n<p><img decoding=\"async\" src=\"\/wp-content\/uploads\/factory-14.webp\"\/><\/p>\n<h2>\u010cASTO KLADEN\u00c9 DOTAZY<\/h2>\n<p><p><b>1.K \u010demu se pou\u017e\u00edv\u00e1 extrudovan\u00fd hlin\u00edkov\u00fd profil pro troj\u00faheln\u00edkov\u00e9 a obd\u00e9ln\u00edkov\u00e9 trubky?<\/b><\/p>\n<p>Extrudovan\u00e9 hlin\u00edkov\u00e9 profily pro troj\u00faheln\u00edkov\u00e9 a obd\u00e9ln\u00edkov\u00e9 trubky se d\u00edky sv\u00e9 geometrick\u00e9 univerz\u00e1lnosti a pevnosti b\u011b\u017en\u011b pou\u017e\u00edvaj\u00ed v architektonick\u00fdch, konstruk\u010dn\u00edch a pr\u016fmyslov\u00fdch aplikac\u00edch.<br \/>\n<\/p><br \/>\n<br \/>\n<p><b>2.Jak\u00e9 jsou v\u00fdhody pou\u017eit\u00ed slitiny 6063 u vytla\u010dovan\u00fdch hlin\u00edkov\u00fdch profil\u016f?<\/b><\/p>\n<p>Slitina hlin\u00edku 6063 m\u00e1 vynikaj\u00edc\u00ed odolnost proti korozi, dobrou sva\u0159itelnost a hladk\u00fd povrch, tak\u017ee je ide\u00e1ln\u00ed pro eloxov\u00e1n\u00ed a pou\u017eit\u00ed v architektu\u0159e.<br \/>\n<\/p><br \/>\n<br \/>\n<p><b>3.Pro\u010d si vybrat troj\u00faheln\u00edkov\u00e9 a obd\u00e9ln\u00edkov\u00e9 profily z hlin\u00edkov\u00fdch trubek?<\/b><\/p>\n<p>Troj\u00faheln\u00edkov\u00e9 a obd\u00e9ln\u00edkov\u00e9 hlin\u00edkov\u00e9 profily poskytuj\u00ed jedine\u010dn\u00e9 mo\u017enosti designu, optimalizovan\u00e9 konstruk\u010dn\u00ed vlastnosti a prostorov\u011b \u00fasporn\u00e1 \u0159e\u0161en\u00ed pro r\u016fzn\u00e9 aplikace.<br \/>\n<\/p><br \/>\n<br \/>\n<p><b>4.Jak\u00e9 povrchov\u00e9 \u00fapravy jsou k dispozici pro tyto hlin\u00edkov\u00e9 profily?<\/b><\/p>\n<p>Tyto profily jsou k dispozici v eloxovan\u00e9m a fr\u00e9zovan\u00e9m proveden\u00ed, kter\u00e9 nab\u00edz\u00ed zv\u00fd\u0161enou ochranu proti korozi, odolnost a estetick\u00fd vzhled.<br \/>\n<\/p><br \/>\n<br \/>\n<p><b>5.Jak\u00fd p\u0159\u00ednos m\u00e1 eloxov\u00e1n\u00ed hlin\u00edkov\u00fdch profil\u016f 6063?<\/b><\/p>\n<p>Eloxov\u00e1n\u00ed zvy\u0161uje tvrdost povrchu, odolnost proti korozi a barevnou st\u00e1lost, tak\u017ee hlin\u00edkov\u00e9 profily 6063 jsou odoln\u011bj\u0161\u00ed a atraktivn\u011bj\u0161\u00ed.<br \/>\n<\/p><br \/>\n<br \/>\n<p><b>6.Lze extrudovan\u00e9 troj\u00faheln\u00edkov\u00e9 a obd\u00e9ln\u00edkov\u00e9 hlin\u00edkov\u00e9 trubky p\u0159izp\u016fsobit?<\/b><\/p>\n<p>Ano, lze je navrhnout na m\u00edru, pokud jde o velikost, tlou\u0161\u0165ku st\u011bny a povrchovou \u00fapravu, aby spl\u0148ovaly konkr\u00e9tn\u00ed projektov\u00e9 a funk\u010dn\u00ed po\u017eadavky.<br \/>\n<\/p><br \/>\n<br \/>\n<p><b>7.V jak\u00fdch pr\u016fmyslov\u00fdch odv\u011btv\u00edch se b\u011b\u017en\u011b pou\u017e\u00edvaj\u00ed lisovan\u00e9 hlin\u00edkov\u00e9 profily ze slitiny 6063?<\/b><\/p>\n<p>Pr\u016fmyslov\u00e1 odv\u011btv\u00ed, jako je stavebnictv\u00ed, doprava, n\u00e1bytk\u00e1\u0159stv\u00ed a sol\u00e1rn\u00ed energetika, vyu\u017e\u00edvaj\u00ed hlin\u00edkov\u00e9 profily 6063 pro jejich pevnost, tvarovatelnost a vizu\u00e1ln\u00ed kvalitu.<br \/>\n<\/p><br \/><\/p>","protected":false},"featured_media":6293,"template":"","categories":[60],"class_list":["post-6294","product","type-product","status-publish","has-post-thumbnail","hentry","category-general-tubes-and-bars"],"meta_box":{"hilight_text_group":{"product_hilight_text":"<li>Made from 6063 alloy for excellent strength and corrosion resistance<\/li>\r\r\n<li>Available in triangle and rectangle shapes for versatile structural use<\/li>\r\r\n<li>Extruded with high precision for consistent dimensions and quality<\/li>\r\r\n<li>Surface options include anodized and mill finish for different needs<\/li>\r\r\n<li>Ideal for architectural, construction, and framing applications<\/li>","product_chanpin_chanpin":"<li><a href=\"https:\/\/sinoextrud.com\/product\/oem-aluminum-channel-tube-and-pipe-extrusions-profile-for-constuction\/\" target=\"_blank\">OEM Aluminum Channel Tube And Pipe Extrusions Profile For Constuction<\/a><\/li>\r\n<li><a href=\"https:\/\/sinoextrud.com\/product\/aluminium-curtain-guide-rail\/\" target=\"_blank\">Aluminium Curtain Guide Rail<\/a><\/li>\r\n<li><a href=\"https:\/\/sinoextrud.com\/product\/round-aluminium-profile\/\" target=\"_blank\">Round Aluminium Profile<\/a><\/li>\r\n<li><a href=\"https:\/\/sinoextrud.com\/product\/aluminium-tube\/\" target=\"_blank\">Aluminium Tube<\/a><\/li>\r\n<li><a href=\"https:\/\/sinoextrud.com\/product\/extruded-aluminium-profile-for-triangle-and-rectangle-pipe-with-6063-alloy-anodized-mill-finish-surface\/\" target=\"_blank\">Extruded Aluminium Profile For Triangle And Rectangle Pipe With 6063 Alloy Anodized Mill Finish Surface<\/a><\/li>\r\n<li><a href=\"https:\/\/sinoextrud.com\/product\/aluminium-hollow-tube\/\" target=\"_blank\">Aluminium Hollow Tube<\/a><\/li>\r\n<li><a href=\"https:\/\/sinoextrud.com\/product\/customized-6063-extruded-aluminum-flat-bar\/\" target=\"_blank\">Customized 6063 Extruded Aluminum Flat Bar<\/a><\/li>\r\n<li><a href=\"https:\/\/sinoextrud.com\/product\/aluminum-irrigation-pipe-for-sale\/\" target=\"_blank\">Aluminum Irrigation Pipe For Sale<\/a><\/li>\r\n<li><a href=\"https:\/\/sinoextrud.com\/product\/professional-aluminium-tubing\/\" target=\"_blank\">Professional Aluminium Tubing<\/a><\/li>\r\n<li><a href=\"https:\/\/sinoextrud.com\/product\/anodized-extruded-aluminum-j-channel\/\" target=\"_blank\">Anodized Extruded Aluminum J Channel<\/a><\/li>\r\n<li><a href=\"https:\/\/sinoextrud.com\/product\/linear-rail-aluminium-extrusion\/\" target=\"_blank\">Linear Rail Aluminium Extrusion<\/a><\/li>"},"feature_list":[]},"_links":{"self":[{"href":"https:\/\/sinoextrud.com\/cs\/wp-json\/wp\/v2\/product\/6294","targetHints":{"allow":["GET"]}}],"collection":[{"href":"https:\/\/sinoextrud.com\/cs\/wp-json\/wp\/v2\/product"}],"about":[{"href":"https:\/\/sinoextrud.com\/cs\/wp-json\/wp\/v2\/types\/product"}],"wp:featuredmedia":[{"embeddable":true,"href":"https:\/\/sinoextrud.com\/cs\/wp-json\/wp\/v2\/media\/6293"}],"wp:attachment":[{"href":"https:\/\/sinoextrud.com\/cs\/wp-json\/wp\/v2\/media?parent=6294"}],"wp:term":[{"taxonomy":"category","embeddable":true,"href":"https:\/\/sinoextrud.com\/cs\/wp-json\/wp\/v2\/categories?post=6294"}],"curies":[{"name":"wp","href":"https:\/\/api.w.org\/{rel}","templated":true}]}}