{"id":6288,"date":"2025-05-26T08:59:59","date_gmt":"2025-05-26T08:59:59","guid":{"rendered":"https:\/\/sinoextrud.com\/product\/aluminium-tube\/"},"modified":"2025-06-24T06:10:37","modified_gmt":"2025-06-24T06:10:37","slug":"hlinikova-trubka","status":"publish","type":"product","link":"https:\/\/sinoextrud.com\/cs\/product\/aluminium-tube\/","title":{"rendered":"Hlin\u00edkov\u00e1 trubka"},"content":{"rendered":"<h2>Podrobnosti o produktech<\/h2>\n<table class=\"custom-table\">\n<tr>\n<td class=\"label\">Polo\u017eka<\/td>\n<td>Hlin\u00edkov\u00e9 trubky\/hlin\u00edkov\u00e9 trubky<\/td>\n<\/tr>\n<tr>\n<td class=\"label\">Materi\u00e1l<\/td>\n<td>Slitina hlin\u00edku<\/td>\n<\/tr>\n<tr>\n<td class=\"label\">T\u0159\u00edda<\/td>\n<td>\u0158ada 6000: 6063<\/td>\n<\/tr>\n<tr>\n<td class=\"label\">normy<\/td>\n<td>ASTM, ASME, EN, JIS, DIN, GB\/T atd.<\/td>\n<\/tr>\n<tr>\n<td class=\"label\">Velikost<\/td>\n<td>Vn\u011bj\u0161\u00ed pr\u016fm\u011br: 3-250 mm<br \/>Tlou\u0161\u0165ka st\u011bny: 0,3-50 mm<br \/>D\u00e9lka: 10 mm -6000 mm<\/td>\n<\/tr>\n<tr>\n<td class=\"label\">Povrchov\u00e1 \u00faprava<\/td>\n<td>Povrchov\u00e1 \u00faprava fr\u00e9zov\u00e1n\u00edm<\/td>\n<\/tr>\n<tr>\n<td class=\"label\">Barvy povrchu<\/td>\n<td>P\u0159\u00edroda, st\u0159\u00edbro, bronz, \u0161ampa\u0148sk\u00e9, \u010dern\u00e1, zlat\u00e1 atd.<\/td>\n<\/tr>\n<tr>\n<td class=\"label\">Temperament<\/td>\n<td>T3-T8<\/td>\n<\/tr>\n<tr>\n<td class=\"label\">Tvarov\u00e1n\u00ed\/vzor<\/td>\n<td>Pou\u017eit\u00ed na\u0161ich forem bez poplatku<\/td>\n<\/tr>\n<tr>\n<td class=\"label\">Aplikace<\/td>\n<td>1.architectural vzhled, v\u00fdzdoba interi\u00e9ru: strop, metopu,<\/td>\n<\/tr>\n<\/table>\n<h2>Na\u0161e v\u00fdrobn\u00ed z\u00e1kladna<\/h2>\n<h3>Panorama tov\u00e1rny<\/h3>\n<p><img decoding=\"async\" src=\"\/wp-content\/uploads\/factory-01.webp\"\/><\/p>\n<h3>D\u00edlna na v\u00fdrobu hlin\u00edkov\u00fdch ty\u010d\u00ed<\/h3>\n<p><img decoding=\"async\" src=\"\/wp-content\/uploads\/factory-02.webp\"\/><\/p>\n<\/p>\n<p><img decoding=\"async\" src=\"\/wp-content\/uploads\/factory-03.webp\"\/><\/p>\n<h3>Sklad pl\u00edsn\u00ed<\/h3>\n<p><img decoding=\"async\" src=\"\/wp-content\/uploads\/factory-04.webp\"\/><\/p>\n<h3>43 linek na vytla\u010dov\u00e1n\u00ed hlin\u00edku (500 - 5500 tun)<\/h3>\n<p><img decoding=\"async\" src=\"\/wp-content\/uploads\/factory-05.webp\"\/><\/p>\n<p><img decoding=\"async\" src=\"\/wp-content\/uploads\/factory-06.webp\"\/><\/p>\n<p><img decoding=\"async\" src=\"\/wp-content\/uploads\/factory-07.webp\"\/><\/p>\n<h3>D\u00edlna pr\u00e1\u0161kov\u00e9ho lakov\u00e1n\u00ed<\/h3>\n<p><img decoding=\"async\" src=\"\/wp-content\/uploads\/factory-09.webp\"\/><\/p>\n<h3>D\u00edlna eloxov\u00e1n\u00ed<\/h3>\n<p><img decoding=\"async\" src=\"\/wp-content\/uploads\/factory-10.webp\"\/><\/p>\n<h3>Workshop o hloubkov\u00e9m zpracov\u00e1n\u00ed<\/h3>\n<p><img decoding=\"async\" src=\"\/wp-content\/uploads\/factory-11.webp\"\/><\/p>\n<h3>D\u00edlna CNC p\u0159esn\u00e9ho obr\u00e1b\u011bn\u00ed<\/h3>\n<p><img decoding=\"async\" src=\"\/wp-content\/uploads\/factory-11.5.webp\"\/><\/p>\n<h3>Sklad hotov\u00fdch v\u00fdrobk\u016f a exportn\u00ed sklad<\/h3>\n<p><img decoding=\"async\" src=\"\/wp-content\/uploads\/factory-12.webp\"\/><\/p>\n<p><img decoding=\"async\" src=\"\/wp-content\/uploads\/factory-13.webp\"\/><\/p>\n<p><img decoding=\"async\" src=\"\/wp-content\/uploads\/factory-14.webp\"\/><\/p>\n<h2>\u010cASTO KLADEN\u00c9 DOTAZY<\/h2>\n<p><b>1.K \u010demu se pou\u017e\u00edv\u00e1 hlin\u00edkov\u00e1 trubka?<\/b><\/p>\n<p>Hlin\u00edkov\u00e9 trubky se d\u00edky sv\u00e9 lehkosti, pevnosti a odolnosti proti korozi pou\u017e\u00edvaj\u00ed ve stavebnictv\u00ed, automobilov\u00e9m, leteck\u00e9m a n\u00e1bytk\u00e1\u0159sk\u00e9m pr\u016fmyslu.\n<\/p>\n<p><\/p>\n<p><b>2.Jak\u00e9 jsou hlavn\u00ed v\u00fdhody pou\u017e\u00edv\u00e1n\u00ed hlin\u00edkov\u00fdch trubek?<\/b><\/p>\n<p>Hlin\u00edkov\u00e9 trubky maj\u00ed vynikaj\u00edc\u00ed pom\u011br pevnosti a hmotnosti, odolnost proti korozi, tepelnou vodivost a snadno se \u0159e\u017eou a vyr\u00e1b\u011bj\u00ed.\n<\/p>\n<p><\/p>\n<p><b>3.Pro\u010d si vybrat hlin\u00edkov\u00e9 trubky m\u00edsto ocelov\u00fdch nebo plastov\u00fdch?<\/b><\/p>\n<p>Hlin\u00edkov\u00e9 trubky jsou leh\u010d\u00ed ne\u017e ocelov\u00e9 a odoln\u011bj\u0161\u00ed ne\u017e plastov\u00e9, co\u017e z nich \u010din\u00ed cenov\u011b v\u00fdhodn\u00e9 a trvanliv\u00e9 \u0159e\u0161en\u00ed pro r\u016fzn\u00e9 aplikace.\n<\/p>\n<p><\/p>\n<p><b>4.Lze hlin\u00edkov\u00e9 trubky p\u0159izp\u016fsobit velikosti a tvaru?<\/b><\/p>\n<p>Ano, hlin\u00edkov\u00e9 trubky lze vytla\u010dit na zak\u00e1zku v r\u016fzn\u00fdch pr\u016fm\u011brech, tlou\u0161\u0165k\u00e1ch st\u011bn a d\u00e9lk\u00e1ch, aby spl\u0148ovaly specifick\u00e9 po\u017eadavky projektu.\n<\/p>\n<p><\/p>\n<p><b>5.Jak\u00e9 povrchov\u00e9 \u00fapravy jsou k dispozici pro hlin\u00edkov\u00e9 trubky?<\/b><\/p>\n<p>Mezi b\u011b\u017en\u00e9 povrchov\u00e9 \u00fapravy pat\u0159\u00ed eloxov\u00e1n\u00ed, pr\u00e1\u0161kov\u00e9 lakov\u00e1n\u00ed a le\u0161t\u011bn\u00ed, kter\u00e9 zvy\u0161uj\u00ed trvanlivost, odolnost proti korozi a vzhled.\n<\/p>\n<p><\/p>\n<p><b>6.Jsou hlin\u00edkov\u00e9 trubky vhodn\u00e9 pro venkovn\u00ed a n\u00e1mo\u0159n\u00ed pou\u017eit\u00ed?<\/b><\/p>\n<p>Ano, hlin\u00edkov\u00e9 trubky jsou ide\u00e1ln\u00ed pro venkovn\u00ed a n\u00e1mo\u0159n\u00ed pou\u017eit\u00ed d\u00edky sv\u00e9 p\u0159irozen\u00e9 odolnosti proti korozi a drsn\u00fdm pov\u011btrnostn\u00edm podm\u00ednk\u00e1m.\n<\/p>\n<p><\/p>\n<p><b>7.Jsou hlin\u00edkov\u00e9 trubky \u0161etrn\u00e9 k \u017eivotn\u00edmu prost\u0159ed\u00ed?<\/b><\/p>\n<p>Ano, hlin\u00edk je 100% recyklovateln\u00fd a energeticky \u00fa\u010dinn\u00fd, tak\u017ee hlin\u00edkov\u00e9 trubky jsou udr\u017eitelnou volbou pro ekologick\u00e9 projekty.\n<\/p>\n<p><\/p>","protected":false},"featured_media":6291,"template":"","categories":[60],"class_list":["post-6288","product","type-product","status-publish","has-post-thumbnail","hentry","category-general-tubes-and-bars"],"meta_box":{"hilight_text_group":{"product_hilight_text":"<li>Lightweight yet strong, ideal for structural and mechanical use<\/li>\r\r\n<li>Excellent corrosion resistance for long-term durability<\/li>\r\r\n<li>Available in various shapes and sizes to suit different applications<\/li>\r\r\n<li>Supports custom lengths, wall thicknesses, and finishes<\/li>\r\r\n<li>Suitable for welding, machining, and surface treatment processes<\/li>","product_chanpin_chanpin":"<li><a href=\"https:\/\/sinoextrud.com\/product\/aluminium-tube-suppliers-offer-extruded-aluminium-square-tube-profile-with-anodized-powder-coating-surface-treatment\/\" target=\"_blank\">Aluminium Tube Suppliers Offer Extruded Aluminium Square Tube Profile With Anodized Powder Coating Surface Treatment<\/a><\/li>\r\n<li><a href=\"https:\/\/sinoextrud.com\/product\/oem-aluminum-channel-tube-and-pipe-extrusions-profile-for-constuction\/\" target=\"_blank\">OEM Aluminum Channel Tube And Pipe Extrusions Profile For Constuction<\/a><\/li>\r\n<li><a href=\"https:\/\/sinoextrud.com\/product\/aluminium-curtain-guide-rail\/\" target=\"_blank\">Aluminium Curtain Guide Rail<\/a><\/li>\r\n<li><a href=\"https:\/\/sinoextrud.com\/product\/round-aluminium-profile\/\" target=\"_blank\">Round Aluminium Profile<\/a><\/li>\r\n<li><a href=\"https:\/\/sinoextrud.com\/product\/aluminium-tube\/\" target=\"_blank\">Aluminium Tube<\/a><\/li>\r\n<li><a href=\"https:\/\/sinoextrud.com\/product\/extruded-aluminium-profile-for-triangle-and-rectangle-pipe-with-6063-alloy-anodized-mill-finish-surface\/\" target=\"_blank\">Extruded Aluminium Profile For Triangle And Rectangle Pipe With 6063 Alloy Anodized Mill Finish Surface<\/a><\/li>\r\n<li><a href=\"https:\/\/sinoextrud.com\/product\/aluminium-hollow-tube\/\" target=\"_blank\">Aluminium Hollow Tube<\/a><\/li>\r\n<li><a href=\"https:\/\/sinoextrud.com\/product\/customized-6063-extruded-aluminum-flat-bar\/\" target=\"_blank\">Customized 6063 Extruded Aluminum Flat Bar<\/a><\/li>\r\n<li><a href=\"https:\/\/sinoextrud.com\/product\/aluminum-irrigation-pipe-for-sale\/\" target=\"_blank\">Aluminum Irrigation Pipe For Sale<\/a><\/li>\r\n<li><a href=\"https:\/\/sinoextrud.com\/product\/structural-aluminium-profiles\/\" target=\"_blank\">Structural Aluminium Profiles<\/a><\/li>\r\n<li><a href=\"https:\/\/sinoextrud.com\/product\/slotted-aluminum-profile-export-to-maylsia\/\" target=\"_blank\">Slotted Aluminum Profile Export To Maylsia<\/a><\/li>"},"feature_list":[]},"_links":{"self":[{"href":"https:\/\/sinoextrud.com\/cs\/wp-json\/wp\/v2\/product\/6288","targetHints":{"allow":["GET"]}}],"collection":[{"href":"https:\/\/sinoextrud.com\/cs\/wp-json\/wp\/v2\/product"}],"about":[{"href":"https:\/\/sinoextrud.com\/cs\/wp-json\/wp\/v2\/types\/product"}],"wp:featuredmedia":[{"embeddable":true,"href":"https:\/\/sinoextrud.com\/cs\/wp-json\/wp\/v2\/media\/6291"}],"wp:attachment":[{"href":"https:\/\/sinoextrud.com\/cs\/wp-json\/wp\/v2\/media?parent=6288"}],"wp:term":[{"taxonomy":"category","embeddable":true,"href":"https:\/\/sinoextrud.com\/cs\/wp-json\/wp\/v2\/categories?post=6288"}],"curies":[{"name":"wp","href":"https:\/\/api.w.org\/{rel}","templated":true}]}}