{"id":6284,"date":"2025-05-26T08:55:42","date_gmt":"2025-05-26T08:55:42","guid":{"rendered":"https:\/\/sinoextrud.com\/product\/aluminium-curtain-guide-rail\/"},"modified":"2025-06-24T04:00:13","modified_gmt":"2025-06-24T04:00:13","slug":"hlinikova-vodici-kolejnice-pro-zaclony","status":"publish","type":"product","link":"https:\/\/sinoextrud.com\/cs\/product\/aluminium-curtain-guide-rail\/","title":{"rendered":"Hlin\u00edkov\u00e1 vodic\u00ed kolejnice pro z\u00e1clony"},"content":{"rendered":"<h2>Podrobnosti o produktech<\/h2>\n<table class=\"custom-table\">\n<tr>\n<td class=\"label\">N\u00e1zev polo\u017eky:<\/td>\n<td>Hlin\u00edkov\u00e1 vodic\u00ed kolejnice pro z\u00e1clony<\/td>\n<\/tr>\n<tr>\n<td class=\"label\">Materi\u00e1l:<\/td>\n<td>6063-T5 (slitina \u0159ady 6000)<\/td>\n<\/tr>\n<tr>\n<td class=\"label\">M\u00edrnost:<\/td>\n<td>T5-T6<\/td>\n<\/tr>\n<tr>\n<td class=\"label\">Technologie:<\/td>\n<td>Vytla\u010dov\u00e1n\u00ed hlin\u00edku<\/td>\n<\/tr>\n<tr>\n<td class=\"label\">Povrchov\u00e1 \u00faprava:<\/td>\n<td>Povrchov\u00e1 \u00faprava fr\u00e9zov\u00e1n\u00edm, eloxov\u00e1n\u00edm, pr\u00e1\u0161kov\u00fdm lakov\u00e1n\u00edm, p\u00edskov\u00e1n\u00edm, elektrofor\u00e9zou atd.<\/td>\n<\/tr>\n<tr>\n<td class=\"label\">Barva:<\/td>\n<td>St\u0159\u00edbrn\u00e1 a \u010dern\u00e1 (voliteln\u011b)<\/td>\n<\/tr>\n<tr>\n<td class=\"label\">Velikost:<\/td>\n<td>2020\/2040\/2060\/2080\/4040\/4080 (Optional)<\/td>\n<\/tr>\n<tr>\n<td class=\"label\">D\u00e9lka:<\/td>\n<td>100 mm-3000 mm nebo podle p\u0159\u00e1n\u00ed<\/td>\n<\/tr>\n<tr>\n<td class=\"label\">Hloubkov\u00e9 zpracov\u00e1n\u00ed:<\/td>\n<td>\u0159ez\u00e1n\u00ed, vrt\u00e1n\u00ed, d\u011brov\u00e1n\u00ed, oh\u00fdb\u00e1n\u00ed atd.<\/td>\n<\/tr>\n<tr>\n<td class=\"label\">Kontrola kvality:<\/td>\n<td>1.ISO Schv\u00e1leno.<\/td>\n<\/tr>\n<tr>\n<td class=\"label\">Podrobnosti o balen\u00ed:<\/td>\n<td>1.EP Pap\u00edr uvnit\u0159 pro ka\u017ed\u00fd profil zvl\u00e1\u0161\u0165, pak \u0159emesln\u00fd pap\u00edr venku<\/td>\n<\/tr>\n<tr>\n<td class=\"label\">Dod\u00e1n\u00ed:<\/td>\n<td>3-5 pracovn\u00edch dn\u016f pro vzorek; 3-7 dn\u016f pro mal\u00e9 objedn\u00e1vky; 7-15 dn\u016f pro hromadn\u00e9 objedn\u00e1vky.<\/td>\n<\/tr>\n<tr>\n<td class=\"label\">Platba:<\/td>\n<td>Paypal, Alipay, T\/T (bankovn\u00ed p\u0159evod), Western Union.<\/td>\n<\/tr>\n<tr>\n<td class=\"label\">Hork\u00e9 na objedn\u00e1vku:<\/td>\n<td>\u0158ekn\u011bte n\u00e1m velikost, d\u00e9lku, eloxovanou barvu a mno\u017estv\u00ed, kter\u00e9 pot\u0159ebujete, nejlep\u0161\u00ed cenov\u00e1 nab\u00eddka by byla.<\/td>\n<\/tr>\n<\/table>\n<h2>Na\u0161e v\u00fdrobn\u00ed z\u00e1kladna<\/h2>\n<h3>Panorama tov\u00e1rny<\/h3>\n<p><img decoding=\"async\" src=\"\/wp-content\/uploads\/factory-01.webp\"\/><\/p>\n<h3>D\u00edlna na v\u00fdrobu hlin\u00edkov\u00fdch ty\u010d\u00ed<\/h3>\n<p><img decoding=\"async\" src=\"\/wp-content\/uploads\/factory-02.webp\"\/><\/p>\n<p><img decoding=\"async\" src=\"\/wp-content\/uploads\/factory-03.webp\"\/><\/p>\n<h3>Sklad pl\u00edsn\u00ed<\/h3>\n<p><img decoding=\"async\" src=\"\/wp-content\/uploads\/factory-04.webp\"\/><\/p>\n<h3>43 linek na vytla\u010dov\u00e1n\u00ed hlin\u00edku (500-5500 tun)<\/h3>\n<p><img decoding=\"async\" src=\"\/wp-content\/uploads\/factory-05.webp\"\/><\/p>\n<p><img decoding=\"async\" src=\"\/wp-content\/uploads\/factory-06.webp\"\/><\/p>\n<p><img decoding=\"async\" src=\"\/wp-content\/uploads\/factory-07.webp\"\/><\/p>\n<h3>D\u00edlna pr\u00e1\u0161kov\u00e9ho lakov\u00e1n\u00ed<\/h3>\n<p><img decoding=\"async\" src=\"\/wp-content\/uploads\/factory-09.webp\"\/><\/p>\n<h3>D\u00edlna eloxov\u00e1n\u00ed<\/h3>\n<p><img decoding=\"async\" src=\"\/wp-content\/uploads\/factory-10.webp\"\/><\/p>\n<h3>Workshop o hloubkov\u00e9m zpracov\u00e1n\u00ed<\/h3>\n<p><img decoding=\"async\" src=\"\/wp-content\/uploads\/factory-11.webp\"\/><\/p>\n<h3>D\u00edlna CNC p\u0159esn\u00e9ho obr\u00e1b\u011bn\u00ed<\/h3>\n<p><img decoding=\"async\" src=\"\/wp-content\/uploads\/factory-11.5.webp\"\/><\/p>\n<h3>Sklad hotov\u00fdch v\u00fdrobk\u016f a exportn\u00ed sklad<\/h3>\n<p><img decoding=\"async\" src=\"\/wp-content\/uploads\/factory-12.webp\"\/><\/p>\n<p><img decoding=\"async\" src=\"\/wp-content\/uploads\/factory-13.webp\"\/><\/p>\n<p><img decoding=\"async\" src=\"\/wp-content\/uploads\/factory-14.webp\"\/><\/p>\n<h2>\u010cASTO KLADEN\u00c9 DOTAZY<\/h2>\n<p><p><b>1.K \u010demu se pou\u017e\u00edv\u00e1 hlin\u00edkov\u00e1 vodic\u00ed li\u0161ta z\u00e1clon?<\/b><\/p>\n<p>Hlin\u00edkov\u00e1 vodic\u00ed li\u0161ta z\u00e1clon se pou\u017e\u00edv\u00e1 k podpo\u0159e a veden\u00ed plynul\u00e9ho pohybu z\u00e1clon v obytn\u00fdch, komer\u010dn\u00edch a pr\u016fmyslov\u00fdch prostorech.<br \/>\n<\/p><br \/>\n<br \/>\n<p><b>2.Jak\u00e9 jsou hlavn\u00ed v\u00fdhody pou\u017eit\u00ed hlin\u00edkov\u00fdch vodic\u00edch li\u0161t pro z\u00e1clony?<\/b><\/p>\n<p>Hlin\u00edkov\u00e9 vodic\u00ed kolejnice pro z\u00e1clony se vyzna\u010duj\u00ed n\u00edzkou hmotnost\u00ed, odolnost\u00ed proti korozi a snadnou mont\u00e1\u017e\u00ed, tak\u017ee jsou ide\u00e1ln\u00ed pro dlouhodob\u00e9 pou\u017eit\u00ed.<br \/>\n<\/p><br \/>\n<br \/>\n<p><b>3.Pro\u010d si pro vodic\u00ed li\u0161ty z\u00e1clon vybrat hlin\u00edk a ne jin\u00e9 materi\u00e1ly?<\/b><\/p>\n<p>Hlin\u00edk je odoln\u00fd proti korozi, pevn\u00fd a nen\u00e1ro\u010dn\u00fd na \u00fadr\u017ebu a p\u0159edstavuje elegantn\u00ed a modern\u00ed \u0159e\u0161en\u00ed pro z\u00e1clonov\u00e9 kolejnicov\u00e9 syst\u00e9my.<br \/>\n<\/p><br \/>\n<br \/>\n<p><b>4.Mohou b\u00fdt hlin\u00edkov\u00e9 vodic\u00ed li\u0161ty z\u00e1clon p\u0159izp\u016fsobeny?<\/b><\/p>\n<p>Ano, hlin\u00edkov\u00e9 vodic\u00ed li\u0161ty z\u00e1v\u011bs\u016f lze p\u0159izp\u016fsobit d\u00e9lkou, tvarem a povrchovou \u00fapravou tak, aby odpov\u00eddaly konkr\u00e9tn\u00edm designov\u00fdm a funk\u010dn\u00edm po\u017eadavk\u016fm.<br \/>\n<\/p><br \/>\n<br \/>\n<p><b>5.Jak\u00e9 povrchov\u00e9 \u00fapravy jsou k dispozici pro hlin\u00edkov\u00e9 vodic\u00ed li\u0161ty z\u00e1clon?<\/b><\/p>\n<p>K dispozici jsou povrchov\u00e9 \u00fapravy eloxov\u00e1n\u00edm a pr\u00e1\u0161kov\u00fdm lakov\u00e1n\u00edm, kter\u00e9 zlep\u0161uj\u00ed vzhled, trvanlivost a odolnost proti opot\u0159eben\u00ed a korozi.<br \/>\n<\/p><br \/>\n<br \/>\n<p><b>6.Jsou hlin\u00edkov\u00e9 vodic\u00ed li\u0161ty z\u00e1clon vhodn\u00e9 pro t\u011b\u017ek\u00e9 z\u00e1clony?<\/b><\/p>\n<p>Ano, vysoce kvalitn\u00ed hlin\u00edkov\u00e9 vodic\u00ed li\u0161ty jsou navr\u017eeny tak, aby unesly t\u011b\u017ek\u00e9 z\u00e1v\u011bsy a z\u00e1rove\u0148 zachovaly hladk\u00fd a tich\u00fd chod.<br \/>\n<\/p><br \/>\n<br \/>\n<p><b>7.Jak hlin\u00edkov\u00e9 vodic\u00ed li\u0161ty z\u00e1v\u011bs\u016f zlep\u0161uj\u00ed design interi\u00e9ru?<\/b><\/p>\n<p>D\u00edky \u010dist\u00fdm lini\u00edm a p\u0159izp\u016fsobiteln\u00fdm povrchov\u00fdm \u00faprav\u00e1m se hlin\u00edkov\u00e9 vodic\u00ed li\u0161ty pro z\u00e1clony snadno za\u010dlen\u00ed do r\u016fzn\u00fdch styl\u016f interi\u00e9ru a z\u00e1rove\u0148 dodaj\u00ed modern\u00ed n\u00e1dech.<br \/>\n<\/p><br \/><\/p>","protected":false},"featured_media":6283,"template":"","categories":[60],"class_list":["post-6284","product","type-product","status-publish","has-post-thumbnail","hentry","category-general-tubes-and-bars"],"meta_box":{"hilight_text_group":{"product_hilight_text":"<li>Durable aluminum construction ensures long-lasting performance<\/li>\r\r\n<li>Precision-extruded guide rails for smooth and silent curtain movement<\/li>\r\r\n<li>Available in multiple finishes to match different interior styles<\/li>\r\r\n<li>Easy to install and maintain, saving time and labor costs<\/li>\r\r\n<li>Custom lengths and profiles available for project-specific needs<\/li>","product_chanpin_chanpin":"<li><a href=\"https:\/\/sinoextrud.com\/product\/aluminum-windows-and-doors\/\" target=\"_blank\">Aluminum Windows And Doors<\/a><\/li>\r\n<li><a href=\"https:\/\/sinoextrud.com\/product\/oem-aluminum-extrusion-profile-for-windows-and-doors\/\" target=\"_blank\">OEM Aluminum Extrusion Profile for Windows and Doors<\/a><\/li>\r\n<li><a href=\"https:\/\/sinoextrud.com\/product\/aluminium-tube-suppliers-offer-extruded-aluminium-square-tube-profile-with-anodized-powder-coating-surface-treatment\/\" target=\"_blank\">Aluminium Tube Suppliers Offer Extruded Aluminium Square Tube Profile With Anodized Powder Coating Surface Treatment<\/a><\/li>\r\n<li><a href=\"https:\/\/sinoextrud.com\/product\/oem-aluminum-channel-tube-and-pipe-extrusions-profile-for-constuction\/\" target=\"_blank\">OEM Aluminum Channel Tube And Pipe Extrusions Profile For Constuction<\/a><\/li>\r\n<li><a href=\"https:\/\/sinoextrud.com\/product\/aluminium-curtain-guide-rail\/\" target=\"_blank\">Aluminium Curtain Guide Rail<\/a><\/li>\r\n<li><a href=\"https:\/\/sinoextrud.com\/product\/round-aluminium-profile\/\" target=\"_blank\">Round Aluminium Profile<\/a><\/li>\r\n<li><a href=\"https:\/\/sinoextrud.com\/product\/aluminium-tube\/\" target=\"_blank\">Aluminium Tube<\/a><\/li>\r\n<li><a href=\"https:\/\/sinoextrud.com\/product\/extruded-aluminium-profile-for-triangle-and-rectangle-pipe-with-6063-alloy-anodized-mill-finish-surface\/\" target=\"_blank\">Extruded Aluminium Profile For Triangle And Rectangle Pipe With 6063 Alloy Anodized Mill Finish Surface<\/a><\/li>\r\n<li><a href=\"https:\/\/sinoextrud.com\/product\/aluminium-hollow-tube\/\" target=\"_blank\">Aluminium Hollow Tube<\/a><\/li>\r\n<li><a href=\"https:\/\/sinoextrud.com\/product\/expanded-metal-aluminium-profiles-partition-frame-for-bathroom-doors-busch-polish-light-top-a-grade\/\" target=\"_blank\">expanded metal aluminium profiles partition frame for bathroom doors busch polish light top a grade<\/a><\/li>\r\n<li><a href=\"https:\/\/sinoextrud.com\/product\/powder-coating-surface-aluminum-profile\/\" target=\"_blank\">Powder Coating Surface Aluminum Profile<\/a><\/li>"},"feature_list":[]},"_links":{"self":[{"href":"https:\/\/sinoextrud.com\/cs\/wp-json\/wp\/v2\/product\/6284","targetHints":{"allow":["GET"]}}],"collection":[{"href":"https:\/\/sinoextrud.com\/cs\/wp-json\/wp\/v2\/product"}],"about":[{"href":"https:\/\/sinoextrud.com\/cs\/wp-json\/wp\/v2\/types\/product"}],"wp:featuredmedia":[{"embeddable":true,"href":"https:\/\/sinoextrud.com\/cs\/wp-json\/wp\/v2\/media\/6283"}],"wp:attachment":[{"href":"https:\/\/sinoextrud.com\/cs\/wp-json\/wp\/v2\/media?parent=6284"}],"wp:term":[{"taxonomy":"category","embeddable":true,"href":"https:\/\/sinoextrud.com\/cs\/wp-json\/wp\/v2\/categories?post=6284"}],"curies":[{"name":"wp","href":"https:\/\/api.w.org\/{rel}","templated":true}]}}