{"id":6276,"date":"2025-05-26T07:30:56","date_gmt":"2025-05-26T07:30:56","guid":{"rendered":"https:\/\/sinoextrud.com\/product\/aluminum-windows-and-doors\/"},"modified":"2025-06-24T03:59:47","modified_gmt":"2025-06-24T03:59:47","slug":"hlinikova-okna-a-dvere","status":"publish","type":"product","link":"https:\/\/sinoextrud.com\/cs\/product\/aluminum-windows-and-doors\/","title":{"rendered":"Hlin\u00edkov\u00e1 okna a dve\u0159e"},"content":{"rendered":"<h2>Podrobnosti o produktech<\/h2>\n<table class=\"custom-table\">\n<tr>\n<td class=\"label\">Materi\u00e1l<\/td>\n<td>Slitina 6063 T5<\/td>\n<\/tr>\n<tr>\n<td class=\"label\">Aplikace<\/td>\n<td>Hlin\u00edkov\u00e1 okna a dve\u0159e<\/td>\n<\/tr>\n<tr>\n<td class=\"label\">Certifik\u00e1t<\/td>\n<td>ISO9001, ISO14001<\/td>\n<\/tr>\n<tr>\n<td class=\"label\">Schopnosti<\/td>\n<td>Ro\u010dn\u00ed produkce v\u00edce ne\u017e 60 000 tun<\/td>\n<\/tr>\n<tr>\n<td class=\"label\">Barva<\/td>\n<td>K dispozici na m\u00edru<\/td>\n<\/tr>\n<tr>\n<td class=\"label\">D\u00e9lka<\/td>\n<td>1-9 metr\u016f nebo na m\u00edru<\/td>\n<\/tr>\n<tr>\n<td class=\"label\">Tlou\u0161\u0165ka<\/td>\n<td>P\u0159izp\u016fsoben\u00e9<\/td>\n<\/tr>\n<tr>\n<td class=\"label\">Povrchov\u00e1 \u00faprava<\/td>\n<td>povrchov\u00e1 \u00faprava ml\u00fdnem, eloxov\u00e1n\u00ed, pr\u00e1\u0161kov\u00e9 lakov\u00e1n\u00ed, p\u0159enos d\u0159ev\u011bn\u00fdch zrn, kart\u00e1\u010dov\u00e1n\u00ed, le\u0161t\u011bn\u00ed, elektrofor\u00e9za atd.<\/td>\n<\/tr>\n<tr>\n<td class=\"label\">Aplikace<\/td>\n<td>hlin\u00edkov\u00fd okenn\u00ed a dve\u0159n\u00ed profil, z\u00e1v\u011bsov\u00e1 st\u011bna<\/td>\n<\/tr>\n<tr>\n<td class=\"label\">Nakl\u00e1dac\u00ed port<\/td>\n<td>Foshan, Shenzhen, Guangzhou<\/td>\n<\/tr>\n<tr>\n<td class=\"label\">Platba<\/td>\n<td>T\/T, 30% z\u00e1lohov\u00e1 platba, zat\u00edmco z\u016fstatek bude splacen p\u0159ed dod\u00e1n\u00edm<\/td>\n<\/tr>\n<tr>\n<td class=\"label\">Bal\u00ed\u010dek<\/td>\n<td>1.Inside: baleno s plastovou ochrannou f\u00f3li\u00ed pro ochranu ka\u017ed\u00e9ho profilu<br \/>2.Outside: baleno s vod\u011bodoln\u00fdm \u0159emesln\u00fdm pap\u00edrem<\/td>\n<\/tr>\n<tr>\n<td class=\"label\">Dod\u00e1vka<\/td>\n<td>25-30 dn\u00ed po zaplacen\u00ed z\u00e1lohy<\/td>\n<\/tr>\n<tr>\n<td class=\"label\">Po\u0159ad\u00ed objedn\u00e1vek<\/td>\n<td>1. Potvr\u010fte v\u00fdkresy, povrchovou \u00fapravu a cenu;<br \/>2. Zapla\u0165te poplatek za formu a my za\u010dneme vyr\u00e1b\u011bt formy;<br \/>3. Pro potvrzen\u00ed v\u00e1m za\u0161leme vzorky;<br \/>4. Prove\u010fte platbu z\u00e1lohy 30% a zahajte v\u00fdrobu;<\/td>\n<\/tr>\n<\/table>\n<h2>Na\u0161e v\u00fdrobn\u00ed z\u00e1kladna<\/h2>\n<h3>Panorama tov\u00e1rny<\/h3>\n<p><img decoding=\"async\" src=\"\/wp-content\/uploads\/factory-01.webp\"\/><\/p>\n<h3>D\u00edlna na v\u00fdrobu hlin\u00edkov\u00fdch ty\u010d\u00ed<\/h3>\n<p><img decoding=\"async\" src=\"\/wp-content\/uploads\/factory-02.webp\"\/><\/p>\n<p><img decoding=\"async\" src=\"\/wp-content\/uploads\/factory-03.webp\"\/><\/p>\n<h3>Sklad pl\u00edsn\u00ed<\/h3>\n<p><img decoding=\"async\" src=\"\/wp-content\/uploads\/factory-04.webp\"\/><\/p>\n<h3>43 linek na vytla\u010dov\u00e1n\u00ed hlin\u00edku (500 - 5500 tun)<\/h3>\n<p><img decoding=\"async\" src=\"\/wp-content\/uploads\/factory-05.webp\"\/><\/p>\n<p><img decoding=\"async\" src=\"\/wp-content\/uploads\/factory-06.webp\"\/><\/p>\n<p><img decoding=\"async\" src=\"\/wp-content\/uploads\/factory-07.webp\"\/><\/p>\n<h3>D\u00edlna pr\u00e1\u0161kov\u00e9ho lakov\u00e1n\u00ed<\/h3>\n<p><img decoding=\"async\" src=\"\/wp-content\/uploads\/factory-09.webp\"\/><\/p>\n<h3>D\u00edlna eloxov\u00e1n\u00ed<\/h3>\n<p><img decoding=\"async\" src=\"\/wp-content\/uploads\/factory-10.webp\"\/><\/p>\n<h3>Workshop o hloubkov\u00e9m zpracov\u00e1n\u00ed<\/h3>\n<p><img decoding=\"async\" src=\"\/wp-content\/uploads\/factory-11.webp\"\/><\/p>\n<h3>D\u00edlna CNC p\u0159esn\u00e9ho obr\u00e1b\u011bn\u00ed<\/h3>\n<p><img decoding=\"async\" src=\"\/wp-content\/uploads\/factory-11.5.webp\"\/><\/p>\n<h3>Sklad hotov\u00fdch v\u00fdrobk\u016f a exportn\u00ed sklad<\/h3>\n<p><img decoding=\"async\" src=\"\/wp-content\/uploads\/factory-12.webp\"\/><\/p>\n<p><img decoding=\"async\" src=\"\/wp-content\/uploads\/factory-13.webp\"\/><\/p>\n<p><img decoding=\"async\" src=\"\/wp-content\/uploads\/factory-14.webp\"\/><\/p>\n<h2>\u010cASTO KLADEN\u00c9 DOTAZY<\/h2>\n<p><p><b>1.Co jsou hlin\u00edkov\u00e1 okna a dve\u0159e?<\/b><\/p>\n<p>Hlin\u00edkov\u00e1 okna a dve\u0159e jsou vysoce v\u00fdkonn\u00e9 r\u00e1mov\u00e9 syst\u00e9my vyroben\u00e9 z odoln\u00e9 hlin\u00edkov\u00e9 slitiny, ur\u010den\u00e9 pro obytn\u00e9 a komer\u010dn\u00ed aplikace.<br \/>\n<\/p><br \/>\n<br \/>\n<p><b>2.Pro\u010d si vybrat hlin\u00edkov\u00e1 okna a dve\u0159e?<\/b><\/p>\n<p>Hlin\u00edkov\u00e1 okna a dve\u0159e nab\u00edzej\u00ed ve srovn\u00e1n\u00ed s jin\u00fdmi materi\u00e1ly vynikaj\u00edc\u00ed pom\u011br pevnosti a hmotnosti, elegantn\u00ed modern\u00ed estetiku a dlouhodobou odolnost proti korozi.<br \/>\n<\/p><br \/>\n<br \/>\n<p><b>3.Jak hlin\u00edkov\u00e1 okna a dve\u0159e zlep\u0161uj\u00ed energetickou \u00fa\u010dinnost?<\/b><\/p>\n<p>Energeticky \u00fasporn\u00e1 hlin\u00edkov\u00e1 okna a dve\u0159e jsou vybavena technologi\u00ed tepeln\u00e9 p\u0159est\u00e1vky a v\u00edcekomorov\u00fdmi r\u00e1my, kter\u00e9 minimalizuj\u00ed p\u0159enos tepla a sni\u017euj\u00ed \u00fa\u010dty za energie.<br \/>\n<\/p><br \/>\n<br \/>\n<p><b>4.Jsou hlin\u00edkov\u00e1 okna a dve\u0159e nen\u00e1ro\u010dn\u00e9 na \u00fadr\u017ebu?<\/b><\/p>\n<p>Ano, hlin\u00edkov\u00e1 okna a dve\u0159e vy\u017eaduj\u00ed pouze pravideln\u00e9 \u010di\u0161t\u011bn\u00ed a maz\u00e1n\u00ed pant\u016f, p\u0159i\u010dem\u017e z v\u00fdroby nanesen\u00e9 povrchov\u00e9 \u00fapravy odol\u00e1vaj\u00ed blednut\u00ed a korozi.<br \/>\n<\/p><br \/>\n<br \/>\n<p><b>5.Mohou b\u00fdt hlin\u00edkov\u00e1 okna a dve\u0159e p\u0159izp\u016fsobeny?<\/b><\/p>\n<p>Hlin\u00edkov\u00e1 okna a dve\u0159e podporuj\u00ed vlastn\u00ed profily, pr\u00e1\u0161kov\u011b lakovan\u00e9 barvy, eloxovan\u00e9 povrchov\u00e9 \u00fapravy a r\u016fzn\u00e9 mo\u017enosti zasklen\u00ed pro jak\u00fdkoli architektonick\u00fd styl.<br \/>\n<\/p><br \/>\n<br \/>\n<p><b>6.Jak\u00e9 bezpe\u010dnostn\u00ed prvky poskytuj\u00ed hlin\u00edkov\u00e1 okna a dve\u0159e?<\/b><\/p>\n<p>Zes\u00edlen\u00e1 hlin\u00edkov\u00e1 okna a dve\u0159e maj\u00ed v\u00edcebodov\u00e9 uzamykac\u00ed syst\u00e9my, laminovan\u00e9 nebo tvrzen\u00e9 sklo a robustn\u00ed kov\u00e1n\u00ed pro zv\u00fd\u0161en\u00ed bezpe\u010dnosti.<br \/>\n<\/p><br \/>\n<br \/>\n<p><b>7.Jak se hlin\u00edkov\u00e1 okna a dve\u0159e chovaj\u00ed v drsn\u00fdch klimatick\u00fdch podm\u00ednk\u00e1ch?<\/b><\/p>\n<p>Hlin\u00edkov\u00e1 okna a dve\u0159e odoln\u00e9 proti pov\u011btrnostn\u00edm vliv\u016fm odol\u00e1vaj\u00ed UV z\u00e1\u0159en\u00ed, vlhkosti a extr\u00e9mn\u00edm teplot\u00e1m, ani\u017e by se deformovaly nebo rezav\u011bly.<br \/>\n<\/p><br \/>\n<br \/>\n<p><b>8.Poskytuj\u00ed hlin\u00edkov\u00e1 okna a dve\u0159e zvukovou izolaci?<\/b><\/p>\n<p>Hlin\u00edkov\u00e1 okna a dve\u0159e s integrovan\u00fdm t\u011bsn\u011bn\u00edm a dvojit\u00fdm nebo trojit\u00fdm zasklen\u00edm maj\u00ed vynikaj\u00edc\u00ed akustick\u00e9 vlastnosti a sni\u017euj\u00ed vn\u011bj\u0161\u00ed hluk.<br \/>\n<\/p><br \/>\n<br \/>\n<p><b>9.Jsou hlin\u00edkov\u00e1 okna a dve\u0159e \u0161etrn\u00e9 k \u017eivotn\u00edmu prost\u0159ed\u00ed?<\/b><\/p>\n<p>Hlin\u00edkov\u00e1 okna a dve\u0159e jsou pln\u011b recyklovateln\u00e9, jejich v\u00fdroba vy\u017eaduje m\u00e9n\u011b energie ne\u017e v\u00fdroba ocelov\u00fdch oken a podporuj\u00ed certifikace ekologick\u00fdch budov, jako je LEED.<br \/>\n<\/p><br \/>\n<br \/>\n<p><b>10.Kde mohu z\u00edskat kvalitn\u00ed hlin\u00edkov\u00e1 okna a dve\u0159e?<\/b><\/p>\n<p>P\u0159edn\u00ed v\u00fdrobci hlin\u00edkov\u00fdch oken a dve\u0159\u00ed nab\u00edzej\u00ed v\u00fdrobky s certifikac\u00ed ISO, glob\u00e1ln\u00ed distribuci a specializovanou technickou a mont\u00e1\u017en\u00ed podporu.<br \/>\n<\/p><br \/><\/p>","protected":false},"featured_media":6275,"template":"","categories":[59],"class_list":["post-6276","product","type-product","status-publish","has-post-thumbnail","hentry","category-aluminum-window-door-system"],"meta_box":{"hilight_text_group":{"product_hilight_text":"<li>Constructed from 6063-T5 aluminum alloy for exceptional strength and corrosion resistance<\/li>\r\r\n<li>Precision-extruded profiles with \u00c2\u00b10.1 mm tolerance for seamless assembly and airtight sealing<\/li>\r\r\n<li>Optional thermal break and multi-chamber designs to optimize energy efficiency and reduce condensation<\/li>\r\r\n<li>Wide range of finish options (anodized, powder-coated, woodgrain) for design flexibility<\/li>\r\r\n<li>Heavy-duty hardware and multi-point locking systems for enhanced security and compliance<\/li>\r\r\n<li>Integrated drainage and ventilation channels to prevent water buildup and ensure durability<\/li>\r\r\n<li>Pre-drilled mounting holes and snap-fit connectors for fast, error-free installation<\/li>\r\r\n<li>RoHS\/REACH-compliant and fully recyclable for sustainable building projects<\/li>","product_chanpin_chanpin":"<li><a href=\"https:\/\/sinoextrud.com\/product\/thermal-break-aluminium-profiles\/\" target=\"_blank\">Thermal Break Aluminium Profiles<\/a><\/li>\r\n<li><a href=\"https:\/\/sinoextrud.com\/product\/aluminium-mosquito-net-windows-and-door\/\" target=\"_blank\">Aluminium Mosquito Net Windows And Door<\/a><\/li>\r\n<li><a href=\"https:\/\/sinoextrud.com\/product\/aluminum-profile-doors\/\" target=\"_blank\">Aluminum Profile Doors<\/a><\/li>\r\n<li><a href=\"https:\/\/sinoextrud.com\/product\/aluminium-gate-fence\/\" target=\"_blank\">Aluminium gate fence<\/a><\/li>\r\n<li><a href=\"https:\/\/sinoextrud.com\/product\/aluminum-windows-and-doors\/\" target=\"_blank\">Aluminum Windows And Doors<\/a><\/li>\r\n<li><a href=\"https:\/\/sinoextrud.com\/product\/oem-aluminum-extrusion-profile-for-windows-and-doors\/\" target=\"_blank\">OEM Aluminum Extrusion Profile for Windows and Doors<\/a><\/li>\r\n<li><a href=\"https:\/\/sinoextrud.com\/product\/aluminium-tube-suppliers-offer-extruded-aluminium-square-tube-profile-with-anodized-powder-coating-surface-treatment\/\" target=\"_blank\">Aluminium Tube Suppliers Offer Extruded Aluminium Square Tube Profile With Anodized Powder Coating Surface Treatment<\/a><\/li>\r\n<li><a href=\"https:\/\/sinoextrud.com\/product\/oem-aluminum-channel-tube-and-pipe-extrusions-profile-for-constuction\/\" target=\"_blank\">OEM Aluminum Channel Tube And Pipe Extrusions Profile For Constuction<\/a><\/li>\r\n<li><a href=\"https:\/\/sinoextrud.com\/product\/aluminium-curtain-guide-rail\/\" target=\"_blank\">Aluminium Curtain Guide Rail<\/a><\/li>\r\n<li><a href=\"https:\/\/sinoextrud.com\/product\/6063-t5-aluminum-profile-tslot-for-production-line\/\" target=\"_blank\">6063 t5 aluminum profile Tslot for production line<\/a><\/li>\r\n<li><a href=\"https:\/\/sinoextrud.com\/product\/aluminum-extrusion-6063-anodized-clothes-drive-airer-aluminum-rack-profile\/\" target=\"_blank\">Aluminum Extrusion 6063 Anodized Clothes Drive Airer Aluminum Rack Profile<\/a><\/li>"},"feature_list":[]},"_links":{"self":[{"href":"https:\/\/sinoextrud.com\/cs\/wp-json\/wp\/v2\/product\/6276","targetHints":{"allow":["GET"]}}],"collection":[{"href":"https:\/\/sinoextrud.com\/cs\/wp-json\/wp\/v2\/product"}],"about":[{"href":"https:\/\/sinoextrud.com\/cs\/wp-json\/wp\/v2\/types\/product"}],"wp:featuredmedia":[{"embeddable":true,"href":"https:\/\/sinoextrud.com\/cs\/wp-json\/wp\/v2\/media\/6275"}],"wp:attachment":[{"href":"https:\/\/sinoextrud.com\/cs\/wp-json\/wp\/v2\/media?parent=6276"}],"wp:term":[{"taxonomy":"category","embeddable":true,"href":"https:\/\/sinoextrud.com\/cs\/wp-json\/wp\/v2\/categories?post=6276"}],"curies":[{"name":"wp","href":"https:\/\/api.w.org\/{rel}","templated":true}]}}