{"id":6274,"date":"2025-05-26T07:28:37","date_gmt":"2025-05-26T07:28:37","guid":{"rendered":"https:\/\/sinoextrud.com\/product\/aluminium-gate-fence\/"},"modified":"2025-06-24T03:59:43","modified_gmt":"2025-06-24T03:59:43","slug":"hlinikova-brana-plotu","status":"publish","type":"product","link":"https:\/\/sinoextrud.com\/cs\/product\/aluminium-gate-fence\/","title":{"rendered":"Hlin\u00edkov\u00e1 br\u00e1na"},"content":{"rendered":"<h2>Podrobnosti o produktech<\/h2>\n<table class=\"custom-table\">\n<tr>\n<td class=\"label\">N\u00e1zev produktu<\/td>\n<td>Hlin\u00edkov\u00e1 br\u00e1na Plot<\/td>\n<\/tr>\n<tr>\n<td class=\"label\">Hlin\u00edkov\u00e1 slitina<\/td>\n<td>\u0158ada 1000, \u0159ada 200, \u0159ada 3000, \u0159ada 5000, \u0159ada 6000, \u0159ada 7000<\/td>\n<\/tr>\n<tr>\n<td class=\"label\">Temperament<\/td>\n<td>T3-T8<\/td>\n<\/tr>\n<tr>\n<td class=\"label\">Tvar<\/td>\n<td>p\u0159izp\u016fsoben\u00ed<\/td>\n<\/tr>\n<tr>\n<td class=\"label\">Barva<\/td>\n<td>p\u0159izp\u016fsoben\u00ed<\/td>\n<\/tr>\n<tr>\n<td class=\"label\">Povrchov\u00e1 \u00faprava<\/td>\n<td>fr\u00e9zov\u00e1n\u00ed, eloxov\u00e1n\u00ed, d\u0159ev\u011bn\u00e1 struktura, povrchov\u00e1 \u00faprava, p\u00edskov\u00e1n\u00ed, elektrofor\u00e9za, kart\u00e1\u010dov\u00e1n\u00ed, le\u0161t\u011bn\u00ed atd.<\/td>\n<\/tr>\n<tr>\n<td class=\"label\">Hloubkov\u00e9 zpracov\u00e1n\u00ed CNC<\/td>\n<td>\u0159ez\u00e1n\u00ed, vrt\u00e1n\u00ed, obr\u00e1b\u011bn\u00ed, d\u011brov\u00e1n\u00ed, oh\u00fdb\u00e1n\u00ed, z\u00e1vitov\u00e1n\u00ed atd.<\/td>\n<\/tr>\n<tr>\n<td class=\"label\">Certifikace<\/td>\n<td>CE, ISO, SGS, TUV, ROHS<\/td>\n<\/tr>\n<tr>\n<td class=\"label\">Vzorky<\/td>\n<td>vzorek zdarma. Dod\u00e1n\u00ed do 1-3 dn\u016f.<\/td>\n<\/tr>\n<tr>\n<td class=\"label\">MOQ<\/td>\n<td>200 kg pro ka\u017ed\u00fd profil<\/td>\n<\/tr>\n<tr>\n<td class=\"label\">Doba dod\u00e1n\u00ed<\/td>\n<td>V\u00fdvoj formy a kontrola vzorku trv\u00e1 12-15 dn\u00ed, v\u00fdroba pak 15-25 dn\u00ed po obdr\u017een\u00ed z\u00e1lohy od kupuj\u00edc\u00edho.<\/td>\n<\/tr>\n<tr>\n<td class=\"label\">Platebn\u00ed podm\u00ednky<\/td>\n<td>30% z\u00e1loha p\u0159ed v\u00fdrobou a z\u016fstatek p\u0159ed odesl\u00e1n\u00edm.<br \/>, atd.<\/td>\n<\/tr>\n<\/table>\n<h2>Na\u0161e v\u00fdrobn\u00ed z\u00e1kladna<\/h2>\n<h3>Panorama tov\u00e1rny<\/h3>\n<p><img decoding=\"async\" src=\"\/wp-content\/uploads\/factory-01.webp\"\/><\/p>\n<h3>D\u00edlna na v\u00fdrobu hlin\u00edkov\u00fdch ty\u010d\u00ed<\/h3>\n<p><img decoding=\"async\" src=\"\/wp-content\/uploads\/factory-02.webp\"\/><\/p>\n<p><img decoding=\"async\" src=\"\/wp-content\/uploads\/factory-03.webp\"\/><\/p>\n<h3>Sklad pl\u00edsn\u00ed<\/h3>\n<p><img decoding=\"async\" src=\"\/wp-content\/uploads\/factory-04.webp\"\/><\/p>\n<h3>43 linek na vytla\u010dov\u00e1n\u00ed hlin\u00edku (500 - 5500 tun)<\/h3>\n<p><img decoding=\"async\" src=\"\/wp-content\/uploads\/factory-05.webp\"\/><\/p>\n<p><img decoding=\"async\" src=\"\/wp-content\/uploads\/factory-06.webp\"\/><\/p>\n<p><img decoding=\"async\" src=\"\/wp-content\/uploads\/factory-07.webp\"\/><\/p>\n<h3>D\u00edlna pr\u00e1\u0161kov\u00e9ho lakov\u00e1n\u00ed<\/h3>\n<p><img decoding=\"async\" src=\"\/wp-content\/uploads\/factory-09.webp\"\/><\/p>\n<h3>D\u00edlna eloxov\u00e1n\u00ed<\/h3>\n<p><img decoding=\"async\" src=\"\/wp-content\/uploads\/factory-10.webp\"\/><\/p>\n<h3>Workshop o hloubkov\u00e9m zpracov\u00e1n\u00ed<\/h3>\n<p><img decoding=\"async\" src=\"\/wp-content\/uploads\/factory-11.webp\"\/><\/p>\n<h3>D\u00edlna CNC p\u0159esn\u00e9ho obr\u00e1b\u011bn\u00ed<\/h3>\n<p><img decoding=\"async\" src=\"\/wp-content\/uploads\/factory-11.5.webp\"\/><\/p>\n<h3>Sklad hotov\u00fdch v\u00fdrobk\u016f a exportn\u00ed sklad<\/h3>\n<p><img decoding=\"async\" src=\"\/wp-content\/uploads\/factory-12.webp\"\/><\/p>\n<p><img decoding=\"async\" src=\"\/wp-content\/uploads\/factory-13.webp\"\/><\/p>\n<p><img decoding=\"async\" src=\"\/wp-content\/uploads\/factory-14.webp\"\/><\/p>\n<h2>\u010cASTO KLADEN\u00c9 DOTAZY<\/h2>\n<p><p><b>1.Co je hlin\u00edkov\u00e1 br\u00e1na?<\/b><\/p>\n<p>Hlin\u00edkov\u00e9 oplocen\u00ed s brankou je robustn\u00ed bari\u00e9rov\u00fd syst\u00e9m vyroben\u00fd z vysoce kvalitn\u00ed hlin\u00edkov\u00e9 slitiny, kter\u00fd je ur\u010den k zabezpe\u010den\u00ed hranic pozemku s n\u00edzkou hmotnost\u00ed a odolnost\u00ed.<br \/>\n<\/p><br \/>\n<br \/>\n<p><b>2.Pro\u010d si vybrat hlin\u00edkovou br\u00e1nu?<\/b><\/p>\n<p>Hlin\u00edkov\u00e9 oplocen\u00ed br\u00e1ny nab\u00edz\u00ed vynikaj\u00edc\u00ed odolnost proti korozi, n\u00edzk\u00e9 n\u00e1roky na \u00fadr\u017ebu a elegantn\u00ed modern\u00ed estetiku ve srovn\u00e1n\u00ed s \u017eelezn\u00fdmi nebo ocelov\u00fdmi alternativami.<br \/>\n<\/p><br \/>\n<br \/>\n<p><b>3.Jak\u00fd p\u0159\u00ednos m\u00e1 odolnost proti korozi pro hlin\u00edkov\u00e9 ploty?<\/b><\/p>\n<p>Hlin\u00edkov\u00e9 plotov\u00e9 panely odoln\u00e9 proti korozi odol\u00e1vaj\u00ed de\u0161ti, slan\u00e9mu vzduchu a UV z\u00e1\u0159en\u00ed a zaji\u0161\u0165uj\u00ed dlouhodobou funk\u010dnost bez koroze a hniloby.<br \/>\n<\/p><br \/>\n<br \/>\n<p><b>4.Jsou ploty s hlin\u00edkov\u00fdmi brankami nen\u00e1ro\u010dn\u00e9 na \u00fadr\u017ebu?<\/b><\/p>\n<p>Ano, hlin\u00edkov\u00e9 ploty vy\u017eaduj\u00ed pouze ob\u010dasn\u00e9 \u010di\u0161t\u011bn\u00ed a kontrolu, aby se zachovala jejich povrchov\u00e1 \u00faprava a konstruk\u010dn\u00ed celistvost v pr\u016fb\u011bhu \u010dasu.<br \/>\n<\/p><br \/>\n<br \/>\n<p><b>5.Mohou b\u00fdt hlin\u00edkov\u00e9 ploty br\u00e1ny p\u0159izp\u016fsobeny?<\/b><\/p>\n<p>Hlin\u00edkov\u00e9 ploty s brankami maj\u00ed vlastn\u00ed v\u00fd\u0161ky, \u0161\u00ed\u0159ky, barvy pr\u00e1\u0161kov\u00e9ho laku a dekorativn\u00ed vzory, kter\u00e9 se hod\u00ed k jak\u00e9mukoli architektonick\u00e9mu stylu.<br \/>\n<\/p><br \/>\n<br \/>\n<p><b>6.Jak zvy\u0161uje hlin\u00edkov\u00fd plot s brankou bezpe\u010dnost?<\/b><\/p>\n<p>Hlin\u00edkov\u00fd plot s brankou poskytuje robustn\u00ed ochranu obvodu d\u00edky zes\u00edlen\u00fdm sloupk\u016fm, uzamykateln\u00fdm brank\u00e1m a kov\u00e1n\u00ed odoln\u00e9mu proti neopr\u00e1vn\u011bn\u00e9 manipulaci.<br \/>\n<\/p><br \/>\n<br \/>\n<p><b>7.Jak\u00e9 mo\u017enosti proveden\u00ed jsou k dispozici pro hlin\u00edkov\u00e9 ploty?<\/b><\/p>\n<p>Konstruk\u010dn\u00ed mo\u017enosti hlin\u00edkov\u00fdch plot\u016f zahrnuj\u00ed lamelov\u00e9, p\u0159\u00edhradov\u00e9, m\u0159\u00ed\u017eov\u00e9 a panelov\u00e9 proveden\u00ed a integrovan\u00e9 prvky osv\u011btlen\u00ed a automatizace.<br \/>\n<\/p><br \/>\n<br \/>\n<p><b>8.Jsou hlin\u00edkov\u00e9 ploty \u0161etrn\u00e9 k \u017eivotn\u00edmu prost\u0159ed\u00ed?<\/b><\/p>\n<p>Hlin\u00edkov\u00e9 ploty jsou pln\u011b recyklovateln\u00e9, na jejich v\u00fdrobu je pot\u0159eba m\u00e9n\u011b energie ne\u017e na v\u00fdrobu oceli a p\u0159isp\u00edvaj\u00ed k udr\u017eiteln\u00fdm stavebn\u00edm postup\u016fm.<br \/>\n<\/p><br \/>\n<br \/>\n<p><b>9.Jak se hlin\u00edkov\u00e9 ploty s brankami chovaj\u00ed v nep\u0159\u00edzniv\u00e9m po\u010das\u00ed?<\/b><\/p>\n<p>Hlin\u00edkov\u00e9 ploty s brankou odoln\u00e9 proti pov\u011btrnostn\u00edm vliv\u016fm si zachov\u00e1vaj\u00ed pevnost konstrukce a barevnou st\u00e1lost p\u0159i extr\u00e9mn\u00edch teplot\u00e1ch, v\u011btru a sr\u00e1\u017ek\u00e1ch.<br \/>\n<\/p><br \/>\n<br \/>\n<p><b>10.Kde mohu z\u00edskat vysoce kvalitn\u00ed \u0159e\u0161en\u00ed hlin\u00edkov\u00fdch plotov\u00fdch bran?<\/b><\/p>\n<p>P\u0159edn\u00ed v\u00fdrobci hlin\u00edkov\u00fdch plotov\u00fdch syst\u00e9m\u016f nab\u00edzej\u00ed v\u00fdrobky s certifikac\u00ed ISO, celosv\u011btovou distribuci a komplexn\u00ed technickou podporu.<br \/>\n<\/p><br \/><\/p>","protected":false},"featured_media":6273,"template":"","categories":[59],"class_list":["post-6274","product","type-product","status-publish","has-post-thumbnail","hentry","category-aluminum-window-door-system"],"meta_box":{"hilight_text_group":{"product_hilight_text":"<li>Made from 6063-T5 aluminum alloy for high strength and corrosion resistance<\/li>\r\r\n<li>Hard-anodized or powder-coated surface for oxidation resistance and easy cleaning<\/li>\r\r\n<li>Modular design with customizable dimensions to suit various installation requirements<\/li>\r\r\n<li>Lightweight construction reduces shipping and installation costs<\/li>\r\r\n<li>Compatible with various locks and accessories for enhanced security<\/li>\r\r\n<li>Integrated drainage channels effectively prevent water accumulation and corrosion<\/li>\r\r\n<li>Certified to ISO and CE standards for reliable quality assurance<\/li>\r\r\n<li>Low maintenance costs with long service life, maximizing cost-effectiveness<\/li>","product_chanpin_chanpin":"<li><a href=\"https:\/\/sinoextrud.com\/product\/aluminum-profile-windows-extrusion-companies-in-china\/\" target=\"_blank\">aluminum profile windows extrusion companies in china<\/a><\/li>\r\n<li><a href=\"https:\/\/sinoextrud.com\/product\/thermal-break-aluminium-profiles\/\" target=\"_blank\">Thermal Break Aluminium Profiles<\/a><\/li>\r\n<li><a href=\"https:\/\/sinoextrud.com\/product\/aluminium-mosquito-net-windows-and-door\/\" target=\"_blank\">Aluminium Mosquito Net Windows And Door<\/a><\/li>\r\n<li><a href=\"https:\/\/sinoextrud.com\/product\/aluminum-profile-doors\/\" target=\"_blank\">Aluminum Profile Doors<\/a><\/li>\r\n<li><a href=\"https:\/\/sinoextrud.com\/product\/aluminium-gate-fence\/\" target=\"_blank\">Aluminium gate fence<\/a><\/li>\r\n<li><a href=\"https:\/\/sinoextrud.com\/product\/aluminum-windows-and-doors\/\" target=\"_blank\">Aluminum Windows And Doors<\/a><\/li>\r\n<li><a href=\"https:\/\/sinoextrud.com\/product\/oem-aluminum-extrusion-profile-for-windows-and-doors\/\" target=\"_blank\">OEM Aluminum Extrusion Profile for Windows and Doors<\/a><\/li>\r\n<li><a href=\"https:\/\/sinoextrud.com\/product\/aluminium-tube-suppliers-offer-extruded-aluminium-square-tube-profile-with-anodized-powder-coating-surface-treatment\/\" target=\"_blank\">Aluminium Tube Suppliers Offer Extruded Aluminium Square Tube Profile With Anodized Powder Coating Surface Treatment<\/a><\/li>\r\n<li><a href=\"https:\/\/sinoextrud.com\/product\/oem-aluminum-channel-tube-and-pipe-extrusions-profile-for-constuction\/\" target=\"_blank\">OEM Aluminum Channel Tube And Pipe Extrusions Profile For Constuction<\/a><\/li>\r\n<li><a href=\"https:\/\/sinoextrud.com\/product\/round-t-slot-extrusion\/\" target=\"_blank\">Round T Slot Extrusion<\/a><\/li>\r\n<li><a href=\"https:\/\/sinoextrud.com\/product\/aluminium-window-frame-section\/\" target=\"_blank\">Aluminium Window Frame Section<\/a><\/li>"},"feature_list":[]},"_links":{"self":[{"href":"https:\/\/sinoextrud.com\/cs\/wp-json\/wp\/v2\/product\/6274","targetHints":{"allow":["GET"]}}],"collection":[{"href":"https:\/\/sinoextrud.com\/cs\/wp-json\/wp\/v2\/product"}],"about":[{"href":"https:\/\/sinoextrud.com\/cs\/wp-json\/wp\/v2\/types\/product"}],"wp:featuredmedia":[{"embeddable":true,"href":"https:\/\/sinoextrud.com\/cs\/wp-json\/wp\/v2\/media\/6273"}],"wp:attachment":[{"href":"https:\/\/sinoextrud.com\/cs\/wp-json\/wp\/v2\/media?parent=6274"}],"wp:term":[{"taxonomy":"category","embeddable":true,"href":"https:\/\/sinoextrud.com\/cs\/wp-json\/wp\/v2\/categories?post=6274"}],"curies":[{"name":"wp","href":"https:\/\/api.w.org\/{rel}","templated":true}]}}