{"id":6272,"date":"2025-05-26T07:26:03","date_gmt":"2025-05-26T07:26:03","guid":{"rendered":"https:\/\/sinoextrud.com\/product\/aluminum-profile-doors\/"},"modified":"2025-06-24T03:59:34","modified_gmt":"2025-06-24T03:59:34","slug":"dvere-z-hlinikovych-profilu","status":"publish","type":"product","link":"https:\/\/sinoextrud.com\/cs\/product\/aluminum-profile-doors\/","title":{"rendered":"Dve\u0159e z hlin\u00edkov\u00fdch profil\u016f"},"content":{"rendered":"<h2>Podrobnosti o produktech<\/h2>\n<table class=\"custom-table\">\n<tr>\n<td class=\"label\">Polo\u017eka<\/td>\n<td>Dve\u0159e z hlin\u00edkov\u00fdch profil\u016f<\/td>\n<\/tr>\n<tr>\n<td class=\"label\">Materi\u00e1l<\/td>\n<td>Slitina 6063, 6061<\/td>\n<\/tr>\n<tr>\n<td class=\"label\">Aplikace<\/td>\n<td>Hlin\u00edkov\u00e1 okna a dve\u0159e<\/td>\n<\/tr>\n<tr>\n<td class=\"label\">Certifik\u00e1t<\/td>\n<td>ISO9001, ISO14001<\/td>\n<\/tr>\n<tr>\n<td class=\"label\">Schopnosti<\/td>\n<td>Ro\u010dn\u00ed produkce v\u00edce ne\u017e 60 000 tun<\/td>\n<\/tr>\n<tr>\n<td class=\"label\">Barva<\/td>\n<td>K dispozici na m\u00edru<\/td>\n<\/tr>\n<tr>\n<td class=\"label\">D\u00e9lka<\/td>\n<td>1-9 metr\u016f nebo na m\u00edru<\/td>\n<\/tr>\n<tr>\n<td class=\"label\">Tlou\u0161\u0165ka<\/td>\n<td>P\u0159izp\u016fsoben\u00e9<\/td>\n<\/tr>\n<tr>\n<td class=\"label\">Povrchov\u00e1 \u00faprava<\/td>\n<td>povrchov\u00e1 \u00faprava ml\u00fdnem, eloxov\u00e1n\u00ed, pr\u00e1\u0161kov\u00e9 lakov\u00e1n\u00ed, p\u0159enos d\u0159ev\u011bn\u00fdch zrn, kart\u00e1\u010dov\u00e1n\u00ed, le\u0161t\u011bn\u00ed, elektrofor\u00e9za atd.<\/td>\n<\/tr>\n<tr>\n<td class=\"label\">Aplikace<\/td>\n<td>hlin\u00edkov\u00fd okenn\u00ed a dve\u0159n\u00ed profil, z\u00e1v\u011bsov\u00e1 st\u011bna<\/td>\n<\/tr>\n<tr>\n<td class=\"label\">Nakl\u00e1dac\u00ed port<\/td>\n<td>Guangzhou, Foshan, Shenzhen<\/td>\n<\/tr>\n<tr>\n<td class=\"label\">Platba<\/td>\n<td>T\/T, 30% z\u00e1lohov\u00e1 platba, zat\u00edmco z\u016fstatek bude splacen p\u0159ed dod\u00e1n\u00edm<\/td>\n<\/tr>\n<tr>\n<td class=\"label\">Bal\u00ed\u010dek<\/td>\n<td>1.Inside: baleno s plastovou ochrannou f\u00f3li\u00ed pro ochranu ka\u017ed\u00e9ho profilu<br \/>2.Outside: baleno s vod\u011bodoln\u00fdm \u0159emesln\u00fdm pap\u00edrem<\/td>\n<\/tr>\n<tr>\n<td class=\"label\">Dod\u00e1vka<\/td>\n<td>25-30 dn\u00ed po zaplacen\u00ed z\u00e1lohy<\/td>\n<\/tr>\n<tr>\n<td class=\"label\">Po\u0159ad\u00ed objedn\u00e1vek<\/td>\n<td>1. Potvr\u010fte v\u00fdkresy, povrchovou \u00fapravu a cenu;<br \/>2. Zapla\u0165te poplatek za formu a my za\u010dneme vyr\u00e1b\u011bt formy;<br \/>3. Pro potvrzen\u00ed v\u00e1m za\u0161leme vzorky;<br \/>4. Prove\u010fte platbu z\u00e1lohy 30% a zahajte v\u00fdrobu;<\/td>\n<\/tr>\n<\/table>\n<h2>Na\u0161e v\u00fdrobn\u00ed z\u00e1kladna<\/h2>\n<h3>Panorama tov\u00e1rny<\/h3>\n<p><img decoding=\"async\" src=\"\/wp-content\/uploads\/factory-01.webp\"\/><\/p>\n<h3>D\u00edlna na v\u00fdrobu hlin\u00edkov\u00fdch ty\u010d\u00ed<\/h3>\n<p><img decoding=\"async\" src=\"\/wp-content\/uploads\/factory-02.webp\"\/><\/p>\n<p><img decoding=\"async\" src=\"\/wp-content\/uploads\/factory-03.webp\"\/><\/p>\n<h3>Sklad pl\u00edsn\u00ed<\/h3>\n<p><img decoding=\"async\" src=\"\/wp-content\/uploads\/factory-04.webp\"\/><\/p>\n<h3>43 linek na vytla\u010dov\u00e1n\u00ed hlin\u00edku (500 - 5500 tun)<\/h3>\n<p><img decoding=\"async\" src=\"\/wp-content\/uploads\/factory-05.webp\"\/><\/p>\n<p><img decoding=\"async\" src=\"\/wp-content\/uploads\/factory-06.webp\"\/><\/p>\n<p><img decoding=\"async\" src=\"\/wp-content\/uploads\/factory-07.webp\"\/><\/p>\n<h3>D\u00edlna pr\u00e1\u0161kov\u00e9ho lakov\u00e1n\u00ed<\/h3>\n<p><img decoding=\"async\" src=\"\/wp-content\/uploads\/factory-09.webp\"\/><\/p>\n<h3>D\u00edlna eloxov\u00e1n\u00ed<\/h3>\n<p><img decoding=\"async\" src=\"\/wp-content\/uploads\/factory-10.webp\"\/><\/p>\n<h3>Workshop o hloubkov\u00e9m zpracov\u00e1n\u00ed<\/h3>\n<p><img decoding=\"async\" src=\"\/wp-content\/uploads\/factory-11.webp\"\/><\/p>\n<h3>D\u00edlna CNC p\u0159esn\u00e9ho obr\u00e1b\u011bn\u00ed<\/h3>\n<p><img decoding=\"async\" src=\"\/wp-content\/uploads\/factory-11.5.webp\"\/><\/p>\n<h3>Sklad hotov\u00fdch v\u00fdrobk\u016f a exportn\u00ed sklad<\/h3>\n<p><img decoding=\"async\" src=\"\/wp-content\/uploads\/factory-12.webp\"\/><\/p>\n<p><img decoding=\"async\" src=\"\/wp-content\/uploads\/factory-13.webp\"\/><\/p>\n<p><img decoding=\"async\" src=\"\/wp-content\/uploads\/factory-14.webp\"\/><\/p>\n<h2>\u010cASTO KLADEN\u00c9 DOTAZY<\/h2>\n<p><p><b>1.Co jsou hlin\u00edkov\u00e9 profilov\u00e9 dve\u0159e?<\/b><\/p>\n<p>Dve\u0159e z hlin\u00edkov\u00fdch profil\u016f jsou p\u0159esn\u011b lisovan\u00e9 z\u00e1rubn\u011b z vysoce pevn\u00e9 hlin\u00edkov\u00e9 slitiny, kter\u00e9 jsou navr\u017eeny pro dlouhou \u017eivotnost, elegantn\u00ed estetiku a snadnou instalaci.<br \/>\n<\/p><br \/>\n<br \/>\n<p><b>2.Pro\u010d zvolit hlin\u00edkov\u00e9 profilov\u00e9 dve\u0159e pro modern\u00ed budovy?<\/b><\/p>\n<p>Dve\u0159e z hlin\u00edkov\u00fdch profil\u016f nab\u00edzej\u00ed vynikaj\u00edc\u00ed pom\u011br pevnosti a hmotnosti, odolnost proti korozi a modern\u00ed design, kter\u00fd zvy\u0161uje atraktivitu a dlouhou \u017eivotnost.<br \/>\n<\/p><br \/>\n<br \/>\n<p><b>3.Jak dve\u0159e z hlin\u00edkov\u00fdch profil\u016f zlep\u0161uj\u00ed energetickou \u00fa\u010dinnost?<\/b><\/p>\n<p>Energeticky \u00fasporn\u00e9 dve\u0159e z hlin\u00edkov\u00fdch profil\u016f jsou vybaveny tepeln\u00fdmi p\u0159est\u00e1vkami a v\u00edcekomorov\u00fdmi profily, kter\u00e9 minimalizuj\u00ed p\u0159enos tepla a sni\u017euj\u00ed n\u00e1klady na vyt\u00e1p\u011bn\u00ed a chlazen\u00ed.<br \/>\n<\/p><br \/>\n<br \/>\n<p><b>4.Jsou hlin\u00edkov\u00e9 profilov\u00e9 dve\u0159e nen\u00e1ro\u010dn\u00e9 na \u00fadr\u017ebu?<\/b><\/p>\n<p>Ano, hlin\u00edkov\u00e9 profilov\u00e9 dve\u0159e vy\u017eaduj\u00ed pouze pravideln\u00e9 \u010di\u0161t\u011bn\u00ed a maz\u00e1n\u00ed pant\u016f, odol\u00e1vaj\u00ed rzi, hnilob\u011b a blednut\u00ed bez nutnosti nov\u00e9ho n\u00e1t\u011bru.<br \/>\n<\/p><br \/>\n<br \/>\n<p><b>5.Mohou b\u00fdt hlin\u00edkov\u00e9 profilov\u00e9 dve\u0159e p\u0159izp\u016fsobeny?<\/b><\/p>\n<p>Dve\u0159e z hlin\u00edkov\u00fdch profil\u016f podporuj\u00ed vlastn\u00ed profily, povrchov\u00e9 \u00fapravy pr\u00e1\u0161kov\u00fdm lakem, eloxov\u00e1n\u00ed a mo\u017enosti kov\u00e1n\u00ed, kter\u00e9 se hod\u00ed k jak\u00e9mukoli architektonick\u00e9mu stylu.<br \/>\n<\/p><br \/>\n<br \/>\n<p><b>6.Jak\u00e9 bezpe\u010dnostn\u00ed prvky poskytuj\u00ed dve\u0159e z hlin\u00edkov\u00fdch profil\u016f?<\/b><\/p>\n<p>Dve\u0159e ze zes\u00edlen\u00fdch hlin\u00edkov\u00fdch profil\u016f jsou vybaveny v\u00edcebodov\u00fdmi uzamykac\u00edmi syst\u00e9my, laminovan\u00fdm sklem a robustn\u00edmi z\u00e1v\u011bsy pro zv\u00fd\u0161en\u00ed bezpe\u010dnosti dom\u016f a komer\u010dn\u00edch prostor.<br \/>\n<\/p><br \/>\n<br \/>\n<p><b>7.Jak se hlin\u00edkov\u00e9 profilov\u00e9 dve\u0159e chovaj\u00ed v nep\u0159\u00edzniv\u00e9m po\u010das\u00ed?<\/b><\/p>\n<p>Dve\u0159e z hlin\u00edkov\u00fdch profil\u016f odoln\u00e9 proti pov\u011btrnostn\u00edm vliv\u016fm odol\u00e1vaj\u00ed UV z\u00e1\u0159en\u00ed, vlhkosti a extr\u00e9mn\u00edm teplot\u00e1m, ani\u017e by se deformovaly nebo korodovaly.<br \/>\n<\/p><br \/>\n<br \/>\n<p><b>8.Podporuj\u00ed dve\u0159e z hlin\u00edkov\u00fdch profil\u016f zvukovou izolaci?<\/b><\/p>\n<p>Dve\u0159e z hlin\u00edkov\u00fdch profil\u016f s integrovan\u00fdm t\u011bsn\u011bn\u00edm a dvojit\u00fdm zasklen\u00edm poskytuj\u00ed vynikaj\u00edc\u00ed akustick\u00e9 vlastnosti, kter\u00e9 blokuj\u00ed venkovn\u00ed hluk.<br \/>\n<\/p><br \/>\n<br \/>\n<p><b>9.Jsou hlin\u00edkov\u00e9 profilov\u00e9 dve\u0159e \u0161etrn\u00e9 k \u017eivotn\u00edmu prost\u0159ed\u00ed?<\/b><\/p>\n<p>Dve\u0159e z hlin\u00edkov\u00fdch profil\u016f jsou pln\u011b recyklovateln\u00e9, p\u0159i jejich v\u00fdrob\u011b se spot\u0159ebuje m\u00e9n\u011b energie ne\u017e p\u0159i v\u00fdrob\u011b z oceli a p\u0159isp\u00edvaj\u00ed k z\u00edsk\u00e1n\u00ed certifik\u00e1t\u016f udr\u017eitelnosti budov, jako je LEED.<br \/>\n<\/p><br \/>\n<br \/>\n<p><b>10.Kde mohu z\u00edskat vysoce kvalitn\u00ed hlin\u00edkov\u00e9 profilov\u00e9 dve\u0159e?<\/b><\/p>\n<p>P\u0159edn\u00ed v\u00fdrobci dod\u00e1vaj\u00ed certifikovan\u00e9 hlin\u00edkov\u00e9 profilov\u00e9 dve\u0159e s normami ISO a EN, glob\u00e1ln\u00ed distribuc\u00ed a specializovanou technickou podporou.<br \/>\n<\/p><br \/><\/p>","protected":false},"featured_media":6271,"template":"","categories":[59],"class_list":["post-6272","product","type-product","status-publish","has-post-thumbnail","hentry","category-aluminum-window-door-system"],"meta_box":{"hilight_text_group":{"product_hilight_text":"<li>Constructed from 6063-T5 aluminum alloy for exceptional strength and durability<\/li>\r\r\n<li>Precision-engineered profiles with \u00c2\u00b10.1 mm tolerance for seamless assembly<\/li>\r\r\n<li>Integrated thermal break option to enhance insulation and reduce energy consumption<\/li>\r\r\n<li>Customizable finishes (anodized, powder-coated, woodgrain) for design flexibility<\/li>\r\r\n<li>Heavy-duty multi-point locking systems for superior security and compliance<\/li>\r\r\n<li>Pre-drilled mounting holes and snap-fit connectors for fast, error-free installation<\/li>\r\r\n<li>Integrated drainage and ventilation channels for effective water management<\/li>\r\r\n<li>Eco-friendly and fully recyclable, compliant with RoHS and REACH standards<\/li>","product_chanpin_chanpin":"<li><a href=\"https:\/\/sinoextrud.com\/product\/aluminum-window\/\" target=\"_blank\">Aluminum Window<\/a><\/li>\r\n<li><a href=\"https:\/\/sinoextrud.com\/product\/aluminum-profile-windows-extrusion-companies-in-china\/\" target=\"_blank\">aluminum profile windows extrusion companies in china<\/a><\/li>\r\n<li><a href=\"https:\/\/sinoextrud.com\/product\/thermal-break-aluminium-profiles\/\" target=\"_blank\">Thermal Break Aluminium Profiles<\/a><\/li>\r\n<li><a href=\"https:\/\/sinoextrud.com\/product\/aluminium-mosquito-net-windows-and-door\/\" target=\"_blank\">Aluminium Mosquito Net Windows And Door<\/a><\/li>\r\n<li><a href=\"https:\/\/sinoextrud.com\/product\/aluminum-profile-doors\/\" target=\"_blank\">Aluminum Profile Doors<\/a><\/li>\r\n<li><a href=\"https:\/\/sinoextrud.com\/product\/aluminium-gate-fence\/\" target=\"_blank\">Aluminium gate fence<\/a><\/li>\r\n<li><a href=\"https:\/\/sinoextrud.com\/product\/aluminum-windows-and-doors\/\" target=\"_blank\">Aluminum Windows And Doors<\/a><\/li>\r\n<li><a href=\"https:\/\/sinoextrud.com\/product\/oem-aluminum-extrusion-profile-for-windows-and-doors\/\" target=\"_blank\">OEM Aluminum Extrusion Profile for Windows and Doors<\/a><\/li>\r\n<li><a href=\"https:\/\/sinoextrud.com\/product\/aluminium-tube-suppliers-offer-extruded-aluminium-square-tube-profile-with-anodized-powder-coating-surface-treatment\/\" target=\"_blank\">Aluminium Tube Suppliers Offer Extruded Aluminium Square Tube Profile With Anodized Powder Coating Surface Treatment<\/a><\/li>\r\n<li><a href=\"https:\/\/sinoextrud.com\/product\/extruded-aluminum-trim-shapes\/\" target=\"_blank\">Extruded Aluminum Trim Shapes<\/a><\/li>\r\n<li><a href=\"https:\/\/sinoextrud.com\/product\/aluminum-photo-frame-profile\/\" target=\"_blank\">Aluminum Photo Frame Profile<\/a><\/li>"},"feature_list":[]},"_links":{"self":[{"href":"https:\/\/sinoextrud.com\/cs\/wp-json\/wp\/v2\/product\/6272","targetHints":{"allow":["GET"]}}],"collection":[{"href":"https:\/\/sinoextrud.com\/cs\/wp-json\/wp\/v2\/product"}],"about":[{"href":"https:\/\/sinoextrud.com\/cs\/wp-json\/wp\/v2\/types\/product"}],"wp:featuredmedia":[{"embeddable":true,"href":"https:\/\/sinoextrud.com\/cs\/wp-json\/wp\/v2\/media\/6271"}],"wp:attachment":[{"href":"https:\/\/sinoextrud.com\/cs\/wp-json\/wp\/v2\/media?parent=6272"}],"wp:term":[{"taxonomy":"category","embeddable":true,"href":"https:\/\/sinoextrud.com\/cs\/wp-json\/wp\/v2\/categories?post=6272"}],"curies":[{"name":"wp","href":"https:\/\/api.w.org\/{rel}","templated":true}]}}