{"id":6270,"date":"2025-05-26T07:23:26","date_gmt":"2025-05-26T07:23:26","guid":{"rendered":"https:\/\/sinoextrud.com\/product\/aluminium-mosquito-net-windows-and-door\/"},"modified":"2025-06-24T03:59:15","modified_gmt":"2025-06-24T03:59:15","slug":"hlinikova-okna-a-dvere-s-moskytierou","status":"publish","type":"product","link":"https:\/\/sinoextrud.com\/cs\/product\/aluminium-mosquito-net-windows-and-door\/","title":{"rendered":"Hlin\u00edkov\u00e1 okna a dve\u0159e s moskyti\u00e9rou"},"content":{"rendered":"<h2>Podrobnosti o produktech<\/h2>\n<table class=\"custom-table\">\n<tr>\n<td class=\"label\">Polo\u017eka \u010d.<\/td>\n<td>Hlin\u00edkov\u00e1 okna a dve\u0159e s moskyti\u00e9rou<\/td>\n<\/tr>\n<tr>\n<td class=\"label\">N\u00e1zev<\/td>\n<td>Barvy na p\u0159\u00e1n\u00ed z\u00e1kazn\u00edk\u016f hlin\u00edkov\u00e9 moskyti\u00e9rov\u00e9 dve\u0159e pro zahradu<\/td>\n<\/tr>\n<tr>\n<td class=\"label\">Materi\u00e1l<\/td>\n<td>R\u00e1m obrazovky - hlin\u00edkov\u00e1 slitina 6063T5<\/td>\n<\/tr>\n<tr>\n<td class=\"label\">VELIKOST<\/td>\n<td>Jak po\u017eadujete<\/td>\n<\/tr>\n<tr>\n<td class=\"label\">Barva pletiva<\/td>\n<td>\u010cern\u00e1, \u0161ed\u00e1<\/td>\n<\/tr>\n<tr>\n<td class=\"label\">Barva r\u00e1mu obrazovky<\/td>\n<td>B\u00edl\u00e1, \u0161ed\u00e1, bronzov\u00e1, neviditeln\u00e1 zelen\u00e1, tmav\u011b \u0161ed\u00e1, imitace oceli, \u017elut\u00e1 d\u0159ev\u011bn\u00e1 barva, \u010derven\u00e1 d\u0159ev\u011bn\u00e1 barva atd. nebo na m\u00edru<\/td>\n<\/tr>\n<tr>\n<td class=\"label\">Re\u017eim n\u00e1kupu<\/td>\n<td>Polotovary \/ pevn\u00e1 velikost<\/td>\n<\/tr>\n<tr>\n<td class=\"label\">Kl\u00ed\u010dov\u00e9 vlastnosti<\/td>\n<td>U\u017eivatelsky p\u0159\u00edv\u011btiv\u00fd, robustn\u00ed a modern\u00ed;<br \/>Absence vodic\u00edch li\u0161t na podlaze usnad\u0148uje \u010di\u0161t\u011bn\u00ed a p\u0159epravu.<br \/>Snadn\u00e1 instalace a demont\u00e1\u017e pomoc\u00ed speci\u00e1ln\u00edch plastov\u00fdch spon.<br \/>Mo\u017enost p\u0159ipojen\u00ed v\u00edce ne\u017e jedn\u011bch dve\u0159\u00ed, co\u017e umo\u017e\u0148uje pokr\u00fdt zna\u010dnou \u0161\u00ed\u0159ku.<br \/>K dispozici pro v\u0161echny va\u0161e st\u00e1vaj\u00edc\u00ed dve\u0159e, jednoduch\u00e9\/dvojit\u00e9<br \/>Ide\u00e1ln\u00ed pro velk\u00e9 balkony, verandy, francouzsk\u00e9 dve\u0159e, skl\u00e1dac\u00ed dve\u0159e a gar\u00e1\u017ee atd.<br \/>Ve\u0161ker\u00e9 p\u0159\u00edslu\u0161enstv\u00ed lze dodat individu\u00e1ln\u011b<\/td>\n<\/tr>\n<tr>\n<td class=\"label\">Balen\u00ed<\/td>\n<td>Vnit\u0159n\u00ed: PE s\u00e1\u010dek smr\u0161\u0165ovac\u00ed, zabalen\u00fd v bublinkov\u00e9m s\u00e1\u010dku.<\/td>\n<\/tr>\n<tr>\n<td class=\"label\">Doba dod\u00e1n\u00ed<\/td>\n<td>15 dn\u00ed po obdr\u017een\u00ed platby<\/td>\n<\/tr>\n<tr>\n<td class=\"label\">Dodac\u00ed dolo\u017eka<\/td>\n<td>FOB FOSHAN , GUANGZHOU , SHENZHEN<\/td>\n<\/tr>\n<tr>\n<td class=\"label\">Platebn\u00ed podm\u00ednky<\/td>\n<td>P\u0159edplacen\u00e9 T\/T a L\/C<\/td>\n<\/tr>\n<\/table>\n<h2>Na\u0161e v\u00fdrobn\u00ed z\u00e1kladna<\/h2>\n<h3>Panorama tov\u00e1rny<\/h3>\n<p><img decoding=\"async\" src=\"\/wp-content\/uploads\/factory-01.webp\"\/><\/p>\n<h3>D\u00edlna na v\u00fdrobu hlin\u00edkov\u00fdch ty\u010d\u00ed<\/h3>\n<p><img decoding=\"async\" src=\"\/wp-content\/uploads\/factory-02.webp\"\/><\/p>\n<p><img decoding=\"async\" src=\"\/wp-content\/uploads\/factory-03.webp\"\/><\/p>\n<h3>Sklad pl\u00edsn\u00ed<\/h3>\n<p><img decoding=\"async\" src=\"\/wp-content\/uploads\/factory-04.webp\"\/><\/p>\n<h3>43 linek na vytla\u010dov\u00e1n\u00ed hlin\u00edku (500 - 5500 tun)<\/h3>\n<p><img decoding=\"async\" src=\"\/wp-content\/uploads\/factory-05.webp\"\/><\/p>\n<p><img decoding=\"async\" src=\"\/wp-content\/uploads\/factory-06.webp\"\/><\/p>\n<p><img decoding=\"async\" src=\"\/wp-content\/uploads\/factory-07.webp\"\/><\/p>\n<h3>D\u00edlna pr\u00e1\u0161kov\u00e9ho lakov\u00e1n\u00ed<\/h3>\n<p><img decoding=\"async\" src=\"\/wp-content\/uploads\/factory-09.webp\"\/><\/p>\n<h3>D\u00edlna eloxov\u00e1n\u00ed<\/h3>\n<p><img decoding=\"async\" src=\"\/wp-content\/uploads\/factory-10.webp\"\/><\/p>\n<h3>Workshop o hloubkov\u00e9m zpracov\u00e1n\u00ed<\/h3>\n<p><img decoding=\"async\" src=\"\/wp-content\/uploads\/factory-11.webp\"\/><\/p>\n<h3>D\u00edlna CNC p\u0159esn\u00e9ho obr\u00e1b\u011bn\u00ed<\/h3>\n<p><img decoding=\"async\" src=\"\/wp-content\/uploads\/factory-11.5.webp\"\/><\/p>\n<h3>Sklad hotov\u00fdch v\u00fdrobk\u016f a exportn\u00ed sklad<\/h3>\n<p><img decoding=\"async\" src=\"\/wp-content\/uploads\/factory-12.webp\"\/><\/p>\n<p><img decoding=\"async\" src=\"\/wp-content\/uploads\/factory-13.webp\"\/><\/p>\n<p><img decoding=\"async\" src=\"\/wp-content\/uploads\/factory-14.webp\"\/><\/p>\n<h2>\u010cASTO KLADEN\u00c9 DOTAZY<\/h2>\n<p><p><b>1.Co je hlin\u00edkov\u00e9 okno a dve\u0159e proti kom\u00e1r\u016fm?<\/b><\/p>\n<p>Hlin\u00edkov\u00e9 okno a dve\u0159e s moskyti\u00e9rou je odoln\u00fd r\u00e1mov\u00fd syst\u00e9m odoln\u00fd proti korozi s integrovan\u00fdmi jemn\u00fdmi s\u00ed\u0165kami pro ochranu proti hmyzu a v\u011btr\u00e1n\u00ed.<br \/>\n<\/p><br \/>\n<br \/>\n<p><b>2.Pro\u010d si vybrat hlin\u00edkov\u00e9 okno a dve\u0159e s moskyti\u00e9rou?<\/b><\/p>\n<p>Hlin\u00edkov\u00e1 okna a dve\u0159e s moskyti\u00e9rou kombinuj\u00ed lehkou pevnost, odolnost proti korozi a snadn\u00e9 ovl\u00e1d\u00e1n\u00ed s \u00fa\u010dinn\u00fdm odh\u00e1n\u011bn\u00edm kom\u00e1r\u016f a \u0161k\u016fdc\u016f.<br \/>\n<\/p><br \/>\n<br \/>\n<p><b>3.Jak hlin\u00edkov\u00e1 okna a dve\u0159e s moskyti\u00e9rou zlep\u0161uj\u00ed proud\u011bn\u00ed vzduchu?<\/b><\/p>\n<p>Jemn\u00e1 s\u00ed\u0165ovina v hlin\u00edkov\u00fdch oknech a dve\u0159\u00edch proti hmyzu umo\u017e\u0148uje maxim\u00e1ln\u00ed proud\u011bn\u00ed vzduchu a z\u00e1rove\u0148 zabra\u0148uje vniknut\u00ed hmyzu, \u010d\u00edm\u017e zlep\u0161uje kvalitu vzduchu v interi\u00e9ru.<br \/>\n<\/p><br \/>\n<br \/>\n<p><b>4.Jsou hlin\u00edkov\u00e9 r\u00e1my oken a dve\u0159\u00ed Mosquito Net nen\u00e1ro\u010dn\u00e9 na \u00fadr\u017ebu?<\/b><\/p>\n<p>Ano, hlin\u00edkov\u00e1 okna a dve\u0159e Mosquito Net vy\u017eaduj\u00ed pouze pravideln\u00e9 \u010di\u0161t\u011bn\u00ed r\u00e1m\u016f a s\u00edt\u00ed, aby se zachovala odolnost proti korozi a bezprobl\u00e9mov\u00fd provoz.<br \/>\n<\/p><br \/>\n<br \/>\n<p><b>5.Can hlin\u00edkov\u00e9 Mosquito Net okna a dve\u0159e obrazovky b\u00fdt p\u0159izp\u016fsobeny?<\/b><\/p>\n<p>Hlin\u00edkov\u00e9 s\u00edt\u011b proti kom\u00e1r\u016fm do oken a dve\u0159\u00ed podporuj\u00ed vlastn\u00ed hustotu ok, barvy r\u00e1m\u016f a velikosti, aby se hodily do jak\u00e9hokoli okenn\u00edho nebo dve\u0159n\u00edho otvoru.<br \/>\n<\/p><br \/>\n<br \/>\n<p><b>6.Jak funguj\u00ed hlin\u00edkov\u00e9 r\u00e1my oken a dve\u0159\u00ed Mosquito Net v drsn\u00fdch klimatick\u00fdch podm\u00ednk\u00e1ch?<\/b><\/p>\n<p>Hlin\u00edkov\u00e1 okna a dve\u0159e Mosquito Net jsou odoln\u00e1 v\u016f\u010di pov\u011btrnostn\u00edm vliv\u016fm a odol\u00e1vaj\u00ed UV z\u00e1\u0159en\u00ed, slan\u00e9mu vzduchu a vlhkosti, ani\u017e by se deformovala nebo vybledla.<br \/>\n<\/p><br \/>\n<br \/>\n<p><b>7.Jak\u00e9 jsou bezpe\u010dnostn\u00ed prvky hlin\u00edkov\u00fdch oken a dve\u0159\u00ed Mosquito Net?<\/b><\/p>\n<p>Zes\u00edlen\u00e9 hlin\u00edkov\u00e9 r\u00e1my oken a dve\u0159\u00ed s moskyti\u00e9rou mohou obsahovat v\u00edcebodov\u00e9 z\u00e1mky a zes\u00edlenou s\u00ed\u0165 pro v\u011bt\u0161\u00ed bezpe\u010dnost a klid.<br \/>\n<\/p><br \/>\n<br \/>\n<p><b>8.Podporuj\u00ed hlin\u00edkov\u00e9 syst\u00e9my oken a dve\u0159\u00ed Mosquito Net snadnou instalaci?<\/b><\/p>\n<p>Sady hlin\u00edkov\u00fdch oken a dve\u0159\u00ed s moskyti\u00e9rou maj\u00ed p\u0159edvrtan\u00e9 r\u00e1my a zacvak\u00e1vac\u00ed s\u00ed\u0165 pro rychlou instalaci sv\u00e9pomoc\u00ed nebo profesion\u00e1ln\u011b.<br \/>\n<\/p><br \/>\n<br \/>\n<p><b>9.Jak ekologick\u00e9 jsou v\u00fdrobky z hlin\u00edkov\u00fdch oken a dve\u0159\u00ed Mosquito Net?<\/b><\/p>\n<p>Hlin\u00edkov\u00e1 okna a dve\u0159e s moskyti\u00e9rou jsou pln\u011b recyklovateln\u00e1, energeticky \u00fasporn\u00e1 a p\u0159isp\u00edvaj\u00ed k udr\u017eiteln\u00fdm stavebn\u00edm postup\u016fm.<br \/>\n<\/p><br \/>\n<br \/>\n<p><b>10.Kde mohu z\u00edskat kvalitn\u00ed hlin\u00edkov\u00e1 okna a dve\u0159e s moskyti\u00e9rou?<\/b><\/p>\n<p>P\u0159edn\u00ed v\u00fdrobci hlin\u00edkov\u00fdch oken a dve\u0159\u00ed s moskyti\u00e9rou nab\u00edzej\u00ed v\u00fdrobky s certifikac\u00ed ISO, glob\u00e1ln\u00ed distribuci a specializovanou technickou podporu.<br \/>\n<\/p><br \/><\/p>","protected":false},"featured_media":6269,"template":"","categories":[59],"class_list":["post-6270","product","type-product","status-publish","has-post-thumbnail","hentry","category-aluminum-window-door-system"],"meta_box":{"hilight_text_group":{"product_hilight_text":"<li>Multi-chamber thermal break design for superior insulation and reduced energy costs<\/li>\r\r\n<li>High-strength 6063-T5 alloy construction ensuring structural rigidity<\/li>\r\r\n<li>Precision extrusion with \u00c2\u00b10.1 mm tolerance for seamless assembly<\/li>\r\r\n<li>Customizable profiles and lengths to suit diverse architectural requirements<\/li>\r\r\n<li>Optional finishes (anodized, powder-coated) for corrosion protection and aesthetics<\/li>\r\r\n<li>Integrated drainage and condensation channels for reliable water management<\/li>\r\r\n<li>Compliant with international thermal performance standards (EN, ASTM)<\/li>\r\r\n<li>RoHS-compliant and fully recyclable for sustainable building practices<\/li>","product_chanpin_chanpin":"<li><a href=\"https:\/\/sinoextrud.com\/product\/aluminum-casement-window-double-hung-single-hung-jalousie-security-door-and-window\/\" target=\"_blank\">aluminum casement window Double Hung Single Hung Jalousie Security Door And Window<\/a><\/li>\r\n<li><a href=\"https:\/\/sinoextrud.com\/product\/aluminum-window\/\" target=\"_blank\">Aluminum Window<\/a><\/li>\r\n<li><a href=\"https:\/\/sinoextrud.com\/product\/aluminum-profile-windows-extrusion-companies-in-china\/\" target=\"_blank\">aluminum profile windows extrusion companies in china<\/a><\/li>\r\n<li><a href=\"https:\/\/sinoextrud.com\/product\/thermal-break-aluminium-profiles\/\" target=\"_blank\">Thermal Break Aluminium Profiles<\/a><\/li>\r\n<li><a href=\"https:\/\/sinoextrud.com\/product\/aluminium-mosquito-net-windows-and-door\/\" target=\"_blank\">Aluminium Mosquito Net Windows And Door<\/a><\/li>\r\n<li><a href=\"https:\/\/sinoextrud.com\/product\/aluminum-profile-doors\/\" target=\"_blank\">Aluminum Profile Doors<\/a><\/li>\r\n<li><a href=\"https:\/\/sinoextrud.com\/product\/aluminium-gate-fence\/\" target=\"_blank\">Aluminium gate fence<\/a><\/li>\r\n<li><a href=\"https:\/\/sinoextrud.com\/product\/aluminum-windows-and-doors\/\" target=\"_blank\">Aluminum Windows And Doors<\/a><\/li>\r\n<li><a href=\"https:\/\/sinoextrud.com\/product\/oem-aluminum-extrusion-profile-for-windows-and-doors\/\" target=\"_blank\">OEM Aluminum Extrusion Profile for Windows and Doors<\/a><\/li>\r\n<li><a href=\"https:\/\/sinoextrud.com\/product\/aluminium-enclosure\/\" target=\"_blank\">Aluminium Enclosure<\/a><\/li>\r\n<li><a href=\"https:\/\/sinoextrud.com\/product\/aluminum-hydraulic-oil-tank\/\" target=\"_blank\">Aluminum Hydraulic Oil Tank<\/a><\/li>"},"feature_list":[]},"_links":{"self":[{"href":"https:\/\/sinoextrud.com\/cs\/wp-json\/wp\/v2\/product\/6270","targetHints":{"allow":["GET"]}}],"collection":[{"href":"https:\/\/sinoextrud.com\/cs\/wp-json\/wp\/v2\/product"}],"about":[{"href":"https:\/\/sinoextrud.com\/cs\/wp-json\/wp\/v2\/types\/product"}],"wp:featuredmedia":[{"embeddable":true,"href":"https:\/\/sinoextrud.com\/cs\/wp-json\/wp\/v2\/media\/6269"}],"wp:attachment":[{"href":"https:\/\/sinoextrud.com\/cs\/wp-json\/wp\/v2\/media?parent=6270"}],"wp:term":[{"taxonomy":"category","embeddable":true,"href":"https:\/\/sinoextrud.com\/cs\/wp-json\/wp\/v2\/categories?post=6270"}],"curies":[{"name":"wp","href":"https:\/\/api.w.org\/{rel}","templated":true}]}}