{"id":6266,"date":"2025-05-26T07:16:30","date_gmt":"2025-05-26T07:16:30","guid":{"rendered":"https:\/\/sinoextrud.com\/product\/aluminum-profile-windows-extrusion-companies-in-china\/"},"modified":"2025-06-24T03:58:39","modified_gmt":"2025-06-24T03:58:39","slug":"vytlacovani-oken-z-hlinikovych-profilu-v-cine","status":"publish","type":"product","link":"https:\/\/sinoextrud.com\/cs\/product\/aluminum-profile-windows-extrusion-companies-in-china\/","title":{"rendered":"vytla\u010dov\u00e1n\u00ed oken z hlin\u00edkov\u00fdch profil\u016f v \u010c\u00edn\u011b"},"content":{"rendered":"<h2>Podrobnosti o produktech<\/h2>\n<table class=\"custom-table\">\n<tr>\n<td class=\"label\">Model NO:<\/td>\n<td>6063 t5 hlin\u00edkov\u00fd profil okna vytla\u010dov\u00e1n\u00ed firem v \u010c\u00edn\u011b s obr\u00e1zky prezentace<\/td>\n<\/tr>\n<tr>\n<td class=\"label\">Typ:<\/td>\n<td> okna z hlin\u00edkov\u00fdch profil\u016f<\/td>\n<\/tr>\n<tr>\n<td class=\"label\">Tvar:<\/td>\n<td> hlin\u00edkov\u00e9 spole\u010dnosti v \u010c\u00edn\u011b 80 series<\/td>\n<\/tr>\n<tr>\n<td class=\"label\">Povrchov\u00e1 \u00faprava:<\/td>\n<td>Elektrofor\u00e9za zlata<\/td>\n<\/tr>\n<tr>\n<td class=\"label\">Leguj\u00edc\u00ed slo\u017eka:<\/td>\n<td>6063<\/td>\n<\/tr>\n<tr>\n<td class=\"label\">Certifikace:<\/td>\n<td>CE, ISO hlin\u00edkov\u00e9 spole\u010dnosti v \u010c\u00edn\u011b<\/td>\n<\/tr>\n<tr>\n<td class=\"label\">Profil z le\u0161t\u011bn\u00e9ho hlin\u00edku:<\/td>\n<td>Chemick\u00e9 le\u0161t\u011bn\u00ed<\/td>\n<\/tr>\n<tr>\n<td class=\"label\">N\u00e1zev produktu:<\/td>\n<td>Prodej hlin\u00edkov\u00fdch okenn\u00edch profil\u016f vytla\u010dov\u00e1n\u00edm<\/td>\n<\/tr>\n<tr>\n<td class=\"label\">Povrchov\u00e1 \u00faprava:<\/td>\n<td>eloxovan\u00e9, pr\u00e1\u0161kov\u011b lakovan\u00e9, d\u0159ev\u011bn\u00e9 zrno atd.<\/td>\n<\/tr>\n<tr>\n<td class=\"label\">Barva:<\/td>\n<td>P\u0159izp\u016fsoben\u00e9<\/td>\n<\/tr>\n<tr>\n<td class=\"label\">Materi\u00e1l:<\/td>\n<td>Hlin\u00edkov\u00e1 slitina<\/td>\n<\/tr>\n<tr>\n<td class=\"label\">Typ hlin\u00edku:<\/td>\n<td>6063-T5<\/td>\n<\/tr>\n<tr>\n<td class=\"label\">Ochrann\u00e1 zn\u00e1mka:<\/td>\n<td> Sinoextrud<\/td>\n<\/tr>\n<tr>\n<td class=\"label\">P\u016fvod:<\/td>\n<td> Guangdong<\/td>\n<\/tr>\n<tr>\n<td class=\"label\">K\u00f3d HS:<\/td>\n<td>76042100<\/td>\n<\/tr>\n<\/table>\n<h2>Na\u0161e v\u00fdrobn\u00ed z\u00e1kladna<\/h2>\n<h3>Panorama tov\u00e1rny<\/h3>\n<p><img decoding=\"async\" src=\"\/wp-content\/uploads\/factory-01.webp\"\/><\/p>\n<h3>D\u00edlna na v\u00fdrobu hlin\u00edkov\u00fdch ty\u010d\u00ed<\/h3>\n<p><img decoding=\"async\" src=\"\/wp-content\/uploads\/factory-02.webp\"\/><\/p>\n<\/p>\n<p><img decoding=\"async\" src=\"\/wp-content\/uploads\/factory-03.webp\"\/><\/p>\n<h3>Sklad pl\u00edsn\u00ed<\/h3>\n<p><img decoding=\"async\" src=\"\/wp-content\/uploads\/factory-04.webp\"\/><\/p>\n<h3>43 linek na vytla\u010dov\u00e1n\u00ed hlin\u00edku (500 - 5500 tun)<\/h3>\n<p><img decoding=\"async\" src=\"\/wp-content\/uploads\/factory-05.webp\"\/><\/p>\n<p><img decoding=\"async\" src=\"\/wp-content\/uploads\/factory-06.webp\"\/><\/p>\n<p><img decoding=\"async\" src=\"\/wp-content\/uploads\/factory-07.webp\"\/><\/p>\n<h3>D\u00edlna pr\u00e1\u0161kov\u00e9ho lakov\u00e1n\u00ed<\/h3>\n<p><img decoding=\"async\" src=\"\/wp-content\/uploads\/factory-09.webp\"\/><\/p>\n<h3>D\u00edlna eloxov\u00e1n\u00ed<\/h3>\n<p><img decoding=\"async\" src=\"\/wp-content\/uploads\/factory-10.webp\"\/><\/p>\n<h3>Workshop o hloubkov\u00e9m zpracov\u00e1n\u00ed<\/h3>\n<p><img decoding=\"async\" src=\"\/wp-content\/uploads\/factory-11.webp\"\/><\/p>\n<h3>D\u00edlna CNC p\u0159esn\u00e9ho obr\u00e1b\u011bn\u00ed<\/h3>\n<p><img decoding=\"async\" src=\"\/wp-content\/uploads\/factory-11.5.webp\"\/><\/p>\n<h3>Sklad hotov\u00fdch v\u00fdrobk\u016f a exportn\u00ed sklad<\/h3>\n<p><img decoding=\"async\" src=\"\/wp-content\/uploads\/factory-12.webp\"\/><\/p>\n<p><img decoding=\"async\" src=\"\/wp-content\/uploads\/factory-13.webp\"\/><\/p>\n<p><img decoding=\"async\" src=\"\/wp-content\/uploads\/factory-14.webp\"\/><\/p>\n<h2>\u010cASTO KLADEN\u00c9 DOTAZY<\/h2>\n<p><b>1.What jsou hlin\u00edkov\u00e9 profily okna vytla\u010dov\u00e1n\u00ed spole\u010dnosti v \u010c\u00edn\u011b s obr\u00e1zky prezentace?<\/b><\/p>\n<p>Jedn\u00e1 se o p\u0159edn\u00ed \u010d\u00ednsk\u00e9 v\u00fdrobce, kte\u0159\u00ed se specializuj\u00ed na p\u0159esn\u00e9 vytla\u010dov\u00e1n\u00ed hlin\u00edku pro okenn\u00ed profily a p\u0159edstavuj\u00ed portfolio v\u00fdrobk\u016f prost\u0159ednictv\u00edm obrazov\u00fdch prezentac\u00ed ve vysok\u00e9m rozli\u0161en\u00ed.\n<\/p>\n<p><\/p>\n<p><b>2.Pro\u010d si vybrat hlin\u00edkov\u00e9 profily oken vytla\u010dov\u00e1n\u00ed spole\u010dnost\u00ed v \u010c\u00edn\u011b s obr\u00e1zky prezentace?<\/b><\/p>\n<p>Kombinuj\u00ed pokro\u010dilou technologii vytla\u010dov\u00e1n\u00ed, konkurenceschopn\u00e9 ceny a podrobn\u00e9 obrazov\u00e9 prezentace pro jasnou vizualizaci v\u00fdrobku a zaji\u0161t\u011bn\u00ed kvality.\n<\/p>\n<p><\/p>\n<p><b>3.Jak spole\u010dnosti zab\u00fdvaj\u00edc\u00ed se vytla\u010dov\u00e1n\u00edm oken z hlin\u00edkov\u00fdch profil\u016f v \u010c\u00edn\u011b pou\u017e\u00edvaj\u00ed obrazov\u00e9 prezentace?<\/b><\/p>\n<p>Tyto spole\u010dnosti vytv\u00e1\u0159ej\u00ed profesion\u00e1ln\u00ed vizu\u00e1ln\u00ed katalogy s aktu\u00e1ln\u00edmi fotografiemi, kter\u00e9 zd\u016fraz\u0148uj\u00ed profily pro vytla\u010dov\u00e1n\u00ed, povrchov\u00e9 \u00fapravy a p\u0159\u00edklady instalace.\n<\/p>\n<p><\/p>\n<p><b>4.Jak\u00e9 v\u00fdhody nab\u00edzej\u00ed \u010d\u00ednsk\u00e9 spole\u010dnosti zab\u00fdvaj\u00edc\u00ed se vytla\u010dov\u00e1n\u00edm hlin\u00edkov\u00fdch profil\u016f?<\/b><\/p>\n<p>Poskytuj\u00ed rychlou v\u00fdrobu prototyp\u016f, rozs\u00e1hl\u00e9 v\u00fdrobn\u00ed kapacity a komplexn\u00ed obrazov\u00e9 prezentace, kter\u00e9 zjednodu\u0161uj\u00ed specifikace a schvalov\u00e1n\u00ed n\u00e1vrh\u016f.\n<\/p>\n<p><\/p>\n<p><b>5.Mohu p\u0159izp\u016fsobit okna z hlin\u00edkov\u00fdch profil\u016f s prezentac\u00ed obr\u00e1zk\u016f z \u010d\u00ednsk\u00fdch extrud\u00e9r\u016f?<\/b><\/p>\n<p>Ano, v\u011bt\u0161ina spole\u010dnost\u00ed zab\u00fdvaj\u00edc\u00edch se vytla\u010dov\u00e1n\u00edm hlin\u00edkov\u00fdch profil\u016f v \u010c\u00edn\u011b nab\u00edz\u00ed vlastn\u00ed tvary, povrchov\u00e9 \u00fapravy a prezentace obr\u00e1zk\u016f s pozn\u00e1mkami, kter\u00e9 vyhovuj\u00ed jak\u00fdmkoli architektonick\u00fdm po\u017eadavk\u016fm.\n<\/p>\n<p><\/p>\n<p><b>6.Jak prezentace obr\u00e1zk\u016f zlep\u0161uje objedn\u00e1v\u00e1n\u00ed od \u010d\u00ednsk\u00fdch spole\u010dnost\u00ed zab\u00fdvaj\u00edc\u00edch se vytla\u010dov\u00e1n\u00edm?<\/b><\/p>\n<p>Podrobn\u00e9 obrazov\u00e9 prezentace sni\u017euj\u00ed po\u010det chyb v komunikaci, urychluj\u00ed tvorbu cenov\u00fdch nab\u00eddek a zaji\u0161\u0165uj\u00ed, \u017ee okna z hlin\u00edkov\u00fdch profil\u016f budou p\u0159ed v\u00fdrobou p\u0159esn\u011b odpov\u00eddat specifikac\u00edm.\n<\/p>\n<p><\/p>\n<p><b>7.Jak\u00e9 normy kvality dodr\u017euj\u00ed spole\u010dnosti zab\u00fdvaj\u00edc\u00ed se vytla\u010dov\u00e1n\u00edm oken z hlin\u00edkov\u00fdch profil\u016f v \u010c\u00edn\u011b?<\/b><\/p>\n<p>\u0160pi\u010dkov\u00e9 vytla\u010dovac\u00ed spole\u010dnosti v \u010c\u00edn\u011b dodr\u017euj\u00ed normy ISO 9001, CE a ASTM a pro p\u0159ehlednost p\u0159ikl\u00e1daj\u00ed certifikovan\u00e9 zku\u0161ebn\u00ed protokoly spolu s obrazov\u00fdmi prezentacemi.\n<\/p>\n<p><\/p>\n<p><b>8.Jsou spole\u010dnosti zab\u00fdvaj\u00edc\u00ed se vytla\u010dov\u00e1n\u00edm hlin\u00edkov\u00fdch profil\u016f v \u010c\u00edn\u011b n\u00e1kladov\u011b efektivn\u00ed?<\/b><\/p>\n<p>\u010c\u00ednsk\u00e9 vytla\u010dovac\u00ed spole\u010dnosti vyu\u017e\u00edvaj\u00ed \u00faspory z rozsahu a nab\u00edzej\u00ed konkurenceschopn\u00e9 ceny oken z hlin\u00edkov\u00fdch profil\u016f, kter\u00e9 dopl\u0148uj\u00ed bezplatn\u00fdmi obrazov\u00fdmi prezentacemi pro potvrzen\u00ed n\u00e1vrhu.\n<\/p>\n<p><\/p>\n<p><b>9.Jak mohu vyhodnotit spole\u010dnosti zab\u00fdvaj\u00edc\u00ed se vytla\u010dov\u00e1n\u00edm hlin\u00edkov\u00fdch profil\u016f v \u010c\u00edn\u011b?<\/b><\/p>\n<p>Prohl\u00e9dn\u011bte si jejich portfolio oken z hlin\u00edkov\u00fdch profil\u016f, prohl\u00e9dn\u011bte si obrazov\u00e9 prezentace ve vysok\u00e9m rozli\u0161en\u00ed, zkontrolujte reference klient\u016f a ov\u011b\u0159te si certifik\u00e1ty.\n<\/p>\n<p><\/p>\n<p><b>10.Kde mohu naj\u00edt obrazov\u00e9 prezentace od spole\u010dnost\u00ed zab\u00fdvaj\u00edc\u00edch se vytla\u010dov\u00e1n\u00edm oken z hlin\u00edkov\u00fdch profil\u016f v \u010c\u00edn\u011b?<\/b><\/p>\n<p>Nav\u0161tivte ofici\u00e1ln\u00ed webov\u00e9 str\u00e1nky nebo katalogy v\u00fdrobk\u016f p\u0159edn\u00edch \u010d\u00ednsk\u00fdch extrud\u00e9r\u016f a st\u00e1hn\u011bte si komplexn\u00ed obrazov\u00e9 prezentace a technick\u00e9 listy.\n<\/p>\n<p><\/p>","protected":false},"featured_media":6265,"template":"","categories":[59],"class_list":["post-6266","product","type-product","status-publish","has-post-thumbnail","hentry","category-aluminum-window-door-system"],"meta_box":{"hilight_text_group":{"product_hilight_text":"<li>Over 20 years of extrusion expertise with annual capacity of 50,000 tons, ensuring stable supply<\/li>\r\r\n<li>Advanced CNC machining and anodizing lines to deliver precise window profiles with diverse finishes<\/li>\r\r\n<li>Comprehensive picture presentations and digital catalogs showcasing profiles, applications, and installations<\/li>\r\r\n<li>Customized design services with 3D renderings and physical samples to meet specific project needs<\/li>\r\r\n<li>ISO 9001, CE, and GAI-Labs certified for consistent quality and global compliance<\/li>\r\r\n<li>Strong OEM\/ODM capabilities supported by a dedicated R&D team for innovative extrusion solutions<\/li>\r\r\n<li>Global export experience to 50+ countries with reliable logistics partners and on-time delivery<\/li>\r\r\n<li>Full after-sales support including technical consultation, installation guidance, and spare parts supply<\/li>","product_chanpin_chanpin":"<li><a href=\"https:\/\/sinoextrud.com\/product\/aluminum-window-frame\/\" target=\"_blank\">Aluminum Window Frame<\/a><\/li>\r\n<li><a href=\"https:\/\/sinoextrud.com\/product\/aluminum-window-profile\/\" target=\"_blank\">Aluminum Window Profile<\/a><\/li>\r\n<li><a href=\"https:\/\/sinoextrud.com\/product\/aluminum-casement-window-double-hung-single-hung-jalousie-security-door-and-window\/\" target=\"_blank\">aluminum casement window Double Hung Single Hung Jalousie Security Door And Window<\/a><\/li>\r\n<li><a href=\"https:\/\/sinoextrud.com\/product\/aluminum-window\/\" target=\"_blank\">Aluminum Window<\/a><\/li>\r\n<li><a href=\"https:\/\/sinoextrud.com\/product\/aluminum-profile-windows-extrusion-companies-in-china\/\" target=\"_blank\">aluminum profile windows extrusion companies in china<\/a><\/li>\r\n<li><a href=\"https:\/\/sinoextrud.com\/product\/thermal-break-aluminium-profiles\/\" target=\"_blank\">Thermal Break Aluminium Profiles<\/a><\/li>\r\n<li><a href=\"https:\/\/sinoextrud.com\/product\/aluminium-mosquito-net-windows-and-door\/\" target=\"_blank\">Aluminium Mosquito Net Windows And Door<\/a><\/li>\r\n<li><a href=\"https:\/\/sinoextrud.com\/product\/aluminum-profile-doors\/\" target=\"_blank\">Aluminum Profile Doors<\/a><\/li>\r\n<li><a href=\"https:\/\/sinoextrud.com\/product\/aluminium-gate-fence\/\" target=\"_blank\">Aluminium gate fence<\/a><\/li>\r\n<li><a href=\"https:\/\/sinoextrud.com\/product\/aluminium-profile-workbench\/\" target=\"_blank\">Aluminium Profile Workbench<\/a><\/li>\r\n<li><a href=\"https:\/\/sinoextrud.com\/product\/anodized-extrusion-precise-round-square-aluminum-tube\/\" target=\"_blank\">Anodized Extrusion Precise Round Square Aluminum Tube<\/a><\/li>"},"feature_list":[]},"_links":{"self":[{"href":"https:\/\/sinoextrud.com\/cs\/wp-json\/wp\/v2\/product\/6266","targetHints":{"allow":["GET"]}}],"collection":[{"href":"https:\/\/sinoextrud.com\/cs\/wp-json\/wp\/v2\/product"}],"about":[{"href":"https:\/\/sinoextrud.com\/cs\/wp-json\/wp\/v2\/types\/product"}],"wp:featuredmedia":[{"embeddable":true,"href":"https:\/\/sinoextrud.com\/cs\/wp-json\/wp\/v2\/media\/6265"}],"wp:attachment":[{"href":"https:\/\/sinoextrud.com\/cs\/wp-json\/wp\/v2\/media?parent=6266"}],"wp:term":[{"taxonomy":"category","embeddable":true,"href":"https:\/\/sinoextrud.com\/cs\/wp-json\/wp\/v2\/categories?post=6266"}],"curies":[{"name":"wp","href":"https:\/\/api.w.org\/{rel}","templated":true}]}}