{"id":6262,"date":"2025-05-26T07:07:44","date_gmt":"2025-05-26T07:07:44","guid":{"rendered":"https:\/\/sinoextrud.com\/product\/aluminum-casement-window-double-hung-single-hung-jalousie-security-door-and-window\/"},"modified":"2025-06-24T03:56:58","modified_gmt":"2025-06-24T03:56:58","slug":"hlinikova-kridlova-okna-dvojita-jednokridlova-bezpecnostni-dvere-a-okna-jalousie","status":"publish","type":"product","link":"https:\/\/sinoextrud.com\/cs\/product\/aluminum-casement-window-double-hung-single-hung-jalousie-security-door-and-window\/","title":{"rendered":"hlin\u00edkov\u00e9 kastlov\u00e9 okno Double Hung Single Hung Jalousie Bezpe\u010dnostn\u00ed dve\u0159e a okna"},"content":{"rendered":"<h2>Podrobnosti o produktech<\/h2>\n<table class=\"custom-table\">\n<tr>\n<td class=\"label\">Polo\u017eka:<\/td>\n<td>hlin\u00edkov\u00e9 kastlov\u00e9 okno Double Hung Single Hung Jalousie Bezpe\u010dnostn\u00ed dve\u0159e a okna<\/td>\n<\/tr>\n<tr>\n<td class=\"label\">M\u00edrnost:<\/td>\n<td>6063-T5<\/td>\n<\/tr>\n<tr>\n<td class=\"label\">Tvar:<\/td>\n<td>p\u0159izp\u016fsobit<\/td>\n<\/tr>\n<tr>\n<td class=\"label\">Tolerance:<\/td>\n<td>\u00b10,5%<\/td>\n<\/tr>\n<tr>\n<td class=\"label\">Standardn\u00ed:<\/td>\n<td>st\u0159edn\u00ed a vysok\u00e1 kvalita<\/td>\n<\/tr>\n<tr>\n<td class=\"label\">Doba dod\u00e1n\u00ed:<\/td>\n<td>25-30 dn\u00ed<\/td>\n<\/tr>\n<tr>\n<td class=\"label\">Term\u00edn platby:<\/td>\n<td>T\/T (30% z\u00e1loha), L\/C<\/td>\n<\/tr>\n<tr>\n<td class=\"label\">P\u0159\u00edstav:<\/td>\n<td>Guangzhou, Shenzhen<\/td>\n<\/tr>\n<tr>\n<td class=\"label\">T\u0159\u00edda:<\/td>\n<td>\u0158ada 6000 6063<\/td>\n<\/tr>\n<tr>\n<td class=\"label\">M\u00edsto p\u016fvodu:<\/td>\n<td>Foshan, Guangdong<\/td>\n<\/tr>\n<tr>\n<td class=\"label\">Slitina nebo ne:<\/td>\n<td>Slitina Alunimun<\/td>\n<\/tr>\n<tr>\n<td class=\"label\">Zna\u010dka:<\/td>\n<td> Sinoextrud<\/td>\n<\/tr>\n<tr>\n<td class=\"label\">Povrchov\u00e1 \u00faprava:<\/td>\n<td>pr\u00e1\u0161kov\u00e9 lakov\u00e1n\u00ed, elektrofor\u00e9za, kresba d\u0159eva, eloxov\u00e1n\u00ed, kart\u00e1\u010dov\u00e1n\u00ed, le\u0161t\u011bn\u00ed<\/td>\n<\/tr>\n<tr>\n<td class=\"label\">MOQ:<\/td>\n<td>200 kg<\/td>\n<\/tr>\n<tr>\n<td class=\"label\">Slu\u017eba zpracov\u00e1n\u00ed:<\/td>\n<td>Oh\u00fdb\u00e1n\u00ed, odv\u00edjen\u00ed, sva\u0159ov\u00e1n\u00ed, d\u011brov\u00e1n\u00ed, \u0159ez\u00e1n\u00ed<\/td>\n<\/tr>\n<tr>\n<td class=\"label\">D\u00e9lka::<\/td>\n<td>1-9m nebo na m\u00edru<\/td>\n<\/tr>\n<tr>\n<td class=\"label\">M\u011bs\u00ed\u010dn\u00ed produkce:<\/td>\n<td>2400 t -3000 t<\/td>\n<\/tr>\n<\/table>\n<h2>Na\u0161e v\u00fdrobn\u00ed z\u00e1kladna<\/h2>\n<h3>Panorama tov\u00e1rny<\/h3>\n<p><img decoding=\"async\" src=\"\/wp-content\/uploads\/factory-01.webp\"\/><\/p>\n<h3>D\u00edlna na v\u00fdrobu hlin\u00edkov\u00fdch ty\u010d\u00ed<\/h3>\n<p><img decoding=\"async\" src=\"\/wp-content\/uploads\/factory-02.webp\"\/><\/p>\n<\/p>\n<p><img decoding=\"async\" src=\"\/wp-content\/uploads\/factory-03.webp\"\/><\/p>\n<h3>Sklad pl\u00edsn\u00ed<\/h3>\n<p><img decoding=\"async\" src=\"\/wp-content\/uploads\/factory-04.webp\"\/><\/p>\n<h3>43 linek na vytla\u010dov\u00e1n\u00ed hlin\u00edku (500-5500 tun)<\/h3>\n<p><img decoding=\"async\" src=\"\/wp-content\/uploads\/factory-05.webp\"\/><\/p>\n<p><img decoding=\"async\" src=\"\/wp-content\/uploads\/factory-06.webp\"\/><\/p>\n<p><img decoding=\"async\" src=\"\/wp-content\/uploads\/factory-07.webp\"\/><\/p>\n<h3>D\u00edlna pr\u00e1\u0161kov\u00e9ho lakov\u00e1n\u00ed<\/h3>\n<p><img decoding=\"async\" src=\"\/wp-content\/uploads\/factory-09.webp\"\/><\/p>\n<h3>D\u00edlna eloxov\u00e1n\u00ed<\/h3>\n<p><img decoding=\"async\" src=\"\/wp-content\/uploads\/factory-10.webp\"\/><\/p>\n<h3>Workshop o hloubkov\u00e9m zpracov\u00e1n\u00ed<\/h3>\n<p><img decoding=\"async\" src=\"\/wp-content\/uploads\/factory-11.webp\"\/><\/p>\n<h3>D\u00edlna CNC p\u0159esn\u00e9ho obr\u00e1b\u011bn\u00ed<\/h3>\n<p><img decoding=\"async\" src=\"\/wp-content\/uploads\/factory-11.5.webp\"\/><\/p>\n<h3>Sklad hotov\u00fdch v\u00fdrobk\u016f a exportn\u00ed sklad<\/h3>\n<p><img decoding=\"async\" src=\"\/wp-content\/uploads\/factory-12.webp\"\/><\/p>\n<p><img decoding=\"async\" src=\"\/wp-content\/uploads\/factory-13.webp\"\/><\/p>\n<p><img decoding=\"async\" src=\"\/wp-content\/uploads\/factory-14.webp\"\/><\/p>\n<h2>\u010cASTO KLADEN\u00c9 DOTAZY<\/h2>\n<p><b>1.Co je hlin\u00edkov\u00e9 kastlov\u00e9 okno?<\/b><\/p>\n<p>Hlin\u00edkov\u00e9 k\u0159\u00eddlov\u00e9 okno je okno s bo\u010dn\u00edm otev\u00edr\u00e1n\u00edm vyroben\u00e9 z odoln\u00e9ho hlin\u00edkov\u00e9ho r\u00e1mu, kter\u00e9 poskytuje neru\u0161en\u00fd v\u00fdhled, snadn\u00e9 ovl\u00e1d\u00e1n\u00ed a modern\u00ed estetiku.\n<\/p>\n<p><\/p>\n<p><b>2.Jak\u00e9 jsou v\u00fdhody hlin\u00edkov\u00fdch oken?<\/b><\/p>\n<p>Hlin\u00edkov\u00e1 k\u0159\u00eddlov\u00e1 okna poskytuj\u00ed energetickou \u00fa\u010dinnost, odolnost proti korozi, t\u011bsnost a n\u00edzk\u00e9 n\u00e1roky na \u00fadr\u017ebu, co\u017e p\u0159in\u00e1\u0161\u00ed dlouhodobou hodnotu.\n<\/p>\n<p><\/p>\n<p><b>3.Co je hlin\u00edkov\u00e9 okno s dvojit\u00fdm zav\u011b\u0161en\u00edm?<\/b><\/p>\n<p>Dvojit\u00e9 hlin\u00edkov\u00e9 okno m\u00e1 dv\u011b otev\u00edrateln\u00e1 k\u0159\u00eddla v hlin\u00edkov\u00fdch r\u00e1mech, kter\u00e1 se posouvaj\u00ed ve svisl\u00e9 poloze a umo\u017e\u0148uj\u00ed v\u0161estrann\u00e9 v\u011btr\u00e1n\u00ed a snadn\u00e9 \u010di\u0161t\u011bn\u00ed.\n<\/p>\n<p><\/p>\n<p><b>4.Pro\u010d si vybrat dvojit\u00e9 okno?<\/b><\/p>\n<p>Okna s dvojit\u00fdm k\u0159\u00eddlem nab\u00edzej\u00ed dvouk\u0159\u00eddl\u00e9 ovl\u00e1d\u00e1n\u00ed, vynikaj\u00edc\u00ed regulaci proud\u011bn\u00ed vzduchu, tradi\u010dn\u00ed styl a kompatibilitu s hlin\u00edkov\u00fdm r\u00e1mem, kter\u00fd zaji\u0161\u0165uje pevnost a odolnost.\n<\/p>\n<p><\/p>\n<p><b>5.Co je to hlin\u00edkov\u00e9 okno s jedn\u00edm oknem?<\/b><\/p>\n<p>Jednok\u0159\u00eddl\u00e9 hlin\u00edkov\u00e9 okno m\u00e1 jedno pevn\u00e9 horn\u00ed k\u0159\u00eddlo a jedno pohybliv\u00e9 doln\u00ed k\u0159\u00eddlo z hlin\u00edkov\u00fdch profil\u016f a poskytuje cenov\u011b v\u00fdhodn\u00e9 v\u011btr\u00e1n\u00ed a klasick\u00fd design.\n<\/p>\n<p><\/p>\n<p><b>6.Jak\u00e9 je porovn\u00e1n\u00ed jednoduch\u00e9ho okna s dvojit\u00fdm oknem?<\/b><\/p>\n<p>Jednoduch\u00e1 okna jsou levn\u011bj\u0161\u00ed, pou\u017e\u00edvaj\u00ed jednodu\u0161\u0161\u00ed hlin\u00edkov\u00e9 r\u00e1my a poskytuj\u00ed spolehliv\u00e9 v\u011btr\u00e1n\u00ed, zat\u00edmco dvojit\u00e1 okna zvy\u0161uj\u00ed pohodl\u00ed p\u0159i \u010di\u0161t\u011bn\u00ed a flexibilitu proud\u011bn\u00ed vzduchu.\n<\/p>\n<p><\/p>\n<p><b>7.Co je to okno Jalousie?<\/b><\/p>\n<p>Okno Jalousie se skl\u00e1d\u00e1 z paraleln\u00edch sklen\u011bn\u00fdch \u017ealuzi\u00ed v hlin\u00edkov\u00fdch kan\u00e1lech, kter\u00e9 se vykl\u00e1p\u011bj\u00ed a otev\u00edraj\u00ed, aby maximalizovaly proud\u011bn\u00ed vzduchu a poskytly p\u016fvab tropick\u00e9ho stylu.\n<\/p>\n<p><\/p>\n<p><b>8.Jak\u00e9 jsou v\u00fdhody okna Jalousie?<\/b><\/p>\n<p>Okna Jalousie nab\u00edzej\u00ed nastaviteln\u00e9 v\u011btr\u00e1n\u00ed, elegantn\u00ed hlin\u00edkov\u00e9 r\u00e1my, \u0161iroko\u00fahl\u00e9 proud\u011bn\u00ed vzduchu a rychl\u00e9 ovl\u00e1d\u00e1n\u00ed pro pou\u017eit\u00ed v tepl\u00e9m klimatu.\n<\/p>\n<p><\/p>\n<p><b>9.Co definuje bezpe\u010dnostn\u00ed dve\u0159e a okna?<\/b><\/p>\n<p>Bezpe\u010dnostn\u00ed dve\u0159e a okna maj\u00ed zes\u00edlen\u00e9 hlin\u00edkov\u00e9 r\u00e1my, v\u00edcebodov\u00e9 z\u00e1mky, skla odoln\u00e1 proti n\u00e1razu a integrovan\u00e9 m\u0159\u00ed\u017ee chr\u00e1n\u00edc\u00ed p\u0159ed vniknut\u00edm.\n<\/p>\n<p><\/p>\n<p><b>10.Jak se bezpe\u010dnostn\u00ed dve\u0159e a okna kombinuj\u00ed s k\u0159\u00eddlov\u00fdmi a z\u00e1v\u011bsn\u00fdmi okny?<\/b><\/p>\n<p>Bezpe\u010dnostn\u00ed dve\u0159e a okna lze kombinovat s hlin\u00edkov\u00fdmi kastlov\u00fdmi okny, okny s dvojit\u00fdm a jednoduch\u00fdm k\u0159\u00eddlem a okny typu Jalousie s pou\u017eit\u00edm odpov\u00eddaj\u00edc\u00edch hlin\u00edkov\u00fdch profil\u016f a vysoce bezpe\u010dnostn\u00edho kov\u00e1n\u00ed.\n<\/p>\n<p><\/p>","protected":false},"featured_media":6261,"template":"","categories":[59],"class_list":["post-6262","product","type-product","status-publish","has-post-thumbnail","hentry","category-aluminum-window-door-system"],"meta_box":{"hilight_text_group":{"product_hilight_text":"<li>Constructed from premium 6063-T5 aluminum alloy for superior strength and corrosion resistance<\/li>\r\r\n<li>Versatile product range: casement, double-hung, single-hung, jalousie, and security door\/window options<\/li>\r\r\n<li>Precision-engineered frames with \u00c2\u00b10.1 mm tolerance for seamless integration and airtight sealing<\/li>\r\r\n<li>Optional thermal break and multi-chamber design to enhance insulation and lower energy costs<\/li>\r\r\n<li>Customizable finishes (anodized, powder-coated) and color matching for architectural harmony<\/li>\r\r\n<li>Heavy-duty multi-point locking systems for enhanced security and compliance with industry standards<\/li>\r\r\n<li>Integrated drainage and ventilation channels to prevent water accumulation and maintain performance<\/li>\r\r\n<li>Pre-drilled mounting holes and snap-fit accessories for rapid, error-free installation<\/li>\r\r\n<li>Low-maintenance hardware with corrosion-proof components for long-term reliability<\/li>\r\r\n<li>RoHS-compliant and fully recyclable for sustainable building projects<\/li>","product_chanpin_chanpin":"<li><a href=\"https:\/\/sinoextrud.com\/product\/aluminum-door-frame-profile\/\" target=\"_blank\">Aluminum Door Frame Profile<\/a><\/li>\r\n<li><a href=\"https:\/\/sinoextrud.com\/product\/sliding-window-aluminum-window-track\/\" target=\"_blank\">Sliding Window Aluminum Window Track<\/a><\/li>\r\n<li><a href=\"https:\/\/sinoextrud.com\/product\/aluminum-window-frame\/\" target=\"_blank\">Aluminum Window Frame<\/a><\/li>\r\n<li><a href=\"https:\/\/sinoextrud.com\/product\/aluminum-window-profile\/\" target=\"_blank\">Aluminum Window Profile<\/a><\/li>\r\n<li><a href=\"https:\/\/sinoextrud.com\/product\/aluminum-casement-window-double-hung-single-hung-jalousie-security-door-and-window\/\" target=\"_blank\">aluminum casement window Double Hung Single Hung Jalousie Security Door And Window<\/a><\/li>\r\n<li><a href=\"https:\/\/sinoextrud.com\/product\/aluminum-window\/\" target=\"_blank\">Aluminum Window<\/a><\/li>\r\n<li><a href=\"https:\/\/sinoextrud.com\/product\/aluminum-profile-windows-extrusion-companies-in-china\/\" target=\"_blank\">aluminum profile windows extrusion companies in china<\/a><\/li>\r\n<li><a href=\"https:\/\/sinoextrud.com\/product\/thermal-break-aluminium-profiles\/\" target=\"_blank\">Thermal Break Aluminium Profiles<\/a><\/li>\r\n<li><a href=\"https:\/\/sinoextrud.com\/product\/aluminium-mosquito-net-windows-and-door\/\" target=\"_blank\">Aluminium Mosquito Net Windows And Door<\/a><\/li>\r\n<li><a href=\"https:\/\/sinoextrud.com\/product\/extruded-aluminium-profile-tube-pipe-with-oval-trigle-square-round-shape-manufacturer-price\/\" target=\"_blank\">Extruded Aluminium Profile Tube Pipe With Oval Trigle Square Round Shape Manufacturer Price<\/a><\/li>\r\n<li><a href=\"https:\/\/sinoextrud.com\/product\/custom-finishing-aluminum-extrusion-profile-fabrication-and-cnc-machining\/\" target=\"_blank\">Custom Finishing Aluminum Extrusion Profile Fabrication and CNC Machining<\/a><\/li>"},"feature_list":[]},"_links":{"self":[{"href":"https:\/\/sinoextrud.com\/cs\/wp-json\/wp\/v2\/product\/6262","targetHints":{"allow":["GET"]}}],"collection":[{"href":"https:\/\/sinoextrud.com\/cs\/wp-json\/wp\/v2\/product"}],"about":[{"href":"https:\/\/sinoextrud.com\/cs\/wp-json\/wp\/v2\/types\/product"}],"wp:featuredmedia":[{"embeddable":true,"href":"https:\/\/sinoextrud.com\/cs\/wp-json\/wp\/v2\/media\/6261"}],"wp:attachment":[{"href":"https:\/\/sinoextrud.com\/cs\/wp-json\/wp\/v2\/media?parent=6262"}],"wp:term":[{"taxonomy":"category","embeddable":true,"href":"https:\/\/sinoextrud.com\/cs\/wp-json\/wp\/v2\/categories?post=6262"}],"curies":[{"name":"wp","href":"https:\/\/api.w.org\/{rel}","templated":true}]}}