{"id":6260,"date":"2025-05-26T07:05:06","date_gmt":"2025-05-26T07:05:06","guid":{"rendered":"https:\/\/sinoextrud.com\/product\/aluminum-window-profile\/"},"modified":"2025-06-24T03:56:31","modified_gmt":"2025-06-24T03:56:31","slug":"hlinikovy-okenni-profil-2","status":"publish","type":"product","link":"https:\/\/sinoextrud.com\/cs\/product\/aluminum-window-profile\/","title":{"rendered":"Hlin\u00edkov\u00fd okenn\u00ed profil"},"content":{"rendered":"<h2>Podrobnosti o produktech<\/h2>\n<table class=\"custom-table\">\n<tr>\n<td class=\"label\">Polo\u017eka<\/td>\n<td>Hlin\u00edkov\u00fd okenn\u00ed profil<\/td>\n<\/tr>\n<tr>\n<td class=\"label\">Materi\u00e1l<\/td>\n<td>Slitina 6063 T5 N\u00e1rodn\u00ed norma<\/td>\n<\/tr>\n<tr>\n<td class=\"label\">Aplikace<\/td>\n<td>Hlin\u00edkov\u00e1 okna a dve\u0159e<\/td>\n<\/tr>\n<tr>\n<td class=\"label\">Certifik\u00e1t<\/td>\n<td>ISO9001, ISO14001<\/td>\n<\/tr>\n<tr>\n<td class=\"label\">Schopnosti<\/td>\n<td>Ro\u010dn\u00ed produkce v\u00edce ne\u017e 30 000 tun<\/td>\n<\/tr>\n<tr>\n<td class=\"label\">Barva<\/td>\n<td>K dispozici na m\u00edru<\/td>\n<\/tr>\n<tr>\n<td class=\"label\">D\u00e9lka<\/td>\n<td>1-9 metr\u016f nebo na m\u00edru<\/td>\n<\/tr>\n<tr>\n<td class=\"label\">Tlou\u0161\u0165ka<\/td>\n<td>P\u0159izp\u016fsoben\u00e9<\/td>\n<\/tr>\n<tr>\n<td class=\"label\">Povrchov\u00e1 \u00faprava<\/td>\n<td>eloxov\u00e1n\u00ed, pr\u00e1\u0161kov\u00e9 lakov\u00e1n\u00ed, p\u0159enos d\u0159eva, elektrofor\u00e9za atd.<\/td>\n<\/tr>\n<tr>\n<td class=\"label\">Aplikace<\/td>\n<td>hlin\u00edkov\u00fd okenn\u00ed a dve\u0159n\u00ed profil, z\u00e1v\u011bsov\u00e1 st\u011bna<\/td>\n<\/tr>\n<tr>\n<td class=\"label\">Nakl\u00e1dac\u00ed port<\/td>\n<td>Foshan, Shenzhen, Guangzhou<\/td>\n<\/tr>\n<tr>\n<td class=\"label\">Platba<\/td>\n<td>T\/T, 30% z\u00e1lohov\u00e1 platba, zat\u00edmco z\u016fstatek bude splacen p\u0159ed dod\u00e1n\u00edm<\/td>\n<\/tr>\n<tr>\n<td class=\"label\">Bal\u00ed\u010dek<\/td>\n<td>1.Inside: baleno s plastovou ochrannou f\u00f3li\u00ed pro ochranu ka\u017ed\u00e9ho profilu<br \/>2.Outside: baleno s vod\u011bodoln\u00fdm \u0159emesln\u00fdm pap\u00edrem<\/td>\n<\/tr>\n<tr>\n<td class=\"label\">Dod\u00e1vka<\/td>\n<td>25-30 dn\u00ed po zaplacen\u00ed z\u00e1lohy<\/td>\n<\/tr>\n<tr>\n<td class=\"label\">Po\u0159ad\u00ed objedn\u00e1vek<\/td>\n<td>1. Potvr\u010fte v\u00fdkresy, povrchovou \u00fapravu a cenu;<br \/>2. Zapla\u0165te poplatek za formu a my za\u010dneme vyr\u00e1b\u011bt formy;<br \/>3. Pro potvrzen\u00ed v\u00e1m za\u0161leme vzorky;<br \/>4. Prove\u010fte platbu z\u00e1lohy 30% a zahajte v\u00fdrobu;<\/td>\n<\/tr>\n<\/table>\n<h2>Na\u0161e v\u00fdrobn\u00ed z\u00e1kladna<\/h2>\n<h3>Panorama tov\u00e1rny<\/h3>\n<p><img decoding=\"async\" src=\"\/wp-content\/uploads\/factory-01.webp\"\/><\/p>\n<h3>D\u00edlna na v\u00fdrobu hlin\u00edkov\u00fdch ty\u010d\u00ed<\/h3>\n<p><img decoding=\"async\" src=\"\/wp-content\/uploads\/factory-02.webp\"\/><\/p>\n<p><img decoding=\"async\" src=\"\/wp-content\/uploads\/factory-03.webp\"\/><\/p>\n<h3>Sklad pl\u00edsn\u00ed<\/h3>\n<p><img decoding=\"async\" src=\"\/wp-content\/uploads\/factory-04.webp\"\/><\/p>\n<h3>43 linek na vytla\u010dov\u00e1n\u00ed hlin\u00edku (500 - 5500 tun)<\/h3>\n<p><img decoding=\"async\" src=\"\/wp-content\/uploads\/factory-05.webp\"\/><\/p>\n<p><img decoding=\"async\" src=\"\/wp-content\/uploads\/factory-06.webp\"\/><\/p>\n<p><img decoding=\"async\" src=\"\/wp-content\/uploads\/factory-07.webp\"\/><\/p>\n<h3>D\u00edlna pr\u00e1\u0161kov\u00e9ho lakov\u00e1n\u00ed<\/h3>\n<p><img decoding=\"async\" src=\"\/wp-content\/uploads\/factory-09.webp\"\/><\/p>\n<h3>D\u00edlna eloxov\u00e1n\u00ed<\/h3>\n<p><img decoding=\"async\" src=\"\/wp-content\/uploads\/factory-10.webp\"\/><\/p>\n<h3>Workshop o hloubkov\u00e9m zpracov\u00e1n\u00ed<\/h3>\n<p><img decoding=\"async\" src=\"\/wp-content\/uploads\/factory-11.webp\"\/><\/p>\n<h3>D\u00edlna CNC p\u0159esn\u00e9ho obr\u00e1b\u011bn\u00ed<\/h3>\n<p><img decoding=\"async\" src=\"\/wp-content\/uploads\/factory-11.5.webp\"\/><\/p>\n<h3>Sklad hotov\u00fdch v\u00fdrobk\u016f a exportn\u00ed sklad<\/h3>\n<p><img decoding=\"async\" src=\"\/wp-content\/uploads\/factory-12.webp\"\/><\/p>\n<p><img decoding=\"async\" src=\"\/wp-content\/uploads\/factory-13.webp\"\/><\/p>\n<p><img decoding=\"async\" src=\"\/wp-content\/uploads\/factory-14.webp\"\/><\/p>\n<h2>\u010cASTO KLADEN\u00c9 DOTAZY<\/h2>\n<p><p><b>1.Co je hlin\u00edkov\u00fd okenn\u00ed profil?<\/b><\/p>\n<p>Hlin\u00edkov\u00fd okenn\u00ed profil je p\u0159esn\u011b lisovan\u00e1 sou\u010d\u00e1st r\u00e1mu vyroben\u00e1 z vysoce kvalitn\u00ed hlin\u00edkov\u00e9 slitiny, kter\u00e1 je ur\u010dena k podep\u0159en\u00ed sklen\u011bn\u00fdch tabul\u00ed a vytvo\u0159en\u00ed odoln\u00fdch okenn\u00edch sestav.<br \/>\n<\/p><br \/>\n<br \/>\n<p><b>2.Pro\u010d zvolit hlin\u00edkov\u00fd okenn\u00ed profil pro modern\u00ed stavbu?<\/b><\/p>\n<p>Hlin\u00edkov\u00fd okenn\u00ed profil nab\u00edz\u00ed elegantn\u00ed estetiku, vysok\u00fd pom\u011br pevnosti a hmotnosti a vynikaj\u00edc\u00ed rozm\u011brovou stabilitu pro modern\u00ed architektonick\u00e9 n\u00e1vrhy.<br \/>\n<\/p><br \/>\n<br \/>\n<p><b>3.Jak hlin\u00edkov\u00fd okenn\u00ed profil zlep\u0161uje tepeln\u00e9 vlastnosti?<\/b><\/p>\n<p>Hlin\u00edkov\u00e9 okenn\u00ed profily s tepelnou izolac\u00ed obsahuj\u00ed izola\u010dn\u00ed bari\u00e9ry, kter\u00e9 sni\u017euj\u00ed prostup tepla, zvy\u0161uj\u00ed energetickou \u00fa\u010dinnost a sni\u017euj\u00ed n\u00e1klady na energie.<br \/>\n<\/p><br \/>\n<br \/>\n<p><b>4.Jsou hlin\u00edkov\u00e9 okenn\u00ed profily odoln\u00e9 proti korozi?<\/b><\/p>\n<p>Hlin\u00edkov\u00e9 okenn\u00ed profily jsou odoln\u00e9 proti korozi, UV z\u00e1\u0159en\u00ed a pov\u011btrnostn\u00edm vliv\u016fm, co\u017e zaji\u0161\u0165uje dlouhou \u017eivotnost v pob\u0159e\u017en\u00edm a vlhk\u00e9m prost\u0159ed\u00ed.<br \/>\n<\/p><br \/>\n<br \/>\n<p><b>5.Mohou b\u00fdt hlin\u00edkov\u00e9 okenn\u00ed profily p\u0159izp\u016fsobeny?<\/b><\/p>\n<p>Ano, hlin\u00edkov\u00e9 okenn\u00ed profily podporuj\u00ed vlastn\u00ed tvary v\u00fdlisk\u016f, povrchov\u00e9 \u00fapravy pr\u00e1\u0161kovou barvou, eloxov\u00e1n\u00ed a barevn\u00e9 slad\u011bn\u00ed, kter\u00e9 vyhovuj\u00ed jak\u00e9mukoli architektonick\u00e9mu stylu.<br \/>\n<\/p><br \/>\n<br \/>\n<p><b>6.Jakou \u00fadr\u017ebu vy\u017eaduj\u00ed hlin\u00edkov\u00e9 okenn\u00ed profily?<\/b><\/p>\n<p>Hlin\u00edkov\u00e9 okenn\u00ed profily s n\u00edzk\u00fdmi n\u00e1roky na \u00fadr\u017ebu vy\u017eaduj\u00ed pouze pravideln\u00e9 \u010di\u0161t\u011bn\u00ed a kontrolu d\u00edky odoln\u00fdm tov\u00e1rn\u00edm n\u00e1t\u011br\u016fm, kter\u00e9 zabra\u0148uj\u00ed hnilob\u011b.<br \/>\n<\/p><br \/>\n<br \/>\n<p><b>7.Zvy\u0161uj\u00ed hlin\u00edkov\u00e9 okenn\u00ed profily bezpe\u010dnost?<\/b><\/p>\n<p>Zes\u00edlen\u00e9 hlin\u00edkov\u00e9 okenn\u00ed profily jsou vhodn\u00e9 pro v\u00edcebodov\u00e9 uzamykac\u00ed syst\u00e9my a vrstven\u00e9 sklo, co\u017e zaji\u0161\u0165uje vynikaj\u00edc\u00ed odolnost proti n\u00e1siln\u00e9mu vniknut\u00ed.<br \/>\n<\/p><br \/>\n<br \/>\n<p><b>8.Jak hlin\u00edkov\u00e9 okenn\u00ed profily p\u0159isp\u00edvaj\u00ed k udr\u017eitelnosti?<\/b><\/p>\n<p>Recyklovateln\u00e9 hlin\u00edkov\u00e9 okenn\u00ed profily sni\u017euj\u00ed dopad na \u017eivotn\u00ed prost\u0159ed\u00ed, spot\u0159ebov\u00e1vaj\u00ed m\u00e9n\u011b energie p\u0159i v\u00fdrob\u011b a podporuj\u00ed certifikace ekologick\u00fdch budov, jako je LEED.<br \/>\n<\/p><br \/>\n<br \/>\n<p><b>9.Jak\u00e9 mo\u017enosti proveden\u00ed jsou k dispozici pro hlin\u00edkov\u00e9 okenn\u00ed profily?<\/b><\/p>\n<p>Hlin\u00edkov\u00e9 okenn\u00ed profily nab\u00edzej\u00ed mo\u017enosti, jako jsou \u0161t\u00edhl\u00e9 pohledov\u00e9 linie, integrovan\u00e9 odtokov\u00e9 kan\u00e1lky a skryt\u00e9 kov\u00e1n\u00ed pro \u010distou a modern\u00ed estetiku.<br \/>\n<\/p><br \/>\n<br \/>\n<p><b>10.Kde mohu z\u00edskat vysoce kvalitn\u00ed hlin\u00edkov\u00e9 okenn\u00ed profily?<\/b><\/p>\n<p>P\u0159edn\u00ed dodavatel\u00e9 extruze poskytuj\u00ed certifikovan\u00e9 hlin\u00edkov\u00e9 okenn\u00ed profily s normami ISO a EN, glob\u00e1ln\u00ed distribuci a odbornou technickou podporu.<br \/>\n<\/p><br \/><\/p>","protected":false},"featured_media":6259,"template":"","categories":[59],"class_list":["post-6260","product","type-product","status-publish","has-post-thumbnail","hentry","category-aluminum-window-door-system"],"meta_box":{"hilight_text_group":{"product_hilight_text":"<li>Made from 6063-T5 aluminum alloy for high strength and corrosion resistance<\/li>\r\r\n<li>Precision-extruded with \u00c2\u00b10.1 mm tolerance for seamless assembly<\/li>\r\r\n<li>Optional thermal break feature to enhance insulation and reduce energy costs<\/li>\r\r\n<li>Multiple finish options (anodized, powder-coated) for aesthetic versatility<\/li>\r\r\n<li>Integrated drainage and ventilation channels to prevent water buildup<\/li>\r\r\n<li>Standardized profile compatible with common glazing beads and seals<\/li>\r\r\n<li>Pre-drilled mounting holes for quick, error-free installation<\/li>\r\r\n<li>Lightweight yet durable construction lowers shipping and handling expenses<\/li>","product_chanpin_chanpin":"<li><a href=\"https:\/\/sinoextrud.com\/product\/extruded-aluminum-sliding-channel\/\" target=\"_blank\">Extruded Aluminum Sliding Channel<\/a><\/li>\r\n<li><a href=\"https:\/\/sinoextrud.com\/product\/aluminum-door-frame-profile\/\" target=\"_blank\">Aluminum Door Frame Profile<\/a><\/li>\r\n<li><a href=\"https:\/\/sinoextrud.com\/product\/sliding-window-aluminum-window-track\/\" target=\"_blank\">Sliding Window Aluminum Window Track<\/a><\/li>\r\n<li><a href=\"https:\/\/sinoextrud.com\/product\/aluminum-window-frame\/\" target=\"_blank\">Aluminum Window Frame<\/a><\/li>\r\n<li><a href=\"https:\/\/sinoextrud.com\/product\/aluminum-window-profile\/\" target=\"_blank\">Aluminum Window Profile<\/a><\/li>\r\n<li><a href=\"https:\/\/sinoextrud.com\/product\/aluminum-casement-window-double-hung-single-hung-jalousie-security-door-and-window\/\" target=\"_blank\">aluminum casement window Double Hung Single Hung Jalousie Security Door And Window<\/a><\/li>\r\n<li><a href=\"https:\/\/sinoextrud.com\/product\/aluminum-window\/\" target=\"_blank\">Aluminum Window<\/a><\/li>\r\n<li><a href=\"https:\/\/sinoextrud.com\/product\/aluminum-profile-windows-extrusion-companies-in-china\/\" target=\"_blank\">aluminum profile windows extrusion companies in china<\/a><\/li>\r\n<li><a href=\"https:\/\/sinoextrud.com\/product\/thermal-break-aluminium-profiles\/\" target=\"_blank\">Thermal Break Aluminium Profiles<\/a><\/li>\r\n<li><a href=\"https:\/\/sinoextrud.com\/product\/aluminum-profile-cnc-machining\/\" target=\"_blank\">Aluminum Profile CNC Machining<\/a><\/li>\r\n<li><a href=\"https:\/\/sinoextrud.com\/product\/aluminum-extrusion-aluminum-fence-panel-profile\/\" target=\"_blank\">Aluminum Extrusion Aluminum Fence Panel Profile<\/a><\/li>"},"feature_list":[]},"_links":{"self":[{"href":"https:\/\/sinoextrud.com\/cs\/wp-json\/wp\/v2\/product\/6260","targetHints":{"allow":["GET"]}}],"collection":[{"href":"https:\/\/sinoextrud.com\/cs\/wp-json\/wp\/v2\/product"}],"about":[{"href":"https:\/\/sinoextrud.com\/cs\/wp-json\/wp\/v2\/types\/product"}],"wp:featuredmedia":[{"embeddable":true,"href":"https:\/\/sinoextrud.com\/cs\/wp-json\/wp\/v2\/media\/6259"}],"wp:attachment":[{"href":"https:\/\/sinoextrud.com\/cs\/wp-json\/wp\/v2\/media?parent=6260"}],"wp:term":[{"taxonomy":"category","embeddable":true,"href":"https:\/\/sinoextrud.com\/cs\/wp-json\/wp\/v2\/categories?post=6260"}],"curies":[{"name":"wp","href":"https:\/\/api.w.org\/{rel}","templated":true}]}}