{"id":6258,"date":"2025-05-26T06:59:40","date_gmt":"2025-05-26T06:59:40","guid":{"rendered":"https:\/\/sinoextrud.com\/product\/aluminum-window-frame\/"},"modified":"2025-06-24T03:56:02","modified_gmt":"2025-06-24T03:56:02","slug":"hlinikovy-okenni-ram","status":"publish","type":"product","link":"https:\/\/sinoextrud.com\/cs\/product\/aluminum-window-frame\/","title":{"rendered":"Hlin\u00edkov\u00fd okenn\u00ed r\u00e1m"},"content":{"rendered":"<h2>Podrobnosti o produktech<\/h2>\n<table class=\"custom-table\">\n<tr>\n<td class=\"label\">Polo\u017eka<\/td>\n<td>Hlin\u00edkov\u00fd okenn\u00ed r\u00e1m<\/td>\n<\/tr>\n<tr>\n<td class=\"label\">Materi\u00e1l<\/td>\n<td>Slitina 6063 T5<\/td>\n<\/tr>\n<tr>\n<td class=\"label\">Aplikace<\/td>\n<td>Hlin\u00edkov\u00e1 okna a dve\u0159e<\/td>\n<\/tr>\n<tr>\n<td class=\"label\">Certifik\u00e1t<\/td>\n<td>ISO9001, ISO14001<\/td>\n<\/tr>\n<tr>\n<td class=\"label\">Schopnosti<\/td>\n<td>Ro\u010dn\u00ed produkce v\u00edce ne\u017e 200 000 tun<\/td>\n<\/tr>\n<tr>\n<td class=\"label\">Barva<\/td>\n<td>K dispozici na m\u00edru<\/td>\n<\/tr>\n<tr>\n<td class=\"label\">D\u00e9lka<\/td>\n<td>1-9 metr\u016f nebo na m\u00edru<\/td>\n<\/tr>\n<tr>\n<td class=\"label\">Tlou\u0161\u0165ka<\/td>\n<td>P\u0159izp\u016fsoben\u00e9<\/td>\n<\/tr>\n<tr>\n<td class=\"label\">Povrchov\u00e1 \u00faprava<\/td>\n<td>eloxov\u00e1n\u00ed, pr\u00e1\u0161kov\u00e9 lakov\u00e1n\u00ed, p\u0159enos d\u0159eva, elektrofor\u00e9za atd.<\/td>\n<\/tr>\n<tr>\n<td class=\"label\">Aplikace<\/td>\n<td>hlin\u00edkov\u00fd okenn\u00ed a dve\u0159n\u00ed profil, z\u00e1v\u011bsov\u00e1 st\u011bna<\/td>\n<\/tr>\n<tr>\n<td class=\"label\">Nakl\u00e1dac\u00ed port<\/td>\n<td>Foshan, Shenzhen, Guangzhou<\/td>\n<\/tr>\n<tr>\n<td class=\"label\">Platba<\/td>\n<td>T\/T, 30% z\u00e1lohov\u00e1 platba, zat\u00edmco z\u016fstatek bude splacen p\u0159ed dod\u00e1n\u00edm<\/td>\n<\/tr>\n<tr>\n<td class=\"label\">Bal\u00ed\u010dek<\/td>\n<td>1.Inside: baleno s plastovou ochrannou f\u00f3li\u00ed pro ochranu ka\u017ed\u00e9ho profilu<br \/>2.Outside: baleno s vod\u011bodoln\u00fdm \u0159emesln\u00fdm pap\u00edrem<\/td>\n<\/tr>\n<tr>\n<td class=\"label\">Dod\u00e1vka<\/td>\n<td>25-30 dn\u00ed po zaplacen\u00ed z\u00e1lohy<\/td>\n<\/tr>\n<tr>\n<td class=\"label\">Po\u0159ad\u00ed objedn\u00e1vek<\/td>\n<td>1. Potvr\u010fte v\u00fdkresy, povrchovou \u00fapravu a cenu;<br \/>2. Zapla\u0165te poplatek za formu a my za\u010dneme vyr\u00e1b\u011bt formy;<br \/>3. Pro potvrzen\u00ed v\u00e1m za\u0161leme vzorky;<br \/>4. Prove\u010fte platbu z\u00e1lohy 30% a zahajte v\u00fdrobu;<\/td>\n<\/tr>\n<\/table>\n<h2>Na\u0161e v\u00fdrobn\u00ed z\u00e1kladna<\/h2>\n<h3>Panorama tov\u00e1rny<\/h3>\n<p><img decoding=\"async\" src=\"\/wp-content\/uploads\/factory-01.webp\"\/><\/p>\n<h3>D\u00edlna na v\u00fdrobu hlin\u00edkov\u00fdch ty\u010d\u00ed<\/h3>\n<p><img decoding=\"async\" src=\"\/wp-content\/uploads\/factory-02.webp\"\/><\/p>\n<\/p>\n<p><img decoding=\"async\" src=\"\/wp-content\/uploads\/factory-03.webp\"\/><\/p>\n<h3>Sklad pl\u00edsn\u00ed<\/h3>\n<p><img decoding=\"async\" src=\"\/wp-content\/uploads\/factory-04.webp\"\/><\/p>\n<h3>43 linek na vytla\u010dov\u00e1n\u00ed hlin\u00edku (500 - 5500 tun)<\/h3>\n<p><img decoding=\"async\" src=\"\/wp-content\/uploads\/factory-05.webp\"\/><\/p>\n<p><img decoding=\"async\" src=\"\/wp-content\/uploads\/factory-06.webp\"\/><\/p>\n<p><img decoding=\"async\" src=\"\/wp-content\/uploads\/factory-07.webp\"\/><\/p>\n<h3>D\u00edlna pr\u00e1\u0161kov\u00e9ho lakov\u00e1n\u00ed<\/h3>\n<p><img decoding=\"async\" src=\"\/wp-content\/uploads\/factory-09.webp\"\/><\/p>\n<h3>D\u00edlna eloxov\u00e1n\u00ed<\/h3>\n<p><img decoding=\"async\" src=\"\/wp-content\/uploads\/factory-10.webp\"\/><\/p>\n<h3>Workshop o hloubkov\u00e9m zpracov\u00e1n\u00ed<\/h3>\n<p><img decoding=\"async\" src=\"\/wp-content\/uploads\/factory-11.webp\"\/><\/p>\n<h3>D\u00edlna CNC p\u0159esn\u00e9ho obr\u00e1b\u011bn\u00ed<\/h3>\n<p><img decoding=\"async\" src=\"\/wp-content\/uploads\/factory-11.5.webp\"\/><\/p>\n<h3>Sklad hotov\u00fdch v\u00fdrobk\u016f a exportn\u00ed sklad<\/h3>\n<p><img decoding=\"async\" src=\"\/wp-content\/uploads\/factory-12.webp\"\/><\/p>\n<p><img decoding=\"async\" src=\"\/wp-content\/uploads\/factory-13.webp\"\/><\/p>\n<p><img decoding=\"async\" src=\"\/wp-content\/uploads\/factory-14.webp\"\/><\/p>\n<h2>\u010cASTO KLADEN\u00c9 DOTAZY<\/h2>\n<p><b>1.Co je hlin\u00edkov\u00fd okenn\u00ed r\u00e1m?<\/b><\/p>\n<p>Hlin\u00edkov\u00fd okenn\u00ed r\u00e1m je p\u0159esn\u011b lisovan\u00fd konstruk\u010dn\u00ed prvek vyroben\u00fd z vysokopevnostn\u00ed hlin\u00edkov\u00e9 slitiny, kter\u00fd je navr\u017een tak, aby podporoval sklen\u011bn\u00e9 tabule a poskytoval odoln\u00e9 okenn\u00ed sestavy.\n<\/p>\n<p><\/p>\n<p><b>2.Pro\u010d zvolit hlin\u00edkov\u00fd okenn\u00ed r\u00e1m pro modern\u00ed budovy?<\/b><\/p>\n<p>Hlin\u00edkov\u00fd okenn\u00ed r\u00e1m nab\u00edz\u00ed elegantn\u00ed profil, vynikaj\u00edc\u00ed pom\u011br pevnosti a hmotnosti a modern\u00ed estetiku ide\u00e1ln\u00ed pro komer\u010dn\u00ed a obytnou architekturu.\n<\/p>\n<p><\/p>\n<p><b>3.Jak hlin\u00edkov\u00fd okenn\u00ed r\u00e1m zlep\u0161uje energetickou \u00fa\u010dinnost?<\/b><\/p>\n<p>Energeticky \u00fasporn\u00e9 hlin\u00edkov\u00e9 okenn\u00ed r\u00e1my jsou vybaveny technologi\u00ed tepeln\u00e9 p\u0159est\u00e1vky a v\u00edcekomorovou konstrukc\u00ed, kter\u00e1 sni\u017euje p\u0159enos tepla a sni\u017euje n\u00e1klady na vyt\u00e1p\u011bn\u00ed a chlazen\u00ed.\n<\/p>\n<p><\/p>\n<p><b>4.Jsou hlin\u00edkov\u00e9 okenn\u00ed r\u00e1my trvanliv\u00e9 a odoln\u00e9 proti korozi?<\/b><\/p>\n<p>Hlin\u00edkov\u00e9 okenn\u00ed r\u00e1my jsou odoln\u00e9 proti korozi, UV z\u00e1\u0159en\u00ed a pov\u011btrnostn\u00edm vliv\u016fm, co\u017e zaji\u0161\u0165uje dlouhodob\u00fd v\u00fdkon s minim\u00e1ln\u00ed \u00fadr\u017ebou v p\u0159\u00edmo\u0159sk\u00e9m a vlhk\u00e9m prost\u0159ed\u00ed.\n<\/p>\n<p><\/p>\n<p><b>5.Lze hlin\u00edkov\u00e9 okenn\u00ed r\u00e1my p\u0159izp\u016fsobit pro flexibilitu designu?<\/b><\/p>\n<p>Ano, hlin\u00edkov\u00e9 okenn\u00ed r\u00e1my podporuj\u00ed vlastn\u00ed profily, povrchov\u00e9 \u00fapravy, pr\u00e1\u0161kov\u00e9 lakov\u00e1n\u00ed a eloxov\u00e1n\u00ed, aby odpov\u00eddaly jak\u00e9mukoli architektonick\u00e9mu stylu a barevn\u00e9 palet\u011b.\n<\/p>\n<p><\/p>\n<p><b>6.Jak se hlin\u00edkov\u00e9 okenn\u00ed r\u00e1my chovaj\u00ed v extr\u00e9mn\u00edch pov\u011btrnostn\u00edch podm\u00ednk\u00e1ch?<\/b><\/p>\n<p>Vysoce v\u00fdkonn\u00e9 hlin\u00edkov\u00e9 okenn\u00ed r\u00e1my zachov\u00e1vaj\u00ed konstruk\u010dn\u00ed integritu p\u0159i siln\u00e9m zat\u00ed\u017een\u00ed v\u011btrem, de\u0161ti a teplotn\u00edch v\u00fdkyvech, ani\u017e by se deformovaly nebo vybledly.\n<\/p>\n<p><\/p>\n<p><b>7.Jakou \u00fadr\u017ebu vy\u017eaduj\u00ed hlin\u00edkov\u00e9 okenn\u00ed r\u00e1my?<\/b><\/p>\n<p>Hlin\u00edkov\u00e9 okenn\u00ed r\u00e1my nevy\u017eaduj\u00ed \u017e\u00e1dnou \u00fadr\u017ebu, sta\u010d\u00ed je pouze pravideln\u011b \u010distit a kontrolovat, d\u00edky odoln\u00fdm povrchov\u00fdm \u00faprav\u00e1m nanesen\u00fdm z v\u00fdroby nen\u00ed nutn\u00e9 je nat\u00edrat ani ut\u011bs\u0148ovat.\n<\/p>\n<p><\/p>\n<p><b>8.Nab\u00edzej\u00ed hlin\u00edkov\u00e9 okenn\u00ed r\u00e1my zv\u00fd\u0161enou bezpe\u010dnost?<\/b><\/p>\n<p>Zes\u00edlen\u00e9 hlin\u00edkov\u00e9 r\u00e1my oken jsou vybaveny v\u00edcebodov\u00fdm uzamykac\u00edm kov\u00e1n\u00edm a vrstven\u00fdm sklem, kter\u00e9 zaji\u0161\u0165uj\u00ed silnou odolnost proti n\u00e1siln\u00e9mu vniknut\u00ed a vy\u0161\u0161\u00ed bezpe\u010dnost.\n<\/p>\n<p><\/p>\n<p><b>9.Jsou hlin\u00edkov\u00e9 okenn\u00ed r\u00e1my ekologick\u00e9 a recyklovateln\u00e9?<\/b><\/p>\n<p>Hlin\u00edkov\u00e9 okenn\u00ed r\u00e1my jsou pln\u011b recyklovateln\u00e9, p\u0159i v\u00fdrob\u011b spot\u0159ebuj\u00ed m\u00e9n\u011b energie a podporuj\u00ed certifikace udr\u017eiteln\u00fdch budov, jako jsou LEED a BREEAM.\n<\/p>\n<p><\/p>\n<p><b>10.Kde mohu z\u00edskat vysoce kvalitn\u00ed hlin\u00edkov\u00e9 okenn\u00ed r\u00e1my?<\/b><\/p>\n<p>P\u0159edn\u00ed v\u00fdrobci dod\u00e1vaj\u00ed certifikovan\u00e9 hlin\u00edkov\u00e9 okenn\u00ed r\u00e1my s normami ISO, glob\u00e1ln\u00ed distribuc\u00ed a technickou podporou pro bezprobl\u00e9movou mont\u00e1\u017e oken.\n<\/p>\n<p><\/p>","protected":false},"featured_media":6257,"template":"","categories":[59],"class_list":["post-6258","product","type-product","status-publish","has-post-thumbnail","hentry","category-aluminum-window-door-system"],"meta_box":{"hilight_text_group":{"product_hilight_text":"<li>Manufactured from 6063-T5 aluminum alloy for exceptional strength and durability<\/li>\r\r\n<li>Precision-engineered profiles with \u00c2\u00b10.1 mm tolerance for seamless assembly<\/li>\r\r\n<li>Optional thermal break design to improve energy efficiency and reduce condensation<\/li>\r\r\n<li>Multiple finish options (anodized, powder-coated) for corrosion resistance and design flexibility<\/li>\r\r\n<li>Integrated drainage and ventilation channels to prevent water buildup<\/li>\r\r\n<li>Pre-drilled mounting holes and snap-fit corners for quick, error-free installation<\/li>\r\r\n<li>Compatible with standard glazing beads and weather seals for superior airtightness<\/li>\r\r\n<li>Lightweight yet robust construction reduces shipping costs and handling effort<\/li>","product_chanpin_chanpin":"<li><a href=\"https:\/\/sinoextrud.com\/product\/6063t6-aluminium-profile-corner\/\" target=\"_blank\">6063T6 Aluminium Profile Corner<\/a><\/li>\r\n<li><a href=\"https:\/\/sinoextrud.com\/product\/extruded-aluminum-sliding-channel\/\" target=\"_blank\">Extruded Aluminum Sliding Channel<\/a><\/li>\r\n<li><a href=\"https:\/\/sinoextrud.com\/product\/aluminum-door-frame-profile\/\" target=\"_blank\">Aluminum Door Frame Profile<\/a><\/li>\r\n<li><a href=\"https:\/\/sinoextrud.com\/product\/sliding-window-aluminum-window-track\/\" target=\"_blank\">Sliding Window Aluminum Window Track<\/a><\/li>\r\n<li><a href=\"https:\/\/sinoextrud.com\/product\/aluminum-window-frame\/\" target=\"_blank\">Aluminum Window Frame<\/a><\/li>\r\n<li><a href=\"https:\/\/sinoextrud.com\/product\/aluminum-window-profile\/\" target=\"_blank\">Aluminum Window Profile<\/a><\/li>\r\n<li><a href=\"https:\/\/sinoextrud.com\/product\/aluminum-casement-window-double-hung-single-hung-jalousie-security-door-and-window\/\" target=\"_blank\">aluminum casement window Double Hung Single Hung Jalousie Security Door And Window<\/a><\/li>\r\n<li><a href=\"https:\/\/sinoextrud.com\/product\/aluminum-window\/\" target=\"_blank\">Aluminum Window<\/a><\/li>\r\n<li><a href=\"https:\/\/sinoextrud.com\/product\/aluminum-profile-windows-extrusion-companies-in-china\/\" target=\"_blank\">aluminum profile windows extrusion companies in china<\/a><\/li>\r\n<li><a href=\"https:\/\/sinoextrud.com\/product\/fluorocarbon-coated-heavy-duty-exposed-aluminium-frame-glazed-building-curtain-wall-aluminium-profile\/\" target=\"_blank\">Fluorocarbon coated heavy duty exposed aluminium frame glazed building curtain wall aluminium profile<\/a><\/li>\r\n<li><a href=\"https:\/\/sinoextrud.com\/product\/greenhouse-aluminum-extrusions-blade-window\/\" target=\"_blank\">Greenhouse Aluminum Extrusions Blade Window<\/a><\/li>"},"feature_list":[]},"_links":{"self":[{"href":"https:\/\/sinoextrud.com\/cs\/wp-json\/wp\/v2\/product\/6258","targetHints":{"allow":["GET"]}}],"collection":[{"href":"https:\/\/sinoextrud.com\/cs\/wp-json\/wp\/v2\/product"}],"about":[{"href":"https:\/\/sinoextrud.com\/cs\/wp-json\/wp\/v2\/types\/product"}],"wp:featuredmedia":[{"embeddable":true,"href":"https:\/\/sinoextrud.com\/cs\/wp-json\/wp\/v2\/media\/6257"}],"wp:attachment":[{"href":"https:\/\/sinoextrud.com\/cs\/wp-json\/wp\/v2\/media?parent=6258"}],"wp:term":[{"taxonomy":"category","embeddable":true,"href":"https:\/\/sinoextrud.com\/cs\/wp-json\/wp\/v2\/categories?post=6258"}],"curies":[{"name":"wp","href":"https:\/\/api.w.org\/{rel}","templated":true}]}}