{"id":6244,"date":"2025-05-26T06:23:24","date_gmt":"2025-05-26T06:23:24","guid":{"rendered":"https:\/\/sinoextrud.com\/product\/extruded-aluminum-alloy-profile-for-glass-floor-channel\/"},"modified":"2025-06-24T03:55:36","modified_gmt":"2025-06-24T03:55:36","slug":"profil-z-extrudovane-hlinikove-slitiny-pro-skleneny-podlahovy-kanal","status":"publish","type":"product","link":"https:\/\/sinoextrud.com\/cs\/product\/extruded-aluminum-alloy-profile-for-glass-floor-channel\/","title":{"rendered":"Extrudovan\u00fd profil z hlin\u00edkov\u00e9 slitiny pro sklen\u011bn\u00fd podlahov\u00fd kan\u00e1l"},"content":{"rendered":"<h2>Podrobnosti o produktech<\/h2>\n<table class=\"custom-table\">\n<tr>\n<td class=\"label\">Polo\u017eka<\/td>\n<td>Extrudovan\u00fd profil z hlin\u00edkov\u00e9 slitiny pro sklen\u011bn\u00fd podlahov\u00fd kan\u00e1l<\/td>\n<\/tr>\n<tr>\n<td class=\"label\">Materi\u00e1l<\/td>\n<td>Hlin\u00edkov\u00e1 slitina 6063-T6 (norma EN AW-6063)<\/td>\n<\/tr>\n<tr>\n<td class=\"label\">Temperament<\/td>\n<td>T6 (tepeln\u011b o\u0161et\u0159eno roztokem a um\u011ble st\u00e1rnuto)<\/td>\n<\/tr>\n<tr>\n<td class=\"label\">Kapacita zat\u00ed\u017een\u00ed<\/td>\n<td>Rozlo\u017een\u00e9 zat\u00ed\u017een\u00ed a\u017e 200 kg\/m2<\/td>\n<\/tr>\n<tr>\n<td class=\"label\">Tlou\u0161\u0165ka skla<\/td>\n<td>10-20 mm (lze p\u0159izp\u016fsobit)<\/td>\n<\/tr>\n<tr>\n<td class=\"label\">\u0160\u00ed\u0159ka kan\u00e1lu<\/td>\n<td>Standardn\u00ed: 15-60 mm (k dispozici jsou \u0161\u00ed\u0159ky na zak\u00e1zku)<\/td>\n<\/tr>\n<tr>\n<td class=\"label\">Hloubka profilu<\/td>\n<td>20-100 mm (hloubky na zak\u00e1zku)<\/td>\n<\/tr>\n<tr>\n<td class=\"label\">Tolerance<\/td>\n<td>Rozm\u011brov\u00e1 p\u0159esnost \u00b10,15 mm<\/td>\n<\/tr>\n<tr>\n<td class=\"label\">Povrchov\u00e1 \u00faprava<\/td>\n<td>Mo\u017enosti: eloxov\u00e1n\u00ed (25 \u03bcm), pr\u00e1\u0161kov\u00e9 lakov\u00e1n\u00ed (60-80 \u03bcm), kart\u00e1\u010dovan\u00e9\/le\u0161t\u011bn\u00e9<\/td>\n<\/tr>\n<tr>\n<td class=\"label\">Eloxov\u00e1n\u00ed<\/td>\n<td>- Tlou\u0161\u0165ka: 20-25 \u03bcm<br \/>- Odolnost proti soln\u00e9 mlze: v\u00edce ne\u017e 1000 hodin (ASTM B117)<\/td>\n<\/tr>\n<tr>\n<td class=\"label\">Pr\u00e1\u0161kov\u00e9 lakov\u00e1n\u00ed<\/td>\n<td>- Tlou\u0161\u0165ka: 60-80 \u03bcm<br \/>- Odolnost proti UV z\u00e1\u0159en\u00ed: T\u0159\u00edda 1 (ISO 2135)<\/td>\n<\/tr>\n<tr>\n<td class=\"label\">Tepeln\u00e1 p\u0159est\u00e1vka<\/td>\n<td>Voliteln\u00e1 polyamidov\u00e1 tepeln\u00e1 bari\u00e9ra (pro energeticky \u00fasporn\u00e9 aplikace)<\/td>\n<\/tr>\n<tr>\n<td class=\"label\">T\u011bsnic\u00ed syst\u00e9m<\/td>\n<td>Integrovan\u00e9 t\u011bsn\u011bn\u00ed z pry\u017ee EPDM (tvrdost podle Shorea 70\u00b15)<\/td>\n<\/tr>\n<tr>\n<td class=\"label\">Mo\u017enosti povrchov\u00e9 \u00fapravy<\/td>\n<td>\u010cir\u00fd\/bronzov\u00fd\/\u010dern\u00fd elox, pr\u00e1\u0161kov\u00fd lak libovoln\u00e9 barvy RAL, kart\u00e1\u010dovan\u00fd\/le\u0161t\u011bn\u00fd<\/td>\n<\/tr>\n<tr>\n<td class=\"label\">D\u00e9lka<\/td>\n<td>Standard: 5,8 m<\/td>\n<\/tr>\n<tr>\n<td class=\"label\">Balen\u00ed<\/td>\n<td>Ochrann\u00fd obal z PVC + p\u011bnov\u00e1 separace + d\u0159ev\u011bn\u00e9 bedny (exportn\u00ed standard)<\/td>\n<\/tr>\n<tr>\n<td class=\"label\">Certifikace<\/td>\n<td>ISO 9001:2015, EN 14024 (tepeln\u00e9 vlastnosti), ozna\u010den\u00ed CE<\/td>\n<\/tr>\n<tr>\n<td class=\"label\">Testovac\u00ed normy<\/td>\n<td>- EN 12600 (odolnost skla proti n\u00e1razu)<br \/>- EN 1999-1-1 (konstruk\u010dn\u00ed vlastnosti)<\/td>\n<\/tr>\n<\/table>\n<h2>Na\u0161e v\u00fdrobn\u00ed z\u00e1kladna<\/h2>\n<h3>Panorama tov\u00e1rny<\/h3>\n<p><img decoding=\"async\" src=\"\/wp-content\/uploads\/factory-01.webp\"\/><\/p>\n<h3>D\u00edlna na v\u00fdrobu hlin\u00edkov\u00fdch ty\u010d\u00ed<\/h3>\n<p><img decoding=\"async\" src=\"\/wp-content\/uploads\/factory-02.webp\"\/><\/p>\n<p><img decoding=\"async\" src=\"\/wp-content\/uploads\/factory-03.webp\"\/><\/p>\n<h3>Sklad pl\u00edsn\u00ed<\/h3>\n<p><img decoding=\"async\" src=\"\/wp-content\/uploads\/factory-04.webp\"\/><\/p>\n<h3>43 linek na vytla\u010dov\u00e1n\u00ed hlin\u00edku (500-5500 tun)<\/h3>\n<p><img decoding=\"async\" src=\"\/wp-content\/uploads\/factory-05.webp\"\/><\/p>\n<p><img decoding=\"async\" src=\"\/wp-content\/uploads\/factory-06.webp\"\/><\/p>\n<p><img decoding=\"async\" src=\"\/wp-content\/uploads\/factory-07.webp\"\/><\/p>\n<h3>D\u00edlna pr\u00e1\u0161kov\u00e9ho lakov\u00e1n\u00ed<\/h3>\n<p><img decoding=\"async\" src=\"\/wp-content\/uploads\/factory-09.webp\"\/><\/p>\n<h3>D\u00edlna eloxov\u00e1n\u00ed<\/h3>\n<p><img decoding=\"async\" src=\"\/wp-content\/uploads\/factory-10.webp\"\/><\/p>\n<h3>Workshop o hloubkov\u00e9m zpracov\u00e1n\u00ed<\/h3>\n<p><img decoding=\"async\" src=\"\/wp-content\/uploads\/factory-11.webp\"\/><\/p>\n<h3>D\u00edlna CNC p\u0159esn\u00e9ho obr\u00e1b\u011bn\u00ed<\/h3>\n<p><img decoding=\"async\" src=\"\/wp-content\/uploads\/factory-11.5.webp\"\/><\/p>\n<h3>Sklad hotov\u00fdch v\u00fdrobk\u016f a exportn\u00ed sklad<\/h3>\n<p><img decoding=\"async\" src=\"\/wp-content\/uploads\/factory-12.webp\"\/><\/p>\n<p><img decoding=\"async\" src=\"\/wp-content\/uploads\/factory-13.webp\"\/><\/p>\n<p><img decoding=\"async\" src=\"\/wp-content\/uploads\/factory-14.webp\"\/><\/p>\n<h2>\u010cASTO KLADEN\u00c9 DOTAZY<\/h2>\n<p><p><b>1.Co je extrudovan\u00fd profil z hlin\u00edkov\u00e9 slitiny pro sklen\u011bn\u00fd podlahov\u00fd kan\u00e1l?<\/b><\/p>\n<p>Extrudovan\u00fd profil z hlin\u00edkov\u00e9 slitiny pro sklen\u011bn\u00fd podlahov\u00fd kan\u00e1l je p\u0159esn\u011b vyroben\u00fd hlin\u00edkov\u00fd profil ur\u010den\u00fd k bezpe\u010dn\u00e9mu ulo\u017een\u00ed sklen\u011bn\u00fdch panel\u016f v podlahov\u00fdch instalac\u00edch.<br \/>\n<\/p><br \/>\n<br \/>\n<p><b>2.Jak\u00e9 jsou kl\u00ed\u010dov\u00e9 vlastnosti profilu z hlin\u00edkov\u00e9 slitiny pro sklen\u011bn\u00fd podlahov\u00fd kan\u00e1l?<\/b><\/p>\n<p>Mezi kl\u00ed\u010dov\u00e9 vlastnosti pat\u0159\u00ed vysoce pevn\u00e9 vytla\u010dov\u00e1n\u00ed, odolnost proti korozi, p\u0159esn\u00e9 tolerance, p\u0159izp\u016fsobiteln\u00e9 d\u00e9lky a bezprobl\u00e9mov\u00e1 integrace se sklen\u011bn\u00fdmi podlahov\u00fdmi syst\u00e9my.<br \/>\n<\/p><br \/>\n<br \/>\n<p><b>3.Pro\u010d si vybrat profily z extrudovan\u00e9 hlin\u00edkov\u00e9 slitiny pro aplikace sklen\u011bn\u00fdch podlahov\u00fdch kan\u00e1l\u016f?<\/b><\/p>\n<p>Extrudovan\u00e9 profily z hlin\u00edkov\u00e9 slitiny nab\u00edzej\u00ed vynikaj\u00edc\u00ed nosnost, lehkou konstrukci, vynikaj\u00edc\u00ed odolnost a lep\u0161\u00ed estetiku pro modern\u00ed architektonick\u00e9 projekty.<br \/>\n<\/p><br \/>\n<br \/>\n<p><b>4.Jak\u00fd p\u0159\u00ednos m\u00e1 odolnost proti korozi pro profily sklen\u011bn\u00fdch podlahov\u00fdch kan\u00e1l\u016f?<\/b><\/p>\n<p>Profily z hlin\u00edkov\u00e9 slitiny odoln\u00e9 proti korozi pro sklen\u011bn\u00e9 podlahov\u00e9 kan\u00e1ly zaji\u0161\u0165uj\u00ed dlouhodobou funk\u010dnost ve vlhk\u00e9m nebo venkovn\u00edm prost\u0159ed\u00ed, sni\u017euj\u00ed n\u00e1roky na \u00fadr\u017ebu a prodlu\u017euj\u00ed \u017eivotnost.<br \/>\n<\/p><br \/>\n<br \/>\n<p><b>5.Mohou b\u00fdt profily z extrudovan\u00e9 hlin\u00edkov\u00e9 slitiny p\u0159izp\u016fsobeny r\u016fzn\u00fdm design\u016fm sklen\u011bn\u00fdch podlahov\u00fdch kan\u00e1l\u016f?<\/b><\/p>\n<p>Ano, profily z extrudovan\u00e9 hlin\u00edkov\u00e9 slitiny pro sklen\u011bn\u00e9 podlahov\u00e9 kan\u00e1ly podporuj\u00ed vlastn\u00ed pr\u016f\u0159ezy, povrchov\u00e9 \u00fapravy a mo\u017enosti eloxov\u00e1n\u00ed, kter\u00e9 odpov\u00eddaj\u00ed specifick\u00fdm architektonick\u00fdm po\u017eadavk\u016fm.<br \/>\n<\/p><br \/>\n<br \/>\n<p><b>6.Jak\u00e9 v\u00fdhody maj\u00ed hlin\u00edkov\u00e9 profily oproti ocelov\u00fdm pro syst\u00e9my sklen\u011bn\u00fdch podlahov\u00fdch kan\u00e1l\u016f?<\/b><\/p>\n<p>Profily z hlin\u00edkov\u00e9 slitiny pro sklen\u011bn\u00e9 podlahov\u00e9 kan\u00e1ly jsou leh\u010d\u00ed, snadn\u011bji se instaluj\u00ed, jsou p\u0159irozen\u011b odoln\u00e9 proti korozi a ve srovn\u00e1n\u00ed s ocelov\u00fdmi alternativami poskytuj\u00ed lep\u0161\u00ed tepeln\u00e9 vlastnosti.<br \/>\n<\/p><br \/>\n<br \/>\n<p><b>7.Jsou extrudovan\u00e9 profily z hlin\u00edkov\u00e9 slitiny pro sklen\u011bn\u00e9 podlahov\u00e9 kan\u00e1ly \u0161etrn\u00e9 k \u017eivotn\u00edmu prost\u0159ed\u00ed?<\/b><\/p>\n<p>Extrudovan\u00e9 profily z hlin\u00edkov\u00e9 slitiny jsou recyklovateln\u00e9, jejich v\u00fdroba je energeticky \u00fasporn\u00e1 a p\u0159isp\u00edvaj\u00ed k udr\u017eiteln\u00fdm stavebn\u00edm postup\u016fm pro ekologicky certifikovan\u00e9 stavby.<br \/>\n<\/p><br \/>\n<br \/>\n<p><b>8.Jak instalujete profil z hlin\u00edkov\u00e9 slitiny pro sklen\u011bn\u00fd podlahov\u00fd kan\u00e1l?<\/b><\/p>\n<p>Instalace spo\u010d\u00edv\u00e1 v um\u00edst\u011bn\u00ed extrudovan\u00e9ho kan\u00e1lu do podkladu, zaji\u0161t\u011bn\u00ed kotvami nebo lepidly a usazen\u00ed desek z tvrzen\u00e9ho skla do dr\u00e1\u017eky profilu.<br \/>\n<\/p><br \/>\n<br \/>\n<p><b>9.Jak\u00e9 nosnosti mohou podporovat profily z hlin\u00edkov\u00e9 slitiny pro sklen\u011bn\u00e9 podlahov\u00e9 kan\u00e1ly?<\/b><\/p>\n<p>Extrudovan\u00e9 profily z hlin\u00edkov\u00e9 slitiny pro sklen\u011bn\u00e9 podlahov\u00e9 kan\u00e1ly mohou b\u00fdt navr\u017eeny tak, aby unesly zat\u00ed\u017een\u00ed chodc\u016f a lehk\u00fdch vozidel s nosnost\u00ed a\u017e 500 kg na b\u011b\u017en\u00fd metr v z\u00e1vislosti na konstrukci.<br \/>\n<\/p><br \/>\n<br \/>\n<p><b>10.Kde mohu z\u00edskat vysoce kvalitn\u00ed extrudovan\u00e9 profily z hlin\u00edkov\u00e9 slitiny pro sklen\u011bn\u00e9 podlahov\u00e9 kan\u00e1ly?<\/b><\/p>\n<p>P\u0159edn\u00ed v\u00fdrobci a dodavatel\u00e9 extrudovan\u00fdch profil\u016f z hlin\u00edkov\u00e9 slitiny pro sklen\u011bn\u00e9 podlahov\u00e9 kan\u00e1ly nab\u00edzej\u00ed glob\u00e1ln\u00ed distribuci, certifikace ISO a technickou podporu pro \u0159e\u0161en\u00ed sklen\u011bn\u00fdch podlah.<br \/>\n<\/p><br \/><\/p>","protected":false},"featured_media":6243,"template":"","categories":[58],"class_list":["post-6244","product","type-product","status-publish","has-post-thumbnail","hentry","category-aluminium-extrusion-profiles"],"meta_box":{"hilight_text_group":{"product_hilight_text":"<li>Precision extrusion ensures secure and stable glass floor channel installation<\/li>\r\r\n<li>High-strength aluminum alloy provides excellent load-bearing capacity<\/li>\r\r\n<li>Corrosion-resistant finish ideal for indoor and outdoor environments<\/li>\r\r\n<li>Compatible with various glass thicknesses and flooring systems<\/li>\r\r\n<li>Customizable profiles to meet specific architectural design requirements<\/li>","product_chanpin_chanpin":"<li><a href=\"https:\/\/sinoextrud.com\/product\/aluminum-extrusion-ultra-small-material-aluminum-frame-profile\/\" target=\"_blank\">Aluminum Extrusion Ultra-small Material Aluminum Frame Profile<\/a><\/li>\r\n<li><a href=\"https:\/\/sinoextrud.com\/product\/aluminum-extrusion-6061-6082-automotive-bumper-beam\/\" target=\"_blank\">Aluminum Extrusion 6061 6082 Automotive Bumper Beam<\/a><\/li>\r\n<li><a href=\"https:\/\/sinoextrud.com\/product\/aluminium-window-extrusion-profile\/\" target=\"_blank\">Aluminium Window Extrusion Profile<\/a><\/li>\r\n<li><a href=\"https:\/\/sinoextrud.com\/product\/aluminium-extrusion-frameless-glass-railing-aluminum-profiles\/\" target=\"_blank\">Aluminium Extrusion Frameless Glass Railing Aluminum Profiles<\/a><\/li>\r\n<li><a href=\"https:\/\/sinoextrud.com\/product\/extruded-aluminum-alloy-profile-for-glass-floor-channel\/\" target=\"_blank\">Extruded Aluminum Alloy Profile For Glass Floor Channel<\/a><\/li>\r\n<li><a href=\"https:\/\/sinoextrud.com\/product\/aluminum-extrusion-aerospace-grade-2024-aluminum-alloy-tubes\/\" target=\"_blank\">Aluminum Extrusion Aerospace-Grade 2024 Aluminum Alloy Tubes<\/a><\/li>\r\n<li><a href=\"https:\/\/sinoextrud.com\/product\/aluminum-casement-door\/\" target=\"_blank\">Aluminum Casement Door<\/a><\/li>\r\n<li><a href=\"https:\/\/sinoextrud.com\/product\/6063t6-aluminium-profile-corner\/\" target=\"_blank\">6063T6 Aluminium Profile Corner<\/a><\/li>\r\n<li><a href=\"https:\/\/sinoextrud.com\/product\/extruded-aluminum-sliding-channel\/\" target=\"_blank\">Extruded Aluminum Sliding Channel<\/a><\/li>\r\n<li><a href=\"https:\/\/sinoextrud.com\/product\/aluminum-profile-t-slot\/\" target=\"_blank\">Aluminum Profile T Slot<\/a><\/li>\r\n<li><a href=\"https:\/\/sinoextrud.com\/product\/extruded-profiles-aluminium\/\" target=\"_blank\">Extruded Profiles Aluminium<\/a><\/li>"},"feature_list":[]},"_links":{"self":[{"href":"https:\/\/sinoextrud.com\/cs\/wp-json\/wp\/v2\/product\/6244","targetHints":{"allow":["GET"]}}],"collection":[{"href":"https:\/\/sinoextrud.com\/cs\/wp-json\/wp\/v2\/product"}],"about":[{"href":"https:\/\/sinoextrud.com\/cs\/wp-json\/wp\/v2\/types\/product"}],"wp:featuredmedia":[{"embeddable":true,"href":"https:\/\/sinoextrud.com\/cs\/wp-json\/wp\/v2\/media\/6243"}],"wp:attachment":[{"href":"https:\/\/sinoextrud.com\/cs\/wp-json\/wp\/v2\/media?parent=6244"}],"wp:term":[{"taxonomy":"category","embeddable":true,"href":"https:\/\/sinoextrud.com\/cs\/wp-json\/wp\/v2\/categories?post=6244"}],"curies":[{"name":"wp","href":"https:\/\/api.w.org\/{rel}","templated":true}]}}