{"id":6242,"date":"2025-05-26T06:17:57","date_gmt":"2025-05-26T06:17:57","guid":{"rendered":"https:\/\/sinoextrud.com\/product\/aluminium-extrusion-frameless-glass-railing-aluminum-profiles\/"},"modified":"2025-06-24T03:55:34","modified_gmt":"2025-06-24T03:55:34","slug":"hlinikovy-vylisek-bezramove-sklenene-zabradli-hlinikove-profily","status":"publish","type":"product","link":"https:\/\/sinoextrud.com\/cs\/product\/aluminium-extrusion-frameless-glass-railing-aluminum-profiles\/","title":{"rendered":"Hlin\u00edkov\u00e9 v\u00fdlisky Bezr\u00e1mov\u00e9 sklen\u011bn\u00e9 z\u00e1bradl\u00ed Hlin\u00edkov\u00e9 profily"},"content":{"rendered":"<h2>Podrobnosti o produktech<\/h2>\n<table class=\"custom-table\">\n<tr>\n<td class=\"label\">N\u00e1zev produktu<\/td>\n<td>Hlin\u00edkov\u00e9 v\u00fdlisky Bezr\u00e1mov\u00e9 sklen\u011bn\u00e9 z\u00e1bradl\u00ed Hlin\u00edkov\u00e9 profily<\/td>\n<\/tr>\n<tr>\n<td class=\"label\">Sortiment v\u00fdrobk\u016f<\/td>\n<td>hlin\u00edkov\u00e9 v\u00fdlisky pro hlin\u00edkov\u00fd kan\u00e1l, kan\u00e1l ve tvaru U, sklen\u011bn\u00e9 z\u00e1bradl\u00ed, bezr\u00e1mov\u00e9 z\u00e1bradl\u00ed Guard, hlin\u00edkov\u00e9 z\u00e1bradl\u00ed Glass Clamp, atd.<\/td>\n<\/tr>\n<tr>\n<td class=\"label\">Vhodn\u00e9 syst\u00e9my Typy<\/td>\n<td>Sklen\u011bn\u00e9 z\u00e1bradl\u00ed na balkony z hlin\u00edkov\u00e9 slitiny Sklen\u011bn\u00e9 z\u00e1bradl\u00ed na balkony, bezr\u00e1mov\u00e9 sklen\u011bn\u00e9 z\u00e1bradl\u00ed Balustr\u00e1dy Z\u00e1bradl\u00ed na balkony atd.<\/td>\n<\/tr>\n<tr>\n<td class=\"label\">Hlin\u00edkov\u00e1 slitina<\/td>\n<td>\u0158ada 5000, \u0159ada 6000, \u0159ada 7000<\/td>\n<\/tr>\n<tr>\n<td class=\"label\">Temperament<\/td>\n<td>T5-T8<\/td>\n<\/tr>\n<tr>\n<td class=\"label\">Tvar<\/td>\n<td>p\u0159izp\u016fsoben\u00ed<\/td>\n<\/tr>\n<tr>\n<td class=\"label\">Barva<\/td>\n<td>p\u0159izp\u016fsoben\u00ed<\/td>\n<\/tr>\n<tr>\n<td class=\"label\">Povrchov\u00e1 \u00faprava<\/td>\n<td>fr\u00e9zov\u00e1n\u00ed, eloxov\u00e1n\u00ed, d\u0159ev\u011bn\u00e1 struktura, povrchov\u00e1 \u00faprava, p\u00edskov\u00e1n\u00ed, elektrofor\u00e9za, kart\u00e1\u010dov\u00e1n\u00ed, le\u0161t\u011bn\u00ed atd.<\/td>\n<\/tr>\n<tr>\n<td class=\"label\">Hloubkov\u00e9 zpracov\u00e1n\u00ed CNC<\/td>\n<td>\u0159ez\u00e1n\u00ed, vrt\u00e1n\u00ed, obr\u00e1b\u011bn\u00ed, d\u011brov\u00e1n\u00ed, oh\u00fdb\u00e1n\u00ed, z\u00e1vitov\u00e1n\u00ed atd.<\/td>\n<\/tr>\n<tr>\n<td class=\"label\">Certifikace<\/td>\n<td>CE, ISO, SGS, TUV, ROHS<\/td>\n<\/tr>\n<tr>\n<td class=\"label\">Vzorky<\/td>\n<td>vzorek zdarma. Dod\u00e1n\u00ed do 1-3 dn\u016f.<\/td>\n<\/tr>\n<tr>\n<td class=\"label\">MOQ<\/td>\n<td>200 kg pro ka\u017ed\u00fd profil<\/td>\n<\/tr>\n<tr>\n<td class=\"label\">Doba dod\u00e1n\u00ed<\/td>\n<td>V\u00fdvoj formy a kontrola vzorku trv\u00e1 12-15 dn\u00ed, v\u00fdroba pak 15-25 dn\u00ed po obdr\u017een\u00ed z\u00e1lohy od kupuj\u00edc\u00edho.<\/td>\n<\/tr>\n<tr>\n<td class=\"label\">Platebn\u00ed podm\u00ednky<\/td>\n<td>30% z\u00e1loha p\u0159ed v\u00fdrobou a z\u016fstatek p\u0159ed odesl\u00e1n\u00edm.<\/td>\n<\/tr>\n<\/table>\n<h2>Na\u0161e v\u00fdrobn\u00ed z\u00e1kladna<\/h2>\n<h3>Panorama tov\u00e1rny<\/h3>\n<p><img decoding=\"async\" src=\"\/wp-content\/uploads\/factory-01.webp\"\/><\/p>\n<h3>D\u00edlna na v\u00fdrobu hlin\u00edkov\u00fdch ty\u010d\u00ed<\/h3>\n<p><img decoding=\"async\" src=\"\/wp-content\/uploads\/factory-02.webp\"\/><\/p>\n<\/p>\n<p><img decoding=\"async\" src=\"\/wp-content\/uploads\/factory-03.webp\"\/><\/p>\n<h3>Sklad pl\u00edsn\u00ed<\/h3>\n<p><img decoding=\"async\" src=\"\/wp-content\/uploads\/factory-04.webp\"\/><\/p>\n<h3>43 linek na vytla\u010dov\u00e1n\u00ed hlin\u00edku (500 - 5500 tun)<\/h3>\n<p><img decoding=\"async\" src=\"\/wp-content\/uploads\/factory-05.webp\"\/><\/p>\n<p><img decoding=\"async\" src=\"\/wp-content\/uploads\/factory-06.webp\"\/><\/p>\n<p><img decoding=\"async\" src=\"\/wp-content\/uploads\/factory-07.webp\"\/><\/p>\n<h3>D\u00edlna pr\u00e1\u0161kov\u00e9ho lakov\u00e1n\u00ed<\/h3>\n<p><img decoding=\"async\" src=\"\/wp-content\/uploads\/factory-09.webp\"\/><\/p>\n<h3>D\u00edlna eloxov\u00e1n\u00ed<\/h3>\n<p><img decoding=\"async\" src=\"\/wp-content\/uploads\/factory-10.webp\"\/><\/p>\n<h3>Workshop o hloubkov\u00e9m zpracov\u00e1n\u00ed<\/h3>\n<p><img decoding=\"async\" src=\"\/wp-content\/uploads\/factory-11.webp\"\/><\/p>\n<h3>D\u00edlna CNC p\u0159esn\u00e9ho obr\u00e1b\u011bn\u00ed<\/h3>\n<p><img decoding=\"async\" src=\"\/wp-content\/uploads\/factory-11.5.webp\"\/><\/p>\n<h3>Sklad hotov\u00fdch v\u00fdrobk\u016f a exportn\u00ed sklad<\/h3>\n<p><img decoding=\"async\" src=\"\/wp-content\/uploads\/factory-12.webp\"\/><\/p>\n<p><img decoding=\"async\" src=\"\/wp-content\/uploads\/factory-13.webp\"\/><\/p>\n<p><img decoding=\"async\" src=\"\/wp-content\/uploads\/factory-14.webp\"\/><\/p>\n<h2>\u010cASTO KLADEN\u00c9 DOTAZY<\/h2>\n<p><b>1.Co jsou hlin\u00edkov\u00e9 profily bezr\u00e1mov\u00e9ho sklen\u011bn\u00e9ho z\u00e1bradl\u00ed? <\/b><\/p>\n<p> Jedn\u00e1 se o extrudovan\u00e9 hlin\u00edkov\u00e9 profily ur\u010den\u00e9 k bezpe\u010dn\u00e9mu uchycen\u00ed bezr\u00e1mov\u00fdch sklen\u011bn\u00fdch panel\u016f v syst\u00e9mech z\u00e1bradl\u00ed, kter\u00e9 poskytuj\u00ed pevnost a modern\u00ed, celistv\u00fd vzhled.\n<\/p>\n<p><\/p>\n<p><b>2.Jak\u00e9 jsou v\u00fdhody pou\u017eit\u00ed hlin\u00edkov\u00fdch profil\u016f pro bezr\u00e1mov\u00e1 sklen\u011bn\u00e1 z\u00e1bradl\u00ed? <\/b><\/p>\n<p> Hlin\u00edkov\u00e9 profily se vyzna\u010duj\u00ed n\u00edzkou hmotnost\u00ed, odolnost\u00ed proti korozi, snadnou mont\u00e1\u017e\u00ed a elegantn\u00edm estetick\u00fdm vzhledem, kter\u00fd zvy\u0161uje pr\u016fhlednost sklen\u011bn\u00fdch z\u00e1bradl\u00ed.\n<\/p>\n<p><\/p>\n<p><b>3.Pro\u010d zvolit hlin\u00edkov\u00fd v\u00fdlisek pro bezr\u00e1mov\u00e9 profily sklen\u011bn\u00fdch z\u00e1bradl\u00ed? <\/b><\/p>\n<p> Vytla\u010dov\u00e1n\u00ed umo\u017e\u0148uje p\u0159esn\u00e9 tvarov\u00e1n\u00ed, konzistentn\u00ed kvalitu a odoln\u00e9 profily, kter\u00e9 bezpe\u010dn\u011b podp\u00edraj\u00ed sklen\u011bn\u00e9 tabule bez objemn\u00fdch r\u00e1m\u016f.\n<\/p>\n<p><\/p>\n<p><b>4.Kde se b\u011b\u017en\u011b pou\u017e\u00edvaj\u00ed hlin\u00edkov\u00e9 profily bezr\u00e1mov\u00fdch sklen\u011bn\u00fdch z\u00e1bradl\u00ed? <\/b><\/p>\n<p> Pou\u017e\u00edvaj\u00ed se na obytn\u00fdch balkonech, schodi\u0161t\u00edch, v komer\u010dn\u00edch budov\u00e1ch, na teras\u00e1ch a v oplocen\u00edch baz\u00e9n\u016f, kde vytv\u00e1\u0159ej\u00ed bezpe\u010dn\u00fd a ni\u010d\u00edm neru\u0161en\u00fd v\u00fdhled.\n<\/p>\n<p><\/p>\n<p><b>5.Jsou hlin\u00edkov\u00e9 lisovan\u00e9 profily pro sklen\u011bn\u00e1 z\u00e1bradl\u00ed odoln\u00e9 proti korozi? <\/b><\/p>\n<p> Ano, hlin\u00edk p\u0159irozen\u011b odol\u00e1v\u00e1 korozi a m\u016f\u017ee b\u00fdt eloxov\u00e1n nebo pr\u00e1\u0161kov\u011b lakov\u00e1n, aby odolal venkovn\u00edmu po\u010das\u00ed a vlhk\u00e9mu prost\u0159ed\u00ed.\n<\/p>\n<p><\/p>\n<p><b>6.Lze hlin\u00edkov\u00e9 bezr\u00e1mov\u00e9 sklen\u011bn\u00e9 profily z\u00e1bradl\u00ed p\u0159izp\u016fsobit? <\/b><\/p>\n<p> Rozhodn\u011b je lze vytla\u010dit na zak\u00e1zku do specifick\u00fdch velikost\u00ed, tvar\u016f a povrchov\u00fdch \u00faprav, aby odpov\u00eddaly po\u017eadavk\u016fm na design a tlou\u0161\u0165ku skla.\n<\/p>\n<p><\/p>\n<p><b>7.Jak\u00e9 povrchov\u00e9 \u00fapravy jsou k dispozici pro hlin\u00edkov\u00e9 sklen\u011bn\u00e9 profily z\u00e1bradl\u00ed? <\/b><\/p>\n<p> Mezi b\u011b\u017en\u00e9 povrchov\u00e9 \u00fapravy pat\u0159\u00ed eloxov\u00e1n\u00ed, pr\u00e1\u0161kov\u00e9 lakov\u00e1n\u00ed, kart\u00e1\u010dov\u00e1n\u00ed a le\u0161t\u011bn\u00ed, kter\u00e9 zaji\u0161\u0165uj\u00ed ochranu i vzhled.\n<\/p>\n<p><\/p>\n<p><b>8.Zvy\u0161uj\u00ed hlin\u00edkov\u00e9 profily bezpe\u010dnost bezr\u00e1mov\u00fdch sklen\u011bn\u00fdch z\u00e1bradl\u00ed? <\/b><\/p>\n<p> Ano, nab\u00edzej\u00ed bezpe\u010dn\u00e9 upnut\u00ed a podporu pro sklen\u011bn\u00e9 tabule, \u010d\u00edm\u017e zvy\u0161uj\u00ed integritu konstrukce a bezpe\u010dnost u\u017eivatel\u016f.\n<\/p>\n<p><\/p>\n<p><b>9.Lze hlin\u00edkov\u00e9 lisovan\u00e9 profily snadno instalovat do syst\u00e9m\u016f sklen\u011bn\u00fdch z\u00e1bradl\u00ed? <\/b><\/p>\n<p> Ano, jsou navr\u017eeny pro jednoduchou instalaci s kompatibiln\u00edm hardwarem, co\u017e sni\u017euje pracnost a zaji\u0161\u0165uje p\u0159esnou mont\u00e1\u017e.\n<\/p>\n<p><\/p>\n<p><b>10.Jak zvy\u0161uj\u00ed hlin\u00edkov\u00e9 bezr\u00e1mov\u00e9 sklen\u011bn\u00e9 profily z\u00e1bradl\u00ed architektonickou estetiku? <\/b><\/p>\n<p> Jejich \u0161t\u00edhl\u00fd, minimalistick\u00fd design maximalizuje pr\u016fhlednost a tok sv\u011btla a vytv\u00e1\u0159\u00ed elegantn\u00ed a modern\u00ed \u0159e\u0161en\u00ed z\u00e1bradl\u00ed.\n<\/p>\n<p><\/p>","protected":false},"featured_media":6241,"template":"","categories":[58],"class_list":["post-6242","product","type-product","status-publish","has-post-thumbnail","hentry","category-aluminium-extrusion-profiles"],"meta_box":{"hilight_text_group":{"product_hilight_text":"<li>Sleek design enables seamless frameless glass railing installation<\/li>\r\r\n<li>High-strength aluminum provides robust structural support<\/li>\r\r\n<li>Corrosion-resistant finish suitable for indoor and outdoor use<\/li>\r\r\n<li>Custom profiles to fit various glass thicknesses and railing systems<\/li>\r\r\n<li>Lightweight and easy to install, reducing labor costs<\/li>","product_chanpin_chanpin":"<li><a href=\"https:\/\/sinoextrud.com\/product\/aluminum-extrusion-minimalist-office-partition-aluminum-profiles\/\" target=\"_blank\">Aluminum Extrusion Minimalist Office Partition Aluminum Profiles<\/a><\/li>\r\n<li><a href=\"https:\/\/sinoextrud.com\/product\/aluminum-extrusion-ultra-small-material-aluminum-frame-profile\/\" target=\"_blank\">Aluminum Extrusion Ultra-small Material Aluminum Frame Profile<\/a><\/li>\r\n<li><a href=\"https:\/\/sinoextrud.com\/product\/aluminum-extrusion-6061-6082-automotive-bumper-beam\/\" target=\"_blank\">Aluminum Extrusion 6061 6082 Automotive Bumper Beam<\/a><\/li>\r\n<li><a href=\"https:\/\/sinoextrud.com\/product\/aluminium-window-extrusion-profile\/\" target=\"_blank\">Aluminium Window Extrusion Profile<\/a><\/li>\r\n<li><a href=\"https:\/\/sinoextrud.com\/product\/aluminium-extrusion-frameless-glass-railing-aluminum-profiles\/\" target=\"_blank\">Aluminium Extrusion Frameless Glass Railing Aluminum Profiles<\/a><\/li>\r\n<li><a href=\"https:\/\/sinoextrud.com\/product\/extruded-aluminum-alloy-profile-for-glass-floor-channel\/\" target=\"_blank\">Extruded Aluminum Alloy Profile For Glass Floor Channel<\/a><\/li>\r\n<li><a href=\"https:\/\/sinoextrud.com\/product\/aluminum-extrusion-aerospace-grade-2024-aluminum-alloy-tubes\/\" target=\"_blank\">Aluminum Extrusion Aerospace-Grade 2024 Aluminum Alloy Tubes<\/a><\/li>\r\n<li><a href=\"https:\/\/sinoextrud.com\/product\/aluminum-casement-door\/\" target=\"_blank\">Aluminum Casement Door<\/a><\/li>\r\n<li><a href=\"https:\/\/sinoextrud.com\/product\/6063t6-aluminium-profile-corner\/\" target=\"_blank\">6063T6 Aluminium Profile Corner<\/a><\/li>\r\n<li><a href=\"https:\/\/sinoextrud.com\/product\/aluminum-extrusion-connectors-for-window-door-aluminum\/\" target=\"_blank\">Aluminum Extrusion Connectors For Window Door Aluminum<\/a><\/li>\r\n<li><a href=\"https:\/\/sinoextrud.com\/product\/customize-6063-z-section-aluminium-extrusion\/\" target=\"_blank\">Customize 6063 Z Section Aluminium Extrusion<\/a><\/li>"},"feature_list":[]},"_links":{"self":[{"href":"https:\/\/sinoextrud.com\/cs\/wp-json\/wp\/v2\/product\/6242","targetHints":{"allow":["GET"]}}],"collection":[{"href":"https:\/\/sinoextrud.com\/cs\/wp-json\/wp\/v2\/product"}],"about":[{"href":"https:\/\/sinoextrud.com\/cs\/wp-json\/wp\/v2\/types\/product"}],"wp:featuredmedia":[{"embeddable":true,"href":"https:\/\/sinoextrud.com\/cs\/wp-json\/wp\/v2\/media\/6241"}],"wp:attachment":[{"href":"https:\/\/sinoextrud.com\/cs\/wp-json\/wp\/v2\/media?parent=6242"}],"wp:term":[{"taxonomy":"category","embeddable":true,"href":"https:\/\/sinoextrud.com\/cs\/wp-json\/wp\/v2\/categories?post=6242"}],"curies":[{"name":"wp","href":"https:\/\/api.w.org\/{rel}","templated":true}]}}