{"id":6234,"date":"2025-05-26T03:18:25","date_gmt":"2025-05-26T03:18:25","guid":{"rendered":"https:\/\/sinoextrud.com\/product\/aluminum-extrusion-minimalist-office-partition-aluminum-profiles\/"},"modified":"2025-06-24T03:55:26","modified_gmt":"2025-06-24T03:55:26","slug":"hlinikove-vylisky-minimalisticke-kancelarske-pricky-hlinikove-profily","status":"publish","type":"product","link":"https:\/\/sinoextrud.com\/cs\/product\/aluminum-extrusion-minimalist-office-partition-aluminum-profiles\/","title":{"rendered":"Hlin\u00edkov\u00e9 v\u00fdlisky Minimalistick\u00e9 kancel\u00e1\u0159sk\u00e9 p\u0159\u00ed\u010dky Hlin\u00edkov\u00e9 profily"},"content":{"rendered":"<h2>Podrobnosti o produktech<\/h2>\n<table class=\"custom-table\">\n<tr>\n<td class=\"label\">Polo\u017eka<\/td>\n<td>Hlin\u00edkov\u00e9 v\u00fdlisky Minimalistick\u00e9 kancel\u00e1\u0159sk\u00e9 p\u0159\u00ed\u010dky Hlin\u00edkov\u00e9 profily<\/td>\n<\/tr>\n<tr>\n<td class=\"label\">Materi\u00e1l<\/td>\n<td>Pr\u00e9miov\u00e1 hlin\u00edkov\u00e1 slitina (6063-T5 nebo ekvivalent)<\/td>\n<\/tr>\n<tr>\n<td class=\"label\">Povrchov\u00e1 \u00faprava<\/td>\n<td>eloxov\u00e1n\u00ed, pr\u00e1\u0161kov\u00e9 lakov\u00e1n\u00ed, le\u0161t\u011bn\u00ed nebo kart\u00e1\u010dov\u00e1n\u00ed (lze p\u0159izp\u016fsobit)<\/td>\n<\/tr>\n<tr>\n<td class=\"label\">Tlou\u0161\u0165ka<\/td>\n<td>1,2 mm - 3,0 mm (v z\u00e1vislosti na aplikaci a po\u017eadavc\u00edch na zat\u00ed\u017een\u00ed)<\/td>\n<\/tr>\n<tr>\n<td class=\"label\">\u0160\u00ed\u0159ka<\/td>\n<td>20 mm - 200 mm (p\u0159izp\u016fsobiteln\u00e9 specifick\u00fdm pot\u0159eb\u00e1m designu)<\/td>\n<\/tr>\n<tr>\n<td class=\"label\">V\u00fd\u0161ka<\/td>\n<td>A\u017e 6 metr\u016f (lze upravit podle po\u017eadavk\u016f projektu)<\/td>\n<\/tr>\n<tr>\n<td class=\"label\">Hmotnost<\/td>\n<td>Lehk\u00fd, p\u0159ibli\u017en\u011b 2,7 g\/cm3 (li\u0161\u00ed se v z\u00e1vislosti na velikosti a tlou\u0161\u0165ce profilu).<\/td>\n<\/tr>\n<tr>\n<td class=\"label\">Mo\u017enosti barev<\/td>\n<td>St\u0159\u00edbrn\u00e1, \u010dern\u00e1, b\u00edl\u00e1, zlat\u00e1, bronzov\u00e1 nebo vlastn\u00ed barvy RAL<\/td>\n<\/tr>\n<tr>\n<td class=\"label\">Dokon\u010den\u00ed<\/td>\n<td>Matn\u00fd, leskl\u00fd nebo sat\u00e9nov\u00fd (v z\u00e1vislosti na povrchov\u00e9 \u00faprav\u011b)<\/td>\n<\/tr>\n<tr>\n<td class=\"label\">Tolerance<\/td>\n<td>\u00b10,1 mm (p\u0159esn\u00e9 proveden\u00ed pro dokonal\u00e9 usazen\u00ed a vyrovn\u00e1n\u00ed)<\/td>\n<\/tr>\n<tr>\n<td class=\"label\">Odolnost proti ohni<\/td>\n<td>Neho\u0159lav\u00fd, spl\u0148uje normy po\u017e\u00e1rn\u00ed bezpe\u010dnosti<\/td>\n<\/tr>\n<tr>\n<td class=\"label\">Odolnost proti korozi<\/td>\n<td>Vysok\u00e1 odolnost proti korozi a korozi, vhodn\u00e9 pro vnit\u0159n\u00ed i venkovn\u00ed pou\u017eit\u00ed.<\/td>\n<\/tr>\n<tr>\n<td class=\"label\">Kapacita zat\u00ed\u017een\u00ed<\/td>\n<td>Vysok\u00e1 konstruk\u010dn\u00ed pevnost, schopn\u00e1 n\u00e9st dal\u0161\u00ed p\u0159\u00edslu\u0161enstv\u00ed nebo panely.<\/td>\n<\/tr>\n<tr>\n<td class=\"label\">Instalace<\/td>\n<td>Snadn\u00e1 instalace d\u00edky modul\u00e1rn\u00ed konstrukci, kompatibiln\u00ed se standardn\u00edmi mont\u00e1\u017en\u00edmi syst\u00e9my<\/td>\n<\/tr>\n<tr>\n<td class=\"label\">Certifikace<\/td>\n<td>ISO 9001, ISO 14001, SGS a dal\u0161\u00ed mezin\u00e1rodn\u00ed normy kvality<\/td>\n<\/tr>\n<tr>\n<td class=\"label\">Balen\u00ed<\/td>\n<td>Ochrann\u00e9 obaly, vlastn\u00ed p\u0159epravky a bezpe\u010dn\u00e9 ozna\u010den\u00ed pro bezpe\u010dnou p\u0159epravu.<\/td>\n<\/tr>\n<tr>\n<td class=\"label\">Aplikace<\/td>\n<td>Kancel\u00e1\u0159sk\u00e9 p\u0159\u00ed\u010dky, modul\u00e1rn\u00ed pracovn\u00ed stanice, maloobchodn\u00ed stojany a dekorativn\u00ed r\u00e1my<\/td>\n<\/tr>\n<\/table>\n<h2>Na\u0161e v\u00fdrobn\u00ed z\u00e1kladna<\/h2>\n<h3>Panorama tov\u00e1rny<\/h3>\n<p><img decoding=\"async\" src=\"\/wp-content\/uploads\/factory-01.webp\"\/><\/p>\n<h3>D\u00edlna na v\u00fdrobu hlin\u00edkov\u00fdch ty\u010d\u00ed<\/h3>\n<p><img decoding=\"async\" src=\"\/wp-content\/uploads\/factory-02.webp\"\/><\/p>\n<p><img decoding=\"async\" src=\"\/wp-content\/uploads\/factory-03.webp\"\/><\/p>\n<h3>Sklad pl\u00edsn\u00ed<\/h3>\n<p><img decoding=\"async\" src=\"\/wp-content\/uploads\/factory-04.webp\"\/><\/p>\n<h3>43 linek na vytla\u010dov\u00e1n\u00ed hlin\u00edku (500-5500 tun)<\/h3>\n<p><img decoding=\"async\" src=\"\/wp-content\/uploads\/factory-05.webp\"\/><\/p>\n<p><img decoding=\"async\" src=\"\/wp-content\/uploads\/factory-06.webp\"\/><\/p>\n<p><img decoding=\"async\" src=\"\/wp-content\/uploads\/factory-07.webp\"\/><\/p>\n<h3>D\u00edlna pr\u00e1\u0161kov\u00e9ho lakov\u00e1n\u00ed<\/h3>\n<p><img decoding=\"async\" src=\"\/wp-content\/uploads\/factory-09.webp\"\/><\/p>\n<h3>D\u00edlna eloxov\u00e1n\u00ed<\/h3>\n<p><img decoding=\"async\" src=\"\/wp-content\/uploads\/factory-10.webp\"\/><\/p>\n<h3>Workshop o hloubkov\u00e9m zpracov\u00e1n\u00ed<\/h3>\n<p><img decoding=\"async\" src=\"\/wp-content\/uploads\/factory-11.webp\"\/><\/p>\n<h3>D\u00edlna CNC p\u0159esn\u00e9ho obr\u00e1b\u011bn\u00ed<\/h3>\n<p><img decoding=\"async\" src=\"\/wp-content\/uploads\/factory-11.5.webp\"\/><\/p>\n<h3>Sklad hotov\u00fdch v\u00fdrobk\u016f a exportn\u00ed sklad<\/h3>\n<p><img decoding=\"async\" src=\"\/wp-content\/uploads\/factory-12.webp\"\/><\/p>\n<p><img decoding=\"async\" src=\"\/wp-content\/uploads\/factory-13.webp\"\/><\/p>\n<p><img decoding=\"async\" src=\"\/wp-content\/uploads\/factory-14.webp\"\/><\/p>\n<h2>\u010cASTO KLADEN\u00c9 DOTAZY<\/h2>\n<p><p><b>1.Co jsou hlin\u00edkov\u00e9 profily pro minimalistick\u00e9 kancel\u00e1\u0159sk\u00e9 p\u0159\u00ed\u010dky? <\/b><\/p>\n<p> Jedn\u00e1 se o elegantn\u00ed extrudovan\u00e9 hlin\u00edkov\u00e9 profily ur\u010den\u00e9 k vytvo\u0159en\u00ed modern\u00edch, minimalistick\u00fdch kancel\u00e1\u0159sk\u00fdch p\u0159\u00ed\u010dek s dlouhou \u017eivotnost\u00ed a estetick\u00fdm vzhledem.<br \/>\n<\/p><br \/>\n<br \/>\n<p><b>2.Jak\u00e9 jsou v\u00fdhody pou\u017eit\u00ed hlin\u00edkov\u00fdch profil\u016f pro kancel\u00e1\u0159sk\u00e9 p\u0159\u00ed\u010dky? <\/b><\/p>\n<p> Hlin\u00edkov\u00e9 profily se vyzna\u010duj\u00ed n\u00edzkou hmotnost\u00ed, odolnost\u00ed proti korozi, snadnou instalac\u00ed a \u010dist\u00fdm, modern\u00edm vzhledem, kter\u00fd je ide\u00e1ln\u00ed pro modern\u00ed kancel\u00e1\u0159sk\u00e9 prostory.<br \/>\n<\/p><br \/>\n<br \/>\n<p><b>3.Pro\u010d zvolit hlin\u00edkov\u00fd v\u00fdlisek pro minimalistick\u00e9 kancel\u00e1\u0159sk\u00e9 p\u0159\u00ed\u010dky? <\/b><\/p>\n<p> Vytla\u010dov\u00e1n\u00ed umo\u017e\u0148uje p\u0159esn\u00e9, p\u0159izp\u016fsobiteln\u00e9 tvary profil\u016f, kter\u00e9 zaji\u0161\u0165uj\u00ed struktur\u00e1ln\u00ed integritu p\u0159i zachov\u00e1n\u00ed \u0161t\u00edhl\u00e9ho, minimalistick\u00e9ho designu.<br \/>\n<\/p><br \/>\n<br \/>\n<p><b>4.Kde se b\u011b\u017en\u011b pou\u017e\u00edvaj\u00ed hlin\u00edkov\u00e9 minimalistick\u00e9 kancel\u00e1\u0159sk\u00e9 p\u0159\u00ed\u010dky? <\/b><\/p>\n<p> Pou\u017e\u00edvaj\u00ed se ve firemn\u00edch kancel\u00e1\u0159\u00edch, coworkingov\u00fdch prostor\u00e1ch, recepc\u00edch a konferen\u010dn\u00edch m\u00edstnostech k vytvo\u0159en\u00ed funk\u010dn\u00edch a stylov\u00fdch p\u0159\u00ed\u010dek.<br \/>\n<\/p><br \/>\n<br \/>\n<p><b>5.Je instalace hlin\u00edkov\u00fdch kancel\u00e1\u0159sk\u00fdch p\u0159\u00ed\u010dek snadn\u00e1? <\/b><\/p>\n<p> Ano, hlin\u00edkov\u00e9 profily jsou navr\u017eeny pro rychlou mont\u00e1\u017e pomoc\u00ed modul\u00e1rn\u00edch konektor\u016f, co\u017e zkracuje dobu instalace a umo\u017e\u0148uje flexibiln\u00ed prostorov\u00e9 konfigurace.<br \/>\n<\/p><br \/>\n<br \/>\n<p><b>6.Lze hlin\u00edkov\u00e9 p\u0159\u00ed\u010dkov\u00e9 profily p\u0159izp\u016fsobit? <\/b><\/p>\n<p> Tvar, velikost, povrchovou \u00fapravu a barvu profil\u016f lze samoz\u0159ejm\u011b p\u0159izp\u016fsobit specifick\u00fdm po\u017eadavk\u016fm na design kancel\u00e1\u0159e a zna\u010dku.<br \/>\n<\/p><br \/>\n<br \/>\n<p><b>7.Jak\u00e9 povrchov\u00e9 \u00fapravy jsou k dispozici pro hlin\u00edkov\u00e9 profily kancel\u00e1\u0159sk\u00fdch p\u0159\u00ed\u010dek? <\/b><\/p>\n<p> Povrchov\u00e1 \u00faprava zahrnuje eloxovan\u00e9, pr\u00e1\u0161kov\u00e9, kart\u00e1\u010dovan\u00e9 a lakovan\u00e9 varianty, kter\u00e9 zvy\u0161uj\u00ed odolnost a lad\u00ed s interi\u00e9rem.<br \/>\n<\/p><br \/>\n<br \/>\n<p><b>8.Zlep\u0161uj\u00ed p\u0159\u00ed\u010dky z hlin\u00edkov\u00fdch v\u00fdlisk\u016f akustiku kancel\u00e1\u0159\u00ed? <\/b><\/p>\n<p> V kombinaci s akustick\u00fdmi panely nebo sklem pom\u00e1haj\u00ed hlin\u00edkov\u00e9 p\u0159\u00ed\u010dky sni\u017eovat hluk, zlep\u0161uj\u00ed soukrom\u00ed a koncentraci v otev\u0159en\u00fdch kancel\u00e1\u0159\u00edch.<br \/>\n<\/p><br \/>\n<br \/>\n<p><b>9.Jsou hlin\u00edkov\u00e9 profily kancel\u00e1\u0159sk\u00fdch p\u0159\u00ed\u010dek odoln\u00e9? <\/b><\/p>\n<p> Ano, hlin\u00edk vykazuje vynikaj\u00edc\u00ed odolnost proti korozi, opot\u0159eben\u00ed a n\u00e1raz\u016fm, co\u017e zaru\u010duje dlouhou \u017eivotnost kancel\u00e1\u0159sk\u00fdch p\u0159\u00ed\u010dek.<br \/>\n<\/p><br \/>\n<br \/>\n<p><b>10.Jak zvy\u0161uj\u00ed minimalistick\u00e9 profily z hlin\u00edkov\u00fdch v\u00fdlisk\u016f estetiku kancel\u00e1\u0159\u00ed? <\/b><\/p>\n<p> Jejich \u0161t\u00edhl\u00e9, \u010dist\u00e9 linie a p\u0159izp\u016fsobiteln\u00e9 povrchov\u00e9 \u00fapravy vytv\u00e1\u0159ej\u00ed modern\u00ed, elegantn\u00ed prost\u0159ed\u00ed, kter\u00e9 podporuje produktivitu a profesion\u00e1ln\u00ed image.<br \/>\n<\/p><br \/><\/p>","protected":false},"featured_media":6233,"template":"","categories":[58],"class_list":["post-6234","product","type-product","status-publish","has-post-thumbnail","hentry","category-aluminium-extrusion-profiles"],"meta_box":{"hilight_text_group":{"product_hilight_text":"<li>Sleek minimalist design complements modern office aesthetics<\/li>\r\r\n<li>Lightweight yet sturdy aluminum ensures durable partitions<\/li>\r\r\n<li>Easy to assemble and reconfigure for flexible office layouts<\/li>\r\r\n<li>Corrosion-resistant surface suitable for long-term indoor use<\/li>\r\r\n<li>Customizable profiles and finishes to match branding and design needs<\/li>","product_chanpin_chanpin":"<li><a href=\"https:\/\/sinoextrud.com\/product\/aluminum-extrusion-bathroom-mirror-cabinet-aluminum-profile\/\" target=\"_blank\">Aluminum Extrusion Bathroom Mirror Cabinet Aluminum Profile<\/a><\/li>\r\n<li><a href=\"https:\/\/sinoextrud.com\/product\/aluminum-extrusion-advertising-signs-aluminum-frame-profile\/\" target=\"_blank\">Aluminum Extrusion Advertising Signs Aluminum Frame Profile<\/a><\/li>\r\n<li><a href=\"https:\/\/sinoextrud.com\/product\/aluminum-extrusion-7003-7075-aluminum-profile-cnc\/\" target=\"_blank\">Aluminum Extrusion 7003 7075 Pilates Equipment Aluminum Profile CNC Precision Aluminum Profile<\/a><\/li>\r\n<li><a href=\"https:\/\/sinoextrud.com\/product\/aluminum-extrusion-cable-clamp-profile-cnc-custom-cable-cleat-aluminum-profile\/\" target=\"_blank\">Aluminum Extrusion Cable Clamp Profile CNC Custom Cable Cleat Aluminum Profile<\/a><\/li>\r\n<li><a href=\"https:\/\/sinoextrud.com\/product\/aluminum-extrusion-minimalist-office-partition-aluminum-profiles\/\" target=\"_blank\">Aluminum Extrusion Minimalist Office Partition Aluminum Profiles<\/a><\/li>\r\n<li><a href=\"https:\/\/sinoextrud.com\/product\/aluminum-extrusion-ultra-small-material-aluminum-frame-profile\/\" target=\"_blank\">Aluminum Extrusion Ultra-small Material Aluminum Frame Profile<\/a><\/li>\r\n<li><a href=\"https:\/\/sinoextrud.com\/product\/aluminum-extrusion-6061-6082-automotive-bumper-beam\/\" target=\"_blank\">Aluminum Extrusion 6061 6082 Automotive Bumper Beam<\/a><\/li>\r\n<li><a href=\"https:\/\/sinoextrud.com\/product\/aluminium-window-extrusion-profile\/\" target=\"_blank\">Aluminium Window Extrusion Profile<\/a><\/li>\r\n<li><a href=\"https:\/\/sinoextrud.com\/product\/aluminium-extrusion-frameless-glass-railing-aluminum-profiles\/\" target=\"_blank\">Aluminium Extrusion Frameless Glass Railing Aluminum Profiles<\/a><\/li>\r\n<li><a href=\"https:\/\/sinoextrud.com\/product\/aluminum-extruded-profile\/\" target=\"_blank\">Aluminum Extruded Profile<\/a><\/li>\r\n<li><a href=\"https:\/\/sinoextrud.com\/product\/aluminum-profile-system\/\" target=\"_blank\">Aluminum Profile System<\/a><\/li>"},"feature_list":[]},"_links":{"self":[{"href":"https:\/\/sinoextrud.com\/cs\/wp-json\/wp\/v2\/product\/6234","targetHints":{"allow":["GET"]}}],"collection":[{"href":"https:\/\/sinoextrud.com\/cs\/wp-json\/wp\/v2\/product"}],"about":[{"href":"https:\/\/sinoextrud.com\/cs\/wp-json\/wp\/v2\/types\/product"}],"wp:featuredmedia":[{"embeddable":true,"href":"https:\/\/sinoextrud.com\/cs\/wp-json\/wp\/v2\/media\/6233"}],"wp:attachment":[{"href":"https:\/\/sinoextrud.com\/cs\/wp-json\/wp\/v2\/media?parent=6234"}],"wp:term":[{"taxonomy":"category","embeddable":true,"href":"https:\/\/sinoextrud.com\/cs\/wp-json\/wp\/v2\/categories?post=6234"}],"curies":[{"name":"wp","href":"https:\/\/api.w.org\/{rel}","templated":true}]}}