{"id":6232,"date":"2025-05-26T03:14:45","date_gmt":"2025-05-26T03:14:45","guid":{"rendered":"https:\/\/sinoextrud.com\/product\/aluminum-extrusion-cable-clamp-profile-cnc-custom-cable-cleat-aluminum-profile\/"},"modified":"2025-06-24T03:55:24","modified_gmt":"2025-06-24T03:55:24","slug":"hlinikovy-vytlacovaci-profil-kabelove-svorky-cnc-vlastni-kabelovy-uchyt-hlinikovy-profil","status":"publish","type":"product","link":"https:\/\/sinoextrud.com\/cs\/product\/aluminum-extrusion-cable-clamp-profile-cnc-custom-cable-cleat-aluminum-profile\/","title":{"rendered":"Hlin\u00edkov\u00fd vytla\u010dovac\u00ed profil kabelov\u00e9 svorky CNC Vlastn\u00ed kabelov\u00fd profil hlin\u00edkov\u00fd profil"},"content":{"rendered":"<h2>Podrobnosti o produktech<\/h2>\n<table class=\"custom-table\">\n<tr>\n<td class=\"label\">Polo\u017eka<\/td>\n<td>Hlin\u00edkov\u00fd vytla\u010dovac\u00ed profil kabelov\u00e9 svorky CNC Vlastn\u00ed kabelov\u00fd profil hlin\u00edkov\u00fd profil<\/td>\n<\/tr>\n<tr>\n<td class=\"label\">Temperament<\/td>\n<td>T3-T8<\/td>\n<\/tr>\n<tr>\n<td class=\"label\">Pr\u016fb\u011bh procesu<\/td>\n<td>V\u00fdvoj forem-hlin\u00edkov\u00e9 p\u0159edvalky-vyh\u0159\u00edv\u00e1n\u00ed-formov\u00e1n\u00ed se surov\u00fdm hlin\u00edkem-nodizovan\u00fd pr\u00e1\u0161kov\u00fd povlak<\/td>\n<\/tr>\n<tr>\n<td class=\"label\">Aplikace<\/td>\n<td>elektrick\u00e9 instalace, telekomunika\u010dn\u00ed infrastruktura, dopravn\u00ed syst\u00e9my a pr\u016fmyslov\u00e9 stroje.<\/td>\n<\/tr>\n<tr>\n<td class=\"label\">Tvar<\/td>\n<td>P\u0159izp\u016fsoben\u00ed<\/td>\n<\/tr>\n<tr>\n<td class=\"label\">Povrchov\u00e1 \u00faprava<\/td>\n<td>Fr\u00e9zov\u00e1n\u00ed, eloxov\u00e1n\u00ed, povrchov\u00e1 \u00faprava, p\u00edskov\u00e1n\u00ed, elektrofor\u00e9za, kart\u00e1\u010dov\u00e1n\u00ed, le\u0161t\u011bn\u00ed atd.<\/td>\n<\/tr>\n<tr>\n<td class=\"label\">Barva<\/td>\n<td>Na z\u00e1klad\u011b po\u017eadavk\u016f z\u00e1kazn\u00edk\u016f<\/td>\n<\/tr>\n<tr>\n<td class=\"label\">Hloubkov\u00e9 zpracov\u00e1n\u00ed<\/td>\n<td>\u0158ez\u00e1n\u00ed, vrt\u00e1n\u00ed, obr\u00e1b\u011bn\u00ed, d\u011brov\u00e1n\u00ed, oh\u00fdb\u00e1n\u00ed, z\u00e1vitov\u00e1n\u00ed atd.<\/td>\n<\/tr>\n<tr>\n<td class=\"label\">MOQ<\/td>\n<td>200 kg pro ka\u017ed\u00fd profil<\/td>\n<\/tr>\n<tr>\n<td class=\"label\">Doba dod\u00e1n\u00ed<\/td>\n<td>V\u00fdvoj formy a konformace vzorku trv\u00e1 12-15 dn\u00ed, v\u00fdroba pak 15-25 dn\u00ed po obdr\u017een\u00ed z\u00e1lohy od kupuj\u00edc\u00edho.<\/td>\n<\/tr>\n<tr>\n<td class=\"label\">Vzorek zdarma<\/td>\n<td>lze zaslat do 1-3 dn\u016f<\/td>\n<\/tr>\n<\/table>\n<h2>Na\u0161e v\u00fdrobn\u00ed z\u00e1kladna<\/h2>\n<h3>Panorama tov\u00e1rny<\/h3>\n<p><img decoding=\"async\" src=\"\/wp-content\/uploads\/factory-01.webp\"\/><\/p>\n<h3>D\u00edlna na v\u00fdrobu hlin\u00edkov\u00fdch ty\u010d\u00ed<\/h3>\n<p><img decoding=\"async\" src=\"\/wp-content\/uploads\/factory-02.webp\"\/><\/p>\n<p><img decoding=\"async\" src=\"\/wp-content\/uploads\/factory-03.webp\"\/><\/p>\n<h3>Sklad pl\u00edsn\u00ed<\/h3>\n<p><img decoding=\"async\" src=\"\/wp-content\/uploads\/factory-04.webp\"\/><\/p>\n<h3>43 linek na vytla\u010dov\u00e1n\u00ed hlin\u00edku (500 - 5500 tun)<\/h3>\n<p><img decoding=\"async\" src=\"\/wp-content\/uploads\/factory-05.webp\"\/><\/p>\n<p><img decoding=\"async\" src=\"\/wp-content\/uploads\/factory-06.webp\"\/><\/p>\n<p><img decoding=\"async\" src=\"\/wp-content\/uploads\/factory-07.webp\"\/><\/p>\n<h3>D\u00edlna pr\u00e1\u0161kov\u00e9ho lakov\u00e1n\u00ed<\/h3>\n<p><img decoding=\"async\" src=\"\/wp-content\/uploads\/factory-09.webp\"\/><\/p>\n<h3>D\u00edlna eloxov\u00e1n\u00ed<\/h3>\n<p><img decoding=\"async\" src=\"\/wp-content\/uploads\/factory-10.webp\"\/><\/p>\n<h3>Workshop o hloubkov\u00e9m zpracov\u00e1n\u00ed<\/h3>\n<p><img decoding=\"async\" src=\"\/wp-content\/uploads\/factory-11.webp\"\/><\/p>\n<h3>D\u00edlna CNC p\u0159esn\u00e9ho obr\u00e1b\u011bn\u00ed<\/h3>\n<p><img decoding=\"async\" src=\"\/wp-content\/uploads\/factory-11.5.webp\"\/><\/p>\n<h3>Sklad hotov\u00fdch v\u00fdrobk\u016f a exportn\u00ed sklad<\/h3>\n<p><img decoding=\"async\" src=\"\/wp-content\/uploads\/factory-12.webp\"\/><\/p>\n<p><img decoding=\"async\" src=\"\/wp-content\/uploads\/factory-13.webp\"\/><\/p>\n<p><img decoding=\"async\" src=\"\/wp-content\/uploads\/factory-14.webp\"\/><\/p>\n<h2>\u010cASTO KLADEN\u00c9 DOTAZY<\/h2>\n<p><p><b>1.Co je to hlin\u00edkov\u00fd vytla\u010dovac\u00ed profil kabelov\u00e9 svorky? <\/b><\/p>\n<p> Jedn\u00e1 se o speci\u00e1ln\u011b extrudovan\u00fd hlin\u00edkov\u00fd profil, kter\u00fd je ur\u010den k upevn\u011bn\u00ed kabel\u016f v elektrick\u00fdch a pr\u016fmyslov\u00fdch aplikac\u00edch.<br \/>\n<\/p><br \/>\n<br \/>\n<p><b>2.Jak\u00e9 jsou v\u00fdhody pou\u017eit\u00ed hlin\u00edkov\u00fdch profil\u016f kabelov\u00fdch svorek? <\/b><\/p>\n<p> Hlin\u00edkov\u00e9 profily kabelov\u00fdch svorek se vyzna\u010duj\u00ed n\u00edzkou hmotnost\u00ed, odolnost\u00ed proti korozi, vynikaj\u00edc\u00ed tepelnou vodivost\u00ed a trvanlivost\u00ed pro spolehliv\u00e9 veden\u00ed kabel\u016f.<br \/>\n<\/p><br \/>\n<br \/>\n<p><b>3.Pro\u010d si vybrat CNC hlin\u00edkov\u00e9 profily na zak\u00e1zku pro kabelov\u00e9 \u00fachyty? <\/b><\/p>\n<p> CNC obr\u00e1b\u011bn\u00ed zaji\u0161\u0165uje p\u0159esn\u00e9 rozm\u011bry, hladk\u00fd povrch a zak\u00e1zkov\u00e9 proveden\u00ed p\u0159izp\u016fsoben\u00e9 konkr\u00e9tn\u00edm rozm\u011br\u016fm kabel\u016f a po\u017eadavk\u016fm na instalaci.<br \/>\n<\/p><br \/>\n<br \/>\n<p><b>4.Kde se b\u011b\u017en\u011b pou\u017e\u00edvaj\u00ed hlin\u00edkov\u00e9 vytla\u010dovac\u00ed profily kabelov\u00fdch p\u0159\u00edchytek? <\/b><\/p>\n<p> Pou\u017e\u00edvaj\u00ed se v elektr\u00e1rn\u00e1ch, rozvodn\u00e1ch, pr\u016fmyslov\u00fdch za\u0159\u00edzen\u00edch, projektech obnoviteln\u00fdch zdroj\u016f energie a v infrastruktu\u0159e pro efektivn\u00ed upevn\u011bn\u00ed kabel\u016f.<br \/>\n<\/p><br \/>\n<br \/>\n<p><b>5.Jsou hlin\u00edkov\u00e9 profily kabelov\u00fdch svorek odoln\u00e9 proti korozi? <\/b><\/p>\n<p> Ano, hlin\u00edkov\u00e9 profily jsou odoln\u00e9 proti korozi, tak\u017ee jsou vhodn\u00e9 pro venkovn\u00ed, n\u00e1mo\u0159n\u00ed a drsn\u00e9 podm\u00ednky prost\u0159ed\u00ed.<br \/>\n<\/p><br \/>\n<br \/>\n<p><b>6.Mohou b\u00fdt hlin\u00edkov\u00e9 profily kabelov\u00fdch \u00fachyt\u016f p\u0159izp\u016fsobeny? <\/b><\/p>\n<p> Hlin\u00edkov\u00e9 profily CNC na zak\u00e1zku lze vyr\u00e1b\u011bt v r\u016fzn\u00fdch tvarech, velikostech a povrchov\u00fdch \u00faprav\u00e1ch, aby vyhovovaly specifick\u00fdm pot\u0159eb\u00e1m veden\u00ed kabel\u016f.<br \/>\n<\/p><br \/>\n<br \/>\n<p><b>7.Jak\u00e9 povrchov\u00e9 \u00fapravy jsou k dispozici pro hlin\u00edkov\u00e9 profily kabelov\u00fdch svorek? <\/b><\/p>\n<p> Povrchov\u00e9 \u00fapravy zahrnuj\u00ed eloxov\u00e1n\u00ed, pr\u00e1\u0161kov\u00e9 lakov\u00e1n\u00ed a fr\u00e9zov\u00e1n\u00ed, kter\u00e9 zvy\u0161uj\u00ed ochranu a estetiku podle po\u017eadavk\u016f aplikace.<br \/>\n<\/p><br \/>\n<br \/>\n<p><b>8.Zvy\u0161uj\u00ed hlin\u00edkov\u00e9 lisovan\u00e9 kabelov\u00e9 svorky bezpe\u010dnost? <\/b><\/p>\n<p> Ano, bezpe\u010dn\u011b dr\u017e\u00ed kabely na m\u00edst\u011b, \u010d\u00edm\u017e zabra\u0148uj\u00ed po\u0161kozen\u00ed, sni\u017euj\u00ed mechanick\u00e9 nam\u00e1h\u00e1n\u00ed a minimalizuj\u00ed elektrick\u00e9 nebezpe\u010d\u00ed.<br \/>\n<\/p><br \/>\n<br \/>\n<p><b>9.Jak\u00fd p\u0159\u00ednos m\u00e1 vytla\u010dov\u00e1n\u00ed hlin\u00edku pro v\u00fdrobu kabelov\u00fdch spojek? <\/b><\/p>\n<p> Vytla\u010dov\u00e1n\u00ed umo\u017e\u0148uje komplexn\u00ed n\u00e1vrhy profil\u016f, konzistentn\u00ed kvalitu a efektivn\u00ed vyu\u017eit\u00ed materi\u00e1lu, zat\u00edmco CNC obr\u00e1b\u011bn\u00ed zaji\u0161\u0165uje p\u0159esnost a p\u0159izp\u016fsoben\u00ed.<br \/>\n<\/p><br \/>\n<br \/>\n<p><b>10.Pro\u010d je pro profily kabelov\u00fdch svorek up\u0159ednost\u0148ov\u00e1n hlin\u00edk p\u0159ed jin\u00fdmi materi\u00e1ly? <\/b><\/p>\n<p> Hlin\u00edk v sob\u011b spojuje lehk\u00e9 vlastnosti, odolnost proti korozi, vysokou pevnost a snadnou v\u00fdrobu, tak\u017ee je ide\u00e1ln\u00ed pro odoln\u00e1 \u0159e\u0161en\u00ed veden\u00ed kabel\u016f.<br \/>\n<\/p><br \/><\/p>","protected":false},"featured_media":6231,"template":"","categories":[58],"class_list":["post-6232","product","type-product","status-publish","has-post-thumbnail","hentry","category-aluminium-extrusion-profiles"],"meta_box":{"hilight_text_group":{"product_hilight_text":"<li>Custom CNC machining ensures precise fit and reliable cable securing<\/li>\r\r\n<li>Durable aluminum provides strong support with lightweight benefits<\/li>\r\r\n<li>Corrosion-resistant finish suitable for indoor and outdoor installations<\/li>\r\r\n<li>Supports various cable sizes with adjustable clamp profiles<\/li>\r\r\n<li>Enhances cable management efficiency in industrial and commercial settings<\/li>","product_chanpin_chanpin":"<li><a href=\"https:\/\/sinoextrud.com\/product\/aluminum-extrusion-1060-2024-3003-5082-6061-6082-7003-7005-7075-aluminum-alloy-profile\/\" target=\"_blank\">Aluminum Extrusion 1060 2024 3003 5082 6061 6082 7003 7005 7075 Aluminum Alloy Profile<\/a><\/li>\r\n<li><a href=\"https:\/\/sinoextrud.com\/product\/aluminum-extrusion-bathroom-mirror-cabinet-aluminum-profile\/\" target=\"_blank\">Aluminum Extrusion Bathroom Mirror Cabinet Aluminum Profile<\/a><\/li>\r\n<li><a href=\"https:\/\/sinoextrud.com\/product\/aluminum-extrusion-advertising-signs-aluminum-frame-profile\/\" target=\"_blank\">Aluminum Extrusion Advertising Signs Aluminum Frame Profile<\/a><\/li>\r\n<li><a href=\"https:\/\/sinoextrud.com\/product\/aluminum-extrusion-7003-7075-aluminum-profile-cnc\/\" target=\"_blank\">Aluminum Extrusion 7003 7075 Pilates Equipment Aluminum Profile CNC Precision Aluminum Profile<\/a><\/li>\r\n<li><a href=\"https:\/\/sinoextrud.com\/product\/aluminum-extrusion-cable-clamp-profile-cnc-custom-cable-cleat-aluminum-profile\/\" target=\"_blank\">Aluminum Extrusion Cable Clamp Profile CNC Custom Cable Cleat Aluminum Profile<\/a><\/li>\r\n<li><a href=\"https:\/\/sinoextrud.com\/product\/aluminum-extrusion-minimalist-office-partition-aluminum-profiles\/\" target=\"_blank\">Aluminum Extrusion Minimalist Office Partition Aluminum Profiles<\/a><\/li>\r\n<li><a href=\"https:\/\/sinoextrud.com\/product\/aluminum-extrusion-ultra-small-material-aluminum-frame-profile\/\" target=\"_blank\">Aluminum Extrusion Ultra-small Material Aluminum Frame Profile<\/a><\/li>\r\n<li><a href=\"https:\/\/sinoextrud.com\/product\/aluminum-extrusion-6061-6082-automotive-bumper-beam\/\" target=\"_blank\">Aluminum Extrusion 6061 6082 Automotive Bumper Beam<\/a><\/li>\r\n<li><a href=\"https:\/\/sinoextrud.com\/product\/aluminium-window-extrusion-profile\/\" target=\"_blank\">Aluminium Window Extrusion Profile<\/a><\/li>\r\n<li><a href=\"https:\/\/sinoextrud.com\/product\/aluminium-extrusion-moulding\/\" target=\"_blank\">Aluminium Extrusion Moulding<\/a><\/li>\r\n<li><a href=\"https:\/\/sinoextrud.com\/product\/aluminium-profile-louver\/\" target=\"_blank\">Aluminium Profile Louver<\/a><\/li>"},"feature_list":[]},"_links":{"self":[{"href":"https:\/\/sinoextrud.com\/cs\/wp-json\/wp\/v2\/product\/6232","targetHints":{"allow":["GET"]}}],"collection":[{"href":"https:\/\/sinoextrud.com\/cs\/wp-json\/wp\/v2\/product"}],"about":[{"href":"https:\/\/sinoextrud.com\/cs\/wp-json\/wp\/v2\/types\/product"}],"wp:featuredmedia":[{"embeddable":true,"href":"https:\/\/sinoextrud.com\/cs\/wp-json\/wp\/v2\/media\/6231"}],"wp:attachment":[{"href":"https:\/\/sinoextrud.com\/cs\/wp-json\/wp\/v2\/media?parent=6232"}],"wp:term":[{"taxonomy":"category","embeddable":true,"href":"https:\/\/sinoextrud.com\/cs\/wp-json\/wp\/v2\/categories?post=6232"}],"curies":[{"name":"wp","href":"https:\/\/api.w.org\/{rel}","templated":true}]}}