{"id":6226,"date":"2025-05-26T03:05:08","date_gmt":"2025-05-26T03:05:08","guid":{"rendered":"https:\/\/sinoextrud.com\/product\/aluminum-extrusion-bathroom-mirror-cabinet-aluminum-profile\/"},"modified":"2025-06-24T03:55:17","modified_gmt":"2025-06-24T03:55:17","slug":"hlinikovy-vylisek-koupelnova-zrcadlova-skrinka-hlinikovy-profil","status":"publish","type":"product","link":"https:\/\/sinoextrud.com\/cs\/product\/aluminum-extrusion-bathroom-mirror-cabinet-aluminum-profile\/","title":{"rendered":"Hlin\u00edkov\u00fd v\u00fdlisek Koupelnov\u00e1 zrcadlov\u00e1 sk\u0159\u00ed\u0148ka Hlin\u00edkov\u00fd profil"},"content":{"rendered":"<h2>Podrobnosti o produktech<\/h2>\n<table class=\"custom-table\">\n<tr>\n<td class=\"label\">N\u00e1zev produktu<\/td>\n<td>Hlin\u00edkov\u00fd v\u00fdlisek Koupelnov\u00e1 zrcadlov\u00e1 sk\u0159\u00ed\u0148ka Hlin\u00edkov\u00fd profil<\/td>\n<\/tr>\n<tr>\n<td class=\"label\">Materi\u00e1l<\/td>\n<td>Vysoce kvalitn\u00ed hlin\u00edkov\u00e1 slitina<\/td>\n<\/tr>\n<tr>\n<td class=\"label\">Rozm\u011bry<\/td>\n<td>P\u0159izp\u016fsobiteln\u00e9 rozm\u011bry na vy\u017e\u00e1d\u00e1n\u00ed<\/td>\n<\/tr>\n<tr>\n<td class=\"label\">Povrchov\u00e1 \u00faprava<\/td>\n<td>eloxov\u00e1n\u00ed, pr\u00e1\u0161kov\u00e9 lakov\u00e1n\u00ed, kart\u00e1\u010dovan\u00e1 povrchov\u00e1 \u00faprava<\/td>\n<\/tr>\n<tr>\n<td class=\"label\">Odolnost proti korozi<\/td>\n<td>Vynikaj\u00edc\u00ed odolnost proti korozi d\u00edky eloxovan\u00e9mu povrchu<\/td>\n<\/tr>\n<tr>\n<td class=\"label\">Styl designu<\/td>\n<td>Modern\u00ed a minimalistick\u00fd<\/td>\n<\/tr>\n<tr>\n<td class=\"label\">Aplikace<\/td>\n<td>Koupelnov\u00e9 zrcadlov\u00e9 sk\u0159\u00ed\u0148ky pro obytn\u00e9 a komer\u010dn\u00ed pou\u017eit\u00ed<\/td>\n<\/tr>\n<tr>\n<td class=\"label\">Mo\u017enosti p\u0159izp\u016fsoben\u00ed<\/td>\n<td>K dispozici jsou slu\u017eby ODM a OEM, v\u010detn\u011b p\u0159izp\u016fsoben\u00ed velikosti, barvy a designu.<\/td>\n<\/tr>\n<tr>\n<td class=\"label\">Zaji\u0161t\u011bn\u00ed kvality<\/td>\n<td>P\u0159\u00edsn\u00e1 opat\u0159en\u00ed pro kontrolu kvality a dodr\u017eov\u00e1n\u00ed mezin\u00e1rodn\u00edch norem<\/td>\n<\/tr>\n<tr>\n<td class=\"label\">Balen\u00ed<\/td>\n<td>Bezpe\u010dn\u00fd obal, kter\u00fd zabra\u0148uje po\u0161kozen\u00ed b\u011bhem p\u0159epravy<\/td>\n<\/tr>\n<tr>\n<td class=\"label\">Slu\u017eby CNC obr\u00e1b\u011bn\u00ed<\/td>\n<td>K dispozici pro p\u0159esn\u00e9 p\u0159izp\u016fsoben\u00ed a slo\u017eit\u00e9 vzory<\/td>\n<\/tr>\n<\/table>\n<h2>Na\u0161e v\u00fdrobn\u00ed z\u00e1kladna<\/h2>\n<h3>Panorama tov\u00e1rny<\/h3>\n<p><img decoding=\"async\" src=\"\/wp-content\/uploads\/factory-01.webp\"\/><\/p>\n<h3>D\u00edlna na v\u00fdrobu hlin\u00edkov\u00fdch ty\u010d\u00ed<\/h3>\n<p><img decoding=\"async\" src=\"\/wp-content\/uploads\/factory-02.webp\"\/><\/p>\n<\/p>\n<p><img decoding=\"async\" src=\"\/wp-content\/uploads\/factory-03.webp\"\/><\/p>\n<h3>Sklad pl\u00edsn\u00ed<\/h3>\n<p><img decoding=\"async\" src=\"\/wp-content\/uploads\/factory-04.webp\"\/><\/p>\n<h3>43 linek na vytla\u010dov\u00e1n\u00ed hlin\u00edku (500-5500 tun)<\/h3>\n<p><img decoding=\"async\" src=\"\/wp-content\/uploads\/factory-05.webp\"\/><\/p>\n<p><img decoding=\"async\" src=\"\/wp-content\/uploads\/factory-06.webp\"\/><\/p>\n<p><img decoding=\"async\" src=\"\/wp-content\/uploads\/factory-07.webp\"\/><\/p>\n<h3>D\u00edlna pr\u00e1\u0161kov\u00e9ho lakov\u00e1n\u00ed<\/h3>\n<p><img decoding=\"async\" src=\"\/wp-content\/uploads\/factory-09.webp\"\/><\/p>\n<h3>D\u00edlna eloxov\u00e1n\u00ed<\/h3>\n<p><img decoding=\"async\" src=\"\/wp-content\/uploads\/factory-10.webp\"\/><\/p>\n<h3>Workshop o hloubkov\u00e9m zpracov\u00e1n\u00ed<\/h3>\n<p><img decoding=\"async\" src=\"\/wp-content\/uploads\/factory-11.webp\"\/><\/p>\n<h3>D\u00edlna CNC p\u0159esn\u00e9ho obr\u00e1b\u011bn\u00ed<\/h3>\n<p><img decoding=\"async\" src=\"\/wp-content\/uploads\/factory-11.5.webp\"\/><\/p>\n<h3>Sklad hotov\u00fdch v\u00fdrobk\u016f a exportn\u00ed sklad<\/h3>\n<p><img decoding=\"async\" src=\"\/wp-content\/uploads\/factory-12.webp\"\/><\/p>\n<p><img decoding=\"async\" src=\"\/wp-content\/uploads\/factory-13.webp\"\/><\/p>\n<p><img decoding=\"async\" src=\"\/wp-content\/uploads\/factory-14.webp\"\/><\/p>\n<h2>\u010cASTO KLADEN\u00c9 DOTAZY<\/h2>\n<p><b>1.Co je hlin\u00edkov\u00fd vytla\u010dovac\u00ed hlin\u00edkov\u00fd profil koupelnov\u00e9 zrcadlov\u00e9 sk\u0159\u00ed\u0148ky? <\/b><\/p>\n<p> Jedn\u00e1 se o extrudovan\u00fd hlin\u00edkov\u00fd profil speci\u00e1ln\u011b navr\u017een\u00fd pro r\u00e1mov\u00e1n\u00ed a podp\u011bru koupelnov\u00fdch zrcadlov\u00fdch sk\u0159\u00edn\u011bk, kter\u00fd nab\u00edz\u00ed odolnost a elegantn\u00ed modern\u00ed vzhled.\n<\/p>\n<p><\/p>\n<p><b>2.Jak\u00e9 jsou v\u00fdhody pou\u017eit\u00ed hlin\u00edkov\u00fdch profil\u016f pro koupelnov\u00e9 zrcadlov\u00e9 sk\u0159\u00ed\u0148ky? <\/b><\/p>\n<p> Hlin\u00edkov\u00e9 profily jsou odoln\u00e9 proti korozi, maj\u00ed n\u00edzkou hmotnost, elegantn\u00ed estetiku a snadnou mont\u00e1\u017e, co\u017e je ide\u00e1ln\u00ed pro vlhk\u00e9 prost\u0159ed\u00ed koupelen.\n<\/p>\n<p><\/p>\n<p><b>3.Pro\u010d zvolit hlin\u00edkov\u00fd v\u00fdlisek pro r\u00e1my zrcadlov\u00fdch sk\u0159\u00edn\u00ed? <\/b><\/p>\n<p> Vytla\u010dov\u00e1n\u00ed hlin\u00edku umo\u017e\u0148uje p\u0159esn\u00e9 a \u010dist\u00e9 tvary s vynikaj\u00edc\u00ed povrchovou \u00fapravou, co\u017e zaji\u0161\u0165uje vysoce kvalitn\u00ed a dlouhotrvaj\u00edc\u00ed konstrukci zrcadlov\u00fdch sk\u0159\u00edn\u011bk.\n<\/p>\n<p><\/p>\n<p><b>4.Jsou hlin\u00edkov\u00e9 profily zrcadlov\u00fdch sk\u0159\u00edn\u00ed odoln\u00e9 proti korozi? <\/b><\/p>\n<p> Ano, hlin\u00edkov\u00e9 profily jsou p\u0159irozen\u011b odoln\u00e9 proti korozi a mohou b\u00fdt eloxov\u00e1ny nebo opat\u0159eny pr\u00e1\u0161kovou barvou pro lep\u0161\u00ed ochranu ve vlhk\u00fdch koupeln\u00e1ch.\n<\/p>\n<p><\/p>\n<p><b>5.Kde se pou\u017e\u00edvaj\u00ed hlin\u00edkov\u00e9 vytla\u010dovac\u00ed profily zrcadlov\u00fdch sk\u0159\u00edn\u00ed? <\/b><\/p>\n<p> Tyto profily se pou\u017e\u00edvaj\u00ed v koupelnov\u00fdch zrcadlov\u00fdch sk\u0159\u00ed\u0148k\u00e1ch, sk\u0159\u00ed\u0148k\u00e1ch na l\u00e9ky, toaletn\u00edch zrcadlech a n\u00e1st\u011bnn\u00fdch \u00falo\u017en\u00fdch jednotk\u00e1ch.\n<\/p>\n<p><\/p>\n<p><b>6.Can koupelna zrcadlo sk\u0159\u00ed\u0148 hlin\u00edkov\u00e9 profily b\u00fdt p\u0159izp\u016fsobeny? <\/b><\/p>\n<p> Rozhodn\u011b je lze vytla\u010dit na zak\u00e1zku v r\u016fzn\u00fdch tvarech, povrchov\u00fdch \u00faprav\u00e1ch a rozm\u011brech, aby odpov\u00eddaly r\u016fzn\u00fdm design\u016fm sk\u0159\u00edn\u011bk a pot\u0159eb\u00e1m instalace.\n<\/p>\n<p><\/p>\n<p><b>7.Jak\u00e9 povrchov\u00e9 \u00fapravy jsou k dispozici pro hlin\u00edkov\u00e9 zrcadlov\u00e9 profily sk\u0159\u00edn\u00ed? <\/b><\/p>\n<p> K dispozici jsou eloxovan\u00e9, matn\u00e9, kart\u00e1\u010dovan\u00e9, le\u0161t\u011bn\u00e9 a pr\u00e1\u0161kov\u011b lakovan\u00e9 varianty, kter\u00e9 se hod\u00ed k r\u016fzn\u00fdm styl\u016fm koupelnov\u00e9ho interi\u00e9ru.\n<\/p>\n<p><\/p>\n<p><b>8.Jsou hlin\u00edkov\u00e9 profily zrcadlov\u00fdch sk\u0159\u00edn\u00ed snadno instalovateln\u00e9? <\/b><\/p>\n<p> Ano, hlin\u00edkov\u00e9 profily jsou lehk\u00e9, snadno se \u0159e\u017eou a montuj\u00ed a jsou kompatibiln\u00ed se standardn\u00edm sk\u0159\u00ed\u0148ov\u00fdm kov\u00e1n\u00edm a armaturami.\n<\/p>\n<p><\/p>\n<p><b>9.Zlep\u0161uj\u00ed hlin\u00edkov\u00e9 profily vzhled zrcadlov\u00fdch sk\u0159\u00edn\u00ed? <\/b><\/p>\n<p> Ano, jejich elegantn\u00ed a modern\u00ed design dod\u00e1v\u00e1 koupeln\u00e1m prvot\u0159\u00eddn\u00ed, minimalistick\u00fd vzhled a z\u00e1rove\u0148 zachov\u00e1v\u00e1 jejich funk\u010dnost.\n<\/p>\n<p><\/p>\n<p><b>10.Pro\u010d se u koupelnov\u00fdch sk\u0159\u00edn\u011bk d\u00e1v\u00e1 p\u0159ednost hlin\u00edkov\u00fdm profil\u016fm p\u0159ed plastov\u00fdmi nebo ocelov\u00fdmi? <\/b><\/p>\n<p> Hlin\u00edkov\u00e9 profily jsou pevn\u011bj\u0161\u00ed ne\u017e plastov\u00e9 a odoln\u011bj\u0161\u00ed proti korozi ne\u017e ocel, tak\u017ee jsou ide\u00e1ln\u00ed volbou pro koupelnov\u00e9 zrcadlov\u00e9 sk\u0159\u00ed\u0148ky s dlouhou \u017eivotnost\u00ed.\n<\/p>\n<p><\/p>","protected":false},"featured_media":6225,"template":"","categories":[58],"class_list":["post-6226","product","type-product","status-publish","has-post-thumbnail","hentry","category-aluminium-extrusion-profiles"],"meta_box":{"hilight_text_group":{"product_hilight_text":"<li>Lightweight and durable aluminum ensures long-lasting cabinet support<\/li>\r\r\n<li>Corrosion-resistant finish ideal for humid bathroom environments<\/li>\r\r\n<li>Sleek, modern design enhances mirror cabinet aesthetics<\/li>\r\r\n<li>Customizable profiles to fit various mirror and cabinet sizes<\/li>\r\r\n<li>Easy to assemble and maintain, improving installation efficiency<\/li>","product_chanpin_chanpin":"<li><a href=\"https:\/\/sinoextrud.com\/product\/aluminium-extrusion-3003-6082-7003-7075-aluminum-profile\/\" target=\"_blank\">Aluminium Extrusion 3003 6082 7003 7075 Aluminum Profile<\/a><\/li>\r\n<li><a href=\"https:\/\/sinoextrud.com\/product\/aluminum-extruded-aluminum-roofing-profiles\/\" target=\"_blank\">Aluminum Extruded Aluminum Roofing Profiles<\/a><\/li>\r\n<li><a href=\"https:\/\/sinoextrud.com\/product\/aluminum-extrusion-l-shaped-angle-aluminum-profile-in-china\/\" target=\"_blank\">Aluminum Extrusion L-shaped Angle Aluminum Profile in China<\/a><\/li>\r\n<li><a href=\"https:\/\/sinoextrud.com\/product\/aluminum-extrusion-1060-2024-3003-5082-6061-6082-7003-7005-7075-aluminum-alloy-profile\/\" target=\"_blank\">Aluminum Extrusion 1060 2024 3003 5082 6061 6082 7003 7005 7075 Aluminum Alloy Profile<\/a><\/li>\r\n<li><a href=\"https:\/\/sinoextrud.com\/product\/aluminum-extrusion-bathroom-mirror-cabinet-aluminum-profile\/\" target=\"_blank\">Aluminum Extrusion Bathroom Mirror Cabinet Aluminum Profile<\/a><\/li>\r\n<li><a href=\"https:\/\/sinoextrud.com\/product\/aluminum-extrusion-advertising-signs-aluminum-frame-profile\/\" target=\"_blank\">Aluminum Extrusion Advertising Signs Aluminum Frame Profile<\/a><\/li>\r\n<li><a href=\"https:\/\/sinoextrud.com\/product\/aluminum-extrusion-7003-7075-aluminum-profile-cnc\/\" target=\"_blank\">Aluminum Extrusion 7003 7075 Pilates Equipment Aluminum Profile CNC Precision Aluminum Profile<\/a><\/li>\r\n<li><a href=\"https:\/\/sinoextrud.com\/product\/aluminum-extrusion-cable-clamp-profile-cnc-custom-cable-cleat-aluminum-profile\/\" target=\"_blank\">Aluminum Extrusion Cable Clamp Profile CNC Custom Cable Cleat Aluminum Profile<\/a><\/li>\r\n<li><a href=\"https:\/\/sinoextrud.com\/product\/aluminum-extrusion-minimalist-office-partition-aluminum-profiles\/\" target=\"_blank\">Aluminum Extrusion Minimalist Office Partition Aluminum Profiles<\/a><\/li>\r\n<li><a href=\"https:\/\/sinoextrud.com\/product\/heatsink-aluminum-profiles\/\" target=\"_blank\">Heatsink Aluminum Profiles<\/a><\/li>\r\n<li><a href=\"https:\/\/sinoextrud.com\/product\/aluminium-extrusion-profile\/\" target=\"_blank\">Aluminium Extrusion Profile<\/a><\/li>"},"feature_list":[]},"_links":{"self":[{"href":"https:\/\/sinoextrud.com\/cs\/wp-json\/wp\/v2\/product\/6226","targetHints":{"allow":["GET"]}}],"collection":[{"href":"https:\/\/sinoextrud.com\/cs\/wp-json\/wp\/v2\/product"}],"about":[{"href":"https:\/\/sinoextrud.com\/cs\/wp-json\/wp\/v2\/types\/product"}],"wp:featuredmedia":[{"embeddable":true,"href":"https:\/\/sinoextrud.com\/cs\/wp-json\/wp\/v2\/media\/6225"}],"wp:attachment":[{"href":"https:\/\/sinoextrud.com\/cs\/wp-json\/wp\/v2\/media?parent=6226"}],"wp:term":[{"taxonomy":"category","embeddable":true,"href":"https:\/\/sinoextrud.com\/cs\/wp-json\/wp\/v2\/categories?post=6226"}],"curies":[{"name":"wp","href":"https:\/\/api.w.org\/{rel}","templated":true}]}}