{"id":6223,"date":"2025-05-26T03:01:27","date_gmt":"2025-05-26T03:01:27","guid":{"rendered":"https:\/\/sinoextrud.com\/product\/aluminum-extrusion-1060-2024-3003-5082-6061-6082-7003-7005-7075-aluminum-alloy-profile\/"},"modified":"2025-06-24T03:55:15","modified_gmt":"2025-06-24T03:55:15","slug":"vytlacovani-hliniku-1060-2024-3003-5082-6061-6082-7003-7005-7075-profil-z-hlinikove-slitiny","status":"publish","type":"product","link":"https:\/\/sinoextrud.com\/cs\/product\/aluminum-extrusion-1060-2024-3003-5082-6061-6082-7003-7005-7075-aluminum-alloy-profile\/","title":{"rendered":"Hlin\u00edkov\u00e9 v\u00fdlisky 1060 2024 3003 5082 6061 6082 7003 7005 7075 Hlin\u00edkov\u00e1 slitina Profil"},"content":{"rendered":"<h2>Podrobnosti o produktech<\/h2>\n<table class=\"custom-table\">\n<tr>\n<td class=\"label\">Slitina<\/td>\n<td>Chemick\u00e9 slo\u017een\u00ed<\/td>\n<td>Pevnost v tahu (MPa)<\/td>\n<td>Mez kluzu (MPa)<\/td>\n<td>Prodlou\u017een\u00ed (%)<\/td>\n<td>Hustota (G\/Cm3)<\/td>\n<td>Odolnost proti korozi<\/td>\n<td>Sva\u0159itelnost<\/td>\n<td>Aplikace<\/td>\n<\/tr>\n<tr>\n<td class=\"label\">1060 hlin\u00edk<\/td>\n<td>Al 99.6% min<\/td>\n<td>70-100<\/td>\n<td>30-50<\/td>\n<td>5-20<\/td>\n<td>2.70<\/td>\n<td>Vynikaj\u00edc\u00ed<\/td>\n<td>Dobr\u00fd<\/td>\n<td>Elektrick\u00e9 a chemick\u00e9 aplikace<\/td>\n<\/tr>\n<tr>\n<td class=\"label\">2024 hlin\u00edk<\/td>\n<td>Slitina Al-Cu<\/td>\n<td>480-570<\/td>\n<td>325-450<\/td>\n<td>3-10<\/td>\n<td>2.78<\/td>\n<td>M\u00edrn\u00e1<\/td>\n<td>\u0160patn\u00fd<\/td>\n<td>Letectv\u00ed a kosmonautika, vojensk\u00e9 aplikace<\/td>\n<\/tr>\n<tr>\n<td class=\"label\">3003 hlin\u00edk<\/td>\n<td>Slitina Al-Mn<\/td>\n<td>130-250<\/td>\n<td>110-150<\/td>\n<td>20-25<\/td>\n<td>2.73<\/td>\n<td>Dobr\u00fd<\/td>\n<td>Vynikaj\u00edc\u00ed<\/td>\n<td>Chemick\u00e1 za\u0159\u00edzen\u00ed, skladovac\u00ed n\u00e1dr\u017ee<\/td>\n<\/tr>\n<tr>\n<td class=\"label\">5082 hlin\u00edk<\/td>\n<td>Slitina Al-Mg<\/td>\n<td>300-350<\/td>\n<td>240-290<\/td>\n<td>10-15<\/td>\n<td>2.66<\/td>\n<td>Vynikaj\u00edc\u00ed<\/td>\n<td>Dobr\u00fd<\/td>\n<td>N\u00e1mo\u0159n\u00ed aplikace, tlakov\u00e9 n\u00e1doby<\/td>\n<\/tr>\n<tr>\n<td class=\"label\">Hlin\u00edk 6061<\/td>\n<td>Slitina Al-Mg-Si<\/td>\n<td>260-310<\/td>\n<td>210-270<\/td>\n<td>12-20<\/td>\n<td>2.70<\/td>\n<td>Dobr\u00fd<\/td>\n<td>Vynikaj\u00edc\u00ed<\/td>\n<td>Konstruk\u010dn\u00ed aplikace, automobilov\u00fd pr\u016fmysl<\/td>\n<\/tr>\n<tr>\n<td class=\"label\">6082 hlin\u00edk<\/td>\n<td>Slitina Al-Mg-Si<\/td>\n<td>260-310<\/td>\n<td>210-270<\/td>\n<td>10-12<\/td>\n<td>2.70<\/td>\n<td>Dobr\u00fd<\/td>\n<td>Dobr\u00fd<\/td>\n<td>Konstruk\u010dn\u00ed prvky, mosty<\/td>\n<\/tr>\n<tr>\n<td class=\"label\">7003 hlin\u00edk<\/td>\n<td>Slitina Al-Mg-Si<\/td>\n<td>350-450<\/td>\n<td>300-400<\/td>\n<td>8-12<\/td>\n<td>2.70<\/td>\n<td>Dobr\u00fd<\/td>\n<td>Dobr\u00fd<\/td>\n<td>Vojensk\u00e9 a leteck\u00e9 aplikace<\/td>\n<\/tr>\n<tr>\n<td class=\"label\">7005 hlin\u00edk<\/td>\n<td>Slitina Al-Mg-Si<\/td>\n<td>300-400<\/td>\n<td>250-350<\/td>\n<td>10-15<\/td>\n<td>2.70<\/td>\n<td>Dobr\u00fd<\/td>\n<td>Dobr\u00fd<\/td>\n<td>R\u00e1my j\u00edzdn\u00edch kol, sportovn\u00ed vybaven\u00ed<\/td>\n<\/tr>\n<tr>\n<td class=\"label\">Hlin\u00edk 7075<\/td>\n<td>Slitina Al-Zn<\/td>\n<td>570-700<\/td>\n<td>500-600<\/td>\n<td>5-11<\/td>\n<td>2.81<\/td>\n<td>M\u00edrn\u00e1<\/td>\n<td>\u0160patn\u00fd<\/td>\n<td>Leteck\u00fd pr\u016fmysl, vysoce nam\u00e1han\u00e9 aplikace<\/td>\n<\/tr>\n<\/table>\n<h2>Na\u0161e v\u00fdrobn\u00ed z\u00e1kladna<\/h2>\n<h3>Panorama tov\u00e1rny<\/h3>\n<p><img decoding=\"async\" src=\"\/wp-content\/uploads\/factory-01.webp\"\/><\/p>\n<h3>D\u00edlna na v\u00fdrobu hlin\u00edkov\u00fdch ty\u010d\u00ed<\/h3>\n<p><img decoding=\"async\" src=\"\/wp-content\/uploads\/factory-02.webp\"\/><\/p>\n<\/p>\n<p><img decoding=\"async\" src=\"\/wp-content\/uploads\/factory-03.webp\"\/><\/p>\n<h3>Sklad pl\u00edsn\u00ed<\/h3>\n<p><img decoding=\"async\" src=\"\/wp-content\/uploads\/factory-04.webp\"\/><\/p>\n<h3>43 linek na vytla\u010dov\u00e1n\u00ed hlin\u00edku (500 - 5500 tun)<\/h3>\n<p><img decoding=\"async\" src=\"\/wp-content\/uploads\/factory-05.webp\"\/><\/p>\n<p><img decoding=\"async\" src=\"\/wp-content\/uploads\/factory-06.webp\"\/><\/p>\n<p><img decoding=\"async\" src=\"\/wp-content\/uploads\/factory-07.webp\"\/><\/p>\n<h3>D\u00edlna pr\u00e1\u0161kov\u00e9ho lakov\u00e1n\u00ed<\/h3>\n<p><img decoding=\"async\" src=\"\/wp-content\/uploads\/factory-09.webp\"\/><\/p>\n<h3>D\u00edlna eloxov\u00e1n\u00ed<\/h3>\n<p><img decoding=\"async\" src=\"\/wp-content\/uploads\/factory-10.webp\"\/><\/p>\n<h3>Workshop o hloubkov\u00e9m zpracov\u00e1n\u00ed<\/h3>\n<p><img decoding=\"async\" src=\"\/wp-content\/uploads\/factory-11.webp\"\/><\/p>\n<h3>D\u00edlna CNC p\u0159esn\u00e9ho obr\u00e1b\u011bn\u00ed<\/h3>\n<p><img decoding=\"async\" src=\"\/wp-content\/uploads\/factory-11.5.webp\"\/><\/p>\n<h3>Sklad hotov\u00fdch v\u00fdrobk\u016f a exportn\u00ed sklad<\/h3>\n<p><img decoding=\"async\" src=\"\/wp-content\/uploads\/factory-12.webp\"\/><\/p>\n<p><img decoding=\"async\" src=\"\/wp-content\/uploads\/factory-13.webp\"\/><\/p>\n<p><img decoding=\"async\" src=\"\/wp-content\/uploads\/factory-14.webp\"\/><\/p>\n<h2>\u010cASTO KLADEN\u00c9 DOTAZY<\/h2>\n<p><b>1.Co je to hlin\u00edkov\u00fd vytla\u010dovac\u00ed profil 1060 2024 3003 5082 6061 6082 7003 7005 7075 z hlin\u00edkov\u00e9 slitiny? <\/b><\/p>\n<p> Jedn\u00e1 se o vytla\u010dovan\u00e9 hlin\u00edkov\u00e9 profily vyroben\u00e9 z \u0159ady hlin\u00edkov\u00fdch slitin, z nich\u017e ka\u017ed\u00e1 nab\u00edz\u00ed specifick\u00e9 mechanick\u00e9 vlastnosti pro r\u016fzn\u00e9 pr\u016fmyslov\u00e9 a konstruk\u010dn\u00ed aplikace.\n<\/p>\n<p><\/p>\n<p><b>2.Jak\u00e9 jsou v\u00fdhody hlin\u00edkov\u00fdch vytla\u010dovac\u00edch profil\u016f 1060? <\/b><\/p>\n<p> Hlin\u00edkov\u00e9 profily 1060 maj\u00ed vynikaj\u00edc\u00ed elektrickou vodivost, odolnost proti korozi a zpracovatelnost, co\u017e je ide\u00e1ln\u00ed pro pou\u017eit\u00ed v elektrick\u00fdch a chemick\u00fdch za\u0159\u00edzen\u00edch.\n<\/p>\n<p><\/p>\n<p><b>3.Pro\u010d si vybrat profily z hlin\u00edkov\u00e9 slitiny 2024? <\/b><\/p>\n<p> Hlin\u00edkov\u00e9 vytla\u010dovac\u00ed profily 2024 poskytuj\u00ed vysokou pevnost a odolnost proti \u00fanav\u011b, b\u011b\u017en\u011b se pou\u017e\u00edvaj\u00ed v letectv\u00ed, doprav\u011b a konstruk\u010dn\u00edch prvc\u00edch.\n<\/p>\n<p><\/p>\n<p><b>4.Jak\u00e9 jsou vlastnosti vytla\u010dovac\u00edch profil\u016f z hlin\u00edkov\u00e9 slitiny 3003? <\/b><\/p>\n<p> Hlin\u00edkov\u00e9 profily 3003 maj\u00ed vynikaj\u00edc\u00ed odolnost proti korozi a tvarovatelnost, tak\u017ee jsou vhodn\u00e9 pro st\u0159e\u0161n\u00ed krytiny, obklady a za\u0159\u00edzen\u00ed pro potravin\u00e1\u0159sk\u00fd pr\u016fmysl.\n<\/p>\n<p><\/p>\n<p><b>5.Pro\u010d jsou hlin\u00edkov\u00e9 profily 5082 ide\u00e1ln\u00ed pro pou\u017eit\u00ed na mo\u0159i? <\/b><\/p>\n<p> Hlin\u00edkov\u00e9 vytla\u010dovac\u00ed profily 5082 maj\u00ed vysokou odolnost proti korozi ve slan\u00e9 vod\u011b a b\u011b\u017en\u011b se pou\u017e\u00edvaj\u00ed p\u0159i stavb\u011b lod\u00ed a konstrukc\u00ed na mo\u0159i.\n<\/p>\n<p><\/p>\n<p><b>6.Jak\u00e9 jsou v\u00fdhody hlin\u00edkov\u00fdch vytla\u010dovac\u00edch profil\u016f 6061? <\/b><\/p>\n<p> Hlin\u00edkov\u00e9 profily 6061 se vyzna\u010duj\u00ed dobrou mechanickou pevnost\u00ed, sva\u0159itelnost\u00ed a odolnost\u00ed proti korozi, \u0161iroce se pou\u017e\u00edvaj\u00ed v automobilov\u00e9m a leteck\u00e9m pr\u016fmyslu a v konstruk\u010dn\u00edch aplikac\u00edch.\n<\/p>\n<p><\/p>\n<p><b>7.Pro\u010d pou\u017e\u00edvat hlin\u00edkov\u00e9 profily 6082 pro konstruk\u010dn\u00ed r\u00e1mov\u00e1n\u00ed? <\/b><\/p>\n<p> Hlin\u00edkov\u00e9 vytla\u010dovan\u00e9 profily 6082 poskytuj\u00ed vynikaj\u00edc\u00ed pom\u011br pevnosti a hmotnosti, dobrou obrobitelnost a odolnost proti korozi, co\u017e je ide\u00e1ln\u00ed pro nosn\u00e9 konstrukce.\n<\/p>\n<p><\/p>\n<p><b>8.Jak\u00e9 jsou siln\u00e9 str\u00e1nky hlin\u00edkov\u00fdch vytla\u010dovac\u00edch profil\u016f 7003? <\/b><\/p>\n<p> Hlin\u00edkov\u00e9 profily 7003 maj\u00ed vysokou pevnost v tahu a odolnost proti \u00fanav\u011b, b\u011b\u017en\u011b se pou\u017e\u00edvaj\u00ed v r\u00e1mech j\u00edzdn\u00edch kol, dopravn\u00edch prost\u0159edc\u00edch a sportovn\u00edch pot\u0159eb\u00e1ch.\n<\/p>\n<p><\/p>\n<p><b>9.Jak se li\u0161\u00ed hlin\u00edkov\u00e9 profily 7005 od ostatn\u00edch slitin \u0159ady 7xxx? <\/b><\/p>\n<p> Hlin\u00edkov\u00e9 vytla\u010dovac\u00ed profily 7005 maj\u00ed vysokou pevnost a dobrou sva\u0159itelnost, tak\u017ee jsou vhodn\u00e9 pro sva\u0159ovan\u00e9 konstruk\u010dn\u00ed aplikace, jako jsou \u017eelezni\u010dn\u00ed komponenty a r\u00e1my j\u00edzdn\u00edch kol.\n<\/p>\n<p><\/p>\n<p><b>10.Pro\u010d se hlin\u00edkov\u00e1 slitina 7075 pou\u017e\u00edv\u00e1 ve vysoce v\u00fdkonn\u00fdch aplikac\u00edch? <\/b><\/p>\n<p> Hlin\u00edkov\u00e9 profily 7075 se vyzna\u010duj\u00ed v\u00fdjime\u010dnou pevnost\u00ed, n\u00edzkou hmotnost\u00ed a dobrou odolnost\u00ed proti \u00fanav\u011b, tak\u017ee jsou ide\u00e1ln\u00ed pro leteck\u00fd a obrann\u00fd pr\u016fmysl a p\u0159esn\u00e9 stroj\u00edrenstv\u00ed.\n<\/p>\n<p><\/p>\n<p><b>11.Mohou b\u00fdt v\u0161echny tyto profily z hlin\u00edkov\u00e9 slitiny p\u0159izp\u016fsobeny? <\/b><\/p>\n<p> Ano, v\u0161echny hlin\u00edkov\u00e9 vytla\u010dovac\u00ed profily lze p\u0159izp\u016fsobit z hlediska tvaru, velikosti, temperace a povrchov\u00e9 \u00fapravy tak, aby spl\u0148ovaly specifick\u00e9 po\u017eadavky projektu a pr\u016fmyslu.\n<\/p>\n<p><\/p>","protected":false},"featured_media":6224,"template":"","categories":[58],"class_list":["post-6223","product","type-product","status-publish","has-post-thumbnail","hentry","category-aluminium-extrusion-profiles"],"meta_box":{"hilight_text_group":{"product_hilight_text":"<li>Wide range of alloy options to meet diverse mechanical and processing needs<\/li>\r\r\n<li>High strength, corrosion resistance, and machinability across different series<\/li>\r\r\n<li>Suitable for aerospace, automotive, construction, and marine applications<\/li>\r\r\n<li>Custom extrusions available for complex shapes and specific performance requirements<\/li>\r\r\n<li>Reliable quality and supply from a professional aluminum profile manufacturer<\/li>","product_chanpin_chanpin":"<li><a href=\"https:\/\/sinoextrud.com\/product\/aluminum-extrusion-6063-large-diameter-aluminum-tube\/\" target=\"_blank\">Aluminum Extrusion 6063 Large Diameter Aluminum Tube<\/a><\/li>\r\n<li><a href=\"https:\/\/sinoextrud.com\/product\/aluminium-extrusion-3003-6082-7003-7075-aluminum-profile\/\" target=\"_blank\">Aluminium Extrusion 3003 6082 7003 7075 Aluminum Profile<\/a><\/li>\r\n<li><a href=\"https:\/\/sinoextrud.com\/product\/aluminum-extruded-aluminum-roofing-profiles\/\" target=\"_blank\">Aluminum Extruded Aluminum Roofing Profiles<\/a><\/li>\r\n<li><a href=\"https:\/\/sinoextrud.com\/product\/aluminum-extrusion-l-shaped-angle-aluminum-profile-in-china\/\" target=\"_blank\">Aluminum Extrusion L-shaped Angle Aluminum Profile in China<\/a><\/li>\r\n<li><a href=\"https:\/\/sinoextrud.com\/product\/aluminum-extrusion-1060-2024-3003-5082-6061-6082-7003-7005-7075-aluminum-alloy-profile\/\" target=\"_blank\">Aluminum Extrusion 1060 2024 3003 5082 6061 6082 7003 7005 7075 Aluminum Alloy Profile<\/a><\/li>\r\n<li><a href=\"https:\/\/sinoextrud.com\/product\/aluminum-extrusion-bathroom-mirror-cabinet-aluminum-profile\/\" target=\"_blank\">Aluminum Extrusion Bathroom Mirror Cabinet Aluminum Profile<\/a><\/li>\r\n<li><a href=\"https:\/\/sinoextrud.com\/product\/aluminum-extrusion-advertising-signs-aluminum-frame-profile\/\" target=\"_blank\">Aluminum Extrusion Advertising Signs Aluminum Frame Profile<\/a><\/li>\r\n<li><a href=\"https:\/\/sinoextrud.com\/product\/aluminum-extrusion-7003-7075-aluminum-profile-cnc\/\" target=\"_blank\">Aluminum Extrusion 7003 7075 Pilates Equipment Aluminum Profile CNC Precision Aluminum Profile<\/a><\/li>\r\n<li><a href=\"https:\/\/sinoextrud.com\/product\/aluminum-extrusion-cable-clamp-profile-cnc-custom-cable-cleat-aluminum-profile\/\" target=\"_blank\">Aluminum Extrusion Cable Clamp Profile CNC Custom Cable Cleat Aluminum Profile<\/a><\/li>\r\n<li><a href=\"https:\/\/sinoextrud.com\/product\/aluminium-screen-door-extrusions\/\" target=\"_blank\">Aluminium Screen Door Extrusions<\/a><\/li>\r\n<li><a href=\"https:\/\/sinoextrud.com\/product\/30-x-30-aluminum-extrusion-for-decoration\/\" target=\"_blank\">30 X 30 Aluminum Extrusion For Decoration<\/a><\/li>"},"feature_list":[]},"_links":{"self":[{"href":"https:\/\/sinoextrud.com\/cs\/wp-json\/wp\/v2\/product\/6223","targetHints":{"allow":["GET"]}}],"collection":[{"href":"https:\/\/sinoextrud.com\/cs\/wp-json\/wp\/v2\/product"}],"about":[{"href":"https:\/\/sinoextrud.com\/cs\/wp-json\/wp\/v2\/types\/product"}],"wp:featuredmedia":[{"embeddable":true,"href":"https:\/\/sinoextrud.com\/cs\/wp-json\/wp\/v2\/media\/6224"}],"wp:attachment":[{"href":"https:\/\/sinoextrud.com\/cs\/wp-json\/wp\/v2\/media?parent=6223"}],"wp:term":[{"taxonomy":"category","embeddable":true,"href":"https:\/\/sinoextrud.com\/cs\/wp-json\/wp\/v2\/categories?post=6223"}],"curies":[{"name":"wp","href":"https:\/\/api.w.org\/{rel}","templated":true}]}}