{"id":6222,"date":"2025-05-26T02:57:14","date_gmt":"2025-05-26T02:57:14","guid":{"rendered":"https:\/\/sinoextrud.com\/product\/aluminum-extrusion-l-shaped-angle-aluminum-profile-in-china\/"},"modified":"2025-06-24T03:55:13","modified_gmt":"2025-06-24T03:55:13","slug":"hlinikovy-vylisek-ve-tvaru-l-hlinikovy-profil-v-cine","status":"publish","type":"product","link":"https:\/\/sinoextrud.com\/cs\/product\/aluminum-extrusion-l-shaped-angle-aluminum-profile-in-china\/","title":{"rendered":"Hlin\u00edkov\u00e9 vytla\u010dov\u00e1n\u00ed ve tvaru p\u00edsmene L Hlin\u00edkov\u00fd profil v \u010c\u00edn\u011b"},"content":{"rendered":"<h2>Podrobnosti o produktech<\/h2>\n<table class=\"custom-table\">\n<tr>\n<td class=\"label\">Polo\u017eka:<\/td>\n<td>Hlin\u00edkov\u00e9 vytla\u010dov\u00e1n\u00ed ve tvaru L Hlin\u00edkov\u00fd profil v\u00fdrobce a dodavatele v \u010c\u00edn\u011b<\/td>\n<\/tr>\n<tr>\n<td class=\"label\">Pou\u017eit\u00ed:<\/td>\n<td>Pr\u016fmysl, architektura, elektronika<\/td>\n<\/tr>\n<tr>\n<td class=\"label\">Tvar:<\/td>\n<td>ve tvaru L, ve tvaru I<\/td>\n<\/tr>\n<tr>\n<td class=\"label\">Pr\u016fb\u011bh procesu:<\/td>\n<td>Otev\u0159en\u00e1 z\u00e1pustka-Extruze-Povrchov\u00e1 \u00faprava-CNC obr\u00e1b\u011bn\u00ed<\/td>\n<\/tr>\n<tr>\n<td class=\"label\">Standardn\u00ed:<\/td>\n<td>st\u0159edn\u00ed a vysok\u00e1 kvalita<\/td>\n<\/tr>\n<tr>\n<td class=\"label\">Doba dod\u00e1n\u00ed:<\/td>\n<td>25-30 dn\u00ed<\/td>\n<\/tr>\n<tr>\n<td class=\"label\">Term\u00edn platby:<\/td>\n<td>T\/T (30% z\u00e1loha), L\/C<\/td>\n<\/tr>\n<tr>\n<td class=\"label\">P\u0159\u00edstav:<\/td>\n<td>Guangzhou, Shenzhen<\/td>\n<\/tr>\n<tr>\n<td class=\"label\">Materi\u00e1l:<\/td>\n<td>6063, 6061<\/td>\n<\/tr>\n<tr>\n<td class=\"label\">N\u00e1zev produktu:<\/td>\n<td>Hlin\u00edkov\u00fd \u00faheln\u00edk<\/td>\n<\/tr>\n<tr>\n<td class=\"label\">Slitina nebo ne:<\/td>\n<td>Slitina hlin\u00edku<\/td>\n<\/tr>\n<tr>\n<td class=\"label\">Z\u00e1ruka:<\/td>\n<td>Barva povrchu m\u016f\u017ee b\u00fdt stabiln\u00ed po dobu 10 a\u017e 20 let.<\/td>\n<\/tr>\n<tr>\n<td class=\"label\">Povrchov\u00e1 \u00faprava:<\/td>\n<td>pr\u00e1\u0161kov\u00e9 lakov\u00e1n\u00ed, elektrofor\u00e9za, kresba d\u0159eva, eloxov\u00e1n\u00ed, kart\u00e1\u010dov\u00e1n\u00ed, le\u0161t\u011bn\u00ed<\/td>\n<\/tr>\n<tr>\n<td class=\"label\">MOQ:<\/td>\n<td>200 kg<\/td>\n<\/tr>\n<tr>\n<td class=\"label\">Slu\u017eba zpracov\u00e1n\u00ed:<\/td>\n<td>Oh\u00fdb\u00e1n\u00ed, odv\u00edjen\u00ed, sva\u0159ov\u00e1n\u00ed, d\u011brov\u00e1n\u00ed, \u0159ez\u00e1n\u00ed<\/td>\n<\/tr>\n<tr>\n<td class=\"label\">D\u00e9lka:<\/td>\n<td>1-9M nebo na m\u00edru<\/td>\n<\/tr>\n<\/table>\n<h2>Na\u0161e v\u00fdrobn\u00ed z\u00e1kladna<\/h2>\n<h3>Panorama tov\u00e1rny<\/h3>\n<p><img decoding=\"async\" src=\"\/wp-content\/uploads\/factory-01.webp\"\/><\/p>\n<h3>D\u00edlna na v\u00fdrobu hlin\u00edkov\u00fdch ty\u010d\u00ed<\/h3>\n<p><img decoding=\"async\" src=\"\/wp-content\/uploads\/factory-02.webp\"\/><\/p>\n<\/p>\n<p><img decoding=\"async\" src=\"\/wp-content\/uploads\/factory-03.webp\"\/><\/p>\n<h3>Sklad pl\u00edsn\u00ed<\/h3>\n<p><img decoding=\"async\" src=\"\/wp-content\/uploads\/factory-04.webp\"\/><\/p>\n<h3>43 linek na vytla\u010dov\u00e1n\u00ed hlin\u00edku (500 - 5500 tun)<\/h3>\n<p><img decoding=\"async\" src=\"\/wp-content\/uploads\/factory-05.webp\"\/><\/p>\n<p><img decoding=\"async\" src=\"\/wp-content\/uploads\/factory-06.webp\"\/><\/p>\n<p><img decoding=\"async\" src=\"\/wp-content\/uploads\/factory-07.webp\"\/><\/p>\n<h3>D\u00edlna pr\u00e1\u0161kov\u00e9ho lakov\u00e1n\u00ed<\/h3>\n<p><img decoding=\"async\" src=\"\/wp-content\/uploads\/factory-09.webp\"\/><\/p>\n<h3>D\u00edlna eloxov\u00e1n\u00ed<\/h3>\n<p><img decoding=\"async\" src=\"\/wp-content\/uploads\/factory-10.webp\"\/><\/p>\n<h3>Workshop o hloubkov\u00e9m zpracov\u00e1n\u00ed<\/h3>\n<p><img decoding=\"async\" src=\"\/wp-content\/uploads\/factory-11.webp\"\/><\/p>\n<h3>D\u00edlna CNC p\u0159esn\u00e9ho obr\u00e1b\u011bn\u00ed<\/h3>\n<p><img decoding=\"async\" src=\"\/wp-content\/uploads\/factory-11.5.webp\"\/><\/p>\n<h3>Sklad hotov\u00fdch v\u00fdrobk\u016f a exportn\u00ed sklad<\/h3>\n<p><img decoding=\"async\" src=\"\/wp-content\/uploads\/factory-12.webp\"\/><\/p>\n<p><img decoding=\"async\" src=\"\/wp-content\/uploads\/factory-13.webp\"\/><\/p>\n<p><img decoding=\"async\" src=\"\/wp-content\/uploads\/factory-14.webp\"\/><\/p>\n<h2>\u010cASTO KLADEN\u00c9 DOTAZY<\/h2>\n<p><b>1.Co je to hlin\u00edkov\u00fd v\u00fdlisek ve tvaru L? <\/b><\/p>\n<p> Jedn\u00e1 se o extrudovan\u00fd hlin\u00edkov\u00fd profil ve tvaru L o \u00fahlu 90 stup\u0148\u016f, kter\u00fd se b\u011b\u017en\u011b pou\u017e\u00edv\u00e1 pro konstruk\u010dn\u00ed r\u00e1mov\u00e1n\u00ed, ochranu hran a podp\u011bru v r\u016fzn\u00fdch stavebn\u00edch a pr\u016fmyslov\u00fdch aplikac\u00edch.\n<\/p>\n<p><\/p>\n<p><b>2.Jak\u00e9 jsou v\u00fdhody pou\u017eit\u00ed hlin\u00edkov\u00fdch profil\u016f ve tvaru L? <\/b><\/p>\n<p> Hlin\u00edkov\u00e9 profily ve tvaru p\u00edsmene L se vyzna\u010duj\u00ed vynikaj\u00edc\u00ed pevnost\u00ed, odolnost\u00ed proti korozi, n\u00edzkou hmotnost\u00ed a snadnou mont\u00e1\u017e\u00ed pro vnit\u0159n\u00ed i venkovn\u00ed pou\u017eit\u00ed.\n<\/p>\n<p><\/p>\n<p><b>3.Pro\u010d si vybrat v\u00fdrobce hlin\u00edkov\u00fdch profil\u016f s L-\u00faheln\u00edkem v \u010c\u00edn\u011b? <\/b><\/p>\n<p> \u010c\u00edn\u0161t\u00ed v\u00fdrobci nab\u00edzej\u00ed konkurenceschopn\u00e9 ceny, vysokou v\u00fdrobn\u00ed kapacitu, slu\u017eby vytla\u010dov\u00e1n\u00ed na zak\u00e1zku a glob\u00e1ln\u00ed p\u0159epravu hlin\u00edkov\u00fdch L-\u00faheln\u00edkov\u00fdch profil\u016f.\n<\/p>\n<p><\/p>\n<p><b>4.Jak\u00e1 odv\u011btv\u00ed pou\u017e\u00edvaj\u00ed hlin\u00edkov\u00e9 vytla\u010dovac\u00ed profily ve tvaru p\u00edsmene L? <\/b><\/p>\n<p> Tyto profily se hojn\u011b pou\u017e\u00edvaj\u00ed ve stavebnictv\u00ed, n\u00e1bytk\u00e1\u0159stv\u00ed, automobilov\u00e9m pr\u016fmyslu, v reg\u00e1lov\u00fdch syst\u00e9mech, r\u00e1mov\u00e1n\u00ed a nosn\u00fdch konstrukc\u00edch pro LED osv\u011btlen\u00ed.\n<\/p>\n<p><\/p>\n<p><b>5.Mohou b\u00fdt hlin\u00edkov\u00e9 profily ve tvaru L p\u0159izp\u016fsobeny \u010d\u00ednsk\u00fdmi dodavateli? <\/b><\/p>\n<p> Ano, profesion\u00e1ln\u00ed v\u00fdrobci v \u010c\u00edn\u011b nab\u00edzej\u00ed vlastn\u00ed d\u00e9lky, tlou\u0161\u0165ky, t\u0159\u00eddy slitin, d\u011brov\u00e1n\u00ed otvor\u016f a povrchov\u00e9 \u00fapravy hlin\u00edkov\u00fdch profil\u016f ve tvaru L.\n<\/p>\n<p><\/p>\n<p><b>6.Jsou hlin\u00edkov\u00e9 L-\u00faheln\u00edkov\u00e9 profily odoln\u00e9 proti korozi? <\/b><\/p>\n<p> Hlin\u00edkov\u00e9 L-\u00faheln\u00edky jsou p\u0159irozen\u011b odoln\u00e9 proti korozi a mohou b\u00fdt eloxov\u00e1ny nebo opat\u0159eny pr\u00e1\u0161kovou barvou pro zv\u00fd\u0161en\u00ed odolnosti a estetiky.\n<\/p>\n<p><\/p>\n<p><b>7.Jak\u00e9 povrchov\u00e9 \u00fapravy jsou k dispozici u \u010d\u00ednsk\u00fdch dodavatel\u016f hlin\u00edkov\u00fdch profil\u016f ve tvaru L? <\/b><\/p>\n<p> Mezi b\u011b\u017en\u00e9 povrchov\u00e9 \u00fapravy pat\u0159\u00ed eloxov\u00e1n\u00ed, pr\u00e1\u0161kov\u00e9 lakov\u00e1n\u00ed, kart\u00e1\u010dov\u00e1n\u00ed, lakov\u00e1n\u00ed a fr\u00e9zov\u00e1n\u00ed, kter\u00e9 spl\u0148uj\u00ed r\u016fzn\u00e9 funk\u010dn\u00ed a dekorativn\u00ed po\u017eadavky.\n<\/p>\n<p><\/p>\n<p><b>8.Nab\u00edzej\u00ed \u010d\u00edn\u0161t\u00ed v\u00fdrobci slu\u017eby OEM\/ODM pro hlin\u00edkov\u00e9 L profily? <\/b><\/p>\n<p> Ano, mnoho dodavatel\u016f hlin\u00edkov\u00fdch v\u00fdlisk\u016f v \u010c\u00edn\u011b podporuje slu\u017eby OEM a ODM, v\u010detn\u011b asistence p\u0159i n\u00e1vrhu, v\u00fdroby n\u00e1stroj\u016f a soukrom\u00fdch zna\u010dek.\n<\/p>\n<p><\/p>\n<p><b>9.Jsou hlin\u00edkov\u00e9 vytla\u010dovan\u00e9 profily ve tvaru L vhodn\u00e9 pro konstruk\u010dn\u00ed aplikace? <\/b><\/p>\n<p> Ano, hlin\u00edkov\u00e9 profily ve tvaru L jsou d\u00edky vysok\u00e9mu pom\u011bru pevnosti a hmotnosti ide\u00e1ln\u00ed pro konstruk\u010dn\u00ed v\u00fdztuhy a spojov\u00e1n\u00ed roh\u016f v r\u016fzn\u00fdch konstrukc\u00edch.\n<\/p>\n<p><\/p>\n<p><b>10.Jak z\u00edskat spolehliv\u00e9ho dodavatele hlin\u00edkov\u00fdch L profil\u016f v \u010c\u00edn\u011b? <\/b><\/p>\n<p> Hledejte v\u00fdrobce s certifik\u00e1tem ISO, kte\u0159\u00ed maj\u00ed vlastn\u00ed za\u0159\u00edzen\u00ed na vytla\u010dov\u00e1n\u00ed, bohat\u00e9 zku\u0161enosti s v\u00fdvozem, schopnost vyr\u00e1b\u011bt na zak\u00e1zku a kladn\u00e9 hodnocen\u00ed klient\u016f.\n<\/p>\n<p><\/p>","protected":false},"featured_media":6221,"template":"","categories":[58],"class_list":["post-6222","product","type-product","status-publish","has-post-thumbnail","hentry","category-aluminium-extrusion-profiles"],"meta_box":{"hilight_text_group":{"product_hilight_text":"<li>L-shaped design offers versatile support for framing and edge protection<\/li>\r\r\n<li>Made from high-quality aluminum with excellent strength-to-weight ratio<\/li>\r\r\n<li>Corrosion-resistant for indoor and outdoor applications<\/li>\r\r\n<li>Available in various sizes, thicknesses, and surface finishes<\/li>\r\r\n<li>Reliable supply and customization from experienced Chinese manufacturer<\/li>","product_chanpin_chanpin":"<li><a href=\"https:\/\/sinoextrud.com\/product\/aluminum-extrusion-aluminum-framing-profiles-for-sunroom\/\" target=\"_blank\">Aluminum Extrusion Aluminum Framing Profiles For Sunroom<\/a><\/li>\r\n<li><a href=\"https:\/\/sinoextrud.com\/product\/aluminum-extrusion-6063-large-diameter-aluminum-tube\/\" target=\"_blank\">Aluminum Extrusion 6063 Large Diameter Aluminum Tube<\/a><\/li>\r\n<li><a href=\"https:\/\/sinoextrud.com\/product\/aluminium-extrusion-3003-6082-7003-7075-aluminum-profile\/\" target=\"_blank\">Aluminium Extrusion 3003 6082 7003 7075 Aluminum Profile<\/a><\/li>\r\n<li><a href=\"https:\/\/sinoextrud.com\/product\/aluminum-extruded-aluminum-roofing-profiles\/\" target=\"_blank\">Aluminum Extruded Aluminum Roofing Profiles<\/a><\/li>\r\n<li><a href=\"https:\/\/sinoextrud.com\/product\/aluminum-extrusion-l-shaped-angle-aluminum-profile-in-china\/\" target=\"_blank\">Aluminum Extrusion L-shaped Angle Aluminum Profile in China<\/a><\/li>\r\n<li><a href=\"https:\/\/sinoextrud.com\/product\/aluminum-extrusion-1060-2024-3003-5082-6061-6082-7003-7005-7075-aluminum-alloy-profile\/\" target=\"_blank\">Aluminum Extrusion 1060 2024 3003 5082 6061 6082 7003 7005 7075 Aluminum Alloy Profile<\/a><\/li>\r\n<li><a href=\"https:\/\/sinoextrud.com\/product\/aluminum-extrusion-bathroom-mirror-cabinet-aluminum-profile\/\" target=\"_blank\">Aluminum Extrusion Bathroom Mirror Cabinet Aluminum Profile<\/a><\/li>\r\n<li><a href=\"https:\/\/sinoextrud.com\/product\/aluminum-extrusion-advertising-signs-aluminum-frame-profile\/\" target=\"_blank\">Aluminum Extrusion Advertising Signs Aluminum Frame Profile<\/a><\/li>\r\n<li><a href=\"https:\/\/sinoextrud.com\/product\/aluminum-extrusion-7003-7075-aluminum-profile-cnc\/\" target=\"_blank\">Aluminum Extrusion 7003 7075 Pilates Equipment Aluminum Profile CNC Precision Aluminum Profile<\/a><\/li>\r\n<li><a href=\"https:\/\/sinoextrud.com\/product\/aluminium-glass-profile\/\" target=\"_blank\">Aluminium Glass Profile<\/a><\/li>\r\n<li><a href=\"https:\/\/sinoextrud.com\/product\/extrusion-led-aluminum-channel\/\" target=\"_blank\">Extrusion Led Aluminum Channel<\/a><\/li>"},"feature_list":[]},"_links":{"self":[{"href":"https:\/\/sinoextrud.com\/cs\/wp-json\/wp\/v2\/product\/6222","targetHints":{"allow":["GET"]}}],"collection":[{"href":"https:\/\/sinoextrud.com\/cs\/wp-json\/wp\/v2\/product"}],"about":[{"href":"https:\/\/sinoextrud.com\/cs\/wp-json\/wp\/v2\/types\/product"}],"wp:featuredmedia":[{"embeddable":true,"href":"https:\/\/sinoextrud.com\/cs\/wp-json\/wp\/v2\/media\/6221"}],"wp:attachment":[{"href":"https:\/\/sinoextrud.com\/cs\/wp-json\/wp\/v2\/media?parent=6222"}],"wp:term":[{"taxonomy":"category","embeddable":true,"href":"https:\/\/sinoextrud.com\/cs\/wp-json\/wp\/v2\/categories?post=6222"}],"curies":[{"name":"wp","href":"https:\/\/api.w.org\/{rel}","templated":true}]}}