{"id":6214,"date":"2025-05-26T02:44:10","date_gmt":"2025-05-26T02:44:10","guid":{"rendered":"https:\/\/sinoextrud.com\/product\/aluminum-extrusion-aluminum-framing-profiles-for-sunroom\/"},"modified":"2025-06-24T03:55:05","modified_gmt":"2025-06-24T03:55:05","slug":"hlinikove-profily-pro-ramovani-slunecnich-mistnosti","status":"publish","type":"product","link":"https:\/\/sinoextrud.com\/cs\/product\/aluminum-extrusion-aluminum-framing-profiles-for-sunroom\/","title":{"rendered":"Hlin\u00edkov\u00e9 vytla\u010dov\u00e1n\u00ed Hlin\u00edkov\u00e9 r\u00e1mov\u00e9 profily pro sol\u00e1rium"},"content":{"rendered":"<h2>Podrobnosti o produktech<\/h2>\n<table class=\"custom-table\">\n<tr>\n<td class=\"label\">Polo\u017eka:<\/td>\n<td>hlin\u00edkov\u00e9 profily pro r\u00e1mov\u00e1n\u00ed slune\u010dn\u00edch m\u00edstnost\u00ed<\/td>\n<\/tr>\n<tr>\n<td class=\"label\">Pou\u017eit\u00ed:<\/td>\n<td>Architektura, sv\u011btl\u00edky<\/td>\n<\/tr>\n<tr>\n<td class=\"label\">Tvar:<\/td>\n<td>P\u0159izp\u016fsoben\u00ed<\/td>\n<\/tr>\n<tr>\n<td class=\"label\">Pr\u016fb\u011bh procesu:<\/td>\n<td>Otev\u0159en\u00e1 z\u00e1pustka-Extruze-Povrchov\u00e1 \u00faprava-CNC obr\u00e1b\u011bn\u00ed<\/td>\n<\/tr>\n<tr>\n<td class=\"label\">Standardn\u00ed:<\/td>\n<td>st\u0159edn\u00ed a vysok\u00e1 kvalita<\/td>\n<\/tr>\n<tr>\n<td class=\"label\">Doba dod\u00e1n\u00ed:<\/td>\n<td>25-30 dn\u00ed<\/td>\n<\/tr>\n<tr>\n<td class=\"label\">Term\u00edn platby:<\/td>\n<td>T\/T (30% z\u00e1loha), L\/C<\/td>\n<\/tr>\n<tr>\n<td class=\"label\">P\u0159\u00edstav:<\/td>\n<td>Guangzhou, Shenzhen<\/td>\n<\/tr>\n<tr>\n<td class=\"label\">Materi\u00e1l:<\/td>\n<td>6063,6061 atd.<\/td>\n<\/tr>\n<tr>\n<td class=\"label\">M\u00edsto p\u016fvodu:<\/td>\n<td>Foshan, Guangdong<\/td>\n<\/tr>\n<tr>\n<td class=\"label\">Slitina nebo ne:<\/td>\n<td>Slitina hlin\u00edku<\/td>\n<\/tr>\n<tr>\n<td class=\"label\">Zna\u010dka:<\/td>\n<td>ZHL<\/td>\n<\/tr>\n<tr>\n<td class=\"label\">Povrchov\u00e1 \u00faprava:<\/td>\n<td>pr\u00e1\u0161kov\u00e9 lakov\u00e1n\u00ed, elektrofor\u00e9za, kresba d\u0159eva, eloxov\u00e1n\u00ed, kart\u00e1\u010dov\u00e1n\u00ed, le\u0161t\u011bn\u00ed<\/td>\n<\/tr>\n<tr>\n<td class=\"label\">MOQ:<\/td>\n<td>200 kg<\/td>\n<\/tr>\n<tr>\n<td class=\"label\">Slu\u017eba zpracov\u00e1n\u00ed:<\/td>\n<td>Oh\u00fdb\u00e1n\u00ed, odv\u00edjen\u00ed, sva\u0159ov\u00e1n\u00ed, d\u011brov\u00e1n\u00ed, \u0159ez\u00e1n\u00ed<\/td>\n<\/tr>\n<tr>\n<td class=\"label\">D\u00e9lka:<\/td>\n<td>1-9M nebo na m\u00edru<\/td>\n<\/tr>\n<\/table>\n<h2>Na\u0161e v\u00fdrobn\u00ed z\u00e1kladna<\/h2>\n<h3>Panorama tov\u00e1rny<\/h3>\n<p><img decoding=\"async\" src=\"\/wp-content\/uploads\/factory-01.webp\"\/><\/p>\n<h3>D\u00edlna na v\u00fdrobu hlin\u00edkov\u00fdch ty\u010d\u00ed<\/h3>\n<p><img decoding=\"async\" src=\"\/wp-content\/uploads\/factory-02.webp\"\/><\/p>\n<\/p>\n<p><img decoding=\"async\" src=\"\/wp-content\/uploads\/factory-03.webp\"\/><\/p>\n<h3>Sklad pl\u00edsn\u00ed<\/h3>\n<p><img decoding=\"async\" src=\"\/wp-content\/uploads\/factory-04.webp\"\/><\/p>\n<h3>43 linek na vytla\u010dov\u00e1n\u00ed hlin\u00edku (500-5500 tun)<\/h3>\n<p><img decoding=\"async\" src=\"\/wp-content\/uploads\/factory-05.webp\"\/><\/p>\n<p><img decoding=\"async\" src=\"\/wp-content\/uploads\/factory-06.webp\"\/><\/p>\n<p><img decoding=\"async\" src=\"\/wp-content\/uploads\/factory-07.webp\"\/><\/p>\n<h3>D\u00edlna pr\u00e1\u0161kov\u00e9ho lakov\u00e1n\u00ed<\/h3>\n<p><img decoding=\"async\" src=\"\/wp-content\/uploads\/factory-09.webp\"\/><\/p>\n<h3>D\u00edlna eloxov\u00e1n\u00ed<\/h3>\n<p><img decoding=\"async\" src=\"\/wp-content\/uploads\/factory-10.webp\"\/><\/p>\n<h3>Workshop o hloubkov\u00e9m zpracov\u00e1n\u00ed<\/h3>\n<p><img decoding=\"async\" src=\"\/wp-content\/uploads\/factory-11.webp\"\/><\/p>\n<h3>D\u00edlna CNC p\u0159esn\u00e9ho obr\u00e1b\u011bn\u00ed<\/h3>\n<p><img decoding=\"async\" src=\"\/wp-content\/uploads\/factory-11.5.webp\"\/><\/p>\n<h3>Sklad hotov\u00fdch v\u00fdrobk\u016f a exportn\u00ed sklad<\/h3>\n<p><img decoding=\"async\" src=\"\/wp-content\/uploads\/factory-12.webp\"\/><\/p>\n<p><img decoding=\"async\" src=\"\/wp-content\/uploads\/factory-13.webp\"\/><\/p>\n<p><img decoding=\"async\" src=\"\/wp-content\/uploads\/factory-14.webp\"\/><\/p>\n<h2>\u010cASTO KLADEN\u00c9 DOTAZY<\/h2>\n<p><b>1.Co jsou hlin\u00edkov\u00e9 profily pro r\u00e1mov\u00e1n\u00ed slune\u010dn\u00edch m\u00edstnost\u00ed? <\/b><\/p>\n<p> Jedn\u00e1 se o extrudovan\u00e9 hlin\u00edkov\u00e9 profily, kter\u00e9 jsou speci\u00e1ln\u011b navr\u017eeny pro konstruk\u010dn\u00ed r\u00e1m sv\u011btl\u00edk\u016f a nab\u00edzej\u00ed pevnost, odolnost a elegantn\u00ed vzhled.\n<\/p>\n<p><\/p>\n<p><b>2.Jak\u00e9 jsou v\u00fdhody hlin\u00edkov\u00fdch r\u00e1mov\u00fdch profil\u016f pro sv\u011btl\u00edky? <\/b><\/p>\n<p> Hlin\u00edkov\u00e9 r\u00e1mov\u00e9 profily poskytuj\u00ed vynikaj\u00edc\u00ed odolnost proti korozi, n\u00edzkou hmotnost, n\u00edzk\u00e9 n\u00e1roky na \u00fadr\u017ebu a modern\u00ed estetick\u00fd vzhled pro stavbu sv\u011btl\u00edku.\n<\/p>\n<p><\/p>\n<p><b>3.Pro\u010d zvolit hlin\u00edkovou extruzi pro r\u00e1mov\u00e1n\u00ed sv\u011btl\u00edku? <\/b><\/p>\n<p> Hlin\u00edkov\u00e1 extruze umo\u017e\u0148uje p\u0159esn\u00e9 a konzistentn\u00ed tvary profil\u016f, co\u017e umo\u017e\u0148uje snadnou instalaci, modul\u00e1rn\u00ed design a siln\u00e9 konstruk\u010dn\u00ed vlastnosti v projektech sv\u011btl\u00edk\u016f.\n<\/p>\n<p><\/p>\n<p><b>4.Jsou hlin\u00edkov\u00e9 profily pro r\u00e1mov\u00e1n\u00ed sv\u011btl\u00edku odoln\u00e9 proti pov\u011btrnostn\u00edm vliv\u016fm? <\/b><\/p>\n<p> Ano, hlin\u00edkov\u00e9 profily jsou vysoce odoln\u00e9 v\u016f\u010di korozi, UV z\u00e1\u0159en\u00ed, vlhkosti a zm\u011bn\u00e1m teplot, tak\u017ee jsou ide\u00e1ln\u00ed pro celoro\u010dn\u00ed venkovn\u00ed pou\u017eit\u00ed.\n<\/p>\n<p><\/p>\n<p><b>5.Kde se ve sv\u011btl\u00edc\u00edch pou\u017e\u00edvaj\u00ed hlin\u00edkov\u00e9 profily pro r\u00e1mov\u00e1n\u00ed? <\/b><\/p>\n<p> Pou\u017e\u00edvaj\u00ed se na st\u011bny, st\u0159echy, okna, posuvn\u00e9 dve\u0159e a konstruk\u010dn\u00ed v\u00fdztuhy, kter\u00e9 tvo\u0159\u00ed hlavn\u00ed kostru sv\u011btl\u00edku.\n<\/p>\n<p><\/p>\n<p><b>6.Lze hlin\u00edkov\u00e9 r\u00e1mov\u00e9 profily p\u0159izp\u016fsobit slune\u010dn\u00edm pokoj\u016fm? <\/b><\/p>\n<p> Hlin\u00edkov\u00e9 profily lze samoz\u0159ejm\u011b extrudovat na zak\u00e1zku v r\u016fzn\u00fdch velikostech, tlou\u0161\u0165k\u00e1ch st\u011bn a povrchov\u00fdch \u00faprav\u00e1ch, aby spl\u0148ovaly specifick\u00e9 architektonick\u00e9 a funk\u010dn\u00ed po\u017eadavky.\n<\/p>\n<p><\/p>\n<p><b>7.Jak\u00e9 povrchov\u00e9 \u00fapravy jsou k dispozici pro hlin\u00edkov\u00e9 profily pro sv\u011btl\u00edky? <\/b><\/p>\n<p> Mezi b\u011b\u017en\u00e9 povrchov\u00e9 \u00fapravy pat\u0159\u00ed eloxov\u00e1n\u00ed, pr\u00e1\u0161kov\u00e9 lakov\u00e1n\u00ed, lakov\u00e1n\u00ed a kresba d\u0159eva, kter\u00e9 odpov\u00eddaj\u00ed estetice designu a zvy\u0161uj\u00ed ochranu proti pov\u011btrnostn\u00edm vliv\u016fm.\n<\/p>\n<p><\/p>\n<p><b>8.Podporuj\u00ed hlin\u00edkov\u00e9 profily pro sv\u011btl\u00edky sklen\u011bn\u00e9 nebo polykarbon\u00e1tov\u00e9 panely? <\/b><\/p>\n<p> Ano, hlin\u00edkov\u00e9 r\u00e1mov\u00e9 profily jsou konstruov\u00e1ny tak, aby bezpe\u010dn\u011b podep\u0159ely sklen\u011bn\u00e9, akryl\u00e1tov\u00e9 nebo polykarbon\u00e1tov\u00e9 panely, kter\u00e9 se b\u011b\u017en\u011b pou\u017e\u00edvaj\u00ed ve sk\u0159\u00edn\u00edch pro sv\u011btl\u00edky.\n<\/p>\n<p><\/p>\n<p><b>9.Je instalace hlin\u00edkov\u00fdch profil\u016f pro sv\u011btl\u00edky snadn\u00e1? <\/b><\/p>\n<p> Ano, hlin\u00edkov\u00e9 profily pro sv\u011btl\u00edky jsou navr\u017eeny pro modul\u00e1rn\u00ed mont\u00e1\u017e s p\u0159edem na\u0159ezan\u00fdmi d\u00e9lkami, spojkami a dr\u017e\u00e1ky pro rychlou a efektivn\u00ed mont\u00e1\u017e.\n<\/p>\n<p><\/p>\n<p><b>10.Jak zlep\u0161uj\u00ed hlin\u00edkov\u00e9 profily pro r\u00e1mov\u00e1n\u00ed slune\u010dn\u00edch m\u00edstnost\u00ed? <\/b><\/p>\n<p> Zaji\u0161\u0165uj\u00ed konstruk\u010dn\u00ed celistvost, dlouhou \u017eivotnost, energetickou \u00fa\u010dinnost a \u010dist\u00fd, modern\u00ed vzhled pro vysoce kvalitn\u00ed stavbu sv\u011btl\u00edku.\n<\/p>\n<p><\/p>","protected":false},"featured_media":8963,"template":"","categories":[58],"class_list":["post-6214","product","type-product","status-publish","has-post-thumbnail","hentry","category-aluminium-extrusion-profiles"],"meta_box":{"hilight_text_group":{"product_hilight_text":"<li>High-strength aluminum alloy ensures durability and structural integrity<\/li>\r\r\r\r\n<li>Corrosion-resistant surface ideal for outdoor sunroom environments<\/li>\r\r\r\r\n<li>Modular design allows easy customization and flexible assembly<\/li>\r\r\r\r\n<li>Lightweight profiles reduce transportation and installation costs<\/li>\r\r\r\r\n<li>Compatible with most glazing and sunroom panel systems<\/li>\r\r\r\r\n<li>Precision extrusion for tight tolerances and smooth finish<\/li>","product_chanpin_chanpin":"<li><a href=\"https:\/\/sinoextrud.com\/product\/aluminum-extrusion-u-channel-profiles\/\" target=\"_blank\">Aluminum Extrusion U Channel Profiles<\/a><\/li>\r\n<li><a href=\"https:\/\/sinoextrud.com\/product\/aluminum-extrusion-car-truck-aluminum-profile\/\" target=\"_blank\">Aluminum Extrusion Car & Truck Aluminum Profile<\/a><\/li>\r\n<li><a href=\"https:\/\/sinoextrud.com\/product\/aluminum-extrusion-aluminum-fence-panel-profile\/\" target=\"_blank\">Aluminum Extrusion Aluminum Fence Panel Profile<\/a><\/li>\r\n<li><a href=\"https:\/\/sinoextrud.com\/product\/aluminum-extrusion-sunflower-aluminum-profile\/\" target=\"_blank\">Aluminum Extrusion Sunflower Aluminum Profile<\/a><\/li>\r\n<li><a href=\"https:\/\/sinoextrud.com\/product\/aluminum-extrusion-aluminum-framing-profiles-for-sunroom\/\" target=\"_blank\">Aluminum Extrusion Aluminum Framing Profiles For Sunroom<\/a><\/li>\r\n<li><a href=\"https:\/\/sinoextrud.com\/product\/aluminum-extrusion-6063-large-diameter-aluminum-tube\/\" target=\"_blank\">Aluminum Extrusion 6063 Large Diameter Aluminum Tube<\/a><\/li>\r\n<li><a href=\"https:\/\/sinoextrud.com\/product\/aluminium-extrusion-3003-6082-7003-7075-aluminum-profile\/\" target=\"_blank\">Aluminium Extrusion 3003 6082 7003 7075 Aluminum Profile<\/a><\/li>\r\n<li><a href=\"https:\/\/sinoextrud.com\/product\/aluminum-extruded-aluminum-roofing-profiles\/\" target=\"_blank\">Aluminum Extruded Aluminum Roofing Profiles<\/a><\/li>\r\n<li><a href=\"https:\/\/sinoextrud.com\/product\/aluminum-extrusion-l-shaped-angle-aluminum-profile-in-china\/\" target=\"_blank\">Aluminum Extrusion L-shaped Angle Aluminum Profile in China<\/a><\/li>\r\n<li><a href=\"https:\/\/sinoextrud.com\/product\/aluminum-window-frame\/\" target=\"_blank\">Aluminum Window Frame<\/a><\/li>\r\n<li><a href=\"https:\/\/sinoextrud.com\/product\/wood-grain-aluminium-extrusion-profile-for-furnitures-decoration\/\" target=\"_blank\">Wood Grain Aluminium Extrusion Profile for Furnitures Decoration<\/a><\/li>"},"feature_list":[]},"_links":{"self":[{"href":"https:\/\/sinoextrud.com\/cs\/wp-json\/wp\/v2\/product\/6214","targetHints":{"allow":["GET"]}}],"collection":[{"href":"https:\/\/sinoextrud.com\/cs\/wp-json\/wp\/v2\/product"}],"about":[{"href":"https:\/\/sinoextrud.com\/cs\/wp-json\/wp\/v2\/types\/product"}],"wp:featuredmedia":[{"embeddable":true,"href":"https:\/\/sinoextrud.com\/cs\/wp-json\/wp\/v2\/media\/8963"}],"wp:attachment":[{"href":"https:\/\/sinoextrud.com\/cs\/wp-json\/wp\/v2\/media?parent=6214"}],"wp:term":[{"taxonomy":"category","embeddable":true,"href":"https:\/\/sinoextrud.com\/cs\/wp-json\/wp\/v2\/categories?post=6214"}],"curies":[{"name":"wp","href":"https:\/\/api.w.org\/{rel}","templated":true}]}}