{"id":6202,"date":"2025-05-26T02:06:56","date_gmt":"2025-05-26T02:06:56","guid":{"rendered":"https:\/\/sinoextrud.com\/product\/aluminum-extrusion-u-channel-profiles\/"},"modified":"2025-06-24T03:54:57","modified_gmt":"2025-06-24T03:54:57","slug":"hlinikove-vytlacovaci-profily-u-kanalu","status":"publish","type":"product","link":"https:\/\/sinoextrud.com\/cs\/product\/aluminum-extrusion-u-channel-profiles\/","title":{"rendered":"Hlin\u00edkov\u00e9 vytla\u010dovac\u00ed profily U Channel"},"content":{"rendered":"<h2>Podrobnosti o produktech<\/h2>\n<table class=\"custom-table\">\n<tr>\n<td class=\"label\">Polo\u017eka<\/td>\n<td>Hlin\u00edkov\u00e9 vytla\u010dovac\u00ed profily U Channel<\/td>\n<\/tr>\n<tr>\n<td class=\"label\">Materi\u00e1l<\/td>\n<td>Slitina hlin\u00edku 6063, 6061<\/td>\n<\/tr>\n<tr>\n<td class=\"label\">Povrchov\u00e1 \u00faprava<\/td>\n<td>eloxov\u00e1n\u00ed, st\u0159\u00edk\u00e1n\u00ed, pr\u00e1\u0161kov\u00e9 lakov\u00e1n\u00ed atd.<\/td>\n<\/tr>\n<tr>\n<td class=\"label\">Rozsah velikost\u00ed<\/td>\n<td>\u0160\u00ed\u0159ka: 10 mm - 200 mm; Tlou\u0161\u0165ka: 1 mm - 10 mm; D\u00e9lka m\u016f\u017ee b\u00fdt p\u0159izp\u016fsobena<\/td>\n<\/tr>\n<tr>\n<td class=\"label\">Tolerance<\/td>\n<td>\u00b10,1 mm (z\u00e1vis\u00ed na konkr\u00e9tn\u00edm v\u00fdrobku)<\/td>\n<\/tr>\n<tr>\n<td class=\"label\">S\u00edla<\/td>\n<td>Vysok\u00e1 pevnost, vynikaj\u00edc\u00ed mechanick\u00e9 vlastnosti a odolnost proti korozi<\/td>\n<\/tr>\n<tr>\n<td class=\"label\">Hmotnost<\/td>\n<td>Lehk\u00e9, snadno p\u0159enosn\u00e9 a instalovateln\u00e9<\/td>\n<\/tr>\n<tr>\n<td class=\"label\">Tepeln\u00e1 vodivost<\/td>\n<td>Vynikaj\u00edc\u00ed tepeln\u00e1 vodivost, vhodn\u00e9 pro aplikace pro odvod tepla |<\/td>\n<\/tr>\n<tr>\n<td class=\"label\">Aplikace<\/td>\n<td>Stavebnictv\u00ed, doprava, elektronika, stroje, n\u00e1bytek, n\u00e1pisy atd.<\/td>\n<\/tr>\n<tr>\n<td class=\"label\">Balen\u00ed<\/td>\n<td>D\u0159ev\u011bn\u00e9 krabice, obaly z bublinkov\u00e9 f\u00f3lie, obaly na m\u00edru<\/td>\n<\/tr>\n<tr>\n<td class=\"label\">Normy pro kontrolu kvality<\/td>\n<td>Syst\u00e9m \u0159\u00edzen\u00ed kvality ISO9001, po n\u011bkolika testech<\/td>\n<\/tr>\n<tr>\n<td class=\"label\">Slu\u017eby na m\u00edru<\/td>\n<td>Podpora ODM\/OEM a poskytov\u00e1n\u00ed individu\u00e1ln\u00edch \u0159e\u0161en\u00ed<\/td>\n<\/tr>\n<tr>\n<td class=\"label\">Slu\u017eby hloubkov\u00e9ho obr\u00e1b\u011bn\u00ed CNC<\/td>\n<td>\u0158ez\u00e1n\u00ed, fr\u00e9zov\u00e1n\u00ed, vrt\u00e1n\u00ed, brou\u0161en\u00ed atd.<\/td>\n<\/tr>\n<\/table>\n<h2>Na\u0161e v\u00fdrobn\u00ed z\u00e1kladna<\/h2>\n<h3>Panorama tov\u00e1rny<\/h3>\n<p><img decoding=\"async\" src=\"\/wp-content\/uploads\/factory-01.webp\"\/><\/p>\n<h3>D\u00edlna na v\u00fdrobu hlin\u00edkov\u00fdch ty\u010d\u00ed<\/h3>\n<p><img decoding=\"async\" src=\"\/wp-content\/uploads\/factory-02.webp\"\/><\/p>\n<p><img decoding=\"async\" src=\"\/wp-content\/uploads\/factory-03.webp\"\/><\/p>\n<h3>Sklad pl\u00edsn\u00ed<\/h3>\n<p><img decoding=\"async\" src=\"\/wp-content\/uploads\/factory-04.webp\"\/><\/p>\n<h3>43 linek na vytla\u010dov\u00e1n\u00ed hlin\u00edku (500-5500 tun)<\/h3>\n<p><img decoding=\"async\" src=\"\/wp-content\/uploads\/factory-05.webp\"\/><\/p>\n<p><img decoding=\"async\" src=\"\/wp-content\/uploads\/factory-06.webp\"\/><\/p>\n<p><img decoding=\"async\" src=\"\/wp-content\/uploads\/factory-07.webp\"\/><\/p>\n<h3>D\u00edlna pr\u00e1\u0161kov\u00e9ho lakov\u00e1n\u00ed<\/h3>\n<p><img decoding=\"async\" src=\"\/wp-content\/uploads\/factory-09.webp\"\/><\/p>\n<h3>D\u00edlna eloxov\u00e1n\u00ed<\/h3>\n<p><img decoding=\"async\" src=\"\/wp-content\/uploads\/factory-10.webp\"\/><\/p>\n<h3>Workshop o hloubkov\u00e9m zpracov\u00e1n\u00ed<\/h3>\n<p><img decoding=\"async\" src=\"\/wp-content\/uploads\/factory-11.webp\"\/><\/p>\n<h3>D\u00edlna CNC p\u0159esn\u00e9ho obr\u00e1b\u011bn\u00ed<\/h3>\n<p><img decoding=\"async\" src=\"\/wp-content\/uploads\/factory-11.5.webp\"\/><\/p>\n<h3>Sklad hotov\u00fdch v\u00fdrobk\u016f a exportn\u00ed sklad<\/h3>\n<p><img decoding=\"async\" src=\"\/wp-content\/uploads\/factory-12.webp\"\/><\/p>\n<p><img decoding=\"async\" src=\"\/wp-content\/uploads\/factory-13.webp\"\/><\/p>\n<p><img decoding=\"async\" src=\"\/wp-content\/uploads\/factory-14.webp\"\/><\/p>\n<h2>\u010cASTO KLADEN\u00c9 DOTAZY<\/h2>\n<p><p><b>1.Co jsou hlin\u00edkov\u00e9 vytla\u010dovac\u00ed U profily? <\/b><\/p>\n<p> Hlin\u00edkov\u00e9 vytla\u010dovan\u00e9 profily ve tvaru U jsou hlin\u00edkov\u00e9 profily ve tvaru U vyr\u00e1b\u011bn\u00e9 vytla\u010dov\u00e1n\u00edm, kter\u00e9 se b\u011b\u017en\u011b pou\u017e\u00edvaj\u00ed pro ochranu hran, r\u00e1mov\u00e1n\u00ed a konstruk\u010dn\u00ed podporu.<br \/>\n<\/p><br \/>\n<br \/>\n<p><b>2.Jak\u00e9 jsou v\u00fdhody pou\u017eit\u00ed hlin\u00edkov\u00fdch U kan\u00e1l\u016f? <\/b><\/p>\n<p> Hlin\u00edkov\u00e9 U profily nab\u00edzej\u00ed lehkou pevnost, odolnost proti korozi, snadnou instalaci a \u010dist\u00fd, modern\u00ed vzhled pro r\u016fzn\u00e9 aplikace.<br \/>\n<\/p><br \/>\n<br \/>\n<p><b>3.Pro\u010d zvolit hlin\u00edkov\u00e9 vytla\u010dov\u00e1n\u00ed pro profily U kan\u00e1l\u016f? <\/b><\/p>\n<p> Vytla\u010dov\u00e1n\u00ed hlin\u00edku umo\u017e\u0148uje p\u0159esn\u00e9 tvarov\u00e1n\u00ed, konzistentn\u00ed kvalitu a efektivn\u00ed v\u00fdrobu U kan\u00e1l\u016f vhodn\u00fdch pro pou\u017eit\u00ed v architektu\u0159e, pr\u016fmyslu i pro kutily.<br \/>\n<\/p><br \/>\n<br \/>\n<p><b>4.Kde se b\u011b\u017en\u011b pou\u017e\u00edvaj\u00ed hlin\u00edkov\u00e9 U profily? <\/b><\/p>\n<p> Hlin\u00edkov\u00e9 U kan\u00e1ly se pou\u017e\u00edvaj\u00ed v zaskl\u00edvac\u00edch syst\u00e9mech, sk\u0159\u00ed\u0148k\u00e1ch, r\u00e1mov\u00e1n\u00ed panel\u016f, krytech LED p\u00e1sk\u016f, sk\u0159\u00edn\u00edch a architektonick\u00fdch obkladech.<br \/>\n<\/p><br \/>\n<br \/>\n<p><b>5.Jsou hlin\u00edkov\u00e9 lisovan\u00e9 U kan\u00e1ly odoln\u00e9 proti korozi? <\/b><\/p>\n<p> Ano, hlin\u00edkov\u00e9 profily U kan\u00e1l\u016f jsou p\u0159irozen\u011b odoln\u00e9 proti korozi a mohou b\u00fdt eloxov\u00e1ny nebo opat\u0159eny pr\u00e1\u0161kovou barvou pro zv\u00fd\u0161en\u00ed odolnosti v n\u00e1ro\u010dn\u00fdch podm\u00ednk\u00e1ch.<br \/>\n<\/p><br \/>\n<br \/>\n<p><b>6.Mohou b\u00fdt hlin\u00edkov\u00e9 profily U kan\u00e1l\u016f p\u0159izp\u016fsobeny? <\/b><\/p>\n<p> Rozm\u011bry, tlou\u0161\u0165ku st\u011bny, typ slitiny a povrchovou \u00fapravu lze p\u0159izp\u016fsobit specifick\u00fdm pot\u0159eb\u00e1m konstrukce a v\u00fdkonu.<br \/>\n<\/p><br \/>\n<br \/>\n<p><b>7.Jak\u00e9 povrchov\u00e9 \u00fapravy jsou k dispozici pro hlin\u00edkov\u00e9 U kan\u00e1ly? <\/b><\/p>\n<p> Mezi b\u011b\u017en\u00e9 povrchov\u00e9 \u00fapravy pat\u0159\u00ed fr\u00e9zov\u00e1n\u00ed, eloxov\u00e1n\u00ed, pr\u00e1\u0161kov\u00e9 lakov\u00e1n\u00ed, kart\u00e1\u010dov\u00e1n\u00ed a le\u0161t\u011bn\u00ed povrch\u016f pro funk\u010dn\u00ed i estetick\u00e9 \u00fa\u010dely.<br \/>\n<\/p><br \/>\n<br \/>\n<p><b>8.Poskytuj\u00ed hlin\u00edkov\u00e9 profily U kan\u00e1l\u016f konstruk\u010dn\u00ed podporu? <\/b><\/p>\n<p> Ano, hlin\u00edkov\u00e9 U-kan\u00e1ly nab\u00edzej\u00ed m\u00edrnou konstruk\u010dn\u00ed podporu a jsou vhodn\u00e9 pro lehk\u00e9 r\u00e1mov\u00e1n\u00ed a ochranu hran.<br \/>\n<\/p><br \/>\n<br \/>\n<p><b>9.Snadno se hlin\u00edkov\u00e9 U kan\u00e1ly instaluj\u00ed a pracuje se s nimi? <\/b><\/p>\n<p> Ano, hlin\u00edkov\u00e9 U profily se snadno \u0159e\u017eou, vrtaj\u00ed a montuj\u00ed, tak\u017ee jsou ide\u00e1ln\u00ed pro profesion\u00e1ly i kutily.<br \/>\n<\/p><br \/>\n<br \/>\n<p><b>10.Jak\u00e9 je srovn\u00e1n\u00ed hlin\u00edkov\u00fdch lisovan\u00fdch U kan\u00e1l\u016f s ocelov\u00fdmi kan\u00e1ly? <\/b><\/p>\n<p> Hlin\u00edkov\u00e9 U kan\u00e1ly jsou leh\u010d\u00ed, odoln\u00e9 proti korozi, snadn\u011bji se s nimi manipuluje a v mnoha aplikac\u00edch vy\u017eaduj\u00ed m\u00e9n\u011b \u00fadr\u017eby ne\u017e ocelov\u00e9 kan\u00e1ly.<br \/>\n<\/p><br \/><\/p>","protected":false},"featured_media":6201,"template":"","categories":[58],"class_list":["post-6202","product","type-product","status-publish","has-post-thumbnail","hentry","category-aluminium-extrusion-profiles"],"meta_box":{"hilight_text_group":{"product_hilight_text":"<li>Simple U-shaped design for versatile structural and decorative use<\/li>\r\r\n<li>Lightweight and durable, suitable for framing and edge protection<\/li>\r\r\n<li>Corrosion-resistant finish for long-lasting indoor and outdoor performance<\/li>\r\r\n<li>Easy to cut, drill, and install with standard tools<\/li>\r\r\n<li>Available in various sizes, finishes, and custom lengths<\/li>","product_chanpin_chanpin":"<li><a href=\"https:\/\/sinoextrud.com\/product\/aluminum-extrusion-aluminum-roof-rack-profiles\/\" target=\"_blank\">Aluminum Extrusion Aluminum Roof Rack Profiles<\/a><\/li>\r\n<li><a href=\"https:\/\/sinoextrud.com\/product\/aluminum-extrusion-blackboard-whiteboard-frame-aluminum-profiles\/\" target=\"_blank\">Aluminum Extrusion Blackboard Whiteboard Frame Aluminum Profiles<\/a><\/li>\r\n<li><a href=\"https:\/\/sinoextrud.com\/product\/aluminium-extrusion-anodized-aluminum-profile\/\" target=\"_blank\">Aluminium Extrusion Anodized Aluminum Profile<\/a><\/li>\r\n<li><a href=\"https:\/\/sinoextrud.com\/product\/aluminium-extrusion-wood-grain-aluminum-profile\/\" target=\"_blank\">Aluminium Extrusion Wood Grain Aluminum Profile<\/a><\/li>\r\n<li><a href=\"https:\/\/sinoextrud.com\/product\/aluminum-extrusion-u-channel-profiles\/\" target=\"_blank\">Aluminum Extrusion U Channel Profiles<\/a><\/li>\r\n<li><a href=\"https:\/\/sinoextrud.com\/product\/aluminum-extrusion-car-truck-aluminum-profile\/\" target=\"_blank\">Aluminum Extrusion Car & Truck Aluminum Profile<\/a><\/li>\r\n<li><a href=\"https:\/\/sinoextrud.com\/product\/aluminum-extrusion-aluminum-fence-panel-profile\/\" target=\"_blank\">Aluminum Extrusion Aluminum Fence Panel Profile<\/a><\/li>\r\n<li><a href=\"https:\/\/sinoextrud.com\/product\/aluminum-extrusion-sunflower-aluminum-profile\/\" target=\"_blank\">Aluminum Extrusion Sunflower Aluminum Profile<\/a><\/li>\r\n<li><a href=\"https:\/\/sinoextrud.com\/product\/aluminum-extrusion-aluminum-framing-profiles-for-sunroom\/\" target=\"_blank\">Aluminum Extrusion Aluminum Framing Profiles For Sunroom<\/a><\/li>\r\n<li><a href=\"https:\/\/sinoextrud.com\/product\/extruded-aluminum-alloy-profile-for-glass-floor-channel\/\" target=\"_blank\">Extruded Aluminum Alloy Profile For Glass Floor Channel<\/a><\/li>\r\n<li><a href=\"https:\/\/sinoextrud.com\/product\/triangle-ceiling-system\/\" target=\"_blank\">Triangle Ceiling System (Triangle Ceiling)<\/a><\/li>"},"feature_list":[]},"_links":{"self":[{"href":"https:\/\/sinoextrud.com\/cs\/wp-json\/wp\/v2\/product\/6202","targetHints":{"allow":["GET"]}}],"collection":[{"href":"https:\/\/sinoextrud.com\/cs\/wp-json\/wp\/v2\/product"}],"about":[{"href":"https:\/\/sinoextrud.com\/cs\/wp-json\/wp\/v2\/types\/product"}],"wp:featuredmedia":[{"embeddable":true,"href":"https:\/\/sinoextrud.com\/cs\/wp-json\/wp\/v2\/media\/6201"}],"wp:attachment":[{"href":"https:\/\/sinoextrud.com\/cs\/wp-json\/wp\/v2\/media?parent=6202"}],"wp:term":[{"taxonomy":"category","embeddable":true,"href":"https:\/\/sinoextrud.com\/cs\/wp-json\/wp\/v2\/categories?post=6202"}],"curies":[{"name":"wp","href":"https:\/\/api.w.org\/{rel}","templated":true}]}}