{"id":6200,"date":"2025-05-26T02:00:22","date_gmt":"2025-05-26T02:00:22","guid":{"rendered":"https:\/\/sinoextrud.com\/product\/aluminium-extrusion-wood-grain-aluminum-profile\/"},"modified":"2025-06-24T03:54:55","modified_gmt":"2025-06-24T03:54:55","slug":"hlinikove-vylisky-hlinikovy-profil-se-strukturou-dreva","status":"publish","type":"product","link":"https:\/\/sinoextrud.com\/cs\/product\/aluminium-extrusion-wood-grain-aluminum-profile\/","title":{"rendered":"Hlin\u00edkov\u00e9 v\u00fdlisky Hlin\u00edkov\u00fd profil se zrnitost\u00ed d\u0159eva"},"content":{"rendered":"<h2>Podrobnosti o produktech<\/h2>\n<table class=\"custom-table\">\n<tr>\n<td class=\"label\">Polo\u017eka<\/td>\n<td>Hodnota technologie<\/td>\n<\/tr>\n<tr>\n<td class=\"label\">Tvrdost filmu<\/td>\n<td>DaHa2H<\/td>\n<\/tr>\n<tr>\n<td class=\"label\">P\u0159\u00edm\u00fd dopad<\/td>\n<td>>=30<\/td>\n<\/tr>\n<tr>\n<td class=\"label\">Flexibilita<\/td>\n<td>v=N<\/td>\n<\/tr>\n<tr>\n<td class=\"label\">Zkou\u0161ka ohybem<\/td>\n<td>3\/16\u2033OK<\/td>\n<\/tr>\n<tr>\n<td class=\"label\">Koeficient likvidity<\/td>\n<td>Da15a25<\/td>\n<\/tr>\n<tr>\n<td class=\"label\">Ob\u011bh<\/td>\n<td>20\u2033X200\u00b0C<\/td>\n<\/tr>\n<\/table>\n<h2>Na\u0161e v\u00fdrobn\u00ed z\u00e1kladna<\/h2>\n<h3>Panorama tov\u00e1rny<\/h3>\n<p><img decoding=\"async\" src=\"\/wp-content\/uploads\/factory-01.webp\"\/><\/p>\n<h3>D\u00edlna na v\u00fdrobu hlin\u00edkov\u00fdch ty\u010d\u00ed<\/h3>\n<p><img decoding=\"async\" src=\"\/wp-content\/uploads\/factory-02.webp\"\/><\/p>\n<p><img decoding=\"async\" src=\"\/wp-content\/uploads\/factory-03.webp\"\/><\/p>\n<h3>Sklad pl\u00edsn\u00ed<\/h3>\n<p><img decoding=\"async\" src=\"\/wp-content\/uploads\/factory-04.webp\"\/><\/p>\n<h3>43 linek na vytla\u010dov\u00e1n\u00ed hlin\u00edku (500-5500 tun)<\/h3>\n<p><img decoding=\"async\" src=\"\/wp-content\/uploads\/factory-05.webp\"\/><\/p>\n<p><img decoding=\"async\" src=\"\/wp-content\/uploads\/factory-06.webp\"\/><\/p>\n<p><img decoding=\"async\" src=\"\/wp-content\/uploads\/factory-07.webp\"\/><\/p>\n<h3>D\u00edlna pr\u00e1\u0161kov\u00e9ho lakov\u00e1n\u00ed<\/h3>\n<p><img decoding=\"async\" src=\"\/wp-content\/uploads\/factory-09.webp\"\/><\/p>\n<h3>D\u00edlna eloxov\u00e1n\u00ed<\/h3>\n<p><img decoding=\"async\" src=\"\/wp-content\/uploads\/factory-10.webp\"\/><\/p>\n<h3>Workshop o hloubkov\u00e9m zpracov\u00e1n\u00ed<\/h3>\n<p><img decoding=\"async\" src=\"\/wp-content\/uploads\/factory-11.webp\"\/><\/p>\n<h3>D\u00edlna CNC p\u0159esn\u00e9ho obr\u00e1b\u011bn\u00ed<\/h3>\n<p><img decoding=\"async\" src=\"\/wp-content\/uploads\/factory-11.5.webp\"\/><\/p>\n<h3>Sklad hotov\u00fdch v\u00fdrobk\u016f a exportn\u00ed sklad<\/h3>\n<p><img decoding=\"async\" src=\"\/wp-content\/uploads\/factory-12.webp\"\/><\/p>\n<p><img decoding=\"async\" src=\"\/wp-content\/uploads\/factory-13.webp\"\/><\/p>\n<p><img decoding=\"async\" src=\"\/wp-content\/uploads\/factory-14.webp\"\/><\/p>\n<h2>\u010cASTO KLADEN\u00c9 DOTAZY<\/h2>\n<p><p><b>1.Co je hlin\u00edkov\u00fd profil s d\u0159ev\u011bnou strukturou? <\/b><\/p>\n<p> Jedn\u00e1 se o extrudovan\u00fd hlin\u00edkov\u00fd profil s povrchovou \u00fapravou se strukturou d\u0159eva, kter\u00fd nab\u00edz\u00ed vzhled p\u0159\u00edrodn\u00edho d\u0159eva s odolnost\u00ed hlin\u00edku.<br \/>\n<\/p><br \/>\n<br \/>\n<p><b>2.Jak\u00e9 jsou v\u00fdhody d\u0159ev\u011bn\u00fdch hlin\u00edkov\u00fdch profil\u016f? <\/b><\/p>\n<p> Hlin\u00edkov\u00e9 profily s kresbou d\u0159eva kombinuj\u00ed estetiku d\u0159eva s pevnost\u00ed hlin\u00edku, odolnost\u00ed proti pov\u011btrnostn\u00edm vliv\u016fm, n\u00edzk\u00fdmi n\u00e1roky na \u00fadr\u017ebu a dlouhou \u017eivotnost\u00ed.<br \/>\n<\/p><br \/>\n<br \/>\n<p><b>3.Pro\u010d zvolit hlin\u00edkov\u00e9 profily s kresbou d\u0159eva m\u00edsto prav\u00e9ho d\u0159eva? <\/b><\/p>\n<p> Hlin\u00edkov\u00e9 profily s kresbou d\u0159eva se nedeformuj\u00ed, nehnij\u00ed ani neblednou jako prav\u00e9 d\u0159evo a nevy\u017eaduj\u00ed n\u00e1t\u011bry ani tmelen\u00ed, tak\u017ee jsou cenov\u011b v\u00fdhodn\u011bj\u0161\u00ed a odoln\u011bj\u0161\u00ed.<br \/>\n<\/p><br \/>\n<br \/>\n<p><b>4.Kde se b\u011b\u017en\u011b pou\u017e\u00edvaj\u00ed hlin\u00edkov\u00e9 vytla\u010dovac\u00ed profily se strukturou d\u0159eva? <\/b><\/p>\n<p> Tyto profily se hojn\u011b pou\u017e\u00edvaj\u00ed na okna, dve\u0159e, fas\u00e1dy, ploty, pergoly, br\u00e1ny a dekorativn\u00ed architektonick\u00e9 prvky.<br \/>\n<\/p><br \/>\n<br \/>\n<p><b>5.Je povrchov\u00e1 \u00faprava d\u0159eva na hlin\u00edkov\u00fdch profilech odoln\u00e1 proti pov\u011btrnostn\u00edm vliv\u016fm? <\/b><\/p>\n<p> Ano, povrchov\u00e1 \u00faprava se strukturou d\u0159eva je vysoce odoln\u00e1 v\u016f\u010di UV z\u00e1\u0159en\u00ed, vlhkosti a korozi, tak\u017ee je ide\u00e1ln\u00ed pro vnit\u0159n\u00ed i venkovn\u00ed pou\u017eit\u00ed.<br \/>\n<\/p><br \/>\n<br \/>\n<p><b>6.Lze hlin\u00edkov\u00e9 profily se strukturou d\u0159eva upravit na m\u00edru? <\/b><\/p>\n<p> Hlin\u00edkov\u00e9 profily se strukturou d\u0159eva lze zcela jist\u011b p\u0159izp\u016fsobit tvaru, velikosti, typu slitiny a vzoru d\u0159eva tak, aby spl\u0148ovaly specifick\u00e9 po\u017eadavky projektu.<br \/>\n<\/p><br \/>\n<br \/>\n<p><b>7.Jak se na hlin\u00edkov\u00e9 vytla\u010dovac\u00ed profily aplikuje efekt d\u0159eva? <\/b><\/p>\n<p> Efekt d\u0159ev\u011bn\u00e9 struktury je nan\u00e1\u0161en sublima\u010dn\u00ed nebo pr\u00e1\u0161kovou technologi\u00ed, co\u017e vede k realistick\u00e9 struktu\u0159e a dlouh\u00e9 \u017eivotnosti povrchu.<br \/>\n<\/p><br \/>\n<br \/>\n<p><b>8.Jsou hlin\u00edkov\u00e9 profily se strukturou d\u0159eva \u0161etrn\u00e9 k \u017eivotn\u00edmu prost\u0159ed\u00ed? <\/b><\/p>\n<p> Ano, hlin\u00edk je 100% recyklovateln\u00fd a pou\u017eit\u00ed d\u0159ev\u011bn\u00fdch povrchov\u00fdch \u00faprav sni\u017euje n\u00e1roky na p\u0159\u00edrodn\u00ed d\u0159evo a podporuje udr\u017eitelnou v\u00fdstavbu.<br \/>\n<\/p><br \/>\n<br \/>\n<p><b>9.Vy\u017eaduj\u00ed hlin\u00edkov\u00e9 profily se strukturou d\u0159eva \u00fadr\u017ebu? <\/b><\/p>\n<p> \u00dadr\u017eba je minim\u00e1ln\u00ed - sta\u010d\u00ed pravideln\u00e9 \u010di\u0161t\u011bn\u00ed, bez nutnosti p\u0159elakov\u00e1n\u00ed, mo\u0159en\u00ed nebo tmelen\u00ed jako u tradi\u010dn\u00edho d\u0159eva.<br \/>\n<\/p><br \/>\n<br \/>\n<p><b>10.Jak\u00e9 typy povrchov\u00fdch \u00faprav d\u0159eva jsou k dispozici pro hlin\u00edkov\u00e9 vytla\u010dovac\u00ed profily? <\/b><\/p>\n<p> Mezi b\u011b\u017en\u00e9 mo\u017enosti pat\u0159\u00ed dub, teak, o\u0159ech, t\u0159e\u0161e\u0148 a vlastn\u00ed vzory d\u0159eva, kter\u00e9 se hod\u00ed k architektonick\u00fdm motiv\u016fm.<br \/>\n<\/p><br \/><\/p>","protected":false},"featured_media":6199,"template":"","categories":[58],"class_list":["post-6200","product","type-product","status-publish","has-post-thumbnail","hentry","category-aluminium-extrusion-profiles"],"meta_box":{"hilight_text_group":{"product_hilight_text":"<li>Realistic wood grain finish combines natural look with metal durability<\/li>\r\r\n<li>Weather-resistant and low maintenance, ideal for outdoor use<\/li>\r\r\n<li>Lightweight and strong for easy installation and structural support<\/li>\r\r\n<li>Available in multiple patterns and colors to match design needs<\/li>\r\r\n<li>Eco-friendly alternative to natural wood with longer lifespan<\/li>","product_chanpin_chanpin":"<li><a href=\"https:\/\/sinoextrud.com\/product\/aluminum-extrusion-telescopic-tube-octagon-tube\/\" target=\"_blank\">Aluminum Extrusion Telescopic Tube Octagon Tube<\/a><\/li>\r\n<li><a href=\"https:\/\/sinoextrud.com\/product\/aluminum-extrusion-aluminum-roof-rack-profiles\/\" target=\"_blank\">Aluminum Extrusion Aluminum Roof Rack Profiles<\/a><\/li>\r\n<li><a href=\"https:\/\/sinoextrud.com\/product\/aluminum-extrusion-blackboard-whiteboard-frame-aluminum-profiles\/\" target=\"_blank\">Aluminum Extrusion Blackboard Whiteboard Frame Aluminum Profiles<\/a><\/li>\r\n<li><a href=\"https:\/\/sinoextrud.com\/product\/aluminium-extrusion-anodized-aluminum-profile\/\" target=\"_blank\">Aluminium Extrusion Anodized Aluminum Profile<\/a><\/li>\r\n<li><a href=\"https:\/\/sinoextrud.com\/product\/aluminium-extrusion-wood-grain-aluminum-profile\/\" target=\"_blank\">Aluminium Extrusion Wood Grain Aluminum Profile<\/a><\/li>\r\n<li><a href=\"https:\/\/sinoextrud.com\/product\/aluminum-extrusion-u-channel-profiles\/\" target=\"_blank\">Aluminum Extrusion U Channel Profiles<\/a><\/li>\r\n<li><a href=\"https:\/\/sinoextrud.com\/product\/aluminum-extrusion-car-truck-aluminum-profile\/\" target=\"_blank\">Aluminum Extrusion Car & Truck Aluminum Profile<\/a><\/li>\r\n<li><a href=\"https:\/\/sinoextrud.com\/product\/aluminum-extrusion-aluminum-fence-panel-profile\/\" target=\"_blank\">Aluminum Extrusion Aluminum Fence Panel Profile<\/a><\/li>\r\n<li><a href=\"https:\/\/sinoextrud.com\/product\/aluminum-extrusion-sunflower-aluminum-profile\/\" target=\"_blank\">Aluminum Extrusion Sunflower Aluminum Profile<\/a><\/li>\r\n<li><a href=\"https:\/\/sinoextrud.com\/product\/square-aluminum-extrusion\/\" target=\"_blank\">Square Aluminum Extrusion<\/a><\/li>\r\n<li><a href=\"https:\/\/sinoextrud.com\/product\/aluminum-door-jamb-extrusion\/\" target=\"_blank\">Aluminum Door Jamb Extrusion<\/a><\/li>"},"feature_list":[]},"_links":{"self":[{"href":"https:\/\/sinoextrud.com\/cs\/wp-json\/wp\/v2\/product\/6200","targetHints":{"allow":["GET"]}}],"collection":[{"href":"https:\/\/sinoextrud.com\/cs\/wp-json\/wp\/v2\/product"}],"about":[{"href":"https:\/\/sinoextrud.com\/cs\/wp-json\/wp\/v2\/types\/product"}],"wp:featuredmedia":[{"embeddable":true,"href":"https:\/\/sinoextrud.com\/cs\/wp-json\/wp\/v2\/media\/6199"}],"wp:attachment":[{"href":"https:\/\/sinoextrud.com\/cs\/wp-json\/wp\/v2\/media?parent=6200"}],"wp:term":[{"taxonomy":"category","embeddable":true,"href":"https:\/\/sinoextrud.com\/cs\/wp-json\/wp\/v2\/categories?post=6200"}],"curies":[{"name":"wp","href":"https:\/\/api.w.org\/{rel}","templated":true}]}}