{"id":6198,"date":"2025-05-26T01:57:46","date_gmt":"2025-05-26T01:57:46","guid":{"rendered":"https:\/\/sinoextrud.com\/product\/aluminium-extrusion-anodized-aluminum-profile\/"},"modified":"2025-06-24T03:54:54","modified_gmt":"2025-06-24T03:54:54","slug":"hlinikovy-vytlacovany-eloxovany-hlinikovy-profil","status":"publish","type":"product","link":"https:\/\/sinoextrud.com\/cs\/product\/aluminium-extrusion-anodized-aluminum-profile\/","title":{"rendered":"Hlin\u00edkov\u00e9 v\u00fdlisky eloxovan\u00fd hlin\u00edkov\u00fd profil"},"content":{"rendered":"<h2>Podrobnosti o produktech<\/h2>\n<table class=\"custom-table\">\n<tr>\n<td class=\"label\">N\u00e1zev<\/td>\n<td>Hlin\u00edkov\u00e9 v\u00fdlisky eloxovan\u00fd hlin\u00edkov\u00fd profil<\/td>\n<\/tr>\n<\/table>\n<h2>Na\u0161e v\u00fdrobn\u00ed z\u00e1kladna<\/h2>\n<h3>Panorama tov\u00e1rny<\/h3>\n<p><img decoding=\"async\" src=\"\/wp-content\/uploads\/factory-01.webp\"\/><\/p>\n<h3>D\u00edlna na v\u00fdrobu hlin\u00edkov\u00fdch ty\u010d\u00ed<\/h3>\n<p><img decoding=\"async\" src=\"\/wp-content\/uploads\/factory-02.webp\"\/><\/p>\n<p><img decoding=\"async\" src=\"\/wp-content\/uploads\/factory-03.webp\"\/><\/p>\n<h3>Sklad pl\u00edsn\u00ed<\/h3>\n<p><img decoding=\"async\" src=\"\/wp-content\/uploads\/factory-04.webp\"\/><\/p>\n<h3>43 linek na vytla\u010dov\u00e1n\u00ed hlin\u00edku (500 - 5500 tun)<\/h3>\n<p><img decoding=\"async\" src=\"\/wp-content\/uploads\/factory-05.webp\"\/><\/p>\n<p><img decoding=\"async\" src=\"\/wp-content\/uploads\/factory-06.webp\"\/><\/p>\n<p><img decoding=\"async\" src=\"\/wp-content\/uploads\/factory-07.webp\"\/><\/p>\n<h3>D\u00edlna pr\u00e1\u0161kov\u00e9ho lakov\u00e1n\u00ed<\/h3>\n<p><img decoding=\"async\" src=\"\/wp-content\/uploads\/factory-09.webp\"\/><\/p>\n<h3>D\u00edlna eloxov\u00e1n\u00ed<\/h3>\n<p><img decoding=\"async\" src=\"\/wp-content\/uploads\/factory-10.webp\"\/><\/p>\n<h3>Workshop o hloubkov\u00e9m zpracov\u00e1n\u00ed<\/h3>\n<p><img decoding=\"async\" src=\"\/wp-content\/uploads\/factory-11.webp\"\/><\/p>\n<h3>D\u00edlna CNC p\u0159esn\u00e9ho obr\u00e1b\u011bn\u00ed<\/h3>\n<p><img decoding=\"async\" src=\"\/wp-content\/uploads\/factory-11.5.webp\"\/><\/p>\n<h3>Sklad hotov\u00fdch v\u00fdrobk\u016f a exportn\u00ed sklad<\/h3>\n<p><img decoding=\"async\" src=\"\/wp-content\/uploads\/factory-12.webp\"\/><\/p>\n<p><img decoding=\"async\" src=\"\/wp-content\/uploads\/factory-13.webp\"\/><\/p>\n<p><img decoding=\"async\" src=\"\/wp-content\/uploads\/factory-14.webp\"\/><\/p>\n<h2>\u010cASTO KLADEN\u00c9 DOTAZY<\/h2>\n<p><p><b>1.Co je to hlin\u00edkov\u00fd vytla\u010dovan\u00fd eloxovan\u00fd hlin\u00edkov\u00fd profil? <\/b><\/p>\n<p> Jedn\u00e1 se o hlin\u00edkov\u00fd profil vyroben\u00fd vytla\u010dov\u00e1n\u00edm a povrchov\u011b upraven\u00fd eloxov\u00e1n\u00edm pro zv\u00fd\u0161en\u00ed trvanlivosti povrchu, odolnosti proti korozi a vzhledu.<br \/>\n<\/p><br \/>\n<br \/>\n<p><b>2.Jak\u00e9 jsou v\u00fdhody eloxovan\u00fdch hlin\u00edkov\u00fdch vytla\u010dovac\u00edch profil\u016f? <\/b><\/p>\n<p> Eloxovan\u00e9 hlin\u00edkov\u00e9 profily nab\u00edzej\u00ed zv\u00fd\u0161enou odolnost proti korozi, ochranu proti opot\u0159eben\u00ed, UV stabilitu a dekorativn\u00ed povrchovou \u00fapravu ide\u00e1ln\u00ed pro architektonick\u00e9 a pr\u016fmyslov\u00e9 pou\u017eit\u00ed.<br \/>\n<\/p><br \/>\n<br \/>\n<p><b>3.Pro\u010d zvolit eloxovan\u00e9 hlin\u00edkov\u00e9 profily m\u00edsto fr\u00e9zov\u00e1n\u00ed? <\/b><\/p>\n<p> Eloxovan\u00e9 profily maj\u00ed tvrd\u0161\u00ed povrch, zv\u00fd\u0161enou ochranu proti korozi a atraktivn\u011bj\u0161\u00ed vzhled ve srovn\u00e1n\u00ed s neupraven\u00fdm hlin\u00edkem s fr\u00e9zovanou povrchovou \u00fapravou.<br \/>\n<\/p><br \/>\n<br \/>\n<p><b>4.Kde se b\u011b\u017en\u011b pou\u017e\u00edvaj\u00ed eloxovan\u00e9 hlin\u00edkov\u00e9 vytla\u010dovac\u00ed profily? <\/b><\/p>\n<p> Tyto profily se hojn\u011b pou\u017e\u00edvaj\u00ed v oknech, dve\u0159\u00edch, z\u00e1v\u011bsn\u00fdch st\u011bn\u00e1ch, sk\u0159\u00edn\u00edch pro elektroniku, r\u00e1mech n\u00e1bytku a dekorativn\u00edch architektonick\u00fdch prvc\u00edch.<br \/>\n<\/p><br \/>\n<br \/>\n<p><b>5.Zvy\u0161uje eloxov\u00e1n\u00ed odolnost hlin\u00edkov\u00fdch profil\u016f? <\/b><\/p>\n<p> Ano, eloxov\u00e1n\u00ed vytv\u00e1\u0159\u00ed odolnou vrstvu oxidu, kter\u00e1 chr\u00e1n\u00ed povrch p\u0159ed po\u0161kr\u00e1b\u00e1n\u00edm, koroz\u00ed a pov\u011btrnostn\u00edmi vlivy a prodlu\u017euje \u017eivotnost v\u00fdrobku.<br \/>\n<\/p><br \/>\n<br \/>\n<p><b>6.Lze eloxovan\u00e9 hlin\u00edkov\u00e9 profily p\u0159izp\u016fsobit? <\/b><\/p>\n<p> Eloxovan\u00e9 profily lze zcela jist\u011b p\u0159izp\u016fsobit velikosti, tvaru, typu slitiny a barv\u011b eloxov\u00e1n\u00ed tak, aby spl\u0148ovaly specifick\u00e9 po\u017eadavky na design a v\u00fdkon.<br \/>\n<\/p><br \/>\n<br \/>\n<p><b>7.Jsou eloxovan\u00e9 hlin\u00edkov\u00e9 profily \u0161etrn\u00e9 k \u017eivotn\u00edmu prost\u0159ed\u00ed? <\/b><\/p>\n<p> Ano, eloxov\u00e1n\u00ed je netoxick\u00fd proces a hlin\u00edk je pln\u011b recyklovateln\u00fd, tak\u017ee eloxovan\u00e9 profily jsou udr\u017eitelnou volbou materi\u00e1lu.<br \/>\n<\/p><br \/>\n<br \/>\n<p><b>8.Jak\u00e9 eloxovan\u00e9 povrchov\u00e9 \u00fapravy jsou k dispozici pro hlin\u00edkov\u00e9 vytla\u010dovac\u00ed profily? <\/b><\/p>\n<p> Povrchov\u00e9 \u00fapravy zahrnuj\u00ed \u010dir\u00e9, bronzov\u00e9, \u010dern\u00e9, zlat\u00e9 a vlastn\u00ed barvy, kter\u00e9 jsou k dispozici v matn\u00e9 nebo leskl\u00e9 struktu\u0159e v z\u00e1vislosti na preferenc\u00edch designu.<br \/>\n<\/p><br \/>\n<br \/>\n<p><b>9.Je eloxovan\u00fd hlin\u00edk vhodn\u00fd pro venkovn\u00ed pou\u017eit\u00ed? <\/b><\/p>\n<p> Ano, eloxovan\u00e9 hlin\u00edkov\u00e9 vytla\u010dovac\u00ed profily jsou ide\u00e1ln\u00ed pro venkovn\u00ed pou\u017eit\u00ed d\u00edky sv\u00e9 vynikaj\u00edc\u00ed odolnosti proti UV z\u00e1\u0159en\u00ed a schopnosti odol\u00e1vat drsn\u00e9mu prost\u0159ed\u00ed.<br \/>\n<\/p><br \/>\n<br \/>\n<p><b>10.Jak ovliv\u0148uje eloxov\u00e1n\u00ed vzhled hlin\u00edkov\u00fdch profil\u016f? <\/b><\/p>\n<p> Eloxov\u00e1n\u00ed zlep\u0161uje kovov\u00fd vzhled, p\u0159id\u00e1v\u00e1 barevn\u00e9 mo\u017enosti a vytv\u00e1\u0159\u00ed jednotn\u00fd, profesion\u00e1ln\u00ed povrch, kter\u00fd zlep\u0161uje estetiku i vn\u00edm\u00e1n\u00ed zna\u010dky.<br \/>\n<\/p><br \/><\/p>","protected":false},"featured_media":6197,"template":"","categories":[58],"class_list":["post-6198","product","type-product","status-publish","has-post-thumbnail","hentry","category-aluminium-extrusion-profiles"],"meta_box":{"hilight_text_group":{"product_hilight_text":"<li>Anodized finish enhances corrosion and wear resistance<\/li>\r\r\n<li>Attractive surface with matte or glossy options for decorative use<\/li>\r\r\n<li>Improved durability for both indoor and outdoor applications<\/li>\r\r\n<li>Available in various colors and customizable profiles<\/li>\r\r\n<li>Ideal for architectural, industrial, and consumer product applications<\/li>","product_chanpin_chanpin":"<li><a href=\"https:\/\/sinoextrud.com\/product\/aluminum-extrusion-6005-big-size-industrial-aluminum-profile\/\" target=\"_blank\">Aluminum Extrusion 6005 Big Size Industrial Aluminum Profile<\/a><\/li>\r\n<li><a href=\"https:\/\/sinoextrud.com\/product\/aluminum-extrusion-telescopic-tube-octagon-tube\/\" target=\"_blank\">Aluminum Extrusion Telescopic Tube Octagon Tube<\/a><\/li>\r\n<li><a href=\"https:\/\/sinoextrud.com\/product\/aluminum-extrusion-aluminum-roof-rack-profiles\/\" target=\"_blank\">Aluminum Extrusion Aluminum Roof Rack Profiles<\/a><\/li>\r\n<li><a href=\"https:\/\/sinoextrud.com\/product\/aluminum-extrusion-blackboard-whiteboard-frame-aluminum-profiles\/\" target=\"_blank\">Aluminum Extrusion Blackboard Whiteboard Frame Aluminum Profiles<\/a><\/li>\r\n<li><a href=\"https:\/\/sinoextrud.com\/product\/aluminium-extrusion-anodized-aluminum-profile\/\" target=\"_blank\">Aluminium Extrusion Anodized Aluminum Profile<\/a><\/li>\r\n<li><a href=\"https:\/\/sinoextrud.com\/product\/aluminium-extrusion-wood-grain-aluminum-profile\/\" target=\"_blank\">Aluminium Extrusion Wood Grain Aluminum Profile<\/a><\/li>\r\n<li><a href=\"https:\/\/sinoextrud.com\/product\/aluminum-extrusion-u-channel-profiles\/\" target=\"_blank\">Aluminum Extrusion U Channel Profiles<\/a><\/li>\r\n<li><a href=\"https:\/\/sinoextrud.com\/product\/aluminum-extrusion-car-truck-aluminum-profile\/\" target=\"_blank\">Aluminum Extrusion Car & Truck Aluminum Profile<\/a><\/li>\r\n<li><a href=\"https:\/\/sinoextrud.com\/product\/aluminum-extrusion-aluminum-fence-panel-profile\/\" target=\"_blank\">Aluminum Extrusion Aluminum Fence Panel Profile<\/a><\/li>\r\n<li><a href=\"https:\/\/sinoextrud.com\/product\/aluminium-extrusion-6061-6082-7075-aluminum-alloy-profiles\/\" target=\"_blank\">Aluminium Extrusion 6061 6082 7075 Aluminum Alloy Profiles<\/a><\/li>\r\n<li><a href=\"https:\/\/sinoextrud.com\/product\/pyramid-open-cell-ceiling-system\/\" target=\"_blank\">Pyramid Open Cell Ceiling System<\/a><\/li>"},"feature_list":[]},"_links":{"self":[{"href":"https:\/\/sinoextrud.com\/cs\/wp-json\/wp\/v2\/product\/6198","targetHints":{"allow":["GET"]}}],"collection":[{"href":"https:\/\/sinoextrud.com\/cs\/wp-json\/wp\/v2\/product"}],"about":[{"href":"https:\/\/sinoextrud.com\/cs\/wp-json\/wp\/v2\/types\/product"}],"wp:featuredmedia":[{"embeddable":true,"href":"https:\/\/sinoextrud.com\/cs\/wp-json\/wp\/v2\/media\/6197"}],"wp:attachment":[{"href":"https:\/\/sinoextrud.com\/cs\/wp-json\/wp\/v2\/media?parent=6198"}],"wp:term":[{"taxonomy":"category","embeddable":true,"href":"https:\/\/sinoextrud.com\/cs\/wp-json\/wp\/v2\/categories?post=6198"}],"curies":[{"name":"wp","href":"https:\/\/api.w.org\/{rel}","templated":true}]}}