{"id":6196,"date":"2025-05-26T01:51:59","date_gmt":"2025-05-26T01:51:59","guid":{"rendered":"https:\/\/sinoextrud.com\/product\/aluminum-extrusion-blackboard-whiteboard-frame-aluminum-profiles\/"},"modified":"2025-06-24T03:54:52","modified_gmt":"2025-06-24T03:54:52","slug":"hlinikovy-vylisek-tabule-ram-tabule-hlinikove-profily","status":"publish","type":"product","link":"https:\/\/sinoextrud.com\/cs\/product\/aluminum-extrusion-blackboard-whiteboard-frame-aluminum-profiles\/","title":{"rendered":"Hlin\u00edkov\u00e9 vytla\u010dov\u00e1n\u00ed Tabule R\u00e1m tabule Hlin\u00edkov\u00e9 profily"},"content":{"rendered":"<h2>Podrobnosti o produktech<\/h2>\n<table class=\"custom-table\">\n<tr>\n<td class=\"label\">N\u00e1zev produktu:<\/td>\n<td>Hlin\u00edkov\u00e9 vytla\u010dov\u00e1n\u00ed Tabule R\u00e1m tabule Hlin\u00edkov\u00e9 profily<\/td>\n<\/tr>\n<tr>\n<td class=\"label\">Typ v\u00fdrobku: D\u011btsk\u00e1 post\u00fdlka:<\/td>\n<td>Odpov\u011b\u010f: Hlin\u00edkov\u00fd r\u00e1m pro vnit\u0159n\u00ed a venkovn\u00ed reklamu;<br \/>B: D\u011btsk\u00e1 kresl\u00edc\u00ed tabule s hlin\u00edkov\u00fdm r\u00e1mem;<br \/>C: Kancel\u00e1\u0159sk\u00fd skl\u00e1dac\u00ed hlin\u00edkov\u00fd r\u00e1m obrazovky;<br \/>D: Hlin\u00edkov\u00fd r\u00e1mov\u00fd profil konferen\u010dn\u00ed tabule, hlin\u00edkov\u00fd profil tabule ve t\u0159\u00edd\u011b<\/td>\n<\/tr>\n<tr>\n<td class=\"label\">Materi\u00e1l:<\/td>\n<td>Slitina hlin\u00edku 6063<\/td>\n<\/tr>\n<tr>\n<td class=\"label\">Povrchov\u00e1 \u00faprava:<\/td>\n<td>eloxov\u00e1n\u00ed, pr\u00e1\u0161kov\u00e9 lakov\u00e1n\u00ed, st\u0159\u00edk\u00e1n\u00ed<\/td>\n<\/tr>\n<tr>\n<td class=\"label\">Velikosti:<\/td>\n<td>20 mm x 20 mm, 30 mm x 30 mm, 40 mm x 40 mm nebo p\u0159izp\u016fsoben\u00ed na m\u00edru<\/td>\n<\/tr>\n<tr>\n<td class=\"label\">Tlou\u0161\u0165ka:<\/td>\n<td>Mo\u017enost p\u0159izp\u016fsoben\u00ed; b\u011b\u017en\u00e1 tlou\u0161\u0165ka se pohybuje od 1,0 mm do 3,0 mm<\/td>\n<\/tr>\n<tr>\n<td class=\"label\">Vlastnosti produktu:<\/td>\n<td>vysok\u00e1 pevnost, n\u00edzk\u00e1 hmotnost, odolnost proti korozi, estetick\u00fd vzhled<\/td>\n<\/tr>\n<tr>\n<td class=\"label\">Aplikace:<\/td>\n<td>Vzd\u011bl\u00e1vac\u00ed sektor, Kancel\u00e1\u0159sk\u00e9 prost\u0159ed\u00ed, Dekorace dom\u016f<\/td>\n<\/tr>\n<tr>\n<td class=\"label\">Kontrola kvality:<\/td>\n<td>D\u016fsledn\u00e9 kontroly kvality v\u010detn\u011b kontroly surovin, sledov\u00e1n\u00ed proces\u016f a testov\u00e1n\u00ed fin\u00e1ln\u00edch v\u00fdrobk\u016f.<\/td>\n<\/tr>\n<tr>\n<td class=\"label\">Balen\u00ed:<\/td>\n<td>Standardn\u00ed exportn\u00ed balen\u00ed<\/td>\n<\/tr>\n<tr>\n<td class=\"label\">Slu\u017eby CNC obr\u00e1b\u011bn\u00ed:<\/td>\n<td>Oh\u00fdb\u00e1n\u00ed, odv\u00edjen\u00ed, sva\u0159ov\u00e1n\u00ed, d\u011brov\u00e1n\u00ed, \u0159ez\u00e1n\u00ed, ostatn\u00ed zak\u00e1zkov\u00e9 obr\u00e1b\u011bn\u00ed<\/td>\n<\/tr>\n<tr>\n<td class=\"label\">Slu\u017eby p\u0159izp\u016fsoben\u00ed:<\/td>\n<td>Podpora ODM\/OEM, individu\u00e1ln\u00ed \u0159e\u0161en\u00ed na z\u00e1klad\u011b specifikac\u00ed klienta<\/td>\n<\/tr>\n<tr>\n<td class=\"label\">V\u00fdhody spole\u010dnosti:<\/td>\n<td>30 let zku\u0161enost\u00ed v oboru, komplexn\u00ed slu\u017eby, flexibiln\u00ed p\u0159izp\u016fsoben\u00ed, profesion\u00e1ln\u00ed technick\u00fd t\u00fdm<\/td>\n<\/tr>\n<tr>\n<td class=\"label\">Zaji\u0161t\u011bn\u00ed kvality:<\/td>\n<td>Z\u00e1vazek k vysoce kvalitn\u00edm v\u00fdrobk\u016fm s p\u0159\u00edsn\u00fdmi opat\u0159en\u00edmi pro kontrolu kvality<\/td>\n<\/tr>\n<\/table>\n<h2>Na\u0161e v\u00fdrobn\u00ed z\u00e1kladna<\/h2>\n<h3>Panorama tov\u00e1rny<\/h3>\n<p><img decoding=\"async\" src=\"\/wp-content\/uploads\/factory-01.webp\"\/><\/p>\n<h3>D\u00edlna na v\u00fdrobu hlin\u00edkov\u00fdch ty\u010d\u00ed<\/h3>\n<p><img decoding=\"async\" src=\"\/wp-content\/uploads\/factory-02.webp\"\/><\/p>\n<p><img decoding=\"async\" src=\"\/wp-content\/uploads\/factory-03.webp\"\/><\/p>\n<h3>Sklad pl\u00edsn\u00ed<\/h3>\n<p><img decoding=\"async\" src=\"\/wp-content\/uploads\/factory-04.webp\"\/><\/p>\n<h3>43 linek na vytla\u010dov\u00e1n\u00ed hlin\u00edku (500 - 5500 tun)<\/h3>\n<p><img decoding=\"async\" src=\"\/wp-content\/uploads\/factory-05.webp\"\/><\/p>\n<p><img decoding=\"async\" src=\"\/wp-content\/uploads\/factory-06.webp\"\/><\/p>\n<p><img decoding=\"async\" src=\"\/wp-content\/uploads\/factory-07.webp\"\/><\/p>\n<h3>D\u00edlna pr\u00e1\u0161kov\u00e9ho lakov\u00e1n\u00ed<\/h3>\n<p><img decoding=\"async\" src=\"\/wp-content\/uploads\/factory-09.webp\"\/><\/p>\n<h3>D\u00edlna eloxov\u00e1n\u00ed<\/h3>\n<p><img decoding=\"async\" src=\"\/wp-content\/uploads\/factory-10.webp\"\/><\/p>\n<h3>Workshop o hloubkov\u00e9m zpracov\u00e1n\u00ed<\/h3>\n<p><img decoding=\"async\" src=\"\/wp-content\/uploads\/factory-11.webp\"\/><\/p>\n<h3>D\u00edlna CNC p\u0159esn\u00e9ho obr\u00e1b\u011bn\u00ed<\/h3>\n<p><img decoding=\"async\" src=\"\/wp-content\/uploads\/factory-11.5.webp\"\/><\/p>\n<h3>Sklad hotov\u00fdch v\u00fdrobk\u016f a exportn\u00ed sklad<\/h3>\n<p><img decoding=\"async\" src=\"\/wp-content\/uploads\/factory-12.webp\"\/><\/p>\n<p><img decoding=\"async\" src=\"\/wp-content\/uploads\/factory-13.webp\"\/><\/p>\n<p><img decoding=\"async\" src=\"\/wp-content\/uploads\/factory-14.webp\"\/><\/p>\n<h2>\u010cASTO KLADEN\u00c9 DOTAZY<\/h2>\n<p><p><b>1.What jsou hlin\u00edkov\u00e9 vytla\u010dov\u00e1n\u00ed tabule tabule r\u00e1m hlin\u00edkov\u00e9 profily? <\/b><\/p>\n<p> Jedn\u00e1 se o speci\u00e1ln\u011b navr\u017een\u00e9 extrudovan\u00e9 hlin\u00edkov\u00e9 profily, kter\u00e9 se pou\u017e\u00edvaj\u00ed k r\u00e1mov\u00e1n\u00ed tabul\u00ed a b\u00edl\u00fdch tabul\u00ed a poskytuj\u00ed konstruk\u010dn\u00ed podporu a elegantn\u00ed, odoln\u00fd okraj.<br \/>\n<\/p><br \/>\n<br \/>\n<p><b>2.Jak\u00e9 jsou v\u00fdhody pou\u017eit\u00ed hlin\u00edkov\u00fdch profil\u016f pro r\u00e1my tabul\u00ed a tabulek? <\/b><\/p>\n<p> Hlin\u00edkov\u00e9 profily nab\u00edzej\u00ed lehkou pevnost, odolnost proti korozi, \u010distou estetiku a dlouhou \u017eivotnost pro v\u00fdukov\u00e9 a kancel\u00e1\u0159sk\u00e9 tabule.<br \/>\n<\/p><br \/>\n<br \/>\n<p><b>3.Pro\u010d zvolit hlin\u00edkov\u00fd v\u00fdlisek pro r\u00e1my tabul\u00ed a tabulek? <\/b><\/p>\n<p> Hlin\u00edkov\u00fd v\u00fdlisek umo\u017e\u0148uje p\u0159esn\u00e9 tvarov\u00e1n\u00ed, hladk\u00fd povrch a snadnou mont\u00e1\u017e, tak\u017ee je ide\u00e1ln\u00ed pro modern\u00ed, profesion\u00e1ln\u011b vypadaj\u00edc\u00ed r\u00e1my desek.<br \/>\n<\/p><br \/>\n<br \/>\n<p><b>4.Kde se b\u011b\u017en\u011b pou\u017e\u00edvaj\u00ed profily hlin\u00edkov\u00fdch r\u00e1m\u016f? <\/b><\/p>\n<p> Tyto profily se pou\u017e\u00edvaj\u00ed v u\u010debn\u00e1ch, konferen\u010dn\u00edch m\u00edstnostech, kancel\u00e1\u0159\u00edch a \u0161kolic\u00edch st\u0159edisc\u00edch k or\u00e1mov\u00e1n\u00ed tabul\u00ed, b\u00edl\u00fdch tabul\u00ed a sklen\u011bn\u00fdch psac\u00edch tabul\u00ed.<br \/>\n<\/p><br \/>\n<br \/>\n<p><b>5.Jsou hlin\u00edkov\u00e9 r\u00e1mov\u00e9 profily odoln\u00e9 proti korozi a opot\u0159eben\u00ed? <\/b><\/p>\n<p> Ano, hlin\u00edkov\u00e9 profily r\u00e1m\u016f desek jsou p\u0159irozen\u011b odoln\u00e9 proti korozi a mohou b\u00fdt eloxov\u00e1ny nebo opat\u0159eny povlakem pro zv\u00fd\u0161en\u00ed tvrdosti a odolnosti povrchu.<br \/>\n<\/p><br \/>\n<br \/>\n<p><b>6.Can hlin\u00edkov\u00e9 vytla\u010dovac\u00ed desky r\u00e1my b\u00fdt p\u0159izp\u016fsobeny? <\/b><\/p>\n<p> Hlin\u00edkov\u00e9 r\u00e1mov\u00e9 profily lze p\u0159izp\u016fsobit tvaru, tlou\u0161\u0165ce, d\u00e9lce, proveden\u00ed roh\u016f a povrchov\u00e9 \u00faprav\u011b tak, aby odpov\u00eddaly r\u016fzn\u00fdm typ\u016fm a velikostem desek.<br \/>\n<\/p><br \/>\n<br \/>\n<p><b>7.Jak\u00e9 povrchov\u00e9 \u00fapravy jsou k dispozici pro hlin\u00edkov\u00e9 r\u00e1my tabul\u00ed a b\u00edl\u00fdch tabul\u00ed? <\/b><\/p>\n<p> Mezi b\u011b\u017en\u00e9 povrchov\u00e9 \u00fapravy pat\u0159\u00ed eloxovan\u00e1 st\u0159\u00edbrn\u00e1, matn\u00e1 \u010dern\u00e1, pr\u00e1\u0161kov\u00e9 barvy a kart\u00e1\u010dovan\u00e9 povrchy pro funk\u010dn\u00ed i dekorativn\u00ed \u00fa\u010dely.<br \/>\n<\/p><br \/>\n<br \/>\n<p><b>8.Zlep\u0161uj\u00ed hlin\u00edkov\u00e9 profily vzhled psac\u00edch desek? <\/b><\/p>\n<p> Ano, hlin\u00edkov\u00e9 r\u00e1my poskytuj\u00ed modern\u00ed vzhled s \u010dist\u00fdmi hranami, kter\u00fd zvy\u0161uje celkov\u00fd vzhled a profesionalitu tabul\u00ed a tabulek.<br \/>\n<\/p><br \/>\n<br \/>\n<p><b>9.Je instalace hlin\u00edkov\u00fdch vytla\u010dovac\u00edch deskov\u00fdch r\u00e1m\u016f snadn\u00e1? <\/b><\/p>\n<p> Ano, jsou navr\u017eeny pro jednoduchou mont\u00e1\u017e, \u010dasto s pou\u017eit\u00edm rohov\u00fdch konektor\u016f a mont\u00e1\u017en\u00edch konzol pro rychlou a bezpe\u010dnou instalaci.<br \/>\n<\/p><br \/>\n<br \/>\n<p><b>10.Jak odoln\u00e9 jsou hlin\u00edkov\u00e9 profily pro tabule a tabule? <\/b><\/p>\n<p> Tyto profily jsou vysoce odoln\u00e9, odoln\u00e9 proti po\u0161kr\u00e1b\u00e1n\u00ed a vydr\u017e\u00ed ka\u017edodenn\u00ed pou\u017e\u00edv\u00e1n\u00ed ve vzd\u011bl\u00e1vac\u00edch nebo kancel\u00e1\u0159sk\u00fdch prostor\u00e1ch s vysok\u00fdm provozem.<br \/>\n<\/p><br \/><\/p>","protected":false},"featured_media":6195,"template":"","categories":[58],"class_list":["post-6196","product","type-product","status-publish","has-post-thumbnail","hentry","category-aluminium-extrusion-profiles"],"meta_box":{"hilight_text_group":{"product_hilight_text":"<li>Lightweight and durable aluminum ensures long-lasting frame support<\/li>\r\r\n<li>Clean, professional appearance enhances board aesthetics<\/li>\r\r\n<li>Corrosion-resistant surface for classroom and office environments<\/li>\r\r\n<li>Easy to assemble and install with standard connectors<\/li>\r\r\n<li>Customizable sizes and finishes to fit various board designs<\/li>","product_chanpin_chanpin":"<li><a href=\"https:\/\/sinoextrud.com\/product\/aluminum-extrusion-aluminum-cladding-profile-wood-look-grain-aluminum-panels\/\" target=\"_blank\">Aluminum Extrusion Aluminum Cladding Profile Wood Look Grain Aluminum Panels<\/a><\/li>\r\n<li><a href=\"https:\/\/sinoextrud.com\/product\/aluminum-extrusion-6005-big-size-industrial-aluminum-profile\/\" target=\"_blank\">Aluminum Extrusion 6005 Big Size Industrial Aluminum Profile<\/a><\/li>\r\n<li><a href=\"https:\/\/sinoextrud.com\/product\/aluminum-extrusion-telescopic-tube-octagon-tube\/\" target=\"_blank\">Aluminum Extrusion Telescopic Tube Octagon Tube<\/a><\/li>\r\n<li><a href=\"https:\/\/sinoextrud.com\/product\/aluminum-extrusion-aluminum-roof-rack-profiles\/\" target=\"_blank\">Aluminum Extrusion Aluminum Roof Rack Profiles<\/a><\/li>\r\n<li><a href=\"https:\/\/sinoextrud.com\/product\/aluminum-extrusion-blackboard-whiteboard-frame-aluminum-profiles\/\" target=\"_blank\">Aluminum Extrusion Blackboard Whiteboard Frame Aluminum Profiles<\/a><\/li>\r\n<li><a href=\"https:\/\/sinoextrud.com\/product\/aluminium-extrusion-anodized-aluminum-profile\/\" target=\"_blank\">Aluminium Extrusion Anodized Aluminum Profile<\/a><\/li>\r\n<li><a href=\"https:\/\/sinoextrud.com\/product\/aluminium-extrusion-wood-grain-aluminum-profile\/\" target=\"_blank\">Aluminium Extrusion Wood Grain Aluminum Profile<\/a><\/li>\r\n<li><a href=\"https:\/\/sinoextrud.com\/product\/aluminum-extrusion-u-channel-profiles\/\" target=\"_blank\">Aluminum Extrusion U Channel Profiles<\/a><\/li>\r\n<li><a href=\"https:\/\/sinoextrud.com\/product\/aluminum-extrusion-car-truck-aluminum-profile\/\" target=\"_blank\">Aluminum Extrusion Car & Truck Aluminum Profile<\/a><\/li>\r\n<li><a href=\"https:\/\/sinoextrud.com\/product\/aluminum-sliding-door-frames-extrusion-profile-with-custom-shape-alloy-6063-for-furnitures-decoration\/\" target=\"_blank\">Aluminum Sliding Door Frames Extrusion Profile With Custom Shape Alloy 6063 For Furnitures Decoration<\/a><\/li>\r\n<li><a href=\"https:\/\/sinoextrud.com\/product\/slotted-aluminum-framing\/\" target=\"_blank\">Slotted Aluminum Framing<\/a><\/li>"},"feature_list":[]},"_links":{"self":[{"href":"https:\/\/sinoextrud.com\/cs\/wp-json\/wp\/v2\/product\/6196","targetHints":{"allow":["GET"]}}],"collection":[{"href":"https:\/\/sinoextrud.com\/cs\/wp-json\/wp\/v2\/product"}],"about":[{"href":"https:\/\/sinoextrud.com\/cs\/wp-json\/wp\/v2\/types\/product"}],"wp:featuredmedia":[{"embeddable":true,"href":"https:\/\/sinoextrud.com\/cs\/wp-json\/wp\/v2\/media\/6195"}],"wp:attachment":[{"href":"https:\/\/sinoextrud.com\/cs\/wp-json\/wp\/v2\/media?parent=6196"}],"wp:term":[{"taxonomy":"category","embeddable":true,"href":"https:\/\/sinoextrud.com\/cs\/wp-json\/wp\/v2\/categories?post=6196"}],"curies":[{"name":"wp","href":"https:\/\/api.w.org\/{rel}","templated":true}]}}