{"id":6192,"date":"2025-05-26T01:37:48","date_gmt":"2025-05-26T01:37:48","guid":{"rendered":"https:\/\/sinoextrud.com\/product\/aluminum-extrusion-telescopic-tube-octagon-tube\/"},"modified":"2025-06-24T03:54:48","modified_gmt":"2025-06-24T03:54:48","slug":"hlinikove-vytlacovani-teleskopicke-trubky-osmihranne-trubky","status":"publish","type":"product","link":"https:\/\/sinoextrud.com\/cs\/product\/aluminum-extrusion-telescopic-tube-octagon-tube\/","title":{"rendered":"Hlin\u00edkov\u00e1 vytla\u010dovac\u00ed teleskopick\u00e1 trubka Octagon Tube"},"content":{"rendered":"<h2>Podrobnosti o produktech<\/h2>\n<table class=\"custom-table\">\n<tr>\n<td class=\"label\">Typ polo\u017eky<\/td>\n<td>Hlin\u00edkov\u00e9 vytla\u010dov\u00e1n\u00ed teleskopick\u00e9 trubky Octagon Tube, teleskopick\u00e9 hlin\u00edkov\u00e9 trubky, hlin\u00edkov\u00e9 trubky Octagon Tube<\/td>\n<\/tr>\n<tr>\n<td class=\"label\">Materi\u00e1l<\/td>\n<td>Hlin\u00edk, hlin\u00edkov\u00e1 slitina<\/td>\n<\/tr>\n<tr>\n<td class=\"label\">T\u0159\u00edda<\/td>\n<td>\u0158ada 6000<\/td>\n<\/tr>\n<tr>\n<td class=\"label\">Velikost<\/td>\n<td>P\u0159izp\u016fsoben\u00e9<\/td>\n<\/tr>\n<tr>\n<td class=\"label\">Tvar<\/td>\n<td>Kulat\u00fd\/\u010dtvercov\u00fd\/obd\u00e9ln\u00edkov\u00fd\/ov\u00e1ln\u00fd\/na m\u00edru<\/td>\n<\/tr>\n<tr>\n<td class=\"label\">Dokon\u010den\u00ed<\/td>\n<td>Ml\u00fdnsk\u00e1 \u00faprava, eloxov\u00e1n\u00ed, pr\u00e1\u0161kov\u00e9 lakov\u00e1n\u00ed, le\u0161t\u011bn\u00ed, galvanick\u00e9 pokovov\u00e1n\u00ed, p\u00edskov\u00e1n\u00ed, kart\u00e1\u010dov\u00e1n\u00ed, kresba d\u0159eva atd.<\/td>\n<\/tr>\n<tr>\n<td class=\"label\">Aplikace<\/td>\n<td>1. Leteck\u00fd pr\u016fmysl, 2. Leteck\u00fd pr\u016fmysl,3. Zdravotnick\u00fd pr\u016fmysl,4. Stavebn\u00ed pr\u016fmysl,5. N\u00e1mo\u0159n\u00ed pr\u016fmysl,6. N\u00e1mo\u0159n\u00ed pr\u016fmysl,7. Automobilov\u00fd pr\u016fmysl<\/td>\n<\/tr>\n<tr>\n<td class=\"label\">D\u00e9lka<\/td>\n<td>P\u0159izp\u016fsoben\u00ed podle po\u017eadavk\u016f<\/td>\n<\/tr>\n<tr>\n<td class=\"label\">Doba dod\u00e1n\u00ed<\/td>\n<td>15-25 dn\u00ed nebo po vyjedn\u00e1v\u00e1n\u00ed<\/td>\n<\/tr>\n<tr>\n<td class=\"label\">Hloubkov\u00fd proces<\/td>\n<td>CNC, vrt\u00e1n\u00ed, fr\u00e9zov\u00e1n\u00ed, \u0159ez\u00e1n\u00ed, lisov\u00e1n\u00ed, sva\u0159ov\u00e1n\u00ed, oh\u00fdb\u00e1n\u00ed, mont\u00e1\u017e<\/td>\n<\/tr>\n<tr>\n<td class=\"label\">Tolerance<\/td>\n<td>\u00b10,01 mm<\/td>\n<\/tr>\n<tr>\n<td class=\"label\">OEM &amp; ODM<\/td>\n<td>P\u0159ijateln\u00e9<\/td>\n<\/tr>\n<tr>\n<td class=\"label\">Balen\u00ed<\/td>\n<td>standardn\u00ed exportn\u00ed balen\u00ed nebo dle dohody<\/td>\n<\/tr>\n<\/table>\n<h2>Na\u0161e v\u00fdrobn\u00ed z\u00e1kladna<\/h2>\n<h3>Panorama tov\u00e1rny<\/h3>\n<p><img decoding=\"async\" src=\"\/wp-content\/uploads\/factory-01.webp\"\/><\/p>\n<h3>D\u00edlna na v\u00fdrobu hlin\u00edkov\u00fdch ty\u010d\u00ed<\/h3>\n<p><img decoding=\"async\" src=\"\/wp-content\/uploads\/factory-02.webp\"\/><\/p>\n<p><img decoding=\"async\" src=\"\/wp-content\/uploads\/factory-03.webp\"\/><\/p>\n<h3>Sklad pl\u00edsn\u00ed<\/h3>\n<p><img decoding=\"async\" src=\"\/wp-content\/uploads\/factory-04.webp\"\/><\/p>\n<h3>43 linek na vytla\u010dov\u00e1n\u00ed hlin\u00edku (500-5500 tun)<\/h3>\n<p><img decoding=\"async\" src=\"\/wp-content\/uploads\/factory-05.webp\"\/><\/p>\n<p><img decoding=\"async\" src=\"\/wp-content\/uploads\/factory-06.webp\"\/><\/p>\n<p><img decoding=\"async\" src=\"\/wp-content\/uploads\/factory-07.webp\"\/><\/p>\n<h3>D\u00edlna pr\u00e1\u0161kov\u00e9ho lakov\u00e1n\u00ed<\/h3>\n<p><img decoding=\"async\" src=\"\/wp-content\/uploads\/factory-09.webp\"\/><\/p>\n<h3>D\u00edlna eloxov\u00e1n\u00ed<\/h3>\n<p><img decoding=\"async\" src=\"\/wp-content\/uploads\/factory-10.webp\"\/><\/p>\n<h3>Workshop o hloubkov\u00e9m zpracov\u00e1n\u00ed<\/h3>\n<p><img decoding=\"async\" src=\"\/wp-content\/uploads\/factory-11.webp\"\/><\/p>\n<h3>D\u00edlna CNC p\u0159esn\u00e9ho obr\u00e1b\u011bn\u00ed<\/h3>\n<p><img decoding=\"async\" src=\"\/wp-content\/uploads\/factory-11.5.webp\"\/><\/p>\n<h3>Sklad hotov\u00fdch v\u00fdrobk\u016f a exportn\u00ed sklad<\/h3>\n<p><img decoding=\"async\" src=\"\/wp-content\/uploads\/factory-12.webp\"\/><\/p>\n<p><img decoding=\"async\" src=\"\/wp-content\/uploads\/factory-13.webp\"\/><\/p>\n<p><img decoding=\"async\" src=\"\/wp-content\/uploads\/factory-14.webp\"\/><\/p>\n<h2>\u010cASTO KLADEN\u00c9 DOTAZY<\/h2>\n<p><p><b>1.Co je hlin\u00edkov\u00e1 vytla\u010dovac\u00ed teleskopick\u00e1 trubka osmihrann\u00e1 trubka? <\/b><\/p>\n<p> Jedn\u00e1 se o teleskopickou hlin\u00edkovou trubku s osmi\u00faheln\u00edkov\u00fdm pr\u016f\u0159ezem, vyrobenou vytla\u010dov\u00e1n\u00edm, kter\u00e1 se b\u011b\u017en\u011b pou\u017e\u00edv\u00e1 v nastaviteln\u00fdch konstrukc\u00edch, sto\u017e\u00e1rech a podp\u011brn\u00fdch syst\u00e9mech.<br \/>\n<\/p><br \/>\n<br \/>\n<p><b>2.Jak\u00e9 jsou v\u00fdhody hlin\u00edkov\u00fdch osmihrann\u00fdch teleskopick\u00fdch trubek? <\/b><\/p>\n<p> Hlin\u00edkov\u00e9 osmihrann\u00e9 teleskopick\u00e9 trubky nab\u00edzej\u00ed vysokou pevnost, odolnost proti korozi, lehkou konstrukci a bezpe\u010dn\u00e9 propojen\u00ed pro nastaviteln\u00e9 nebo v\u00fdsuvn\u00e9 aplikace.<br \/>\n<\/p><br \/>\n<br \/>\n<p><b>3.Pro\u010d zvolit osmi\u00faheln\u00edkov\u00fd tvar pro teleskopick\u00e9 hlin\u00edkov\u00e9 trubky? <\/b><\/p>\n<p> Osmi\u00faheln\u00edkov\u00fd tvar zaji\u0161\u0165uje lep\u0161\u00ed stabilitu proti ot\u00e1\u010den\u00ed a pevnost konstrukce ve srovn\u00e1n\u00ed s kulat\u00fdmi trubkami, co\u017e je ide\u00e1ln\u00ed pro aplikace vy\u017eaduj\u00edc\u00ed p\u0159esn\u00e9 vyrovn\u00e1n\u00ed.<br \/>\n<\/p><br \/>\n<br \/>\n<p><b>4.Kde se b\u011b\u017en\u011b pou\u017e\u00edvaj\u00ed hlin\u00edkov\u00e9 teleskopick\u00e9 osmihrann\u00e9 trubky? <\/b><\/p>\n<p> Tyto trubky se pou\u017e\u00edvaj\u00ed v teleskopick\u00fdch sto\u017e\u00e1rech, ant\u00e9nn\u00edch sto\u017e\u00e1rech, stojanech, p\u0159enosn\u00fdch osv\u011btlovac\u00edch za\u0159\u00edzen\u00edch a nastaviteln\u00fdch mechanick\u00fdch syst\u00e9mech.<br \/>\n<\/p><br \/>\n<br \/>\n<p><b>5.Je hlin\u00edkov\u00fd v\u00fdlisek vhodn\u00fd pro konstrukce teleskopick\u00fdch trubek? <\/b><\/p>\n<p> Ano, vytla\u010dov\u00e1n\u00ed hlin\u00edku umo\u017e\u0148uje p\u0159esnou kontrolu rozm\u011br\u016f a tlou\u0161\u0165ky st\u011bn, co\u017e zaji\u0161\u0165uje bezprobl\u00e9movou funkci teleskopu a vysokou konstruk\u010dn\u00ed integritu.<br \/>\n<\/p><br \/>\n<br \/>\n<p><b>6.Jsou teleskopick\u00e9 osmihrann\u00e9 hlin\u00edkov\u00e9 trubky odoln\u00e9 proti korozi? <\/b><\/p>\n<p> Hlin\u00edk je p\u0159irozen\u011b odoln\u00fd proti korozi a m\u016f\u017ee b\u00fdt eloxov\u00e1n pro zv\u00fd\u0161en\u00ed odolnosti ve venkovn\u00edm nebo mo\u0159sk\u00e9m prost\u0159ed\u00ed.<br \/>\n<\/p><br \/>\n<br \/>\n<p><b>7.Lze hlin\u00edkov\u00e9 teleskopick\u00e9 trubky p\u0159izp\u016fsobit? <\/b><\/p>\n<p> Ano, teleskopick\u00e9 osmihrann\u00e9 trubky lze p\u0159izp\u016fsobit d\u00e9lce, tlou\u0161\u0165ce st\u011bny, povrchov\u00e9 \u00faprav\u011b a uzamykac\u00edmu mechanismu tak, aby vyhovovaly specifick\u00fdm technick\u00fdm pot\u0159eb\u00e1m.<br \/>\n<\/p><br \/>\n<br \/>\n<p><b>8.Jak funguje teleskopick\u00e1 funkce u osmihrann\u00fdch trubek? <\/b><\/p>\n<p> Men\u0161\u00ed hlin\u00edkov\u00e1 trubka se hladce zasouv\u00e1 do v\u011bt\u0161\u00ed osmihrann\u00e9 trubky s minim\u00e1ln\u00ed v\u016fl\u00ed a \u010dasto se zaji\u0161\u0165uje pomoc\u00ed svorek nebo tla\u010d\u00edtkov\u00fdch zaji\u0161\u0165ovac\u00edch syst\u00e9m\u016f.<br \/>\n<\/p><br \/>\n<br \/>\n<p><b>9.Jak\u00e9 povrchov\u00e9 \u00fapravy jsou k dispozici pro hlin\u00edkov\u00e9 teleskopick\u00e9 osmihrann\u00e9 trubky? <\/b><\/p>\n<p> K dispozici jsou fr\u00e9zovan\u00e9, eloxovan\u00e9 a pr\u00e1\u0161kov\u011b lakovan\u00e9 povrchy, kter\u00e9 zlep\u0161uj\u00ed vzhled, p\u0159ilnavost a odolnost v\u016f\u010di \u017eivotn\u00edmu prost\u0159ed\u00ed.<br \/>\n<\/p><br \/>\n<br \/>\n<p><b>10.Podporuj\u00ed teleskopick\u00e9 osmihrann\u00e9 trubky z hlin\u00edkov\u00e9ho v\u00fdlisku n\u00e1ro\u010dn\u00e9 pou\u017eit\u00ed? <\/b><\/p>\n<p> Ano, d\u00edky sv\u00e9 geometrick\u00e9 stabilit\u011b a pevnosti materi\u00e1lu jsou ide\u00e1ln\u00ed pro nosn\u00e9, nastaviteln\u00e9 aplikace v pr\u016fmyslov\u00e9m a komer\u010dn\u00edm prost\u0159ed\u00ed.<br \/>\n<\/p><br \/><\/p>","protected":false},"featured_media":6191,"template":"","categories":[58],"class_list":["post-6192","product","type-product","status-publish","has-post-thumbnail","hentry","category-aluminium-extrusion-profiles"],"meta_box":{"hilight_text_group":{"product_hilight_text":"<li>Telescopic design allows adjustable length for versatile applications<\/li>\r\r\n<li>Octagon shape provides enhanced structural strength and stability<\/li>\r\r\n<li>Lightweight aluminum for easy handling and transport<\/li>\r\r\n<li>Corrosion-resistant surface suitable for indoor and outdoor use<\/li>\r\r\n<li>Ideal for flagpoles, tent frames, and extension mechanisms<\/li>","product_chanpin_chanpin":"<li><a href=\"https:\/\/sinoextrud.com\/product\/aluminium-u-channel\/\" target=\"_blank\">Aluminium U Channel<\/a><\/li>\r\n<li><a href=\"https:\/\/sinoextrud.com\/product\/aluminum-profile-roller-blinds-rails\/\" target=\"_blank\">Aluminum Profile Roller Blinds Rails<\/a><\/li>\r\n<li><a href=\"https:\/\/sinoextrud.com\/product\/aluminum-extrusion-aluminum-cladding-profile-wood-look-grain-aluminum-panels\/\" target=\"_blank\">Aluminum Extrusion Aluminum Cladding Profile Wood Look Grain Aluminum Panels<\/a><\/li>\r\n<li><a href=\"https:\/\/sinoextrud.com\/product\/aluminum-extrusion-6005-big-size-industrial-aluminum-profile\/\" target=\"_blank\">Aluminum Extrusion 6005 Big Size Industrial Aluminum Profile<\/a><\/li>\r\n<li><a href=\"https:\/\/sinoextrud.com\/product\/aluminum-extrusion-telescopic-tube-octagon-tube\/\" target=\"_blank\">Aluminum Extrusion Telescopic Tube Octagon Tube<\/a><\/li>\r\n<li><a href=\"https:\/\/sinoextrud.com\/product\/aluminum-extrusion-aluminum-roof-rack-profiles\/\" target=\"_blank\">Aluminum Extrusion Aluminum Roof Rack Profiles<\/a><\/li>\r\n<li><a href=\"https:\/\/sinoextrud.com\/product\/aluminum-extrusion-blackboard-whiteboard-frame-aluminum-profiles\/\" target=\"_blank\">Aluminum Extrusion Blackboard Whiteboard Frame Aluminum Profiles<\/a><\/li>\r\n<li><a href=\"https:\/\/sinoextrud.com\/product\/aluminium-extrusion-anodized-aluminum-profile\/\" target=\"_blank\">Aluminium Extrusion Anodized Aluminum Profile<\/a><\/li>\r\n<li><a href=\"https:\/\/sinoextrud.com\/product\/aluminium-extrusion-wood-grain-aluminum-profile\/\" target=\"_blank\">Aluminium Extrusion Wood Grain Aluminum Profile<\/a><\/li>\r\n<li><a href=\"https:\/\/sinoextrud.com\/product\/aluminum-corner-extrusion-profiles\/\" target=\"_blank\">Aluminum Corner Extrusion Profiles<\/a><\/li>\r\n<li><a href=\"https:\/\/sinoextrud.com\/product\/extruded-aluminium-track\/\" target=\"_blank\">Extruded Aluminium Track<\/a><\/li>"},"feature_list":[]},"_links":{"self":[{"href":"https:\/\/sinoextrud.com\/cs\/wp-json\/wp\/v2\/product\/6192","targetHints":{"allow":["GET"]}}],"collection":[{"href":"https:\/\/sinoextrud.com\/cs\/wp-json\/wp\/v2\/product"}],"about":[{"href":"https:\/\/sinoextrud.com\/cs\/wp-json\/wp\/v2\/types\/product"}],"wp:featuredmedia":[{"embeddable":true,"href":"https:\/\/sinoextrud.com\/cs\/wp-json\/wp\/v2\/media\/6191"}],"wp:attachment":[{"href":"https:\/\/sinoextrud.com\/cs\/wp-json\/wp\/v2\/media?parent=6192"}],"wp:term":[{"taxonomy":"category","embeddable":true,"href":"https:\/\/sinoextrud.com\/cs\/wp-json\/wp\/v2\/categories?post=6192"}],"curies":[{"name":"wp","href":"https:\/\/api.w.org\/{rel}","templated":true}]}}