{"id":6190,"date":"2025-05-26T01:34:23","date_gmt":"2025-05-26T01:34:23","guid":{"rendered":"https:\/\/sinoextrud.com\/product\/aluminum-extrusion-6005-big-size-industrial-aluminum-profile\/"},"modified":"2025-06-24T03:54:46","modified_gmt":"2025-06-24T03:54:46","slug":"hlinikovy-vylisek-6005-velke-velikosti-prumyslovy-hlinikovy-profil","status":"publish","type":"product","link":"https:\/\/sinoextrud.com\/cs\/product\/aluminum-extrusion-6005-big-size-industrial-aluminum-profile\/","title":{"rendered":"Hlin\u00edkov\u00e9 vytla\u010dov\u00e1n\u00ed 6005 Velk\u00e1 velikost pr\u016fmyslov\u00fd hlin\u00edkov\u00fd profil"},"content":{"rendered":"<h2>Podrobnosti o produktech<\/h2>\n<table class=\"custom-table\">\n<tr>\n<td class=\"label\">N\u00e1zev produktu<\/td>\n<td>Hlin\u00edkov\u00e9 vytla\u010dov\u00e1n\u00ed 6005 Velk\u00e1 velikost pr\u016fmyslov\u00fd hlin\u00edkov\u00fd profil<\/td>\n<\/tr>\n<tr>\n<td class=\"label\">Materi\u00e1l<\/td>\n<td>Hlin\u00edkov\u00fd profil \u0159ady 6000, 6005<\/td>\n<\/tr>\n<tr>\n<td class=\"label\">Sortiment v\u00fdrobk\u016f<\/td>\n<td>Vytla\u010dov\u00e1n\u00ed hlin\u00edku pro pr\u016fmyslov\u00e9 hlin\u00edkov\u00e9 profily, velkorozm\u011brov\u00e9 hlin\u00edkov\u00e9 profily, hlin\u00edkov\u00e9 profily pro strojn\u00ed za\u0159\u00edzen\u00ed atd.<\/td>\n<\/tr>\n<tr>\n<td class=\"label\">Tvar<\/td>\n<td>P\u0159izp\u016fsoben\u00ed<\/td>\n<\/tr>\n<tr>\n<td class=\"label\">Aplikace<\/td>\n<td>Stavebnictv\u00ed, doprava, stroje a za\u0159\u00edzen\u00ed atd.<\/td>\n<\/tr>\n<tr>\n<td class=\"label\">Povrchov\u00e1 \u00faprava<\/td>\n<td>fr\u00e9zov\u00e1n\u00ed, eloxov\u00e1n\u00ed, d\u0159ev\u011bn\u00e1 struktura, povrchov\u00e1 \u00faprava, p\u00edskov\u00e1n\u00ed, elektrofor\u00e9za, kart\u00e1\u010dov\u00e1n\u00ed, le\u0161t\u011bn\u00ed atd.<\/td>\n<\/tr>\n<tr>\n<td class=\"label\">Hloubkov\u00e9 zpracov\u00e1n\u00ed CNC<\/td>\n<td>\u0159ez\u00e1n\u00ed, vrt\u00e1n\u00ed, obr\u00e1b\u011bn\u00ed, d\u011brov\u00e1n\u00ed, oh\u00fdb\u00e1n\u00ed, z\u00e1vitov\u00e1n\u00ed atd.<\/td>\n<\/tr>\n<tr>\n<td class=\"label\">Standardn\u00ed<\/td>\n<td>St\u0159edn\u00ed a vysok\u00e1 kvalita<\/td>\n<\/tr>\n<tr>\n<td class=\"label\">Certifikace<\/td>\n<td>CE, ISO, SGS, TUV, ROHS<\/td>\n<\/tr>\n<tr>\n<td class=\"label\">Vzorky<\/td>\n<td>vzorek zdarma. Dod\u00e1n\u00ed do 1-3 dn\u016f.<\/td>\n<\/tr>\n<tr>\n<td class=\"label\">MOQ<\/td>\n<td>200 kg pro ka\u017ed\u00fd profil<\/td>\n<\/tr>\n<tr>\n<td class=\"label\">Doba dod\u00e1n\u00ed<\/td>\n<td>P\u0159ibli\u017en\u011b 15-21 dn\u00ed.<\/td>\n<\/tr>\n<tr>\n<td class=\"label\">Platebn\u00ed podm\u00ednky<\/td>\n<td>30% z\u00e1loha p\u0159ed v\u00fdrobou a z\u016fstatek p\u0159ed odesl\u00e1n\u00edm.<\/td>\n<\/tr>\n<\/table>\n<h2>Na\u0161e v\u00fdrobn\u00ed z\u00e1kladna<\/h2>\n<h3>Panorama tov\u00e1rny<\/h3>\n<p><img decoding=\"async\" src=\"\/wp-content\/uploads\/factory-01.webp\"\/><\/p>\n<h3>D\u00edlna na v\u00fdrobu hlin\u00edkov\u00fdch ty\u010d\u00ed<\/h3>\n<p><img decoding=\"async\" src=\"\/wp-content\/uploads\/factory-02.webp\"\/><\/p>\n<p><img decoding=\"async\" src=\"\/wp-content\/uploads\/factory-03.webp\"\/><\/p>\n<h3>Sklad pl\u00edsn\u00ed<\/h3>\n<p><img decoding=\"async\" src=\"\/wp-content\/uploads\/factory-04.webp\"\/><\/p>\n<h3>43 linek na vytla\u010dov\u00e1n\u00ed hlin\u00edku (500 - 5500 tun)<\/h3>\n<p><img decoding=\"async\" src=\"\/wp-content\/uploads\/factory-05.webp\"\/><\/p>\n<p><img decoding=\"async\" src=\"\/wp-content\/uploads\/factory-06.webp\"\/><\/p>\n<p><img decoding=\"async\" src=\"\/wp-content\/uploads\/factory-07.webp\"\/><\/p>\n<h3>D\u00edlna pr\u00e1\u0161kov\u00e9ho lakov\u00e1n\u00ed<\/h3>\n<p><img decoding=\"async\" src=\"\/wp-content\/uploads\/factory-09.webp\"\/><\/p>\n<h3>D\u00edlna eloxov\u00e1n\u00ed<\/h3>\n<p><img decoding=\"async\" src=\"\/wp-content\/uploads\/factory-10.webp\"\/><\/p>\n<h3>Workshop o hloubkov\u00e9m zpracov\u00e1n\u00ed<\/h3>\n<p><img decoding=\"async\" src=\"\/wp-content\/uploads\/factory-11.webp\"\/><\/p>\n<h3>D\u00edlna CNC p\u0159esn\u00e9ho obr\u00e1b\u011bn\u00ed<\/h3>\n<p><img decoding=\"async\" src=\"\/wp-content\/uploads\/factory-11.5.webp\"\/><\/p>\n<h3>Sklad hotov\u00fdch v\u00fdrobk\u016f a exportn\u00ed sklad<\/h3>\n<p><img decoding=\"async\" src=\"\/wp-content\/uploads\/factory-12.webp\"\/><\/p>\n<p><img decoding=\"async\" src=\"\/wp-content\/uploads\/factory-13.webp\"\/><\/p>\n<p><img decoding=\"async\" src=\"\/wp-content\/uploads\/factory-14.webp\"\/><\/p>\n<h2>\u010cASTO KLADEN\u00c9 DOTAZY<\/h2>\n<p><p><b>1.What je hlin\u00edkov\u00fd v\u00fdlisek 6005 velk\u00e9 velikosti pr\u016fmyslov\u00fd hlin\u00edkov\u00fd profil? <\/b><\/p>\n<p> Jedn\u00e1 se o velkoplo\u0161n\u00fd extrudovan\u00fd hlin\u00edkov\u00fd profil vyroben\u00fd ze slitiny 6005, ur\u010den\u00fd pro n\u00e1ro\u010dn\u00e9 pr\u016fmyslov\u00e9 aplikace vy\u017eaduj\u00edc\u00ed pevnost, trvanlivost a odolnost proti korozi.<br \/>\n<\/p><br \/>\n<br \/>\n<p><b>2.Jak\u00e9 jsou v\u00fdhody pou\u017eit\u00ed hlin\u00edku 6005 pro pr\u016fmyslov\u00e9 profily velk\u00fdch rozm\u011br\u016f? <\/b><\/p>\n<p> Hlin\u00edk 6005 m\u00e1 vynikaj\u00edc\u00ed mechanickou pevnost, dobrou odolnost proti korozi a vynikaj\u00edc\u00ed sva\u0159itelnost, tak\u017ee je ide\u00e1ln\u00ed pro konstruk\u010dn\u00ed a pr\u016fmyslov\u00e9 pou\u017eit\u00ed.<br \/>\n<\/p><br \/>\n<br \/>\n<p><b>3.Pro\u010d si vybrat pr\u016fmyslov\u00e9 hlin\u00edkov\u00e9 profily velk\u00fdch rozm\u011br\u016f ze slitiny 6005? <\/b><\/p>\n<p> Velkoform\u00e1tov\u00e9 profily z hlin\u00edkov\u00e9 slitiny 6005 poskytuj\u00ed zv\u00fd\u0161enou nosnost a tuhost pro n\u00e1ro\u010dn\u00e9 aplikace, jako je doprava, automatizace a stavebnictv\u00ed.<br \/>\n<\/p><br \/>\n<br \/>\n<p><b>4.Kde se b\u011b\u017en\u011b pou\u017e\u00edvaj\u00ed hlin\u00edkov\u00e9 vytla\u010dovac\u00ed profily 6005 velk\u00fdch rozm\u011br\u016f? <\/b><\/p>\n<p> Tyto profily se pou\u017e\u00edvaj\u00ed v pr\u016fmyslov\u00fdch plo\u0161in\u00e1ch, r\u00e1mech stroj\u016f, dopravn\u00edch za\u0159\u00edzen\u00edch, sol\u00e1rn\u00edch mont\u00e1\u017en\u00edch syst\u00e9mech a konstruk\u010dn\u00edch r\u00e1mc\u00edch.<br \/>\n<\/p><br \/>\n<br \/>\n<p><b>5.Jak siln\u00e9 jsou hlin\u00edkov\u00e9 vytla\u010dovac\u00ed profily 6005? <\/b><\/p>\n<p> Hlin\u00edk 6005 poskytuje st\u0159edn\u00ed a\u017e vysokou pevnost s dobrou hou\u017eevnatost\u00ed a je vhodn\u00fd pro aplikace, kde je d\u016fle\u017eit\u00e1 jak struktur\u00e1ln\u00ed integrita, tak tvarovatelnost.<br \/>\n<\/p><br \/>\n<br \/>\n<p><b>6.Je hlin\u00edk 6005 odoln\u00fd proti korozi? <\/b><\/p>\n<p> Ano, hlin\u00edk 6005 m\u00e1 dobrou odolnost proti korozi, zejm\u00e9na ve venkovn\u00edm a pr\u016fmyslov\u00e9m prost\u0159ed\u00ed, a m\u016f\u017ee b\u00fdt eloxov\u00e1n pro zv\u00fd\u0161en\u00ed ochrany.<br \/>\n<\/p><br \/>\n<br \/>\n<p><b>7.Can 6005 velk\u00e9 velikosti hlin\u00edkov\u00fdch profil\u016f b\u00fdt p\u0159izp\u016fsobeny? <\/b><\/p>\n<p> Pr\u016fmyslov\u00e9 hlin\u00edkov\u00e9 profily 6005 lze samoz\u0159ejm\u011b extrudovat na zak\u00e1zku v r\u016fzn\u00fdch velikostech, tlou\u0161\u0165k\u00e1ch st\u011bn a tvarech, aby spl\u0148ovaly specifick\u00e9 technick\u00e9 po\u017eadavky.<br \/>\n<\/p><br \/>\n<br \/>\n<p><b>8.Jsou velk\u00e9 hlin\u00edkov\u00e9 profily 6005 vhodn\u00e9 pro sva\u0159ov\u00e1n\u00ed a obr\u00e1b\u011bn\u00ed? <\/b><\/p>\n<p> Ano, hlin\u00edk 6005 m\u00e1 vynikaj\u00edc\u00ed sva\u0159itelnost a dobrou obrobitelnost, tak\u017ee je ide\u00e1ln\u00ed pro v\u00fdrobu slo\u017eit\u00fdch pr\u016fmyslov\u00fdch konstrukc\u00ed.<br \/>\n<\/p><br \/>\n<br \/>\n<p><b>9.Jak\u00e9 povrchov\u00e9 \u00fapravy jsou k dispozici pro hlin\u00edkov\u00e9 vytla\u010dovac\u00ed profily 6005? <\/b><\/p>\n<p> Povrchov\u00e9 \u00fapravy zahrnuj\u00ed fr\u00e9zov\u00e1n\u00ed, eloxov\u00e1n\u00ed, pr\u00e1\u0161kov\u00e9 lakov\u00e1n\u00ed a p\u00edskov\u00e1n\u00ed, kter\u00e9 nab\u00edzej\u00ed funk\u010dn\u00ed ochranu i vizu\u00e1ln\u00ed p\u0159ita\u017elivost.<br \/>\n<\/p><br \/>\n<br \/>\n<p><b>10.Slou\u017e\u00ed hlin\u00edkov\u00e9 profily 6005 velk\u00fdch rozm\u011br\u016f pro n\u00e1ro\u010dn\u00e9 pr\u016fmyslov\u00e9 pou\u017eit\u00ed? <\/b><\/p>\n<p> Ano, d\u00edky sv\u00e9 pevnosti, tuhosti a p\u0159izp\u016fsobiteln\u00e9 konstrukci jsou ide\u00e1ln\u00ed pro n\u00e1ro\u010dn\u00e9 aplikace s vysok\u00fdm zat\u00ed\u017een\u00edm v r\u016fzn\u00fdch pr\u016fmyslov\u00fdch odv\u011btv\u00edch.<br \/>\n<\/p><br \/><\/p>","protected":false},"featured_media":6188,"template":"","categories":[58],"class_list":["post-6190","product","type-product","status-publish","has-post-thumbnail","hentry","category-aluminium-extrusion-profiles"],"meta_box":{"hilight_text_group":{"product_hilight_text":"<li>Made from 6005 alloy, offering high strength and good corrosion resistance<\/li>\r\r\n<li>Designed for heavy-duty industrial applications and large structures<\/li>\r\r\n<li>Excellent machinability and weldability for complex assemblies<\/li>\r\r\n<li>Supports custom extrusion shapes and large cross-sections<\/li>\r\r\n<li>Ideal for automation, transportation, and structural frameworks<\/li>","product_chanpin_chanpin":"<li><a href=\"https:\/\/sinoextrud.com\/product\/aluminium-extrusion-11-5m-ultra-long-mill-finished-profiles\/\" target=\"_blank\">Aluminium Extrusion 11.5m Ultra-long Mill Finished Profiles<\/a><\/li>\r\n<li><a href=\"https:\/\/sinoextrud.com\/product\/aluminium-u-channel\/\" target=\"_blank\">Aluminium U Channel<\/a><\/li>\r\n<li><a href=\"https:\/\/sinoextrud.com\/product\/aluminum-profile-roller-blinds-rails\/\" target=\"_blank\">Aluminum Profile Roller Blinds Rails<\/a><\/li>\r\n<li><a href=\"https:\/\/sinoextrud.com\/product\/aluminum-extrusion-aluminum-cladding-profile-wood-look-grain-aluminum-panels\/\" target=\"_blank\">Aluminum Extrusion Aluminum Cladding Profile Wood Look Grain Aluminum Panels<\/a><\/li>\r\n<li><a href=\"https:\/\/sinoextrud.com\/product\/aluminum-extrusion-6005-big-size-industrial-aluminum-profile\/\" target=\"_blank\">Aluminum Extrusion 6005 Big Size Industrial Aluminum Profile<\/a><\/li>\r\n<li><a href=\"https:\/\/sinoextrud.com\/product\/aluminum-extrusion-telescopic-tube-octagon-tube\/\" target=\"_blank\">Aluminum Extrusion Telescopic Tube Octagon Tube<\/a><\/li>\r\n<li><a href=\"https:\/\/sinoextrud.com\/product\/aluminum-extrusion-aluminum-roof-rack-profiles\/\" target=\"_blank\">Aluminum Extrusion Aluminum Roof Rack Profiles<\/a><\/li>\r\n<li><a href=\"https:\/\/sinoextrud.com\/product\/aluminum-extrusion-blackboard-whiteboard-frame-aluminum-profiles\/\" target=\"_blank\">Aluminum Extrusion Blackboard Whiteboard Frame Aluminum Profiles<\/a><\/li>\r\n<li><a href=\"https:\/\/sinoextrud.com\/product\/aluminium-extrusion-anodized-aluminum-profile\/\" target=\"_blank\">Aluminium Extrusion Anodized Aluminum Profile<\/a><\/li>\r\n<li><a href=\"https:\/\/sinoextrud.com\/product\/cnc-aluminium-profile\/\" target=\"_blank\">CNC aluminium profile<\/a><\/li>\r\n<li><a href=\"https:\/\/sinoextrud.com\/product\/aluminum-extrusion-2024-aluminum-profile\/\" target=\"_blank\">Aluminum Extrusion 2024 Aluminum Profile<\/a><\/li>"},"feature_list":[]},"_links":{"self":[{"href":"https:\/\/sinoextrud.com\/cs\/wp-json\/wp\/v2\/product\/6190","targetHints":{"allow":["GET"]}}],"collection":[{"href":"https:\/\/sinoextrud.com\/cs\/wp-json\/wp\/v2\/product"}],"about":[{"href":"https:\/\/sinoextrud.com\/cs\/wp-json\/wp\/v2\/types\/product"}],"wp:featuredmedia":[{"embeddable":true,"href":"https:\/\/sinoextrud.com\/cs\/wp-json\/wp\/v2\/media\/6188"}],"wp:attachment":[{"href":"https:\/\/sinoextrud.com\/cs\/wp-json\/wp\/v2\/media?parent=6190"}],"wp:term":[{"taxonomy":"category","embeddable":true,"href":"https:\/\/sinoextrud.com\/cs\/wp-json\/wp\/v2\/categories?post=6190"}],"curies":[{"name":"wp","href":"https:\/\/api.w.org\/{rel}","templated":true}]}}