{"id":6182,"date":"2025-05-25T15:47:57","date_gmt":"2025-05-25T15:47:57","guid":{"rendered":"https:\/\/sinoextrud.com\/product\/aluminum-profile-roller-blinds-rails\/"},"modified":"2025-06-24T03:54:42","modified_gmt":"2025-06-24T03:54:42","slug":"hlinikove-profilove-rolety","status":"publish","type":"product","link":"https:\/\/sinoextrud.com\/cs\/product\/aluminum-profile-roller-blinds-rails\/","title":{"rendered":"Hlin\u00edkov\u00e9 profilov\u00e9 \u017ealuzie Rails"},"content":{"rendered":"<h2>Podrobnosti o produktech<\/h2>\n<table class=\"custom-table\">\n<tr>\n<td class=\"label\">N\u00e1zev produktu<\/td>\n<td>Hlin\u00edkov\u00e9 profilov\u00e9 \u017ealuzie kolejnice<\/td>\n<\/tr>\n<tr>\n<td class=\"label\">Sortiment v\u00fdrobk\u016f<\/td>\n<td>hlin\u00edkov\u00e9 v\u00fdlisky pro hlin\u00edkov\u00e9 z\u00e1clonov\u00e9 kolejnice, z\u00e1clonov\u00e9 kolejnice, hlin\u00edkov\u00e9 z\u00e1clonov\u00e9 kolejnice, hlin\u00edkov\u00e9 vodic\u00ed kolejnice rolet, vodic\u00ed kolejnice dopravn\u00edku, hlin\u00edkov\u00e9 z\u00e1clonov\u00e9 kolejnice, bo\u010dn\u00ed kolejnice rolet, hlin\u00edkov\u00e9 z\u00e1clonov\u00e9 kolejnice, hlin\u00edkov\u00e9 vodic\u00ed kolejnice posuvn\u00fdch dve\u0159\u00ed, vodic\u00ed kolejnice dopravn\u00edku, atd.<\/td>\n<\/tr>\n<tr>\n<td class=\"label\">Typy produkt\u016f<\/td>\n<td>hlin\u00edkov\u00e9 kolejnicov\u00e9 profily, kolejnicov\u00fd dopravn\u00edk, z\u00e1clonov\u00e9 kolejnice z hlin\u00edkov\u00e9 slitiny, line\u00e1rn\u00ed p\u00e1sov\u00e1 vodic\u00ed kolejnice, z\u00e1v\u011bsn\u00fd v\u00e1le\u010dek, z\u00e1bradl\u00ed posuvn\u00fdch dve\u0159\u00ed atd.<\/td>\n<\/tr>\n<tr>\n<td class=\"label\">Hlin\u00edkov\u00e1 slitina<\/td>\n<td>\u0158ada 1000, \u0159ada 200, \u0159ada 3000, \u0159ada 5000, \u0159ada 6000, \u0159ada 7000<\/td>\n<\/tr>\n<tr>\n<td class=\"label\">Temperament<\/td>\n<td>T3-T8<\/td>\n<\/tr>\n<tr>\n<td class=\"label\">Tvar<\/td>\n<td>p\u0159izp\u016fsoben\u00ed<\/td>\n<\/tr>\n<tr>\n<td class=\"label\">Barva<\/td>\n<td>p\u0159izp\u016fsoben\u00ed<\/td>\n<\/tr>\n<tr>\n<td class=\"label\">Povrchov\u00e1 \u00faprava<\/td>\n<td>fr\u00e9zov\u00e1n\u00ed, eloxov\u00e1n\u00ed, d\u0159ev\u011bn\u00e1 struktura, povrchov\u00e1 \u00faprava, p\u00edskov\u00e1n\u00ed, elektrofor\u00e9za, kart\u00e1\u010dov\u00e1n\u00ed, le\u0161t\u011bn\u00ed atd.<\/td>\n<\/tr>\n<tr>\n<td class=\"label\">Hloubkov\u00e9 zpracov\u00e1n\u00ed CNC<\/td>\n<td>\u0159ez\u00e1n\u00ed, vrt\u00e1n\u00ed, obr\u00e1b\u011bn\u00ed, d\u011brov\u00e1n\u00ed, oh\u00fdb\u00e1n\u00ed, z\u00e1vitov\u00e1n\u00ed atd.<\/td>\n<\/tr>\n<tr>\n<td class=\"label\">Certifikace<\/td>\n<td>CE, ISO, SGS, TUV, ROHS<\/td>\n<\/tr>\n<tr>\n<td class=\"label\">Vzorky<\/td>\n<td>vzorek zdarma. Dod\u00e1n\u00ed do 1-3 dn\u016f.<\/td>\n<\/tr>\n<tr>\n<td class=\"label\">MOQ<\/td>\n<td>200 kg pro ka\u017ed\u00fd profil<\/td>\n<\/tr>\n<tr>\n<td class=\"label\">Doba dod\u00e1n\u00ed<\/td>\n<td>V\u00fdvoj formy a kontrola vzorku trv\u00e1 12-15 dn\u00ed, v\u00fdroba pak 15-25 dn\u00ed po obdr\u017een\u00ed z\u00e1lohy od kupuj\u00edc\u00edho.<\/td>\n<\/tr>\n<tr>\n<td class=\"label\">Platebn\u00ed podm\u00ednky<\/td>\n<td>30% z\u00e1loha p\u0159ed v\u00fdrobou a z\u016fstatek p\u0159ed odesl\u00e1n\u00edm.<\/td>\n<\/tr>\n<\/table>\n<h2>Na\u0161e v\u00fdrobn\u00ed z\u00e1kladna<\/h2>\n<h3>Panorama tov\u00e1rny<\/h3>\n<p><img decoding=\"async\" src=\"\/wp-content\/uploads\/factory-01.webp\"\/><\/p>\n<h3>D\u00edlna na v\u00fdrobu hlin\u00edkov\u00fdch ty\u010d\u00ed<\/h3>\n<p><img decoding=\"async\" src=\"\/wp-content\/uploads\/factory-02.webp\"\/><\/p>\n<p><img decoding=\"async\" src=\"\/wp-content\/uploads\/factory-03.webp\"\/><\/p>\n<h3>Sklad pl\u00edsn\u00ed<\/h3>\n<p><img decoding=\"async\" src=\"\/wp-content\/uploads\/factory-04.webp\"\/><\/p>\n<h3>43 linek na vytla\u010dov\u00e1n\u00ed hlin\u00edku (500 - 5500 tun)<\/h3>\n<p><img decoding=\"async\" src=\"\/wp-content\/uploads\/factory-05.webp\"\/><\/p>\n<p><img decoding=\"async\" src=\"\/wp-content\/uploads\/factory-06.webp\"\/><\/p>\n<p><img decoding=\"async\" src=\"\/wp-content\/uploads\/factory-07.webp\"\/><\/p>\n<h3>D\u00edlna pr\u00e1\u0161kov\u00e9ho lakov\u00e1n\u00ed<\/h3>\n<p><img decoding=\"async\" src=\"\/wp-content\/uploads\/factory-09.webp\"\/><\/p>\n<h3>D\u00edlna eloxov\u00e1n\u00ed<\/h3>\n<p><img decoding=\"async\" src=\"\/wp-content\/uploads\/factory-10.webp\"\/><\/p>\n<h3>Workshop o hloubkov\u00e9m zpracov\u00e1n\u00ed<\/h3>\n<p><img decoding=\"async\" src=\"\/wp-content\/uploads\/factory-11.webp\"\/><\/p>\n<h3>D\u00edlna CNC p\u0159esn\u00e9ho obr\u00e1b\u011bn\u00ed<\/h3>\n<p><img decoding=\"async\" src=\"\/wp-content\/uploads\/factory-11.5.webp\"\/><\/p>\n<h3>Sklad hotov\u00fdch v\u00fdrobk\u016f a exportn\u00ed sklad<\/h3>\n<p><img decoding=\"async\" src=\"\/wp-content\/uploads\/factory-12.webp\"\/><\/p>\n<p><img decoding=\"async\" src=\"\/wp-content\/uploads\/factory-13.webp\"\/><\/p>\n<p><img decoding=\"async\" src=\"\/wp-content\/uploads\/factory-14.webp\"\/><\/p>\n<h2>\u010cASTO KLADEN\u00c9 DOTAZY<\/h2>\n<p><p><b>1.Co jsou kolejnice hlin\u00edkov\u00fdch profilov\u00fdch rolet? <\/b><\/p>\n<p> Hlin\u00edkov\u00e9 profilov\u00e9 kolejnice pro \u017ealuzie jsou extrudovan\u00e9 hlin\u00edkov\u00e9 kolejnice ur\u010den\u00e9 k podp\u00edr\u00e1n\u00ed a veden\u00ed \u017ealuzi\u00ed v okenn\u00edch st\u00ednic\u00edch syst\u00e9mech.<br \/>\n<\/p><br \/>\n<br \/>\n<p><b>2.Jak\u00e9 jsou v\u00fdhody pou\u017eit\u00ed hlin\u00edkov\u00fdch kolejnic pro rolety? <\/b><\/p>\n<p> Hlin\u00edkov\u00e9 kolejnice nab\u00edzej\u00ed lehkou odolnost, odolnost proti korozi, hladk\u00fd chod a elegantn\u00ed vzhled pro modern\u00ed roletov\u00e9 syst\u00e9my.<br \/>\n<\/p><br \/>\n<br \/>\n<p><b>3.Pro\u010d zvolit hlin\u00edkov\u00e9 profilov\u00e9 li\u0161ty pro rolety? <\/b><\/p>\n<p> Hlin\u00edkov\u00e9 profilov\u00e9 li\u0161ty poskytuj\u00ed pevnou konstruk\u010dn\u00ed podporu, snadno se instaluj\u00ed a zachov\u00e1vaj\u00ed \u010dist\u00fd, minimalistick\u00fd vzhled obytn\u00fdch i komer\u010dn\u00edch interi\u00e9r\u016f.<br \/>\n<\/p><br \/>\n<br \/>\n<p><b>4.Jsou hlin\u00edkov\u00e9 \u017ealuzie vhodn\u00e9 pro v\u0161echny typy \u017ealuzi\u00ed? <\/b><\/p>\n<p> Ano, hlin\u00edkov\u00e9 profilov\u00e9 li\u0161ty jsou kompatibiln\u00ed s ru\u010dn\u00edmi i motorizovan\u00fdmi roletami a lze je p\u0159izp\u016fsobit r\u016fzn\u00fdm velikostem oken a mechanism\u016fm.<br \/>\n<\/p><br \/>\n<br \/>\n<p><b>5.Can hlin\u00edkov\u00e9 rolety kolejnice b\u00fdt p\u0159izp\u016fsobeny? <\/b><\/p>\n<p> Hlin\u00edkov\u00e9 \u017ealuziov\u00e9 li\u0161ty lze samoz\u0159ejm\u011b lisovat v r\u016fzn\u00fdch tvarech, d\u00e9lk\u00e1ch a povrchov\u00fdch \u00faprav\u00e1ch, aby odpov\u00eddaly specifick\u00fdm po\u017eadavk\u016fm na design a instalaci.<br \/>\n<\/p><br \/>\n<br \/>\n<p><b>6.Jsou hlin\u00edkov\u00e9 profilov\u00e9 li\u0161ty odoln\u00e9 proti korozi a opot\u0159eben\u00ed? <\/b><\/p>\n<p> Ano, hlin\u00edkov\u00e9 roletov\u00e9 kolejnice jsou odoln\u00e9 proti korozi a ide\u00e1ln\u00ed pro dlouhodob\u00e9 pou\u017e\u00edv\u00e1n\u00ed ve vlhk\u00e9m nebo slunci vystaven\u00e9m prost\u0159ed\u00ed.<br \/>\n<\/p><br \/>\n<br \/>\n<p><b>7.Zlep\u0161uj\u00ed hlin\u00edkov\u00e9 li\u0161ty funk\u010dnost rolet? <\/b><\/p>\n<p> Ano, precizn\u011b konstruovan\u00e9 hlin\u00edkov\u00e9 kolejnice zaji\u0161\u0165uj\u00ed hlad\u0161\u00ed odvalov\u00e1n\u00ed, ni\u017e\u0161\u00ed hlu\u010dnost a lep\u0161\u00ed vyrovn\u00e1n\u00ed pro efektivn\u00ed st\u00ednic\u00ed v\u00fdkon.<br \/>\n<\/p><br \/>\n<br \/>\n<p><b>8.Jak\u00e9 povrchov\u00e9 \u00fapravy jsou k dispozici pro profily hlin\u00edkov\u00fdch rolet? <\/b><\/p>\n<p> Hlin\u00edkov\u00e9 \u017ealuziov\u00e9 kolejnice se dod\u00e1vaj\u00ed v eloxovan\u00fdch, pr\u00e1\u0161kov\u00fdch nebo lakovan\u00fdch povrchov\u00fdch \u00faprav\u00e1ch, kter\u00e9 se hod\u00ed k okenn\u00edm r\u00e1m\u016fm a interi\u00e9ru.<br \/>\n<\/p><br \/>\n<br \/>\n<p><b>9.Jak snadn\u00e1 je instalace hlin\u00edkov\u00fdch profilov\u00fdch roletov\u00fdch kolejnic? <\/b><\/p>\n<p> Hlin\u00edkov\u00e9 li\u0161ty jsou lehk\u00e9 a p\u0159edem p\u0159ipraven\u00e9 pro snadnou a rychlou instalaci pomoc\u00ed mont\u00e1\u017en\u00edch konzol nebo spon.<br \/>\n<\/p><br \/>\n<br \/>\n<p><b>10.Kde se b\u011b\u017en\u011b pou\u017e\u00edvaj\u00ed hlin\u00edkov\u00e9 profilov\u00e9 roletov\u00e9 li\u0161ty? <\/b><\/p>\n<p> Tyto li\u0161ty se pou\u017e\u00edvaj\u00ed v dom\u00e1cnostech, kancel\u00e1\u0159\u00edch, hotelech a komer\u010dn\u00edch budov\u00e1ch k zast\u00edn\u011bn\u00ed oken, zaji\u0161t\u011bn\u00ed soukrom\u00ed a energetick\u00e9 \u00fa\u010dinnosti.<br \/>\n<\/p><br \/><\/p>","protected":false},"featured_media":6181,"template":"","categories":[58],"class_list":["post-6182","product","type-product","status-publish","has-post-thumbnail","hentry","category-aluminium-extrusion-profiles"],"meta_box":{"hilight_text_group":{"product_hilight_text":"<li>Lightweight and durable aluminum ensures smooth blind operation<\/li>\r\r\n<li>Corrosion-resistant surface ideal for indoor and outdoor use<\/li>\r\r\n<li>Supports manual and motorized roller blind systems<\/li>\r\r\n<li>Custom lengths and finishes available for various window sizes<\/li>\r\r\n<li>Sleek design enhances modern interior aesthetics<\/li>","product_chanpin_chanpin":"<li><a href=\"https:\/\/sinoextrud.com\/product\/aluminium-extrusion-wood-grain-outdoor-louver-aluminum-profile\/\" target=\"_blank\">Aluminium Extrusion Wood Grain Outdoor Louver Aluminum Profile<\/a><\/li>\r\n<li><a href=\"https:\/\/sinoextrud.com\/product\/aluminium-extrusion-caravan-awning-aluminum-profile\/\" target=\"_blank\">Aluminium Extrusion Caravan Awning Aluminum Profile<\/a><\/li>\r\n<li><a href=\"https:\/\/sinoextrud.com\/product\/aluminium-extrusion-11-5m-ultra-long-mill-finished-profiles\/\" target=\"_blank\">Aluminium Extrusion 11.5m Ultra-long Mill Finished Profiles<\/a><\/li>\r\n<li><a href=\"https:\/\/sinoextrud.com\/product\/aluminium-u-channel\/\" target=\"_blank\">Aluminium U Channel<\/a><\/li>\r\n<li><a href=\"https:\/\/sinoextrud.com\/product\/aluminum-profile-roller-blinds-rails\/\" target=\"_blank\">Aluminum Profile Roller Blinds Rails<\/a><\/li>\r\n<li><a href=\"https:\/\/sinoextrud.com\/product\/aluminum-extrusion-aluminum-cladding-profile-wood-look-grain-aluminum-panels\/\" target=\"_blank\">Aluminum Extrusion Aluminum Cladding Profile Wood Look Grain Aluminum Panels<\/a><\/li>\r\n<li><a href=\"https:\/\/sinoextrud.com\/product\/aluminum-extrusion-6005-big-size-industrial-aluminum-profile\/\" target=\"_blank\">Aluminum Extrusion 6005 Big Size Industrial Aluminum Profile<\/a><\/li>\r\n<li><a href=\"https:\/\/sinoextrud.com\/product\/aluminum-extrusion-telescopic-tube-octagon-tube\/\" target=\"_blank\">Aluminum Extrusion Telescopic Tube Octagon Tube<\/a><\/li>\r\n<li><a href=\"https:\/\/sinoextrud.com\/product\/aluminum-extrusion-aluminum-roof-rack-profiles\/\" target=\"_blank\">Aluminum Extrusion Aluminum Roof Rack Profiles<\/a><\/li>\r\n<li><a href=\"https:\/\/sinoextrud.com\/product\/aluminum-window\/\" target=\"_blank\">Aluminum Window<\/a><\/li>\r\n<li><a href=\"https:\/\/sinoextrud.com\/product\/sliding-window-aluminum-window-track\/\" target=\"_blank\">Sliding Window Aluminum Window Track<\/a><\/li>"},"feature_list":[]},"_links":{"self":[{"href":"https:\/\/sinoextrud.com\/cs\/wp-json\/wp\/v2\/product\/6182","targetHints":{"allow":["GET"]}}],"collection":[{"href":"https:\/\/sinoextrud.com\/cs\/wp-json\/wp\/v2\/product"}],"about":[{"href":"https:\/\/sinoextrud.com\/cs\/wp-json\/wp\/v2\/types\/product"}],"wp:featuredmedia":[{"embeddable":true,"href":"https:\/\/sinoextrud.com\/cs\/wp-json\/wp\/v2\/media\/6181"}],"wp:attachment":[{"href":"https:\/\/sinoextrud.com\/cs\/wp-json\/wp\/v2\/media?parent=6182"}],"wp:term":[{"taxonomy":"category","embeddable":true,"href":"https:\/\/sinoextrud.com\/cs\/wp-json\/wp\/v2\/categories?post=6182"}],"curies":[{"name":"wp","href":"https:\/\/api.w.org\/{rel}","templated":true}]}}