{"id":6180,"date":"2025-05-25T15:45:18","date_gmt":"2025-05-25T15:45:18","guid":{"rendered":"https:\/\/sinoextrud.com\/product\/aluminium-u-channel\/"},"modified":"2025-06-24T03:54:40","modified_gmt":"2025-06-24T03:54:40","slug":"hlinikovy-u-kanal","status":"publish","type":"product","link":"https:\/\/sinoextrud.com\/cs\/product\/aluminium-u-channel\/","title":{"rendered":"Hlin\u00edkov\u00fd U kan\u00e1l"},"content":{"rendered":"<h2>Podrobnosti o produktech<\/h2>\n<table class=\"custom-table\">\n<tr>\n<td class=\"label\">Polo\u017eka:<\/td>\n<td>Hlin\u00edkov\u00fd U kan\u00e1l<\/td>\n<\/tr>\n<tr>\n<td class=\"label\">M\u00edrnost:<\/td>\n<td>T3-T8<\/td>\n<\/tr>\n<tr>\n<td class=\"label\">Tvar:<\/td>\n<td>P\u0159izp\u016fsoben\u00e9<\/td>\n<\/tr>\n<tr>\n<td class=\"label\">Materi\u00e1l:<\/td>\n<td>6063<\/td>\n<\/tr>\n<tr>\n<td class=\"label\">Barva:<\/td>\n<td>P\u0159izp\u016fsoben\u00e1 barva<\/td>\n<\/tr>\n<tr>\n<td class=\"label\">Doba dod\u00e1n\u00ed:<\/td>\n<td>25-30 dn\u00ed<\/td>\n<\/tr>\n<tr>\n<td class=\"label\">Term\u00edn platby:<\/td>\n<td>30% z\u00e1loha, 70% z\u016fstatek p\u0159ed dod\u00e1n\u00edm<\/td>\n<\/tr>\n<tr>\n<td class=\"label\">P\u0159\u00edstav:<\/td>\n<td>Guangzhou, Shenzhen<\/td>\n<\/tr>\n<tr>\n<td class=\"label\">T\u0159\u00edda:<\/td>\n<td>\u0158ada 6000<\/td>\n<\/tr>\n<tr>\n<td class=\"label\">M\u00edsto p\u016fvodu:<\/td>\n<td>Foshan, Guangdong<\/td>\n<\/tr>\n<tr>\n<td class=\"label\">Slitina nebo ne:<\/td>\n<td>Slitina<\/td>\n<\/tr>\n<tr>\n<td class=\"label\">Zna\u010dka:<\/td>\n<td>ZHL<\/td>\n<\/tr>\n<tr>\n<td class=\"label\">Povrchov\u00e1 \u00faprava:<\/td>\n<td>eloxov\u00e1no, pr\u00e1\u0161kov\u00e9 lakov\u00e1n\u00ed, kart\u00e1\u010dov\u00e1n\u00ed, p\u00edskov\u00e1n\u00ed, d\u0159ev\u011bn\u00e1 struktura<\/td>\n<\/tr>\n<tr>\n<td class=\"label\">MOQ:<\/td>\n<td>200 KG<\/td>\n<\/tr>\n<tr>\n<td class=\"label\">Slu\u017eba zpracov\u00e1n\u00ed:<\/td>\n<td>Oh\u00fdb\u00e1n\u00ed, odv\u00edjen\u00ed, sva\u0159ov\u00e1n\u00ed, d\u011brov\u00e1n\u00ed, \u0159ez\u00e1n\u00ed<\/td>\n<\/tr>\n<tr>\n<td class=\"label\">Z\u00e1ruka:<\/td>\n<td>certifik\u00e1t z\u00e1kazn\u00edka, jako je BV, Soncap, ISO<\/td>\n<\/tr>\n<\/table>\n<h2>Na\u0161e v\u00fdrobn\u00ed z\u00e1kladna<\/h2>\n<h3>Panorama tov\u00e1rny<\/h3>\n<p><img decoding=\"async\" src=\"\/wp-content\/uploads\/factory-01.webp\"\/><\/p>\n<h3>D\u00edlna na v\u00fdrobu hlin\u00edkov\u00fdch ty\u010d\u00ed<\/h3>\n<p><img decoding=\"async\" src=\"\/wp-content\/uploads\/factory-02.webp\"\/><\/p>\n<p><img decoding=\"async\" src=\"\/wp-content\/uploads\/factory-03.webp\"\/><\/p>\n<h3>Sklad pl\u00edsn\u00ed<\/h3>\n<p><img decoding=\"async\" src=\"\/wp-content\/uploads\/factory-04.webp\"\/><\/p>\n<h3>43 linek na vytla\u010dov\u00e1n\u00ed hlin\u00edku (500 - 5500 tun)<\/h3>\n<p><img decoding=\"async\" src=\"\/wp-content\/uploads\/factory-05.webp\"\/><\/p>\n<p><img decoding=\"async\" src=\"\/wp-content\/uploads\/factory-06.webp\"\/><\/p>\n<p><img decoding=\"async\" src=\"\/wp-content\/uploads\/factory-07.webp\"\/><\/p>\n<h3>D\u00edlna pr\u00e1\u0161kov\u00e9ho lakov\u00e1n\u00ed<\/h3>\n<p><img decoding=\"async\" src=\"\/wp-content\/uploads\/factory-09.webp\"\/><\/p>\n<h3>D\u00edlna eloxov\u00e1n\u00ed<\/h3>\n<p><img decoding=\"async\" src=\"\/wp-content\/uploads\/factory-10.webp\"\/><\/p>\n<h3>Workshop o hloubkov\u00e9m zpracov\u00e1n\u00ed<\/h3>\n<p><img decoding=\"async\" src=\"\/wp-content\/uploads\/factory-11.webp\"\/><\/p>\n<h3>D\u00edlna CNC p\u0159esn\u00e9ho obr\u00e1b\u011bn\u00ed<\/h3>\n<p><img decoding=\"async\" src=\"\/wp-content\/uploads\/factory-11.5.webp\"\/><\/p>\n<h3>Sklad hotov\u00fdch v\u00fdrobk\u016f a exportn\u00ed sklad<\/h3>\n<p><img decoding=\"async\" src=\"\/wp-content\/uploads\/factory-12.webp\"\/><\/p>\n<p><img decoding=\"async\" src=\"\/wp-content\/uploads\/factory-13.webp\"\/><\/p>\n<p><img decoding=\"async\" src=\"\/wp-content\/uploads\/factory-14.webp\"\/><\/p>\n<h2>\u010cASTO KLADEN\u00c9 DOTAZY<\/h2>\n<p><p><b>1.Co je to hlin\u00edkov\u00fd U kan\u00e1l? <\/b><\/p>\n<p> Hlin\u00edkov\u00fd U kan\u00e1l je extrudovan\u00fd hlin\u00edkov\u00fd profil ve tvaru p\u00edsmene U, kter\u00fd se pou\u017e\u00edv\u00e1 pro ochranu hran, konstruk\u010dn\u00ed r\u00e1mov\u00e1n\u00ed, oblo\u017een\u00ed a mont\u00e1\u017e v r\u016fzn\u00fdch stavebn\u00edch a pr\u016fmyslov\u00fdch aplikac\u00edch.<br \/>\n<\/p><br \/>\n<br \/>\n<p><b>2.Jak\u00e9 jsou v\u00fdhody pou\u017eit\u00ed hlin\u00edkov\u00fdch U kan\u00e1l\u016f? <\/b><\/p>\n<p> Hlin\u00edkov\u00e9 U kan\u00e1ly nab\u00edzej\u00ed lehkou pevnost, odolnost proti korozi, snadnou instalaci a \u010dist\u00fd estetick\u00fd vzhled pro pou\u017eit\u00ed v interi\u00e9ru i exteri\u00e9ru.<br \/>\n<\/p><br \/>\n<br \/>\n<p><b>3.Pro\u010d zvolit hlin\u00edk pro profily U kan\u00e1l\u016f? <\/b><\/p>\n<p> Hlin\u00edk je odoln\u00fd proti korozi, trvanliv\u00fd, snadno se \u0159e\u017ee a obr\u00e1b\u00ed a je ide\u00e1ln\u00ed pro U kan\u00e1ly pou\u017e\u00edvan\u00e9 ve stavebnictv\u00ed, v\u00fdrob\u011b a dekorativn\u00edch projektech.<br \/>\n<\/p><br \/>\n<br \/>\n<p><b>4.Kde se b\u011b\u017en\u011b pou\u017e\u00edvaj\u00ed hlin\u00edkov\u00e9 U kan\u00e1ly? <\/b><\/p>\n<p> Hlin\u00edkov\u00e9 U-kan\u00e1ly se hojn\u011b pou\u017e\u00edvaj\u00ed v zaskl\u00edvac\u00edch syst\u00e9mech, r\u00e1mov\u00e1n\u00ed panel\u016f, krytech LED p\u00e1sk\u016f, n\u00e1bytkov\u00fdch hran\u00e1ch a architektonick\u00fdch obkladech.<br \/>\n<\/p><br \/>\n<br \/>\n<p><b>5.Je hlin\u00edkov\u00fd U kan\u00e1l vhodn\u00fd pro venkovn\u00ed pou\u017eit\u00ed? <\/b><\/p>\n<p> Ano, hlin\u00edkov\u00e9 U kan\u00e1ly jsou odoln\u00e9 proti korozi a mohou b\u00fdt eloxov\u00e1ny nebo opat\u0159eny pr\u00e1\u0161kovou barvou pro zv\u00fd\u0161en\u00ed odolnosti ve venkovn\u00edm prost\u0159ed\u00ed.<br \/>\n<\/p><br \/>\n<br \/>\n<p><b>6.Lze hlin\u00edkov\u00e9 U kan\u00e1ly p\u0159izp\u016fsobit? <\/b><\/p>\n<p> Hlin\u00edkov\u00e9 U-kan\u00e1ly lze samoz\u0159ejm\u011b extrudovat na zak\u00e1zku v r\u016fzn\u00fdch velikostech, tlou\u0161\u0165k\u00e1ch, d\u00e9lk\u00e1ch a povrchov\u00fdch \u00faprav\u00e1ch, aby vyhovovaly specifick\u00fdm pot\u0159eb\u00e1m projektu.<br \/>\n<\/p><br \/>\n<br \/>\n<p><b>7.Je instalace hlin\u00edkov\u00fdch U kan\u00e1l\u016f snadn\u00e1? <\/b><\/p>\n<p> Ano, s hlin\u00edkov\u00fdmi U kan\u00e1ly se snadno pracuje a lze je vrtat, \u0159ezat nebo montovat pomoc\u00ed lepidel nebo mechanick\u00fdch spojovac\u00edch prvk\u016f.<br \/>\n<\/p><br \/>\n<br \/>\n<p><b>8.Jak\u00e9 povrchov\u00e9 \u00fapravy jsou k dispozici pro hlin\u00edkov\u00e9 U kan\u00e1ly? <\/b><\/p>\n<p> Hlin\u00edkov\u00e9 U-kan\u00e1ly se dod\u00e1vaj\u00ed ve fr\u00e9zovan\u00e9m, eloxovan\u00e9m, pr\u00e1\u0161kov\u00e9m nebo kart\u00e1\u010dovan\u00e9m proveden\u00ed, kter\u00e9 vyhovuje funk\u010dn\u00edm i dekorativn\u00edm aplikac\u00edm.<br \/>\n<\/p><br \/>\n<br \/>\n<p><b>9.Poskytuj\u00ed hlin\u00edkov\u00e9 U kan\u00e1ly konstruk\u010dn\u00ed podporu? <\/b><\/p>\n<p> Ano, hlin\u00edkov\u00e9 U-kan\u00e1lky poskytuj\u00ed m\u00edrnou konstruk\u010dn\u00ed podporu a zes\u00edlen\u00ed hran, zejm\u00e9na v lehk\u00fdch r\u00e1mov\u00fdch nebo obkladov\u00fdch syst\u00e9mech.<br \/>\n<\/p><br \/>\n<br \/>\n<p><b>10.Jak\u00fd je hlin\u00edkov\u00fd U kan\u00e1l ve srovn\u00e1n\u00ed s ocelov\u00fdm kan\u00e1lem? <\/b><\/p>\n<p> Hlin\u00edkov\u00e9 U kan\u00e1ly jsou leh\u010d\u00ed, odoln\u011bj\u0161\u00ed proti korozi a snadn\u011bji se s nimi manipuluje ne\u017e s ocel\u00ed, tak\u017ee jsou ide\u00e1ln\u00ed pro net\u011b\u017ek\u00e9 a venkovn\u00ed aplikace.<br \/>\n<\/p><br \/><\/p>","protected":false},"featured_media":0,"template":"","categories":[58],"class_list":["post-6180","product","type-product","status-publish","hentry","category-aluminium-extrusion-profiles"],"meta_box":{"hilight_text_group":{"product_hilight_text":"<li>Simple U-shaped design for easy integration into various structures<\/li>\r\r\n<li>Lightweight yet strong, suitable for framing and edge protection<\/li>\r\r\n<li>Corrosion-resistant for indoor and outdoor applications<\/li>\r\r\n<li>Available in multiple sizes and finishes for diverse needs<\/li>\r\r\n<li>Easy to cut, drill, and install with standard tools<\/li>","product_chanpin_chanpin":"<li><a href=\"https:\/\/sinoextrud.com\/product\/aluminum-tube-framing\/\" target=\"_blank\">Aluminum Tube Framing<\/a><\/li>\r\n<li><a href=\"https:\/\/sinoextrud.com\/product\/aluminium-extrusion-wood-grain-outdoor-louver-aluminum-profile\/\" target=\"_blank\">Aluminium Extrusion Wood Grain Outdoor Louver Aluminum Profile<\/a><\/li>\r\n<li><a href=\"https:\/\/sinoextrud.com\/product\/aluminium-extrusion-caravan-awning-aluminum-profile\/\" target=\"_blank\">Aluminium Extrusion Caravan Awning Aluminum Profile<\/a><\/li>\r\n<li><a href=\"https:\/\/sinoextrud.com\/product\/aluminium-extrusion-11-5m-ultra-long-mill-finished-profiles\/\" target=\"_blank\">Aluminium Extrusion 11.5m Ultra-long Mill Finished Profiles<\/a><\/li>\r\n<li><a href=\"https:\/\/sinoextrud.com\/product\/aluminium-u-channel\/\" target=\"_blank\">Aluminium U Channel<\/a><\/li>\r\n<li><a href=\"https:\/\/sinoextrud.com\/product\/aluminum-profile-roller-blinds-rails\/\" target=\"_blank\">Aluminum Profile Roller Blinds Rails<\/a><\/li>\r\n<li><a href=\"https:\/\/sinoextrud.com\/product\/aluminum-extrusion-aluminum-cladding-profile-wood-look-grain-aluminum-panels\/\" target=\"_blank\">Aluminum Extrusion Aluminum Cladding Profile Wood Look Grain Aluminum Panels<\/a><\/li>\r\n<li><a href=\"https:\/\/sinoextrud.com\/product\/aluminum-extrusion-6005-big-size-industrial-aluminum-profile\/\" target=\"_blank\">Aluminum Extrusion 6005 Big Size Industrial Aluminum Profile<\/a><\/li>\r\n<li><a href=\"https:\/\/sinoextrud.com\/product\/aluminum-extrusion-telescopic-tube-octagon-tube\/\" target=\"_blank\">Aluminum Extrusion Telescopic Tube Octagon Tube<\/a><\/li>\r\n<li><a href=\"https:\/\/sinoextrud.com\/product\/t-slot-extruded-aluminum-profile-cutting-for-sale-by-weight-of-aluminum-section-open-extrusion-die\/\" target=\"_blank\">t slot extruded aluminum profile cutting for sale by weight of aluminum section open extrusion die<\/a><\/li>\r\n<li><a href=\"https:\/\/sinoextrud.com\/product\/c-shaped-wind-resistant-linear-ceiling-system\/\" target=\"_blank\">C-Shaped Wind-Resistant Linear Ceiling System<\/a><\/li>"},"feature_list":[]},"_links":{"self":[{"href":"https:\/\/sinoextrud.com\/cs\/wp-json\/wp\/v2\/product\/6180","targetHints":{"allow":["GET"]}}],"collection":[{"href":"https:\/\/sinoextrud.com\/cs\/wp-json\/wp\/v2\/product"}],"about":[{"href":"https:\/\/sinoextrud.com\/cs\/wp-json\/wp\/v2\/types\/product"}],"wp:attachment":[{"href":"https:\/\/sinoextrud.com\/cs\/wp-json\/wp\/v2\/media?parent=6180"}],"wp:term":[{"taxonomy":"category","embeddable":true,"href":"https:\/\/sinoextrud.com\/cs\/wp-json\/wp\/v2\/categories?post=6180"}],"curies":[{"name":"wp","href":"https:\/\/api.w.org\/{rel}","templated":true}]}}