{"id":6178,"date":"2025-05-25T15:42:56","date_gmt":"2025-05-25T15:42:56","guid":{"rendered":"https:\/\/sinoextrud.com\/product\/aluminium-extrusion-11-5m-ultra-long-mill-finished-profiles\/"},"modified":"2025-06-24T03:54:39","modified_gmt":"2025-06-24T03:54:39","slug":"hlinikove-vylisky-11-5m-ultra-dlouhe-profily-s-povrchovou-upravou-frezou","status":"publish","type":"product","link":"https:\/\/sinoextrud.com\/cs\/product\/aluminium-extrusion-11-5m-ultra-long-mill-finished-profiles\/","title":{"rendered":"Hlin\u00edkov\u00e9 v\u00fdlisky 11,5 m Ultra-dlouh\u00e9 profily s povrchovou \u00fapravou ve ml\u00fdn\u011b"},"content":{"rendered":"<h2>Podrobnosti o produktech<\/h2>\n<table class=\"custom-table\">\n<tr>\n<td class=\"label\">N\u00e1zev produktu<\/td>\n<td>Hlin\u00edkov\u00e9 v\u00fdlisky 11,5 m Ultra-dlouh\u00e9 profily s povrchovou \u00fapravou ve ml\u00fdn\u011b<\/td>\n<\/tr>\n<tr>\n<td class=\"label\">Hlin\u00edkov\u00e1 slitina<\/td>\n<td>\u0158ada 1000, \u0159ada 200, \u0159ada 3000, \u0159ada 5000, \u0159ada 6000, \u0159ada 7000<\/td>\n<\/tr>\n<tr>\n<td class=\"label\">Temperament<\/td>\n<td>T3-T8<\/td>\n<\/tr>\n<tr>\n<td class=\"label\">D\u00e9lka<\/td>\n<td>11,5 m nebo podle v\u00fdkresu<\/td>\n<\/tr>\n<tr>\n<td class=\"label\">Barva<\/td>\n<td>Ml\u00fdn dokon\u010den<\/td>\n<\/tr>\n<tr>\n<td class=\"label\">Povrchov\u00e1 \u00faprava<\/td>\n<td>eloxov\u00e1n\u00ed, d\u0159ev\u011bn\u00e1 struktura, elektrick\u00e9 lakov\u00e1n\u00ed, p\u00edskov\u00e1n\u00ed, elektrofor\u00e9za, kart\u00e1\u010dov\u00e1n\u00ed, le\u0161t\u011bn\u00ed atd.<\/td>\n<\/tr>\n<tr>\n<td class=\"label\">Hloubkov\u00e9 zpracov\u00e1n\u00ed CNC<\/td>\n<td>\u0159ez\u00e1n\u00ed, vrt\u00e1n\u00ed, obr\u00e1b\u011bn\u00ed, d\u011brov\u00e1n\u00ed, oh\u00fdb\u00e1n\u00ed, z\u00e1vitov\u00e1n\u00ed atd.<\/td>\n<\/tr>\n<tr>\n<td class=\"label\">Certifikace<\/td>\n<td>CE, ISO, SGS, TUV, ROHS<\/td>\n<\/tr>\n<tr>\n<td class=\"label\">Vzorky<\/td>\n<td>Vzorek zdarma. Dod\u00e1n\u00ed do 1-3 dn\u016f.<\/td>\n<\/tr>\n<tr>\n<td class=\"label\">MOQ<\/td>\n<td>200 kg pro ka\u017ed\u00fd profil<\/td>\n<\/tr>\n<tr>\n<td class=\"label\">Doba dod\u00e1n\u00ed<\/td>\n<td>V\u00fdvoj formy a kontrola vzorku trv\u00e1 12-15 dn\u00ed, v\u00fdroba pak 15-25 dn\u00ed po obdr\u017een\u00ed z\u00e1lohy od kupuj\u00edc\u00edho.<\/td>\n<\/tr>\n<tr>\n<td class=\"label\">Platebn\u00ed podm\u00ednky<\/td>\n<td>30% z\u00e1loha p\u0159ed v\u00fdrobou a z\u016fstatek p\u0159ed odesl\u00e1n\u00edm.<\/td>\n<\/tr>\n<\/table>\n<h2>Na\u0161e v\u00fdrobn\u00ed z\u00e1kladna<\/h2>\n<h3>Panorama tov\u00e1rny<\/h3>\n<p><img decoding=\"async\" src=\"\/wp-content\/uploads\/factory-01.webp\"\/><\/p>\n<h3>D\u00edlna na v\u00fdrobu hlin\u00edkov\u00fdch ty\u010d\u00ed<\/h3>\n<p><img decoding=\"async\" src=\"\/wp-content\/uploads\/factory-02.webp\"\/><\/p>\n<p><img decoding=\"async\" src=\"\/wp-content\/uploads\/factory-03.webp\"\/><\/p>\n<h3>Sklad pl\u00edsn\u00ed<\/h3>\n<p><img decoding=\"async\" src=\"\/wp-content\/uploads\/factory-04.webp\"\/><\/p>\n<h3>43 linek na vytla\u010dov\u00e1n\u00ed hlin\u00edku (500 - 5500 tun)<\/h3>\n<p><img decoding=\"async\" src=\"\/wp-content\/uploads\/factory-05.webp\"\/><\/p>\n<p><img decoding=\"async\" src=\"\/wp-content\/uploads\/factory-06.webp\"\/><\/p>\n<p><img decoding=\"async\" src=\"\/wp-content\/uploads\/factory-07.webp\"\/><\/p>\n<h3>D\u00edlna pr\u00e1\u0161kov\u00e9ho lakov\u00e1n\u00ed<\/h3>\n<p><img decoding=\"async\" src=\"\/wp-content\/uploads\/factory-09.webp\"\/><\/p>\n<h3>D\u00edlna eloxov\u00e1n\u00ed<\/h3>\n<p><img decoding=\"async\" src=\"\/wp-content\/uploads\/factory-10.webp\"\/><\/p>\n<h3>Workshop o hloubkov\u00e9m zpracov\u00e1n\u00ed<\/h3>\n<p><img decoding=\"async\" src=\"\/wp-content\/uploads\/factory-11.webp\"\/><\/p>\n<h3>D\u00edlna CNC p\u0159esn\u00e9ho obr\u00e1b\u011bn\u00ed<\/h3>\n<p><img decoding=\"async\" src=\"\/wp-content\/uploads\/factory-11.5.webp\"\/><\/p>\n<h3>Sklad hotov\u00fdch v\u00fdrobk\u016f a exportn\u00ed sklad<\/h3>\n<p><img decoding=\"async\" src=\"\/wp-content\/uploads\/factory-12.webp\"\/><\/p>\n<p><img decoding=\"async\" src=\"\/wp-content\/uploads\/factory-13.webp\"\/><\/p>\n<p><img decoding=\"async\" src=\"\/wp-content\/uploads\/factory-14.webp\"\/><\/p>\n<h2>\u010cASTO KLADEN\u00c9 DOTAZY<\/h2>\n<p><p><b>1.What jsou hlin\u00edkov\u00e9 extruze 11,5 m ultra-dlouh\u00e9 fr\u00e9zovan\u00e9 profily? <\/b><\/p>\n<p> Jedn\u00e1 se o mimo\u0159\u00e1dn\u011b dlouh\u00e9 hlin\u00edkov\u00e9 profily o d\u00e9lce a\u017e 11,5 metru s fr\u00e9zovan\u00fdm povrchem, kter\u00e9 jsou ide\u00e1ln\u00ed pro konstruk\u010dn\u00ed a pr\u016fmyslov\u00e9 aplikace vy\u017eaduj\u00edc\u00ed beze\u0161v\u00e1 rozp\u011bt\u00ed.<br \/>\n<\/p><br \/>\n<br \/>\n<p><b>2.Jak\u00e9 jsou v\u00fdhody 11,5m ultra dlouh\u00fdch hlin\u00edkov\u00fdch vytla\u010dovac\u00edch profil\u016f? <\/b><\/p>\n<p> 11,5m ultra dlouh\u00e9 hlin\u00edkov\u00e9 profily sni\u017euj\u00ed pot\u0159ebu spoj\u016f, zaji\u0161\u0165uj\u00ed konzistenci konstrukce, minimalizuj\u00ed dobu mont\u00e1\u017ee a nab\u00edzej\u00ed vysokou pevnost materi\u00e1lu.<br \/>\n<\/p><br \/>\n<br \/>\n<p><b>3.Co znamen\u00e1 fr\u00e9zovan\u00fd povrch u hlin\u00edkov\u00fdch vytla\u010dovac\u00edch profil\u016f? <\/b><\/p>\n<p> Hlin\u00edkov\u00e9 profily s fr\u00e9zovanou povrchovou \u00fapravou jsou hlin\u00edkov\u00e9 profily s p\u0159irozen\u00fdm, neupraven\u00fdm povrchem p\u0159\u00edmo z vytla\u010dovac\u00edho lisu, ide\u00e1ln\u00ed pro dal\u0161\u00ed obr\u00e1b\u011bn\u00ed nebo eloxov\u00e1n\u00ed.<br \/>\n<\/p><br \/>\n<br \/>\n<p><b>4.Pro\u010d si vybrat ultra dlouh\u00e9 hlin\u00edkov\u00e9 vytla\u010dovac\u00ed profily? <\/b><\/p>\n<p> Velmi dlouh\u00e9 hlin\u00edkov\u00e9 profily umo\u017e\u0148uj\u00ed bezprobl\u00e9movou konstrukci, sn\u00ed\u017een\u00ed po\u010dtu spojovac\u00edch bod\u016f a zv\u00fd\u0161en\u00ed pevnosti v architektonick\u00fdch a pr\u016fmyslov\u00fdch projektech.<br \/>\n<\/p><br \/>\n<br \/>\n<p><b>5.Kde se pou\u017e\u00edvaj\u00ed 11,5m hlin\u00edkov\u00e9 fr\u00e9zovan\u00e9 profily? <\/b><\/p>\n<p> Tyto profily se \u0161iroce pou\u017e\u00edvaj\u00ed v z\u00e1v\u011bsn\u00fdch st\u011bn\u00e1ch, r\u00e1mech sol\u00e1rn\u00edch panel\u016f, doprav\u011b, stavebn\u00edch nosn\u00edc\u00edch a velk\u00fdch pr\u016fmyslov\u00fdch sestav\u00e1ch.<br \/>\n<\/p><br \/>\n<br \/>\n<p><b>6.Jsou fr\u00e9zovan\u00e9 hlin\u00edkov\u00e9 v\u00fdlisky odoln\u00e9 proti korozi? <\/b><\/p>\n<p> Zat\u00edmco z\u00e1kladn\u00ed ochranu zaji\u0161\u0165uje povrchov\u00e1 \u00faprava fr\u00e9zov\u00e1n\u00edm, profily lze po vytla\u010den\u00ed eloxovat nebo opat\u0159it povlakem pro zv\u00fd\u0161en\u00ed odolnosti proti korozi pro venkovn\u00ed nebo n\u00e1mo\u0159n\u00ed pou\u017eit\u00ed.<br \/>\n<\/p><br \/>\n<br \/>\n<p><b>7.Lze 11,5m ultra dlouh\u00e9 hlin\u00edkov\u00e9 profily p\u0159izp\u016fsobit? <\/b><\/p>\n<p> Ano, jejich tvar, pr\u016f\u0159ez, typ slitiny a tlou\u0161\u0165ku lze p\u0159izp\u016fsobit specifick\u00fdm technick\u00fdm a konstruk\u010dn\u00edm po\u017eadavk\u016fm.<br \/>\n<\/p><br \/>\n<br \/>\n<p><b>8.Jsou dlouh\u00e9 hlin\u00edkov\u00e9 profily snadno p\u0159epraviteln\u00e9? <\/b><\/p>\n<p> Je zapot\u0159eb\u00ed speci\u00e1ln\u00ed manipulace a logistiky, ale mnoho v\u00fdrobc\u016f nab\u00edz\u00ed \u0159e\u0161en\u00ed balen\u00ed a p\u0159epravy 11,5m ultra dlouh\u00fdch hlin\u00edkov\u00fdch profil\u016f.<br \/>\n<\/p><br \/>\n<br \/>\n<p><b>9.Zlep\u0161uj\u00ed ultra dlouh\u00e9 hlin\u00edkov\u00e9 profily konstruk\u010dn\u00ed integritu? <\/b><\/p>\n<p> Ano, pou\u017eit\u00ed jedin\u00e9ho velmi dlouh\u00e9ho profilu sni\u017euje po\u010det spojovac\u00edch bod\u016f, \u010d\u00edm\u017e se zvy\u0161uje tuhost, nosnost a celkov\u00e1 spolehlivost konstrukce.<br \/>\n<\/p><br \/>\n<br \/>\n<p><b>10.Jak\u00e9 slitiny se b\u011b\u017en\u011b pou\u017e\u00edvaj\u00ed pro 11.5m hlin\u00edkov\u00e9 vytla\u010dovac\u00ed profily? <\/b><\/p>\n<p> Mezi b\u011b\u017en\u00e9 slitiny pat\u0159\u00ed 6061, 6063 a 6082, kter\u00e9 poskytuj\u00ed vynikaj\u00edc\u00ed pevnost, sva\u0159itelnost a obrobitelnost pro konstruk\u010dn\u00ed aplikace s velk\u00fdm rozp\u011bt\u00edm.<br \/>\n<\/p><br \/><\/p>","protected":false},"featured_media":6177,"template":"","categories":[58],"class_list":["post-6178","product","type-product","status-publish","has-post-thumbnail","hentry","category-aluminium-extrusion-profiles"],"meta_box":{"hilight_text_group":{"product_hilight_text":"<li>Ultra-long 11.5m profiles reduce joint needs for large structures<\/li>\r\r\n<li>Mill finish offers a clean, ready-for-processing surface<\/li>\r\r\n<li>High straightness and dimensional stability for precision projects<\/li>\r\r\n<li>Ideal for curtain walls, transport, and industrial frameworks<\/li>\r\r\n<li>Supports custom alloy grades and cross-section designs<\/li>","product_chanpin_chanpin":"<li><a href=\"https:\/\/sinoextrud.com\/product\/aluminum-extrusion-gate-barrier-arm-aluminum-profile\/\" target=\"_blank\">Aluminum Extrusion Gate Barrier Arm Aluminum Profile<\/a><\/li>\r\n<li><a href=\"https:\/\/sinoextrud.com\/product\/aluminum-tube-framing\/\" target=\"_blank\">Aluminum Tube Framing<\/a><\/li>\r\n<li><a href=\"https:\/\/sinoextrud.com\/product\/aluminium-extrusion-wood-grain-outdoor-louver-aluminum-profile\/\" target=\"_blank\">Aluminium Extrusion Wood Grain Outdoor Louver Aluminum Profile<\/a><\/li>\r\n<li><a href=\"https:\/\/sinoextrud.com\/product\/aluminium-extrusion-caravan-awning-aluminum-profile\/\" target=\"_blank\">Aluminium Extrusion Caravan Awning Aluminum Profile<\/a><\/li>\r\n<li><a href=\"https:\/\/sinoextrud.com\/product\/aluminium-extrusion-11-5m-ultra-long-mill-finished-profiles\/\" target=\"_blank\">Aluminium Extrusion 11.5m Ultra-long Mill Finished Profiles<\/a><\/li>\r\n<li><a href=\"https:\/\/sinoextrud.com\/product\/aluminium-u-channel\/\" target=\"_blank\">Aluminium U Channel<\/a><\/li>\r\n<li><a href=\"https:\/\/sinoextrud.com\/product\/aluminum-profile-roller-blinds-rails\/\" target=\"_blank\">Aluminum Profile Roller Blinds Rails<\/a><\/li>\r\n<li><a href=\"https:\/\/sinoextrud.com\/product\/aluminum-extrusion-aluminum-cladding-profile-wood-look-grain-aluminum-panels\/\" target=\"_blank\">Aluminum Extrusion Aluminum Cladding Profile Wood Look Grain Aluminum Panels<\/a><\/li>\r\n<li><a href=\"https:\/\/sinoextrud.com\/product\/aluminum-extrusion-6005-big-size-industrial-aluminum-profile\/\" target=\"_blank\">Aluminum Extrusion 6005 Big Size Industrial Aluminum Profile<\/a><\/li>\r\n<li><a href=\"https:\/\/sinoextrud.com\/product\/anodised-aluminium\/\" target=\"_blank\">Anodised Aluminium<\/a><\/li>\r\n<li><a href=\"https:\/\/sinoextrud.com\/product\/aluminum-door-frame-profile\/\" target=\"_blank\">Aluminum Door Frame Profile<\/a><\/li>"},"feature_list":[]},"_links":{"self":[{"href":"https:\/\/sinoextrud.com\/cs\/wp-json\/wp\/v2\/product\/6178","targetHints":{"allow":["GET"]}}],"collection":[{"href":"https:\/\/sinoextrud.com\/cs\/wp-json\/wp\/v2\/product"}],"about":[{"href":"https:\/\/sinoextrud.com\/cs\/wp-json\/wp\/v2\/types\/product"}],"wp:featuredmedia":[{"embeddable":true,"href":"https:\/\/sinoextrud.com\/cs\/wp-json\/wp\/v2\/media\/6177"}],"wp:attachment":[{"href":"https:\/\/sinoextrud.com\/cs\/wp-json\/wp\/v2\/media?parent=6178"}],"wp:term":[{"taxonomy":"category","embeddable":true,"href":"https:\/\/sinoextrud.com\/cs\/wp-json\/wp\/v2\/categories?post=6178"}],"curies":[{"name":"wp","href":"https:\/\/api.w.org\/{rel}","templated":true}]}}