{"id":6170,"date":"2025-05-25T15:05:39","date_gmt":"2025-05-25T15:05:39","guid":{"rendered":"https:\/\/sinoextrud.com\/product\/aluminum-extrusion-gate-barrier-arm-aluminum-profile\/"},"modified":"2025-06-24T03:54:32","modified_gmt":"2025-06-24T03:54:32","slug":"hlinikovy-vylisek-brana-bariera-rameno-hlinikovy-profil","status":"publish","type":"product","link":"https:\/\/sinoextrud.com\/cs\/product\/aluminum-extrusion-gate-barrier-arm-aluminum-profile\/","title":{"rendered":"Hlin\u00edkov\u00e9 vytla\u010dov\u00e1n\u00ed br\u00e1ny Bari\u00e9rov\u00e9 rameno Hlin\u00edkov\u00fd profil"},"content":{"rendered":"<h2>Podrobnosti o produktech<\/h2>\n<table class=\"custom-table\">\n<tr>\n<td class=\"label\">N\u00e1zev produktu<\/td>\n<td>Hlin\u00edkov\u00e9 vytla\u010dov\u00e1n\u00ed br\u00e1ny Bari\u00e9rov\u00e9 rameno Hlin\u00edkov\u00fd profil<\/td>\n<\/tr>\n<tr>\n<td class=\"label\">Sortiment v\u00fdrobk\u016f<\/td>\n<td>hlin\u00edkov\u00e9 v\u00fdlisky pro hlin\u00edkov\u00e9 bari\u00e9rov\u00e9 profily, hlin\u00edkov\u00e9 trubky, hlin\u00edkov\u00e9 ty\u010de atd.<\/td>\n<\/tr>\n<tr>\n<td class=\"label\">Tvar<\/td>\n<td>sloupec, kolo nebo p\u0159izp\u016fsoben\u00ed<\/td>\n<\/tr>\n<tr>\n<td class=\"label\">Velikost<\/td>\n<td>p\u0159izp\u016fsoben\u00ed<\/td>\n<\/tr>\n<tr>\n<td class=\"label\">Aplikace<\/td>\n<td>Bezpe\u010dnostn\u00ed br\u00e1ny a z\u00e1vory, Syst\u00e9my kontroly parkov\u00e1n\u00ed, M\u00fdtn\u00e9 br\u00e1ny a syst\u00e9my kontroly p\u0159\u00edstupu na d\u00e1lnice, Vjezdy a v\u00fdjezdy z tov\u00e1ren, Hrani\u010dn\u00ed kontroln\u00ed stanovi\u0161t\u011b.<\/td>\n<\/tr>\n<tr>\n<td class=\"label\">Povrchov\u00e1 \u00faprava<\/td>\n<td>fr\u00e9zov\u00e1n\u00ed, eloxov\u00e1n\u00ed, d\u0159ev\u011bn\u00e1 struktura, povrchov\u00e1 \u00faprava, p\u00edskov\u00e1n\u00ed, elektrofor\u00e9za, kart\u00e1\u010dov\u00e1n\u00ed, le\u0161t\u011bn\u00ed atd.<\/td>\n<\/tr>\n<tr>\n<td class=\"label\">Hloubkov\u00e9 zpracov\u00e1n\u00ed CNC<\/td>\n<td>\u0159ez\u00e1n\u00ed, vrt\u00e1n\u00ed, obr\u00e1b\u011bn\u00ed, d\u011brov\u00e1n\u00ed, oh\u00fdb\u00e1n\u00ed, z\u00e1vitov\u00e1n\u00ed atd.<\/td>\n<\/tr>\n<tr>\n<td class=\"label\">Certifikace<\/td>\n<td>CE, ISO, SGS, TUV, ROHS<\/td>\n<\/tr>\n<tr>\n<td class=\"label\">Vzorky<\/td>\n<td>vzorek zdarma.<\/td>\n<\/tr>\n<tr>\n<td class=\"label\">MOQ<\/td>\n<td>200 kg pro ka\u017ed\u00fd profil<\/td>\n<\/tr>\n<tr>\n<td class=\"label\">Doba dod\u00e1n\u00ed<\/td>\n<td>V\u00fdvoj formy a kontrola vzorku trv\u00e1 12-15 dn\u00ed, v\u00fdroba pak 15-25 dn\u00ed po obdr\u017een\u00ed z\u00e1lohy od kupuj\u00edc\u00edho.<\/td>\n<\/tr>\n<tr>\n<td class=\"label\">Platebn\u00ed podm\u00ednky<\/td>\n<td>30% z\u00e1loha p\u0159ed v\u00fdrobou a z\u016fstatek p\u0159ed odesl\u00e1n\u00edm.<\/td>\n<\/tr>\n<\/table>\n<h2>Na\u0161e v\u00fdrobn\u00ed z\u00e1kladna<\/h2>\n<h3>Panorama tov\u00e1rny<\/h3>\n<p><img decoding=\"async\" src=\"\/wp-content\/uploads\/factory-01.webp\"\/><\/p>\n<h3>D\u00edlna na v\u00fdrobu hlin\u00edkov\u00fdch ty\u010d\u00ed<\/h3>\n<p><img decoding=\"async\" src=\"\/wp-content\/uploads\/factory-02.webp\"\/><\/p>\n<p><img decoding=\"async\" src=\"\/wp-content\/uploads\/factory-03.webp\"\/><\/p>\n<h3>Sklad pl\u00edsn\u00ed<\/h3>\n<p><img decoding=\"async\" src=\"\/wp-content\/uploads\/factory-04.webp\"\/><\/p>\n<h3>43 linek na vytla\u010dov\u00e1n\u00ed hlin\u00edku (500 - 5500 tun)<\/h3>\n<p><img decoding=\"async\" src=\"\/wp-content\/uploads\/factory-05.webp\"\/><\/p>\n<p><img decoding=\"async\" src=\"\/wp-content\/uploads\/factory-06.webp\"\/><\/p>\n<p><img decoding=\"async\" src=\"\/wp-content\/uploads\/factory-07.webp\"\/><\/p>\n<h3>D\u00edlna pr\u00e1\u0161kov\u00e9ho lakov\u00e1n\u00ed<\/h3>\n<p><img decoding=\"async\" src=\"\/wp-content\/uploads\/factory-09.webp\"\/><\/p>\n<h3>D\u00edlna eloxov\u00e1n\u00ed<\/h3>\n<p><img decoding=\"async\" src=\"\/wp-content\/uploads\/factory-10.webp\"\/><\/p>\n<h3>Workshop o hloubkov\u00e9m zpracov\u00e1n\u00ed<\/h3>\n<p><img decoding=\"async\" src=\"\/wp-content\/uploads\/factory-11.webp\"\/><\/p>\n<h3>D\u00edlna CNC p\u0159esn\u00e9ho obr\u00e1b\u011bn\u00ed<\/h3>\n<p><img decoding=\"async\" src=\"\/wp-content\/uploads\/factory-11.5.webp\"\/><\/p>\n<h3>Sklad hotov\u00fdch v\u00fdrobk\u016f a exportn\u00ed sklad<\/h3>\n<p><img decoding=\"async\" src=\"\/wp-content\/uploads\/factory-12.webp\"\/><\/p>\n<p><img decoding=\"async\" src=\"\/wp-content\/uploads\/factory-13.webp\"\/><\/p>\n<p><img decoding=\"async\" src=\"\/wp-content\/uploads\/factory-14.webp\"\/><\/p>\n<h2>\u010cASTO KLADEN\u00c9 DOTAZY<\/h2>\n<p><p><b>1.Co je to hlin\u00edkov\u00fd vytla\u010dovac\u00ed rameno br\u00e1ny hlin\u00edkov\u00fd profil? <\/b><\/p>\n<p> Hlin\u00edkov\u00fd profil ramene z\u00e1vory je speci\u00e1ln\u011b navr\u017een\u00fd hlin\u00edkov\u00fd komponent pou\u017e\u00edvan\u00fd v syst\u00e9mech automatick\u00fdch bran jako rameno, kter\u00e9 ovl\u00e1d\u00e1 p\u0159\u00edstup vozidel.<br \/>\n<\/p><br \/>\n<br \/>\n<p><b>2.Jak\u00e9 jsou v\u00fdhody pou\u017eit\u00ed hlin\u00edkov\u00fdch profil\u016f pro ramena z\u00e1vor? <\/b><\/p>\n<p> Hlin\u00edkov\u00e9 profily ramen z\u00e1vor nab\u00edzej\u00ed lehkou pevnost, odolnost proti korozi, trvanlivost a snadnou instalaci pro efektivn\u00ed syst\u00e9my \u0159\u00edzen\u00ed dopravy.<br \/>\n<\/p><br \/>\n<br \/>\n<p><b>3.Pro\u010d zvolit hlin\u00edkov\u00fd v\u00fdlisek pro ramena bari\u00e9r br\u00e1ny? <\/b><\/p>\n<p> Hlin\u00edkov\u00fd v\u00fdlisek umo\u017e\u0148uje p\u0159esn\u00e9 tvarov\u00e1n\u00ed, vysok\u00fd pom\u011br pevnosti a hmotnosti a odolnost v\u016f\u010di pov\u011btrnostn\u00edm vliv\u016fm, tak\u017ee je ide\u00e1ln\u00ed pro venkovn\u00ed pou\u017eit\u00ed ramen z\u00e1vor.<br \/>\n<\/p><br \/>\n<br \/>\n<p><b>4.Kde se b\u011b\u017en\u011b pou\u017e\u00edvaj\u00ed hlin\u00edkov\u00e1 vytla\u010dovac\u00ed ramena br\u00e1ny? <\/b><\/p>\n<p> Tyto profily se hojn\u011b pou\u017e\u00edvaj\u00ed v parkovac\u00edch syst\u00e9mech, m\u00fdtn\u00fdch bran\u00e1ch, bezpe\u010dnostn\u00edch z\u00e1vor\u00e1ch a pr\u016fmyslov\u00fdch syst\u00e9mech kontroly p\u0159\u00edstupu pro spolehliv\u00e9 \u0159\u00edzen\u00ed vozidel.<br \/>\n<\/p><br \/>\n<br \/>\n<p><b>5.Jsou hlin\u00edkov\u00e9 profily ramen br\u00e1ny odoln\u00e9 proti pov\u011btrnostn\u00edm vliv\u016fm? <\/b><\/p>\n<p> Ano, hlin\u00edkov\u00e9 profily pro ramena z\u00e1vor jsou p\u0159irozen\u011b odoln\u00e9 proti korozi a mohou b\u00fdt eloxov\u00e1ny nebo opat\u0159eny pr\u00e1\u0161kovou barvou pro lep\u0161\u00ed venkovn\u00ed vlastnosti.<br \/>\n<\/p><br \/>\n<br \/>\n<p><b>6.Lze hlin\u00edkov\u00e9 bari\u00e9rov\u00e9 profily p\u0159izp\u016fsobit? <\/b><\/p>\n<p> Absolutn\u011b lze p\u0159izp\u016fsobit d\u00e9lku, pr\u016f\u0159ez, barvu a integraci reflexn\u00edch prou\u017ek\u016f pro bezpe\u010dnost a viditelnost hlin\u00edkov\u00fdch profil\u016f ramen br\u00e1ny.<br \/>\n<\/p><br \/>\n<br \/>\n<p><b>7.Jak trvanliv\u00e1 jsou ramena hlin\u00edkov\u00fdch bari\u00e9r? <\/b><\/p>\n<p> Hlin\u00edkov\u00e1 ramena z\u00e1vor jsou vysoce odoln\u00e1, vydr\u017e\u00ed opakovan\u00fd pohyb, zat\u00ed\u017een\u00ed okoln\u00edm prost\u0159ed\u00edm a mechanick\u00e9 n\u00e1razy v oblastech s vysok\u00fdm provozem.<br \/>\n<\/p><br \/>\n<br \/>\n<p><b>8.Jsou hlin\u00edkov\u00e9 profily pro z\u00e1vory lehk\u00e9? <\/b><\/p>\n<p> Ano, hlin\u00edkov\u00e9 profily jsou v\u00fdrazn\u011b leh\u010d\u00ed ne\u017e ocelov\u00e9, co\u017e sni\u017euje nam\u00e1h\u00e1n\u00ed motoru a umo\u017e\u0148uje rychlej\u0161\u00ed a plynulej\u0161\u00ed pohyb ramene br\u00e1ny.<br \/>\n<\/p><br \/>\n<br \/>\n<p><b>9.Podporuj\u00ed hlin\u00edkov\u00e1 ramena z\u00e1vor vysokorychlostn\u00ed provoz? <\/b><\/p>\n<p> Ano, hlin\u00edkov\u00e9 profily jsou d\u00edky sv\u00e9 lehkosti a tuhosti ide\u00e1ln\u00ed pro rychl\u00e9 syst\u00e9my automatick\u00fdch z\u00e1vor.<br \/>\n<\/p><br \/>\n<br \/>\n<p><b>10.Jak\u00e9 povrchov\u00e9 \u00fapravy jsou k dispozici pro hlin\u00edkov\u00e1 lisovan\u00e1 ramena z\u00e1vor? <\/b><\/p>\n<p> Hlin\u00edkov\u00e1 ramena z\u00e1vor mohou b\u00fdt povrchov\u011b upravena eloxov\u00e1n\u00edm, pr\u00e1\u0161kov\u00fdm lakov\u00e1n\u00edm nebo reflexn\u00ed p\u00e1skou pro zv\u00fd\u0161en\u00ed odolnosti, vzhledu a viditelnosti.<br \/>\n<\/p><br \/><\/p>","protected":false},"featured_media":6169,"template":"","categories":[58],"class_list":["post-6170","product","type-product","status-publish","has-post-thumbnail","hentry","category-aluminium-extrusion-profiles"],"meta_box":{"hilight_text_group":{"product_hilight_text":"<li>High-strength aluminum ensures durability and impact resistance<\/li>\r\r\n<li>Lightweight design for smooth and efficient gate operation<\/li>\r\r\n<li>Corrosion-resistant coating suitable for outdoor environments<\/li>\r\r\n<li>Customizable length and profile for different barrier systems<\/li>\r\r\n<li>Supports reflective strips or LED integration for visibility<\/li>","product_chanpin_chanpin":"<li><a href=\"https:\/\/sinoextrud.com\/product\/anodized-small-aluminum-extrusions\/\" target=\"_blank\">Anodized Small Aluminum Extrusions<\/a><\/li>\r\n<li><a href=\"https:\/\/sinoextrud.com\/product\/t-slot-aluminium-extrusion-profile\/\" target=\"_blank\">T Slot Aluminium Extrusion Profile<\/a><\/li>\r\n<li><a href=\"https:\/\/sinoextrud.com\/product\/extruded-aluminum-heatsink\/\" target=\"_blank\">Extruded Aluminum Heatsink<\/a><\/li>\r\n<li><a href=\"https:\/\/sinoextrud.com\/product\/aluminium-light-box-profile\/\" target=\"_blank\">Aluminium Light Box Profile<\/a><\/li>\r\n<li><a href=\"https:\/\/sinoextrud.com\/product\/aluminum-extrusion-gate-barrier-arm-aluminum-profile\/\" target=\"_blank\">Aluminum Extrusion Gate Barrier Arm Aluminum Profile<\/a><\/li>\r\n<li><a href=\"https:\/\/sinoextrud.com\/product\/aluminum-tube-framing\/\" target=\"_blank\">Aluminum Tube Framing<\/a><\/li>\r\n<li><a href=\"https:\/\/sinoextrud.com\/product\/aluminium-extrusion-wood-grain-outdoor-louver-aluminum-profile\/\" target=\"_blank\">Aluminium Extrusion Wood Grain Outdoor Louver Aluminum Profile<\/a><\/li>\r\n<li><a href=\"https:\/\/sinoextrud.com\/product\/aluminium-extrusion-caravan-awning-aluminum-profile\/\" target=\"_blank\">Aluminium Extrusion Caravan Awning Aluminum Profile<\/a><\/li>\r\n<li><a href=\"https:\/\/sinoextrud.com\/product\/aluminium-extrusion-11-5m-ultra-long-mill-finished-profiles\/\" target=\"_blank\">Aluminium Extrusion 11.5m Ultra-long Mill Finished Profiles<\/a><\/li>\r\n<li><a href=\"https:\/\/sinoextrud.com\/product\/oval-aluminum-tube\/\" target=\"_blank\">Oval Aluminum Tube<\/a><\/li>\r\n<li><a href=\"https:\/\/sinoextrud.com\/product\/t-slot-aluminum-extursion\/\" target=\"_blank\">T-slot Aluminum Extursion<\/a><\/li>"},"feature_list":[]},"_links":{"self":[{"href":"https:\/\/sinoextrud.com\/cs\/wp-json\/wp\/v2\/product\/6170","targetHints":{"allow":["GET"]}}],"collection":[{"href":"https:\/\/sinoextrud.com\/cs\/wp-json\/wp\/v2\/product"}],"about":[{"href":"https:\/\/sinoextrud.com\/cs\/wp-json\/wp\/v2\/types\/product"}],"wp:featuredmedia":[{"embeddable":true,"href":"https:\/\/sinoextrud.com\/cs\/wp-json\/wp\/v2\/media\/6169"}],"wp:attachment":[{"href":"https:\/\/sinoextrud.com\/cs\/wp-json\/wp\/v2\/media?parent=6170"}],"wp:term":[{"taxonomy":"category","embeddable":true,"href":"https:\/\/sinoextrud.com\/cs\/wp-json\/wp\/v2\/categories?post=6170"}],"curies":[{"name":"wp","href":"https:\/\/api.w.org\/{rel}","templated":true}]}}