{"id":6166,"date":"2025-05-25T14:57:38","date_gmt":"2025-05-25T14:57:38","guid":{"rendered":"https:\/\/sinoextrud.com\/product\/extruded-aluminum-heatsink\/"},"modified":"2025-06-24T03:54:28","modified_gmt":"2025-06-24T03:54:28","slug":"extrudovany-hlinikovy-chladic","status":"publish","type":"product","link":"https:\/\/sinoextrud.com\/cs\/product\/extruded-aluminum-heatsink\/","title":{"rendered":"Extrudovan\u00fd hlin\u00edkov\u00fd chladi\u010d"},"content":{"rendered":"<h2>Podrobnosti o produktech<\/h2>\n<table class=\"custom-table\">\n<tr>\n<td class=\"label\">N\u00e1zev produktu<\/td>\n<td>extrudovan\u00fd hlin\u00edkov\u00fd chladi\u010d<\/td>\n<\/tr>\n<tr>\n<td class=\"label\">Sortiment v\u00fdrobk\u016f<\/td>\n<td>hlin\u00edkov\u00e9 v\u00fdlisky pro hlin\u00edkov\u00e9 chladi\u010de, slune\u010dnicov\u00fd hlin\u00edkov\u00fd profil, hlin\u00edkov\u00fd topn\u00fd radi\u00e1tor, hlin\u00edkov\u00e1 trubka chladi\u010de, hlin\u00edkov\u00e9 topn\u00e9 t\u011bleso, hlin\u00edkov\u00e9 j\u00e1dro chladi\u010de, hlin\u00edkov\u00fd chladi\u010d na zak\u00e1zku atd.<\/td>\n<\/tr>\n<tr>\n<td class=\"label\">Vhodn\u00e9 syst\u00e9my Typy<\/td>\n<td>hlin\u00edkov\u00fd profil chladi\u010de, kulat\u00fd chladi\u010d, chladi\u010d 40 mm, velk\u00fd chladi\u010d, hlin\u00edkov\u00fd chladi\u010d automobilu, topn\u00fd syst\u00e9m chladi\u010de, topn\u00fd a chladic\u00ed syst\u00e9m atd.<\/td>\n<\/tr>\n<tr>\n<td class=\"label\">Aplikace<\/td>\n<td>stroje, automobily, baterie, v\u011btrn\u00e9 elektr\u00e1rny, stavebn\u00ed stroje, vzduchov\u00e9 kompresory, \u017eelezni\u010dn\u00ed lokomotivy, dom\u00e1cnost atd.<\/td>\n<\/tr>\n<tr>\n<td class=\"label\">Hlin\u00edkov\u00e1 \u0159ada<\/td>\n<td>\u0158ada 6000<\/td>\n<\/tr>\n<tr>\n<td class=\"label\">Temperament<\/td>\n<td>T3-T8<\/td>\n<\/tr>\n<tr>\n<td class=\"label\">Tvar<\/td>\n<td>Kulat\u00fd, \u010dtvercov\u00fd, slune\u010dnicov\u00fd nebo p\u0159izp\u016fsoben\u00fd na m\u00edru<\/td>\n<\/tr>\n<tr>\n<td class=\"label\">Barva<\/td>\n<td>p\u0159izp\u016fsoben\u00ed<\/td>\n<\/tr>\n<tr>\n<td class=\"label\">Povrchov\u00e1 \u00faprava<\/td>\n<td>fr\u00e9zov\u00e1n\u00ed, eloxov\u00e1n\u00ed, d\u0159ev\u011bn\u00e1 struktura, povrchov\u00e1 \u00faprava, p\u00edskov\u00e1n\u00ed, elektrofor\u00e9za, kart\u00e1\u010dov\u00e1n\u00ed, le\u0161t\u011bn\u00ed atd.<\/td>\n<\/tr>\n<tr>\n<td class=\"label\">Hloubkov\u00e9 zpracov\u00e1n\u00ed CNC<\/td>\n<td>\u0159ez\u00e1n\u00ed, vrt\u00e1n\u00ed, obr\u00e1b\u011bn\u00ed, d\u011brov\u00e1n\u00ed, oh\u00fdb\u00e1n\u00ed, z\u00e1vitov\u00e1n\u00ed atd.<\/td>\n<\/tr>\n<tr>\n<td class=\"label\">Certifikace<\/td>\n<td>CE, ISO, SGS, TUV, ROHS<\/td>\n<\/tr>\n<tr>\n<td class=\"label\">Vzorky<\/td>\n<td>vzorek zdarma. Dod\u00e1n\u00ed do 1-3 dn\u016f.<\/td>\n<\/tr>\n<tr>\n<td class=\"label\">MOQ<\/td>\n<td>200 kg pro ka\u017ed\u00fd profil<\/td>\n<\/tr>\n<tr>\n<td class=\"label\">Doba dod\u00e1n\u00ed<\/td>\n<td>V\u00fdvoj formy a kontrola vzorku trv\u00e1 12-15 dn\u00ed, v\u00fdroba pak 15-25 dn\u00ed po obdr\u017een\u00ed z\u00e1lohy od kupuj\u00edc\u00edho.<\/td>\n<\/tr>\n<tr>\n<td class=\"label\">Platebn\u00ed podm\u00ednky<\/td>\n<td>30% z\u00e1loha p\u0159ed v\u00fdrobou a z\u016fstatek p\u0159ed odesl\u00e1n\u00edm.<\/td>\n<\/tr>\n<tr>\n<td class=\"label\">Z\u00e1silka<\/td>\n<td>Kontejnerem 20GP, 40GP, 40HQ nebo plavidlem pro voln\u011b lo\u017een\u00e9 l\u00e1tky<\/td>\n<\/tr>\n<\/table>\n<h2>Na\u0161e v\u00fdrobn\u00ed z\u00e1kladna<\/h2>\n<h3>Panorama tov\u00e1rny<\/h3>\n<p><img decoding=\"async\" src=\"\/wp-content\/uploads\/factory-01.webp\"\/><\/p>\n<h3>D\u00edlna na v\u00fdrobu hlin\u00edkov\u00fdch ty\u010d\u00ed<\/h3>\n<p><img decoding=\"async\" src=\"\/wp-content\/uploads\/factory-02.webp\"\/><\/p>\n<p><img decoding=\"async\" src=\"\/wp-content\/uploads\/factory-03.webp\"\/><\/p>\n<h3>Sklad pl\u00edsn\u00ed<\/h3>\n<p><img decoding=\"async\" src=\"\/wp-content\/uploads\/factory-04.webp\"\/><\/p>\n<h3>43 linek na vytla\u010dov\u00e1n\u00ed hlin\u00edku (500 - 5500 tun)<\/h3>\n<p><img decoding=\"async\" src=\"\/wp-content\/uploads\/factory-05.webp\"\/><\/p>\n<p><img decoding=\"async\" src=\"\/wp-content\/uploads\/factory-06.webp\"\/><\/p>\n<p><img decoding=\"async\" src=\"\/wp-content\/uploads\/factory-07.webp\"\/><\/p>\n<h3>D\u00edlna pr\u00e1\u0161kov\u00e9ho lakov\u00e1n\u00ed<\/h3>\n<p><img decoding=\"async\" src=\"\/wp-content\/uploads\/factory-09.webp\"\/><\/p>\n<h3>D\u00edlna eloxov\u00e1n\u00ed<\/h3>\n<p><img decoding=\"async\" src=\"\/wp-content\/uploads\/factory-10.webp\"\/><\/p>\n<h3>Workshop o hloubkov\u00e9m zpracov\u00e1n\u00ed<\/h3>\n<p><img decoding=\"async\" src=\"\/wp-content\/uploads\/factory-11.webp\"\/><\/p>\n<h3>D\u00edlna CNC p\u0159esn\u00e9ho obr\u00e1b\u011bn\u00ed<\/h3>\n<p><img decoding=\"async\" src=\"\/wp-content\/uploads\/factory-11.5.webp\"\/><\/p>\n<h3>Sklad hotov\u00fdch v\u00fdrobk\u016f a exportn\u00ed sklad<\/h3>\n<p><img decoding=\"async\" src=\"\/wp-content\/uploads\/factory-12.webp\"\/><\/p>\n<p><img decoding=\"async\" src=\"\/wp-content\/uploads\/factory-13.webp\"\/><\/p>\n<p><img decoding=\"async\" src=\"\/wp-content\/uploads\/factory-14.webp\"\/><\/p>\n<h2>\u010cASTO KLADEN\u00c9 DOTAZY<\/h2>\n<p><p><b>1.Co je extrudovan\u00fd hlin\u00edkov\u00fd chladi\u010d? <\/b><\/p>\n<p> Vytla\u010dovan\u00fd hlin\u00edkov\u00fd chladi\u010d je sou\u010d\u00e1stka tepeln\u00e9ho managementu vyroben\u00e1 protla\u010den\u00edm hlin\u00edku skrz matrici a vytvo\u0159en\u00edm \u017eebrovan\u00e9ho profilu, kter\u00fd odv\u00e1d\u00ed teplo z elektronick\u00fdch za\u0159\u00edzen\u00ed.<br \/>\n<\/p><br \/>\n<br \/>\n<p><b>2.Jak\u00e9 jsou v\u00fdhody pou\u017eit\u00ed extrudovan\u00fdch hlin\u00edkov\u00fdch chladi\u010d\u016f? <\/b><\/p>\n<p> Extrudovan\u00e9 hlin\u00edkov\u00e9 chladi\u010de maj\u00ed vynikaj\u00edc\u00ed tepelnou vodivost, n\u00edzkou hmotnost, odolnost proti korozi a cenov\u011b v\u00fdhodn\u00fd odvod tepla.<br \/>\n<\/p><br \/>\n<br \/>\n<p><b>3.Pro\u010d zvolit hlin\u00edk pro extrudovan\u00e9 chladi\u010de? <\/b><\/p>\n<p> Hlin\u00edk je pro chladi\u010de ide\u00e1ln\u00ed d\u00edky sv\u00e9 vysok\u00e9 tepeln\u00e9 vodivosti, n\u00edzk\u00e9 hmotnosti a mo\u017enosti snadn\u00e9ho lisov\u00e1n\u00ed do slo\u017eit\u00fdch tvar\u016f s velkou plochou.<br \/>\n<\/p><br \/>\n<br \/>\n<p><b>4.Jak funguje extrudovan\u00fd hlin\u00edkov\u00fd chladi\u010d? <\/b><\/p>\n<p> Extrudovan\u00e9 hlin\u00edkov\u00e9 chladi\u010de absorbuj\u00ed teplo z komponent a rozptyluj\u00ed ho do vzduchu prost\u0159ednictv\u00edm roz\u0161\u00ed\u0159en\u00fdch povrchov\u00fdch \u017eeber, \u010d\u00edm\u017e sni\u017euj\u00ed provozn\u00ed teploty.<br \/>\n<\/p><br \/>\n<br \/>\n<p><b>5.Kde se b\u011b\u017en\u011b pou\u017e\u00edvaj\u00ed extrudovan\u00e9 hlin\u00edkov\u00e9 chladi\u010de? <\/b><\/p>\n<p> Extrudovan\u00e9 hlin\u00edkov\u00e9 chladi\u010de se pou\u017e\u00edvaj\u00ed v osv\u011btlen\u00ed LED, nap\u00e1jec\u00edch zdroj\u00edch, zesilova\u010d\u00edch, automobilov\u00e9 elektronice a pr\u016fmyslov\u00fdch \u0159\u00eddic\u00edch syst\u00e9mech.<br \/>\n<\/p><br \/>\n<br \/>\n<p><b>6.Lze extrudovan\u00e9 hlin\u00edkov\u00e9 chladi\u010de p\u0159izp\u016fsobit? <\/b><\/p>\n<p> Ano, extrudovan\u00e9 hlin\u00edkov\u00e9 chladi\u010de lze p\u0159izp\u016fsobit hustot\u011b \u017eeber, \u0161\u00ed\u0159ce, d\u00e9lce a povrchov\u00e9 \u00faprav\u011b tak, aby odpov\u00eddaly konkr\u00e9tn\u00edm tepeln\u00fdm a mechanick\u00fdm po\u017eadavk\u016fm.<br \/>\n<\/p><br \/>\n<br \/>\n<p><b>7.Zvy\u0161uj\u00ed extrudovan\u00e9 hlin\u00edkov\u00e9 chladi\u010de \u017eivotnost za\u0159\u00edzen\u00ed? <\/b><\/p>\n<p> \u00da\u010dinn\u00fdm odv\u00e1d\u011bn\u00edm tepla pom\u00e1haj\u00ed extrudovan\u00e9 hlin\u00edkov\u00e9 chladi\u010de p\u0159edch\u00e1zet p\u0159eh\u0159\u00edv\u00e1n\u00ed a prodlu\u017euj\u00ed \u017eivotnost elektronick\u00fdch komponent.<br \/>\n<\/p><br \/>\n<br \/>\n<p><b>8.Jsou extrudovan\u00e9 hlin\u00edkov\u00e9 chladi\u010de odoln\u00e9 proti korozi? <\/b><\/p>\n<p> Ano, hlin\u00edk p\u0159irozen\u011b odol\u00e1v\u00e1 korozi a m\u016f\u017ee b\u00fdt eloxov\u00e1n nebo pota\u017een pro v\u011bt\u0161\u00ed ochranu v n\u00e1ro\u010dn\u00fdch podm\u00ednk\u00e1ch.<br \/>\n<\/p><br \/>\n<br \/>\n<p><b>9.Mohou b\u00fdt extrudovan\u00e9 hlin\u00edkov\u00e9 chladi\u010de eloxov\u00e1ny? <\/b><\/p>\n<p> Ano, eloxov\u00e1n\u00ed extrudovan\u00fdch hlin\u00edkov\u00fdch chladi\u010d\u016f zvy\u0161uje odolnost povrchu, zlep\u0161uje vyza\u0159ov\u00e1n\u00ed tepla a umo\u017e\u0148uje p\u0159izp\u016fsoben\u00ed barev.<br \/>\n<\/p><br \/>\n<br \/>\n<p><b>10.Jak cenov\u011b v\u00fdhodn\u00e9 jsou extrudovan\u00e9 hlin\u00edkov\u00e9 chladi\u010de? <\/b><\/p>\n<p> Extrudovan\u00e9 hlin\u00edkov\u00e9 chladi\u010de jsou vysoce cenov\u011b v\u00fdhodn\u00e9 d\u00edky efektivn\u00ed hromadn\u00e9 v\u00fdrob\u011b, recyklovatelnosti a vynikaj\u00edc\u00edmu tepeln\u00e9mu v\u00fdkonu p\u0159i n\u00edzk\u00fdch n\u00e1kladech na materi\u00e1l.<br \/>\n<\/p><br \/><\/p>","protected":false},"featured_media":6165,"template":"","categories":[58],"class_list":["post-6166","product","type-product","status-publish","has-post-thumbnail","hentry","category-aluminium-extrusion-profiles"],"meta_box":{"hilight_text_group":{"product_hilight_text":"<li>High thermal conductivity for efficient heat dissipation<\/li>\r\r\n<li>Lightweight and strong, suitable for electronic and LED cooling<\/li>\r\r\n<li>Customizable fin designs to optimize airflow and performance<\/li>\r\r\n<li>Corrosion-resistant for reliable long-term operation<\/li>\r\r\n<li>Supports anodized finishes for enhanced durability and aesthetics<\/li>","product_chanpin_chanpin":"<li><a href=\"https:\/\/sinoextrud.com\/product\/aluminium-edge-trim-profiles\/\" target=\"_blank\">Aluminium Edge Trim Profiles<\/a><\/li>\r\n<li><a href=\"https:\/\/sinoextrud.com\/product\/led-plant-growth-light-aluminum-profile\/\" target=\"_blank\">Led Plant Growth Light Aluminum Profile<\/a><\/li>\r\n<li><a href=\"https:\/\/sinoextrud.com\/product\/anodized-small-aluminum-extrusions\/\" target=\"_blank\">Anodized Small Aluminum Extrusions<\/a><\/li>\r\n<li><a href=\"https:\/\/sinoextrud.com\/product\/t-slot-aluminium-extrusion-profile\/\" target=\"_blank\">T Slot Aluminium Extrusion Profile<\/a><\/li>\r\n<li><a href=\"https:\/\/sinoextrud.com\/product\/extruded-aluminum-heatsink\/\" target=\"_blank\">Extruded Aluminum Heatsink<\/a><\/li>\r\n<li><a href=\"https:\/\/sinoextrud.com\/product\/aluminium-light-box-profile\/\" target=\"_blank\">Aluminium Light Box Profile<\/a><\/li>\r\n<li><a href=\"https:\/\/sinoextrud.com\/product\/aluminum-extrusion-gate-barrier-arm-aluminum-profile\/\" target=\"_blank\">Aluminum Extrusion Gate Barrier Arm Aluminum Profile<\/a><\/li>\r\n<li><a href=\"https:\/\/sinoextrud.com\/product\/aluminum-tube-framing\/\" target=\"_blank\">Aluminum Tube Framing<\/a><\/li>\r\n<li><a href=\"https:\/\/sinoextrud.com\/product\/aluminium-extrusion-wood-grain-outdoor-louver-aluminum-profile\/\" target=\"_blank\">Aluminium Extrusion Wood Grain Outdoor Louver Aluminum Profile<\/a><\/li>\r\n<li><a href=\"https:\/\/sinoextrud.com\/product\/aluminium-extrusion-profile-handle\/\" target=\"_blank\">Aluminium Extrusion Profile Handle<\/a><\/li>\r\n<li><a href=\"https:\/\/sinoextrud.com\/product\/40mm-aluminium-extrusion\/\" target=\"_blank\">40mm Aluminium Extrusion<\/a><\/li>"},"feature_list":[]},"_links":{"self":[{"href":"https:\/\/sinoextrud.com\/cs\/wp-json\/wp\/v2\/product\/6166","targetHints":{"allow":["GET"]}}],"collection":[{"href":"https:\/\/sinoextrud.com\/cs\/wp-json\/wp\/v2\/product"}],"about":[{"href":"https:\/\/sinoextrud.com\/cs\/wp-json\/wp\/v2\/types\/product"}],"wp:featuredmedia":[{"embeddable":true,"href":"https:\/\/sinoextrud.com\/cs\/wp-json\/wp\/v2\/media\/6165"}],"wp:attachment":[{"href":"https:\/\/sinoextrud.com\/cs\/wp-json\/wp\/v2\/media?parent=6166"}],"wp:term":[{"taxonomy":"category","embeddable":true,"href":"https:\/\/sinoextrud.com\/cs\/wp-json\/wp\/v2\/categories?post=6166"}],"curies":[{"name":"wp","href":"https:\/\/api.w.org\/{rel}","templated":true}]}}