{"id":6160,"date":"2025-05-25T14:49:44","date_gmt":"2025-05-25T14:49:44","guid":{"rendered":"https:\/\/sinoextrud.com\/product\/led-plant-growth-light-aluminum-profile\/"},"modified":"2025-06-24T03:54:22","modified_gmt":"2025-06-24T03:54:22","slug":"vedl-rust-rostlin-svetla-hlinikovy-profil","status":"publish","type":"product","link":"https:\/\/sinoextrud.com\/cs\/product\/led-plant-growth-light-aluminum-profile\/","title":{"rendered":"vedl r\u016fst rostlin sv\u011btlo hlin\u00edkov\u00fd profil"},"content":{"rendered":"<h2>Podrobnosti o produktech<\/h2>\n<table class=\"custom-table\">\n<tr>\n<td class=\"label\">N\u00e1zev produktu<\/td>\n<td>vedl r\u016fst rostlin sv\u011btlo hlin\u00edkov\u00fd profil<\/td>\n<\/tr>\n<tr>\n<td class=\"label\">Sortiment v\u00fdrobk\u016f<\/td>\n<td>hlin\u00edkov\u00e9 v\u00fdlisky pro p\u011bstov\u00e1n\u00ed vedl sv\u011btlo pro r\u016fst rostlin, sv\u011btlo pro r\u016fst rostlin, sv\u011btlo pro r\u016fst rostlin, r\u016fst rostlin, vedl pro r\u016fst rostlin, sv\u011btlo pro r\u016fst rostlin, atd.<\/td>\n<\/tr>\n<tr>\n<td class=\"label\">Hlin\u00edkov\u00e1 slitina<\/td>\n<td>\u0158ada 1000, \u0159ada 200, \u0159ada 3000, \u0159ada 5000, \u0159ada 6000, \u0159ada 7000<\/td>\n<\/tr>\n<tr>\n<td class=\"label\">Temperament<\/td>\n<td>T3-T8<\/td>\n<\/tr>\n<tr>\n<td class=\"label\">Tvar<\/td>\n<td>p\u0159izp\u016fsoben\u00ed<\/td>\n<\/tr>\n<tr>\n<td class=\"label\">Barva<\/td>\n<td>p\u0159izp\u016fsoben\u00ed<\/td>\n<\/tr>\n<tr>\n<td class=\"label\">Povrchov\u00e1 \u00faprava<\/td>\n<td>fr\u00e9zov\u00e1n\u00ed, eloxov\u00e1n\u00ed, d\u0159ev\u011bn\u00e1 struktura, povrchov\u00e1 \u00faprava, p\u00edskov\u00e1n\u00ed, elektrofor\u00e9za, kart\u00e1\u010dov\u00e1n\u00ed, le\u0161t\u011bn\u00ed atd.<\/td>\n<\/tr>\n<tr>\n<td class=\"label\">Hloubkov\u00e9 zpracov\u00e1n\u00ed CNC<\/td>\n<td>\u0159ez\u00e1n\u00ed, vrt\u00e1n\u00ed, obr\u00e1b\u011bn\u00ed, d\u011brov\u00e1n\u00ed, oh\u00fdb\u00e1n\u00ed, z\u00e1vitov\u00e1n\u00ed atd.<\/td>\n<\/tr>\n<tr>\n<td class=\"label\">Certifikace<\/td>\n<td>CE, ISO, SGS, TUV, ROHS<\/td>\n<\/tr>\n<tr>\n<td class=\"label\">Vzorky<\/td>\n<td>vzorek zdarma. Dod\u00e1n\u00ed do 1-3 dn\u016f.<\/td>\n<\/tr>\n<tr>\n<td class=\"label\">MOQ<\/td>\n<td>200 kg pro ka\u017ed\u00fd profil<\/td>\n<\/tr>\n<tr>\n<td class=\"label\">Doba dod\u00e1n\u00ed<\/td>\n<td>V\u00fdvoj formy a kontrola vzorku trv\u00e1 12-15 dn\u00ed, v\u00fdroba pak 15-25 dn\u00ed po obdr\u017een\u00ed z\u00e1lohy od kupuj\u00edc\u00edho.<\/td>\n<\/tr>\n<tr>\n<td class=\"label\">Platebn\u00ed podm\u00ednky<\/td>\n<td>30% z\u00e1loha p\u0159ed v\u00fdrobou a z\u016fstatek p\u0159ed odesl\u00e1n\u00edm.<\/td>\n<\/tr>\n<\/table>\n<h2>Na\u0161e v\u00fdrobn\u00ed z\u00e1kladna<\/h2>\n<h3>Panorama tov\u00e1rny<\/h3>\n<p><img decoding=\"async\" src=\"\/wp-content\/uploads\/factory-01.webp\"\/><\/p>\n<h3>D\u00edlna na v\u00fdrobu hlin\u00edkov\u00fdch ty\u010d\u00ed<\/h3>\n<p><img decoding=\"async\" src=\"\/wp-content\/uploads\/factory-02.webp\"\/><\/p>\n<p><img decoding=\"async\" src=\"\/wp-content\/uploads\/factory-03.webp\"\/><\/p>\n<h3>Sklad pl\u00edsn\u00ed<\/h3>\n<p><img decoding=\"async\" src=\"\/wp-content\/uploads\/factory-04.webp\"\/><\/p>\n<h3>43 linek na vytla\u010dov\u00e1n\u00ed hlin\u00edku (500 - 5500 tun)<\/h3>\n<p><img decoding=\"async\" src=\"\/wp-content\/uploads\/factory-05.webp\"\/><\/p>\n<p><img decoding=\"async\" src=\"\/wp-content\/uploads\/factory-06.webp\"\/><\/p>\n<p><img decoding=\"async\" src=\"\/wp-content\/uploads\/factory-07.webp\"\/><\/p>\n<h3>D\u00edlna pr\u00e1\u0161kov\u00e9ho lakov\u00e1n\u00ed<\/h3>\n<p><img decoding=\"async\" src=\"\/wp-content\/uploads\/factory-09.webp\"\/><\/p>\n<h3>D\u00edlna eloxov\u00e1n\u00ed<\/h3>\n<p><img decoding=\"async\" src=\"\/wp-content\/uploads\/factory-10.webp\"\/><\/p>\n<h3>Workshop o hloubkov\u00e9m zpracov\u00e1n\u00ed<\/h3>\n<p><img decoding=\"async\" src=\"\/wp-content\/uploads\/factory-11.webp\"\/><\/p>\n<h3>D\u00edlna CNC p\u0159esn\u00e9ho obr\u00e1b\u011bn\u00ed<\/h3>\n<p><img decoding=\"async\" src=\"\/wp-content\/uploads\/factory-11.5.webp\"\/><\/p>\n<h3>Sklad hotov\u00fdch v\u00fdrobk\u016f a exportn\u00ed sklad<\/h3>\n<p><img decoding=\"async\" src=\"\/wp-content\/uploads\/factory-12.webp\"\/><\/p>\n<p><img decoding=\"async\" src=\"\/wp-content\/uploads\/factory-13.webp\"\/><\/p>\n<p><img decoding=\"async\" src=\"\/wp-content\/uploads\/factory-14.webp\"\/><\/p>\n<h2>\u010cASTO KLADEN\u00c9 DOTAZY<\/h2>\n<p><p><b>1.Co je hlin\u00edkov\u00fd profil LED sv\u011btla pro r\u016fst rostlin? <\/b><\/p>\n<p> Hlin\u00edkov\u00fd profil LED sv\u011btla pro p\u011bstov\u00e1n\u00ed rostlin je speci\u00e1ln\u011b navr\u017een\u00fd hlin\u00edkov\u00fd kryt, kter\u00fd podporuje a chlad\u00ed LED sv\u011btla pro p\u011bstov\u00e1n\u00ed rostlin pou\u017e\u00edvan\u00e1 v interi\u00e9rech a sklen\u00edc\u00edch.<br \/>\n<\/p><br \/>\n<br \/>\n<p><b>2.Jak\u00e9 jsou v\u00fdhody pou\u017eit\u00ed hlin\u00edkov\u00fdch profil\u016f pro LED osv\u011btlen\u00ed? <\/b><\/p>\n<p> Hlin\u00edkov\u00e9 profily pro LED sv\u011btla pro p\u011bstov\u00e1n\u00ed rostlin nab\u00edzej\u00ed vynikaj\u00edc\u00ed odvod tepla, lehkou pevnost, konstruk\u010dn\u00ed podporu a profesion\u00e1ln\u00ed nastaven\u00ed osv\u011btlen\u00ed.<br \/>\n<\/p><br \/>\n<br \/>\n<p><b>3.Pro\u010d zvolit hlin\u00edkov\u00e9 profily pro syst\u00e9my osv\u011btlen\u00ed r\u016fstu rostlin? <\/b><\/p>\n<p> Hlin\u00edk je ide\u00e1ln\u00ed pro osv\u011btlen\u00ed r\u016fstu rostlin d\u00edky sv\u00e9 vynikaj\u00edc\u00ed tepeln\u00e9 vodivosti, odolnosti proti korozi a schopnosti udr\u017eet optim\u00e1ln\u00ed v\u00fdkon LED.<br \/>\n<\/p><br \/>\n<br \/>\n<p><b>4.Jak zlep\u0161uj\u00ed hlin\u00edkov\u00e9 profily LED sv\u011btla pro r\u016fst rostlin hospoda\u0159en\u00ed s teplem? <\/b><\/p>\n<p> Tyto hlin\u00edkov\u00e9 profily funguj\u00ed jako chladi\u010de, kter\u00e9 \u00fa\u010dinn\u011b odv\u00e1d\u011bj\u00ed teplo z LED diod a prodlu\u017euj\u00ed tak jejich \u017eivotnost a zaji\u0161\u0165uj\u00ed stabiln\u00ed sv\u011bteln\u00fd v\u00fdkon.<br \/>\n<\/p><br \/>\n<br \/>\n<p><b>5.Jsou hlin\u00edkov\u00e9 profily LED sv\u011bteln\u00fdch zdroj\u016f p\u0159izp\u016fsobiteln\u00e9? <\/b><\/p>\n<p> Ano, hlin\u00edkov\u00e9 profily LED sv\u011btla pro r\u016fst rostlin lze p\u0159izp\u016fsobit d\u00e9lkou, tvarem a povrchovou \u00fapravou tak, aby vyhovovaly konkr\u00e9tn\u00edm n\u00e1vrh\u016fm zahradnick\u00e9ho osv\u011btlen\u00ed.<br \/>\n<\/p><br \/>\n<br \/>\n<p><b>6.Kde se pou\u017e\u00edvaj\u00ed hlin\u00edkov\u00e9 profily LED pro r\u016fst rostlin? <\/b><\/p>\n<p> B\u011b\u017en\u011b se pou\u017e\u00edvaj\u00ed ve vertik\u00e1ln\u00edch farm\u00e1ch, sklen\u00edc\u00edch, hydroponick\u00fdch syst\u00e9mech a vnit\u0159n\u00edch p\u011bstebn\u00edch stanech pro efektivn\u00ed a odolnou instalaci LED sv\u011btel.<br \/>\n<\/p><br \/>\n<br \/>\n<p><b>7.Zvy\u0161uj\u00ed hlin\u00edkov\u00e9 profily odolnost LED sv\u011btel? <\/b><\/p>\n<p> Hlin\u00edkov\u00e9 profily chr\u00e1n\u00ed LED p\u00e1sky p\u0159ed prachem, vlhkost\u00ed a mechanick\u00fdm po\u0161kozen\u00edm, co\u017e zaru\u010duje dlouhodob\u00e9 pou\u017e\u00edv\u00e1n\u00ed v p\u011bstitelsk\u00e9m prost\u0159ed\u00ed.<br \/>\n<\/p><br \/>\n<br \/>\n<p><b>8.Mohou hlin\u00edkov\u00e9 profily LED sv\u011btla zlep\u0161it v\u00fdnos rostlin? <\/b><\/p>\n<p> Ano, tyto profily zaji\u0161\u0165uj\u00ed konzistentn\u00ed sv\u011bteln\u00fd v\u00fdkon a zabra\u0148uj\u00ed p\u0159eh\u0159\u00edv\u00e1n\u00ed, \u010d\u00edm\u017e p\u0159isp\u00edvaj\u00ed ke zdrav\u011bj\u0161\u00edm rostlin\u00e1m a lep\u0161\u00edm v\u00fdnos\u016fm.<br \/>\n<\/p><br \/>\n<br \/>\n<p><b>9.Jak\u00e9 povrchov\u00e9 \u00fapravy jsou k dispozici pro hlin\u00edkov\u00e9 profily LED sv\u011bteln\u00fdch za\u0159\u00edzen\u00ed? <\/b><\/p>\n<p> Hlin\u00edkov\u00e9 profily pro LED sv\u011btla jsou k dispozici v eloxovan\u00e9, pr\u00e1\u0161kov\u00e9 nebo surov\u00e9 povrchov\u00e9 \u00faprav\u011b, kter\u00e1 odpov\u00edd\u00e1 funk\u010dn\u00edm a estetick\u00fdm pot\u0159eb\u00e1m.<br \/>\n<\/p><br \/>\n<br \/>\n<p><b>10.Jsou hlin\u00edkov\u00e9 profily LED pro r\u016fst rostlin snadno instalovateln\u00e9? <\/b><\/p>\n<p> Ano, jsou navr\u017eeny pro snadnou integraci s LED p\u00e1sky a mont\u00e1\u017en\u00edmi syst\u00e9my, co\u017e umo\u017e\u0148uje rychlou instalaci v komer\u010dn\u00edch i dom\u00e1c\u00edch p\u011bstitelsk\u00fdch za\u0159\u00edzen\u00edch.<br \/>\n<\/p><br \/><\/p>","protected":false},"featured_media":6159,"template":"","categories":[58],"class_list":["post-6160","product","type-product","status-publish","has-post-thumbnail","hentry","category-aluminium-extrusion-profiles"],"meta_box":{"hilight_text_group":{"product_hilight_text":"<li>Efficient heat dissipation extends LED lifespan and performance<\/li>\r\r\n<li>Lightweight aluminum reduces overall fixture weight<\/li>\r\r\n<li>Customizable lengths and designs for different grow light systems<\/li>\r\r\n<li>Corrosion-resistant for humid and greenhouse environments<\/li>\r\r\n<li>Supports integrated wiring and lens covers for easy assembly<\/li>","product_chanpin_chanpin":"<li><a href=\"https:\/\/sinoextrud.com\/product\/aluminum-sign-extrusions\/\" target=\"_blank\">Aluminum Sign Extrusions<\/a><\/li>\r\n<li><a href=\"https:\/\/sinoextrud.com\/product\/aluminium-extrusion-motor-body\/\" target=\"_blank\">Aluminium Extrusion Motor Body<\/a><\/li>\r\n<li><a href=\"https:\/\/sinoextrud.com\/product\/aluminium-extrusion-6082-5083-aluminum-alloy-profile\/\" target=\"_blank\">Aluminium Extrusion 6082 5083 Aluminum Alloy Profile<\/a><\/li>\r\n<li><a href=\"https:\/\/sinoextrud.com\/product\/aluminium-edge-trim-profiles\/\" target=\"_blank\">Aluminium Edge Trim Profiles<\/a><\/li>\r\n<li><a href=\"https:\/\/sinoextrud.com\/product\/led-plant-growth-light-aluminum-profile\/\" target=\"_blank\">Led Plant Growth Light Aluminum Profile<\/a><\/li>\r\n<li><a href=\"https:\/\/sinoextrud.com\/product\/anodized-small-aluminum-extrusions\/\" target=\"_blank\">Anodized Small Aluminum Extrusions<\/a><\/li>\r\n<li><a href=\"https:\/\/sinoextrud.com\/product\/t-slot-aluminium-extrusion-profile\/\" target=\"_blank\">T Slot Aluminium Extrusion Profile<\/a><\/li>\r\n<li><a href=\"https:\/\/sinoextrud.com\/product\/extruded-aluminum-heatsink\/\" target=\"_blank\">Extruded Aluminum Heatsink<\/a><\/li>\r\n<li><a href=\"https:\/\/sinoextrud.com\/product\/aluminium-light-box-profile\/\" target=\"_blank\">Aluminium Light Box Profile<\/a><\/li>\r\n<li><a href=\"https:\/\/sinoextrud.com\/product\/aluminum-profile-extrusion-of-heatsink-sections-for-sale\/\" target=\"_blank\">Aluminum Profile Extrusion Of Heatsink Sections For Sale<\/a><\/li>\r\n<li><a href=\"https:\/\/sinoextrud.com\/product\/aluminium-tube-profiles\/\" target=\"_blank\">Aluminium Tube Profiles<\/a><\/li>"},"feature_list":[]},"_links":{"self":[{"href":"https:\/\/sinoextrud.com\/cs\/wp-json\/wp\/v2\/product\/6160","targetHints":{"allow":["GET"]}}],"collection":[{"href":"https:\/\/sinoextrud.com\/cs\/wp-json\/wp\/v2\/product"}],"about":[{"href":"https:\/\/sinoextrud.com\/cs\/wp-json\/wp\/v2\/types\/product"}],"wp:featuredmedia":[{"embeddable":true,"href":"https:\/\/sinoextrud.com\/cs\/wp-json\/wp\/v2\/media\/6159"}],"wp:attachment":[{"href":"https:\/\/sinoextrud.com\/cs\/wp-json\/wp\/v2\/media?parent=6160"}],"wp:term":[{"taxonomy":"category","embeddable":true,"href":"https:\/\/sinoextrud.com\/cs\/wp-json\/wp\/v2\/categories?post=6160"}],"curies":[{"name":"wp","href":"https:\/\/api.w.org\/{rel}","templated":true}]}}