{"id":6156,"date":"2025-05-25T14:43:40","date_gmt":"2025-05-25T14:43:40","guid":{"rendered":"https:\/\/sinoextrud.com\/product\/aluminium-extrusion-6082-5083-aluminum-alloy-profile\/"},"modified":"2025-06-24T03:54:17","modified_gmt":"2025-06-24T03:54:17","slug":"hlinikovy-vylisek-6082-5083-profil-z-hlinikove-slitiny","status":"publish","type":"product","link":"https:\/\/sinoextrud.com\/cs\/product\/aluminium-extrusion-6082-5083-aluminum-alloy-profile\/","title":{"rendered":"Hlin\u00edkov\u00e9 v\u00fdlisky 6082 5083 Profil z hlin\u00edkov\u00e9 slitiny"},"content":{"rendered":"<h2>Podrobnosti o produktech<\/h2>\n<table class=\"custom-table\">\n<tr>\n<td class=\"label\">Polo\u017eka<\/td>\n<td>Hlin\u00edkov\u00e9 v\u00fdlisky 6082 5083 Profil z hlin\u00edkov\u00e9 slitiny<\/td>\n<\/tr>\n<tr>\n<td class=\"label\">Materi\u00e1l<\/td>\n<td>Hlin\u00edk 6082, hlin\u00edk 5082 atd.<\/td>\n<\/tr>\n<tr>\n<td class=\"label\">Temperament<\/td>\n<td>T3 - T8<\/td>\n<\/tr>\n<tr>\n<td class=\"label\">Velikost \/ tlou\u0161\u0165ka<\/td>\n<td>Obecn\u00e1 tlou\u0161\u0165ka profil\u016f od 0,8 do 5,0 mm, d\u00e9lka od 3 m do 6 m nebo na zak\u00e1zku; tlou\u0161\u0165ka eloxovac\u00ed ochrann\u00e9 vrstvy od 8 do 25 um, pr\u00e1\u0161kov\u00e9 lakov\u00e1n\u00ed od 40 do 120 um.<\/td>\n<\/tr>\n<tr>\n<td class=\"label\">Tvar<\/td>\n<td>\u010ctverec, \u00fahel, pod\u00edl T, pod\u00edl U, kulat\u00fd, vlastn\u00ed<\/td>\n<\/tr>\n<tr>\n<td class=\"label\">Aplikace<\/td>\n<td>Hlin\u00edkov\u00e9 profily pro lod\u011b, n\u00e1mo\u0159n\u00ed hlin\u00edkov\u00e9 profily , hlin\u00edkov\u00e9 profily pro jachty<\/td>\n<\/tr>\n<tr>\n<td class=\"label\">Povrchov\u00e1 \u00faprava<\/td>\n<td>Eloxovan\u00e9, pr\u00e1\u0161kov\u00e9 lakov\u00e1n\u00ed<\/td>\n<td>Le\u0161t\u011bn\u00ed, elektrofor\u00e9za<\/td>\n<\/tr>\n<tr>\n<td class=\"label\">Barvy<\/td>\n<td>Podle po\u017eadavk\u016f<\/td>\n<\/tr>\n<tr>\n<td class=\"label\">Hloubkov\u00fd proces<\/td>\n<td>Vrt\u00e1n\u00ed, fr\u00e9zov\u00e1n\u00ed, \u0159ez\u00e1n\u00ed, sva\u0159ov\u00e1n\u00ed, oh\u00fdb\u00e1n\u00ed, mont\u00e1\u017e<\/td>\n<\/tr>\n<tr>\n<td class=\"label\">Certifik\u00e1t<\/td>\n<td>CQM, SGS, CE, BV, SONCAP \/ GB, ISO, JIS, AS, NZS, QUALICOAT, QUOLANOD k dispozici<\/td>\n<\/tr>\n<tr>\n<td class=\"label\">Lodn\u00ed sto\u017e\u00e1ry hlin\u00edkov\u00fd profil<\/td>\n<td>K\u00fdl lodi Marine Chine hlin\u00edkov\u00fd profil<\/td>\n<\/tr>\n<tr>\n<td class=\"label\">Lo\u010f Fendering hlin\u00edkov\u00fd profil<\/td>\n<td>Lo\u010f Tee hlin\u00edkov\u00fd profil<\/td>\n<\/tr>\n<tr>\n<td class=\"label\">Lodn\u00ed v\u00fdtah hlin\u00edkov\u00fd profil<\/td>\n<td>Lodn\u00ed li\u0161ty hlin\u00edkov\u00fd profil<\/td>\n<\/tr>\n<tr>\n<td class=\"label\">Lodn\u00ed p\u0159\u00edv\u011bsy hlin\u00edkov\u00fd profil<\/td>\n<td>Lodn\u00ed paluby domky hlin\u00edkov\u00fd profil<\/td>\n<\/tr>\n<tr>\n<td class=\"label\">R\u00e1my \u010deln\u00edho skla lod\u00ed Hlin\u00edkov\u00fd profil<\/td>\n<td>Lodn\u00ed m\u0159\u00ed\u017eky Hlin\u00edkov\u00fd profil<\/td>\n<\/tr>\n<tr>\n<td class=\"label\">Lodn\u00ed \u017eeb\u0159\u00edky hlin\u00edkov\u00fd profil<\/td>\n<td>Lodn\u00ed z\u00e1bradl\u00ed hlin\u00edkov\u00fd profil<\/td>\n<\/tr>\n<tr>\n<td class=\"label\">Lo\u010f prkno hlin\u00edkov\u00fd profil<\/td>\n<td>Lo\u010f Rub Rail hlin\u00edkov\u00fd profil<\/td>\n<\/tr>\n<tr>\n<td class=\"label\">Lodn\u00ed plachta Track hlin\u00edkov\u00fd profil<\/td>\n<td>Hlin\u00edkov\u00fd profil pro n\u00e1mo\u0159n\u00ed dr\u017e\u00e1ky<\/td>\n<\/tr>\n<tr>\n<td class=\"label\">Lo\u010f Gunnel hlin\u00edkov\u00fd profil<\/td>\n<td>Lodn\u00ed paluby podlahov\u00e9 prkno hlin\u00edkov\u00fd profil<\/td>\n<\/tr>\n<\/table>\n<h2>Na\u0161e v\u00fdrobn\u00ed z\u00e1kladna<\/h2>\n<h3>Panorama tov\u00e1rny<\/h3>\n<p><img decoding=\"async\" src=\"\/wp-content\/uploads\/factory-01.webp\"\/><\/p>\n<h3>D\u00edlna na v\u00fdrobu hlin\u00edkov\u00fdch ty\u010d\u00ed<\/h3>\n<p><img decoding=\"async\" src=\"\/wp-content\/uploads\/factory-02.webp\"\/><\/p>\n<p><img decoding=\"async\" src=\"\/wp-content\/uploads\/factory-03.webp\"\/><\/p>\n<h3>Sklad pl\u00edsn\u00ed<\/h3>\n<p><img decoding=\"async\" src=\"\/wp-content\/uploads\/factory-04.webp\"\/><\/p>\n<h3>43 linek na vytla\u010dov\u00e1n\u00ed hlin\u00edku (500 - 5500 tun)<\/h3>\n<p><img decoding=\"async\" src=\"\/wp-content\/uploads\/factory-05.webp\"\/><\/p>\n<p><img decoding=\"async\" src=\"\/wp-content\/uploads\/factory-06.webp\"\/><\/p>\n<p><img decoding=\"async\" src=\"\/wp-content\/uploads\/factory-07.webp\"\/><\/p>\n<h3>D\u00edlna pr\u00e1\u0161kov\u00e9ho lakov\u00e1n\u00ed<\/h3>\n<p><img decoding=\"async\" src=\"\/wp-content\/uploads\/factory-09.webp\"\/><\/p>\n<h3>D\u00edlna eloxov\u00e1n\u00ed<\/h3>\n<p><img decoding=\"async\" src=\"\/wp-content\/uploads\/factory-10.webp\"\/><\/p>\n<h3>Workshop o hloubkov\u00e9m zpracov\u00e1n\u00ed<\/h3>\n<p><img decoding=\"async\" src=\"\/wp-content\/uploads\/factory-11.webp\"\/><\/p>\n<h3>D\u00edlna CNC p\u0159esn\u00e9ho obr\u00e1b\u011bn\u00ed<\/h3>\n<p><img decoding=\"async\" src=\"\/wp-content\/uploads\/factory-11.5.webp\"\/><\/p>\n<h3>Sklad hotov\u00fdch v\u00fdrobk\u016f a exportn\u00ed sklad<\/h3>\n<p><img decoding=\"async\" src=\"\/wp-content\/uploads\/factory-12.webp\"\/><\/p>\n<p><img decoding=\"async\" src=\"\/wp-content\/uploads\/factory-13.webp\"\/><\/p>\n<p><img decoding=\"async\" src=\"\/wp-content\/uploads\/factory-14.webp\"\/><\/p>\n<h2>\u010cASTO KLADEN\u00c9 DOTAZY<\/h2>\n<p><p><b>1.Co je to hlin\u00edkov\u00fd vytla\u010dovac\u00ed profil ze slitiny 6082 5083? <\/b><\/p>\n<p> Vytla\u010dovan\u00fd hlin\u00edkov\u00fd profil ze slitiny 6082 5083 ozna\u010duje vytla\u010dovan\u00e9 hlin\u00edkov\u00e9 tvary vyroben\u00e9 ze slitin t\u0159\u00eddy 6082 nebo 5083, kter\u00e9 jsou zn\u00e1m\u00e9 svou pevnost\u00ed, odolnost\u00ed proti korozi a struktur\u00e1ln\u00ed integritou.<br \/>\n<\/p><br \/>\n<br \/>\n<p><b>2.Jak\u00e9 jsou v\u00fdhody pou\u017eit\u00ed hlin\u00edkov\u00fdch vytla\u010dovac\u00edch profil\u016f 6082? <\/b><\/p>\n<p> Hlin\u00edkov\u00e9 vytla\u010dovac\u00ed profily 6082 maj\u00ed vysokou mechanickou pevnost, vynikaj\u00edc\u00ed obrobitelnost a dobrou odolnost proti korozi, tak\u017ee jsou ide\u00e1ln\u00ed pro konstruk\u010dn\u00ed aplikace.<br \/>\n<\/p><br \/>\n<br \/>\n<p><b>3.Jak\u00e9 jsou v\u00fdhody hlin\u00edkov\u00fdch vytla\u010dovac\u00edch profil\u016f 5083? <\/b><\/p>\n<p> Hlin\u00edkov\u00e9 vytla\u010dovac\u00ed profily 5083 poskytuj\u00ed vynikaj\u00edc\u00ed odolnost proti korozi, zejm\u00e9na v mo\u0159sk\u00e9m prost\u0159ed\u00ed, spolu s vynikaj\u00edc\u00ed sva\u0159itelnost\u00ed a st\u0159edn\u00ed pevnost\u00ed.<br \/>\n<\/p><br \/>\n<br \/>\n<p><b>4.Jak se li\u0161\u00ed slitiny hlin\u00edku 6082 a 5083? <\/b><\/p>\n<p> Slitina 6082 je zn\u00e1m\u00e1 vysokou pevnost\u00ed a obrobitelnost\u00ed, ide\u00e1ln\u00ed pro konstruk\u010dn\u00ed pou\u017eit\u00ed, zat\u00edmco slitina 5083 je preferov\u00e1na pro svou odolnost proti korozi a sva\u0159itelnost v n\u00e1mo\u0159n\u00edm a chemick\u00e9m prost\u0159ed\u00ed.<br \/>\n<\/p><br \/>\n<br \/>\n<p><b>5.Kde se pou\u017e\u00edvaj\u00ed hlin\u00edkov\u00e9 vytla\u010dovac\u00ed profily 6082? <\/b><\/p>\n<p> Hlin\u00edkov\u00e9 lisovan\u00e9 profily 6082 se d\u00edky sv\u00e9 vysok\u00e9 nosnosti b\u011b\u017en\u011b pou\u017e\u00edvaj\u00ed ve stavebnictv\u00ed, na mostech, v je\u0159\u00e1bech a v doprav\u011b.<br \/>\n<\/p><br \/>\n<br \/>\n<p><b>6.Kde se obvykle pou\u017e\u00edvaj\u00ed hlin\u00edkov\u00e9 vytla\u010dovac\u00ed profily 5083? <\/b><\/p>\n<p> Hlin\u00edkov\u00e9 vytla\u010dovac\u00ed profily 5083 se d\u00edky sv\u00e9 vynikaj\u00edc\u00ed odolnosti proti korozi hojn\u011b pou\u017e\u00edvaj\u00ed p\u0159i stavb\u011b lod\u00ed, pob\u0159e\u017en\u00edch konstrukc\u00ed, n\u00e1dr\u017e\u00ed a tlakov\u00fdch n\u00e1dob.<br \/>\n<\/p><br \/>\n<br \/>\n<p><b>7.Jsou hlin\u00edkov\u00e9 v\u00fdlisky 6082 a 5083 snadno obrobiteln\u00e9? <\/b><\/p>\n<p> Ano, hlin\u00edkov\u00e9 v\u00fdlisky 6082 se snadno obr\u00e1b\u011bj\u00ed s dobrou povrchovou \u00fapravou, zat\u00edmco v\u00fdlisky 5083 se h\u016f\u0159e obr\u00e1b\u011bj\u00ed, ale jsou velmi vhodn\u00e9 pro sva\u0159ov\u00e1n\u00ed a tv\u00e1\u0159en\u00ed.<br \/>\n<\/p><br \/>\n<br \/>\n<p><b>8.Lze eloxovat hlin\u00edkov\u00e9 profily 6082 5083? <\/b><\/p>\n<p> Hlin\u00edkov\u00e9 lisovan\u00e9 profily 6082 i 5083 lze samoz\u0159ejm\u011b eloxovat, aby se zv\u00fd\u0161ila odolnost proti korozi a estetika povrchu.<br \/>\n<\/p><br \/>\n<br \/>\n<p><b>9.Maj\u00ed profily ze slitiny hlin\u00edku 6082 5083 vysokou odolnost? <\/b><\/p>\n<p> Ano, hlin\u00edkov\u00e9 vytla\u010dovac\u00ed profily ze slitin 6082 a 5083 poskytuj\u00ed dlouhou \u017eivotnost v n\u00e1ro\u010dn\u00fdch podm\u00ednk\u00e1ch, v\u010detn\u011b venkovn\u00edho a mo\u0159sk\u00e9ho prost\u0159ed\u00ed.<br \/>\n<\/p><br \/>\n<br \/>\n<p><b>10.Pro\u010d si pro stroj\u00edrensk\u00e9 projekty vybrat hlin\u00edkov\u00e9 v\u00fdlisky 6082 nebo 5083? <\/b><\/p>\n<p> Hlin\u00edkov\u00e9 v\u00fdlisky 6082 a 5083 kombinuj\u00ed pevnost, odolnost proti korozi a n\u00edzkou hmotnost, tak\u017ee jsou ide\u00e1ln\u00ed pro n\u00e1ro\u010dn\u00e9 stroj\u00edrensk\u00e9 a pr\u016fmyslov\u00e9 aplikace.<br \/>\n<\/p><br \/><\/p>","protected":false},"featured_media":6155,"template":"","categories":[58],"class_list":["post-6156","product","type-product","status-publish","has-post-thumbnail","hentry","category-aluminium-extrusion-profiles"],"meta_box":{"hilight_text_group":{"product_hilight_text":"<li>High strength and good machinability, ideal for structural applications<\/li>\r\r\n<li>Excellent corrosion resistance, suitable for marine and outdoor use<\/li>\r\r\n<li>Compatible with welding and surface treatments<\/li>\r\r\n<li>Stable mechanical properties for heavy-duty industrial use<\/li>\r\r\n<li>Available in various shapes and sizes for custom engineering needs<\/li>","product_chanpin_chanpin":"<li><a href=\"https:\/\/sinoextrud.com\/product\/led-strip-lights-aluminum-profile\/\" target=\"_blank\">Led Strip Lights Aluminum Profile<\/a><\/li>\r\n<li><a href=\"https:\/\/sinoextrud.com\/product\/retractable-awning-aluminum-tube\/\" target=\"_blank\">Retractable Awning Aluminum Tube<\/a><\/li>\r\n<li><a href=\"https:\/\/sinoextrud.com\/product\/aluminum-sign-extrusions\/\" target=\"_blank\">Aluminum Sign Extrusions<\/a><\/li>\r\n<li><a href=\"https:\/\/sinoextrud.com\/product\/aluminium-extrusion-motor-body\/\" target=\"_blank\">Aluminium Extrusion Motor Body<\/a><\/li>\r\n<li><a href=\"https:\/\/sinoextrud.com\/product\/aluminium-extrusion-6082-5083-aluminum-alloy-profile\/\" target=\"_blank\">Aluminium Extrusion 6082 5083 Aluminum Alloy Profile<\/a><\/li>\r\n<li><a href=\"https:\/\/sinoextrud.com\/product\/aluminium-edge-trim-profiles\/\" target=\"_blank\">Aluminium Edge Trim Profiles<\/a><\/li>\r\n<li><a href=\"https:\/\/sinoextrud.com\/product\/led-plant-growth-light-aluminum-profile\/\" target=\"_blank\">Led Plant Growth Light Aluminum Profile<\/a><\/li>\r\n<li><a href=\"https:\/\/sinoextrud.com\/product\/anodized-small-aluminum-extrusions\/\" target=\"_blank\">Anodized Small Aluminum Extrusions<\/a><\/li>\r\n<li><a href=\"https:\/\/sinoextrud.com\/product\/t-slot-aluminium-extrusion-profile\/\" target=\"_blank\">T Slot Aluminium Extrusion Profile<\/a><\/li>\r\n<li><a href=\"https:\/\/sinoextrud.com\/product\/aluminum-extrusion-profile-for-clean-room\/\" target=\"_blank\">Aluminum Extrusion Profile For Clean Room<\/a><\/li>\r\n<li><a href=\"https:\/\/sinoextrud.com\/product\/powder-coating-aluminum-window-profile\/\" target=\"_blank\">Powder Coating Aluminum Window Profile<\/a><\/li>"},"feature_list":[]},"_links":{"self":[{"href":"https:\/\/sinoextrud.com\/cs\/wp-json\/wp\/v2\/product\/6156","targetHints":{"allow":["GET"]}}],"collection":[{"href":"https:\/\/sinoextrud.com\/cs\/wp-json\/wp\/v2\/product"}],"about":[{"href":"https:\/\/sinoextrud.com\/cs\/wp-json\/wp\/v2\/types\/product"}],"wp:featuredmedia":[{"embeddable":true,"href":"https:\/\/sinoextrud.com\/cs\/wp-json\/wp\/v2\/media\/6155"}],"wp:attachment":[{"href":"https:\/\/sinoextrud.com\/cs\/wp-json\/wp\/v2\/media?parent=6156"}],"wp:term":[{"taxonomy":"category","embeddable":true,"href":"https:\/\/sinoextrud.com\/cs\/wp-json\/wp\/v2\/categories?post=6156"}],"curies":[{"name":"wp","href":"https:\/\/api.w.org\/{rel}","templated":true}]}}