{"id":6149,"date":"2025-05-25T12:37:02","date_gmt":"2025-05-25T12:37:02","guid":{"rendered":"https:\/\/sinoextrud.com\/product\/retractable-awning-aluminum-tube\/"},"modified":"2025-06-24T03:54:11","modified_gmt":"2025-06-24T03:54:11","slug":"zatahovaci-markyza-hlinikova-trubka","status":"publish","type":"product","link":"https:\/\/sinoextrud.com\/cs\/product\/retractable-awning-aluminum-tube\/","title":{"rendered":"Zatahovac\u00ed mark\u00fdza Hlin\u00edkov\u00e1 trubka"},"content":{"rendered":"<h2>Podrobnosti o produktech<\/h2>\n<table class=\"custom-table\">\n<tr>\n<td class=\"label\">N\u00e1zev produktu<\/td>\n<td>Zatahovac\u00ed mark\u00fdza Hlin\u00edkov\u00e1 trubka<\/td>\n<\/tr>\n<tr>\n<td class=\"label\">Sortiment v\u00fdrobk\u016f<\/td>\n<td>hlin\u00edkov\u00e9 v\u00fdlisky pro v\u00fdsuvn\u00e9 elektrick\u00e9 mark\u00fdzy, hlin\u00edkov\u00e9 v\u00fdsuvn\u00e9 mark\u00fdzy, v\u00fdsuvn\u00e9 mark\u00fdzy, v\u00fdsuvn\u00e9 trubky, v\u00fdsuvn\u00e9 mark\u00fdzy na auta, v\u00fdsuvn\u00e1 ramena mark\u00fdz, v\u00fdsuvn\u00e9 st\u0159\u00ed\u0161ky atd.<\/td>\n<\/tr>\n<tr>\n<td class=\"label\">Hlin\u00edkov\u00e1 slitina<\/td>\n<td>\u0158ada 1000, \u0159ada 200, \u0159ada 3000, \u0159ada 5000, \u0159ada 6000, \u0159ada 7000<\/td>\n<\/tr>\n<tr>\n<td class=\"label\">Temperament<\/td>\n<td>T3-T8<\/td>\n<\/tr>\n<tr>\n<td class=\"label\">Tvar<\/td>\n<td>kulat\u00e9, \u010dtvercov\u00e9 atd.<\/td>\n<\/tr>\n<tr>\n<td class=\"label\">Barva<\/td>\n<td>p\u0159izp\u016fsoben\u00ed<\/td>\n<\/tr>\n<tr>\n<td class=\"label\">Povrchov\u00e1 \u00faprava<\/td>\n<td>fr\u00e9zov\u00e1n\u00ed, eloxov\u00e1n\u00ed, d\u0159ev\u011bn\u00e1 struktura, povrchov\u00e1 \u00faprava, p\u00edskov\u00e1n\u00ed, elektrofor\u00e9za, kart\u00e1\u010dov\u00e1n\u00ed, le\u0161t\u011bn\u00ed atd.<\/td>\n<\/tr>\n<tr>\n<td class=\"label\">Hloubkov\u00e9 zpracov\u00e1n\u00ed CNC<\/td>\n<td>\u0159ez\u00e1n\u00ed, vrt\u00e1n\u00ed, obr\u00e1b\u011bn\u00ed, d\u011brov\u00e1n\u00ed, oh\u00fdb\u00e1n\u00ed, z\u00e1vitov\u00e1n\u00ed atd.<\/td>\n<\/tr>\n<tr>\n<td class=\"label\">Certifikace<\/td>\n<td>CE, ISO, SGS, TUV, ROHS<\/td>\n<\/tr>\n<tr>\n<td class=\"label\">Vzorky<\/td>\n<td>vzorek zdarma. Dod\u00e1n\u00ed do 1-3 dn\u016f.<\/td>\n<\/tr>\n<tr>\n<td class=\"label\">MOQ<\/td>\n<td>200 kg pro ka\u017ed\u00fd profil<\/td>\n<\/tr>\n<tr>\n<td class=\"label\">Doba dod\u00e1n\u00ed<\/td>\n<td>V\u00fdvoj formy a kontrola vzorku trv\u00e1 12-15 dn\u00ed, v\u00fdroba pak 15-25 dn\u00ed po obdr\u017een\u00ed z\u00e1lohy od kupuj\u00edc\u00edho.<\/td>\n<\/tr>\n<tr>\n<td class=\"label\">Platebn\u00ed podm\u00ednky<\/td>\n<td>30% z\u00e1loha p\u0159ed v\u00fdrobou a z\u016fstatek p\u0159ed odesl\u00e1n\u00edm.<\/td>\n<\/tr>\n<\/table>\n<h2>Na\u0161e v\u00fdrobn\u00ed z\u00e1kladna<\/h2>\n<h3>Panorama tov\u00e1rny<\/h3>\n<p><img decoding=\"async\" src=\"\/wp-content\/uploads\/factory-01.webp\"\/><\/p>\n<h3>D\u00edlna na v\u00fdrobu hlin\u00edkov\u00fdch ty\u010d\u00ed<\/h3>\n<p><img decoding=\"async\" src=\"\/wp-content\/uploads\/factory-02.webp\"\/><\/p>\n<p><img decoding=\"async\" src=\"\/wp-content\/uploads\/factory-03.webp\"\/><\/p>\n<h3>Sklad pl\u00edsn\u00ed<\/h3>\n<p><img decoding=\"async\" src=\"\/wp-content\/uploads\/factory-04.webp\"\/><\/p>\n<h3>43 linek na vytla\u010dov\u00e1n\u00ed hlin\u00edku (500 - 5500 tun)<\/h3>\n<p><img decoding=\"async\" src=\"\/wp-content\/uploads\/factory-05.webp\"\/><\/p>\n<p><img decoding=\"async\" src=\"\/wp-content\/uploads\/factory-06.webp\"\/><\/p>\n<p><img decoding=\"async\" src=\"\/wp-content\/uploads\/factory-07.webp\"\/><\/p>\n<h3>D\u00edlna pr\u00e1\u0161kov\u00e9ho lakov\u00e1n\u00ed<\/h3>\n<p><img decoding=\"async\" src=\"\/wp-content\/uploads\/factory-09.webp\"\/><\/p>\n<h3>D\u00edlna eloxov\u00e1n\u00ed<\/h3>\n<p><img decoding=\"async\" src=\"\/wp-content\/uploads\/factory-10.webp\"\/><\/p>\n<h3>Workshop o hloubkov\u00e9m zpracov\u00e1n\u00ed<\/h3>\n<p><img decoding=\"async\" src=\"\/wp-content\/uploads\/factory-11.webp\"\/><\/p>\n<h3>D\u00edlna CNC p\u0159esn\u00e9ho obr\u00e1b\u011bn\u00ed<\/h3>\n<p><img decoding=\"async\" src=\"\/wp-content\/uploads\/factory-11.5.webp\"\/><\/p>\n<h3>Sklad hotov\u00fdch v\u00fdrobk\u016f a exportn\u00ed sklad<\/h3>\n<p><img decoding=\"async\" src=\"\/wp-content\/uploads\/factory-12.webp\"\/><\/p>\n<p><img decoding=\"async\" src=\"\/wp-content\/uploads\/factory-13.webp\"\/><\/p>\n<p><img decoding=\"async\" src=\"\/wp-content\/uploads\/factory-14.webp\"\/><\/p>\n<h2>\u010cASTO KLADEN\u00c9 DOTAZY<\/h2>\n<p><p><b>1.Co je zatahovac\u00ed mark\u00fdza hlin\u00edkov\u00e1 trubka? <\/b><\/p>\n<p> Hlin\u00edkov\u00e1 trubka v\u00fdsuvn\u00e9 mark\u00fdzy je z\u00e1kladn\u00ed konstruk\u010dn\u00ed prvek, kter\u00fd podp\u00edr\u00e1 a nav\u00edj\u00ed l\u00e1tku v\u00fdsuvn\u00fdch mark\u00fdz a nab\u00edz\u00ed pevnost a odolnost proti korozi.<br \/>\n<\/p><br \/>\n<br \/>\n<p><b>2.Jak\u00e9 jsou v\u00fdhody pou\u017eit\u00ed hlin\u00edkov\u00fdch trubek pro v\u00fdsuvn\u00e9 mark\u00fdzy? <\/b><\/p>\n<p> Hlin\u00edkov\u00e9 trubky jsou lehk\u00e9, odoln\u00e9 proti korozi, konstruk\u010dn\u011b stabiln\u00ed a maj\u00ed hladk\u00fd chod, tak\u017ee jsou ide\u00e1ln\u00ed pro zatahovac\u00ed mark\u00fdzy.<br \/>\n<\/p><br \/>\n<br \/>\n<p><b>3.Pro\u010d zvolit hlin\u00edkovou trubku pro v\u00fdsuvnou mark\u00fdzu? <\/b><\/p>\n<p> Hlin\u00edkov\u00e9 trubky jsou pro zatahovac\u00ed mark\u00fdzy v\u00fdhodn\u00e9 d\u00edky vynikaj\u00edc\u00edmu pom\u011bru pevnosti a hmotnosti, odolnosti v\u016f\u010di pov\u011btrnostn\u00edm vliv\u016fm a dlouhodob\u00e9 spolehlivosti.<br \/>\n<\/p><br \/>\n<br \/>\n<p><b>4.Jsou hlin\u00edkov\u00e9 trubky v\u00fdsuvn\u00fdch mark\u00fdz odoln\u00e9 v\u016f\u010di pov\u011btrnostn\u00edm vliv\u016fm? <\/b><\/p>\n<p> Ano, hlin\u00edkov\u00e9 trubky v\u00fdsuvn\u00fdch mark\u00fdz jsou vysoce odoln\u00e9 proti pov\u011btrnostn\u00edm vliv\u016fm a vydr\u017e\u00ed slunce, d\u00e9\u0161\u0165 i v\u00edtr, ani\u017e by \u010dasem zreziv\u011bly nebo se zni\u010dily.<br \/>\n<\/p><br \/>\n<br \/>\n<p><b>5.Mohou hlin\u00edkov\u00e9 trubky zatahovac\u00ed mark\u00fdzy un\u00e9st velk\u00e1 rozp\u011bt\u00ed? <\/b><\/p>\n<p> Vysoce kvalitn\u00ed hlin\u00edkov\u00e9 trubky jsou konstruov\u00e1ny tak, aby unesly \u0161irok\u00e1 rozp\u011bt\u00ed mark\u00fdzov\u00e9 tkaniny, ani\u017e by se oh\u00fdbaly nebo proh\u00fdbaly, a zajistily tak stabiln\u00ed pokryt\u00ed.<br \/>\n<\/p><br \/>\n<br \/>\n<p><b>6.Jak lehk\u00e9 jsou hlin\u00edkov\u00e9 trubky pro v\u00fdsuvn\u00e9 mark\u00fdzy? <\/b><\/p>\n<p> Hlin\u00edkov\u00e9 trubky jsou v\u00fdrazn\u011b leh\u010d\u00ed ne\u017e ocelov\u00e9, co\u017e sni\u017euje zat\u00ed\u017een\u00ed motoru, zjednodu\u0161uje instalaci a zvy\u0161uje snadnost pou\u017eit\u00ed v zasouvac\u00edch syst\u00e9mech.<br \/>\n<\/p><br \/>\n<br \/>\n<p><b>7.Lze hlin\u00edkov\u00e9 trubky p\u0159izp\u016fsobit r\u016fzn\u00fdm konstrukc\u00edm mark\u00fdz? <\/b><\/p>\n<p> Ano, hlin\u00edkov\u00e9 trubky mohou b\u00fdt na\u0159ez\u00e1ny na ur\u010dit\u00e9 d\u00e9lky, eloxov\u00e1ny nebo opat\u0159eny pr\u00e1\u0161kovou barvou, aby se hodily k r\u016fzn\u00fdm styl\u016fm a barevn\u00fdm sch\u00e9mat\u016fm v\u00fdsuvn\u00fdch mark\u00fdz.<br \/>\n<\/p><br \/>\n<br \/>\n<p><b>8.Zvy\u0161uj\u00ed hlin\u00edkov\u00e9 trubky \u017eivotnost v\u00fdsuvn\u00fdch mark\u00fdz? <\/b><\/p>\n<p> Ano, pou\u017eit\u00ed hlin\u00edkov\u00fdch trubek zvy\u0161uje odolnost a provozn\u00ed \u017eivotnost v\u00fdsuvn\u00fdch mark\u00fdz, proto\u017ee odol\u00e1vaj\u00ed korozi a mechanick\u00e9mu opot\u0159eben\u00ed.<br \/>\n<\/p><br \/>\n<br \/>\n<p><b>9.Jak se instaluj\u00ed hlin\u00edkov\u00e9 trubky do v\u00fdsuvn\u00fdch mark\u00fdz? <\/b><\/p>\n<p> Hlin\u00edkov\u00e9 trubky jsou obvykle namontov\u00e1ny do v\u00e1le\u010dkov\u00e9ho mechanismu mark\u00fdzy, zaji\u0161t\u011bny konzolami a koncovkami, co\u017e zaji\u0161\u0165uje hladk\u00e9 zatahov\u00e1n\u00ed a vysouv\u00e1n\u00ed.<br \/>\n<\/p><br \/>\n<br \/>\n<p><b>10.V \u010dem je hlin\u00edk lep\u0161\u00ed ne\u017e ocel pro v\u00fdsuvn\u00e9 mark\u00fdzy? <\/b><\/p>\n<p> Hlin\u00edk je odoln\u00fd proti korozi, je leh\u010d\u00ed a l\u00e9pe se s n\u00edm manipuluje ne\u017e s ocel\u00ed, co\u017e z n\u011bj \u010din\u00ed vynikaj\u00edc\u00ed materi\u00e1l pro zatahovac\u00ed mark\u00fdzy ve venkovn\u00edm prost\u0159ed\u00ed.<br \/>\n<\/p><br \/><\/p>","protected":false},"featured_media":6148,"template":"","categories":[58],"class_list":["post-6149","product","type-product","status-publish","has-post-thumbnail","hentry","category-aluminium-extrusion-profiles"],"meta_box":{"hilight_text_group":{"product_hilight_text":"<li>High-strength aluminum ensures durability and wind resistance<\/li>\r\r\n<li>Lightweight for easy installation and smooth retraction<\/li>\r\r\n<li>Corrosion-resistant finish suitable for outdoor environments<\/li>\r\r\n<li>Supports custom lengths and diameters for various awning systems<\/li>\r\r\n<li>Compatible with manual and motorized retractable mechanisms<\/li>","product_chanpin_chanpin":"<li><a href=\"https:\/\/sinoextrud.com\/product\/aluminium-door-extrusions-profiles\/\" target=\"_blank\">Aluminium Door Extrusions Profiles<\/a><\/li>\r\n<li><a href=\"https:\/\/sinoextrud.com\/product\/aluminium-extrusion-profile-handle\/\" target=\"_blank\">Aluminium Extrusion Profile Handle<\/a><\/li>\r\n<li><a href=\"https:\/\/sinoextrud.com\/product\/linear-rail-aluminium-extrusion\/\" target=\"_blank\">Linear Rail Aluminium Extrusion<\/a><\/li>\r\n<li><a href=\"https:\/\/sinoextrud.com\/product\/led-strip-lights-aluminum-profile\/\" target=\"_blank\">Led Strip Lights Aluminum Profile<\/a><\/li>\r\n<li><a href=\"https:\/\/sinoextrud.com\/product\/retractable-awning-aluminum-tube\/\" target=\"_blank\">Retractable Awning Aluminum Tube<\/a><\/li>\r\n<li><a href=\"https:\/\/sinoextrud.com\/product\/aluminum-sign-extrusions\/\" target=\"_blank\">Aluminum Sign Extrusions<\/a><\/li>\r\n<li><a href=\"https:\/\/sinoextrud.com\/product\/aluminium-extrusion-motor-body\/\" target=\"_blank\">Aluminium Extrusion Motor Body<\/a><\/li>\r\n<li><a href=\"https:\/\/sinoextrud.com\/product\/aluminium-extrusion-6082-5083-aluminum-alloy-profile\/\" target=\"_blank\">Aluminium Extrusion 6082 5083 Aluminum Alloy Profile<\/a><\/li>\r\n<li><a href=\"https:\/\/sinoextrud.com\/product\/aluminium-edge-trim-profiles\/\" target=\"_blank\">Aluminium Edge Trim Profiles<\/a><\/li>\r\n<li><a href=\"https:\/\/sinoextrud.com\/product\/aluminum-machining-round-tube-processing-by-aluminum-profile-cad-vs-aluminium-alloy-customized-anodized\/\" target=\"_blank\">aluminum machining round tube processing by aluminum profile cad  vs aluminium alloy Customized Anodized<\/a><\/li>\r\n<li><a href=\"https:\/\/sinoextrud.com\/product\/aluminum-casement-door\/\" target=\"_blank\">Aluminum Casement Door<\/a><\/li>"},"feature_list":[]},"_links":{"self":[{"href":"https:\/\/sinoextrud.com\/cs\/wp-json\/wp\/v2\/product\/6149","targetHints":{"allow":["GET"]}}],"collection":[{"href":"https:\/\/sinoextrud.com\/cs\/wp-json\/wp\/v2\/product"}],"about":[{"href":"https:\/\/sinoextrud.com\/cs\/wp-json\/wp\/v2\/types\/product"}],"wp:featuredmedia":[{"embeddable":true,"href":"https:\/\/sinoextrud.com\/cs\/wp-json\/wp\/v2\/media\/6148"}],"wp:attachment":[{"href":"https:\/\/sinoextrud.com\/cs\/wp-json\/wp\/v2\/media?parent=6149"}],"wp:term":[{"taxonomy":"category","embeddable":true,"href":"https:\/\/sinoextrud.com\/cs\/wp-json\/wp\/v2\/categories?post=6149"}],"curies":[{"name":"wp","href":"https:\/\/api.w.org\/{rel}","templated":true}]}}