{"id":6147,"date":"2025-05-25T12:35:12","date_gmt":"2025-05-25T12:35:12","guid":{"rendered":"https:\/\/sinoextrud.com\/product\/led-strip-lights-aluminum-profile\/"},"modified":"2025-06-24T03:54:08","modified_gmt":"2025-06-24T03:54:08","slug":"vedl-svetelny-pas-hlinikovy-profil","status":"publish","type":"product","link":"https:\/\/sinoextrud.com\/cs\/product\/led-strip-lights-aluminum-profile\/","title":{"rendered":"vedl p\u00e1s sv\u011btla hlin\u00edkov\u00fd profil"},"content":{"rendered":"<h2>Podrobnosti o produktech<\/h2>\n<table class=\"custom-table\">\n<tr>\n<td class=\"label\">N\u00e1zev produktu<\/td>\n<td>vedl p\u00e1s sv\u011btla hlin\u00edkov\u00fd profil<\/td>\n<\/tr>\n<tr>\n<td class=\"label\">Sortiment v\u00fdrobk\u016f<\/td>\n<td>hlin\u00edkov\u00e9 v\u00fdlisky pro LED profil, hlin\u00edkov\u00fd profil ve tvaru L, hlin\u00edkov\u00fd profil pro LED, hlin\u00edkov\u00fd profil pro LED p\u00e1sky, 2835 smd led pcb hlin\u00edk, hlin\u00edk led, atd.<\/td>\n<\/tr>\n<tr>\n<td class=\"label\">Vhodn\u00e9 syst\u00e9my Typy<\/td>\n<td>led sv\u011bteln\u00fd p\u00e1sek, led sv\u011bteln\u00fd p\u00e1sek strop, led sv\u011bteln\u00fd p\u00e1sek venkovn\u00ed, p\u00e1sek osv\u011btlen\u00ed velk\u00e9 velikosti, hlin\u00edkov\u00e9 led profily prou\u017eky sv\u011btla, hlin\u00edkov\u00e9 sv\u011bteln\u00e9 p\u00e1sy led profily, led sv\u011bteln\u00fd p\u00e1sek \u010dtverec, atd.<\/td>\n<\/tr>\n<tr>\n<td class=\"label\">Hlin\u00edkov\u00e1 slitina<\/td>\n<td>\u0158ada 1000, \u0159ada 200, \u0159ada 3000, \u0159ada 5000, \u0159ada 6000, \u0159ada 7000<\/td>\n<\/tr>\n<tr>\n<td class=\"label\">Temperament<\/td>\n<td>T3-T8<\/td>\n<\/tr>\n<tr>\n<td class=\"label\">Tvar<\/td>\n<td>ve tvaru p\u00edsmene T, I, U, kruhov\u00e9ho tvaru atd.<\/td>\n<\/tr>\n<tr>\n<td class=\"label\">Barva<\/td>\n<td>p\u0159izp\u016fsoben\u00ed<\/td>\n<\/tr>\n<tr>\n<td class=\"label\">Povrchov\u00e1 \u00faprava<\/td>\n<td>fr\u00e9zov\u00e1n\u00ed, eloxov\u00e1n\u00ed, d\u0159ev\u011bn\u00e1 struktura, povrchov\u00e1 \u00faprava, p\u00edskov\u00e1n\u00ed, elektrofor\u00e9za, kart\u00e1\u010dov\u00e1n\u00ed, le\u0161t\u011bn\u00ed atd.<\/td>\n<\/tr>\n<tr>\n<td class=\"label\">Hloubkov\u00e9 zpracov\u00e1n\u00ed CNC<\/td>\n<td>\u0159ez\u00e1n\u00ed, vrt\u00e1n\u00ed, obr\u00e1b\u011bn\u00ed, d\u011brov\u00e1n\u00ed, oh\u00fdb\u00e1n\u00ed, z\u00e1vitov\u00e1n\u00ed atd.<\/td>\n<\/tr>\n<tr>\n<td class=\"label\">Certifikace<\/td>\n<td>CE, ISO, SGS, TUV, ROHS<\/td>\n<\/tr>\n<tr>\n<td class=\"label\">Vzorky<\/td>\n<td>vzorek zdarma. Dod\u00e1n\u00ed do 1-3 dn\u016f.<\/td>\n<\/tr>\n<tr>\n<td class=\"label\">MOQ<\/td>\n<td>200 kg pro ka\u017ed\u00fd profil<\/td>\n<\/tr>\n<tr>\n<td class=\"label\">Doba dod\u00e1n\u00ed<\/td>\n<td>V\u00fdvoj formy a kontrola vzorku trv\u00e1 12-15 dn\u00ed, v\u00fdroba pak 15-25 dn\u00ed po obdr\u017een\u00ed z\u00e1lohy od kupuj\u00edc\u00edho.<\/td>\n<\/tr>\n<tr>\n<td class=\"label\">Platebn\u00ed podm\u00ednky<\/td>\n<td>30% z\u00e1loha p\u0159ed v\u00fdrobou a z\u016fstatek p\u0159ed odesl\u00e1n\u00edm.<\/td>\n<\/tr>\n<\/table>\n<h2>Na\u0161e v\u00fdrobn\u00ed z\u00e1kladna<\/h2>\n<h3>Panorama tov\u00e1rny<\/h3>\n<p><img decoding=\"async\" src=\"\/wp-content\/uploads\/factory-01.webp\"\/><\/p>\n<h3>D\u00edlna na v\u00fdrobu hlin\u00edkov\u00fdch ty\u010d\u00ed<\/h3>\n<p><img decoding=\"async\" src=\"\/wp-content\/uploads\/factory-02.webp\"\/><\/p>\n<p><img decoding=\"async\" src=\"\/wp-content\/uploads\/factory-03.webp\"\/><\/p>\n<h3>Sklad pl\u00edsn\u00ed<\/h3>\n<p><img decoding=\"async\" src=\"\/wp-content\/uploads\/factory-04.webp\"\/><\/p>\n<h3>43 linek na vytla\u010dov\u00e1n\u00ed hlin\u00edku (500 - 5500 tun)<\/h3>\n<p><img decoding=\"async\" src=\"\/wp-content\/uploads\/factory-05.webp\"\/><\/p>\n<p><img decoding=\"async\" src=\"\/wp-content\/uploads\/factory-06.webp\"\/><\/p>\n<p><img decoding=\"async\" src=\"\/wp-content\/uploads\/factory-07.webp\"\/><\/p>\n<h3>D\u00edlna pr\u00e1\u0161kov\u00e9ho lakov\u00e1n\u00ed<\/h3>\n<p><img decoding=\"async\" src=\"\/wp-content\/uploads\/factory-09.webp\"\/><\/p>\n<h3>D\u00edlna eloxov\u00e1n\u00ed<\/h3>\n<p><img decoding=\"async\" src=\"\/wp-content\/uploads\/factory-10.webp\"\/><\/p>\n<h3>Workshop o hloubkov\u00e9m zpracov\u00e1n\u00ed<\/h3>\n<p><img decoding=\"async\" src=\"\/wp-content\/uploads\/factory-11.webp\"\/><\/p>\n<h3>D\u00edlna CNC p\u0159esn\u00e9ho obr\u00e1b\u011bn\u00ed<\/h3>\n<p><img decoding=\"async\" src=\"\/wp-content\/uploads\/factory-11.5.webp\"\/><\/p>\n<h3>Sklad hotov\u00fdch v\u00fdrobk\u016f a exportn\u00ed sklad<\/h3>\n<p><img decoding=\"async\" src=\"\/wp-content\/uploads\/factory-12.webp\"\/><\/p>\n<p><img decoding=\"async\" src=\"\/wp-content\/uploads\/factory-13.webp\"\/><\/p>\n<p><img decoding=\"async\" src=\"\/wp-content\/uploads\/factory-14.webp\"\/><\/p>\n<h2>\u010cASTO KLADEN\u00c9 DOTAZY<\/h2>\n<p><p><b>1.Co je hlin\u00edkov\u00fd profil LED p\u00e1skov\u00fdch sv\u011btel? <\/b><\/p>\n<p> Hlin\u00edkov\u00fd profil LED p\u00e1skov\u00fdch sv\u011btel je kan\u00e1l pouzdra ur\u010den\u00fd k ulo\u017een\u00ed a ochran\u011b LED p\u00e1skov\u00fdch sv\u011btel, kter\u00fd zaji\u0161\u0165uje lep\u0161\u00ed odvod tepla a \u010dist\u00fd povrch osv\u011btlen\u00ed.<br \/>\n<\/p><br \/>\n<br \/>\n<p><b>2.Jak\u00e9 jsou v\u00fdhody pou\u017eit\u00ed hlin\u00edkov\u00fdch profil\u016f pro LED p\u00e1skov\u00e1 sv\u011btla? <\/b><\/p>\n<p> Hlin\u00edkov\u00e9 profily pro LED p\u00e1sky nab\u00edzej\u00ed lep\u0161\u00ed odvod tepla, del\u0161\u00ed \u017eivotnost LED diod, lep\u0161\u00ed estetiku osv\u011btlen\u00ed a zv\u00fd\u0161enou ochranu proti prachu a po\u0161kozen\u00ed.<br \/>\n<\/p><br \/>\n<br \/>\n<p><b>3.Pro\u010d pou\u017e\u00edvat hlin\u00edkov\u00fd profil se sv\u011bteln\u00fdmi LED p\u00e1sky? <\/b><\/p>\n<p> Pou\u017eit\u00ed hlin\u00edkov\u00e9ho profilu se sv\u011bteln\u00fdmi p\u00e1sky LED zaji\u0161\u0165uje rovnom\u011brn\u00e9 rozlo\u017een\u00ed sv\u011btla, sni\u017euje zah\u0159\u00edv\u00e1n\u00ed a dod\u00e1v\u00e1 instalaci profesion\u00e1ln\u00ed, le\u0161t\u011bn\u00fd vzhled.<br \/>\n<\/p><br \/>\n<br \/>\n<p><b>4.Snadno se instaluj\u00ed hlin\u00edkov\u00e9 profily LED? <\/b><\/p>\n<p> Ano, hlin\u00edkov\u00e9 profily LED p\u00e1sk\u016f se snadno instaluj\u00ed pomoc\u00ed mont\u00e1\u017en\u00edch klip\u016f, lepic\u00ed podlo\u017eky nebo \u0161roubovac\u00edch syst\u00e9m\u016f pro stropy, sk\u0159\u00edn\u011b a st\u011bny.<br \/>\n<\/p><br \/>\n<br \/>\n<p><b>5.Can LED p\u00e1sek sv\u011btla hlin\u00edkov\u00e9 profily b\u00fdt p\u0159izp\u016fsobeny? <\/b><\/p>\n<p> Hlin\u00edkov\u00e9 profily LED se dod\u00e1vaj\u00ed v r\u016fzn\u00fdch tvarech, d\u00e9lk\u00e1ch a variant\u00e1ch kryt\u00ed a lze je \u0159ezat podle konkr\u00e9tn\u00edch po\u017eadavk\u016f na instalaci.<br \/>\n<\/p><br \/>\n<br \/>\n<p><b>6.Zlep\u0161uj\u00ed hlin\u00edkov\u00e9 profily v\u00fdkon sv\u011bteln\u00fdch LED p\u00e1sk\u016f? <\/b><\/p>\n<p> Ano, hlin\u00edkov\u00e9 profily zlep\u0161uj\u00ed v\u00fdkon LED t\u00edm, \u017ee \u00fa\u010dinn\u011b odv\u00e1d\u011bj\u00ed teplo, co\u017e pom\u00e1h\u00e1 udr\u017eovat jas a prodlu\u017euje \u017eivotnost sv\u011btla.<br \/>\n<\/p><br \/>\n<br \/>\n<p><b>7.Kde lze pou\u017e\u00edt hlin\u00edkov\u00e9 profily LED p\u00e1sk\u016f? <\/b><\/p>\n<p> Hlin\u00edkov\u00e9 profily LED jsou ide\u00e1ln\u00ed pro kuchyn\u011b, kancel\u00e1\u0159e, prodejn\u00ed vitr\u00edny, schodi\u0161t\u011b a osv\u011btlen\u00ed pod sk\u0159\u00ed\u0148kami a nab\u00edzej\u00ed elegantn\u00ed a chr\u00e1n\u011bnou integraci sv\u011btla.<br \/>\n<\/p><br \/>\n<br \/>\n<p><b>8.Jak\u00e9 typy kryt\u016f jsou k dispozici pro hlin\u00edkov\u00e9 profily LED? <\/b><\/p>\n<p> Hlin\u00edkov\u00e9 profily LED se obvykle dod\u00e1vaj\u00ed s \u010dir\u00fdmi, matn\u00fdmi nebo op\u00e1lov\u00fdmi difuzory, kter\u00e9 zm\u00edr\u0148uj\u00ed sv\u011bteln\u00fd tok a eliminuj\u00ed hork\u00e1 m\u00edsta, \u010d\u00edm\u017e zaji\u0161\u0165uj\u00ed plynul\u00fd sv\u011bteln\u00fd efekt.<br \/>\n<\/p><br \/>\n<br \/>\n<p><b>9.Jsou hlin\u00edkov\u00e9 profily LED p\u00e1sk\u016f kompatibiln\u00ed se v\u0161emi LED p\u00e1sky? <\/b><\/p>\n<p> V\u011bt\u0161ina hlin\u00edkov\u00fdch profil\u016f LED je kompatibiln\u00ed s p\u00e1sky LED standardn\u00ed \u0161\u00ed\u0159ky, ale p\u0159ed instalac\u00ed je d\u016fle\u017eit\u00e9 zkontrolovat rozm\u011bry kan\u00e1lu.<br \/>\n<\/p><br \/>\n<br \/>\n<p><b>10.Jak hlin\u00edkov\u00e9 profily zlep\u0161uj\u00ed vzhled osv\u011btlen\u00ed LED p\u00e1sky? <\/b><\/p>\n<p> Hlin\u00edkov\u00e9 profily poskytuj\u00ed \u010dist\u00fd, modern\u00ed povrch, proto\u017ee skr\u00fdvaj\u00ed kabely, rovnom\u011brn\u011b rozptyluj\u00ed sv\u011btlo a vytv\u00e1\u0159ej\u00ed elegantn\u00ed architektonick\u00fd efekt osv\u011btlen\u00ed.<br \/>\n<\/p><br \/><\/p>","protected":false},"featured_media":6146,"template":"","categories":[58],"class_list":["post-6147","product","type-product","status-publish","has-post-thumbnail","hentry","category-aluminium-extrusion-profiles"],"meta_box":{"hilight_text_group":{"product_hilight_text":"<li>Provides efficient heat dissipation to extend LED lifespan<\/li>\r\r\n<li>Enhances light diffusion for uniform illumination<\/li>\r\r\n<li>Supports surface, recessed, and corner mounting options<\/li>\r\r\n<li>Protects LED strips from dust and physical damage<\/li>\r\r\n<li>Custom lengths and cover types available for versatile applications<\/li>","product_chanpin_chanpin":"<li><a href=\"https:\/\/sinoextrud.com\/product\/large-aluminum-extrusion-2\/\" target=\"_blank\">Large Aluminum Extrusion<\/a><\/li>\r\n<li><a href=\"https:\/\/sinoextrud.com\/product\/aluminium-door-extrusions-profiles\/\" target=\"_blank\">Aluminium Door Extrusions Profiles<\/a><\/li>\r\n<li><a href=\"https:\/\/sinoextrud.com\/product\/aluminium-extrusion-profile-handle\/\" target=\"_blank\">Aluminium Extrusion Profile Handle<\/a><\/li>\r\n<li><a href=\"https:\/\/sinoextrud.com\/product\/linear-rail-aluminium-extrusion\/\" target=\"_blank\">Linear Rail Aluminium Extrusion<\/a><\/li>\r\n<li><a href=\"https:\/\/sinoextrud.com\/product\/led-strip-lights-aluminum-profile\/\" target=\"_blank\">Led Strip Lights Aluminum Profile<\/a><\/li>\r\n<li><a href=\"https:\/\/sinoextrud.com\/product\/retractable-awning-aluminum-tube\/\" target=\"_blank\">Retractable Awning Aluminum Tube<\/a><\/li>\r\n<li><a href=\"https:\/\/sinoextrud.com\/product\/aluminum-sign-extrusions\/\" target=\"_blank\">Aluminum Sign Extrusions<\/a><\/li>\r\n<li><a href=\"https:\/\/sinoextrud.com\/product\/aluminium-extrusion-motor-body\/\" target=\"_blank\">Aluminium Extrusion Motor Body<\/a><\/li>\r\n<li><a href=\"https:\/\/sinoextrud.com\/product\/aluminium-extrusion-6082-5083-aluminum-alloy-profile\/\" target=\"_blank\">Aluminium Extrusion 6082 5083 Aluminum Alloy Profile<\/a><\/li>\r\n<li><a href=\"https:\/\/sinoextrud.com\/product\/aluminum-square-tube-powder-coating-6063-t5-extruded-profiles\/\" target=\"_blank\">aluminum square tube powder coating 6063 t5 extruded profiles<\/a><\/li>\r\n<li><a href=\"https:\/\/sinoextrud.com\/product\/aluminium-edge-trim-profiles\/\" target=\"_blank\">Aluminium Edge Trim Profiles<\/a><\/li>"},"feature_list":[]},"_links":{"self":[{"href":"https:\/\/sinoextrud.com\/cs\/wp-json\/wp\/v2\/product\/6147","targetHints":{"allow":["GET"]}}],"collection":[{"href":"https:\/\/sinoextrud.com\/cs\/wp-json\/wp\/v2\/product"}],"about":[{"href":"https:\/\/sinoextrud.com\/cs\/wp-json\/wp\/v2\/types\/product"}],"wp:featuredmedia":[{"embeddable":true,"href":"https:\/\/sinoextrud.com\/cs\/wp-json\/wp\/v2\/media\/6146"}],"wp:attachment":[{"href":"https:\/\/sinoextrud.com\/cs\/wp-json\/wp\/v2\/media?parent=6147"}],"wp:term":[{"taxonomy":"category","embeddable":true,"href":"https:\/\/sinoextrud.com\/cs\/wp-json\/wp\/v2\/categories?post=6147"}],"curies":[{"name":"wp","href":"https:\/\/api.w.org\/{rel}","templated":true}]}}