{"id":6139,"date":"2025-05-24T15:07:45","date_gmt":"2025-05-24T15:07:45","guid":{"rendered":"https:\/\/sinoextrud.com\/product\/aluminium-extrusion-profile-handle\/"},"modified":"2025-06-24T03:54:04","modified_gmt":"2025-06-24T03:54:04","slug":"rukojet-z-hlinikoveho-vytlacovaciho-profilu","status":"publish","type":"product","link":"https:\/\/sinoextrud.com\/cs\/product\/aluminium-extrusion-profile-handle\/","title":{"rendered":"Rukoje\u0165 z hlin\u00edkov\u00e9ho vytla\u010dovac\u00edho profilu"},"content":{"rendered":"<h2>Podrobnosti o produktech<\/h2>\n<table class=\"custom-table\">\n<tr>\n<td class=\"label\">N\u00e1zev produktu<\/td>\n<td>rukoje\u0165 z hlin\u00edkov\u00e9ho vytla\u010dovac\u00edho profilu<\/td>\n<\/tr>\n<tr>\n<td class=\"label\">Sortiment v\u00fdrobk\u016f<\/td>\n<td>hlin\u00edkov\u00e9 v\u00fdlisky pro hlin\u00edkov\u00e9 rukojeti, hlin\u00edkov\u00e9 rukojeti pro okna, hlin\u00edkov\u00e9 rukojeti zubn\u00edch kart\u00e1\u010dk\u016f, hlin\u00edkov\u00e9 knofl\u00edky rukojet\u00ed, hlin\u00edkov\u00e9 rukojeti na zak\u00e1zku atd.<\/td>\n<\/tr>\n<tr>\n<td class=\"label\">Vhodn\u00e9 syst\u00e9my Typy<\/td>\n<td>hlin\u00edkov\u00e9 sp\u00edna\u010de \u0159\u00edd\u00edtek motocyklu, hlin\u00edkov\u00e1 \u0159\u00edd\u00edtka j\u00edzdn\u00edho kola, hlin\u00edkov\u00e1 \u0161t\u011brkov\u00e1 \u0159\u00edd\u00edtka, okenn\u00ed kliky pro hlin\u00edkov\u00e9 dve\u0159e a okna, kliky posuvn\u00fdch dve\u0159\u00ed pro hlin\u00edkov\u00e1 okna, hlin\u00edkov\u00e9 profilov\u00e9 kliky, kuchy\u0148sk\u00e9 hlin\u00edkov\u00e9 profilov\u00e9 kliky, kliky hlin\u00edkov\u00fdch profil\u016f n\u00e1bytkov\u00fdch sk\u0159\u00edn\u00ed, skryt\u00e9 hlin\u00edkov\u00e9 profilov\u00e9 kliky, modern\u00ed hlin\u00edkov\u00e9 profilov\u00e9 kliky sk\u0159\u00edn\u00ed atd.<\/td>\n<\/tr>\n<tr>\n<td class=\"label\">Hlin\u00edkov\u00e1 slitina<\/td>\n<td>\u0158ada 1000, \u0159ada 200, \u0159ada 3000, \u0159ada 5000, \u0159ada 6000, \u0159ada 7000<\/td>\n<\/tr>\n<tr>\n<td class=\"label\">Temperament<\/td>\n<td>T3-T8<\/td>\n<\/tr>\n<tr>\n<td class=\"label\">Tvar<\/td>\n<td>p\u0159izp\u016fsoben\u00ed<\/td>\n<\/tr>\n<tr>\n<td class=\"label\">Barva<\/td>\n<td>p\u0159izp\u016fsoben\u00ed<\/td>\n<\/tr>\n<tr>\n<td class=\"label\">Povrchov\u00e1 \u00faprava<\/td>\n<td>fr\u00e9zov\u00e1n\u00ed, eloxov\u00e1n\u00ed, d\u0159ev\u011bn\u00e1 struktura, povrchov\u00e1 \u00faprava, p\u00edskov\u00e1n\u00ed, elektrofor\u00e9za, kart\u00e1\u010dov\u00e1n\u00ed, le\u0161t\u011bn\u00ed atd.<\/td>\n<\/tr>\n<tr>\n<td class=\"label\">Hloubkov\u00e9 zpracov\u00e1n\u00ed CNC<\/td>\n<td>\u0159ez\u00e1n\u00ed, vrt\u00e1n\u00ed, obr\u00e1b\u011bn\u00ed, d\u011brov\u00e1n\u00ed, oh\u00fdb\u00e1n\u00ed, z\u00e1vitov\u00e1n\u00ed atd.<\/td>\n<\/tr>\n<tr>\n<td class=\"label\">Certifikace<\/td>\n<td>CE, ISO, SGS, TUV, ROHS<\/td>\n<\/tr>\n<tr>\n<td class=\"label\">Vzorky<\/td>\n<td>vzorek zdarma. Dod\u00e1n\u00ed do 1-3 dn\u016f.<\/td>\n<\/tr>\n<tr>\n<td class=\"label\">MOQ<\/td>\n<td>200 kg pro ka\u017ed\u00fd profil<\/td>\n<\/tr>\n<tr>\n<td class=\"label\">Doba dod\u00e1n\u00ed<\/td>\n<td>V\u00fdvoj formy a kontrola vzorku trv\u00e1 12-15 dn\u00ed, v\u00fdroba pak 15-25 dn\u00ed po obdr\u017een\u00ed z\u00e1lohy od kupuj\u00edc\u00edho.<\/td>\n<\/tr>\n<tr>\n<td class=\"label\">Platebn\u00ed podm\u00ednky<\/td>\n<td>30% z\u00e1loha p\u0159ed v\u00fdrobou a z\u016fstatek p\u0159ed odesl\u00e1n\u00edm.<\/td>\n<\/tr>\n<\/table>\n<h2>Na\u0161e v\u00fdrobn\u00ed z\u00e1kladna<\/h2>\n<h3>Panorama tov\u00e1rny<\/h3>\n<p><img decoding=\"async\" src=\"\/wp-content\/uploads\/factory-01.webp\"\/><\/p>\n<h3>D\u00edlna na v\u00fdrobu hlin\u00edkov\u00fdch ty\u010d\u00ed<\/h3>\n<p><img decoding=\"async\" src=\"\/wp-content\/uploads\/factory-02.webp\"\/><\/p>\n<p><img decoding=\"async\" src=\"\/wp-content\/uploads\/factory-03.webp\"\/><\/p>\n<h3>Sklad pl\u00edsn\u00ed<\/h3>\n<p><img decoding=\"async\" src=\"\/wp-content\/uploads\/factory-04.webp\"\/><\/p>\n<h3>43 linek na vytla\u010dov\u00e1n\u00ed hlin\u00edku (500 - 5500 tun)<\/h3>\n<p><img decoding=\"async\" src=\"\/wp-content\/uploads\/factory-05.webp\"\/><\/p>\n<p><img decoding=\"async\" src=\"\/wp-content\/uploads\/factory-06.webp\"\/><\/p>\n<p><img decoding=\"async\" src=\"\/wp-content\/uploads\/factory-07.webp\"\/><\/p>\n<h3>D\u00edlna pr\u00e1\u0161kov\u00e9ho lakov\u00e1n\u00ed<\/h3>\n<p><img decoding=\"async\" src=\"\/wp-content\/uploads\/factory-09.webp\"\/><\/p>\n<h3>D\u00edlna eloxov\u00e1n\u00ed<\/h3>\n<p><img decoding=\"async\" src=\"\/wp-content\/uploads\/factory-10.webp\"\/><\/p>\n<h3>Workshop o hloubkov\u00e9m zpracov\u00e1n\u00ed<\/h3>\n<p><img decoding=\"async\" src=\"\/wp-content\/uploads\/factory-11.webp\"\/><\/p>\n<h3>D\u00edlna CNC p\u0159esn\u00e9ho obr\u00e1b\u011bn\u00ed<\/h3>\n<p><img decoding=\"async\" src=\"\/wp-content\/uploads\/factory-11.5.webp\"\/><\/p>\n<h3>Sklad hotov\u00fdch v\u00fdrobk\u016f a exportn\u00ed sklad<\/h3>\n<p><img decoding=\"async\" src=\"\/wp-content\/uploads\/factory-12.webp\"\/><\/p>\n<p><img decoding=\"async\" src=\"\/wp-content\/uploads\/factory-13.webp\"\/><\/p>\n<p><img decoding=\"async\" src=\"\/wp-content\/uploads\/factory-14.webp\"\/><\/p>\n<h2>\u010cASTO KLADEN\u00c9 DOTAZY<\/h2>\n<p><p><b>1.Co je to rukoje\u0165 z hlin\u00edkov\u00e9ho vytla\u010dovac\u00edho profilu? <\/b><\/p>\n<p> Hlin\u00edkov\u00e1 profilov\u00e1 rukoje\u0165 je rukoje\u0165 nebo t\u00e1hlo vyroben\u00e9 z extrudovan\u00e9ho hlin\u00edku, kter\u00e9 se b\u011b\u017en\u011b pou\u017e\u00edv\u00e1 ve sk\u0159\u00edn\u00edch, dve\u0159\u00edch, z\u00e1suvk\u00e1ch a pr\u016fmyslov\u00fdch sk\u0159\u00edn\u00edch.<br \/>\n<\/p><br \/>\n<br \/>\n<p><b>2.Jak\u00e9 jsou v\u00fdhody pou\u017eit\u00ed hlin\u00edkov\u00fdch profilov\u00fdch \u00fachytek? <\/b><\/p>\n<p> Rukojeti z hlin\u00edkov\u00fdch profil\u016f nab\u00edzej\u00ed lehkou pevnost, odolnost proti korozi, modern\u00ed estetiku a snadn\u00e9 p\u0159izp\u016fsoben\u00ed pro r\u016fzn\u00e9 aplikace.<br \/>\n<\/p><br \/>\n<br \/>\n<p><b>3.Pro\u010d zvolit hlin\u00edk pro profily rukojet\u00ed? <\/b><\/p>\n<p> Hlin\u00edk je trvanliv\u00fd, odoln\u00fd proti korozi, lehk\u00fd a recyklovateln\u00fd, tak\u017ee je ide\u00e1ln\u00ed pro vytla\u010dovac\u00ed profilov\u00e9 \u00fachyty v obytn\u00e9m i pr\u016fmyslov\u00e9m prost\u0159ed\u00ed.<br \/>\n<\/p><br \/>\n<br \/>\n<p><b>4.Kde se pou\u017e\u00edvaj\u00ed rukojeti z hlin\u00edkov\u00fdch vytla\u010dovac\u00edch profil\u016f? <\/b><\/p>\n<p> \u00dachyty z hlin\u00edkov\u00fdch profil\u016f se d\u00edky sv\u00e9mu elegantn\u00edmu designu a funk\u010dnosti hojn\u011b pou\u017e\u00edvaj\u00ed v kuchy\u0148sk\u00fdch sk\u0159\u00ed\u0148k\u00e1ch, strojn\u00edch panelech, n\u00e1bytku a elektronick\u00fdch sk\u0159\u00edn\u00edch.<br \/>\n<\/p><br \/>\n<br \/>\n<p><b>5.Lze rukojeti hlin\u00edkov\u00fdch profil\u016f p\u0159izp\u016fsobit? <\/b><\/p>\n<p> Ano, rukojeti z hlin\u00edkov\u00fdch vytla\u010dovan\u00fdch profil\u016f mohou m\u00edt vlastn\u00ed rozm\u011bry, tvar, eloxov\u00e1n\u00ed nebo pr\u00e1\u0161kovou povrchovou \u00fapravu, aby spl\u0148ovaly specifick\u00e9 po\u017eadavky na design a v\u00fdkon.<br \/>\n<\/p><br \/>\n<br \/>\n<p><b>6.Jak odoln\u00e9 jsou rukojeti z hlin\u00edkov\u00fdch profil\u016f? <\/b><\/p>\n<p> Rukojeti z hlin\u00edkov\u00fdch profil\u016f jsou vysoce odoln\u00e9, odoln\u00e9 proti opot\u0159eben\u00ed a korozi a zachov\u00e1vaj\u00ed si svou povrchovou \u00fapravu a struktur\u00e1ln\u00ed integritu v pr\u016fb\u011bhu \u010dasu.<br \/>\n<\/p><br \/>\n<br \/>\n<p><b>7.Mohou b\u00fdt hlin\u00edkov\u00e9 vytla\u010dovac\u00ed rukojeti eloxov\u00e1ny? <\/b><\/p>\n<p> \u00dachyty z hlin\u00edkov\u00fdch profil\u016f lze samoz\u0159ejm\u011b eloxovat pro zv\u00fd\u0161en\u00ed tvrdosti povrchu, barevn\u00e9 varianty a lep\u0161\u00ed odolnost proti korozi.<br \/>\n<\/p><br \/>\n<br \/>\n<p><b>8.Je instalace hlin\u00edkov\u00fdch profilov\u00fdch \u00fachytek snadn\u00e1? <\/b><\/p>\n<p> Ano, madla z hlin\u00edkov\u00fdch profil\u016f jsou navr\u017eena pro snadnou instalaci pomoc\u00ed p\u0159edvrtan\u00fdch otvor\u016f nebo zacvak\u00e1vac\u00edch syst\u00e9m\u016f a jsou vhodn\u00e1 pro kutilsk\u00e9 i komer\u010dn\u00ed projekty.<br \/>\n<\/p><br \/>\n<br \/>\n<p><b>9.Jak\u00e9 je srovn\u00e1n\u00ed hlin\u00edkov\u00fdch profilov\u00fdch \u00fachytek s plastov\u00fdmi \u00fachytkami? <\/b><\/p>\n<p> Rukojeti z hlin\u00edkov\u00fdch profil\u016f jsou pevn\u011bj\u0161\u00ed, odoln\u011bj\u0161\u00ed v\u016f\u010di vysok\u00fdm teplot\u00e1m a trvanliv\u011bj\u0161\u00ed ne\u017e plastov\u00e9 rukojeti, tak\u017ee jsou ide\u00e1ln\u00ed pro prost\u0159ed\u00ed s vysok\u00fdm zat\u00ed\u017een\u00edm.<br \/>\n<\/p><br \/>\n<br \/>\n<p><b>10.Nab\u00edzej\u00ed kliky z hlin\u00edkov\u00fdch profil\u016f modern\u00ed vzhled? <\/b><\/p>\n<p> Ano, kliky z hlin\u00edkov\u00fdch profil\u016f maj\u00ed elegantn\u00ed, minimalistick\u00fd vzhled, kter\u00fd se hod\u00ed k modern\u00edmu n\u00e1bytku a pr\u016fmyslov\u00e9mu designu.<br \/>\n<\/p><br \/><\/p>","protected":false},"featured_media":6138,"template":"","categories":[58],"class_list":["post-6139","product","type-product","status-publish","has-post-thumbnail","hentry","category-aluminium-extrusion-profiles"],"meta_box":{"hilight_text_group":{"product_hilight_text":"<li>Durable and lightweight design, ideal for frequent use in industrial environments<\/li>\r\r\n<li>Customizable dimensions and finishes to match equipment aesthetics<\/li>\r\r\n<li>Easy installation with standard mounting options<\/li>\r\r\n<li>Corrosion-resistant surface for long-term performance<\/li>\r\r\n<li>Ergonomic shape enhances user comfort and safety<\/li>","product_chanpin_chanpin":"<li><a href=\"https:\/\/sinoextrud.com\/product\/industrial-aluminum-brushed-polish-profile-for-railing-and-showroom-decoration\/\" target=\"_blank\">Industrial Aluminum Brushed Polish Profile For Railing And Showroom Decoration<\/a><\/li>\r\n<li><a href=\"https:\/\/sinoextrud.com\/product\/anodized-aluminum\/\" target=\"_blank\">Anodized Aluminum<\/a><\/li>\r\n<li><a href=\"https:\/\/sinoextrud.com\/product\/large-aluminum-extrusion-2\/\" target=\"_blank\">Large Aluminum Extrusion<\/a><\/li>\r\n<li><a href=\"https:\/\/sinoextrud.com\/product\/aluminium-door-extrusions-profiles\/\" target=\"_blank\">Aluminium Door Extrusions Profiles<\/a><\/li>\r\n<li><a href=\"https:\/\/sinoextrud.com\/product\/aluminium-extrusion-profile-handle\/\" target=\"_blank\">Aluminium Extrusion Profile Handle<\/a><\/li>\r\n<li><a href=\"https:\/\/sinoextrud.com\/product\/linear-rail-aluminium-extrusion\/\" target=\"_blank\">Linear Rail Aluminium Extrusion<\/a><\/li>\r\n<li><a href=\"https:\/\/sinoextrud.com\/product\/led-strip-lights-aluminum-profile\/\" target=\"_blank\">Led Strip Lights Aluminum Profile<\/a><\/li>\r\n<li><a href=\"https:\/\/sinoextrud.com\/product\/retractable-awning-aluminum-tube\/\" target=\"_blank\">Retractable Awning Aluminum Tube<\/a><\/li>\r\n<li><a href=\"https:\/\/sinoextrud.com\/product\/aluminum-sign-extrusions\/\" target=\"_blank\">Aluminum Sign Extrusions<\/a><\/li>\r\n<li><a href=\"https:\/\/sinoextrud.com\/product\/aluminum-extrusion-industry\/\" target=\"_blank\">Aluminum Extrusion Industry<\/a><\/li>\r\n<li><a href=\"https:\/\/sinoextrud.com\/product\/anodized-extruded-aluminum-edging-for-plywood\/\" target=\"_blank\">Anodized Extruded Aluminum Edging For Plywood<\/a><\/li>"},"feature_list":[]},"_links":{"self":[{"href":"https:\/\/sinoextrud.com\/cs\/wp-json\/wp\/v2\/product\/6139","targetHints":{"allow":["GET"]}}],"collection":[{"href":"https:\/\/sinoextrud.com\/cs\/wp-json\/wp\/v2\/product"}],"about":[{"href":"https:\/\/sinoextrud.com\/cs\/wp-json\/wp\/v2\/types\/product"}],"wp:featuredmedia":[{"embeddable":true,"href":"https:\/\/sinoextrud.com\/cs\/wp-json\/wp\/v2\/media\/6138"}],"wp:attachment":[{"href":"https:\/\/sinoextrud.com\/cs\/wp-json\/wp\/v2\/media?parent=6139"}],"wp:term":[{"taxonomy":"category","embeddable":true,"href":"https:\/\/sinoextrud.com\/cs\/wp-json\/wp\/v2\/categories?post=6139"}],"curies":[{"name":"wp","href":"https:\/\/api.w.org\/{rel}","templated":true}]}}