{"id":6061,"date":"2025-05-24T06:19:14","date_gmt":"2025-05-24T06:19:14","guid":{"rendered":"https:\/\/sinoextrud.com\/product\/large-aluminum-extrusion-2\/"},"modified":"2025-06-24T03:53:59","modified_gmt":"2025-06-24T03:53:59","slug":"velky-hlinikovy-vylisek-2","status":"publish","type":"product","link":"https:\/\/sinoextrud.com\/cs\/product\/large-aluminum-extrusion-2\/","title":{"rendered":"Velk\u00e9 hlin\u00edkov\u00e9 v\u00fdlisky"},"content":{"rendered":"<h2>Podrobnosti o produktech<\/h2>\n<table class=\"custom-table\">\n<tr>\n<td class=\"label\">N\u00e1zev produktu<\/td>\n<td>velk\u00fd hlin\u00edkov\u00fd v\u00fdlisek<\/td>\n<\/tr>\n<tr>\n<td class=\"label\">Sortiment v\u00fdrobk\u016f<\/td>\n<td>mechanick\u00e9 d\u00edly, autod\u00edly, pr\u016fmyslov\u00e9 d\u00edly, sportovn\u00ed vybaven\u00ed<\/td>\n<\/tr>\n<tr>\n<td class=\"label\">Vhodn\u00e9 syst\u00e9my Typy<\/td>\n<td>\u017eelezni\u010dn\u00ed vozy, velk\u00e9 lod\u011b, vysokorychlostn\u00ed vlaky, m\u011bstsk\u00e9 metro a lehk\u00e9 \u017eelezni\u010dn\u00ed vlaky, leteck\u00fd a kosmick\u00fd pr\u016fmysl, v\u00fdroba n\u00e1mo\u0159n\u00edch zbran\u00ed a stroj\u016f atd.<\/td>\n<\/tr>\n<tr>\n<td class=\"label\">Hlin\u00edkov\u00e1 slitina<\/td>\n<td>\u0158ada 5000, \u0159ada 6000, \u0159ada 7000<\/td>\n<\/tr>\n<tr>\n<td class=\"label\">Temperament<\/td>\n<td>T5-T8<\/td>\n<\/tr>\n<tr>\n<td class=\"label\">Tvar<\/td>\n<td>Podle po\u017eadavk\u016f z\u00e1kazn\u00edka<\/td>\n<\/tr>\n<tr>\n<td class=\"label\">Barva<\/td>\n<td>Podle po\u017eadavk\u016f z\u00e1kazn\u00edka<\/td>\n<\/tr>\n<tr>\n<td class=\"label\">Povrchov\u00e1 \u00faprava<\/td>\n<td>fr\u00e9zov\u00e1n\u00ed, eloxov\u00e1n\u00ed, d\u0159ev\u011bn\u00e1 struktura, povrchov\u00e1 \u00faprava, p\u00edskov\u00e1n\u00ed, elektrofor\u00e9za, kart\u00e1\u010dov\u00e1n\u00ed, le\u0161t\u011bn\u00ed atd.<\/td>\n<\/tr>\n<tr>\n<td class=\"label\">Hloubkov\u00e9 zpracov\u00e1n\u00ed CNC<\/td>\n<td>\u0159ez\u00e1n\u00ed, vrt\u00e1n\u00ed, obr\u00e1b\u011bn\u00ed, d\u011brov\u00e1n\u00ed, oh\u00fdb\u00e1n\u00ed, z\u00e1vitov\u00e1n\u00ed atd.<\/td>\n<\/tr>\n<tr>\n<td class=\"label\">Certifikace<\/td>\n<td>CE, ISO, SGS, TUV, ROHS<\/td>\n<\/tr>\n<tr>\n<td class=\"label\">Vzorky<\/td>\n<td>vzorek zdarma. Dod\u00e1n\u00ed do 1-3 dn\u016f.<\/td>\n<\/tr>\n<tr>\n<td class=\"label\">MOQ<\/td>\n<td>200 kg pro ka\u017ed\u00fd profil<\/td>\n<\/tr>\n<tr>\n<td class=\"label\">Doba dod\u00e1n\u00ed<\/td>\n<td>V\u00fdvoj formy a kontrola vzorku trv\u00e1 12-15 dn\u00ed, v\u00fdroba pak 15-25 dn\u00ed po obdr\u017een\u00ed z\u00e1lohy od kupuj\u00edc\u00edho.<\/td>\n<\/tr>\n<tr>\n<td class=\"label\">Platebn\u00ed podm\u00ednky<\/td>\n<td>30% z\u00e1loha p\u0159ed v\u00fdrobou a z\u016fstatek p\u0159ed odesl\u00e1n\u00edm.<\/td>\n<\/tr>\n<\/table>\n<h2>Na\u0161e v\u00fdrobn\u00ed z\u00e1kladna<\/h2>\n<h3>Panorama tov\u00e1rny<\/h3>\n<p><img decoding=\"async\" src=\"\/wp-content\/uploads\/factory-01.webp\"\/><\/p>\n<h3>D\u00edlna na v\u00fdrobu hlin\u00edkov\u00fdch ty\u010d\u00ed<\/h3>\n<p><img decoding=\"async\" src=\"\/wp-content\/uploads\/factory-02.webp\"\/><\/p>\n<p><img decoding=\"async\" src=\"\/wp-content\/uploads\/factory-03.webp\"\/><\/p>\n<h3>Sklad pl\u00edsn\u00ed<\/h3>\n<p><img decoding=\"async\" src=\"\/wp-content\/uploads\/factory-04.webp\"\/><\/p>\n<h3>43 linek na vytla\u010dov\u00e1n\u00ed hlin\u00edku (500 - 5500 tun)<\/h3>\n<p><img decoding=\"async\" src=\"\/wp-content\/uploads\/factory-05.webp\"\/><\/p>\n<p><img decoding=\"async\" src=\"\/wp-content\/uploads\/factory-06.webp\"\/><\/p>\n<p><img decoding=\"async\" src=\"\/wp-content\/uploads\/factory-07.webp\"\/><\/p>\n<h3>D\u00edlna pr\u00e1\u0161kov\u00e9ho lakov\u00e1n\u00ed<\/h3>\n<p><img decoding=\"async\" src=\"\/wp-content\/uploads\/factory-09.webp\"\/><\/p>\n<h3>D\u00edlna eloxov\u00e1n\u00ed<\/h3>\n<p><img decoding=\"async\" src=\"\/wp-content\/uploads\/factory-10.webp\"\/><\/p>\n<h3>Workshop o hloubkov\u00e9m zpracov\u00e1n\u00ed<\/h3>\n<p><img decoding=\"async\" src=\"\/wp-content\/uploads\/factory-11.webp\"\/><\/p>\n<h3>D\u00edlna CNC p\u0159esn\u00e9ho obr\u00e1b\u011bn\u00ed<\/h3>\n<p><img decoding=\"async\" src=\"\/wp-content\/uploads\/factory-11.5.webp\"\/><\/p>\n<h3>Sklad hotov\u00fdch v\u00fdrobk\u016f a exportn\u00ed sklad<\/h3>\n<p><img decoding=\"async\" src=\"\/wp-content\/uploads\/factory-12.webp\"\/><\/p>\n<p><img decoding=\"async\" src=\"\/wp-content\/uploads\/factory-13.webp\"\/><\/p>\n<p><img decoding=\"async\" src=\"\/wp-content\/uploads\/factory-14.webp\"\/><\/p>\n<h2>\u010cASTO KLADEN\u00c9 DOTAZY<\/h2>\n<p><p><b>1.Co je to velk\u00fd hlin\u00edkov\u00fd v\u00fdlisek? <\/b><\/p>\n<p> Vytla\u010dov\u00e1n\u00ed hlin\u00edku ve velk\u00e9m m\u011b\u0159\u00edtku ozna\u010duje proces tvarov\u00e1n\u00ed velk\u00fdch hlin\u00edkov\u00fdch profil\u016f pomoc\u00ed vysokotlak\u00e9 lisovac\u00ed formy, kter\u00fd se b\u011b\u017en\u011b pou\u017e\u00edv\u00e1 v konstruk\u010dn\u00edch a pr\u016fmyslov\u00fdch aplikac\u00edch.<br \/>\n<\/p><br \/>\n<br \/>\n<p><b>2.Jak\u00e9 jsou v\u00fdhody pou\u017eit\u00ed velk\u00fdch hlin\u00edkov\u00fdch v\u00fdlisk\u016f? <\/b><\/p>\n<p> Velk\u00e9 hlin\u00edkov\u00e9 v\u00fdlisky nab\u00edzej\u00ed pevnost, n\u00edzkou hmotnost, odolnost proti korozi a flexibilitu konstrukce, co\u017e je ide\u00e1ln\u00ed pro stavebnictv\u00ed, dopravu a leteck\u00fd pr\u016fmysl.<br \/>\n<\/p><br \/>\n<br \/>\n<p><b>3.Pro\u010d zvolit hlin\u00edk pro velk\u00e9 v\u00fdlisky? <\/b><\/p>\n<p> Hlin\u00edk je lehk\u00fd, pevn\u00fd, recyklovateln\u00fd a odoln\u00fd proti korozi, tak\u017ee je ide\u00e1ln\u00ed pro velk\u00e9 lisovan\u00e9 profily pou\u017e\u00edvan\u00e9 v n\u00e1ro\u010dn\u00fdch aplikac\u00edch.<br \/>\n<\/p><br \/>\n<br \/>\n<p><b>4.Jak se vyr\u00e1b\u011bj\u00ed velk\u00e9 hlin\u00edkov\u00e9 v\u00fdlisky? <\/b><\/p>\n<p> Velk\u00e9 hlin\u00edkov\u00e9 v\u00fdlisky se vyr\u00e1b\u011bj\u00ed zah\u0159\u00edv\u00e1n\u00edm hlin\u00edkov\u00fdch polotovar\u016f a jejich protla\u010dov\u00e1n\u00edm p\u0159es vlastn\u00ed lisovac\u00ed formy, \u010d\u00edm\u017e vznikaj\u00ed vysoce pevn\u00e9 a p\u0159esn\u011b tvarovan\u00e9 profily.<br \/>\n<\/p><br \/>\n<br \/>\n<p><b>5.V jak\u00fdch odv\u011btv\u00edch se pou\u017e\u00edvaj\u00ed velk\u00e9 hlin\u00edkov\u00e9 v\u00fdlisky? <\/b><\/p>\n<p> Pr\u016fmyslov\u00e1 odv\u011btv\u00ed, jako je leteck\u00fd a kosmick\u00fd pr\u016fmysl, automobilov\u00fd pr\u016fmysl, stavebnictv\u00ed a obnoviteln\u00e9 zdroje energie, se spol\u00e9haj\u00ed na velk\u00e9 hlin\u00edkov\u00e9 v\u00fdlisky pro odoln\u00e9 a lehk\u00e9 konstruk\u010dn\u00ed sou\u010d\u00e1sti.<br \/>\n<\/p><br \/>\n<br \/>\n<p><b>6.Lze velk\u00e9 hlin\u00edkov\u00e9 v\u00fdlisky p\u0159izp\u016fsobit? <\/b><\/p>\n<p> Ano, velk\u00e9 hlin\u00edkov\u00e9 v\u00fdlisky mohou b\u00fdt navr\u017eeny na zak\u00e1zku v r\u016fzn\u00fdch tvarech, velikostech a povrchov\u00fdch \u00faprav\u00e1ch, aby spl\u0148ovaly specifick\u00e9 technick\u00e9 a architektonick\u00e9 po\u017eadavky.<br \/>\n<\/p><br \/>\n<br \/>\n<p><b>7.Jak\u00e1 je maxim\u00e1ln\u00ed velikost velk\u00fdch hlin\u00edkov\u00fdch v\u00fdlisk\u016f? <\/b><\/p>\n<p> Velikost velk\u00fdch hlin\u00edkov\u00fdch v\u00fdlisk\u016f z\u00e1vis\u00ed na kapacit\u011b lisu a konstrukci matrice, p\u0159i\u010dem\u017e n\u011bkte\u0159\u00ed v\u00fdrobci nab\u00edzej\u00ed profily \u0161irok\u00e9 p\u0159es 20 palc\u016f a v\u00edce.<br \/>\n<\/p><br \/>\n<br \/>\n<p><b>8.Jak je na tom velk\u00e9 hlin\u00edkov\u00e9 vytla\u010dov\u00e1n\u00ed v porovn\u00e1n\u00ed s ocel\u00ed? <\/b><\/p>\n<p> Velk\u00e9 hlin\u00edkov\u00e9 v\u00fdlisky jsou leh\u010d\u00ed a odoln\u011bj\u0161\u00ed proti korozi ne\u017e ocel, co\u017e umo\u017e\u0148uje snadn\u011bj\u0161\u00ed obr\u00e1b\u011bn\u00ed a lep\u0161\u00ed v\u00fdkon v aplikac\u00edch citliv\u00fdch na hmotnost.<br \/>\n<\/p><br \/>\n<br \/>\n<p><b>9.Je velk\u00e9 vytla\u010dov\u00e1n\u00ed hlin\u00edku n\u00e1kladov\u011b efektivn\u00ed? <\/b><\/p>\n<p> Ano, velk\u00e9 hlin\u00edkov\u00e9 v\u00fdlisky jsou n\u00e1kladov\u011b efektivn\u00ed d\u00edky n\u00edzk\u00e9mu odpadu materi\u00e1lu, dlouh\u00e9 \u017eivotnosti a ni\u017e\u0161\u00ed hmotnosti, co\u017e sni\u017euje n\u00e1klady na p\u0159epravu a mont\u00e1\u017e.<br \/>\n<\/p><br \/>\n<br \/>\n<p><b>10.Mohou b\u00fdt velk\u00e9 hlin\u00edkov\u00e9 v\u00fdlisky eloxov\u00e1ny nebo lakov\u00e1ny? <\/b><\/p>\n<p> Velk\u00e9 hlin\u00edkov\u00e9 v\u00fdlisky lze samoz\u0159ejm\u011b eloxovat nebo opat\u0159it pr\u00e1\u0161kovou barvou, aby se zv\u00fd\u0161ila odolnost proti korozi, estetika a trvanlivost povrchu.<br \/>\n<\/p><br \/><\/p>","protected":false},"featured_media":6060,"template":"","categories":[58],"class_list":["post-6061","product","type-product","status-publish","has-post-thumbnail","hentry","category-aluminium-extrusion-profiles"],"meta_box":{"hilight_text_group":{"product_hilight_text":"<li>High strength and lightweight, ideal for load-bearing structures and equipment frames<\/li>\r\r\n<li>Custom extrusion available to meet diverse industrial design needs<\/li>\r\r\n<li>Excellent corrosion resistance for outdoor and high-humidity environments<\/li>\r\r\n<li>Various surface finishes available, including anodizing, electrophoresis, and powder coating<\/li>\r\r\n<li>Reliable bulk supply for large-scale projects and OEM orders<\/li>","product_chanpin_chanpin":"<li><a href=\"https:\/\/sinoextrud.com\/product\/custom-anodized-aluminium-profiles\/\" target=\"_blank\">Custom Anodized Aluminium Profiles<\/a><\/li>\r\n<li><a href=\"https:\/\/sinoextrud.com\/product\/aluminium-profile-corner-joint\/\" target=\"_blank\">Aluminium Profile Corner Joint<\/a><\/li>\r\n<li><a href=\"https:\/\/sinoextrud.com\/product\/industrial-aluminum-brushed-polish-profile-for-railing-and-showroom-decoration\/\" target=\"_blank\">Industrial Aluminum Brushed Polish Profile For Railing And Showroom Decoration<\/a><\/li>\r\n<li><a href=\"https:\/\/sinoextrud.com\/product\/anodized-aluminum\/\" target=\"_blank\">Anodized Aluminum<\/a><\/li>\r\n<li><a href=\"https:\/\/sinoextrud.com\/product\/large-aluminum-extrusion-2\/\" target=\"_blank\">Large Aluminum Extrusion<\/a><\/li>\r\n<li><a href=\"https:\/\/sinoextrud.com\/product\/aluminium-door-extrusions-profiles\/\" target=\"_blank\">Aluminium Door Extrusions Profiles<\/a><\/li>\r\n<li><a href=\"https:\/\/sinoextrud.com\/product\/aluminium-extrusion-profile-handle\/\" target=\"_blank\">Aluminium Extrusion Profile Handle<\/a><\/li>\r\n<li><a href=\"https:\/\/sinoextrud.com\/product\/linear-rail-aluminium-extrusion\/\" target=\"_blank\">Linear Rail Aluminium Extrusion<\/a><\/li>\r\n<li><a href=\"https:\/\/sinoextrud.com\/product\/led-strip-lights-aluminum-profile\/\" target=\"_blank\">Led Strip Lights Aluminum Profile<\/a><\/li>\r\n<li><a href=\"https:\/\/sinoextrud.com\/product\/building-material-aluminium-extrusion-profiles\/\" target=\"_blank\">Building Material Aluminium Extrusion Profiles<\/a><\/li>\r\n<li><a href=\"https:\/\/sinoextrud.com\/product\/clip-in-tile-ceiling-system\/\" target=\"_blank\">Clip-in Tile Ceiling System<\/a><\/li>"},"feature_list":[]},"_links":{"self":[{"href":"https:\/\/sinoextrud.com\/cs\/wp-json\/wp\/v2\/product\/6061","targetHints":{"allow":["GET"]}}],"collection":[{"href":"https:\/\/sinoextrud.com\/cs\/wp-json\/wp\/v2\/product"}],"about":[{"href":"https:\/\/sinoextrud.com\/cs\/wp-json\/wp\/v2\/types\/product"}],"wp:featuredmedia":[{"embeddable":true,"href":"https:\/\/sinoextrud.com\/cs\/wp-json\/wp\/v2\/media\/6060"}],"wp:attachment":[{"href":"https:\/\/sinoextrud.com\/cs\/wp-json\/wp\/v2\/media?parent=6061"}],"wp:term":[{"taxonomy":"category","embeddable":true,"href":"https:\/\/sinoextrud.com\/cs\/wp-json\/wp\/v2\/categories?post=6061"}],"curies":[{"name":"wp","href":"https:\/\/api.w.org\/{rel}","templated":true}]}}