{"id":6056,"date":"2025-05-24T03:29:45","date_gmt":"2025-05-24T03:29:45","guid":{"rendered":"https:\/\/sinoextrud.com\/product\/industrial-aluminum-brushed-polish-profile-for-railing-and-showroom-decoration\/"},"modified":"2025-06-24T03:53:56","modified_gmt":"2025-06-24T03:53:56","slug":"prumyslovy-hlinikovy-lesteny-profil-pro-zabradli-a-vyzdobu-showroomu","status":"publish","type":"product","link":"https:\/\/sinoextrud.com\/cs\/product\/industrial-aluminum-brushed-polish-profile-for-railing-and-showroom-decoration\/","title":{"rendered":"Pr\u016fmyslov\u00fd hlin\u00edkov\u00fd kart\u00e1\u010dovan\u00fd polsk\u00fd profil pro z\u00e1bradl\u00ed a v\u00fdzdobu v\u00fdstavn\u00edch m\u00edstnost\u00ed"},"content":{"rendered":"<h2>Podrobnosti o produktech<\/h2>\n<table class=\"custom-table\">\n<tr>\n<td class=\"label\">N\u00e1zev zna\u010dky:<\/td>\n<td>Sinoextrud<\/td>\n<\/tr>\n<tr>\n<td class=\"label\">materi\u00e1l:<\/td>\n<td>slitina hlin\u00edku<\/td>\n<\/tr>\n<tr>\n<td class=\"label\">Ozna\u010den\u00ed:<\/td>\n<td>6 nebo jin\u00e9 s\u00e9rie podle va\u0161\u00ed popt\u00e1vky<\/td>\n<\/tr>\n<tr>\n<td class=\"label\">d\u00e9lka<\/td>\n<td>P\u0159izp\u016fsoben\u00e9<\/td>\n<\/tr>\n<tr>\n<td class=\"label\">tlou\u0161\u0165ka<\/td>\n<td>P\u0159izp\u016fsoben\u00e9<\/td>\n<\/tr>\n<tr>\n<td class=\"label\">Popis<\/td>\n<td>hlin\u00edkov\u00fd profil, hlin\u00edkov\u00fd v\u00fdlisek, hlin\u00edkov\u00e1 trubka, ty\u010d, hlin\u00edkov\u00e1 slitina, hlin\u00edkov\u00e9 v\u00fdrobky, hlin\u00edkov\u00e9 dve\u0159e a okna, stavebn\u00ed materi\u00e1l<\/td>\n<\/tr>\n<tr>\n<td class=\"label\">Povrchov\u00e1 \u00faprava<\/td>\n<td>fr\u00e9zov\u00e1n\u00ed (bez \u00fapravy), le\u0161t\u011bn\u00ed, eloxov\u00e1n\u00ed, povrchov\u00e1 \u00faprava, lakov\u00e1n\u00ed d\u0159eva, p\u00edskov\u00e1n\u00ed, elektrofor\u00e9za atd.<\/td>\n<\/tr>\n<tr>\n<td class=\"label\">Rozm\u011br<\/td>\n<td>voliteln\u00e9<\/td>\n<\/tr>\n<tr>\n<td class=\"label\">Balen\u00ed<\/td>\n<td>Kraftov\u00fd pap\u00edr, kartonov\u00e1 krabice, ochrann\u00e1 p\u011bnov\u00e1 f\u00f3lie s tepelnou \u00fapravou, polystyrenov\u00fd s\u00e1\u010dek atd. podle va\u0161\u00ed popt\u00e1vky.<\/td>\n<\/tr>\n<tr>\n<td class=\"label\">Certifik\u00e1ty<\/td>\n<td>ISO 9001.CE, SGS,<\/td>\n<\/tr>\n<tr>\n<td class=\"label\">Barva<\/td>\n<td>St\u0159\u00edbrn\u00e1 , \u010dern\u00e1 , st\u0159\u00edbrn\u00e1, bronzov\u00e1 .champagne, d\u0159ev\u011bn\u00e1 struktura atd.<\/td>\n<\/tr>\n<tr>\n<td class=\"label\">Tvar<\/td>\n<td>K dispozici jsou r\u016fzn\u00e9 tvary, parametry a barvy<\/td>\n<\/tr>\n<tr>\n<td class=\"label\">Obvykle<\/td>\n<td>okna, dve\u0159e, st\u011bny, n\u00e1bytek, architektonick\u00e9, dekorativn\u00ed, stavebn\u00ed, pr\u016fmyslov\u00e9 a IT v\u00fdrobky atd.,<\/td>\n<\/tr>\n<tr>\n<td class=\"label\">Dod\u00e1vka Detail<\/td>\n<td>10-20dn\u00ed \/ v z\u00e1vislosti na mno\u017estv\u00ed a v\u00fdkresech<\/td>\n<\/tr>\n<tr>\n<td class=\"label\">Kvalita<\/td>\n<td>Kvalita odpov\u00edd\u00e1 mezin\u00e1rodn\u00edmu standardu.<\/td>\n<\/tr>\n<tr>\n<td class=\"label\">Design<\/td>\n<td>OEM nebo ODM je k dispozici, pls po\u0161lete n\u00e1m sv\u016fj v\u00fdkres<\/td>\n<\/tr>\n<tr>\n<td class=\"label\">Funkce<\/td>\n<td>Vysok\u00e1 odolnost proti korozi, pov\u011btrnostn\u00edm vliv\u016fm, teplu a alk\u00e1li\u00edm.<\/td>\n<\/tr>\n<\/table>\n<h2>Na\u0161e v\u00fdrobn\u00ed z\u00e1kladna<\/h2>\n<h3>Panorama tov\u00e1rny<\/h3>\n<p><img decoding=\"async\" src=\"\/wp-content\/uploads\/factory-01.webp\"\/><\/p>\n<h3>D\u00edlna na v\u00fdrobu hlin\u00edkov\u00fdch ty\u010d\u00ed<\/h3>\n<p><img decoding=\"async\" src=\"\/wp-content\/uploads\/factory-02.webp\"\/><\/p>\n<\/p>\n<p><img decoding=\"async\" src=\"\/wp-content\/uploads\/factory-03.webp\"\/><\/p>\n<h3>Sklad pl\u00edsn\u00ed<\/h3>\n<p><img decoding=\"async\" src=\"\/wp-content\/uploads\/factory-04.webp\"\/><\/p>\n<h3>43 linek na vytla\u010dov\u00e1n\u00ed hlin\u00edku (500-5500 tun)<\/h3>\n<p><img decoding=\"async\" src=\"\/wp-content\/uploads\/factory-05.webp\"\/><\/p>\n<p><img decoding=\"async\" src=\"\/wp-content\/uploads\/factory-06.webp\"\/><\/p>\n<p><img decoding=\"async\" src=\"\/wp-content\/uploads\/factory-07.webp\"\/><\/p>\n<h3>D\u00edlna pr\u00e1\u0161kov\u00e9ho lakov\u00e1n\u00ed<\/h3>\n<p><img decoding=\"async\" src=\"\/wp-content\/uploads\/factory-09.webp\"\/><\/p>\n<h3>D\u00edlna eloxov\u00e1n\u00ed<\/h3>\n<p><img decoding=\"async\" src=\"\/wp-content\/uploads\/factory-10.webp\"\/><\/p>\n<h3>Workshop o hloubkov\u00e9m zpracov\u00e1n\u00ed<\/h3>\n<p><img decoding=\"async\" src=\"\/wp-content\/uploads\/factory-11.webp\"\/><\/p>\n<h3>D\u00edlna CNC p\u0159esn\u00e9ho obr\u00e1b\u011bn\u00ed<\/h3>\n<p><img decoding=\"async\" src=\"\/wp-content\/uploads\/factory-11.5.webp\"\/><\/p>\n<h3>Sklad hotov\u00fdch v\u00fdrobk\u016f a exportn\u00ed sklad<\/h3>\n<p><img decoding=\"async\" src=\"\/wp-content\/uploads\/factory-12.webp\"\/><\/p>\n<p><img decoding=\"async\" src=\"\/wp-content\/uploads\/factory-13.webp\"\/><\/p>\n<p><img decoding=\"async\" src=\"\/wp-content\/uploads\/factory-14.webp\"\/><\/p>\n<h2>\u010cASTO KLADEN\u00c9 DOTAZY<\/h2>\n<p><b>1.Co je pr\u016fmyslov\u00fd hlin\u00edkov\u00fd kart\u00e1\u010dovan\u00fd profil pro z\u00e1bradl\u00ed a v\u00fdzdobu v\u00fdstavn\u00edch prostor? <\/b><\/p>\n<p> Jedn\u00e1 se o hlin\u00edkov\u00fd v\u00fdlisek s kart\u00e1\u010dovanou a le\u0161t\u011bnou povrchovou \u00fapravou, kter\u00fd je ur\u010den pro pou\u017eit\u00ed v syst\u00e9mech z\u00e1bradl\u00ed a dekorac\u00edch v\u00fdstavn\u00edch s\u00edn\u00ed, kde p\u016fsob\u00ed elegantn\u011b a modern\u011b.\n<\/p>\n<p><\/p>\n<p><b>2.Jak\u00e9 jsou v\u00fdhody pr\u016fmyslov\u00fdch hlin\u00edkov\u00fdch kart\u00e1\u010dovan\u00fdch polsk\u00fdch profil\u016f? <\/b><\/p>\n<p> Tyto profily nab\u00edzej\u00ed \u0161pi\u010dkov\u00fd estetick\u00fd vzhled, vynikaj\u00edc\u00ed odolnost proti korozi, snadnou \u00fadr\u017ebu a trvanlivost pro konstruk\u010dn\u00ed i dekorativn\u00ed aplikace.\n<\/p>\n<p><\/p>\n<p><b>3.Pro\u010d zvolit kart\u00e1\u010dovan\u00fd leskl\u00fd povrch pro hlin\u00edkov\u00e9 profily? <\/b><\/p>\n<p> Kart\u00e1\u010dovan\u00fd lesk poskytuje rafinovan\u00fd, matn\u00fd kovov\u00fd vzhled, kter\u00fd zakr\u00fdv\u00e1 otisky prst\u016f a \u0161kr\u00e1bance a je ide\u00e1ln\u00ed pro vysoce frekventovan\u00e9 a vizu\u00e1ln\u011b n\u00e1padn\u00e9 plochy, jako jsou v\u00fdstavn\u00ed prostory a z\u00e1bradl\u00ed.\n<\/p>\n<p><\/p>\n<p><b>4.Je hlin\u00edkov\u00fd profil Brushed Polish vhodn\u00fd pro vnit\u0159n\u00ed i venkovn\u00ed pou\u017eit\u00ed? <\/b><\/p>\n<p> Ano, d\u00edky kart\u00e1\u010dovan\u00e9mu a le\u0161t\u011bn\u00e9mu povrchu, \u010dasto v kombinaci s eloxov\u00e1n\u00edm, je odoln\u00fd v\u016f\u010di vlhkosti a UV z\u00e1\u0159en\u00ed pro dlouhodob\u00e9 pou\u017eit\u00ed v interi\u00e9ru nebo exteri\u00e9ru.\n<\/p>\n<p><\/p>\n<p><b>5.Jak\u00e9 aplikace pou\u017e\u00edvaj\u00ed pr\u016fmyslov\u00e9 hlin\u00edkov\u00e9 kart\u00e1\u010dovan\u00e9 polsk\u00e9 profily? <\/b><\/p>\n<p> Tyto profily se b\u011b\u017en\u011b pou\u017e\u00edvaj\u00ed na schodi\u0161\u0165ov\u00e1 z\u00e1bradl\u00ed, balk\u00f3nov\u00e1 z\u00e1bradl\u00ed, vybaven\u00ed obchod\u016f, v\u00fdstavn\u00ed vitr\u00edny, p\u0159\u00ed\u010dky a architektonick\u00e9 oblo\u017een\u00ed.\n<\/p>\n<p><\/p>\n<p><b>6.Lze tyto profily p\u0159izp\u016fsobit velikosti a tvaru? <\/b><\/p>\n<p> Lze je vyr\u00e1b\u011bt v r\u016fzn\u00fdch d\u00e9lk\u00e1ch, pr\u016f\u0159ezech a povrchov\u00fdch \u00faprav\u00e1ch, aby spl\u0148ovaly specifick\u00e9 po\u017eadavky na konstrukci a instalaci.\n<\/p>\n<p><\/p>\n<p><b>7.Jak kart\u00e1\u010dovan\u00fd le\u0161t\u011bn\u00fd hlin\u00edk vylep\u0161uje design v\u00fdstavn\u00edch prostor? <\/b><\/p>\n<p> Interi\u00e9r\u016fm dod\u00e1v\u00e1 modern\u00ed, luxusn\u00ed vzhled, atraktivn\u011b odr\u00e1\u017e\u00ed sv\u011btlo a vytv\u00e1\u0159\u00ed \u010dist\u00fd, profesion\u00e1ln\u00ed vzhled, kter\u00fd zlep\u0161uje prezentaci v\u00fdrobk\u016f.\n<\/p>\n<p><\/p>\n<p><b>8.Jsou pr\u016fmyslov\u00e9 hlin\u00edkov\u00e9 profily s le\u0161t\u011bn\u00fdm povrchem snadn\u00e9 na \u00fadr\u017ebu? <\/b><\/p>\n<p> Ano, hladk\u00fd povrch odol\u00e1v\u00e1 ne\u010distot\u00e1m a vy\u017eaduje pouze ob\u010dasn\u00e9 \u010di\u0161t\u011bn\u00ed m\u011bkk\u00fdm had\u0159\u00edkem a jemn\u00fdm \u010distic\u00edm prost\u0159edkem, aby z\u016fstal bez poskvrnky.\n<\/p>\n<p><\/p>\n<p><b>9.Je kart\u00e1\u010dovan\u00fd le\u0161t\u011bn\u00fd hlin\u00edk \u0161etrn\u00fd k \u017eivotn\u00edmu prost\u0159ed\u00ed? <\/b><\/p>\n<p> Ano, hlin\u00edk je 100% recyklovateln\u00fd a proces povrchov\u00e9 \u00fapravy je obecn\u011b n\u00edzkoemisn\u00ed, co\u017e z n\u011bj \u010din\u00ed udr\u017eitelnou volbu pro modern\u00ed konstrukce a design.\n<\/p>\n<p><\/p>\n<p><b>10.Jak trvanliv\u00fd je le\u0161t\u011bn\u00fd hlin\u00edkov\u00fd profil pro pou\u017eit\u00ed na z\u00e1bradl\u00ed? <\/b><\/p>\n<p> Velmi odoln\u00e9 - brou\u0161en\u00e9 a le\u0161t\u011bn\u00e9 hlin\u00edkov\u00e9 profily jsou odoln\u00e9 proti opot\u0159eben\u00ed, korozi a deformaci, co\u017e zaji\u0161\u0165uje dlouhodobou konstruk\u010dn\u00ed a vizu\u00e1ln\u00ed funk\u010dnost.\n<\/p>\n<p><\/p>","protected":false},"featured_media":6055,"template":"","categories":[57],"class_list":["post-6056","product","type-product","status-publish","has-post-thumbnail","hentry","category-anodized-aluminum-profile"],"meta_box":{"hilight_text_group":{"product_hilight_text":"<li>Brushed polish finish offers a sleek, high-end aesthetic for modern spaces<\/li>\r\r\n<li>Durable aluminum construction ensures long-lasting performance and corrosion resistance<\/li>\r\r\n<li>Ideal for railings, showroom displays, and interior architectural accents<\/li>\r\r\n<li>Easy to fabricate and install, saving time and labor costs<\/li>\r\r\n<li>Customizable sizes and finishes to meet specific design and branding needs<\/li>","product_chanpin_chanpin":"<li><a href=\"https:\/\/sinoextrud.com\/product\/sandblasted-aluminum-profile\/\" target=\"_blank\">Sandblasted Aluminum Profile<\/a><\/li>\r\n<li><a href=\"https:\/\/sinoextrud.com\/product\/extruded-aluminum-stock\/\" target=\"_blank\">Extruded Aluminum Stock<\/a><\/li>\r\n<li><a href=\"https:\/\/sinoextrud.com\/product\/custom-anodized-aluminium-profiles\/\" target=\"_blank\">Custom Anodized Aluminium Profiles<\/a><\/li>\r\n<li><a href=\"https:\/\/sinoextrud.com\/product\/aluminium-profile-corner-joint\/\" target=\"_blank\">Aluminium Profile Corner Joint<\/a><\/li>\r\n<li><a href=\"https:\/\/sinoextrud.com\/product\/industrial-aluminum-brushed-polish-profile-for-railing-and-showroom-decoration\/\" target=\"_blank\">Industrial Aluminum Brushed Polish Profile For Railing And Showroom Decoration<\/a><\/li>\r\n<li><a href=\"https:\/\/sinoextrud.com\/product\/anodized-aluminum\/\" target=\"_blank\">Anodized Aluminum<\/a><\/li>\r\n<li><a href=\"https:\/\/sinoextrud.com\/product\/large-aluminum-extrusion-2\/\" target=\"_blank\">Large Aluminum Extrusion<\/a><\/li>\r\n<li><a href=\"https:\/\/sinoextrud.com\/product\/aluminium-door-extrusions-profiles\/\" target=\"_blank\">Aluminium Door Extrusions Profiles<\/a><\/li>\r\n<li><a href=\"https:\/\/sinoextrud.com\/product\/aluminium-extrusion-profile-handle\/\" target=\"_blank\">Aluminium Extrusion Profile Handle<\/a><\/li>\r\n<li><a href=\"https:\/\/sinoextrud.com\/product\/cnc-machining-aluminium-profile-connectors\/\" target=\"_blank\">CNC Machining Aluminium Profile Connectors<\/a><\/li>\r\n<li><a href=\"https:\/\/sinoextrud.com\/product\/oem-precision-cnc-machining-for-aluminum-parts\/\" target=\"_blank\">OEM Precision CNC Machining For Aluminum Parts<\/a><\/li>"},"feature_list":[]},"_links":{"self":[{"href":"https:\/\/sinoextrud.com\/cs\/wp-json\/wp\/v2\/product\/6056","targetHints":{"allow":["GET"]}}],"collection":[{"href":"https:\/\/sinoextrud.com\/cs\/wp-json\/wp\/v2\/product"}],"about":[{"href":"https:\/\/sinoextrud.com\/cs\/wp-json\/wp\/v2\/types\/product"}],"wp:featuredmedia":[{"embeddable":true,"href":"https:\/\/sinoextrud.com\/cs\/wp-json\/wp\/v2\/media\/6055"}],"wp:attachment":[{"href":"https:\/\/sinoextrud.com\/cs\/wp-json\/wp\/v2\/media?parent=6056"}],"wp:term":[{"taxonomy":"category","embeddable":true,"href":"https:\/\/sinoextrud.com\/cs\/wp-json\/wp\/v2\/categories?post=6056"}],"curies":[{"name":"wp","href":"https:\/\/api.w.org\/{rel}","templated":true}]}}