{"id":6052,"date":"2025-05-24T03:21:24","date_gmt":"2025-05-24T03:21:24","guid":{"rendered":"https:\/\/sinoextrud.com\/product\/custom-anodized-aluminium-profiles\/"},"modified":"2025-06-24T03:53:51","modified_gmt":"2025-06-24T03:53:51","slug":"zakazkove-eloxovane-hlinikove-profily","status":"publish","type":"product","link":"https:\/\/sinoextrud.com\/cs\/product\/custom-anodized-aluminium-profiles\/","title":{"rendered":"Vlastn\u00ed eloxovan\u00e9 hlin\u00edkov\u00e9 profily"},"content":{"rendered":"<h2>Podrobnosti o produktech<\/h2>\n<table class=\"custom-table\">\n<tr>\n<td class=\"label\">Barva<\/td>\n<td>\u010dir\u00e1, p\u0159\u00edrodn\u00ed, zlat\u00e1, st\u0159\u00edbrn\u00e1, r\u016f\u017eov\u00e1, b\u00edl\u00e1, \u010dern\u00e1, modr\u00e1, tmav\u00e1, hn\u011bd\u00e1, \u0161ed\u00e1, zelen\u00e1, \u0161ampa\u0148sk\u00e1, v\u00edcebarevn\u00e1<\/td>\n<\/tr>\n<tr>\n<td class=\"label\">jas<\/td>\n<td>matn\u00fd, leskl\u00fd<\/td>\n<\/tr>\n<tr>\n<td class=\"label\">kovov\u00fd efekt<\/td>\n<td>mosaz, m\u011b\u010f<\/td>\n<\/tr>\n<tr>\n<td class=\"label\">Povrchov\u00e1 \u00faprava<\/td>\n<td>le\u0161t\u011bn\u00fd elox, kart\u00e1\u010dovan\u00fd elox, sat\u00e9nov\u00fd elox, eloxovan\u00fd pr\u00e1\u0161kov\u00fd lak atd.<\/td>\n<\/tr>\n<tr>\n<td class=\"label\">Materi\u00e1l ze slitiny hlin\u00edku<\/td>\n<td>7075, 5052, 6063, 6061 atd. (M\u016f\u017eete si vybrat, co chcete)<\/td>\n<\/tr>\n<tr>\n<td class=\"label\">Aplikace<\/td>\n<td>kolejnice, li\u0161ty, okenn\u00ed r\u00e1my, r\u00e1my, trubky, \u00faheln\u00edky, \u00fahlov\u00e9 li\u0161ty, pe\u010divo, bloky, ploch\u00e9 ty\u010de, n\u00e1dob\u00ed, fas\u00e1dy, st\u0159e\u0161n\u00ed krytiny atd.<\/td>\n<\/tr>\n<\/table>\n<h2>Na\u0161e v\u00fdrobn\u00ed z\u00e1kladna<\/h2>\n<h3>Panorama tov\u00e1rny<\/h3>\n<p><img decoding=\"async\" src=\"\/wp-content\/uploads\/factory-01.webp\"\/><\/p>\n<h3>D\u00edlna na v\u00fdrobu hlin\u00edkov\u00fdch ty\u010d\u00ed<\/h3>\n<p><img decoding=\"async\" src=\"\/wp-content\/uploads\/factory-02.webp\"\/><\/p>\n<p><img decoding=\"async\" src=\"\/wp-content\/uploads\/factory-03.webp\"\/><\/p>\n<h3>Sklad pl\u00edsn\u00ed<\/h3>\n<p><img decoding=\"async\" src=\"\/wp-content\/uploads\/factory-04.webp\"\/><\/p>\n<h3>43 linek na vytla\u010dov\u00e1n\u00ed hlin\u00edku (500-5500 tun)<\/h3>\n<p><img decoding=\"async\" src=\"\/wp-content\/uploads\/factory-05.webp\"\/><\/p>\n<p><img decoding=\"async\" src=\"\/wp-content\/uploads\/factory-06.webp\"\/><\/p>\n<p><img decoding=\"async\" src=\"\/wp-content\/uploads\/factory-07.webp\"\/><\/p>\n<h3>D\u00edlna pr\u00e1\u0161kov\u00e9ho lakov\u00e1n\u00ed<\/h3>\n<p><img decoding=\"async\" src=\"\/wp-content\/uploads\/factory-09.webp\"\/><\/p>\n<h3>D\u00edlna eloxov\u00e1n\u00ed<\/h3>\n<p><img decoding=\"async\" src=\"\/wp-content\/uploads\/factory-10.webp\"\/><\/p>\n<h3>Workshop o hloubkov\u00e9m zpracov\u00e1n\u00ed<\/h3>\n<p><img decoding=\"async\" src=\"\/wp-content\/uploads\/factory-11.webp\"\/><\/p>\n<h3>D\u00edlna CNC p\u0159esn\u00e9ho obr\u00e1b\u011bn\u00ed<\/h3>\n<p><img decoding=\"async\" src=\"\/wp-content\/uploads\/factory-11.5.webp\"\/><\/p>\n<h3>Sklad hotov\u00fdch v\u00fdrobk\u016f a exportn\u00ed sklad<\/h3>\n<p><img decoding=\"async\" src=\"\/wp-content\/uploads\/factory-12.webp\"\/><\/p>\n<p><img decoding=\"async\" src=\"\/wp-content\/uploads\/factory-13.webp\"\/><\/p>\n<p><img decoding=\"async\" src=\"\/wp-content\/uploads\/factory-14.webp\"\/><\/p>\n<h2>\u010cASTO KLADEN\u00c9 DOTAZY<\/h2>\n<p><p><b>1.Co jsou eloxovan\u00e9 hlin\u00edkov\u00e9 profily na zak\u00e1zku? <\/b><\/p>\n<p> Zak\u00e1zkov\u00e9 eloxovan\u00e9 hlin\u00edkov\u00e9 profily jsou hlin\u00edkov\u00e9 v\u00fdlisky, kter\u00e9 jsou tvarov\u011b, rozm\u011brov\u011b a povrchov\u011b upraveny a n\u00e1sledn\u011b eloxov\u00e1ny pro zv\u00fd\u0161en\u00ed trvanlivosti povrchu, odolnosti proti korozi a vzhledu.<br \/>\n<\/p><br \/>\n<br \/>\n<p><b>2.Jak\u00e9 jsou v\u00fdhody eloxovan\u00fdch hlin\u00edkov\u00fdch profil\u016f na zak\u00e1zku? <\/b><\/p>\n<p> Tyto profily nab\u00edzej\u00ed p\u0159esn\u00e9 p\u0159izp\u016fsoben\u00ed, dlouhotrvaj\u00edc\u00ed eloxovanou ochranu, estetickou flexibilitu a zv\u00fd\u0161enou odolnost proti opot\u0159eben\u00ed a korozi.<br \/>\n<\/p><br \/>\n<br \/>\n<p><b>3.Pro\u010d zvolit eloxov\u00e1n\u00ed hlin\u00edkov\u00fdch profil\u016f na zak\u00e1zku? <\/b><\/p>\n<p> Eloxov\u00e1n\u00ed zpev\u0148uje povrch, zlep\u0161uje odolnost proti UV z\u00e1\u0159en\u00ed a korozi a umo\u017e\u0148uje v\u00fdb\u011br r\u016fzn\u00fdch barev a textur, ani\u017e by byla naru\u0161ena integrita hlin\u00edku.<br \/>\n<\/p><br \/>\n<br \/>\n<p><b>4.Mohou b\u00fdt eloxovan\u00e9 hlin\u00edkov\u00e9 profily na zak\u00e1zku pou\u017eity ve venkovn\u00edm prost\u0159ed\u00ed? <\/b><\/p>\n<p> Ano, d\u00edky eloxovan\u00e9mu povlaku jsou vysoce odoln\u00e9 v\u016f\u010di pov\u011btrnostn\u00edm vliv\u016fm, tak\u017ee jsou ide\u00e1ln\u00ed pro venkovn\u00ed stavby, fas\u00e1dy a architektonick\u00e9 aplikace.<br \/>\n<\/p><br \/>\n<br \/>\n<p><b>5.Jak\u00e9 povrchov\u00e9 \u00fapravy jsou k dispozici pro eloxovan\u00e9 hlin\u00edkov\u00e9 profily na zak\u00e1zku? <\/b><\/p>\n<p> K dispozici jsou matn\u00e9, sat\u00e9nov\u00e9, kart\u00e1\u010dovan\u00e9 a leskl\u00e9 povrchov\u00e9 \u00fapravy s mo\u017enost\u00ed eloxov\u00e1n\u00ed v barv\u00e1ch st\u0159\u00edbrn\u00e9, \u010dern\u00e9, bronzov\u00e9, zlat\u00e9 a \u0161ampa\u0148sk\u00e9.<br \/>\n<\/p><br \/>\n<br \/>\n<p><b>6.Jsou eloxovan\u00e9 hlin\u00edkov\u00e9 profily na zak\u00e1zku \u0161etrn\u00e9 k \u017eivotn\u00edmu prost\u0159ed\u00ed? <\/b><\/p>\n<p> Ano, hlin\u00edk je pln\u011b recyklovateln\u00fd a eloxov\u00e1n\u00ed je netoxick\u00fd a ekologick\u00fd proces, tak\u017ee tyto profily p\u0159edstavuj\u00ed udr\u017eiteln\u00e9 konstruk\u010dn\u00ed \u0159e\u0161en\u00ed.<br \/>\n<\/p><br \/>\n<br \/>\n<p><b>7.Jak\u00e1 odv\u011btv\u00ed pou\u017e\u00edvaj\u00ed eloxovan\u00e9 hlin\u00edkov\u00e9 profily na zak\u00e1zku? <\/b><\/p>\n<p> Jsou \u0161iroce pou\u017e\u00edv\u00e1ny ve stavebnictv\u00ed, automobilov\u00e9m a leteck\u00e9m pr\u016fmyslu, v interi\u00e9rech, elektronice a n\u00e1bytku pro konstruk\u010dn\u00ed a dekorativn\u00ed \u00fa\u010dely.<br \/>\n<\/p><br \/>\n<br \/>\n<p><b>8.Jak dlouho vydr\u017e\u00ed eloxovan\u00e1 povrchov\u00e1 \u00faprava hlin\u00edkov\u00fdch profil\u016f na zak\u00e1zku? <\/b><\/p>\n<p> Eloxovan\u00e1 vrstva je extr\u00e9mn\u011b odoln\u00e1 a za b\u011b\u017en\u00fdch podm\u00ednek poskytuje ochranu po cel\u00e1 desetilet\u00ed, ani\u017e by se odlupovala, bledla nebo korodovala.<br \/>\n<\/p><br \/>\n<br \/>\n<p><b>9.Lze zak\u00e1zkov\u00e9 eloxovan\u00e9 hlin\u00edkov\u00e9 profily vyr\u00e1b\u011bt v mal\u00fdch s\u00e9ri\u00edch? <\/b><\/p>\n<p> Ano, v\u00fdrobci jsou schopni realizovat jak velk\u00e9, tak mal\u00e9 s\u00e9rie, tak\u017ee jsou vhodn\u00ed pro prototypy a specializovan\u00e9 projekty.<br \/>\n<\/p><br \/>\n<br \/>\n<p><b>10.Je snadn\u00e9 instalovat vlastn\u00ed eloxovan\u00e9 hlin\u00edkov\u00e9 profily? <\/b><\/p>\n<p> Tyto profily jsou lehk\u00e9, snadno se opracov\u00e1vaj\u00ed a lze je montovat nebo sestavovat pomoc\u00ed standardn\u00edho kov\u00e1n\u00ed a konektor\u016f.<br \/>\n<\/p><br \/><\/p>","protected":false},"featured_media":6051,"template":"","categories":[57],"class_list":["post-6052","product","type-product","status-publish","has-post-thumbnail","hentry","category-anodized-aluminum-profile"],"meta_box":{"hilight_text_group":{"product_hilight_text":"<li>Custom profiles tailored to specific dimensions, shapes, and applications<\/li>\r\r\n<li>Anodized surface offers excellent corrosion, wear, and UV resistance<\/li>\r\r\n<li>Available in a variety of colors and finishes to match design requirements<\/li>\r\r\n<li>Durable, low-maintenance solution ideal for architectural and industrial use<\/li>\r\r\n<li>Improved surface hardness and aesthetic appeal for high-end projects<\/li>","product_chanpin_chanpin":"<li><a href=\"https:\/\/sinoextrud.com\/product\/extruded-aluminium-profile-with-sand-blasted-treatment\/\" target=\"_blank\">Extruded Aluminium Profile With Sand Blasted Treatment<\/a><\/li>\r\n<li><a href=\"https:\/\/sinoextrud.com\/product\/anodized-aluminum-trim-molding\/\" target=\"_blank\">Anodized Aluminum Trim Molding<\/a><\/li>\r\n<li><a href=\"https:\/\/sinoextrud.com\/product\/sandblasted-aluminum-profile\/\" target=\"_blank\">Sandblasted Aluminum Profile<\/a><\/li>\r\n<li><a href=\"https:\/\/sinoextrud.com\/product\/extruded-aluminum-stock\/\" target=\"_blank\">Extruded Aluminum Stock<\/a><\/li>\r\n<li><a href=\"https:\/\/sinoextrud.com\/product\/custom-anodized-aluminium-profiles\/\" target=\"_blank\">Custom Anodized Aluminium Profiles<\/a><\/li>\r\n<li><a href=\"https:\/\/sinoextrud.com\/product\/aluminium-profile-corner-joint\/\" target=\"_blank\">Aluminium Profile Corner Joint<\/a><\/li>\r\n<li><a href=\"https:\/\/sinoextrud.com\/product\/industrial-aluminum-brushed-polish-profile-for-railing-and-showroom-decoration\/\" target=\"_blank\">Industrial Aluminum Brushed Polish Profile For Railing And Showroom Decoration<\/a><\/li>\r\n<li><a href=\"https:\/\/sinoextrud.com\/product\/anodized-aluminum\/\" target=\"_blank\">Anodized Aluminum<\/a><\/li>\r\n<li><a href=\"https:\/\/sinoextrud.com\/product\/large-aluminum-extrusion-2\/\" target=\"_blank\">Large Aluminum Extrusion<\/a><\/li>\r\n<li><a href=\"https:\/\/sinoextrud.com\/product\/picture-frame-extrusions\/\" target=\"_blank\">Picture Frame Extrusions<\/a><\/li>\r\n<li><a href=\"https:\/\/sinoextrud.com\/product\/aluminum-extrusion-profile-rolling-shutter\/\" target=\"_blank\">Aluminum Extrusion Profile Rolling Shutter<\/a><\/li>"},"feature_list":[]},"_links":{"self":[{"href":"https:\/\/sinoextrud.com\/cs\/wp-json\/wp\/v2\/product\/6052","targetHints":{"allow":["GET"]}}],"collection":[{"href":"https:\/\/sinoextrud.com\/cs\/wp-json\/wp\/v2\/product"}],"about":[{"href":"https:\/\/sinoextrud.com\/cs\/wp-json\/wp\/v2\/types\/product"}],"wp:featuredmedia":[{"embeddable":true,"href":"https:\/\/sinoextrud.com\/cs\/wp-json\/wp\/v2\/media\/6051"}],"wp:attachment":[{"href":"https:\/\/sinoextrud.com\/cs\/wp-json\/wp\/v2\/media?parent=6052"}],"wp:term":[{"taxonomy":"category","embeddable":true,"href":"https:\/\/sinoextrud.com\/cs\/wp-json\/wp\/v2\/categories?post=6052"}],"curies":[{"name":"wp","href":"https:\/\/api.w.org\/{rel}","templated":true}]}}