{"id":6048,"date":"2025-05-24T03:15:38","date_gmt":"2025-05-24T03:15:38","guid":{"rendered":"https:\/\/sinoextrud.com\/product\/sandblasted-aluminum-profile\/"},"modified":"2025-06-24T03:53:46","modified_gmt":"2025-06-24T03:53:46","slug":"piskovany-hlinikovy-profil","status":"publish","type":"product","link":"https:\/\/sinoextrud.com\/cs\/product\/sandblasted-aluminum-profile\/","title":{"rendered":"P\u00edskovan\u00fd hlin\u00edkov\u00fd profil"},"content":{"rendered":"<h2>Podrobnosti o produktech<\/h2>\n<table class=\"custom-table\">\n<tr>\n<td class=\"label\">N\u00e1zev produktu<\/td>\n<td>P\u00edskovan\u00fd hlin\u00edkov\u00fd profil<\/td>\n<\/tr>\n<tr>\n<td class=\"label\">Materi\u00e1l<\/td>\n<td>6063, 6061, 6463, 6082 Hlin\u00edkov\u00e1 slitina<\/td>\n<\/tr>\n<tr>\n<td class=\"label\">Barva<\/td>\n<td>P\u0159izp\u016fsoben\u00e9<\/td>\n<\/tr>\n<tr>\n<td class=\"label\">Standardn\u00ed<\/td>\n<td>GB2008<\/td>\n<\/tr>\n<tr>\n<td class=\"label\">T\u0159\u00edda<\/td>\n<td>\u0158ada 6000<\/td>\n<\/tr>\n<tr>\n<td class=\"label\">Tlou\u0161\u0165ka<\/td>\n<td>P\u0159izp\u016fsoben\u00e9<\/td>\n<\/tr>\n<tr>\n<td class=\"label\">Pou\u017eit\u00ed<\/td>\n<td>Dekorace<\/td>\n<\/tr>\n<tr>\n<td class=\"label\">Temperament<\/td>\n<td>T3-T8<\/td>\n<\/tr>\n<tr>\n<td class=\"label\">D\u00e9lka<\/td>\n<td>P\u0159izp\u016fsoben\u00e9<\/td>\n<\/tr>\n<tr>\n<td class=\"label\">Povrchov\u00e1 \u00faprava<\/td>\n<td>Pr\u00e1\u0161kov\u00e9 lakov\u00e1n\u00ed, ml\u00fdnsk\u00e1 povrchov\u00e1 \u00faprava, PVDF, eloxovan\u00e9, d\u0159ev\u011bn\u00e9 zrno, le\u0161t\u011bn\u00e9, kart\u00e1\u010dovan\u00e9 atd.<\/td>\n<\/tr>\n<tr>\n<td class=\"label\">Orgin<\/td>\n<td>\u010c\u00cdNA<\/td>\n<\/tr>\n<tr>\n<td class=\"label\">Je slitina nebo ne<\/td>\n<td>Je slitina<\/td>\n<\/tr>\n<tr>\n<td class=\"label\">P\u0159\u00edstav<\/td>\n<td>Guangzhou, Shenzhen, Foshan<\/td>\n<\/tr>\n<\/table>\n<h2>Na\u0161e v\u00fdrobn\u00ed z\u00e1kladna<\/h2>\n<h3>Panorama tov\u00e1rny<\/h3>\n<p><img decoding=\"async\" src=\"\/wp-content\/uploads\/factory-01.webp\"\/><\/p>\n<h3>D\u00edlna na v\u00fdrobu hlin\u00edkov\u00fdch ty\u010d\u00ed<\/h3>\n<p><img decoding=\"async\" src=\"\/wp-content\/uploads\/factory-02.webp\"\/><\/p>\n<\/p>\n<p><img decoding=\"async\" src=\"\/wp-content\/uploads\/factory-03.webp\"\/><\/p>\n<h3>Sklad pl\u00edsn\u00ed<\/h3>\n<p><img decoding=\"async\" src=\"\/wp-content\/uploads\/factory-04.webp\"\/><\/p>\n<h3>43 linek na vytla\u010dov\u00e1n\u00ed hlin\u00edku (500 - 5500 tun)<\/h3>\n<p><img decoding=\"async\" src=\"\/wp-content\/uploads\/factory-05.webp\"\/><\/p>\n<p><img decoding=\"async\" src=\"\/wp-content\/uploads\/factory-06.webp\"\/><\/p>\n<p><img decoding=\"async\" src=\"\/wp-content\/uploads\/factory-07.webp\"\/><\/p>\n<h3>D\u00edlna pr\u00e1\u0161kov\u00e9ho lakov\u00e1n\u00ed<\/h3>\n<p><img decoding=\"async\" src=\"\/wp-content\/uploads\/factory-09.webp\"\/><\/p>\n<h3>D\u00edlna eloxov\u00e1n\u00ed<\/h3>\n<p><img decoding=\"async\" src=\"\/wp-content\/uploads\/factory-10.webp\"\/><\/p>\n<h3>Workshop o hloubkov\u00e9m zpracov\u00e1n\u00ed<\/h3>\n<p><img decoding=\"async\" src=\"\/wp-content\/uploads\/factory-11.webp\"\/><\/p>\n<h3>D\u00edlna CNC p\u0159esn\u00e9ho obr\u00e1b\u011bn\u00ed<\/h3>\n<p><img decoding=\"async\" src=\"\/wp-content\/uploads\/factory-11.5.webp\"\/><\/p>\n<h3>Sklad hotov\u00fdch v\u00fdrobk\u016f a exportn\u00ed sklad<\/h3>\n<p><img decoding=\"async\" src=\"\/wp-content\/uploads\/factory-12.webp\"\/><\/p>\n<p><img decoding=\"async\" src=\"\/wp-content\/uploads\/factory-13.webp\"\/><\/p>\n<p><img decoding=\"async\" src=\"\/wp-content\/uploads\/factory-14.webp\"\/><\/p>\n<h2>\u010cASTO KLADEN\u00c9 DOTAZY<\/h2>\n<p><b>1.Co je p\u00edskovan\u00fd hlin\u00edkov\u00fd profil? <\/b><\/p>\n<p> P\u00edskovan\u00fd hlin\u00edkov\u00fd profil je hlin\u00edkov\u00fd v\u00fdlisek, kter\u00fd byl op\u00edskov\u00e1n, aby se dos\u00e1hlo hladk\u00e9, matn\u00e9 povrchov\u00e9 \u00fapravy s lep\u0161\u00ed strukturou a vizu\u00e1ln\u00ed p\u0159ita\u017elivost\u00ed.\n<\/p>\n<p><\/p>\n<p><b>2.Jak\u00e9 jsou v\u00fdhody p\u00edskovan\u00fdch hlin\u00edkov\u00fdch profil\u016f? <\/b><\/p>\n<p> Tyto profily nab\u00edzej\u00ed lep\u0161\u00ed rovnom\u011brnost povrchu, men\u0161\u00ed vizu\u00e1ln\u00ed nedokonalosti, lep\u0161\u00ed p\u0159ilnavost n\u00e1t\u011br\u016f a rafinovan\u00fd matn\u00fd estetick\u00fd vzhled.\n<\/p>\n<p><\/p>\n<p><b>3.Pro\u010d zvolit p\u00edskovanou povrchovou \u00fapravu hlin\u00edkov\u00fdch profil\u016f? <\/b><\/p>\n<p> P\u00edskov\u00e1n\u00ed odstra\u0148uje povrchov\u00e9 \u0161mouhy a vytla\u010dovac\u00ed linie a poskytuje prvot\u0159\u00eddn\u00ed, nereflexn\u00ed povrchovou \u00fapravu ide\u00e1ln\u00ed pro \u0161pi\u010dkov\u00e9 architektonick\u00e9 a dekorativn\u00ed pou\u017eit\u00ed.\n<\/p>\n<p><\/p>\n<p><b>4.Je p\u00edskovan\u00fd hlin\u00edk vhodn\u00fd pro eloxov\u00e1n\u00ed? <\/b><\/p>\n<p> Ano, p\u00edskov\u00e1n\u00ed je vynikaj\u00edc\u00ed p\u0159ed\u00faprava pro eloxov\u00e1n\u00ed, kter\u00e1 zlep\u0161uje rovnom\u011brnost povlaku a celkovou kvalitu povrchu.\n<\/p>\n<p><\/p>\n<p><b>5.V jak\u00fdch aplikac\u00edch se b\u011b\u017en\u011b pou\u017e\u00edvaj\u00ed p\u00edskovan\u00e9 hlin\u00edkov\u00e9 profily? <\/b><\/p>\n<p> P\u00edskovan\u00e9 profily se hojn\u011b pou\u017e\u00edvaj\u00ed v architektu\u0159e, spot\u0159ebn\u00ed elektronice, n\u00e1bytku, zna\u010den\u00ed a interi\u00e9rov\u00e9m designu.\n<\/p>\n<p><\/p>\n<p><b>6.M\u00e1 p\u00edskov\u00e1n\u00ed vliv na pevnost hlin\u00edkov\u00fdch profil\u016f? <\/b><\/p>\n<p> Ne, p\u00edskov\u00e1n\u00ed pouze m\u011bn\u00ed povrch a nem\u00e1 \u017e\u00e1dn\u00fd negativn\u00ed vliv na struktur\u00e1ln\u00ed integritu hlin\u00edkov\u00e9ho profilu.\n<\/p>\n<p><\/p>\n<p><b>7.Jsou p\u00edskovan\u00e9 hlin\u00edkov\u00e9 profily vhodn\u00e9 pro venkovn\u00ed pou\u017eit\u00ed? <\/b><\/p>\n<p> Ano, ve spojen\u00ed s eloxov\u00e1n\u00edm nebo pr\u00e1\u0161kov\u00fdm lakov\u00e1n\u00edm nab\u00edzej\u00ed silnou odolnost proti korozi a odolnost proti pov\u011btrnostn\u00edm vliv\u016fm pro exteri\u00e9rov\u00e9 aplikace.\n<\/p>\n<p><\/p>\n<p><b>8.Can p\u00edskovan\u00e9 hlin\u00edkov\u00e9 profily b\u00fdt p\u0159izp\u016fsobeny? <\/b><\/p>\n<p> Jsou k dispozici v r\u016fzn\u00fdch tvarech, velikostech a slitin\u00e1ch a lze je kombinovat s vlastn\u00edmi povrchov\u00fdmi \u00fapravami pro specifick\u00e9 po\u017eadavky na design.\n<\/p>\n<p><\/p>\n<p><b>9.Jak p\u00edskov\u00e1n\u00ed zlep\u0161uje vzhled hlin\u00edku? <\/b><\/p>\n<p> Poskytuje konzistentn\u00ed matnou strukturu, kter\u00e1 zakr\u00fdv\u00e1 otisky prst\u016f a skvrny a poskytuje \u010dist\u00fd, elegantn\u00ed vzhled pro modern\u00ed n\u00e1vrhy.\n<\/p>\n<p><\/p>\n<p><b>10.Je p\u00edskovan\u00fd hlin\u00edk \u0161etrn\u00fd k \u017eivotn\u00edmu prost\u0159ed\u00ed? <\/b><\/p>\n<p> Ano, hlin\u00edk je pln\u011b recyklovateln\u00fd a p\u00edskov\u00e1n\u00ed je such\u00fd proces bez pou\u017eit\u00ed chemick\u00fdch l\u00e1tek, co\u017e z n\u011bj \u010din\u00ed udr\u017eitelnou volbu povrchov\u00e9 \u00fapravy.\n<\/p>\n<p><\/p>","protected":false},"featured_media":6047,"template":"","categories":[57],"class_list":["post-6048","product","type-product","status-publish","has-post-thumbnail","hentry","category-anodized-aluminum-profile"],"meta_box":{"hilight_text_group":{"product_hilight_text":"<li>Uniform matte surface provides a premium, modern appearance<\/li>\r\r\n<li>Improved surface adhesion for anodizing, powder coating, or painting<\/li>\r\r\n<li>Removes minor surface imperfections for enhanced visual quality<\/li>\r\r\n<li>Durable and corrosion-resistant when combined with anodized treatment<\/li>\r\r\n<li>Suitable for architectural, decorative, and industrial applications<\/li>","product_chanpin_chanpin":"<li><a href=\"https:\/\/sinoextrud.com\/product\/anodised-aluminium-extrusions\/\" target=\"_blank\">Anodised Aluminium Extrusions<\/a><\/li>\r\n<li><a href=\"https:\/\/sinoextrud.com\/product\/anodized-extruded-aluminum-edging-for-plywood\/\" target=\"_blank\">Anodized Extruded Aluminum Edging For Plywood<\/a><\/li>\r\n<li><a href=\"https:\/\/sinoextrud.com\/product\/extruded-aluminium-profile-with-sand-blasted-treatment\/\" target=\"_blank\">Extruded Aluminium Profile With Sand Blasted Treatment<\/a><\/li>\r\n<li><a href=\"https:\/\/sinoextrud.com\/product\/anodized-aluminum-trim-molding\/\" target=\"_blank\">Anodized Aluminum Trim Molding<\/a><\/li>\r\n<li><a href=\"https:\/\/sinoextrud.com\/product\/sandblasted-aluminum-profile\/\" target=\"_blank\">Sandblasted Aluminum Profile<\/a><\/li>\r\n<li><a href=\"https:\/\/sinoextrud.com\/product\/extruded-aluminum-stock\/\" target=\"_blank\">Extruded Aluminum Stock<\/a><\/li>\r\n<li><a href=\"https:\/\/sinoextrud.com\/product\/custom-anodized-aluminium-profiles\/\" target=\"_blank\">Custom Anodized Aluminium Profiles<\/a><\/li>\r\n<li><a href=\"https:\/\/sinoextrud.com\/product\/aluminium-profile-corner-joint\/\" target=\"_blank\">Aluminium Profile Corner Joint<\/a><\/li>\r\n<li><a href=\"https:\/\/sinoextrud.com\/product\/industrial-aluminum-brushed-polish-profile-for-railing-and-showroom-decoration\/\" target=\"_blank\">Industrial Aluminum Brushed Polish Profile For Railing And Showroom Decoration<\/a><\/li>\r\n<li><a href=\"https:\/\/sinoextrud.com\/product\/anodizing-aluminium-alloy-wire-slot\/\" target=\"_blank\">Anodizing Aluminium Alloy Wire Slot<\/a><\/li>\r\n<li><a href=\"https:\/\/sinoextrud.com\/product\/quarter-round-aluminum-extrusion\/\" target=\"_blank\">Quarter Round Aluminum Extrusion<\/a><\/li>"},"feature_list":[]},"_links":{"self":[{"href":"https:\/\/sinoextrud.com\/cs\/wp-json\/wp\/v2\/product\/6048","targetHints":{"allow":["GET"]}}],"collection":[{"href":"https:\/\/sinoextrud.com\/cs\/wp-json\/wp\/v2\/product"}],"about":[{"href":"https:\/\/sinoextrud.com\/cs\/wp-json\/wp\/v2\/types\/product"}],"wp:featuredmedia":[{"embeddable":true,"href":"https:\/\/sinoextrud.com\/cs\/wp-json\/wp\/v2\/media\/6047"}],"wp:attachment":[{"href":"https:\/\/sinoextrud.com\/cs\/wp-json\/wp\/v2\/media?parent=6048"}],"wp:term":[{"taxonomy":"category","embeddable":true,"href":"https:\/\/sinoextrud.com\/cs\/wp-json\/wp\/v2\/categories?post=6048"}],"curies":[{"name":"wp","href":"https:\/\/api.w.org\/{rel}","templated":true}]}}