{"id":6046,"date":"2025-05-24T03:13:01","date_gmt":"2025-05-24T03:13:01","guid":{"rendered":"https:\/\/sinoextrud.com\/product\/anodized-aluminum-trim-molding\/"},"modified":"2025-06-24T03:53:44","modified_gmt":"2025-06-24T03:53:44","slug":"eloxovane-hlinikove-listy","status":"publish","type":"product","link":"https:\/\/sinoextrud.com\/cs\/product\/anodized-aluminum-trim-molding\/","title":{"rendered":"eloxovan\u00e9 hlin\u00edkov\u00e9 li\u0161ty na oblo\u017een\u00ed"},"content":{"rendered":"<h2>Podrobnosti o produktech<\/h2>\n<table class=\"custom-table\">\n<tr>\n<td class=\"label\">N\u00e1zev produktu<\/td>\n<td>eloxovan\u00e9 hlin\u00edkov\u00e9 li\u0161ty na oblo\u017een\u00ed<\/td>\n<\/tr>\n<tr>\n<td class=\"label\">Materi\u00e1l<\/td>\n<td>6063,6061,6463,6082<\/td>\n<\/tr>\n<tr>\n<td class=\"label\">Tvar<\/td>\n<td>Na m\u00edru<\/td>\n<\/tr>\n<tr>\n<td class=\"label\">Velikost<\/td>\n<td>Na m\u00edru<\/td>\n<\/tr>\n<tr>\n<td class=\"label\">Barva<\/td>\n<td>K dispozici jsou v\u0161echny barvy<\/td>\n<\/tr>\n<tr>\n<td class=\"label\">D\u00e9lka<\/td>\n<td>1-9M, jin\u00e1 d\u00e9lka k jedn\u00e1n\u00ed<\/td>\n<\/tr>\n<tr>\n<td class=\"label\">Typick\u00e1 aplikace<\/td>\n<td>Pr\u016fmyslov\u00e9, architektonick\u00e9, dekorace<\/td>\n<\/tr>\n<tr>\n<td class=\"label\">MOQ<\/td>\n<td>200KG pro ka\u017edou polo\u017eku\/barvu<\/td>\n<\/tr>\n<tr>\n<td class=\"label\">Proces CNC<\/td>\n<td>CNC fr\u00e9zov\u00e1n\u00ed, d\u011brov\u00e1n\u00ed, vrt\u00e1n\u00ed, z\u00e1vitov\u00e1n\u00ed, oh\u00fdb\u00e1n\u00ed<\/td>\n<\/tr>\n<tr>\n<td class=\"label\">Povrchov\u00e1 \u00faprava<\/td>\n<td>D\u0159ev\u011bn\u00e9 zrno, eloxovan\u00e9, pr\u00e1\u0161kov\u00e9 lakov\u00e1n\u00ed, elektrofor\u00e9za, PVDF povlak, kart\u00e1\u010dovan\u00fd atd.<\/td>\n<\/tr>\n<tr>\n<td class=\"label\">Certifikace<\/td>\n<td>ISO9001, ISO4001, CQM, SGS, CE, BV, SONCAP\/GB, ISO, JIS, AS, NZS, QUALICOAT<\/td>\n<\/tr>\n<tr>\n<td class=\"label\">Doba realizace<\/td>\n<td>Otev\u0159en\u00ed a potvrzen\u00ed vzorku12-15dn\u00ed<\/td>\n<\/tr>\n<tr>\n<td class=\"label\"><\/td>\n<td>Hromadn\u00e1 v\u00fdroba 25-30 dn\u00ed<\/td>\n<\/tr>\n<tr>\n<td class=\"label\">Term\u00edn dod\u00e1n\u00ed<\/td>\n<td> Foshan\/Guangzhou\/Shenzhen<\/td>\n<\/tr>\n<\/table>\n<h2>Na\u0161e v\u00fdrobn\u00ed z\u00e1kladna<\/h2>\n<h3>Panorama tov\u00e1rny<\/h3>\n<p><img decoding=\"async\" src=\"\/wp-content\/uploads\/factory-01.webp\"\/><\/p>\n<h3>D\u00edlna na v\u00fdrobu hlin\u00edkov\u00fdch ty\u010d\u00ed<\/h3>\n<p><img decoding=\"async\" src=\"\/wp-content\/uploads\/factory-02.webp\"\/><\/p>\n<\/p>\n<p><img decoding=\"async\" src=\"\/wp-content\/uploads\/factory-03.webp\"\/><\/p>\n<h3>Sklad pl\u00edsn\u00ed<\/h3>\n<p><img decoding=\"async\" src=\"\/wp-content\/uploads\/factory-04.webp\"\/><\/p>\n<h3>43 linek na vytla\u010dov\u00e1n\u00ed hlin\u00edku (500-5500 tun)<\/h3>\n<p><img decoding=\"async\" src=\"\/wp-content\/uploads\/factory-05.webp\"\/><\/p>\n<p><img decoding=\"async\" src=\"\/wp-content\/uploads\/factory-06.webp\"\/><\/p>\n<p><img decoding=\"async\" src=\"\/wp-content\/uploads\/factory-07.webp\"\/><\/p>\n<h3>D\u00edlna pr\u00e1\u0161kov\u00e9ho lakov\u00e1n\u00ed<\/h3>\n<p><img decoding=\"async\" src=\"\/wp-content\/uploads\/factory-09.webp\"\/><\/p>\n<h3>D\u00edlna eloxov\u00e1n\u00ed<\/h3>\n<p><img decoding=\"async\" src=\"\/wp-content\/uploads\/factory-10.webp\"\/><\/p>\n<h3>Workshop o hloubkov\u00e9m zpracov\u00e1n\u00ed<\/h3>\n<p><img decoding=\"async\" src=\"\/wp-content\/uploads\/factory-11.webp\"\/><\/p>\n<h3>D\u00edlna CNC p\u0159esn\u00e9ho obr\u00e1b\u011bn\u00ed<\/h3>\n<p><img decoding=\"async\" src=\"\/wp-content\/uploads\/factory-11.5.webp\"\/><\/p>\n<h3>Sklad hotov\u00fdch v\u00fdrobk\u016f a exportn\u00ed sklad<\/h3>\n<p><img decoding=\"async\" src=\"\/wp-content\/uploads\/factory-12.webp\"\/><\/p>\n<p><img decoding=\"async\" src=\"\/wp-content\/uploads\/factory-13.webp\"\/><\/p>\n<p><img decoding=\"async\" src=\"\/wp-content\/uploads\/factory-14.webp\"\/><\/p>\n<h2>\u010cASTO KLADEN\u00c9 DOTAZY<\/h2>\n<p><b>1.Co je to eloxovan\u00fd hlin\u00edkov\u00fd lemovac\u00ed plech? <\/b><\/p>\n<p> eloxovan\u00e9 hlin\u00edkov\u00e9 li\u0161ty jsou dekorativn\u00ed a ochrann\u00e9 hlin\u00edkov\u00e9 li\u0161ty s eloxovanou povrchovou \u00fapravou, kter\u00e9 se pou\u017e\u00edvaj\u00ed k lemov\u00e1n\u00ed, zakryt\u00ed nebo p\u0159echodu mezi povrchy ve stavebnictv\u00ed a designu.\n<\/p>\n<p><\/p>\n<p><b>2.Jak\u00e9 jsou v\u00fdhody eloxovan\u00fdch hlin\u00edkov\u00fdch li\u0161t? <\/b><\/p>\n<p> Nab\u00edz\u00ed vynikaj\u00edc\u00ed odolnost proti korozi, zv\u00fd\u0161enou trvanlivost povrchu, elegantn\u00ed kovov\u00fd vzhled a dlouhotrvaj\u00edc\u00ed barvu bez blednut\u00ed nebo odlupov\u00e1n\u00ed.\n<\/p>\n<p><\/p>\n<p><b>3.Pro\u010d zvolit eloxovan\u00e9 li\u0161ty m\u00edsto lakovan\u00fdch nebo plastov\u00fdch? <\/b><\/p>\n<p> Eloxovan\u00fd hlin\u00edk je trvanliv\u011bj\u0161\u00ed, odoln\u011bj\u0161\u00ed proti UV z\u00e1\u0159en\u00ed, odoln\u011bj\u0161\u00ed proti po\u0161kr\u00e1b\u00e1n\u00ed a l\u00e9pe udr\u017euje svou povrchovou \u00fapravu ne\u017e barva nebo plastov\u00e9 alternativy.\n<\/p>\n<p><\/p>\n<p><b>4.Lze eloxovan\u00e9 hlin\u00edkov\u00e9 li\u0161ty pou\u017e\u00edt v interi\u00e9ru i exteri\u00e9ru? <\/b><\/p>\n<p> Ano, eloxovan\u00fd povlak chr\u00e1n\u00ed p\u0159ed pov\u011btrnostn\u00edmi vlivy, UV z\u00e1\u0159en\u00edm a vlhkost\u00ed, tak\u017ee je vhodn\u00fd pro pou\u017eit\u00ed v interi\u00e9ru i exteri\u00e9ru.\n<\/p>\n<p><\/p>\n<p><b>5.Jak\u00e9 povrchov\u00e9 \u00fapravy jsou k dispozici pro eloxovan\u00e9 hlin\u00edkov\u00e9 li\u0161ty? <\/b><\/p>\n<p> K dispozici jsou sat\u00e9nov\u00e9, kart\u00e1\u010dovan\u00e9, matn\u00e9 a leskl\u00e9 povrchy v r\u016fzn\u00fdch barv\u00e1ch, jako je st\u0159\u00edbrn\u00e1, \u010dern\u00e1, zlat\u00e1, bronzov\u00e1 a \u0161ampa\u0148sk\u00e1.\n<\/p>\n<p><\/p>\n<p><b>6.Je instalace eloxovan\u00e9ho hlin\u00edkov\u00e9ho oblo\u017een\u00ed snadn\u00e1? <\/b><\/p>\n<p> Je naprosto lehk\u00fd a lze jej snadno \u0159ezat, vrtat a upev\u0148ovat pomoc\u00ed lepidla nebo spojovac\u00edho materi\u00e1lu, co\u017e je ide\u00e1ln\u00ed pro kutilsk\u00e9 i profesion\u00e1ln\u00ed pou\u017eit\u00ed.\n<\/p>\n<p><\/p>\n<p><b>7.Jak\u00e9 aplikace pou\u017e\u00edvaj\u00ed eloxovan\u00e9 hlin\u00edkov\u00e9 li\u0161ty? <\/b><\/p>\n<p> Je \u0161iroce pou\u017e\u00edv\u00e1n v kuchyn\u00edch, koupeln\u00e1ch, n\u00e1bytku, st\u011bnov\u00fdch panelech, p\u0159echodech mezi dla\u017edicemi, maloobchodn\u00edch expozic\u00edch a architektonick\u00fdch detailech.\n<\/p>\n<p><\/p>\n<p><b>8.Zvy\u0161uje eloxov\u00e1n\u00ed \u017eivotnost hlin\u00edkov\u00fdch oblo\u017een\u00ed? <\/b><\/p>\n<p> Ano, eloxovan\u00e1 vrstva v\u00fdrazn\u011b prodlu\u017euje \u017eivotnost v\u00fdrobku t\u00edm, \u017ee poskytuje tvrd\u00fd ochrann\u00fd povrch, kter\u00fd odol\u00e1v\u00e1 opot\u0159eben\u00ed a korozi.\n<\/p>\n<p><\/p>\n<p><b>9.Je eloxovan\u00fd hlin\u00edk Trim Molding p\u0159izp\u016fsobiteln\u00fd? <\/b><\/p>\n<p> Ano, lze jej vyrobit v r\u016fzn\u00fdch tvarech, velikostech, tlou\u0161\u0165k\u00e1ch a eloxovan\u00fdch barv\u00e1ch, aby vyhovoval specifick\u00fdm designov\u00fdm a funk\u010dn\u00edm pot\u0159eb\u00e1m.\n<\/p>\n<p><\/p>\n<p><b>10.Je eloxovan\u00e9 hlin\u00edkov\u00e9 lemov\u00e1n\u00ed \u0161etrn\u00e9 k \u017eivotn\u00edmu prost\u0159ed\u00ed? <\/b><\/p>\n<p> Ano, hlin\u00edk je pln\u011b recyklovateln\u00fd a proces eloxov\u00e1n\u00ed je netoxick\u00fd, co\u017e z n\u011bj \u010din\u00ed udr\u017eitelnou volbu pro ekologicky sm\u00fd\u0161lej\u00edc\u00ed projekty.\n<\/p>\n<p><\/p>","protected":false},"featured_media":6045,"template":"","categories":[57],"class_list":["post-6046","product","type-product","status-publish","has-post-thumbnail","hentry","category-anodized-aluminum-profile"],"meta_box":{"hilight_text_group":{"product_hilight_text":"<li>Durable anodized finish provides corrosion and scratch resistance<\/li>\r\r\n<li>Clean, modern appearance enhances architectural and interior designs<\/li>\r\r\n<li>Lightweight and easy to install with standard tools and adhesives<\/li>\r\r\n<li>Available in various profiles, lengths, and colors for design flexibility<\/li>\r\r\n<li>Ideal for edge protection, panel transitions, and decorative detailing<\/li>","product_chanpin_chanpin":"<li><a href=\"https:\/\/sinoextrud.com\/product\/anodized-mill-finish-auminium-extrusion-angle\/\" target=\"_blank\">Anodized Mill Finish Auminium Extrusion Angle<\/a><\/li>\r\n<li><a href=\"https:\/\/sinoextrud.com\/product\/anodised-aluminium-extrusions\/\" target=\"_blank\">Anodised Aluminium Extrusions<\/a><\/li>\r\n<li><a href=\"https:\/\/sinoextrud.com\/product\/anodized-extruded-aluminum-edging-for-plywood\/\" target=\"_blank\">Anodized Extruded Aluminum Edging For Plywood<\/a><\/li>\r\n<li><a href=\"https:\/\/sinoextrud.com\/product\/extruded-aluminium-profile-with-sand-blasted-treatment\/\" target=\"_blank\">Extruded Aluminium Profile With Sand Blasted Treatment<\/a><\/li>\r\n<li><a href=\"https:\/\/sinoextrud.com\/product\/anodized-aluminum-trim-molding\/\" target=\"_blank\">Anodized Aluminum Trim Molding<\/a><\/li>\r\n<li><a href=\"https:\/\/sinoextrud.com\/product\/sandblasted-aluminum-profile\/\" target=\"_blank\">Sandblasted Aluminum Profile<\/a><\/li>\r\n<li><a href=\"https:\/\/sinoextrud.com\/product\/extruded-aluminum-stock\/\" target=\"_blank\">Extruded Aluminum Stock<\/a><\/li>\r\n<li><a href=\"https:\/\/sinoextrud.com\/product\/custom-anodized-aluminium-profiles\/\" target=\"_blank\">Custom Anodized Aluminium Profiles<\/a><\/li>\r\n<li><a href=\"https:\/\/sinoextrud.com\/product\/aluminium-profile-corner-joint\/\" target=\"_blank\">Aluminium Profile Corner Joint<\/a><\/li>\r\n<li><a href=\"https:\/\/sinoextrud.com\/product\/aluminum-irrigation-pipe-for-sale\/\" target=\"_blank\">Aluminum Irrigation Pipe For Sale<\/a><\/li>\r\n<li><a href=\"https:\/\/sinoextrud.com\/product\/aluminium-lipped-channel-extrusions\/\" target=\"_blank\">Aluminium Lipped Channel Extrusions<\/a><\/li>"},"feature_list":[]},"_links":{"self":[{"href":"https:\/\/sinoextrud.com\/cs\/wp-json\/wp\/v2\/product\/6046","targetHints":{"allow":["GET"]}}],"collection":[{"href":"https:\/\/sinoextrud.com\/cs\/wp-json\/wp\/v2\/product"}],"about":[{"href":"https:\/\/sinoextrud.com\/cs\/wp-json\/wp\/v2\/types\/product"}],"wp:featuredmedia":[{"embeddable":true,"href":"https:\/\/sinoextrud.com\/cs\/wp-json\/wp\/v2\/media\/6045"}],"wp:attachment":[{"href":"https:\/\/sinoextrud.com\/cs\/wp-json\/wp\/v2\/media?parent=6046"}],"wp:term":[{"taxonomy":"category","embeddable":true,"href":"https:\/\/sinoextrud.com\/cs\/wp-json\/wp\/v2\/categories?post=6046"}],"curies":[{"name":"wp","href":"https:\/\/api.w.org\/{rel}","templated":true}]}}