{"id":6044,"date":"2025-05-24T03:09:21","date_gmt":"2025-05-24T03:09:21","guid":{"rendered":"https:\/\/sinoextrud.com\/product\/extruded-aluminium-profile-with-sand-blasted-treatment\/"},"modified":"2025-06-24T03:53:41","modified_gmt":"2025-06-24T03:53:41","slug":"extrudovany-hlinikovy-profil-s-piskovanou-upravou","status":"publish","type":"product","link":"https:\/\/sinoextrud.com\/cs\/product\/extruded-aluminium-profile-with-sand-blasted-treatment\/","title":{"rendered":"Extrudovan\u00fd hlin\u00edkov\u00fd profil s p\u00edskovanou \u00fapravou"},"content":{"rendered":"<h2>Podrobnosti o produktech<\/h2>\n<table class=\"custom-table\">\n<tr>\n<td class=\"label\">Polo\u017eka:<\/td>\n<td> Extrudovan\u00fd hlin\u00edkov\u00fd profil s p\u00edskov\u00e1n\u00edm<\/td>\n<\/tr>\n<tr>\n<td class=\"label\">M\u00edrnost:<\/td>\n<td> T3-T8<\/td>\n<\/tr>\n<tr>\n<td class=\"label\">Slitina:<\/td>\n<td> Slitina<\/td>\n<\/tr>\n<tr>\n<td class=\"label\">T\u0159\u00edda:<\/td>\n<td> \u0158ada 6000<\/td>\n<\/tr>\n<tr>\n<td class=\"label\">Velikost:<\/td>\n<td> Vlastn\u00ed<\/td>\n<\/tr>\n<tr>\n<td class=\"label\">Extra slu\u017eby:<\/td>\n<td> OEM<\/td>\n<\/tr>\n<tr>\n<td class=\"label\">Kontrola kvality:<\/td>\n<td> 100% Kontrola p\u0159ed odesl\u00e1n\u00edm<\/td>\n<\/tr>\n<\/table>\n<h2>Na\u0161e v\u00fdrobn\u00ed z\u00e1kladna<\/h2>\n<h3>Panorama tov\u00e1rny<\/h3>\n<p><img decoding=\"async\" src=\"\/wp-content\/uploads\/factory-01.webp\"\/><\/p>\n<h3>D\u00edlna na v\u00fdrobu hlin\u00edkov\u00fdch ty\u010d\u00ed<\/h3>\n<p><img decoding=\"async\" src=\"\/wp-content\/uploads\/factory-02.webp\"\/><\/p>\n<p><img decoding=\"async\" src=\"\/wp-content\/uploads\/factory-03.webp\"\/><\/p>\n<h3>Sklad pl\u00edsn\u00ed<\/h3>\n<p><img decoding=\"async\" src=\"\/wp-content\/uploads\/factory-04.webp\"\/><\/p>\n<h3>43 linek na vytla\u010dov\u00e1n\u00ed hlin\u00edku (500-5500 tun)<\/h3>\n<p><img decoding=\"async\" src=\"\/wp-content\/uploads\/factory-05.webp\"\/><\/p>\n<p><img decoding=\"async\" src=\"\/wp-content\/uploads\/factory-06.webp\"\/><\/p>\n<p><img decoding=\"async\" src=\"\/wp-content\/uploads\/factory-07.webp\"\/><\/p>\n<h3>D\u00edlna pr\u00e1\u0161kov\u00e9ho lakov\u00e1n\u00ed<\/h3>\n<p><img decoding=\"async\" src=\"\/wp-content\/uploads\/factory-09.webp\"\/><\/p>\n<h3>D\u00edlna eloxov\u00e1n\u00ed<\/h3>\n<p><img decoding=\"async\" src=\"\/wp-content\/uploads\/factory-10.webp\"\/><\/p>\n<h3>Workshop o hloubkov\u00e9m zpracov\u00e1n\u00ed<\/h3>\n<p><img decoding=\"async\" src=\"\/wp-content\/uploads\/factory-11.webp\"\/><\/p>\n<h3>D\u00edlna CNC p\u0159esn\u00e9ho obr\u00e1b\u011bn\u00ed<\/h3>\n<p><img decoding=\"async\" src=\"\/wp-content\/uploads\/factory-11.5.webp\"\/><\/p>\n<h3>Sklad hotov\u00fdch v\u00fdrobk\u016f a exportn\u00ed sklad<\/h3>\n<p><img decoding=\"async\" src=\"\/wp-content\/uploads\/factory-12.webp\"\/><\/p>\n<p><img decoding=\"async\" src=\"\/wp-content\/uploads\/factory-13.webp\"\/><\/p>\n<p><img decoding=\"async\" src=\"\/wp-content\/uploads\/factory-14.webp\"\/><\/p>\n<h2>\u010cASTO KLADEN\u00c9 DOTAZY<\/h2>\n<p><p><b>1.Co je extrudovan\u00fd hlin\u00edkov\u00fd profil s p\u00edskovanou \u00fapravou? <\/b><\/p>\n<p> Jedn\u00e1 se o hlin\u00edkov\u00fd profil vytvo\u0159en\u00fd vytla\u010dov\u00e1n\u00edm a dokon\u010den\u00fd p\u00edskov\u00e1n\u00edm pro dosa\u017een\u00ed hladk\u00e9, matn\u00e9 a rovnom\u011brn\u00e9 struktury povrchu.<br \/>\n<\/p><br \/>\n<br \/>\n<p><b>2.Jak\u00e9 jsou v\u00fdhody p\u00edskovan\u00fdch extrudovan\u00fdch hlin\u00edkov\u00fdch profil\u016f? <\/b><\/p>\n<p> Tyto profily nab\u00edzej\u00ed lep\u0161\u00ed rovnom\u011brnost povrchu, sn\u00ed\u017een\u00ed mechanick\u00fdch \u0161mouh, lep\u0161\u00ed estetick\u00fd vzhled a vynikaj\u00edc\u00ed p\u0159ed\u00fapravu pro eloxov\u00e1n\u00ed nebo lakov\u00e1n\u00ed.<br \/>\n<\/p><br \/>\n<br \/>\n<p><b>3.Pro\u010d zvolit p\u00edskov\u00e1n\u00ed pro hlin\u00edkov\u00e9 v\u00fdlisky? <\/b><\/p>\n<p> P\u00edskov\u00e1n\u00ed odstra\u0148uje nedokonalosti povrchu, zlep\u0161uje p\u0159ilnavost povrchov\u00fdch \u00faprav a dod\u00e1v\u00e1 modern\u00ed matn\u00fd vzhled ide\u00e1ln\u00ed pro architektonick\u00e9 a dekorativn\u00ed aplikace.<br \/>\n<\/p><br \/>\n<br \/>\n<p><b>4.Je p\u00edskovan\u00fd hlin\u00edk vhodn\u00fd pro eloxov\u00e1n\u00ed? <\/b><\/p>\n<p> Ano, p\u00edskovan\u00e9 povrchy jsou ide\u00e1ln\u00ed pro eloxov\u00e1n\u00ed, proto\u017ee se d\u00edky t\u00e9to \u00faprav\u011b zv\u011bt\u0161\u00ed plocha povrchu a zlep\u0161\u00ed se p\u0159ilnavost a rovnom\u011brnost povlaku.<br \/>\n<\/p><br \/>\n<br \/>\n<p><b>5.Kde se b\u011b\u017en\u011b pou\u017e\u00edvaj\u00ed p\u00edskovan\u00e9 extrudovan\u00e9 hlin\u00edkov\u00e9 profily? <\/b><\/p>\n<p> Pou\u017e\u00edvaj\u00ed se v architektu\u0159e, interi\u00e9rech, spot\u0159ebn\u00ed elektronice, automobilov\u00fdch li\u0161t\u00e1ch a \u0161pi\u010dkov\u00e9m n\u00e1bytku.<br \/>\n<\/p><br \/>\n<br \/>\n<p><b>6.M\u00e1 p\u00edskov\u00e1n\u00ed vliv na pevnost hlin\u00edkov\u00e9ho profilu? <\/b><\/p>\n<p> Ne, p\u00edskov\u00e1n\u00ed ovliv\u0148uje pouze povrch a neohro\u017euje pevnost nebo integritu konstrukce hlin\u00edkov\u00e9ho profilu.<br \/>\n<\/p><br \/>\n<br \/>\n<p><b>7.Can p\u00edskovan\u00e9 extrudovan\u00e9 hlin\u00edkov\u00e9 profily b\u00fdt p\u0159izp\u016fsobeny? <\/b><\/p>\n<p> Lze je vyr\u00e1b\u011bt v r\u016fzn\u00fdch tvarech, velikostech, slitin\u00e1ch a kombinovat s eloxovan\u00fdmi nebo pr\u00e1\u0161kov\u011b lakovan\u00fdmi povrchov\u00fdmi \u00fapravami.<br \/>\n<\/p><br \/>\n<br \/>\n<p><b>8.Jsou p\u00edskovan\u00e9 hlin\u00edkov\u00e9 profily vhodn\u00e9 pro venkovn\u00ed pou\u017eit\u00ed? <\/b><\/p>\n<p> Ano, zejm\u00e9na v kombinaci s eloxov\u00e1n\u00edm nebo pr\u00e1\u0161kov\u00fdm lakov\u00e1n\u00edm nab\u00edzej\u00ed vynikaj\u00edc\u00ed odolnost proti korozi a pov\u011btrnostn\u00edm vliv\u016fm.<br \/>\n<\/p><br \/>\n<br \/>\n<p><b>9.Jak\u00e9 estetick\u00e9 v\u00fdhody nab\u00edz\u00ed p\u00edskovan\u00fd hlin\u00edk? <\/b><\/p>\n<p> Poskytuje rafinovan\u00fd, nereflexn\u00ed matn\u00fd povrch, kter\u00fd zakr\u00fdv\u00e1 otisky prst\u016f a povrchov\u00e9 vady, tak\u017ee je ide\u00e1ln\u00ed pro viditeln\u00e9 sou\u010d\u00e1sti.<br \/>\n<\/p><br \/>\n<br \/>\n<p><b>10.Je p\u00edskovan\u00fd hlin\u00edk ekologicky \u0161etrnou variantou? <\/b><\/p>\n<p> Ano, hlin\u00edk je recyklovateln\u00fd a p\u00edskov\u00e1n\u00ed je such\u00e1 povrchov\u00e1 \u00faprava bez pou\u017eit\u00ed chemik\u00e1li\u00ed, tak\u017ee je \u0161etrn\u00e9 k \u017eivotn\u00edmu prost\u0159ed\u00ed.<br \/>\n<\/p><br \/><\/p>","protected":false},"featured_media":6043,"template":"","categories":[57],"class_list":["post-6044","product","type-product","status-publish","has-post-thumbnail","hentry","category-anodized-aluminum-profile"],"meta_box":{"hilight_text_group":{"product_hilight_text":"<li>Sand blasted finish delivers a uniform matte texture ideal for high-end applications<\/li>\r\r\n<li>Enhanced surface adhesion for anodizing, painting, or powder coating<\/li>\r\r\n<li>Removes surface imperfections for a clean and refined appearance<\/li>\r\r\n<li>Improved corrosion resistance when combined with anodized treatment<\/li>\r\r\n<li>Customizable profiles and finishes to suit architectural and industrial needs<\/li>","product_chanpin_chanpin":"<li><a href=\"https:\/\/sinoextrud.com\/product\/anodized-aluminium-extrusion-profile-for-frame-construction-system\/\" target=\"_blank\">Anodized aluminium extrusion profile for frame construction system<\/a><\/li>\r\n<li><a href=\"https:\/\/sinoextrud.com\/product\/anodized-mill-finish-auminium-extrusion-angle\/\" target=\"_blank\">Anodized Mill Finish Auminium Extrusion Angle<\/a><\/li>\r\n<li><a href=\"https:\/\/sinoextrud.com\/product\/anodised-aluminium-extrusions\/\" target=\"_blank\">Anodised Aluminium Extrusions<\/a><\/li>\r\n<li><a href=\"https:\/\/sinoextrud.com\/product\/anodized-extruded-aluminum-edging-for-plywood\/\" target=\"_blank\">Anodized Extruded Aluminum Edging For Plywood<\/a><\/li>\r\n<li><a href=\"https:\/\/sinoextrud.com\/product\/extruded-aluminium-profile-with-sand-blasted-treatment\/\" target=\"_blank\">Extruded Aluminium Profile With Sand Blasted Treatment<\/a><\/li>\r\n<li><a href=\"https:\/\/sinoextrud.com\/product\/anodized-aluminum-trim-molding\/\" target=\"_blank\">Anodized Aluminum Trim Molding<\/a><\/li>\r\n<li><a href=\"https:\/\/sinoextrud.com\/product\/sandblasted-aluminum-profile\/\" target=\"_blank\">Sandblasted Aluminum Profile<\/a><\/li>\r\n<li><a href=\"https:\/\/sinoextrud.com\/product\/extruded-aluminum-stock\/\" target=\"_blank\">Extruded Aluminum Stock<\/a><\/li>\r\n<li><a href=\"https:\/\/sinoextrud.com\/product\/custom-anodized-aluminium-profiles\/\" target=\"_blank\">Custom Anodized Aluminium Profiles<\/a><\/li>\r\n<li><a href=\"https:\/\/sinoextrud.com\/product\/aluminum-price-per-pound\/\" target=\"_blank\">Aluminum Price Per Pound<\/a><\/li>\r\n<li><a href=\"https:\/\/sinoextrud.com\/product\/aluminium-extrusion-table\/\" target=\"_blank\">Aluminium Extrusion Table<\/a><\/li>"},"feature_list":[]},"_links":{"self":[{"href":"https:\/\/sinoextrud.com\/cs\/wp-json\/wp\/v2\/product\/6044","targetHints":{"allow":["GET"]}}],"collection":[{"href":"https:\/\/sinoextrud.com\/cs\/wp-json\/wp\/v2\/product"}],"about":[{"href":"https:\/\/sinoextrud.com\/cs\/wp-json\/wp\/v2\/types\/product"}],"wp:featuredmedia":[{"embeddable":true,"href":"https:\/\/sinoextrud.com\/cs\/wp-json\/wp\/v2\/media\/6043"}],"wp:attachment":[{"href":"https:\/\/sinoextrud.com\/cs\/wp-json\/wp\/v2\/media?parent=6044"}],"wp:term":[{"taxonomy":"category","embeddable":true,"href":"https:\/\/sinoextrud.com\/cs\/wp-json\/wp\/v2\/categories?post=6044"}],"curies":[{"name":"wp","href":"https:\/\/api.w.org\/{rel}","templated":true}]}}