{"id":6038,"date":"2025-05-24T02:50:22","date_gmt":"2025-05-24T02:50:22","guid":{"rendered":"https:\/\/sinoextrud.com\/product\/anodized-mill-finish-auminium-extrusion-angle\/"},"modified":"2025-06-24T03:53:36","modified_gmt":"2025-06-24T03:53:36","slug":"eloxovany-hlinikovy-vytlacovaci-uhelnik-s-frezovanou-povrchovou-upravou","status":"publish","type":"product","link":"https:\/\/sinoextrud.com\/cs\/product\/anodized-mill-finish-auminium-extrusion-angle\/","title":{"rendered":"eloxovan\u00fd hlin\u00edkov\u00fd vytla\u010dovac\u00ed \u00faheln\u00edk s povrchovou \u00fapravou Mill Finish"},"content":{"rendered":"<h2>Podrobnosti o produktech<\/h2>\n<table class=\"custom-table\">\n<tr>\n<td class=\"label\">T\u0159\u00edda:<\/td>\n<td>6063 -t5<\/td>\n<\/tr>\n<tr>\n<td class=\"label\">Technika:<\/td>\n<td>eloxovan\u00fd hlin\u00edkov\u00fd vytla\u010dovac\u00ed \u00faheln\u00edk s povrchovou \u00fapravou Mill Finish<\/td>\n<\/tr>\n<tr>\n<td class=\"label\">M\u00edrnost:<\/td>\n<td>T3 - T8<\/td>\n<\/tr>\n<tr>\n<td class=\"label\">Obr\u00e1b\u011bc\u00ed slu\u017eby:<\/td>\n<td>Vrt\u00e1n\u00ed, z\u00e1vitov\u00e1n\u00ed, n\u00fdtov\u00e1n\u00ed, mont\u00e1\u017e atd.<\/td>\n<\/tr>\n<tr>\n<td class=\"label\">Typ:<\/td>\n<td>eloxovan\u00fd hlin\u00edkov\u00fd vytla\u010dovac\u00ed \u00faheln\u00edk s povrchovou \u00fapravou Mill Finish<\/td>\n<\/tr>\n<tr>\n<td class=\"label\">Tvar:<\/td>\n<td>Vyrobeno podle n\u00e1vrhu klienta<\/td>\n<\/tr>\n<tr>\n<td class=\"label\">Povrchov\u00e1 \u00faprava:<\/td>\n<td>Anodizovan\u00fd kart\u00e1\u010dovan\u00fd povrch<\/td>\n<\/tr>\n<tr>\n<td class=\"label\">D\u00e9lka:<\/td>\n<td>3 a\u017e 6 m na d\u00e9lku<\/td>\n<\/tr>\n<tr>\n<td class=\"label\">Barvy:<\/td>\n<td>St\u0159\u00edbrn\u00e1 \u010dern\u00e1<\/td>\n<\/tr>\n<tr>\n<td class=\"label\">K\u00f3d HS:<\/td>\n<td>76042990<\/td>\n<\/tr>\n<\/table>\n<h2>Na\u0161e v\u00fdrobn\u00ed z\u00e1kladna<\/h2>\n<h3>Panorama tov\u00e1rny<\/h3>\n<p><img decoding=\"async\" src=\"\/wp-content\/uploads\/factory-01.webp\"\/><\/p>\n<h3>D\u00edlna na v\u00fdrobu hlin\u00edkov\u00fdch ty\u010d\u00ed<\/h3>\n<p><img decoding=\"async\" src=\"\/wp-content\/uploads\/factory-02.webp\"\/><\/p>\n<p><img decoding=\"async\" src=\"\/wp-content\/uploads\/factory-03.webp\"\/><\/p>\n<h3>Sklad pl\u00edsn\u00ed<\/h3>\n<p><img decoding=\"async\" src=\"\/wp-content\/uploads\/factory-04.webp\"\/><\/p>\n<h3>43 linek na vytla\u010dov\u00e1n\u00ed hlin\u00edku (500-5500 tun)<\/h3>\n<p><img decoding=\"async\" src=\"\/wp-content\/uploads\/factory-05.webp\"\/><\/p>\n<p><img decoding=\"async\" src=\"\/wp-content\/uploads\/factory-06.webp\"\/><\/p>\n<p><img decoding=\"async\" src=\"\/wp-content\/uploads\/factory-07.webp\"\/><\/p>\n<h3>D\u00edlna pr\u00e1\u0161kov\u00e9ho lakov\u00e1n\u00ed<\/h3>\n<p><img decoding=\"async\" src=\"\/wp-content\/uploads\/factory-09.webp\"\/><\/p>\n<h3>D\u00edlna eloxov\u00e1n\u00ed<\/h3>\n<p><img decoding=\"async\" src=\"\/wp-content\/uploads\/factory-10.webp\"\/><\/p>\n<h3>Workshop o hloubkov\u00e9m zpracov\u00e1n\u00ed<\/h3>\n<p><img decoding=\"async\" src=\"\/wp-content\/uploads\/factory-11.webp\"\/><\/p>\n<h3>D\u00edlna CNC p\u0159esn\u00e9ho obr\u00e1b\u011bn\u00ed<\/h3>\n<p><img decoding=\"async\" src=\"\/wp-content\/uploads\/factory-11.5.webp\"\/><\/p>\n<h3>Sklad hotov\u00fdch v\u00fdrobk\u016f a exportn\u00ed sklad<\/h3>\n<p><img decoding=\"async\" src=\"\/wp-content\/uploads\/factory-12.webp\"\/><\/p>\n<p><img decoding=\"async\" src=\"\/wp-content\/uploads\/factory-13.webp\"\/><\/p>\n<p><img decoding=\"async\" src=\"\/wp-content\/uploads\/factory-14.webp\"\/><\/p>\n<h2>\u010cASTO KLADEN\u00c9 DOTAZY<\/h2>\n<p><p><b>1.Co je eloxovan\u00fd hlin\u00edkov\u00fd vytla\u010dovac\u00ed \u00faheln\u00edk s povrchovou \u00fapravou Mill Finish? <\/b><\/p>\n<p> Hlin\u00edkov\u00fd vytla\u010dovac\u00ed \u00faheln\u00edk s eloxovanou fr\u00e9zovanou povrchovou \u00fapravou je hlin\u00edkov\u00fd profil ve tvaru p\u00edsmene L s p\u0159\u00edrodn\u00edm fr\u00e9zovan\u00fdm povrchem, kter\u00fd byl eloxov\u00e1n pro zv\u00fd\u0161en\u00ed trvanlivosti a odolnosti proti korozi.<br \/>\n<\/p><br \/>\n<br \/>\n<p><b>2.Jak\u00e9 jsou v\u00fdhody eloxovan\u00fdch hlin\u00edkov\u00fdch \u00faheln\u00edk\u016f s povrchovou \u00fapravou Mill Finish? <\/b><\/p>\n<p> Tyto \u00faheln\u00edky nab\u00edzej\u00ed vynikaj\u00edc\u00ed odolnost proti korozi, \u010dist\u00fd kovov\u00fd vzhled, zv\u00fd\u0161enou tvrdost povrchu a dlouhou \u017eivotnost pro konstruk\u010dn\u00ed a dekorativn\u00ed pou\u017eit\u00ed.<br \/>\n<\/p><br \/>\n<br \/>\n<p><b>3.Pro\u010d zvolit eloxovan\u00fd hlin\u00edkov\u00fd \u00faheln\u00edk s fr\u00e9zovanou povrchovou \u00fapravou? <\/b><\/p>\n<p> Povrchov\u00e1 \u00faprava fr\u00e9zov\u00e1n\u00edm poskytuje hladk\u00fd, neo\u0161et\u0159en\u00fd z\u00e1klad, kter\u00fd zlep\u0161uje v\u00fdsledky eloxov\u00e1n\u00ed, co\u017e vede k rovnom\u011brn\u00e9mu ochrann\u00e9mu povlaku a \u010dist\u00e9mu pr\u016fmyslov\u00e9mu vzhledu.<br \/>\n<\/p><br \/>\n<br \/>\n<p><b>4.Jak\u00e9 aplikace pou\u017e\u00edvaj\u00ed eloxovan\u00e9 hlin\u00edkov\u00e9 vytla\u010dovac\u00ed \u00faheln\u00edky s povrchovou \u00fapravou Mill Finish? <\/b><\/p>\n<p> B\u011b\u017en\u011b se pou\u017e\u00edvaj\u00ed pro r\u00e1mov\u00e1n\u00ed, ochranu hran, rohov\u00e9 spoje, architektonick\u00e9 oblo\u017een\u00ed, konzoly a podp\u011bry ve vnit\u0159n\u00edm i venkovn\u00edm prost\u0159ed\u00ed.<br \/>\n<\/p><br \/>\n<br \/>\n<p><b>5.Je eloxovan\u00fd hlin\u00edk s povrchovou \u00fapravou Mill Finish vhodn\u00fd pro venkovn\u00ed pou\u017eit\u00ed? <\/b><\/p>\n<p> Ano, eloxovan\u00e1 vrstva chr\u00e1n\u00ed hlin\u00edk p\u0159ed UV z\u00e1\u0159en\u00edm, vlhkost\u00ed a koroz\u00ed, tak\u017ee je ide\u00e1ln\u00ed pro pou\u017eit\u00ed v exteri\u00e9ru.<br \/>\n<\/p><br \/>\n<br \/>\n<p><b>6.Can eloxovan\u00e9 hlin\u00edkov\u00e9 \u00faheln\u00edky s povrchovou \u00fapravou Mill Finish lze p\u0159izp\u016fsobit? <\/b><\/p>\n<p> Lze je vyr\u00e1b\u011bt v r\u016fzn\u00fdch d\u00e9lk\u00e1ch, velikostech, tlou\u0161\u0165k\u00e1ch a barv\u00e1ch eloxov\u00e1n\u00ed, aby spl\u0148ovaly specifick\u00e9 po\u017eadavky projektu.<br \/>\n<\/p><br \/>\n<br \/>\n<p><b>7.Jak eloxov\u00e1n\u00ed zlep\u0161uje povrchovou \u00fapravu hlin\u00edkov\u00fdch \u00faheln\u00edk\u016f? <\/b><\/p>\n<p> Eloxov\u00e1n\u00edm se na povrchu vytvo\u0159\u00ed odoln\u00e1 vrstva oxidu, kter\u00e1 zabra\u0148uje korozi, zvy\u0161uje odolnost proti opot\u0159eben\u00ed a v p\u0159\u00edpad\u011b pot\u0159eby umo\u017e\u0148uje barevnou \u00fapravu.<br \/>\n<\/p><br \/>\n<br \/>\n<p><b>8.Je instalace eloxovan\u00fdch hlin\u00edkov\u00fdch \u00faheln\u00edk\u016f snadn\u00e1? <\/b><\/p>\n<p> Ano, jsou lehk\u00e9, snadno se \u0159e\u017eou, vrtaj\u00ed a upev\u0148uj\u00ed, tak\u017ee jsou velmi dob\u0159e p\u0159izp\u016fsobiteln\u00e9 pro profesion\u00e1ln\u00ed i kutilsk\u00e9 projekty.<br \/>\n<\/p><br \/>\n<br \/>\n<p><b>9.Vy\u017eaduj\u00ed eloxovan\u00e9 hlin\u00edkov\u00e9 \u00faheln\u00edky s povrchovou \u00fapravou Mill Finish \u00fadr\u017ebu? <\/b><\/p>\n<p> \u00dadr\u017eba je minim\u00e1ln\u00ed - povrch sta\u010d\u00ed \u010distit jemn\u00fdm m\u00fddlem a vodou, aby byl st\u00e1le sv\u011b\u017e\u00ed a \u010dist\u00fd.<br \/>\n<\/p><br \/>\n<br \/>\n<p><b>10.Je eloxovan\u00fd hlin\u00edk s povrchovou \u00fapravou Mill Finish \u0161etrn\u00fd k \u017eivotn\u00edmu prost\u0159ed\u00ed? <\/b><\/p>\n<p> Ano, hlin\u00edk je 100% recyklovateln\u00fd a eloxov\u00e1n\u00ed je netoxick\u00fd, ekologick\u00fd proces, kter\u00fd podporuje udr\u017eiteln\u00e9 konstruk\u010dn\u00ed a v\u00fdrobn\u00ed postupy.<br \/>\n<\/p><br \/><\/p>","protected":false},"featured_media":6037,"template":"","categories":[57],"class_list":["post-6038","product","type-product","status-publish","has-post-thumbnail","hentry","category-anodized-aluminum-profile"],"meta_box":{"hilight_text_group":{"product_hilight_text":"<li>Available in both anodized and mill finish for functional or decorative use<\/li>\r\r\n<li>6063 alloy provides good strength, corrosion resistance, and workability<\/li>\r\r\n<li>Sharp 90\u00c2\u00b0 angle ideal for framing, edge protection, and structural support<\/li>\r\r\n<li>Lightweight and easy to cut, drill, and assemble on-site<\/li>\r\r\n<li>Suitable for construction, furniture, and industrial equipment applications<\/li>","product_chanpin_chanpin":"<li><a href=\"https:\/\/sinoextrud.com\/product\/sandblasted-mechanical-streak-removed-aluminium-profiles\/\" target=\"_blank\">Sandblasted Mechanical streak removed aluminium profiles<\/a><\/li>\r\n<li><a href=\"https:\/\/sinoextrud.com\/product\/anodized-extruded-aluminium-glazing-profiles\/\" target=\"_blank\">Anodized Extruded Aluminium Glazing Profiles<\/a><\/li>\r\n<li><a href=\"https:\/\/sinoextrud.com\/product\/anodized-champagne-aluminium-color-matte-anodized-sand-blasting-6063-alloy-extrusion-profiles\/\" target=\"_blank\">Anodized Champagne aluminium color matte anodized sand blasting 6063 alloy extrusion profiles<\/a><\/li>\r\n<li><a href=\"https:\/\/sinoextrud.com\/product\/anodized-aluminium-extrusion-profile-for-frame-construction-system\/\" target=\"_blank\">Anodized aluminium extrusion profile for frame construction system<\/a><\/li>\r\n<li><a href=\"https:\/\/sinoextrud.com\/product\/anodized-mill-finish-auminium-extrusion-angle\/\" target=\"_blank\">Anodized Mill Finish Auminium Extrusion Angle<\/a><\/li>\r\n<li><a href=\"https:\/\/sinoextrud.com\/product\/anodised-aluminium-extrusions\/\" target=\"_blank\">Anodised Aluminium Extrusions<\/a><\/li>\r\n<li><a href=\"https:\/\/sinoextrud.com\/product\/anodized-extruded-aluminum-edging-for-plywood\/\" target=\"_blank\">Anodized Extruded Aluminum Edging For Plywood<\/a><\/li>\r\n<li><a href=\"https:\/\/sinoextrud.com\/product\/extruded-aluminium-profile-with-sand-blasted-treatment\/\" target=\"_blank\">Extruded Aluminium Profile With Sand Blasted Treatment<\/a><\/li>\r\n<li><a href=\"https:\/\/sinoextrud.com\/product\/anodized-aluminum-trim-molding\/\" target=\"_blank\">Anodized Aluminum Trim Molding<\/a><\/li>\r\n<li><a href=\"https:\/\/sinoextrud.com\/product\/aluminium-sections-for-doors-and-windows\/\" target=\"_blank\">Aluminium Sections For Doors And Windows<\/a><\/li>\r\n<li><a href=\"https:\/\/sinoextrud.com\/product\/half-round-aluminum-extrusion\/\" target=\"_blank\">Half Round Aluminum Extrusion<\/a><\/li>"},"feature_list":[]},"_links":{"self":[{"href":"https:\/\/sinoextrud.com\/cs\/wp-json\/wp\/v2\/product\/6038","targetHints":{"allow":["GET"]}}],"collection":[{"href":"https:\/\/sinoextrud.com\/cs\/wp-json\/wp\/v2\/product"}],"about":[{"href":"https:\/\/sinoextrud.com\/cs\/wp-json\/wp\/v2\/types\/product"}],"wp:featuredmedia":[{"embeddable":true,"href":"https:\/\/sinoextrud.com\/cs\/wp-json\/wp\/v2\/media\/6037"}],"wp:attachment":[{"href":"https:\/\/sinoextrud.com\/cs\/wp-json\/wp\/v2\/media?parent=6038"}],"wp:term":[{"taxonomy":"category","embeddable":true,"href":"https:\/\/sinoextrud.com\/cs\/wp-json\/wp\/v2\/categories?post=6038"}],"curies":[{"name":"wp","href":"https:\/\/api.w.org\/{rel}","templated":true}]}}