{"id":6031,"date":"2025-05-24T02:37:47","date_gmt":"2025-05-24T02:37:47","guid":{"rendered":"https:\/\/sinoextrud.com\/product\/anodized-champagne-aluminium-color-matte-anodized-sand-blasting-6063-alloy-extrusion-profiles\/"},"modified":"2025-06-24T03:53:32","modified_gmt":"2025-06-24T03:53:32","slug":"eloxovany-hlinik-barvy-sampanskeho-matny-eloxovany-piskovanim-profily-ze-slitiny-6063","status":"publish","type":"product","link":"https:\/\/sinoextrud.com\/cs\/product\/anodized-champagne-aluminium-color-matte-anodized-sand-blasting-6063-alloy-extrusion-profiles\/","title":{"rendered":"eloxovan\u00e9 profily z hlin\u00edkov\u00e9 slitiny 6063 matn\u011b eloxovan\u00e9 p\u00edskov\u00e1n\u00edm v barv\u011b Champagne"},"content":{"rendered":"<h2>Podrobnosti o produktech<\/h2>\n<table class=\"custom-table\">\n<tr>\n<td class=\"label\">Zna\u010dka:<\/td>\n<td>eloxovan\u00e9 profily z hlin\u00edkov\u00e9 slitiny 6063 matn\u011b eloxovan\u00e9 p\u00edskov\u00e1n\u00edm v barv\u011b Champagne<\/td>\n<\/tr>\n<tr>\n<td class=\"label\">Materi\u00e1l:<\/td>\n<td>Slitina 6063-T5<\/td>\n<\/tr>\n<tr>\n<td class=\"label\">Povrchov\u00e1 \u00faprava:<\/td>\n<td>eloxovan\u00fd hlin\u00edk, pr\u00e1\u0161kov\u00fd lak,<\/td>\n<\/tr>\n<tr>\n<td class=\"label\">Mo\u017enost barev:<\/td>\n<td>St\u0159\u00edbro, Champage, bronz, zlat\u00e1, \u010dern\u00e1, p\u00edskov\u00fd povlak, matn\u00e9 st\u0159\u00edbro nebo p\u0159izp\u016fsoben\u00e9<\/td>\n<\/tr>\n<tr>\n<td class=\"label\">Filmov\u00e1 norma:<\/td>\n<td>Eloxovan\u00e9: 7-23 mikron\u016f<\/td>\n<\/tr>\n<tr>\n<td class=\"label\">MOQ:<\/td>\n<td>200KGS<\/td>\n<\/tr>\n<tr>\n<td class=\"label\">Doba dod\u00e1n\u00ed:<\/td>\n<td>15-30dn\u00ed<\/td>\n<\/tr>\n<tr>\n<td class=\"label\">D\u00e9lka:<\/td>\n<td>5.8-6M nebo na m\u00edru<\/td>\n<\/tr>\n<\/table>\n<h2>Na\u0161e v\u00fdrobn\u00ed z\u00e1kladna<\/h2>\n<h3>Panorama tov\u00e1rny<\/h3>\n<p><img decoding=\"async\" src=\"\/wp-content\/uploads\/factory-01.webp\"\/><\/p>\n<h3>D\u00edlna na v\u00fdrobu hlin\u00edkov\u00fdch ty\u010d\u00ed<\/h3>\n<p><img decoding=\"async\" src=\"\/wp-content\/uploads\/factory-02.webp\"\/><\/p>\n<\/p>\n<p><img decoding=\"async\" src=\"\/wp-content\/uploads\/factory-03.webp\"\/><\/p>\n<h3>Sklad pl\u00edsn\u00ed<\/h3>\n<p><img decoding=\"async\" src=\"\/wp-content\/uploads\/factory-04.webp\"\/><\/p>\n<h3>43 linek na vytla\u010dov\u00e1n\u00ed hlin\u00edku (500 - 5500 tun)<\/h3>\n<p><img decoding=\"async\" src=\"\/wp-content\/uploads\/factory-05.webp\"\/><\/p>\n<p><img decoding=\"async\" src=\"\/wp-content\/uploads\/factory-06.webp\"\/><\/p>\n<p><img decoding=\"async\" src=\"\/wp-content\/uploads\/factory-07.webp\"\/><\/p>\n<h3>D\u00edlna pr\u00e1\u0161kov\u00e9ho lakov\u00e1n\u00ed<\/h3>\n<p><img decoding=\"async\" src=\"\/wp-content\/uploads\/factory-09.webp\"\/><\/p>\n<h3>D\u00edlna eloxov\u00e1n\u00ed<\/h3>\n<p><img decoding=\"async\" src=\"\/wp-content\/uploads\/factory-10.webp\"\/><\/p>\n<h3>Workshop o hloubkov\u00e9m zpracov\u00e1n\u00ed<\/h3>\n<p><img decoding=\"async\" src=\"\/wp-content\/uploads\/factory-11.webp\"\/><\/p>\n<h3>D\u00edlna CNC p\u0159esn\u00e9ho obr\u00e1b\u011bn\u00ed<\/h3>\n<p><img decoding=\"async\" src=\"\/wp-content\/uploads\/factory-11.5.webp\"\/><\/p>\n<h3>Sklad hotov\u00fdch v\u00fdrobk\u016f a exportn\u00ed sklad<\/h3>\n<p><img decoding=\"async\" src=\"\/wp-content\/uploads\/factory-12.webp\"\/><\/p>\n<p><img decoding=\"async\" src=\"\/wp-content\/uploads\/factory-13.webp\"\/><\/p>\n<p><img decoding=\"async\" src=\"\/wp-content\/uploads\/factory-14.webp\"\/><\/p>\n<h2>\u010cASTO KLADEN\u00c9 DOTAZY<\/h2>\n<p><b>1.What jsou eloxovan\u00e9 \u0161ampa\u0148sk\u00e9 hlin\u00edkov\u00e9 barvy matn\u00e9 eloxovan\u00e9 p\u00edskov\u00e1n\u00ed 6063 slitiny vytla\u010dovac\u00ed profily? <\/b><\/p>\n<p> Jedn\u00e1 se o profily z hlin\u00edkov\u00e9ho v\u00fdlisku 6063 s povrchovou \u00fapravou p\u00edskov\u00e1n\u00edm a matn\u00fdm eloxov\u00e1n\u00edm v barv\u011b \u0161ampa\u0148sk\u00e9ho, kter\u00e9 nab\u00edzej\u00ed prvot\u0159\u00eddn\u00ed vzhled a zv\u00fd\u0161enou odolnost povrchu.\n<\/p>\n<p><\/p>\n<p><b>2.Jak\u00e9 jsou kl\u00ed\u010dov\u00e9 vlastnosti profil\u016f z eloxovan\u00e9ho hlin\u00edku 6063 v barv\u011b \u0161ampa\u0148sk\u00e9ho? <\/b><\/p>\n<p> Vyzna\u010duj\u00ed se stylovou matnou povrchovou \u00fapravou v barv\u011b \u0161ampa\u0148sk\u00e9ho, vynikaj\u00edc\u00ed odolnost\u00ed proti korozi, rovnom\u011brnou strukturou povrchu a jsou ide\u00e1ln\u00ed pro dekorativn\u00ed a konstruk\u010dn\u00ed pou\u017eit\u00ed.\n<\/p>\n<p><\/p>\n<p><b>3.Pro\u010d zvolit slitinu 6063 pro eloxovan\u00e9 vytla\u010dovac\u00ed profily? <\/b><\/p>\n<p> Slitina hlin\u00edku 6063 poskytuje vynikaj\u00edc\u00ed vytla\u010ditelnost, kvalitu povrchu a je velmi vhodn\u00e1 pro eloxov\u00e1n\u00ed, zejm\u00e9na pro architektonick\u00e9 aplikace.\n<\/p>\n<p><\/p>\n<p><b>4.Jak\u00e9 jsou v\u00fdhody p\u00edskov\u00e1n\u00ed p\u0159ed eloxov\u00e1n\u00edm hlin\u00edkov\u00fdch profil\u016f? <\/b><\/p>\n<p> P\u00edskov\u00e1n\u00ed odstra\u0148uje mechanick\u00e9 \u010d\u00e1ry a nedokonalosti a zaji\u0161\u0165uje hladk\u00fd, konzistentn\u00ed matn\u00fd povrch ide\u00e1ln\u00ed pro prvot\u0159\u00eddn\u00ed eloxovan\u00e9 povrchov\u00e9 \u00fapravy.\n<\/p>\n<p><\/p>\n<p><b>5.Kde se b\u011b\u017en\u011b pou\u017e\u00edvaj\u00ed eloxovan\u00e9 hlin\u00edkov\u00e9 profily Champagne? <\/b><\/p>\n<p> Tyto profily se pou\u017e\u00edvaj\u00ed v interi\u00e9rov\u00e9m designu, n\u00e1bytku, architektu\u0159e, \u0161pi\u010dkov\u00fdch zobrazovac\u00edch syst\u00e9mech a dekorativn\u00edm r\u00e1mov\u00e1n\u00ed.\n<\/p>\n<p><\/p>\n<p><b>6.Je eloxovan\u00fd povrch v barv\u011b \u0161ampa\u0148sk\u00e9ho odoln\u00fd pro venkovn\u00ed pou\u017eit\u00ed? <\/b><\/p>\n<p> Ano, eloxovan\u00e1 vrstva je siln\u011b odoln\u00e1 proti UV z\u00e1\u0159en\u00ed a pov\u011btrnostn\u00edm vliv\u016fm, tak\u017ee je vhodn\u00e1 do vnit\u0159n\u00edho i venkovn\u00edho prost\u0159ed\u00ed.\n<\/p>\n<p><\/p>\n<p><b>7.Lze eloxovan\u00e9 hlin\u00edkov\u00e9 profily Champagne p\u0159izp\u016fsobit? <\/b><\/p>\n<p> Je mo\u017en\u00e9 je p\u0159izp\u016fsobit tvaru, velikosti, tlou\u0161\u0165ce st\u011bny a eloxovan\u00e9 barv\u011b tak, aby spl\u0148ovaly specifick\u00e9 po\u017eadavky projektu.\n<\/p>\n<p><\/p>\n<p><b>8.Je \u00fadr\u017eba matn\u011b eloxovan\u00fdch hlin\u00edkov\u00fdch profil\u016f snadn\u00e1? <\/b><\/p>\n<p> Ano, matn\u00fd eloxovan\u00fd povrch je odoln\u00fd v\u016f\u010di otisk\u016fm prst\u016f, ne\u010distot\u00e1m a korozi a vy\u017eaduje pouze lehk\u00e9 \u010di\u0161t\u011bn\u00ed.\n<\/p>\n<p><\/p>\n<p><b>9.Je eloxovan\u00fd \u0161ampa\u0148sk\u00fd hlin\u00edk \u0161etrn\u00fd k \u017eivotn\u00edmu prost\u0159ed\u00ed? <\/b><\/p>\n<p> Ano, hlin\u00edk je recyklovateln\u00fd a proces eloxov\u00e1n\u00ed je ekologicky bezpe\u010dn\u00fd a netoxick\u00fd, co\u017e p\u0159isp\u00edv\u00e1 k udr\u017eiteln\u00e9mu designu.\n<\/p>\n<p><\/p>\n<p><b>10.Jak \u0161ampa\u0148sk\u00e1 barva zvy\u0161uje estetiku v\u00fdrobku? <\/b><\/p>\n<p> Povrchov\u00e1 \u00faprava v barv\u011b \u0161ampa\u0148sk\u00e9ho dod\u00e1v\u00e1 modern\u00ed, elegantn\u00ed vzhled a nab\u00edz\u00ed luxusn\u00ed, ale jemn\u00fd kovov\u00fd odst\u00edn, kter\u00fd je ide\u00e1ln\u00ed pro luxusn\u00ed designov\u00e9 aplikace.\n<\/p>\n<p><\/p>","protected":false},"featured_media":6030,"template":"","categories":[57],"class_list":["post-6031","product","type-product","status-publish","has-post-thumbnail","hentry","category-anodized-aluminum-profile"],"meta_box":{"hilight_text_group":{"product_hilight_text":"<li>Elegant champagne matte finish achieved through anodizing and sandblasting<\/li>\r\r\n<li>6063 alloy ensures excellent surface quality, corrosion resistance, and formability<\/li>\r\r\n<li>Premium aesthetic suitable for high-end architectural and interior applications<\/li>\r\r\n<li>Durable, low-maintenance surface resistant to fading, scratching, and wear<\/li>\r\r\n<li>Customizable dimensions and profiles to meet diverse project specifications<\/li>","product_chanpin_chanpin":"<li><a href=\"https:\/\/sinoextrud.com\/product\/powder-coating-decorative-aluminum-railing\/\" target=\"_blank\">Powder Coating Decorative Aluminum Railing<\/a><\/li>\r\n<li><a href=\"https:\/\/sinoextrud.com\/product\/wood-grain-customize-aluminium-extrusion-rail\/\" target=\"_blank\">Wood Grain Customize Aluminium Extrusion Rail<\/a><\/li>\r\n<li><a href=\"https:\/\/sinoextrud.com\/product\/sandblasted-mechanical-streak-removed-aluminium-profiles\/\" target=\"_blank\">Sandblasted Mechanical streak removed aluminium profiles<\/a><\/li>\r\n<li><a href=\"https:\/\/sinoextrud.com\/product\/anodized-extruded-aluminium-glazing-profiles\/\" target=\"_blank\">Anodized Extruded Aluminium Glazing Profiles<\/a><\/li>\r\n<li><a href=\"https:\/\/sinoextrud.com\/product\/anodized-champagne-aluminium-color-matte-anodized-sand-blasting-6063-alloy-extrusion-profiles\/\" target=\"_blank\">Anodized Champagne aluminium color matte anodized sand blasting 6063 alloy extrusion profiles<\/a><\/li>\r\n<li><a href=\"https:\/\/sinoextrud.com\/product\/anodized-aluminium-extrusion-profile-for-frame-construction-system\/\" target=\"_blank\">Anodized aluminium extrusion profile for frame construction system<\/a><\/li>\r\n<li><a href=\"https:\/\/sinoextrud.com\/product\/anodized-mill-finish-auminium-extrusion-angle\/\" target=\"_blank\">Anodized Mill Finish Auminium Extrusion Angle<\/a><\/li>\r\n<li><a href=\"https:\/\/sinoextrud.com\/product\/anodised-aluminium-extrusions\/\" target=\"_blank\">Anodised Aluminium Extrusions<\/a><\/li>\r\n<li><a href=\"https:\/\/sinoextrud.com\/product\/anodized-extruded-aluminum-edging-for-plywood\/\" target=\"_blank\">Anodized Extruded Aluminum Edging For Plywood<\/a><\/li>\r\n<li><a href=\"https:\/\/sinoextrud.com\/product\/66-mm-aluminum-glass-railing-for-balcony-led-strip-u-channel-stair-railings\/\" target=\"_blank\">6+6 MM Aluminum Glass Railing For Balcony LED Strip U Channel Stair Railings<\/a><\/li>\r\n<li><a href=\"https:\/\/sinoextrud.com\/product\/aluminum-extruded-products\/\" target=\"_blank\">Aluminum Extruded Products<\/a><\/li>"},"feature_list":[]},"_links":{"self":[{"href":"https:\/\/sinoextrud.com\/cs\/wp-json\/wp\/v2\/product\/6031","targetHints":{"allow":["GET"]}}],"collection":[{"href":"https:\/\/sinoextrud.com\/cs\/wp-json\/wp\/v2\/product"}],"about":[{"href":"https:\/\/sinoextrud.com\/cs\/wp-json\/wp\/v2\/types\/product"}],"wp:featuredmedia":[{"embeddable":true,"href":"https:\/\/sinoextrud.com\/cs\/wp-json\/wp\/v2\/media\/6030"}],"wp:attachment":[{"href":"https:\/\/sinoextrud.com\/cs\/wp-json\/wp\/v2\/media?parent=6031"}],"wp:term":[{"taxonomy":"category","embeddable":true,"href":"https:\/\/sinoextrud.com\/cs\/wp-json\/wp\/v2\/categories?post=6031"}],"curies":[{"name":"wp","href":"https:\/\/api.w.org\/{rel}","templated":true}]}}