{"id":6029,"date":"2025-05-24T02:33:42","date_gmt":"2025-05-24T02:33:42","guid":{"rendered":"https:\/\/sinoextrud.com\/product\/anodized-extruded-aluminium-glazing-profiles\/"},"modified":"2025-06-24T03:53:30","modified_gmt":"2025-06-24T03:53:30","slug":"eloxovane-extrudovane-hlinikove-zasklivaci-profily","status":"publish","type":"product","link":"https:\/\/sinoextrud.com\/cs\/product\/anodized-extruded-aluminium-glazing-profiles\/","title":{"rendered":"eloxovan\u00e9 extrudovan\u00e9 hlin\u00edkov\u00e9 zaskl\u00edvac\u00ed profily"},"content":{"rendered":"<h2>Podrobnosti o produktech<\/h2>\n<table class=\"custom-table\">\n<tr>\n<td class=\"label\">T\u0159\u00edda:<\/td>\n<td>6063 -t5<\/td>\n<\/tr>\n<tr>\n<td class=\"label\">Technika:<\/td>\n<td>eloxovan\u00e9 extrudovan\u00e9 hlin\u00edkov\u00e9 zaskl\u00edvac\u00ed profily<\/td>\n<\/tr>\n<tr>\n<td class=\"label\">M\u00edrnost:<\/td>\n<td>T3 - T8<\/td>\n<\/tr>\n<tr>\n<td class=\"label\">Obr\u00e1b\u011bc\u00ed slu\u017eby:<\/td>\n<td>Vrt\u00e1n\u00ed, z\u00e1vitov\u00e1n\u00ed, n\u00fdtov\u00e1n\u00ed, mont\u00e1\u017e atd.<\/td>\n<\/tr>\n<tr>\n<td class=\"label\">Ochrann\u00e1 zn\u00e1mka:<\/td>\n<td>Zhonglian Pailian Zhongchang<\/td>\n<\/tr>\n<tr>\n<td class=\"label\">Typ:<\/td>\n<td>eloxovan\u00e9 extrudovan\u00e9 hlin\u00edkov\u00e9 zaskl\u00edvac\u00ed profily<\/td>\n<\/tr>\n<tr>\n<td class=\"label\">Tvar:<\/td>\n<td>Vyrobeno podle n\u00e1vrhu klienta<\/td>\n<\/tr>\n<tr>\n<td class=\"label\">Povrchov\u00e1 \u00faprava:<\/td>\n<td>Anodizovan\u00fd kart\u00e1\u010dovan\u00fd povrch<\/td>\n<\/tr>\n<tr>\n<td class=\"label\">D\u00e9lka:<\/td>\n<td>3 a\u017e 6 m na d\u00e9lku<\/td>\n<\/tr>\n<tr>\n<td class=\"label\">Barvy:<\/td>\n<td>St\u0159\u00edbrn\u00e1 \u010dern\u00e1<\/td>\n<\/tr>\n<tr>\n<td class=\"label\">K\u00f3d HS:<\/td>\n<td>76042990<\/td>\n<\/tr>\n<\/table>\n<h2>Na\u0161e v\u00fdrobn\u00ed z\u00e1kladna<\/h2>\n<h3>Panorama tov\u00e1rny<\/h3>\n<p><img decoding=\"async\" src=\"\/wp-content\/uploads\/factory-01.webp\"\/><\/p>\n<h3>D\u00edlna na v\u00fdrobu hlin\u00edkov\u00fdch ty\u010d\u00ed<\/h3>\n<p><img decoding=\"async\" src=\"\/wp-content\/uploads\/factory-02.webp\"\/><\/p>\n<p><img decoding=\"async\" src=\"\/wp-content\/uploads\/factory-03.webp\"\/><\/p>\n<h3>Sklad pl\u00edsn\u00ed<\/h3>\n<p><img decoding=\"async\" src=\"\/wp-content\/uploads\/factory-04.webp\"\/><\/p>\n<h3>43 linek na vytla\u010dov\u00e1n\u00ed hlin\u00edku (500-5500 tun)<\/h3>\n<p><img decoding=\"async\" src=\"\/wp-content\/uploads\/factory-05.webp\"\/><\/p>\n<p><img decoding=\"async\" src=\"\/wp-content\/uploads\/factory-06.webp\"\/><\/p>\n<p><img decoding=\"async\" src=\"\/wp-content\/uploads\/factory-07.webp\"\/><\/p>\n<h3>D\u00edlna pr\u00e1\u0161kov\u00e9ho lakov\u00e1n\u00ed<\/h3>\n<p><img decoding=\"async\" src=\"\/wp-content\/uploads\/factory-09.webp\"\/><\/p>\n<h3>D\u00edlna eloxov\u00e1n\u00ed<\/h3>\n<p><img decoding=\"async\" src=\"\/wp-content\/uploads\/factory-10.webp\"\/><\/p>\n<h3>Workshop o hloubkov\u00e9m zpracov\u00e1n\u00ed<\/h3>\n<p><img decoding=\"async\" src=\"\/wp-content\/uploads\/factory-11.webp\"\/><\/p>\n<h3>D\u00edlna CNC p\u0159esn\u00e9ho obr\u00e1b\u011bn\u00ed<\/h3>\n<p><img decoding=\"async\" src=\"\/wp-content\/uploads\/factory-11.5.webp\"\/><\/p>\n<h3>Sklad hotov\u00fdch v\u00fdrobk\u016f a exportn\u00ed sklad<\/h3>\n<p><img decoding=\"async\" src=\"\/wp-content\/uploads\/factory-12.webp\"\/><\/p>\n<p><img decoding=\"async\" src=\"\/wp-content\/uploads\/factory-13.webp\"\/><\/p>\n<p><img decoding=\"async\" src=\"\/wp-content\/uploads\/factory-14.webp\"\/><\/p>\n<h2>\u010cASTO KLADEN\u00c9 DOTAZY<\/h2>\n<p><p><b>1.Co jsou eloxovan\u00e9 extrudovan\u00e9 hlin\u00edkov\u00e9 zaskl\u00edvac\u00ed profily? <\/b><\/p>\n<p> Extrudovan\u00e9 hlin\u00edkov\u00e9 zaskl\u00edvac\u00ed profily s eloxovanou povrchovou \u00fapravou jsou hlin\u00edkov\u00e9 r\u00e1my ur\u010den\u00e9 k uchycen\u00ed sklen\u011bn\u00fdch tabul\u00ed, kter\u00e9 jsou opat\u0159eny eloxovanou povrchovou \u00fapravou zaji\u0161\u0165uj\u00edc\u00ed trvanlivost a odolnost proti korozi.<br \/>\n<\/p><br \/>\n<br \/>\n<p><b>2.Jak\u00e9 jsou v\u00fdhody pou\u017eit\u00ed eloxovan\u00fdch hlin\u00edkov\u00fdch zaskl\u00edvac\u00edch profil\u016f? <\/b><\/p>\n<p> Tyto profily se vyzna\u010duj\u00ed vynikaj\u00edc\u00ed odolnost\u00ed proti korozi, vysokou pevnost\u00ed, estetick\u00fdm vzhledem a dlouhou \u017eivotnost\u00ed v zaskl\u00edvac\u00edch syst\u00e9mech.<br \/>\n<\/p><br \/>\n<br \/>\n<p><b>3.Pro\u010d zvolit eloxovanou povrchovou \u00fapravu pro zaskl\u00edvac\u00ed hlin\u00edkov\u00e9 profily? <\/b><\/p>\n<p> Eloxovan\u00e1 povrchov\u00e1 \u00faprava zvy\u0161uje tvrdost povrchu, chr\u00e1n\u00ed p\u0159ed pov\u011btrnostn\u00edmi vlivy a poskytuje elegantn\u00ed, modern\u00ed vzhled s konzistentn\u00edm barevn\u00fdm proveden\u00edm.<br \/>\n<\/p><br \/>\n<br \/>\n<p><b>4.Jsou eloxovan\u00e9 extrudovan\u00e9 hlin\u00edkov\u00e9 zaskl\u00edvac\u00ed profily vhodn\u00e9 pro pou\u017eit\u00ed v exteri\u00e9ru? <\/b><\/p>\n<p> Ano, eloxovan\u00fd povlak chr\u00e1n\u00ed hlin\u00edk p\u0159ed UV z\u00e1\u0159en\u00edm, vlhkost\u00ed a \u0161kodlivinami z okoln\u00edho prost\u0159ed\u00ed, tak\u017ee je ide\u00e1ln\u00ed pro venkovn\u00ed pou\u017eit\u00ed.<br \/>\n<\/p><br \/>\n<br \/>\n<p><b>5.Lze eloxovan\u00e9 hlin\u00edkov\u00e9 zaskl\u00edvac\u00ed profily p\u0159izp\u016fsobit? <\/b><\/p>\n<p> Lze je p\u0159izp\u016fsobit d\u00e9lce, tlou\u0161\u0165ce, barv\u011b a designu tak, aby vyhovovaly specifick\u00fdm po\u017eadavk\u016fm architektury a zaskl\u00edvac\u00edho syst\u00e9mu.<br \/>\n<\/p><br \/>\n<br \/>\n<p><b>6.V jak\u00fdch aplikac\u00edch se pou\u017e\u00edvaj\u00ed eloxovan\u00e9 extrudovan\u00e9 hlin\u00edkov\u00e9 zaskl\u00edvac\u00ed profily? <\/b><\/p>\n<p> B\u011b\u017en\u011b se pou\u017e\u00edvaj\u00ed v obvodov\u00fdch st\u011bn\u00e1ch, oknech, dve\u0159\u00edch, fas\u00e1d\u00e1ch a sv\u011btl\u00edkov\u00fdch syst\u00e9mech pro obytn\u00e9 i komer\u010dn\u00ed budovy.<br \/>\n<\/p><br \/>\n<br \/>\n<p><b>7.Jak dlouho vydr\u017e\u00ed eloxovan\u00e1 povrchov\u00e1 \u00faprava hlin\u00edkov\u00fdch zaskl\u00edvac\u00edch profil\u016f? <\/b><\/p>\n<p> Eloxovan\u00e1 vrstva je vysoce odoln\u00e1 a vydr\u017e\u00ed des\u00edtky let bez vyblednut\u00ed, odlupov\u00e1n\u00ed nebo koroze, a to i v n\u00e1ro\u010dn\u00fdch podm\u00ednk\u00e1ch.<br \/>\n<\/p><br \/>\n<br \/>\n<p><b>8.Jsou eloxovan\u00e9 zaskl\u00edvac\u00ed profily \u0161etrn\u00e9 k \u017eivotn\u00edmu prost\u0159ed\u00ed? <\/b><\/p>\n<p> Ano, hlin\u00edk je pln\u011b recyklovateln\u00fd a eloxov\u00e1n\u00ed je netoxick\u00fd proces, tak\u017ee tyto profily jsou udr\u017eitelnou volbou pro ekologick\u00e9 stav\u011bn\u00ed.<br \/>\n<\/p><br \/>\n<br \/>\n<p><b>9.Vy\u017eaduj\u00ed eloxovan\u00e9 hlin\u00edkov\u00e9 zaskl\u00edvac\u00ed profily \u00fadr\u017ebu? <\/b><\/p>\n<p> \u00dadr\u017eba je velmi minim\u00e1ln\u00ed - sta\u010d\u00ed ob\u010dasn\u00e9 \u010di\u0161t\u011bn\u00ed vodou a m\u011bkk\u00fdm had\u0159\u00edkem, aby se zachoval jejich vzhled.<br \/>\n<\/p><br \/>\n<br \/>\n<p><b>10.Jak eloxovan\u00e9 hlin\u00edkov\u00e9 profily zlep\u0161uj\u00ed architektonick\u00fd design? <\/b><\/p>\n<p> Nab\u00edzej\u00ed \u010dist\u00e9 linie, prvot\u0159\u00eddn\u00ed kovov\u00fd povrch a lze je barevn\u011b sladit s modern\u00edmi architektonick\u00fdmi styly.<br \/>\n<\/p><br \/><\/p>","protected":false},"featured_media":6028,"template":"","categories":[57],"class_list":["post-6029","product","type-product","status-publish","has-post-thumbnail","hentry","category-anodized-aluminum-profile"],"meta_box":{"hilight_text_group":{"product_hilight_text":"<li>Anodized surface provides superior corrosion and weather resistance<\/li>\r\r\n<li>Precision-extruded for secure and seamless glass panel installation<\/li>\r\r\n<li>Lightweight yet strong, ideal for modern architectural glazing systems<\/li>\r\r\n<li>Available in multiple finishes and colors to match design aesthetics<\/li>\r\r\n<li>Customizable profiles to accommodate various glass thicknesses and configurations<\/li>","product_chanpin_chanpin":"<li><a href=\"https:\/\/sinoextrud.com\/product\/anodized-aluminum-manufacturer-supply-anodized-aluminium-extrusion-tube-6063\/\" target=\"_blank\">anodized aluminum Manufacturer Supply anodized Aluminium Extrusion Tube 6063<\/a><\/li>\r\n<li><a href=\"https:\/\/sinoextrud.com\/product\/powder-coating-decorative-aluminum-railing\/\" target=\"_blank\">Powder Coating Decorative Aluminum Railing<\/a><\/li>\r\n<li><a href=\"https:\/\/sinoextrud.com\/product\/wood-grain-customize-aluminium-extrusion-rail\/\" target=\"_blank\">Wood Grain Customize Aluminium Extrusion Rail<\/a><\/li>\r\n<li><a href=\"https:\/\/sinoextrud.com\/product\/sandblasted-mechanical-streak-removed-aluminium-profiles\/\" target=\"_blank\">Sandblasted Mechanical streak removed aluminium profiles<\/a><\/li>\r\n<li><a href=\"https:\/\/sinoextrud.com\/product\/anodized-extruded-aluminium-glazing-profiles\/\" target=\"_blank\">Anodized Extruded Aluminium Glazing Profiles<\/a><\/li>\r\n<li><a href=\"https:\/\/sinoextrud.com\/product\/anodized-champagne-aluminium-color-matte-anodized-sand-blasting-6063-alloy-extrusion-profiles\/\" target=\"_blank\">Anodized Champagne aluminium color matte anodized sand blasting 6063 alloy extrusion profiles<\/a><\/li>\r\n<li><a href=\"https:\/\/sinoextrud.com\/product\/anodized-aluminium-extrusion-profile-for-frame-construction-system\/\" target=\"_blank\">Anodized aluminium extrusion profile for frame construction system<\/a><\/li>\r\n<li><a href=\"https:\/\/sinoextrud.com\/product\/anodized-mill-finish-auminium-extrusion-angle\/\" target=\"_blank\">Anodized Mill Finish Auminium Extrusion Angle<\/a><\/li>\r\n<li><a href=\"https:\/\/sinoextrud.com\/product\/anodised-aluminium-extrusions\/\" target=\"_blank\">Anodised Aluminium Extrusions<\/a><\/li>\r\n<li><a href=\"https:\/\/sinoextrud.com\/product\/custom-wood-grain-aluminium-profiles\/\" target=\"_blank\">Custom Wood Grain Aluminium Profiles<\/a><\/li>\r\n<li><a href=\"https:\/\/sinoextrud.com\/product\/aluminum-alloy-cnc-aluminum-controller-shell\/\" target=\"_blank\">Aluminum Alloy CNC Aluminum Controller Shell<\/a><\/li>"},"feature_list":[]},"_links":{"self":[{"href":"https:\/\/sinoextrud.com\/cs\/wp-json\/wp\/v2\/product\/6029","targetHints":{"allow":["GET"]}}],"collection":[{"href":"https:\/\/sinoextrud.com\/cs\/wp-json\/wp\/v2\/product"}],"about":[{"href":"https:\/\/sinoextrud.com\/cs\/wp-json\/wp\/v2\/types\/product"}],"wp:featuredmedia":[{"embeddable":true,"href":"https:\/\/sinoextrud.com\/cs\/wp-json\/wp\/v2\/media\/6028"}],"wp:attachment":[{"href":"https:\/\/sinoextrud.com\/cs\/wp-json\/wp\/v2\/media?parent=6029"}],"wp:term":[{"taxonomy":"category","embeddable":true,"href":"https:\/\/sinoextrud.com\/cs\/wp-json\/wp\/v2\/categories?post=6029"}],"curies":[{"name":"wp","href":"https:\/\/api.w.org\/{rel}","templated":true}]}}