{"id":6025,"date":"2025-05-24T02:27:49","date_gmt":"2025-05-24T02:27:49","guid":{"rendered":"https:\/\/sinoextrud.com\/product\/wood-grain-customize-aluminium-extrusion-rail\/"},"modified":"2025-06-24T03:53:26","modified_gmt":"2025-06-24T03:53:26","slug":"drevene-zrno-prizpusobit-hlinikove-vytlacovaci-listy","status":"publish","type":"product","link":"https:\/\/sinoextrud.com\/cs\/product\/wood-grain-customize-aluminium-extrusion-rail\/","title":{"rendered":"P\u0159izp\u016fsoben\u00ed d\u0159ev\u011bn\u00e9ho zrna hlin\u00edkov\u00e9 vytla\u010dovac\u00ed li\u0161ty"},"content":{"rendered":"<h2>Podrobnosti o produktech<\/h2>\n<table class=\"custom-table\">\n<tr>\n<td class=\"label\">T\u0159\u00edda:<\/td>\n<td>6063 -t5<\/td>\n<\/tr>\n<tr>\n<td class=\"label\">Technika:<\/td>\n<td>P\u0159izp\u016fsoben\u00ed d\u0159ev\u011bn\u00e9ho zrna hlin\u00edkov\u00e9 vytla\u010dovac\u00ed li\u0161ty<\/td>\n<\/tr>\n<tr>\n<td class=\"label\">M\u00edrnost:<\/td>\n<td>T3 - T8<\/td>\n<\/tr>\n<tr>\n<td class=\"label\">Obr\u00e1b\u011bc\u00ed slu\u017eby:<\/td>\n<td>Vrt\u00e1n\u00ed, z\u00e1vitov\u00e1n\u00ed, n\u00fdtov\u00e1n\u00ed, mont\u00e1\u017e atd.<\/td>\n<\/tr>\n<tr>\n<td class=\"label\">Ochrann\u00e1 zn\u00e1mka:<\/td>\n<td>Zhonglian Pailian Zhongchang<\/td>\n<\/tr>\n<tr>\n<td class=\"label\">Typ:<\/td>\n<td>P\u0159izp\u016fsoben\u00ed d\u0159ev\u011bn\u00e9ho zrna hlin\u00edkov\u00e9 vytla\u010dovac\u00ed li\u0161ty<\/td>\n<\/tr>\n<tr>\n<td class=\"label\">Tvar:<\/td>\n<td>Vyrobeno podle n\u00e1vrhu klienta<\/td>\n<\/tr>\n<tr>\n<td class=\"label\">Povrchov\u00e1 \u00faprava:<\/td>\n<td>Anodizovan\u00fd kart\u00e1\u010dovan\u00fd povrch<\/td>\n<\/tr>\n<tr>\n<td class=\"label\">D\u00e9lka:<\/td>\n<td>3 a\u017e 6 m na d\u00e9lku<\/td>\n<\/tr>\n<tr>\n<td class=\"label\">Barvy:<\/td>\n<td>St\u0159\u00edbrn\u00e1 \u010dern\u00e1<\/td>\n<\/tr>\n<tr>\n<td class=\"label\">K\u00f3d HS:<\/td>\n<td>76042990<\/td>\n<\/tr>\n<\/table>\n<h2>Na\u0161e v\u00fdrobn\u00ed z\u00e1kladna<\/h2>\n<h3>Panorama tov\u00e1rny<\/h3>\n<p><img decoding=\"async\" src=\"\/wp-content\/uploads\/factory-01.webp\"\/><\/p>\n<h3>D\u00edlna na v\u00fdrobu hlin\u00edkov\u00fdch ty\u010d\u00ed<\/h3>\n<p><img decoding=\"async\" src=\"\/wp-content\/uploads\/factory-02.webp\"\/><\/p>\n<p><img decoding=\"async\" src=\"\/wp-content\/uploads\/factory-03.webp\"\/><\/p>\n<h3>Sklad pl\u00edsn\u00ed<\/h3>\n<p><img decoding=\"async\" src=\"\/wp-content\/uploads\/factory-04.webp\"\/><\/p>\n<h3>43 linek na vytla\u010dov\u00e1n\u00ed hlin\u00edku (500-5500 tun)<\/h3>\n<p><img decoding=\"async\" src=\"\/wp-content\/uploads\/factory-05.webp\"\/><\/p>\n<p><img decoding=\"async\" src=\"\/wp-content\/uploads\/factory-06.webp\"\/><\/p>\n<p><img decoding=\"async\" src=\"\/wp-content\/uploads\/factory-07.webp\"\/><\/p>\n<h3>D\u00edlna pr\u00e1\u0161kov\u00e9ho lakov\u00e1n\u00ed<\/h3>\n<p><img decoding=\"async\" src=\"\/wp-content\/uploads\/factory-09.webp\"\/><\/p>\n<h3>D\u00edlna eloxov\u00e1n\u00ed<\/h3>\n<p><img decoding=\"async\" src=\"\/wp-content\/uploads\/factory-10.webp\"\/><\/p>\n<h3>Workshop o hloubkov\u00e9m zpracov\u00e1n\u00ed<\/h3>\n<p><img decoding=\"async\" src=\"\/wp-content\/uploads\/factory-11.webp\"\/><\/p>\n<h3>D\u00edlna CNC p\u0159esn\u00e9ho obr\u00e1b\u011bn\u00ed<\/h3>\n<p><img decoding=\"async\" src=\"\/wp-content\/uploads\/factory-11.5.webp\"\/><\/p>\n<h3>Sklad hotov\u00fdch v\u00fdrobk\u016f a exportn\u00ed sklad<\/h3>\n<p><img decoding=\"async\" src=\"\/wp-content\/uploads\/factory-12.webp\"\/><\/p>\n<p><img decoding=\"async\" src=\"\/wp-content\/uploads\/factory-13.webp\"\/><\/p>\n<p><img decoding=\"async\" src=\"\/wp-content\/uploads\/factory-14.webp\"\/><\/p>\n<h2>\u010cASTO KLADEN\u00c9 DOTAZY<\/h2>\n<p><p><b>1.What je d\u0159ev\u011bn\u00e9 zrno p\u0159izp\u016fsobit hlin\u00edkov\u00e9 vytla\u010dovac\u00ed kolejnice? <\/b><\/p>\n<p> Wood Grain Customize Aluminium Extrusion Rail je hlin\u00edkov\u00fd profil z\u00e1bradl\u00ed s povrchovou \u00fapravou s efektem d\u0159eva, kter\u00fd nab\u00edz\u00ed vzhled d\u0159eva s pevnost\u00ed a odolnost\u00ed hlin\u00edku.<br \/>\n<\/p><br \/>\n<br \/>\n<p><b>2.Jak\u00e9 jsou v\u00fdhody hlin\u00edkov\u00fdch vytla\u010dovac\u00edch li\u0161t s d\u0159ev\u011bnou strukturou? <\/b><\/p>\n<p> Tento v\u00fdrobek kombinuje p\u0159irozen\u00fd vzhled d\u0159eva s v\u00fdhodami hlin\u00edku, jako je odolnost proti korozi, nen\u00e1ro\u010dn\u00e1 \u00fadr\u017eba a dlouh\u00e1 \u017eivotnost.<br \/>\n<\/p><br \/>\n<br \/>\n<p><b>3.Pro\u010d zvolit povrchovou \u00fapravu d\u0159eva na hlin\u00edkov\u00e9m z\u00e1bradl\u00ed? <\/b><\/p>\n<p> Povrchov\u00e1 \u00faprava se strukturou d\u0159eva poskytuje tepl\u00fd, p\u0159irozen\u00fd estetick\u00fd vzhled bez probl\u00e9m\u016f s deformac\u00ed, hnilobou nebo p\u0159elakov\u00e1n\u00edm, kter\u00e9 jsou spojeny s prav\u00fdm d\u0159evem.<br \/>\n<\/p><br \/>\n<br \/>\n<p><b>4.Can Wood Grain hlin\u00edkov\u00e9 vytla\u010dovac\u00ed kolejnice b\u00fdt p\u0159izp\u016fsoben? <\/b><\/p>\n<p> Ano, jejich barvu, vzor, velikost a tvar lze p\u0159izp\u016fsobit specifick\u00fdm po\u017eadavk\u016fm na design a architekturu.<br \/>\n<\/p><br \/>\n<br \/>\n<p><b>5.Je hlin\u00edkov\u00e1 vytla\u010dovac\u00ed li\u0161ta s d\u0159ev\u011bnou strukturou vhodn\u00e1 pro venkovn\u00ed pou\u017eit\u00ed? <\/b><\/p>\n<p> Pr\u00e1\u0161kov\u011b lakovan\u00e1 povrchov\u00e1 \u00faprava se strukturou d\u0159eva odol\u00e1v\u00e1 UV z\u00e1\u0159en\u00ed, vlhkosti a nep\u0159\u00edzniv\u00fdm pov\u011btrnostn\u00edm podm\u00ednk\u00e1m, tak\u017ee je ide\u00e1ln\u00ed pro venkovn\u00ed z\u00e1bradl\u00ed a ploty.<br \/>\n<\/p><br \/>\n<br \/>\n<p><b>6.Jak\u00e9 aplikace pou\u017e\u00edvaj\u00ed d\u0159ev\u011bn\u00e9 hlin\u00edkov\u00e9 vytla\u010dovac\u00ed li\u0161ty? <\/b><\/p>\n<p> B\u011b\u017en\u011b se pou\u017e\u00edv\u00e1 na obytn\u00e9 balkony, zahradn\u00ed ploty, komer\u010dn\u00ed fas\u00e1dy a vnit\u0159n\u00ed p\u0159\u00ed\u010dky, kter\u00e9 maj\u00ed vzhled d\u0159eva.<br \/>\n<\/p><br \/>\n<br \/>\n<p><b>7.Jak dlouho vydr\u017e\u00ed povrchov\u00e1 \u00faprava d\u0159eva na hlin\u00edkov\u00e9m z\u00e1bradl\u00ed? <\/b><\/p>\n<p> Povrchov\u00e1 \u00faprava m\u016f\u017ee vydr\u017eet 15 a\u017e 20 let nebo d\u00e9le, p\u0159i\u010dem\u017e si zachov\u00e1v\u00e1 sv\u016fj vzhled s minim\u00e1ln\u00ed \u00fadr\u017ebou a nen\u00ed t\u0159eba ji znovu nat\u00edrat ani ut\u011bs\u0148ovat.<br \/>\n<\/p><br \/>\n<br \/>\n<p><b>8.Jsou d\u0159ev\u011bn\u00e9 hlin\u00edkov\u00e9 vytla\u010dovac\u00ed li\u0161ty \u0161etrn\u00e9 k \u017eivotn\u00edmu prost\u0159ed\u00ed? <\/b><\/p>\n<p> Ano, hlin\u00edk je recyklovateln\u00fd a povrchov\u00e1 \u00faprava s kresbou d\u0159eva zabra\u0148uje odles\u0148ov\u00e1n\u00ed a p\u0159edstavuje udr\u017eitelnou alternativu skute\u010dn\u00e9ho d\u0159eva.<br \/>\n<\/p><br \/>\n<br \/>\n<p><b>9.Jakou \u00fadr\u017ebu vy\u017eaduj\u00ed hlin\u00edkov\u00e9 kolejnice s d\u0159ev\u011bnou strukturou? <\/b><\/p>\n<p> K udr\u017een\u00ed sv\u011b\u017e\u00edho a z\u00e1\u0159iv\u00e9ho vzhledu sta\u010d\u00ed ob\u010dasn\u00e9 \u010di\u0161t\u011bn\u00ed vodou a m\u011bkk\u00fdm had\u0159\u00edkem.<br \/>\n<\/p><br \/>\n<br \/>\n<p><b>10.Jak hlin\u00edkov\u00e9 profilov\u00e9 li\u0161ty se strukturou d\u0159eva zvy\u0161uj\u00ed hodnotu nemovitosti? <\/b><\/p>\n<p> Dod\u00e1v\u00e1 estetick\u00fd vzhled, trvanlivost a modern\u00ed styl, \u010d\u00edm\u017e zlep\u0161uje celkov\u00fd vzhled a hodnotu obytn\u00fdch nebo komer\u010dn\u00edch nemovitost\u00ed s n\u00edzk\u00fdmi n\u00e1roky na \u00fadr\u017ebu.<br \/>\n<\/p><br \/><\/p>","protected":false},"featured_media":6024,"template":"","categories":[57],"class_list":["post-6025","product","type-product","status-publish","has-post-thumbnail","hentry","category-anodized-aluminum-profile"],"meta_box":{"hilight_text_group":{"product_hilight_text":"<li>Realistic wood grain finish combines natural look with aluminum durability<\/li>\r\r\n<li>Customizable designs, lengths, and profiles to fit architectural needs<\/li>\r\r\n<li>Weather-resistant and fade-resistant surface for long-term outdoor use<\/li>\r\r\n<li>Lightweight and easy to install, reducing labor and transportation costs<\/li>\r\r\n<li>Low maintenance alternative to traditional wood with no rotting or warping<\/li>","product_chanpin_chanpin":"<li><a href=\"https:\/\/sinoextrud.com\/product\/aluminum-angle-channel-bright-polished-mirror\/\" target=\"_blank\">Aluminum Angle Channel Bright Polished Mirror<\/a><\/li>\r\n<li><a href=\"https:\/\/sinoextrud.com\/product\/aluminum-anodized-surface-profile\/\" target=\"_blank\">Aluminum Anodized Surface Profile<\/a><\/li>\r\n<li><a href=\"https:\/\/sinoextrud.com\/product\/anodized-aluminum-manufacturer-supply-anodized-aluminium-extrusion-tube-6063\/\" target=\"_blank\">anodized aluminum Manufacturer Supply anodized Aluminium Extrusion Tube 6063<\/a><\/li>\r\n<li><a href=\"https:\/\/sinoextrud.com\/product\/powder-coating-decorative-aluminum-railing\/\" target=\"_blank\">Powder Coating Decorative Aluminum Railing<\/a><\/li>\r\n<li><a href=\"https:\/\/sinoextrud.com\/product\/wood-grain-customize-aluminium-extrusion-rail\/\" target=\"_blank\">Wood Grain Customize Aluminium Extrusion Rail<\/a><\/li>\r\n<li><a href=\"https:\/\/sinoextrud.com\/product\/sandblasted-mechanical-streak-removed-aluminium-profiles\/\" target=\"_blank\">Sandblasted Mechanical streak removed aluminium profiles<\/a><\/li>\r\n<li><a href=\"https:\/\/sinoextrud.com\/product\/anodized-extruded-aluminium-glazing-profiles\/\" target=\"_blank\">Anodized Extruded Aluminium Glazing Profiles<\/a><\/li>\r\n<li><a href=\"https:\/\/sinoextrud.com\/product\/anodized-champagne-aluminium-color-matte-anodized-sand-blasting-6063-alloy-extrusion-profiles\/\" target=\"_blank\">Anodized Champagne aluminium color matte anodized sand blasting 6063 alloy extrusion profiles<\/a><\/li>\r\n<li><a href=\"https:\/\/sinoextrud.com\/product\/anodized-aluminium-extrusion-profile-for-frame-construction-system\/\" target=\"_blank\">Anodized aluminium extrusion profile for frame construction system<\/a><\/li>\r\n<li><a href=\"https:\/\/sinoextrud.com\/product\/polished-sliver-aluminium-profile-like-mirror\/\" target=\"_blank\">Polished Sliver Aluminium Profile Like Mirror<\/a><\/li>\r\n<li><a href=\"https:\/\/sinoextrud.com\/product\/aluminium-enclosure-housing-and-shells\/\" target=\"_blank\">Aluminium Enclosure Housing And Shells<\/a><\/li>"},"feature_list":[]},"_links":{"self":[{"href":"https:\/\/sinoextrud.com\/cs\/wp-json\/wp\/v2\/product\/6025","targetHints":{"allow":["GET"]}}],"collection":[{"href":"https:\/\/sinoextrud.com\/cs\/wp-json\/wp\/v2\/product"}],"about":[{"href":"https:\/\/sinoextrud.com\/cs\/wp-json\/wp\/v2\/types\/product"}],"wp:featuredmedia":[{"embeddable":true,"href":"https:\/\/sinoextrud.com\/cs\/wp-json\/wp\/v2\/media\/6024"}],"wp:attachment":[{"href":"https:\/\/sinoextrud.com\/cs\/wp-json\/wp\/v2\/media?parent=6025"}],"wp:term":[{"taxonomy":"category","embeddable":true,"href":"https:\/\/sinoextrud.com\/cs\/wp-json\/wp\/v2\/categories?post=6025"}],"curies":[{"name":"wp","href":"https:\/\/api.w.org\/{rel}","templated":true}]}}