{"id":6020,"date":"2025-05-24T02:12:04","date_gmt":"2025-05-24T02:12:04","guid":{"rendered":"https:\/\/sinoextrud.com\/product\/anodized-aluminum-manufacturer-supply-anodized-aluminium-extrusion-tube-6063\/"},"modified":"2025-06-24T03:53:21","modified_gmt":"2025-06-24T03:53:21","slug":"eloxovany-hlinik-vyrobce-dodavat-eloxovany-hlinik-vytlacovani-trubky-6063","status":"publish","type":"product","link":"https:\/\/sinoextrud.com\/cs\/product\/anodized-aluminum-manufacturer-supply-anodized-aluminium-extrusion-tube-6063\/","title":{"rendered":"eloxovan\u00fd hlin\u00edk V\u00fdrobce dod\u00e1v\u00e1 eloxovan\u00e9 hlin\u00edkov\u00e9 vytla\u010dovac\u00ed trubky 6063"},"content":{"rendered":"<h2>Podrobnosti o produktech<\/h2>\n<table class=\"custom-table\">\n<tr>\n<td class=\"label\">Polo\u017eka: <\/td>\n<td>eloxovan\u00fd hlin\u00edk V\u00fdrobce dod\u00e1v\u00e1 eloxovan\u00e9 hlin\u00edkov\u00e9 vytla\u010dovac\u00ed trubky 6063<\/td>\n<\/tr>\n<tr>\n<td class=\"label\">Materila: <\/td>\n<td>hlin\u00edkov\u00fd polotovar ze slitiny 6063<\/td>\n<\/tr>\n<tr>\n<td class=\"label\">M\u00edrnost: <\/td>\n<td>T5,T6<\/td>\n<\/tr>\n<tr>\n<td class=\"label\">Tvar: <\/td>\n<td>40x40 mm. Mo\u017enost p\u0159izp\u016fsoben\u00ed.<\/td>\n<\/tr>\n<tr>\n<td class=\"label\">Zahu\u0161t\u011bn\u00ed profilu: <\/td>\n<td>1,0 mm v\u00fd\u0161e.<\/td>\n<\/tr>\n<tr>\n<td class=\"label\">Povrchov\u00e1 \u00faprava: <\/td>\n<td>eloxovan\u00fd hlin\u00edk<\/td>\n<\/tr>\n<tr>\n<td class=\"label\">Barva: <\/td>\n<td>sliver, k dispozici je p\u0159izp\u016fsoben\u00e1 barva.<\/td>\n<\/tr>\n<tr>\n<td class=\"label\">Firma prov\u00e1d\u011bj\u00edc\u00ed n\u00e1t\u011bry: <\/td>\n<td>10-13 mikron\u016f.<\/td>\n<\/tr>\n<tr>\n<td class=\"label\">Pou\u017eit\u00ed: <\/td>\n<td>okna a dve\u0159e, pr\u016fmysl, doprava atd.<\/td>\n<\/tr>\n<tr>\n<td class=\"label\">MOQ: <\/td>\n<td>200 kg pro ka\u017edou polo\u017eku<\/td>\n<\/tr>\n<tr>\n<td class=\"label\">Certifik\u00e1t a norma: <\/td>\n<td>ISO 9008-2001. CQM, SGS<\/td>\n<\/tr>\n<tr>\n<td class=\"label\">Z\u00e1ruka: <\/td>\n<td>Barva povrchu m\u016f\u017ee b\u00fdt stabiln\u00ed po dobu 15 let p\u0159i pou\u017eit\u00ed v interi\u00e9ru.<\/td>\n<\/tr>\n<tr>\n<td class=\"label\">Zpracov\u00e1n\u00ed v\u00fdroby: <\/td>\n<td>Hlin\u00edkov\u00e9 v\u00fdlisky<\/td>\n<\/tr>\n<tr>\n<td class=\"label\">P\u016fvod: <\/td>\n<td>Foshan, Guangdong.<\/td>\n<\/tr>\n<\/table>\n<h2>Na\u0161e v\u00fdrobn\u00ed z\u00e1kladna<\/h2>\n<h3>Panorama tov\u00e1rny<\/h3>\n<p><img decoding=\"async\" src=\"\/wp-content\/uploads\/factory-01.webp\"\/><\/p>\n<h3>D\u00edlna na v\u00fdrobu hlin\u00edkov\u00fdch ty\u010d\u00ed<\/h3>\n<p><img decoding=\"async\" src=\"\/wp-content\/uploads\/factory-02.webp\"\/><\/p>\n<p><img decoding=\"async\" src=\"\/wp-content\/uploads\/factory-03.webp\"\/><\/p>\n<h3>Sklad pl\u00edsn\u00ed<\/h3>\n<p><img decoding=\"async\" src=\"\/wp-content\/uploads\/factory-04.webp\"\/><\/p>\n<h3>43 linek na vytla\u010dov\u00e1n\u00ed hlin\u00edku (500-5500 tun)<\/h3>\n<p><img decoding=\"async\" src=\"\/wp-content\/uploads\/factory-05.webp\"\/><\/p>\n<p><img decoding=\"async\" src=\"\/wp-content\/uploads\/factory-06.webp\"\/><\/p>\n<p><img decoding=\"async\" src=\"\/wp-content\/uploads\/factory-07.webp\"\/><\/p>\n<h3>D\u00edlna pr\u00e1\u0161kov\u00e9ho lakov\u00e1n\u00ed<\/h3>\n<p><img decoding=\"async\" src=\"\/wp-content\/uploads\/factory-09.webp\"\/><\/p>\n<h3>D\u00edlna eloxov\u00e1n\u00ed<\/h3>\n<p><img decoding=\"async\" src=\"\/wp-content\/uploads\/factory-10.webp\"\/><\/p>\n<h3>Workshop o hloubkov\u00e9m zpracov\u00e1n\u00ed<\/h3>\n<p><img decoding=\"async\" src=\"\/wp-content\/uploads\/factory-11.webp\"\/><\/p>\n<h3>D\u00edlna CNC p\u0159esn\u00e9ho obr\u00e1b\u011bn\u00ed<\/h3>\n<p><img decoding=\"async\" src=\"\/wp-content\/uploads\/factory-11.5.webp\"\/><\/p>\n<h3>Sklad hotov\u00fdch v\u00fdrobk\u016f a exportn\u00ed sklad<\/h3>\n<p><img decoding=\"async\" src=\"\/wp-content\/uploads\/factory-12.webp\"\/><\/p>\n<p><img decoding=\"async\" src=\"\/wp-content\/uploads\/factory-13.webp\"\/><\/p>\n<p><img decoding=\"async\" src=\"\/wp-content\/uploads\/factory-14.webp\"\/><\/p>\n<h2>\u010cASTO KLADEN\u00c9 DOTAZY<\/h2>\n<p><p><b>1.What je v\u00fdrobce dod\u00e1vat eloxovan\u00e9 hlin\u00edkov\u00e9 vytla\u010dovac\u00ed trubky 6063? <\/b><\/p>\n<p> Dod\u00e1vky v\u00fdrobce eloxovan\u00e9 hlin\u00edkov\u00e9 trubky 6063 se vztahuj\u00ed na kulat\u00e9 nebo \u010dtvercov\u00e9 hlin\u00edkov\u00e9 trubky vyroben\u00e9 ze slitiny 6063 a eloxovan\u00e9 pro zv\u00fd\u0161en\u00ed odolnosti, dod\u00e1van\u00e9 p\u0159\u00edmo od v\u00fdrobce.<br \/>\n<\/p><br \/>\n<br \/>\n<p><b>2.Jak\u00e9 jsou kl\u00ed\u010dov\u00e9 vlastnosti eloxovan\u00e9 hlin\u00edkov\u00e9 vytla\u010dovac\u00ed trubky 6063? <\/b><\/p>\n<p> Tyto trubky se vyzna\u010duj\u00ed vynikaj\u00edc\u00ed odolnost\u00ed proti korozi, hladk\u00fdm eloxovan\u00fdm povrchem, vysok\u00fdm pom\u011brem pevnosti a hmotnosti a vynikaj\u00edc\u00ed obrobitelnost\u00ed.<br \/>\n<\/p><br \/>\n<br \/>\n<p><b>3.Pro\u010d zvolit hlin\u00edk 6063 pro eloxovan\u00e9 vytla\u010dovac\u00ed trubky? <\/b><\/p>\n<p> Slitina hlin\u00edku 6063 je ide\u00e1ln\u00ed pro eloxov\u00e1n\u00ed, nab\u00edz\u00ed vysoce kvalitn\u00ed povrchovou \u00fapravu, dobrou sva\u0159itelnost a dostate\u010dnou pevnost pro architektonick\u00e9 a konstruk\u010dn\u00ed aplikace.<br \/>\n<\/p><br \/>\n<br \/>\n<p><b>4.Jak\u00e9 jsou v\u00fdhody n\u00e1kupu eloxovan\u00fdch hlin\u00edkov\u00fdch trubek p\u0159\u00edmo od v\u00fdrobce? <\/b><\/p>\n<p> P\u0159\u00edm\u00fd n\u00e1kup zaji\u0161\u0165uje konkurenceschopn\u00e9 ceny, st\u00e1lou kvalitu, mo\u017enosti p\u0159izp\u016fsoben\u00ed a spolehlivou podporu dodavatelsk\u00e9ho \u0159et\u011bzce.<br \/>\n<\/p><br \/>\n<br \/>\n<p><b>5.Jak\u00e9 aplikace pou\u017e\u00edvaj\u00ed V\u00fdrobce dod\u00e1v\u00e1 eloxovan\u00e9 hlin\u00edkov\u00e9 vytla\u010dovac\u00ed trubky 6063? <\/b><\/p>\n<p> B\u011b\u017en\u011b se pou\u017e\u00edvaj\u00ed jako architektonick\u00e1 z\u00e1bradl\u00ed, v\u00fdstavn\u00ed konstrukce, r\u00e1my n\u00e1bytku, z\u00e1v\u011bsy a venkovn\u00ed ohrady.<br \/>\n<\/p><br \/>\n<br \/>\n<p><b>6.Je eloxovan\u00e1 hlin\u00edkov\u00e1 vytla\u010dovac\u00ed trubka 6063 vhodn\u00e1 pro venkovn\u00ed prost\u0159ed\u00ed? <\/b><\/p>\n<p> Ano, eloxovan\u00fd povrch zaji\u0161\u0165uje vynikaj\u00edc\u00ed odolnost proti UV z\u00e1\u0159en\u00ed a korozi, tak\u017ee je ide\u00e1ln\u00ed pro venkovn\u00ed a n\u00e1mo\u0159n\u00ed pou\u017eit\u00ed.<br \/>\n<\/p><br \/>\n<br \/>\n<p><b>7.Mohou b\u00fdt tyto eloxovan\u00e9 hlin\u00edkov\u00e9 trubky p\u0159izp\u016fsobeny? <\/b><\/p>\n<p> V\u00fdrobci mohou p\u0159izp\u016fsobit d\u00e9lku, pr\u016fm\u011br, tlou\u0161\u0165ku st\u011bny a barvu eloxov\u00e1n\u00ed tak, aby spl\u0148ovaly specifick\u00e9 po\u017eadavky projektu.<br \/>\n<\/p><br \/>\n<br \/>\n<p><b>8.Jsou eloxovan\u00e9 hlin\u00edkov\u00e9 vytla\u010dovac\u00ed trubky 6063 \u0161etrn\u00e9 k \u017eivotn\u00edmu prost\u0159ed\u00ed? <\/b><\/p>\n<p> Ano, hlin\u00edk je 100% recyklovateln\u00fd a eloxov\u00e1n\u00ed je netoxick\u00e1 povrchov\u00e1 \u00faprava, tak\u017ee tyto trubky jsou udr\u017eitelnou volbou materi\u00e1lu.<br \/>\n<\/p><br \/>\n<br \/>\n<p><b>9.Jak dlouho vydr\u017e\u00ed eloxovan\u00fd povrch na hlin\u00edkov\u00fdch trubk\u00e1ch 6063? <\/b><\/p>\n<p> Eloxovan\u00fd povlak je vysoce odoln\u00fd a dlouhotrvaj\u00edc\u00ed a p\u0159i b\u011b\u017en\u00e9m pou\u017e\u00edv\u00e1n\u00ed poskytuje ochranu povrchu po cel\u00e1 desetilet\u00ed.<br \/>\n<\/p><br \/>\n<br \/>\n<p><b>10.Vy\u017eaduj\u00ed eloxovan\u00e9 hlin\u00edkov\u00e9 vytla\u010dovac\u00ed trubky \u00fadr\u017ebu? <\/b><\/p>\n<p> \u00dadr\u017eba je minim\u00e1ln\u00ed - sta\u010d\u00ed pravideln\u00e9 \u010di\u0161t\u011bn\u00ed neabrazivn\u00edmi materi\u00e1ly, aby se zachoval eloxovan\u00fd vzhled.<br \/>\n<\/p><br \/><\/p>","protected":false},"featured_media":6019,"template":"","categories":[57],"class_list":["post-6020","product","type-product","status-publish","has-post-thumbnail","hentry","category-anodized-aluminum-profile"],"meta_box":{"hilight_text_group":{"product_hilight_text":"<li>Direct from manufacturer for competitive pricing and stable supply<\/li>\r\r\n<li>Made from 6063 alloy for excellent formability, corrosion resistance, and surface finish<\/li>\r\r\n<li>Anodized coating enhances durability and aesthetic appeal<\/li>\r\r\n<li>Lightweight with good strength, ideal for structural, architectural, and transportation uses<\/li>\r\r\n<li>Custom lengths, wall thicknesses, and finishes available to meet project needs<\/li>","product_chanpin_chanpin":"<li><a href=\"https:\/\/sinoextrud.com\/product\/customize-6063-z-section-aluminium-extrusion\/\" target=\"_blank\">Customize 6063 Z Section Aluminium Extrusion<\/a><\/li>\r\n<li><a href=\"https:\/\/sinoextrud.com\/product\/anodized-aluminium-profiles\/\" target=\"_blank\">Anodized Aluminium Profiles<\/a><\/li>\r\n<li><a href=\"https:\/\/sinoextrud.com\/product\/aluminum-angle-channel-bright-polished-mirror\/\" target=\"_blank\">Aluminum Angle Channel Bright Polished Mirror<\/a><\/li>\r\n<li><a href=\"https:\/\/sinoextrud.com\/product\/aluminum-anodized-surface-profile\/\" target=\"_blank\">Aluminum Anodized Surface Profile<\/a><\/li>\r\n<li><a href=\"https:\/\/sinoextrud.com\/product\/anodized-aluminum-manufacturer-supply-anodized-aluminium-extrusion-tube-6063\/\" target=\"_blank\">anodized aluminum Manufacturer Supply anodized Aluminium Extrusion Tube 6063<\/a><\/li>\r\n<li><a href=\"https:\/\/sinoextrud.com\/product\/powder-coating-decorative-aluminum-railing\/\" target=\"_blank\">Powder Coating Decorative Aluminum Railing<\/a><\/li>\r\n<li><a href=\"https:\/\/sinoextrud.com\/product\/wood-grain-customize-aluminium-extrusion-rail\/\" target=\"_blank\">Wood Grain Customize Aluminium Extrusion Rail<\/a><\/li>\r\n<li><a href=\"https:\/\/sinoextrud.com\/product\/sandblasted-mechanical-streak-removed-aluminium-profiles\/\" target=\"_blank\">Sandblasted Mechanical streak removed aluminium profiles<\/a><\/li>\r\n<li><a href=\"https:\/\/sinoextrud.com\/product\/anodized-extruded-aluminium-glazing-profiles\/\" target=\"_blank\">Anodized Extruded Aluminium Glazing Profiles<\/a><\/li>\r\n<li><a href=\"https:\/\/sinoextrud.com\/product\/aluminum-picture-photo-artware-frame-mirror-polished-gold\/\" target=\"_blank\">Aluminum Picture Photo Artware Frame Mirror Polished Gold<\/a><\/li>\r\n<li><a href=\"https:\/\/sinoextrud.com\/product\/aluminum-extrusion-advertising-signs-aluminum-frame-profile\/\" target=\"_blank\">Aluminum Extrusion Advertising Signs Aluminum Frame Profile<\/a><\/li>"},"feature_list":[]},"_links":{"self":[{"href":"https:\/\/sinoextrud.com\/cs\/wp-json\/wp\/v2\/product\/6020","targetHints":{"allow":["GET"]}}],"collection":[{"href":"https:\/\/sinoextrud.com\/cs\/wp-json\/wp\/v2\/product"}],"about":[{"href":"https:\/\/sinoextrud.com\/cs\/wp-json\/wp\/v2\/types\/product"}],"wp:featuredmedia":[{"embeddable":true,"href":"https:\/\/sinoextrud.com\/cs\/wp-json\/wp\/v2\/media\/6019"}],"wp:attachment":[{"href":"https:\/\/sinoextrud.com\/cs\/wp-json\/wp\/v2\/media?parent=6020"}],"wp:term":[{"taxonomy":"category","embeddable":true,"href":"https:\/\/sinoextrud.com\/cs\/wp-json\/wp\/v2\/categories?post=6020"}],"curies":[{"name":"wp","href":"https:\/\/api.w.org\/{rel}","templated":true}]}}