{"id":6015,"date":"2025-05-24T01:39:59","date_gmt":"2025-05-24T01:39:59","guid":{"rendered":"https:\/\/sinoextrud.com\/?post_type=product&#038;p=6015"},"modified":"2025-06-24T03:53:16","modified_gmt":"2025-06-24T03:53:16","slug":"hlinikovy-uhlovy-kanal-leskle-lestene-zrcadlo","status":"publish","type":"product","link":"https:\/\/sinoextrud.com\/cs\/product\/aluminum-angle-channel-bright-polished-mirror\/","title":{"rendered":"Hlin\u00edkov\u00fd \u00faheln\u00edk Jasn\u011b le\u0161t\u011bn\u00e9 zrcadlo"},"content":{"rendered":"<h2>Podrobnosti o produktech<\/h2>\n<table class=\"custom-table\">\n<tr>\n<td class=\"label\">Povrchov\u00e1 \u00faprava<\/td>\n<td>eloxov\u00e1n\u00ed, le\u0161t\u011bn\u00ed, podle pot\u0159eby pr\u00e1\u0161kov\u00e9 lakov\u00e1n\u00ed<\/td>\n<\/tr>\n<tr>\n<td class=\"label\">Materi\u00e1l a teplota<\/td>\n<td>Slitina 6063-T5,6061-T6<\/td>\n<\/tr>\n<tr>\n<td class=\"label\">D\u00e9lka<\/td>\n<td>P\u0159izp\u016fsoben\u00e9<\/td>\n<\/tr>\n<tr>\n<td class=\"label\">Barva<\/td>\n<td>Sliver, bronz, \u0161ampa\u0148sk\u00e9 nebo podle p\u0159\u00e1n\u00ed z\u00e1kazn\u00edka<\/td>\n<\/tr>\n<tr>\n<td class=\"label\">Tlou\u0161\u0165ka<\/td>\n<td>P\u0159izp\u016fsoben\u00e9<\/td>\n<\/tr>\n<tr>\n<td class=\"label\">T\u0159\u00edda<\/td>\n<td>\u0158ada 6000<\/td>\n<\/tr>\n<tr>\n<td class=\"label\">Aplikace<\/td>\n<td>Architektonick\u00fd hlin\u00edk, obecn\u00fd pr\u016fmyslov\u00fd hlin\u00edk, stavebn\u00ed hlin\u00edk<\/td>\n<\/tr>\n<tr>\n<td class=\"label\">Typ<\/td>\n<td>6063<\/td>\n<\/tr>\n<tr>\n<td class=\"label\">Povrchov\u00e1 \u00faprava<\/td>\n<td>Eloxovan\u00fd hlin\u00edk<\/td>\n<\/tr>\n<tr>\n<td class=\"label\">Slitina nebo ne<\/td>\n<td>Je slitina<\/td>\n<\/tr>\n<tr>\n<td class=\"label\">Temperament<\/td>\n<td>T3-T8<\/td>\n<\/tr>\n<tr>\n<td class=\"label\">Tvar<\/td>\n<td>Dal\u0161\u00ed<\/td>\n<\/tr>\n<\/table>\n<h2>Na\u0161e v\u00fdrobn\u00ed z\u00e1kladna<\/h2>\n<h3>Panorama tov\u00e1rny<\/h3>\n<p><img decoding=\"async\" src=\"\/wp-content\/uploads\/factory-01.webp\"\/><\/p>\n<h3>D\u00edlna na v\u00fdrobu hlin\u00edkov\u00fdch ty\u010d\u00ed<\/h3>\n<p><img decoding=\"async\" src=\"\/wp-content\/uploads\/factory-02.webp\"\/><\/p>\n<\/p>\n<p><img decoding=\"async\" src=\"\/wp-content\/uploads\/factory-03.webp\"\/><\/p>\n<h3>Sklad pl\u00edsn\u00ed<\/h3>\n<p><img decoding=\"async\" src=\"\/wp-content\/uploads\/factory-04.webp\"\/><\/p>\n<h3>43 linek na vytla\u010dov\u00e1n\u00ed hlin\u00edku (500 - 5500 tun)<\/h3>\n<p><img decoding=\"async\" src=\"\/wp-content\/uploads\/factory-05.webp\"\/><\/p>\n<p><img decoding=\"async\" src=\"\/wp-content\/uploads\/factory-06.webp\"\/><\/p>\n<p><img decoding=\"async\" src=\"\/wp-content\/uploads\/factory-07.webp\"\/><\/p>\n<h3>D\u00edlna pr\u00e1\u0161kov\u00e9ho lakov\u00e1n\u00ed<\/h3>\n<p><img decoding=\"async\" src=\"\/wp-content\/uploads\/factory-09.webp\"\/><\/p>\n<h3>D\u00edlna eloxov\u00e1n\u00ed<\/h3>\n<p><img decoding=\"async\" src=\"\/wp-content\/uploads\/factory-10.webp\"\/><\/p>\n<h3>Workshop o hloubkov\u00e9m zpracov\u00e1n\u00ed<\/h3>\n<p><img decoding=\"async\" src=\"\/wp-content\/uploads\/factory-11.webp\"\/><\/p>\n<h3>D\u00edlna CNC p\u0159esn\u00e9ho obr\u00e1b\u011bn\u00ed<\/h3>\n<p><img decoding=\"async\" src=\"\/wp-content\/uploads\/factory-11.5.webp\"\/><\/p>\n<h3>Sklad hotov\u00fdch v\u00fdrobk\u016f a exportn\u00ed sklad<\/h3>\n<p><img decoding=\"async\" src=\"\/wp-content\/uploads\/factory-12.webp\"\/><\/p>\n<p><img decoding=\"async\" src=\"\/wp-content\/uploads\/factory-13.webp\"\/><\/p>\n<p><img decoding=\"async\" src=\"\/wp-content\/uploads\/factory-14.webp\"\/><\/p>\n<h2>\u010cASTO KLADEN\u00c9 DOTAZY<\/h2>\n<p><b>1.Co je hlin\u00edkov\u00fd \u00faheln\u00edk Channel Bright Polished Mirror? <\/b><\/p>\n<p> Hlin\u00edkov\u00fd \u00faheln\u00edk Bright Polished Mirror je hlin\u00edkov\u00fd profil ve tvaru p\u00edsmene L s vysoce reflexn\u00edm, zrcadlov\u011b le\u0161t\u011bn\u00fdm povrchem, kter\u00fd se pou\u017e\u00edv\u00e1 pro dekorativn\u00ed a konstruk\u010dn\u00ed aplikace.\n<\/p>\n<p><\/p>\n<p><b>2.Jak\u00e9 jsou v\u00fdhody \u00fahlov\u00fdch kan\u00e1l\u016f z le\u0161t\u011bn\u00e9ho hlin\u00edku? <\/b><\/p>\n<p> Tyto profily se vyzna\u010duj\u00ed elegantn\u00edm vzhledem, odolnost\u00ed proti korozi, n\u00edzkou hmotnost\u00ed a jsou ide\u00e1ln\u00ed pro interi\u00e9rov\u00fd i exteri\u00e9rov\u00fd design.\n<\/p>\n<p><\/p>\n<p><b>3.Pro\u010d zvolit zrcadlovou povrchovou \u00fapravu hlin\u00edkov\u00fdch \u00fahlov\u00fdch kan\u00e1l\u016f? <\/b><\/p>\n<p> Zrcadlov\u00fd povrch zvy\u0161uje vizu\u00e1ln\u00ed p\u0159ita\u017elivost, odr\u00e1\u017e\u00ed sv\u011btlo a rozjas\u0148uje prostory a dod\u00e1v\u00e1 prvot\u0159\u00eddn\u00ed, modern\u00ed vzhled architektonick\u00fdm a v\u00fdstavn\u00edm projekt\u016fm.\n<\/p>\n<p><\/p>\n<p><b>4.Jak\u00e1 pr\u016fmyslov\u00e1 odv\u011btv\u00ed pou\u017e\u00edvaj\u00ed hlin\u00edkov\u00e9 \u00fahlov\u00e9 kan\u00e1ly s jasn\u011b le\u0161t\u011bn\u00fdmi zrcadlov\u00fdmi profily? <\/b><\/p>\n<p> Mezi b\u011b\u017en\u00e1 odv\u011btv\u00ed pat\u0159\u00ed interi\u00e9rov\u00fd design, n\u00e1bytek, maloobchodn\u00ed displeje, zna\u010den\u00ed a architektonick\u00e9 detaily.\n<\/p>\n<p><\/p>\n<p><b>5.Is Bright Polished Mirror Aluminium odoln\u00fd proti korozi? <\/b><\/p>\n<p> Ano, le\u0161t\u011bn\u00fd hlin\u00edkov\u00fd povrch je p\u0159irozen\u011b odoln\u00fd proti korozi a m\u016f\u017ee b\u00fdt d\u00e1le chr\u00e1n\u011bn eloxov\u00e1n\u00edm nebo bezbarv\u00fdm lakem.\n<\/p>\n<p><\/p>\n<p><b>6.Can hlin\u00edkov\u00fd \u00fahel kan\u00e1l le\u0161t\u011bn\u00e9 zrcadlo b\u00fdt p\u0159izp\u016fsoben? <\/b><\/p>\n<p> Tyto profily lze samoz\u0159ejm\u011b \u0159ezat na m\u00edru a vyr\u00e1b\u011bt v r\u016fzn\u00fdch rozm\u011brech podle konkr\u00e9tn\u00edch po\u017eadavk\u016f projektu.\n<\/p>\n<p><\/p>\n<p><b>7.Jsou zrcadlov\u011b le\u0161t\u011bn\u00e9 hlin\u00edkov\u00e9 kan\u00e1ly vhodn\u00e9 pro venkovn\u00ed pou\u017eit\u00ed? <\/b><\/p>\n<p> Ano, p\u0159i spr\u00e1vn\u00e9m n\u00e1t\u011bru jsou dostate\u010dn\u011b odoln\u00e9 pro venkovn\u00ed pou\u017eit\u00ed a zachov\u00e1vaj\u00ed si reflexn\u00ed povrch i v n\u00e1ro\u010dn\u00fdch podm\u00ednk\u00e1ch.\n<\/p>\n<p><\/p>\n<p><b>8.Jak snadn\u00e1 je instalace hlin\u00edkov\u00fdch \u00fahlov\u00fdch kan\u00e1lov\u00fdch profil\u016f Bright Polished Mirror? <\/b><\/p>\n<p> Tyto lehk\u00e9 profily se snadno \u0159e\u017eou, vrtaj\u00ed a montuj\u00ed, tak\u017ee instalace je rychl\u00e1 a efektivn\u00ed.\n<\/p>\n<p><\/p>\n<p><b>9.Vy\u017eaduj\u00ed zrcadlov\u011b le\u0161t\u011bn\u00e9 hlin\u00edkov\u00e9 kan\u00e1ly \u00fadr\u017ebu? <\/b><\/p>\n<p> \u00dadr\u017eba je minim\u00e1ln\u00ed; sta\u010d\u00ed pravideln\u00e9 \u010di\u0161t\u011bn\u00ed neabrazivn\u00edm had\u0159\u00edkem, aby se zachoval jejich lesk a zabr\u00e1nilo se jejich matn\u011bn\u00ed.\n<\/p>\n<p><\/p>\n<p><b>10.Jsou hlin\u00edkov\u00e9 profily Angle Channel Bright Polished Mirror \u0161etrn\u00e9 k \u017eivotn\u00edmu prost\u0159ed\u00ed? <\/b><\/p>\n<p> Ano, hlin\u00edk je pln\u011b recyklovateln\u00fd a proces le\u0161t\u011bn\u00ed mu dod\u00e1v\u00e1 odolnost, ani\u017e by byla ohro\u017eena udr\u017eitelnost.\n<\/p>\n<p><\/p>","protected":false},"featured_media":6014,"template":"","categories":[57],"class_list":["post-6015","product","type-product","status-publish","has-post-thumbnail","hentry","category-anodized-aluminum-profile"],"meta_box":{"hilight_text_group":{"product_hilight_text":"<li>Bright polished mirror finish offers a high-end, reflective appearance<\/li>\r\r\n<li>Ideal for decorative, architectural, and interior design applications<\/li>\r\r\n<li>Corrosion-resistant aluminum suitable for both indoor and outdoor use<\/li>\r\r\n<li>Lightweight yet strong for easy handling and structural support<\/li>\r\r\n<li>Available in angle and channel shapes for versatile installation options<\/li>","product_chanpin_chanpin":"<li><a href=\"https:\/\/sinoextrud.com\/product\/anodized-extruded-aluminum\/\" target=\"_blank\">Anodized Extruded Aluminum<\/a><\/li>\r\n<li><a href=\"https:\/\/sinoextrud.com\/product\/factory-offer-aluminum-handrail-extrusions\/\" target=\"_blank\">Factory Offer Aluminum Handrail Extrusions<\/a><\/li>\r\n<li><a href=\"https:\/\/sinoextrud.com\/product\/customize-6063-z-section-aluminium-extrusion\/\" target=\"_blank\">Customize 6063 Z Section Aluminium Extrusion<\/a><\/li>\r\n<li><a href=\"https:\/\/sinoextrud.com\/product\/anodized-aluminium-profiles\/\" target=\"_blank\">Anodized Aluminium Profiles<\/a><\/li>\r\n<li><a href=\"https:\/\/sinoextrud.com\/product\/aluminum-angle-channel-bright-polished-mirror\/\" target=\"_blank\">Aluminum Angle Channel Bright Polished Mirror<\/a><\/li>\r\n<li><a href=\"https:\/\/sinoextrud.com\/product\/aluminum-anodized-surface-profile\/\" target=\"_blank\">Aluminum Anodized Surface Profile<\/a><\/li>\r\n<li><a href=\"https:\/\/sinoextrud.com\/product\/anodized-aluminum-manufacturer-supply-anodized-aluminium-extrusion-tube-6063\/\" target=\"_blank\">anodized aluminum Manufacturer Supply anodized Aluminium Extrusion Tube 6063<\/a><\/li>\r\n<li><a href=\"https:\/\/sinoextrud.com\/product\/powder-coating-decorative-aluminum-railing\/\" target=\"_blank\">Powder Coating Decorative Aluminum Railing<\/a><\/li>\r\n<li><a href=\"https:\/\/sinoextrud.com\/product\/wood-grain-customize-aluminium-extrusion-rail\/\" target=\"_blank\">Wood Grain Customize Aluminium Extrusion Rail<\/a><\/li>\r\n<li><a href=\"https:\/\/sinoextrud.com\/product\/aluminium-solar-profile\/\" target=\"_blank\">Aluminium Solar Profile<\/a><\/li>\r\n<li><a href=\"https:\/\/sinoextrud.com\/product\/t-shaped-aluminum-extrusion\/\" target=\"_blank\">T Shaped Aluminum Extrusion<\/a><\/li>"},"feature_list":[]},"_links":{"self":[{"href":"https:\/\/sinoextrud.com\/cs\/wp-json\/wp\/v2\/product\/6015","targetHints":{"allow":["GET"]}}],"collection":[{"href":"https:\/\/sinoextrud.com\/cs\/wp-json\/wp\/v2\/product"}],"about":[{"href":"https:\/\/sinoextrud.com\/cs\/wp-json\/wp\/v2\/types\/product"}],"wp:featuredmedia":[{"embeddable":true,"href":"https:\/\/sinoextrud.com\/cs\/wp-json\/wp\/v2\/media\/6014"}],"wp:attachment":[{"href":"https:\/\/sinoextrud.com\/cs\/wp-json\/wp\/v2\/media?parent=6015"}],"wp:term":[{"taxonomy":"category","embeddable":true,"href":"https:\/\/sinoextrud.com\/cs\/wp-json\/wp\/v2\/categories?post=6015"}],"curies":[{"name":"wp","href":"https:\/\/api.w.org\/{rel}","templated":true}]}}